{"id":5155,"date":"2022-07-19T16:46:39","date_gmt":"2022-07-19T14:46:39","guid":{"rendered":"https:\/\/weather-radar-live.com\/?page_id=5155"},"modified":"2022-07-19T16:49:10","modified_gmt":"2022-07-19T14:49:10","slug":"webcam-le-lavandou","status":"publish","type":"page","link":"https:\/\/weather-radar-live.com\/fi\/webkamera\/ranska\/webcam-le-lavandou\/","title":{"rendered":"Webcam Le Lavandou"},"content":{"rendered":"<div id=\"weath-1896602658\" class=\"weath-vor-dem-inhalt weath-entity-placement\" style=\"margin-top: 15px;margin-right: 25px;margin-bottom: 40px;margin-left: 25px;\"><script async src=\"\/\/pagead2.googlesyndication.com\/pagead\/js\/adsbygoogle.js?client=ca-pub-8960936133935804\" crossorigin=\"anonymous\"><\/script><ins class=\"adsbygoogle\" style=\"display:block;\" data-ad-client=\"ca-pub-8960936133935804\" \ndata-ad-slot=\"6172817020\" \ndata-ad-format=\"auto\"><\/ins>\n<script> \n(adsbygoogle = window.adsbygoogle || []).push({}); \n<\/script>\n<\/div>\n<div class=\"wp-block-cover alignfull is-light\"><span aria-hidden=\"true\" class=\"wp-block-cover__gradient-background has-background-dim\"><\/span><img decoding=\"async\" class=\"wp-block-cover__image-background wp-image-342\" alt=\"Webcam Le Lavandou\" src=\"https:\/\/weather-radar-live.com\/wp-content\/uploads\/2021\/06\/sam-schooler-E9aetBe2w40-unsplash-e1622554814366.jpg\" data-object-fit=\"cover\"\/><div class=\"wp-block-cover__inner-container is-layout-flow wp-block-cover-is-layout-flow\">\n<h2 class=\"has-text-align-center heading wp-block-heading\" id=\"webcam-fort-mahon\" style=\"font-size:40px\"><strong><mark style=\"background-color:rgba(0, 0, 0, 0)\" class=\"has-inline-color has-base-3-color\">WEBCAM <\/mark><br><mark style=\"background-color:rgba(0, 0, 0, 0)\" class=\"has-inline-color has-base-3-color\">LE LAVANDOU<\/mark><\/strong><\/h2>\n<\/div><\/div>\n\n\n<div class=\"yoast-breadcrumbs\"><span><span><a href=\"https:\/\/weather-radar-live.com\/fi\/\">Weather Radar Live<\/a><\/span> \u00bb <span><a href=\"https:\/\/weather-radar-live.com\/fi\/webkamera\/\">Webkamera<\/a><\/span> \u00bb <span><a href=\"https:\/\/weather-radar-live.com\/fi\/webkamera\/ranska\/\">Ranska<\/a><\/span> \u00bb <span class=\"breadcrumb_last\" aria-current=\"page\"><strong>Webcam Le Lavandou<\/strong><\/span><\/span><\/div>\n\n\n<h2 class=\"has-text-align-center wp-block-heading\" id=\"webcam-fort-mahon\"><strong>Webcam <strong>Le Lavandou<\/strong><\/strong><\/h2>\n\n\n\n<p>Le Lavandou, a commune in the Var department, is a pretty small town in southeastern France. A few kilometers east of Bormes-Les-Mimosas is this small town in the Provence-Alpes-C\u00f4te d&#8217;Azur r\u00e9gion. La Lavandou takes its name from the lavender plant that grows in the Provencal countryside. It&#8217;s a beautiful place filled with plants and flowers, located on a hill above the main town. You can also visit the Presqu&#8217;ile de Giens and the very charming \u00celes d&#8217;Hy\u00e8res to the west of Hy\u00e8res, one of our favorite towns along the southern coast of Provence.&nbsp;<\/p>\n\n\n\n<p>If you are looking for hot-weather activities at Le Lavandou, you can enjoy many activities from late June to late August. Curious to know the weather and climate of Le Lavandou? Here you will find information about Le Lavandou&#8217;s weather and climate. Have a look below:<\/p><div id=\"weath-227490542\" class=\"weath-inhalt_2 weath-entity-placement\" style=\"margin-top: 15px;margin-right: 25px;margin-bottom: 35px;margin-left: 25px;\"><script async src=\"\/\/pagead2.googlesyndication.com\/pagead\/js\/adsbygoogle.js?client=ca-pub-8960936133935804\" crossorigin=\"anonymous\"><\/script><ins class=\"adsbygoogle\" style=\"display:block;\" data-ad-client=\"ca-pub-8960936133935804\" \ndata-ad-slot=\"1963584050\" \ndata-ad-format=\"auto\"><\/ins>\n<script> \n(adsbygoogle = window.adsbygoogle || []).push({}); \n<\/script>\n<\/div>\n\n\n\n<h3 class=\"has-text-align-center wp-block-heading\">\ud83d\udd34 <strong>Webcam <strong><strong>Le Lavandou<\/strong><\/strong><\/strong> La Fosette<\/h3>\n\n\n\n<figure class=\"wp-block-embed is-type-video is-provider-youtube wp-block-embed-youtube wp-embed-aspect-16-9 wp-has-aspect-ratio\"><div class=\"wp-block-embed__wrapper\">\n<iframe loading=\"lazy\" title=\"Webcam Le Lavandou - La Fossette\" width=\"1200\" height=\"675\" src=\"https:\/\/www.youtube.com\/embed\/pB9oozpY3Cw?feature=oembed\" frameborder=\"0\" allow=\"accelerometer; autoplay; clipboard-write; encrypted-media; gyroscope; picture-in-picture\" allowfullscreen><\/iframe>\n<\/div><\/figure>\n\n\n\n<div style=\"height:25px\" aria-hidden=\"true\" class=\"wp-block-spacer\"><\/div>\n\n\n\n<h2 class=\"wp-block-heading\" id=\"fort-mahon-today\"><strong><strong>Weather radar <strong><strong>Le Lavandou<\/strong><\/strong> \u2013 The weather <strong><strong>Le Lavandou<\/strong><\/strong><\/strong><\/strong><\/h2>\n\n\n\n<p>&nbsp;Weather Radar Live has webcams to offer you detailed information related to <a href=\"https:\/\/weather-radar-live.com\/fi\/pilvet\/\">cloud cover<\/a>, precipitation, <a href=\"https:\/\/weather-radar-live.com\/fi\/tornado-radar\/\">tornadoes<\/a>, and <a href=\"https:\/\/weather-radar-live.com\/fi\/ukkostutka\/\">thunderstorms<\/a>. It collects signals and detects precipitation and other factors and then displays them on maps and graphs. So, if you want to get <a href=\"https:\/\/weather-radar-live.com\/fi\/\">weather<\/a> updates in real-time or want to know whether the weather condition is suitable to plan a trip or not, webcam Le Lavandou has got you covered.<\/p>\n\n\n\n<div class=\"wp-block-columns is-layout-flex wp-container-core-columns-is-layout-9d6595d7 wp-block-columns-is-layout-flex\">\n<div class=\"wp-block-column is-layout-flow wp-block-column-is-layout-flow\" style=\"flex-basis:75%\">\n<iframe loading=\"lazy\" width=\"1300\" height=\"502\" src=\"https:\/\/embed.windy.com\/embed2.html?lat=43.122&amp;lon=6.460&amp;detailLat=43.124&amp;detailLon=6.370&amp;width=1300&amp;height=502&amp;zoom=11&amp;level=surface&amp;overlay=wind&amp;product=ecmwf&amp;menu=&amp;message=&amp;marker=&amp;calendar=now&amp;pressure=&amp;type=map&amp;location=coordinates&amp;detail=&amp;metricWind=default&amp;metricTemp=default&amp;radarRange=-1\" frameborder=\"0\"><\/iframe>\n<\/div>\n\n\n\n<div class=\"wp-block-column is-layout-flow wp-block-column-is-layout-flow\" style=\"flex-basis:25%\">\n<a class=\"weatherwidget-io\" href=\"https:\/\/forecast7.com\/en\/43d146d37\/le-lavandou\/\" data-label_1=\"LE LAVANDOU\" data-theme=\"original\" >LE LAVANDOU<\/a>\n<script>\n!function(d,s,id){var js,fjs=d.getElementsByTagName(s)[0];if(!d.getElementById(id)){js=d.createElement(s);js.id=id;js.src='https:\/\/weatherwidget.io\/js\/widget.min.js';fjs.parentNode.insertBefore(js,fjs);}}(document,'script','weatherwidget-io-js');\n<\/script>\n<\/div>\n<\/div>\n\n\n\n<h2 class=\"wp-block-heading\"><strong>The Climate of Le Lavandou&nbsp;<\/strong><\/h2>\n\n\n\n<p>Le Lavandou is located in the northern hemisphere. Le Lavandou enjoys a warm and temperate climate. In Le Lavandou, winters are much rainier than summers.<\/p>\n\n\n\n<p><strong>Temperature&nbsp;<\/strong><\/p>\n\n\n\n<p>In July, the average temperature is 24.39 \u00b0C or 75.8 \u00b0F. Winter temperatures average 7.0 \u00b0C (44.5 \u00b0F) in January. So, the average temperature of Le Lavandou is 15.0 \u00b0C or 59.0 \u00b0F.&nbsp;<\/p>\n\n\n\n<p><strong>Precipitation&nbsp;<\/strong><\/p>\n\n\n\n<p>Annual precipitation is about 28.3 inches or 718 mm.&nbsp;<\/p>\n\n\n\n<p><strong>Humidity&nbsp;<\/strong><\/p>\n\n\n\n<p>November has the highest relative humidity 74.29%, while in July it is the lowest i.e. 52.09 %.<\/p>\n\n\n\n<p><strong>Sunshine&nbsp;<\/strong><\/p>\n\n\n\n<p>With an average daily sunlight hour of 13.03, July is the month with the most sunshine in Le Lavandou. Total sunshine hours in July are 404.03.&nbsp;<\/p>\n\n\n\n<p>January has the fewest hours of sunshine i.e. 192.7 hours.&nbsp;<\/p>\n\n\n\n<p><strong>UV index<\/strong><\/p>\n\n\n\n<p>The UV-index of Le Lavandou is 5.<\/p>\n\n\n\n<h2 class=\"wp-block-heading\"><strong>Le Lavandou Beach Resort&nbsp;<\/strong><\/h2>\n\n\n\n<p>This wide sandy beach is a well-known resort that has three busy yacht marinas. In the summer months, the town turns into quite a lively one with glitzy lights for those who want to enjoy the nightlife. Also available are boat trips that will take you to Fort de Bregan\u00e7on in Bormes (summer residence of the President of the Republic) or to Saint Tropez along the Var coastline. You can enjoy a vast beach with sand, a small cove that is intact in this wild beach. There is a very extensive port in Le Lavandou to the east of the beach. Here you will get the pleasure of riding in traditional fishing boats and other small boats. Throughout the old town and along the seafront are numerous restaurants and cafes.<\/p>\n","protected":false},"excerpt":{"rendered":"<p>Webcam Le Lavandou Le Lavandou, a commune in the Var department, is a pretty small town in southeastern France. A few kilometers east of Bormes-Les-Mimosas is this small town in the Provence-Alpes-C\u00f4te d&#8217;Azur r\u00e9gion. La Lavandou takes its name from the lavender plant that grows in the Provencal countryside. It&#8217;s a beautiful place filled with &#8230; <a title=\"Webcam Le Lavandou\" class=\"read-more\" href=\"https:\/\/weather-radar-live.com\/fi\/webkamera\/ranska\/webcam-le-lavandou\/\" aria-label=\"Lue lis\u00e4\u00e4 aiheesta Webcam Le Lavandou\">Lue lis\u00e4\u00e4<\/a><\/p>\n","protected":false},"author":1,"featured_media":3899,"parent":4177,"menu_order":0,"comment_status":"closed","ping_status":"closed","template":"","meta":{"footnotes":""},"class_list":["post-5155","page","type-page","status-publish","has-post-thumbnail"],"yoast_head":"<!-- This site is optimized with the Yoast SEO plugin v27.5 - https:\/\/yoast.com\/product\/yoast-seo-wordpress\/ -->\n<title>Webcam Le Lavandou \u2192 Katso suorana l\u00e4hetyksen\u00e4!<\/title>\n<meta name=\"description\" content=\"Webcam Le Lavandou | Livecam of Le Lavandou! \u2705 P\u00e4ivitetty sinulle reaaliajassa! \u2705 Ajantasainen s\u00e4\u00e4ennuste!\" \/>\n<meta name=\"robots\" content=\"index, follow, max-snippet:-1, max-image-preview:large, max-video-preview:-1\" \/>\n<link rel=\"canonical\" href=\"https:\/\/weather-radar-live.com\/fi\/webkamera\/ranska\/webcam-le-lavandou\/\" \/>\n<meta property=\"og:locale\" content=\"fi_FI\" \/>\n<meta property=\"og:type\" content=\"article\" \/>\n<meta property=\"og:title\" content=\"Webcam Le Lavandou \u2192 Katso suorana l\u00e4hetyksen\u00e4!\" \/>\n<meta property=\"og:description\" content=\"Webcam Le Lavandou | Livecam of Le Lavandou! \u2705 P\u00e4ivitetty sinulle reaaliajassa! \u2705 Ajantasainen s\u00e4\u00e4ennuste!\" \/>\n<meta property=\"og:url\" content=\"https:\/\/weather-radar-live.com\/fi\/webkamera\/ranska\/webcam-le-lavandou\/\" \/>\n<meta property=\"og:site_name\" content=\"weather-radar-live.com\" \/>\n<meta property=\"article:modified_time\" content=\"2022-07-19T14:49:10+00:00\" \/>\n<meta property=\"og:image\" content=\"https:\/\/weather-radar-live.com\/wp-content\/uploads\/2022\/04\/Webcam-Le-Lavandou--e1650541821630.jpg\" \/>\n\t<meta property=\"og:image:width\" content=\"1920\" \/>\n\t<meta property=\"og:image:height\" content=\"870\" \/>\n\t<meta property=\"og:image:type\" content=\"image\/jpeg\" \/>\n<meta name=\"twitter:card\" content=\"summary_large_image\" \/>\n<meta name=\"twitter:label1\" content=\"Arvioitu lukuaika\" \/>\n\t<meta name=\"twitter:data1\" content=\"3 minuuttia\" \/>\n<script type=\"application\/ld+json\" class=\"yoast-schema-graph\">{\"@context\":\"https:\\\/\\\/schema.org\",\"@graph\":[{\"@type\":\"WebPage\",\"@id\":\"https:\\\/\\\/weather-radar-live.com\\\/fi\\\/webkamera\\\/ranska\\\/webcam-le-lavandou\\\/\",\"url\":\"https:\\\/\\\/weather-radar-live.com\\\/fi\\\/webkamera\\\/ranska\\\/webcam-le-lavandou\\\/\",\"name\":\"Webcam Le Lavandou \u2192 Katso suorana l\u00e4hetyksen\u00e4!\",\"isPartOf\":{\"@id\":\"https:\\\/\\\/weather-radar-live.com\\\/#website\"},\"primaryImageOfPage\":{\"@id\":\"https:\\\/\\\/weather-radar-live.com\\\/fi\\\/webkamera\\\/ranska\\\/webcam-le-lavandou\\\/#primaryimage\"},\"image\":{\"@id\":\"https:\\\/\\\/weather-radar-live.com\\\/fi\\\/webkamera\\\/ranska\\\/webcam-le-lavandou\\\/#primaryimage\"},\"thumbnailUrl\":\"https:\\\/\\\/weather-radar-live.com\\\/wp-content\\\/uploads\\\/2022\\\/04\\\/Webcam-Le-Lavandou--e1650541821630.jpg\",\"datePublished\":\"2022-07-19T14:46:39+00:00\",\"dateModified\":\"2022-07-19T14:49:10+00:00\",\"description\":\"Webcam Le Lavandou | Livecam of Le Lavandou! \u2705 P\u00e4ivitetty sinulle reaaliajassa! \u2705 Ajantasainen s\u00e4\u00e4ennuste!\",\"breadcrumb\":{\"@id\":\"https:\\\/\\\/weather-radar-live.com\\\/fi\\\/webkamera\\\/ranska\\\/webcam-le-lavandou\\\/#breadcrumb\"},\"inLanguage\":\"fi\",\"potentialAction\":[{\"@type\":\"ReadAction\",\"target\":[\"https:\\\/\\\/weather-radar-live.com\\\/fi\\\/webkamera\\\/ranska\\\/webcam-le-lavandou\\\/\"]}]},{\"@type\":\"ImageObject\",\"inLanguage\":\"fi\",\"@id\":\"https:\\\/\\\/weather-radar-live.com\\\/fi\\\/webkamera\\\/ranska\\\/webcam-le-lavandou\\\/#primaryimage\",\"url\":\"https:\\\/\\\/weather-radar-live.com\\\/wp-content\\\/uploads\\\/2022\\\/04\\\/Webcam-Le-Lavandou--e1650541821630.jpg\",\"contentUrl\":\"https:\\\/\\\/weather-radar-live.com\\\/wp-content\\\/uploads\\\/2022\\\/04\\\/Webcam-Le-Lavandou--e1650541821630.jpg\",\"width\":1920,\"height\":870,\"caption\":\"Webcam Le Lavandou\"},{\"@type\":\"BreadcrumbList\",\"@id\":\"https:\\\/\\\/weather-radar-live.com\\\/fi\\\/webkamera\\\/ranska\\\/webcam-le-lavandou\\\/#breadcrumb\",\"itemListElement\":[{\"@type\":\"ListItem\",\"position\":1,\"name\":\"Weather Radar Live\",\"item\":\"https:\\\/\\\/weather-radar-live.com\\\/fi\\\/\"},{\"@type\":\"ListItem\",\"position\":2,\"name\":\"Webkamera\",\"item\":\"https:\\\/\\\/weather-radar-live.com\\\/fi\\\/webkamera\\\/\"},{\"@type\":\"ListItem\",\"position\":3,\"name\":\"Ranska\",\"item\":\"https:\\\/\\\/weather-radar-live.com\\\/fi\\\/webkamera\\\/ranska\\\/\"},{\"@type\":\"ListItem\",\"position\":4,\"name\":\"Webcam Le Lavandou\"}]},{\"@type\":\"WebSite\",\"@id\":\"https:\\\/\\\/weather-radar-live.com\\\/#website\",\"url\":\"https:\\\/\\\/weather-radar-live.com\\\/\",\"name\":\"weather-radar-live.com\",\"description\":\"Your weather and sky radar.\",\"publisher\":{\"@id\":\"https:\\\/\\\/weather-radar-live.com\\\/#organization\"},\"potentialAction\":[{\"@type\":\"SearchAction\",\"target\":{\"@type\":\"EntryPoint\",\"urlTemplate\":\"https:\\\/\\\/weather-radar-live.com\\\/?s={search_term_string}\"},\"query-input\":{\"@type\":\"PropertyValueSpecification\",\"valueRequired\":true,\"valueName\":\"search_term_string\"}}],\"inLanguage\":\"fi\"},{\"@type\":\"Organization\",\"@id\":\"https:\\\/\\\/weather-radar-live.com\\\/#organization\",\"name\":\"weather-radar-live.com\",\"url\":\"https:\\\/\\\/weather-radar-live.com\\\/\",\"logo\":{\"@type\":\"ImageObject\",\"inLanguage\":\"fi\",\"@id\":\"https:\\\/\\\/weather-radar-live.com\\\/#\\\/schema\\\/logo\\\/image\\\/\",\"url\":\"https:\\\/\\\/weather-radar-live.com\\\/wp-content\\\/uploads\\\/2022\\\/03\\\/cropped-WRL2503.png\",\"contentUrl\":\"https:\\\/\\\/weather-radar-live.com\\\/wp-content\\\/uploads\\\/2022\\\/03\\\/cropped-WRL2503.png\",\"width\":1920,\"height\":555,\"caption\":\"weather-radar-live.com\"},\"image\":{\"@id\":\"https:\\\/\\\/weather-radar-live.com\\\/#\\\/schema\\\/logo\\\/image\\\/\"}}]}<\/script>\n<!-- \/ Yoast SEO plugin. -->","yoast_head_json":{"title":"Webcam Le Lavandou \u2192 Katso suorana l\u00e4hetyksen\u00e4!","description":"Webcam Le Lavandou | Livecam of Le Lavandou! \u2705 P\u00e4ivitetty sinulle reaaliajassa! \u2705 Ajantasainen s\u00e4\u00e4ennuste!","robots":{"index":"index","follow":"follow","max-snippet":"max-snippet:-1","max-image-preview":"max-image-preview:large","max-video-preview":"max-video-preview:-1"},"canonical":"https:\/\/weather-radar-live.com\/fi\/webkamera\/ranska\/webcam-le-lavandou\/","og_locale":"fi_FI","og_type":"article","og_title":"Webcam Le Lavandou \u2192 Katso suorana l\u00e4hetyksen\u00e4!","og_description":"Webcam Le Lavandou | Livecam of Le Lavandou! \u2705 P\u00e4ivitetty sinulle reaaliajassa! \u2705 Ajantasainen s\u00e4\u00e4ennuste!","og_url":"https:\/\/weather-radar-live.com\/fi\/webkamera\/ranska\/webcam-le-lavandou\/","og_site_name":"weather-radar-live.com","article_modified_time":"2022-07-19T14:49:10+00:00","og_image":[{"width":1920,"height":870,"url":"https:\/\/weather-radar-live.com\/wp-content\/uploads\/2022\/04\/Webcam-Le-Lavandou--e1650541821630.jpg","type":"image\/jpeg"}],"twitter_card":"summary_large_image","twitter_misc":{"Arvioitu lukuaika":"3 minuuttia"},"schema":{"@context":"https:\/\/schema.org","@graph":[{"@type":"WebPage","@id":"https:\/\/weather-radar-live.com\/fi\/webkamera\/ranska\/webcam-le-lavandou\/","url":"https:\/\/weather-radar-live.com\/fi\/webkamera\/ranska\/webcam-le-lavandou\/","name":"Webcam Le Lavandou \u2192 Katso suorana l\u00e4hetyksen\u00e4!","isPartOf":{"@id":"https:\/\/weather-radar-live.com\/#website"},"primaryImageOfPage":{"@id":"https:\/\/weather-radar-live.com\/fi\/webkamera\/ranska\/webcam-le-lavandou\/#primaryimage"},"image":{"@id":"https:\/\/weather-radar-live.com\/fi\/webkamera\/ranska\/webcam-le-lavandou\/#primaryimage"},"thumbnailUrl":"https:\/\/weather-radar-live.com\/wp-content\/uploads\/2022\/04\/Webcam-Le-Lavandou--e1650541821630.jpg","datePublished":"2022-07-19T14:46:39+00:00","dateModified":"2022-07-19T14:49:10+00:00","description":"Webcam Le Lavandou | Livecam of Le Lavandou! \u2705 P\u00e4ivitetty sinulle reaaliajassa! \u2705 Ajantasainen s\u00e4\u00e4ennuste!","breadcrumb":{"@id":"https:\/\/weather-radar-live.com\/fi\/webkamera\/ranska\/webcam-le-lavandou\/#breadcrumb"},"inLanguage":"fi","potentialAction":[{"@type":"ReadAction","target":["https:\/\/weather-radar-live.com\/fi\/webkamera\/ranska\/webcam-le-lavandou\/"]}]},{"@type":"ImageObject","inLanguage":"fi","@id":"https:\/\/weather-radar-live.com\/fi\/webkamera\/ranska\/webcam-le-lavandou\/#primaryimage","url":"https:\/\/weather-radar-live.com\/wp-content\/uploads\/2022\/04\/Webcam-Le-Lavandou--e1650541821630.jpg","contentUrl":"https:\/\/weather-radar-live.com\/wp-content\/uploads\/2022\/04\/Webcam-Le-Lavandou--e1650541821630.jpg","width":1920,"height":870,"caption":"Webcam Le Lavandou"},{"@type":"BreadcrumbList","@id":"https:\/\/weather-radar-live.com\/fi\/webkamera\/ranska\/webcam-le-lavandou\/#breadcrumb","itemListElement":[{"@type":"ListItem","position":1,"name":"Weather Radar Live","item":"https:\/\/weather-radar-live.com\/fi\/"},{"@type":"ListItem","position":2,"name":"Webkamera","item":"https:\/\/weather-radar-live.com\/fi\/webkamera\/"},{"@type":"ListItem","position":3,"name":"Ranska","item":"https:\/\/weather-radar-live.com\/fi\/webkamera\/ranska\/"},{"@type":"ListItem","position":4,"name":"Webcam Le Lavandou"}]},{"@type":"WebSite","@id":"https:\/\/weather-radar-live.com\/#website","url":"https:\/\/weather-radar-live.com\/","name":"weather-radar-live.com","description":"Your weather and sky radar.","publisher":{"@id":"https:\/\/weather-radar-live.com\/#organization"},"potentialAction":[{"@type":"SearchAction","target":{"@type":"EntryPoint","urlTemplate":"https:\/\/weather-radar-live.com\/?s={search_term_string}"},"query-input":{"@type":"PropertyValueSpecification","valueRequired":true,"valueName":"search_term_string"}}],"inLanguage":"fi"},{"@type":"Organization","@id":"https:\/\/weather-radar-live.com\/#organization","name":"weather-radar-live.com","url":"https:\/\/weather-radar-live.com\/","logo":{"@type":"ImageObject","inLanguage":"fi","@id":"https:\/\/weather-radar-live.com\/#\/schema\/logo\/image\/","url":"https:\/\/weather-radar-live.com\/wp-content\/uploads\/2022\/03\/cropped-WRL2503.png","contentUrl":"https:\/\/weather-radar-live.com\/wp-content\/uploads\/2022\/03\/cropped-WRL2503.png","width":1920,"height":555,"caption":"weather-radar-live.com"},"image":{"@id":"https:\/\/weather-radar-live.com\/#\/schema\/logo\/image\/"}}]}},"_links":{"self":[{"href":"https:\/\/weather-radar-live.com\/fi\/wp-json\/wp\/v2\/pages\/5155","targetHints":{"allow":["GET"]}}],"collection":[{"href":"https:\/\/weather-radar-live.com\/fi\/wp-json\/wp\/v2\/pages"}],"about":[{"href":"https:\/\/weather-radar-live.com\/fi\/wp-json\/wp\/v2\/types\/page"}],"author":[{"embeddable":true,"href":"https:\/\/weather-radar-live.com\/fi\/wp-json\/wp\/v2\/users\/1"}],"replies":[{"embeddable":true,"href":"https:\/\/weather-radar-live.com\/fi\/wp-json\/wp\/v2\/comments?post=5155"}],"version-history":[{"count":2,"href":"https:\/\/weather-radar-live.com\/fi\/wp-json\/wp\/v2\/pages\/5155\/revisions"}],"predecessor-version":[{"id":5179,"href":"https:\/\/weather-radar-live.com\/fi\/wp-json\/wp\/v2\/pages\/5155\/revisions\/5179"}],"up":[{"embeddable":true,"href":"https:\/\/weather-radar-live.com\/fi\/wp-json\/wp\/v2\/pages\/4177"}],"wp:featuredmedia":[{"embeddable":true,"href":"https:\/\/weather-radar-live.com\/fi\/wp-json\/wp\/v2\/media\/3899"}],"wp:attachment":[{"href":"https:\/\/weather-radar-live.com\/fi\/wp-json\/wp\/v2\/media?parent=5155"}],"curies":[{"name":"wp","href":"https:\/\/api.w.org\/{rel}","templated":true}]}}