{"id":5122,"date":"2022-07-19T16:11:04","date_gmt":"2022-07-19T14:11:04","guid":{"rendered":"https:\/\/weather-radar-live.com\/?page_id=5122"},"modified":"2022-07-19T16:39:29","modified_gmt":"2022-07-19T14:39:29","slug":"webcam-salinas","status":"publish","type":"page","link":"https:\/\/weather-radar-live.com\/fi\/webkamera\/espanja\/webcam-salinas\/","title":{"rendered":"Webcam Salinas"},"content":{"rendered":"<div id=\"weath-4117798462\" class=\"weath-vor-dem-inhalt weath-entity-placement\" style=\"margin-top: 15px;margin-right: 25px;margin-bottom: 40px;margin-left: 25px;\"><script async src=\"\/\/pagead2.googlesyndication.com\/pagead\/js\/adsbygoogle.js?client=ca-pub-8960936133935804\" crossorigin=\"anonymous\"><\/script><ins class=\"adsbygoogle\" style=\"display:block;\" data-ad-client=\"ca-pub-8960936133935804\" \ndata-ad-slot=\"6172817020\" \ndata-ad-format=\"auto\"><\/ins>\n<script> \n(adsbygoogle = window.adsbygoogle || []).push({}); \n<\/script>\n<\/div>\n<div class=\"wp-block-cover alignfull is-light\"><span aria-hidden=\"true\" class=\"wp-block-cover__gradient-background has-background-dim\"><\/span><img decoding=\"async\" class=\"wp-block-cover__image-background wp-image-342\" alt=\"Webcam Salinas\" src=\"https:\/\/weather-radar-live.com\/wp-content\/uploads\/2021\/06\/sam-schooler-E9aetBe2w40-unsplash-e1622554814366.jpg\" data-object-fit=\"cover\"\/><div class=\"wp-block-cover__inner-container is-layout-flow wp-block-cover-is-layout-flow\">\n<h2 class=\"has-text-align-center heading wp-block-heading\" id=\"webcam-fort-mahon\" style=\"font-size:40px\"><strong><mark style=\"background-color:rgba(0, 0, 0, 0)\" class=\"has-inline-color has-base-3-color\">WEBCAM <\/mark><\/strong><br><strong><mark style=\"background-color:rgba(0, 0, 0, 0)\" class=\"has-inline-color has-base-3-color\">SALINAS<\/mark><\/strong><\/h2>\n<\/div><\/div>\n\n\n<div class=\"yoast-breadcrumbs\"><span><span><a href=\"https:\/\/weather-radar-live.com\/fi\/\">Weather Radar Live<\/a><\/span> \u00bb <span><a href=\"https:\/\/weather-radar-live.com\/fi\/webkamera\/\">Webkamera<\/a><\/span> \u00bb <span><a href=\"https:\/\/weather-radar-live.com\/fi\/webkamera\/espanja\/\">Espanja<\/a><\/span> \u00bb <span class=\"breadcrumb_last\" aria-current=\"page\"><strong>Webcam Salinas<\/strong><\/span><\/span><\/div>\n\n\n<h2 class=\"has-text-align-center wp-block-heading\" id=\"webcam-fort-mahon\"><strong>Webcam Salinas<\/strong><\/h2>\n\n\n\n<p>Playa de Salinas on yksi Pohjois-Espanjan Asturian kauneimmista ja suurimmista rannoista. Rannikkoalue on jaettu kolmeen ranta-alueeseen: Salinas, Espartal ja San Juan. Alueen hiekkapinta ulottuu yli 2 500 metrin p\u00e4\u00e4h\u00e4n. Suotuisa sijainti ja ymp\u00e4r\u00f6iv\u00e4 alue tarjoavat parhaat edellytykset surffaukseen, purjehdukseen ja muihin hauskoihin urheilulajeihin. Auringonottoa ja uintia varten on ylim\u00e4\u00e4r\u00e4inen uimapaikka, joka on suojassa koillistuulelta. Lis\u00e4ksi hiekkarannalla on kaikki hy\u00f6dykkeet, jotta asiakkaat voivat tuntea olonsa mukavaksi, kuten k\u00e4ym\u00e4l\u00e4t, suihkut ja aurinkotuolien vuokraus sek\u00e4 v\u00e4lipalakioskit ja paljon muuta. Salinas webbikameran avulla voit seurata tapahtumia, s\u00e4\u00e4t\u00e4 ja tunnelmaa rannalla mukavasti kotoa k\u00e4sin.<\/p>\n\n\n\n<p>Yksi alueen n\u00e4ht\u00e4vyyksist\u00e4 on vilkas rantapromenadi, joka p\u00e4\u00e4ttyy kallioiseen niemekkeeseen. Joka vuosi satoja turisteja ja paikallisia houkuttelevat l\u00e4hiymp\u00e4rist\u00f6ss\u00e4 j\u00e4rjestett\u00e4v\u00e4t tapahtumat, joita el\u00e4v\u00f6itt\u00e4v\u00e4t esitykset ja konsertit.<\/p><div id=\"weath-251953060\" class=\"weath-inhalt_2 weath-entity-placement\" style=\"margin-top: 15px;margin-right: 25px;margin-bottom: 35px;margin-left: 25px;\"><script async src=\"\/\/pagead2.googlesyndication.com\/pagead\/js\/adsbygoogle.js?client=ca-pub-8960936133935804\" crossorigin=\"anonymous\"><\/script><ins class=\"adsbygoogle\" style=\"display:block;\" data-ad-client=\"ca-pub-8960936133935804\" \ndata-ad-slot=\"1963584050\" \ndata-ad-format=\"auto\"><\/ins>\n<script> \n(adsbygoogle = window.adsbygoogle || []).push({}); \n<\/script>\n<\/div>\n\n\n\n<div class=\"wp-block-columns is-layout-flex wp-container-core-columns-is-layout-9d6595d7 wp-block-columns-is-layout-flex\">\n<div class=\"wp-block-column webcam-column is-layout-flow wp-block-column-is-layout-flow\">\n<h3 class=\"has-text-align-center live-emoji wp-block-heading\">\ud83d\udd34 <strong>Webcam Salinas<\/strong> Beach Salinas Beach <\/h3>\n\n\n\n<a name=\"windy-webcam-timelapse-player\" data-id=\"1622893121\" data-play=\"day\" href=\"https:\/\/windy.com\/webcams\/1622893121\" target=\"_blank\" rel=\"noopener\">Castrillon &#8217; L\u00e4nsi: Salinas Beach &#8211; Playa de Salinas Web<\/a><script async=\"\" type=\"text\/javascript\" src=\"https:\/\/webcams.windy.com\/webcams\/public\/embed\/script\/player.js\"><\/script>\n<\/div>\n<\/div>\n\n\n\n<div class=\"wp-block-columns is-layout-flex wp-container-core-columns-is-layout-9d6595d7 wp-block-columns-is-layout-flex\">\n<div class=\"wp-block-column webcam-column is-layout-flow wp-block-column-is-layout-flow\">\n<h3 class=\"has-text-align-center wp-block-heading\"><strong> \ud83d\udd34 Webcam Salinas<\/strong> Castrillon<strong> Salinas<\/strong> Castrillon<\/h3>\n\n\n\n<a name=\"windy-webcam-timelapse-player\" data-id=\"1625318103\" data-play=\"day\" href=\"https:\/\/windy.com\/webcams\/1625318103\" target=\"_blank\" rel=\"noopener\">Castrillon<\/a><script async=\"\" type=\"text\/javascript\" src=\"https:\/\/webcams.windy.com\/webcams\/public\/embed\/script\/player.js\"><\/script>\n<\/div>\n\n\n\n<div class=\"wp-block-column webcam-column is-layout-flow wp-block-column-is-layout-flow\">\n<h3 class=\"has-text-align-center live-emoji wp-block-heading\"><strong> \ud83d\udd34 Webcam Salinas<\/strong> East<\/h3>\n\n\n\n<figure class=\"wp-block-embed is-type-video is-provider-youtube wp-block-embed-youtube wp-embed-aspect-16-9 wp-has-aspect-ratio\"><div class=\"wp-block-embed__wrapper\">\n<iframe loading=\"lazy\" title=\"Webcam Nautico Salinas Este\" width=\"1200\" height=\"675\" src=\"https:\/\/www.youtube.com\/embed\/doNsXrJHErU?feature=oembed\" frameborder=\"0\" allow=\"accelerometer; autoplay; clipboard-write; encrypted-media; gyroscope; picture-in-picture\" allowfullscreen><\/iframe>\n<\/div><\/figure>\n<\/div>\n<\/div>\n\n\n\n<h2 class=\"wp-block-heading\" id=\"fort-mahon-today\"><strong>S\u00e4\u00e4 tutka Salinas &#8211; S\u00e4\u00e4 Salinasissa<\/strong><\/h2>\n\n\n\n<p>Webbikameramme Salinas ei ainoastaan tarjoa mielenkiintoista panoraamakuvaa s\u00e4\u00e4olosuhteista paikan p\u00e4\u00e4ll\u00e4, vaan voit my\u00f6s saada tarkan yleiskuvan ilmasto-olosuhteista integroidun s\u00e4\u00e4tutkan avulla. Lis\u00e4tiedot, kuten sadem\u00e4\u00e4r\u00e4, pilvitiheys ja paljon muuta, ilmoitetaan eri symboleilla ja v\u00e4reill\u00e4. T\u00e4ss\u00e4 vihre\u00e4t ja siniset merkitsev\u00e4t kevyit\u00e4 sadekuuroja, ja pieni salama osoittaa ukkosta.<\/p>\n\n\n\n<div class=\"wp-block-columns is-layout-flex wp-container-core-columns-is-layout-9d6595d7 wp-block-columns-is-layout-flex\">\n<div class=\"wp-block-column is-layout-flow wp-block-column-is-layout-flow\" style=\"flex-basis:75%\">\n<iframe loading=\"lazy\" width=\"1300\" height=\"503\" src=\"https:\/\/embed.windy.com\/embed2.html?lat=43.575&amp;lon=-6.018&amp;detailLat=43.577&amp;detailLon=-5.976&amp;width=1300&amp;height=503&amp;zoom=11&amp;level=surface&amp;overlay=rain&amp;product=ecmwf&amp;menu=&amp;message=&amp;marker=&amp;calendar=now&amp;pressure=&amp;type=map&amp;location=coordinates&amp;detail=&amp;metricWind=default&amp;metricTemp=default&amp;radarRange=-1\" frameborder=\"0\"><\/iframe>\n<\/div>\n\n\n\n<div class=\"wp-block-column is-layout-flow wp-block-column-is-layout-flow\" style=\"flex-basis:25%\">\n<a class=\"weatherwidget-io\" href=\"https:\/\/forecast7.com\/en\/42d580d22\/salinas\/\" data-label_1=\"SALINAS\" data-theme=\"original\">SALINAS<\/a>\n<script>\n!function(d,s,id){var js,fjs=d.getElementsByTagName(s)[0];if(!d.getElementById(id)){js=d.createElement(s);js.id=id;js.src='https:\/\/weatherwidget.io\/js\/widget.min.js';fjs.parentNode.insertBefore(js,fjs);}}(document,'script','weatherwidget-io-js');\n<\/script>\n<\/div>\n<\/div>\n\n\n\n<h2 class=\"wp-block-heading\" id=\"fort-mahon-weather\"><strong>Salinasin ilmasto<\/strong><\/h2>\n\n\n\n<p>Koska Espanjan pohjoisrannikko sijaitsee maantieteellisesti Atlantin valtameren rannalla, se on usein alankojen vaikutuksen alainen. Asturian alueen ilmasto on enimm\u00e4kseen hyvin tasapainoinen ymp\u00e4ri vuoden, mutta silti hieman kostea. Kes\u00e4 ja talvi ovat suhteellisen leutoja. L\u00e4mp\u00f6tila ylitt\u00e4\u00e4 30 celsiusastetta kuumina kes\u00e4kuukausina ja alle nollan celsiusasteen talvella esiintyy vain poikkeustapauksissa ja hyvin harvoin. Syksyll\u00e4 taivaalle muodostuu usein tiheit\u00e4 pilvirakenteita. Keskim\u00e4\u00e4r\u00e4inen sadem\u00e4\u00e4r\u00e4 on 1 200 mm. Parhaat kuukaudet nauttia rantael\u00e4m\u00e4st\u00e4 ovat hein\u00e4- ja elokuu. Vuoden keskil\u00e4mp\u00f6tila on noin 15 astetta.<\/p>\n\n\n\n<h2 class=\"wp-block-heading\"><strong>N\u00e4ht\u00e4vyydet Salinas<\/strong><\/h2>\n\n\n\n<p>Olipa kyse sitten meress\u00e4 uimisesta tai vuoristossa patikoimisesta, Playa de Salinasin kontrastinen ymp\u00e4rist\u00f6 tarjoaa paljon n\u00e4ht\u00e4vyyksi\u00e4 ja retkikohteita. Kulttuurin ja historian yst\u00e4ville Phillippe Cousteaun ankkurimuseo ja Museo de la Mina de Arnao pit\u00e4v\u00e4t ovensa auki p\u00e4ivitt\u00e4in. Parque de Ferrera houkuttelee pitk\u00e4lle k\u00e4velylle tai vain istumaan jollekin puiston penkeist\u00e4 ja rentoutumaan. Plaza de Espana El Parche ja Santo Tomas de Canterburyn kirkko ovat erityisen kauniita arkkitehtuuriltaan. Y\u00f6p\u00f6ksyilij\u00f6ill\u00e4 on mahdollisuus viett\u00e4\u00e4 viihdytt\u00e4vi\u00e4 tunteja gastronomisissa Cerveceria el Cabanon Enoteca- ja La Reserva -ravintoloissa. El Rastro de Salinas on tunnettu ja suosittu katutori. T\u00e4\u00e4lt\u00e4 l\u00f6yd\u00e4t v\u00e4rikk\u00e4it\u00e4 kojuja, joissa on kaikenlaisia pieni\u00e4 k\u00e4sit\u00f6it\u00e4.<\/p>\n","protected":false},"excerpt":{"rendered":"<p>Webcam Salinas Playa de Salinas on yksi Pohjois-Espanjan Asturian kauneimmista ja suurimmista rannoista. Rannikkoalue on jaettu kolmeen ranta-alueeseen: Salinas, Espartal ja San Juan. Alueen hiekkapinta ulottuu yli 2 500 metrin p\u00e4\u00e4h\u00e4n. Suotuisa sijainti ja ymp\u00e4r\u00f6iv\u00e4 alue tarjoavat parhaat edellytykset surffaukseen, purjehdukseen ja muihin hauskoihin urheilulajeihin. Auringonottoa ja uintia varten on ylim\u00e4\u00e4r\u00e4inen uimapaikka, joka on suojassa &#8230; <a title=\"Webcam Salinas\" class=\"read-more\" href=\"https:\/\/weather-radar-live.com\/fi\/webkamera\/espanja\/webcam-salinas\/\" aria-label=\"Lue lis\u00e4\u00e4 aiheesta Webcam Salinas\">Lue lis\u00e4\u00e4<\/a><\/p>\n","protected":false},"author":1,"featured_media":5019,"parent":4347,"menu_order":0,"comment_status":"closed","ping_status":"closed","template":"","meta":{"footnotes":""},"class_list":["post-5122","page","type-page","status-publish","has-post-thumbnail"],"yoast_head":"<!-- This site is optimized with the Yoast SEO plugin v27.5 - https:\/\/yoast.com\/product\/yoast-seo-wordpress\/ -->\n<title>Webcam Salinas \u2192 Katso suorana l\u00e4hetyksen\u00e4!<\/title>\n<meta name=\"description\" content=\"Webcam Salinas | Livecam of Salinas! \u2705 P\u00e4ivitetty sinulle reaaliajassa! \u2705 Ajantasainen s\u00e4\u00e4ennuste!\" \/>\n<meta name=\"robots\" content=\"index, follow, max-snippet:-1, max-image-preview:large, max-video-preview:-1\" \/>\n<link rel=\"canonical\" href=\"https:\/\/weather-radar-live.com\/fi\/webkamera\/espanja\/webcam-salinas\/\" \/>\n<meta property=\"og:locale\" content=\"fi_FI\" \/>\n<meta property=\"og:type\" content=\"article\" \/>\n<meta property=\"og:title\" content=\"Webcam Salinas \u2192 Katso suorana l\u00e4hetyksen\u00e4!\" \/>\n<meta property=\"og:description\" content=\"Webcam Salinas | Livecam of Salinas! \u2705 P\u00e4ivitetty sinulle reaaliajassa! \u2705 Ajantasainen s\u00e4\u00e4ennuste!\" \/>\n<meta property=\"og:url\" content=\"https:\/\/weather-radar-live.com\/fi\/webkamera\/espanja\/webcam-salinas\/\" \/>\n<meta property=\"og:site_name\" content=\"weather-radar-live.com\" \/>\n<meta property=\"article:modified_time\" content=\"2022-07-19T14:39:29+00:00\" \/>\n<meta property=\"og:image\" content=\"https:\/\/weather-radar-live.com\/wp-content\/uploads\/2022\/07\/Webcam-Salinas-e1658218363621.png\" \/>\n\t<meta property=\"og:image:width\" content=\"945\" \/>\n\t<meta property=\"og:image:height\" content=\"512\" \/>\n\t<meta property=\"og:image:type\" content=\"image\/png\" \/>\n<meta name=\"twitter:card\" content=\"summary_large_image\" \/>\n<meta name=\"twitter:label1\" content=\"Arvioitu lukuaika\" \/>\n\t<meta name=\"twitter:data1\" content=\"2 minuuttia\" \/>\n<script type=\"application\/ld+json\" class=\"yoast-schema-graph\">{\"@context\":\"https:\\\/\\\/schema.org\",\"@graph\":[{\"@type\":\"WebPage\",\"@id\":\"https:\\\/\\\/weather-radar-live.com\\\/fi\\\/webkamera\\\/espanja\\\/webcam-salinas\\\/\",\"url\":\"https:\\\/\\\/weather-radar-live.com\\\/fi\\\/webkamera\\\/espanja\\\/webcam-salinas\\\/\",\"name\":\"Webcam Salinas \u2192 Katso suorana l\u00e4hetyksen\u00e4!\",\"isPartOf\":{\"@id\":\"https:\\\/\\\/weather-radar-live.com\\\/#website\"},\"primaryImageOfPage\":{\"@id\":\"https:\\\/\\\/weather-radar-live.com\\\/fi\\\/webkamera\\\/espanja\\\/webcam-salinas\\\/#primaryimage\"},\"image\":{\"@id\":\"https:\\\/\\\/weather-radar-live.com\\\/fi\\\/webkamera\\\/espanja\\\/webcam-salinas\\\/#primaryimage\"},\"thumbnailUrl\":\"https:\\\/\\\/weather-radar-live.com\\\/wp-content\\\/uploads\\\/2022\\\/07\\\/Webcam-Salinas-e1658218363621.png\",\"datePublished\":\"2022-07-19T14:11:04+00:00\",\"dateModified\":\"2022-07-19T14:39:29+00:00\",\"description\":\"Webcam Salinas | Livecam of Salinas! \u2705 P\u00e4ivitetty sinulle reaaliajassa! \u2705 Ajantasainen s\u00e4\u00e4ennuste!\",\"breadcrumb\":{\"@id\":\"https:\\\/\\\/weather-radar-live.com\\\/fi\\\/webkamera\\\/espanja\\\/webcam-salinas\\\/#breadcrumb\"},\"inLanguage\":\"fi\",\"potentialAction\":[{\"@type\":\"ReadAction\",\"target\":[\"https:\\\/\\\/weather-radar-live.com\\\/fi\\\/webkamera\\\/espanja\\\/webcam-salinas\\\/\"]}]},{\"@type\":\"ImageObject\",\"inLanguage\":\"fi\",\"@id\":\"https:\\\/\\\/weather-radar-live.com\\\/fi\\\/webkamera\\\/espanja\\\/webcam-salinas\\\/#primaryimage\",\"url\":\"https:\\\/\\\/weather-radar-live.com\\\/wp-content\\\/uploads\\\/2022\\\/07\\\/Webcam-Salinas-e1658218363621.png\",\"contentUrl\":\"https:\\\/\\\/weather-radar-live.com\\\/wp-content\\\/uploads\\\/2022\\\/07\\\/Webcam-Salinas-e1658218363621.png\",\"width\":945,\"height\":512,\"caption\":\"Webcam Salinas\"},{\"@type\":\"BreadcrumbList\",\"@id\":\"https:\\\/\\\/weather-radar-live.com\\\/fi\\\/webkamera\\\/espanja\\\/webcam-salinas\\\/#breadcrumb\",\"itemListElement\":[{\"@type\":\"ListItem\",\"position\":1,\"name\":\"Weather Radar Live\",\"item\":\"https:\\\/\\\/weather-radar-live.com\\\/fi\\\/\"},{\"@type\":\"ListItem\",\"position\":2,\"name\":\"Webkamera\",\"item\":\"https:\\\/\\\/weather-radar-live.com\\\/fi\\\/webkamera\\\/\"},{\"@type\":\"ListItem\",\"position\":3,\"name\":\"Espanja\",\"item\":\"https:\\\/\\\/weather-radar-live.com\\\/fi\\\/webkamera\\\/espanja\\\/\"},{\"@type\":\"ListItem\",\"position\":4,\"name\":\"Webcam Salinas\"}]},{\"@type\":\"WebSite\",\"@id\":\"https:\\\/\\\/weather-radar-live.com\\\/#website\",\"url\":\"https:\\\/\\\/weather-radar-live.com\\\/\",\"name\":\"weather-radar-live.com\",\"description\":\"Your weather and sky radar.\",\"publisher\":{\"@id\":\"https:\\\/\\\/weather-radar-live.com\\\/#organization\"},\"potentialAction\":[{\"@type\":\"SearchAction\",\"target\":{\"@type\":\"EntryPoint\",\"urlTemplate\":\"https:\\\/\\\/weather-radar-live.com\\\/?s={search_term_string}\"},\"query-input\":{\"@type\":\"PropertyValueSpecification\",\"valueRequired\":true,\"valueName\":\"search_term_string\"}}],\"inLanguage\":\"fi\"},{\"@type\":\"Organization\",\"@id\":\"https:\\\/\\\/weather-radar-live.com\\\/#organization\",\"name\":\"weather-radar-live.com\",\"url\":\"https:\\\/\\\/weather-radar-live.com\\\/\",\"logo\":{\"@type\":\"ImageObject\",\"inLanguage\":\"fi\",\"@id\":\"https:\\\/\\\/weather-radar-live.com\\\/#\\\/schema\\\/logo\\\/image\\\/\",\"url\":\"https:\\\/\\\/weather-radar-live.com\\\/wp-content\\\/uploads\\\/2022\\\/03\\\/cropped-WRL2503.png\",\"contentUrl\":\"https:\\\/\\\/weather-radar-live.com\\\/wp-content\\\/uploads\\\/2022\\\/03\\\/cropped-WRL2503.png\",\"width\":1920,\"height\":555,\"caption\":\"weather-radar-live.com\"},\"image\":{\"@id\":\"https:\\\/\\\/weather-radar-live.com\\\/#\\\/schema\\\/logo\\\/image\\\/\"}}]}<\/script>\n<!-- \/ Yoast SEO plugin. -->","yoast_head_json":{"title":"Webcam Salinas \u2192 Katso suorana l\u00e4hetyksen\u00e4!","description":"Webcam Salinas | Livecam of Salinas! \u2705 P\u00e4ivitetty sinulle reaaliajassa! \u2705 Ajantasainen s\u00e4\u00e4ennuste!","robots":{"index":"index","follow":"follow","max-snippet":"max-snippet:-1","max-image-preview":"max-image-preview:large","max-video-preview":"max-video-preview:-1"},"canonical":"https:\/\/weather-radar-live.com\/fi\/webkamera\/espanja\/webcam-salinas\/","og_locale":"fi_FI","og_type":"article","og_title":"Webcam Salinas \u2192 Katso suorana l\u00e4hetyksen\u00e4!","og_description":"Webcam Salinas | Livecam of Salinas! \u2705 P\u00e4ivitetty sinulle reaaliajassa! \u2705 Ajantasainen s\u00e4\u00e4ennuste!","og_url":"https:\/\/weather-radar-live.com\/fi\/webkamera\/espanja\/webcam-salinas\/","og_site_name":"weather-radar-live.com","article_modified_time":"2022-07-19T14:39:29+00:00","og_image":[{"width":945,"height":512,"url":"https:\/\/weather-radar-live.com\/wp-content\/uploads\/2022\/07\/Webcam-Salinas-e1658218363621.png","type":"image\/png"}],"twitter_card":"summary_large_image","twitter_misc":{"Arvioitu lukuaika":"2 minuuttia"},"schema":{"@context":"https:\/\/schema.org","@graph":[{"@type":"WebPage","@id":"https:\/\/weather-radar-live.com\/fi\/webkamera\/espanja\/webcam-salinas\/","url":"https:\/\/weather-radar-live.com\/fi\/webkamera\/espanja\/webcam-salinas\/","name":"Webcam Salinas \u2192 Katso suorana l\u00e4hetyksen\u00e4!","isPartOf":{"@id":"https:\/\/weather-radar-live.com\/#website"},"primaryImageOfPage":{"@id":"https:\/\/weather-radar-live.com\/fi\/webkamera\/espanja\/webcam-salinas\/#primaryimage"},"image":{"@id":"https:\/\/weather-radar-live.com\/fi\/webkamera\/espanja\/webcam-salinas\/#primaryimage"},"thumbnailUrl":"https:\/\/weather-radar-live.com\/wp-content\/uploads\/2022\/07\/Webcam-Salinas-e1658218363621.png","datePublished":"2022-07-19T14:11:04+00:00","dateModified":"2022-07-19T14:39:29+00:00","description":"Webcam Salinas | Livecam of Salinas! \u2705 P\u00e4ivitetty sinulle reaaliajassa! \u2705 Ajantasainen s\u00e4\u00e4ennuste!","breadcrumb":{"@id":"https:\/\/weather-radar-live.com\/fi\/webkamera\/espanja\/webcam-salinas\/#breadcrumb"},"inLanguage":"fi","potentialAction":[{"@type":"ReadAction","target":["https:\/\/weather-radar-live.com\/fi\/webkamera\/espanja\/webcam-salinas\/"]}]},{"@type":"ImageObject","inLanguage":"fi","@id":"https:\/\/weather-radar-live.com\/fi\/webkamera\/espanja\/webcam-salinas\/#primaryimage","url":"https:\/\/weather-radar-live.com\/wp-content\/uploads\/2022\/07\/Webcam-Salinas-e1658218363621.png","contentUrl":"https:\/\/weather-radar-live.com\/wp-content\/uploads\/2022\/07\/Webcam-Salinas-e1658218363621.png","width":945,"height":512,"caption":"Webcam Salinas"},{"@type":"BreadcrumbList","@id":"https:\/\/weather-radar-live.com\/fi\/webkamera\/espanja\/webcam-salinas\/#breadcrumb","itemListElement":[{"@type":"ListItem","position":1,"name":"Weather Radar Live","item":"https:\/\/weather-radar-live.com\/fi\/"},{"@type":"ListItem","position":2,"name":"Webkamera","item":"https:\/\/weather-radar-live.com\/fi\/webkamera\/"},{"@type":"ListItem","position":3,"name":"Espanja","item":"https:\/\/weather-radar-live.com\/fi\/webkamera\/espanja\/"},{"@type":"ListItem","position":4,"name":"Webcam Salinas"}]},{"@type":"WebSite","@id":"https:\/\/weather-radar-live.com\/#website","url":"https:\/\/weather-radar-live.com\/","name":"weather-radar-live.com","description":"Your weather and sky radar.","publisher":{"@id":"https:\/\/weather-radar-live.com\/#organization"},"potentialAction":[{"@type":"SearchAction","target":{"@type":"EntryPoint","urlTemplate":"https:\/\/weather-radar-live.com\/?s={search_term_string}"},"query-input":{"@type":"PropertyValueSpecification","valueRequired":true,"valueName":"search_term_string"}}],"inLanguage":"fi"},{"@type":"Organization","@id":"https:\/\/weather-radar-live.com\/#organization","name":"weather-radar-live.com","url":"https:\/\/weather-radar-live.com\/","logo":{"@type":"ImageObject","inLanguage":"fi","@id":"https:\/\/weather-radar-live.com\/#\/schema\/logo\/image\/","url":"https:\/\/weather-radar-live.com\/wp-content\/uploads\/2022\/03\/cropped-WRL2503.png","contentUrl":"https:\/\/weather-radar-live.com\/wp-content\/uploads\/2022\/03\/cropped-WRL2503.png","width":1920,"height":555,"caption":"weather-radar-live.com"},"image":{"@id":"https:\/\/weather-radar-live.com\/#\/schema\/logo\/image\/"}}]}},"_links":{"self":[{"href":"https:\/\/weather-radar-live.com\/fi\/wp-json\/wp\/v2\/pages\/5122","targetHints":{"allow":["GET"]}}],"collection":[{"href":"https:\/\/weather-radar-live.com\/fi\/wp-json\/wp\/v2\/pages"}],"about":[{"href":"https:\/\/weather-radar-live.com\/fi\/wp-json\/wp\/v2\/types\/page"}],"author":[{"embeddable":true,"href":"https:\/\/weather-radar-live.com\/fi\/wp-json\/wp\/v2\/users\/1"}],"replies":[{"embeddable":true,"href":"https:\/\/weather-radar-live.com\/fi\/wp-json\/wp\/v2\/comments?post=5122"}],"version-history":[{"count":3,"href":"https:\/\/weather-radar-live.com\/fi\/wp-json\/wp\/v2\/pages\/5122\/revisions"}],"predecessor-version":[{"id":5165,"href":"https:\/\/weather-radar-live.com\/fi\/wp-json\/wp\/v2\/pages\/5122\/revisions\/5165"}],"up":[{"embeddable":true,"href":"https:\/\/weather-radar-live.com\/fi\/wp-json\/wp\/v2\/pages\/4347"}],"wp:featuredmedia":[{"embeddable":true,"href":"https:\/\/weather-radar-live.com\/fi\/wp-json\/wp\/v2\/media\/5019"}],"wp:attachment":[{"href":"https:\/\/weather-radar-live.com\/fi\/wp-json\/wp\/v2\/media?parent=5122"}],"curies":[{"name":"wp","href":"https:\/\/api.w.org\/{rel}","templated":true}]}}