{"id":4942,"date":"2022-04-21T15:34:26","date_gmt":"2022-04-21T13:34:26","guid":{"rendered":"https:\/\/weather-radar-live.com\/webkamera\/ranska\/webcam-la-baule\/"},"modified":"2022-07-19T09:05:12","modified_gmt":"2022-07-19T07:05:12","slug":"webcam-la-baule","status":"publish","type":"page","link":"https:\/\/weather-radar-live.com\/fi\/webkamera\/ranska\/webcam-la-baule\/","title":{"rendered":"Webcam La Baule"},"content":{"rendered":"<div id=\"weath-43120865\" class=\"weath-vor-dem-inhalt weath-entity-placement\" style=\"margin-top: 15px;margin-right: 25px;margin-bottom: 40px;margin-left: 25px;\"><script async src=\"\/\/pagead2.googlesyndication.com\/pagead\/js\/adsbygoogle.js?client=ca-pub-8960936133935804\" crossorigin=\"anonymous\"><\/script><ins class=\"adsbygoogle\" style=\"display:block;\" data-ad-client=\"ca-pub-8960936133935804\" \ndata-ad-slot=\"6172817020\" \ndata-ad-format=\"auto\"><\/ins>\n<script> \n(adsbygoogle = window.adsbygoogle || []).push({}); \n<\/script>\n<\/div>\n<div class=\"wp-block-cover alignfull is-light\"><span aria-hidden=\"true\" class=\"wp-block-cover__gradient-background has-background-dim\"><\/span><img decoding=\"async\" class=\"wp-block-cover__image-background wp-image-342\" alt=\"Webcam La Baule\" src=\"https:\/\/weather-radar-live.com\/wp-content\/uploads\/2021\/06\/sam-schooler-E9aetBe2w40-unsplash-e1622554814366.jpg\" data-object-fit=\"cover\"\/><div class=\"wp-block-cover__inner-container is-layout-flow wp-block-cover-is-layout-flow\">\n<h2 class=\"has-text-align-center heading wp-block-heading\" id=\"webcam-fort-mahon\" style=\"font-size:40px\"><strong><mark style=\"background-color:rgba(0, 0, 0, 0)\" class=\"has-inline-color has-base-3-color\">WEBCAM <\/mark><\/strong><br><strong><mark style=\"background-color:rgba(0, 0, 0, 0)\" class=\"has-inline-color has-base-3-color\">LA BAULE<\/mark><\/strong><\/h2>\n<\/div><\/div>\n\n\n<div class=\"yoast-breadcrumbs\"><span><span><a href=\"https:\/\/weather-radar-live.com\/fi\/\">Weather Radar Live<\/a><\/span> \u00bb <span><a href=\"https:\/\/weather-radar-live.com\/fi\/webkamera\/\">Webkamera<\/a><\/span> \u00bb <span><a href=\"https:\/\/weather-radar-live.com\/fi\/webkamera\/ranska\/\">Ranska<\/a><\/span> \u00bb <span class=\"breadcrumb_last\" aria-current=\"page\"><strong>Webcam La Baule<\/strong><\/span><\/span><\/div>\n\n\n<h2 class=\"has-text-align-center wp-block-heading\" id=\"webcam-fort-mahon\"><strong>Webcam <strong><strong>La Baule<\/strong><\/strong><\/strong><\/h2>\n\n\n\n<p>La Baule, joka tunnetaan my\u00f6s nimell\u00e4 La Baule-Escoublac, on kunta Loire-Atlantiquen departementissa, joka sijaitsee pohjoisella pallonpuoliskolla. Dyynej\u00e4 stabiloivat 1 000 hehtaarin (400 hehtaarin) suuruiset merim\u00e4nnyt suojaavat rantaa pohjoisesta puhaltavilta tuulilta. Se sijaitsee puolikuun muotoisessa lahdessa kahdeksan kilometri\u00e4 pitk\u00e4ll\u00e4 hiekkarannalla L\u00e4nsi-Ranskassa.<\/p>\n\n\n\n<div class=\"wp-block-columns is-layout-flex wp-container-core-columns-is-layout-9d6595d7 wp-block-columns-is-layout-flex\">\n<div class=\"wp-block-column webcam-column is-layout-flow wp-block-column-is-layout-flow\">\n<h3 class=\"has-text-align-center live-emoji wp-block-heading\">\ud83d\udd34 <strong>Webcam <strong><strong><strong><strong><strong>La Baule<\/strong><\/strong><\/strong><\/strong><\/strong><\/strong> <\/h3>\n\n\n\n<iframe src=\"https:\/\/www.skaping.com\/la-baule\/plage\/video\" style=\"width: 100%; height: 400px; border: none;\" allowfullscreen=\"\"><\/iframe>\n<\/div>\n<\/div>\n\n\n\n<div class=\"wp-block-columns is-layout-flex wp-container-core-columns-is-layout-9d6595d7 wp-block-columns-is-layout-flex\">\n<div class=\"wp-block-column webcam-column is-layout-flow wp-block-column-is-layout-flow\">\n<h3 class=\"has-text-align-center wp-block-heading\">\ud83d\udd34 <strong>Webcam <strong><strong><strong><strong><strong><strong><strong><strong>La Baule<\/strong><\/strong><\/strong><\/strong><\/strong><\/strong><\/strong><\/strong><\/strong> Beach (Panorama)<\/h3>\n\n\n\n<iframe src=\"https:\/\/www.skaping.com\/la-baule\/plage\" style=\"width: 100%; height: 400px; border: none;\" allowfullscreen=\"\"><\/iframe>\n\n\n\n<p class=\"has-text-align-center\"><strong><sup>Hiiren napsautuksella (\u00e4lypuhelimella: vaihda n\u00e4kym\u00e4\u00e4 yksinkertaisesti napauttamalla) voit siirt\u00e4\u00e4 web-kameraa haluamaasi suuntaan. K\u00e4\u00e4nt\u00e4m\u00e4ll\u00e4 hiiren py\u00f6r\u00e4\u00e4 tai zoomaamalla sormilla voit l\u00e4hent\u00e4\u00e4 web-kameraa. Vaihtoehtoisesti voit k\u00e4ytt\u00e4\u00e4 t\u00e4h\u00e4n tarkoitukseen my\u00f6s painikkeita.<\/sup><\/strong><\/p>\n\n\n\n<div class=\"wp-block-columns is-layout-flex wp-container-core-columns-is-layout-9d6595d7 wp-block-columns-is-layout-flex\">\n<div class=\"wp-block-column is-layout-flow wp-block-column-is-layout-flow\">\n<h3 class=\"has-text-align-center wp-block-heading\"><strong>\ud83d\udd34 Webkamera <strong><strong><strong><strong><strong><strong><strong><strong><strong><strong><strong><strong>La Baule<\/strong><\/strong><\/strong><\/strong><\/strong><\/strong><\/strong><\/strong><\/strong><\/strong><\/strong><\/strong><\/strong> Lounais-satama<\/h3>\n\n\n\n<a name=\"windy-webcam-timelapse-player\" data-id=\"1463324065\" data-play=\"day\" href=\"https:\/\/windy.com\/webcams\/1463324065\" target=\"_blank\" rel=\"noopener\">La Baule-Escoublac &#8217; Etel\u00e4-L\u00e4nsi: Satama<\/a><script async=\"\" type=\"text\/javascript\" src=\"https:\/\/webcams.windy.com\/webcams\/public\/embed\/script\/player.js\"><\/script>\n<\/div>\n\n\n\n<div class=\"wp-block-column is-layout-flow wp-block-column-is-layout-flow\">\n<h3 class=\"has-text-align-center wp-block-heading\"><strong> \ud83d\udd34 Webkamera <strong><strong><strong>La Baule<\/strong><\/strong><\/strong><\/strong><\/h3>\n\n\n\n<figure class=\"wp-block-embed is-type-video is-provider-youtube wp-block-embed-youtube wp-embed-aspect-16-9 wp-has-aspect-ratio\"><div class=\"wp-block-embed__wrapper\">\n<iframe loading=\"lazy\" title=\"Webcam Pornichet - La Baule - La maison R\u00e9gent &amp; Grain de Folie\" width=\"1200\" height=\"675\" src=\"https:\/\/www.youtube.com\/embed\/qHXA6mUtj2I?feature=oembed\" frameborder=\"0\" allow=\"accelerometer; autoplay; clipboard-write; encrypted-media; gyroscope; picture-in-picture\" allowfullscreen><\/iframe>\n<\/div><\/figure>\n<\/div>\n<\/div>\n<\/div>\n<\/div>\n\n\n\n<h2 class=\"wp-block-heading\" id=\"fort-mahon-today\"><strong>S\u00e4\u00e4 tutka <strong><strong><strong><strong><strong><strong><strong><strong><strong><strong><strong><strong><strong>La Baule<\/strong><\/strong><\/strong><\/strong><\/strong><\/strong><\/strong><\/strong><\/strong><\/strong><\/strong><\/strong><\/strong><\/strong> &#8211; <strong>s\u00e4\u00e4 <strong><strong><strong><strong><strong><strong><strong><strong><strong><strong><strong><strong><strong>La Baule<\/strong><\/strong><\/strong><\/strong><\/strong><\/strong><\/strong><\/strong><\/strong><\/strong><\/strong><\/strong><\/strong><\/strong><\/h2>\n\n\n\n<p>Weather Radar Live ker\u00e4\u00e4 tietoja <a href=\"https:\/\/weather-radar-live.com\/fi\/storm\/\"><strong>myrskyt<\/strong><\/a>, <strong><a href=\"https:\/\/weather-radar-live.com\/fi\/ukkostutka\/\">ukkoset<\/a><\/strong>, <strong><a href=\"https:\/\/weather-radar-live.com\/fi\/tornado-radar\/\">tornadot<\/a><\/strong>, <strong><a href=\"https:\/\/weather-radar-live.com\/fi\/lumitilanne\/\">lumi<\/a><\/strong>, <strong><a href=\"https:\/\/weather-radar-live.com\/fi\/sadetutka\/\">sade<\/a><\/strong>, ja <strong><a href=\"https:\/\/weather-radar-live.com\/fi\/pilvet\/\">pilvipeite<\/a><\/strong>. Voit saada suoraa tietoa La Baulen s\u00e4\u00e4olosuhteista. Live-tutkaamme on helppo navigoida. <\/p><div id=\"weath-516114508\" class=\"weath-inhalt_2 weath-entity-placement\" style=\"margin-top: 15px;margin-right: 25px;margin-bottom: 35px;margin-left: 25px;\"><script async src=\"\/\/pagead2.googlesyndication.com\/pagead\/js\/adsbygoogle.js?client=ca-pub-8960936133935804\" crossorigin=\"anonymous\"><\/script><ins class=\"adsbygoogle\" style=\"display:block;\" data-ad-client=\"ca-pub-8960936133935804\" \ndata-ad-slot=\"1963584050\" \ndata-ad-format=\"auto\"><\/ins>\n<script> \n(adsbygoogle = window.adsbygoogle || []).push({}); \n<\/script>\n<\/div>\n\n\n\n<p>Jos olet suunnitellut matkaa kohteeseen La Baule tai olet utelias tiet\u00e4m\u00e4\u00e4n s\u00e4\u00e4ennusteen, saat tarkat tiedot t\u00e4\u00e4lt\u00e4. Alla on esitetty kartta, jossa La Baule. Napsauta + tai &#8211; oikeassa yl\u00e4kulmassa navigoidaksesi tarkkaan sijaintiin. Lis\u00e4ksi sinulle n\u00e4ytet\u00e4\u00e4n kaikki nykyiseen s\u00e4\u00e4h\u00e4n ja s\u00e4\u00e4ennusteeseen liittyv\u00e4t tiedot.<\/p>\n\n\n\n<div class=\"wp-block-columns is-layout-flex wp-container-core-columns-is-layout-9d6595d7 wp-block-columns-is-layout-flex\">\n<div class=\"wp-block-column is-layout-flow wp-block-column-is-layout-flow\" style=\"flex-basis:75%\">\n<iframe loading=\"lazy\" width=\"1300\" height=\"502\" src=\"https:\/\/embed.windy.com\/embed2.html?lat=47.388&amp;lon=-2.156&amp;detailLat=47.272&amp;detailLon=-4.065&amp;width=1300&amp;height=502&amp;zoom=8&amp;level=surface&amp;overlay=wind&amp;product=ecmwf&amp;menu=&amp;message=&amp;marker=&amp;calendar=now&amp;pressure=&amp;type=map&amp;location=coordinates&amp;detail=&amp;metricWind=default&amp;metricTemp=default&amp;radarRange=-1\" frameborder=\"0\"><\/iframe>\n<\/div>\n\n\n\n<div class=\"wp-block-column is-layout-flow wp-block-column-is-layout-flow\" style=\"flex-basis:25%\">\n<a class=\"weatherwidget-io\" href=\"https:\/\/forecast7.com\/en\/47d29n2d39\/la-baule-escoublac\/\" data-label_1=\"LA BAULE\" data-theme=\"original\">LA BAULE<\/a>\n<script>\n!function(d,s,id){var js,fjs=d.getElementsByTagName(s)[0];if(!d.getElementById(id)){js=d.createElement(s);js.id=id;js.src='https:\/\/weatherwidget.io\/js\/widget.min.js';fjs.parentNode.insertBefore(js,fjs);}}(document,'script','weatherwidget-io-js');\n<\/script>\n<\/div>\n<\/div>\n\n\n\n<h2 class=\"wp-block-heading\" id=\"fort-mahon-weather\"><strong>Ilmasto <strong><strong><strong><strong><strong><strong><strong><strong><strong><strong><strong><strong><strong>La Baule<\/strong><\/strong><\/strong><\/strong><\/strong><\/strong><\/strong><\/strong><\/strong><\/strong><\/strong><\/strong><\/strong><\/strong><\/h2>\n\n\n\n<p>La Baule sijaitsee Atlantin rannikolla, Saint-Nazairesta l\u00e4nteen, Loire-joen suulla. Sen ilmasto on lauhkea ja l\u00e4mmin. La Baule-Escoublacissa on miellytt\u00e4v\u00e4t kes\u00e4t; talvet ovat pitki\u00e4, kylmi\u00e4 ja tuulisia.<\/p>\n\n\n\n<p> Suurimman osan vuotta on osittain pilvist\u00e4. La Baule-Escoublacissa sataa huomattavasti jopa kuivimpana kuukautena. T\u00e4ll\u00e4 alueella sataa noin 757 millimetri\u00e4 vuodessa.<\/p>\n\n\n\n<p><strong>L\u00e4mp\u00f6tila <\/strong><\/p>\n\n\n\n<p>Vuoden aikana l\u00e4mp\u00f6tila vaihtelee tyypillisesti 39\u00b0F:n ja 74\u00b0F:n v\u00e4lill\u00e4, ja se on harvoin alle 29\u00b0F tai yli 84\u00b0F.<\/p>\n\n\n\n<p><strong>Kosteus <\/strong><\/p>\n\n\n\n<p>Tammikuussa on korkein suhteellinen kosteus (83,94 %). Kes\u00e4kuussa suhteellinen kosteus on alhaisin eli 72,41 %.<\/p>\n\n\n\n<p><strong>Sadem\u00e4\u00e4r\u00e4 <\/strong><\/p>\n\n\n\n<p>Runsaimmat sateet esiintyv\u00e4t marraskuussa ja kest\u00e4v\u00e4t 13,20 p\u00e4iv\u00e4\u00e4. Elokuussa on v\u00e4hiten sadep\u00e4ivi\u00e4 (8,03).<\/p>\n\n\n\n<p><strong>Pilvet <\/strong><\/p>\n\n\n\n<p>Pilvien peitt\u00e4m\u00e4n taivaan keskim\u00e4\u00e4r\u00e4isess\u00e4 prosenttiosuudessa La Baule-Escoublacissa on huomattavaa kausivaihtelua.<\/p>\n\n\n\n<p>Hein\u00e4kuussa taivas on La Baule-Escoublacissa keskim\u00e4\u00e4rin 65 % ajasta kirkas.<\/p>\n\n\n\n<p>Eniten pilvist\u00e4 on La Baule-Escoublacissa tammikuussa, jolloin taivas on enimm\u00e4kseen pilvinen 63 % ajasta.<\/p>\n\n\n\n<p><strong>Tuuli <\/strong><\/p>\n\n\n\n<p>Paikallinen pinnanmuodostus ja muut tekij\u00e4t vaikuttavat voimakkaasti tuulen kokemiseen t\u00e4ss\u00e4 paikassa.<\/p>\n\n\n\n<p>Joulukuussa (tuulisin kuukausi) keskim\u00e4\u00e4r\u00e4inen tuulennopeus on 14,2 mailia tunnissa. Hiljaisimpana kuukautena eli elokuussa se on 10,1 mailia tunnissa.<\/p>\n\n\n\n<h2 class=\"wp-block-heading\"><strong>La Baule Seaside Resort <\/strong><\/h2>\n\n\n\n<p>Etel\u00e4-Bretagnessa sijaitseva La Baulen lomakeskus on Ranskan eliitin suosittu merenrantalomapaikka. T\u00e4m\u00e4 vuonna 1879 perustettu satavuotias lomakeskus on tunnetuin Atlantin lomakohde. T\u00e4ss\u00e4 lomakeskuksessa on lumoavia huviloita, kasino sek\u00e4 erinomaisia majoitusvaihtoehtoja.<\/p>\n\n\n\n<p>Lis\u00e4ksi ainutlaatuinen sekoitus bretagnelaista kulttuuria ja merenrantakulttuuria sek\u00e4 9 kilometrin pituinen hiekkaranta, purjehdussatama ja l\u00e4heiset suolasuot tekev\u00e4t siit\u00e4 houkuttelevan kohteen matkailijoille.<\/p>\n\n\n\n<p>Joka vuosi La Baulen v\u00e4kiluku kasvaa dramaattisesti hein\u00e4- ja elokuun aikana, koska pariisilaiset viipyv\u00e4t siell\u00e4 viikkoja ja Nantesista tulevat vierailijat tekev\u00e4t p\u00e4iv\u00e4retki\u00e4. La Bauleen p\u00e4\u00e4see Pariisin Montparnassen asemalta noin 3 tunnissa.<\/p>\n","protected":false},"excerpt":{"rendered":"<p>Webcam La Baule La Baule, joka tunnetaan my\u00f6s nimell\u00e4 La Baule-Escoublac, on kunta Loire-Atlantiquen departementissa, joka sijaitsee pohjoisella pallonpuoliskolla. Dyynej\u00e4 stabiloivat 1 000 hehtaarin (400 hehtaarin) suuruiset merim\u00e4nnyt suojaavat rantaa pohjoisesta puhaltavilta tuulilta. Se sijaitsee puolikuun muotoisessa lahdessa kahdeksan kilometri\u00e4 pitk\u00e4ll\u00e4 hiekkarannalla L\u00e4nsi-Ranskassa. \ud83d\udd34 Webcam La Baule \ud83d\udd34 Webcam La Baule Beach (Panorama) Hiiren napsautuksella &#8230; <a title=\"Webcam La Baule\" class=\"read-more\" href=\"https:\/\/weather-radar-live.com\/fi\/webkamera\/ranska\/webcam-la-baule\/\" aria-label=\"Lue lis\u00e4\u00e4 aiheesta Webcam La Baule\">Lue lis\u00e4\u00e4<\/a><\/p>\n","protected":false},"author":1,"featured_media":3935,"parent":4177,"menu_order":0,"comment_status":"closed","ping_status":"closed","template":"","meta":{"footnotes":""},"class_list":["post-4942","page","type-page","status-publish","has-post-thumbnail"],"yoast_head":"<!-- This site is optimized with the Yoast SEO plugin v27.5 - https:\/\/yoast.com\/product\/yoast-seo-wordpress\/ -->\n<title>Webcam La Baule \u2192 Katso se suorana l\u00e4hetyksen\u00e4!<\/title>\n<meta name=\"description\" content=\"Webcam La Baule | Livecam La Baule! \u2705 P\u00e4ivitetty sinulle reaaliajassa! \u2705 Ajantasainen s\u00e4\u00e4ennuste!\" \/>\n<meta name=\"robots\" content=\"index, follow, max-snippet:-1, max-image-preview:large, max-video-preview:-1\" \/>\n<link rel=\"canonical\" href=\"https:\/\/weather-radar-live.com\/fi\/webkamera\/ranska\/webcam-la-baule\/\" \/>\n<meta property=\"og:locale\" content=\"fi_FI\" \/>\n<meta property=\"og:type\" content=\"article\" \/>\n<meta property=\"og:title\" content=\"Webcam La Baule \u2192 Katso se suorana l\u00e4hetyksen\u00e4!\" \/>\n<meta property=\"og:description\" content=\"Webcam La Baule | Livecam La Baule! \u2705 P\u00e4ivitetty sinulle reaaliajassa! \u2705 Ajantasainen s\u00e4\u00e4ennuste!\" \/>\n<meta property=\"og:url\" content=\"https:\/\/weather-radar-live.com\/fi\/webkamera\/ranska\/webcam-la-baule\/\" \/>\n<meta property=\"og:site_name\" content=\"weather-radar-live.com\" \/>\n<meta property=\"article:modified_time\" content=\"2022-07-19T07:05:12+00:00\" \/>\n<meta property=\"og:image\" content=\"https:\/\/weather-radar-live.com\/wp-content\/uploads\/2021\/06\/sam-schooler-E9aetBe2w40-unsplash-e1622554814366.jpg\" \/>\n<meta name=\"twitter:card\" content=\"summary_large_image\" \/>\n<meta name=\"twitter:label1\" content=\"Arvioitu lukuaika\" \/>\n\t<meta name=\"twitter:data1\" content=\"3 minuuttia\" \/>\n<script type=\"application\/ld+json\" class=\"yoast-schema-graph\">{\"@context\":\"https:\\\/\\\/schema.org\",\"@graph\":[{\"@type\":\"WebPage\",\"@id\":\"https:\\\/\\\/weather-radar-live.com\\\/fi\\\/webkamera\\\/ranska\\\/webcam-la-baule\\\/\",\"url\":\"https:\\\/\\\/weather-radar-live.com\\\/fi\\\/webkamera\\\/ranska\\\/webcam-la-baule\\\/\",\"name\":\"Webcam La Baule \u2192 Katso se suorana l\u00e4hetyksen\u00e4!\",\"isPartOf\":{\"@id\":\"https:\\\/\\\/weather-radar-live.com\\\/#website\"},\"primaryImageOfPage\":{\"@id\":\"https:\\\/\\\/weather-radar-live.com\\\/fi\\\/webkamera\\\/ranska\\\/webcam-la-baule\\\/#primaryimage\"},\"image\":{\"@id\":\"https:\\\/\\\/weather-radar-live.com\\\/fi\\\/webkamera\\\/ranska\\\/webcam-la-baule\\\/#primaryimage\"},\"thumbnailUrl\":\"https:\\\/\\\/weather-radar-live.com\\\/wp-content\\\/uploads\\\/2022\\\/04\\\/Webcam-La-Baule-e1650548711664.jpg\",\"datePublished\":\"2022-04-21T13:34:26+00:00\",\"dateModified\":\"2022-07-19T07:05:12+00:00\",\"description\":\"Webcam La Baule | Livecam La Baule! \u2705 P\u00e4ivitetty sinulle reaaliajassa! \u2705 Ajantasainen s\u00e4\u00e4ennuste!\",\"breadcrumb\":{\"@id\":\"https:\\\/\\\/weather-radar-live.com\\\/fi\\\/webkamera\\\/ranska\\\/webcam-la-baule\\\/#breadcrumb\"},\"inLanguage\":\"fi\",\"potentialAction\":[{\"@type\":\"ReadAction\",\"target\":[\"https:\\\/\\\/weather-radar-live.com\\\/fi\\\/webkamera\\\/ranska\\\/webcam-la-baule\\\/\"]}]},{\"@type\":\"ImageObject\",\"inLanguage\":\"fi\",\"@id\":\"https:\\\/\\\/weather-radar-live.com\\\/fi\\\/webkamera\\\/ranska\\\/webcam-la-baule\\\/#primaryimage\",\"url\":\"https:\\\/\\\/weather-radar-live.com\\\/wp-content\\\/uploads\\\/2022\\\/04\\\/Webcam-La-Baule-e1650548711664.jpg\",\"contentUrl\":\"https:\\\/\\\/weather-radar-live.com\\\/wp-content\\\/uploads\\\/2022\\\/04\\\/Webcam-La-Baule-e1650548711664.jpg\",\"width\":1918,\"height\":1014,\"caption\":\"Webcam La Baule\"},{\"@type\":\"BreadcrumbList\",\"@id\":\"https:\\\/\\\/weather-radar-live.com\\\/fi\\\/webkamera\\\/ranska\\\/webcam-la-baule\\\/#breadcrumb\",\"itemListElement\":[{\"@type\":\"ListItem\",\"position\":1,\"name\":\"Weather Radar Live\",\"item\":\"https:\\\/\\\/weather-radar-live.com\\\/fi\\\/\"},{\"@type\":\"ListItem\",\"position\":2,\"name\":\"Webkamera\",\"item\":\"https:\\\/\\\/weather-radar-live.com\\\/fi\\\/webkamera\\\/\"},{\"@type\":\"ListItem\",\"position\":3,\"name\":\"Ranska\",\"item\":\"https:\\\/\\\/weather-radar-live.com\\\/fi\\\/webkamera\\\/ranska\\\/\"},{\"@type\":\"ListItem\",\"position\":4,\"name\":\"Webcam La Baule\"}]},{\"@type\":\"WebSite\",\"@id\":\"https:\\\/\\\/weather-radar-live.com\\\/#website\",\"url\":\"https:\\\/\\\/weather-radar-live.com\\\/\",\"name\":\"weather-radar-live.com\",\"description\":\"Your weather and sky radar.\",\"publisher\":{\"@id\":\"https:\\\/\\\/weather-radar-live.com\\\/#organization\"},\"potentialAction\":[{\"@type\":\"SearchAction\",\"target\":{\"@type\":\"EntryPoint\",\"urlTemplate\":\"https:\\\/\\\/weather-radar-live.com\\\/?s={search_term_string}\"},\"query-input\":{\"@type\":\"PropertyValueSpecification\",\"valueRequired\":true,\"valueName\":\"search_term_string\"}}],\"inLanguage\":\"fi\"},{\"@type\":\"Organization\",\"@id\":\"https:\\\/\\\/weather-radar-live.com\\\/#organization\",\"name\":\"weather-radar-live.com\",\"url\":\"https:\\\/\\\/weather-radar-live.com\\\/\",\"logo\":{\"@type\":\"ImageObject\",\"inLanguage\":\"fi\",\"@id\":\"https:\\\/\\\/weather-radar-live.com\\\/#\\\/schema\\\/logo\\\/image\\\/\",\"url\":\"https:\\\/\\\/weather-radar-live.com\\\/wp-content\\\/uploads\\\/2022\\\/03\\\/cropped-WRL2503.png\",\"contentUrl\":\"https:\\\/\\\/weather-radar-live.com\\\/wp-content\\\/uploads\\\/2022\\\/03\\\/cropped-WRL2503.png\",\"width\":1920,\"height\":555,\"caption\":\"weather-radar-live.com\"},\"image\":{\"@id\":\"https:\\\/\\\/weather-radar-live.com\\\/#\\\/schema\\\/logo\\\/image\\\/\"}}]}<\/script>\n<!-- \/ Yoast SEO plugin. -->","yoast_head_json":{"title":"Webcam La Baule \u2192 Katso se suorana l\u00e4hetyksen\u00e4!","description":"Webcam La Baule | Livecam La Baule! \u2705 P\u00e4ivitetty sinulle reaaliajassa! \u2705 Ajantasainen s\u00e4\u00e4ennuste!","robots":{"index":"index","follow":"follow","max-snippet":"max-snippet:-1","max-image-preview":"max-image-preview:large","max-video-preview":"max-video-preview:-1"},"canonical":"https:\/\/weather-radar-live.com\/fi\/webkamera\/ranska\/webcam-la-baule\/","og_locale":"fi_FI","og_type":"article","og_title":"Webcam La Baule \u2192 Katso se suorana l\u00e4hetyksen\u00e4!","og_description":"Webcam La Baule | Livecam La Baule! \u2705 P\u00e4ivitetty sinulle reaaliajassa! \u2705 Ajantasainen s\u00e4\u00e4ennuste!","og_url":"https:\/\/weather-radar-live.com\/fi\/webkamera\/ranska\/webcam-la-baule\/","og_site_name":"weather-radar-live.com","article_modified_time":"2022-07-19T07:05:12+00:00","og_image":[{"url":"https:\/\/weather-radar-live.com\/wp-content\/uploads\/2021\/06\/sam-schooler-E9aetBe2w40-unsplash-e1622554814366.jpg","type":"","width":"","height":""}],"twitter_card":"summary_large_image","twitter_misc":{"Arvioitu lukuaika":"3 minuuttia"},"schema":{"@context":"https:\/\/schema.org","@graph":[{"@type":"WebPage","@id":"https:\/\/weather-radar-live.com\/fi\/webkamera\/ranska\/webcam-la-baule\/","url":"https:\/\/weather-radar-live.com\/fi\/webkamera\/ranska\/webcam-la-baule\/","name":"Webcam La Baule \u2192 Katso se suorana l\u00e4hetyksen\u00e4!","isPartOf":{"@id":"https:\/\/weather-radar-live.com\/#website"},"primaryImageOfPage":{"@id":"https:\/\/weather-radar-live.com\/fi\/webkamera\/ranska\/webcam-la-baule\/#primaryimage"},"image":{"@id":"https:\/\/weather-radar-live.com\/fi\/webkamera\/ranska\/webcam-la-baule\/#primaryimage"},"thumbnailUrl":"https:\/\/weather-radar-live.com\/wp-content\/uploads\/2022\/04\/Webcam-La-Baule-e1650548711664.jpg","datePublished":"2022-04-21T13:34:26+00:00","dateModified":"2022-07-19T07:05:12+00:00","description":"Webcam La Baule | Livecam La Baule! \u2705 P\u00e4ivitetty sinulle reaaliajassa! \u2705 Ajantasainen s\u00e4\u00e4ennuste!","breadcrumb":{"@id":"https:\/\/weather-radar-live.com\/fi\/webkamera\/ranska\/webcam-la-baule\/#breadcrumb"},"inLanguage":"fi","potentialAction":[{"@type":"ReadAction","target":["https:\/\/weather-radar-live.com\/fi\/webkamera\/ranska\/webcam-la-baule\/"]}]},{"@type":"ImageObject","inLanguage":"fi","@id":"https:\/\/weather-radar-live.com\/fi\/webkamera\/ranska\/webcam-la-baule\/#primaryimage","url":"https:\/\/weather-radar-live.com\/wp-content\/uploads\/2022\/04\/Webcam-La-Baule-e1650548711664.jpg","contentUrl":"https:\/\/weather-radar-live.com\/wp-content\/uploads\/2022\/04\/Webcam-La-Baule-e1650548711664.jpg","width":1918,"height":1014,"caption":"Webcam La Baule"},{"@type":"BreadcrumbList","@id":"https:\/\/weather-radar-live.com\/fi\/webkamera\/ranska\/webcam-la-baule\/#breadcrumb","itemListElement":[{"@type":"ListItem","position":1,"name":"Weather Radar Live","item":"https:\/\/weather-radar-live.com\/fi\/"},{"@type":"ListItem","position":2,"name":"Webkamera","item":"https:\/\/weather-radar-live.com\/fi\/webkamera\/"},{"@type":"ListItem","position":3,"name":"Ranska","item":"https:\/\/weather-radar-live.com\/fi\/webkamera\/ranska\/"},{"@type":"ListItem","position":4,"name":"Webcam La Baule"}]},{"@type":"WebSite","@id":"https:\/\/weather-radar-live.com\/#website","url":"https:\/\/weather-radar-live.com\/","name":"weather-radar-live.com","description":"Your weather and sky radar.","publisher":{"@id":"https:\/\/weather-radar-live.com\/#organization"},"potentialAction":[{"@type":"SearchAction","target":{"@type":"EntryPoint","urlTemplate":"https:\/\/weather-radar-live.com\/?s={search_term_string}"},"query-input":{"@type":"PropertyValueSpecification","valueRequired":true,"valueName":"search_term_string"}}],"inLanguage":"fi"},{"@type":"Organization","@id":"https:\/\/weather-radar-live.com\/#organization","name":"weather-radar-live.com","url":"https:\/\/weather-radar-live.com\/","logo":{"@type":"ImageObject","inLanguage":"fi","@id":"https:\/\/weather-radar-live.com\/#\/schema\/logo\/image\/","url":"https:\/\/weather-radar-live.com\/wp-content\/uploads\/2022\/03\/cropped-WRL2503.png","contentUrl":"https:\/\/weather-radar-live.com\/wp-content\/uploads\/2022\/03\/cropped-WRL2503.png","width":1920,"height":555,"caption":"weather-radar-live.com"},"image":{"@id":"https:\/\/weather-radar-live.com\/#\/schema\/logo\/image\/"}}]}},"_links":{"self":[{"href":"https:\/\/weather-radar-live.com\/fi\/wp-json\/wp\/v2\/pages\/4942","targetHints":{"allow":["GET"]}}],"collection":[{"href":"https:\/\/weather-radar-live.com\/fi\/wp-json\/wp\/v2\/pages"}],"about":[{"href":"https:\/\/weather-radar-live.com\/fi\/wp-json\/wp\/v2\/types\/page"}],"author":[{"embeddable":true,"href":"https:\/\/weather-radar-live.com\/fi\/wp-json\/wp\/v2\/users\/1"}],"replies":[{"embeddable":true,"href":"https:\/\/weather-radar-live.com\/fi\/wp-json\/wp\/v2\/comments?post=4942"}],"version-history":[{"count":3,"href":"https:\/\/weather-radar-live.com\/fi\/wp-json\/wp\/v2\/pages\/4942\/revisions"}],"predecessor-version":[{"id":4977,"href":"https:\/\/weather-radar-live.com\/fi\/wp-json\/wp\/v2\/pages\/4942\/revisions\/4977"}],"up":[{"embeddable":true,"href":"https:\/\/weather-radar-live.com\/fi\/wp-json\/wp\/v2\/pages\/4177"}],"wp:featuredmedia":[{"embeddable":true,"href":"https:\/\/weather-radar-live.com\/fi\/wp-json\/wp\/v2\/media\/3935"}],"wp:attachment":[{"href":"https:\/\/weather-radar-live.com\/fi\/wp-json\/wp\/v2\/media?parent=4942"}],"curies":[{"name":"wp","href":"https:\/\/api.w.org\/{rel}","templated":true}]}}