{"id":4775,"date":"2022-07-18T18:51:38","date_gmt":"2022-07-18T16:51:38","guid":{"rendered":"https:\/\/weather-radar-live.com\/?page_id=4775"},"modified":"2022-07-19T07:37:26","modified_gmt":"2022-07-19T05:37:26","slug":"webkamera-rodiles","status":"publish","type":"page","link":"https:\/\/weather-radar-live.com\/fi\/webkamera\/espanja\/webkamera-rodiles\/","title":{"rendered":"Webkamera Rodiles"},"content":{"rendered":"<div id=\"weath-1690227700\" class=\"weath-vor-dem-inhalt weath-entity-placement\" style=\"margin-top: 15px;margin-right: 25px;margin-bottom: 40px;margin-left: 25px;\"><script async src=\"\/\/pagead2.googlesyndication.com\/pagead\/js\/adsbygoogle.js?client=ca-pub-8960936133935804\" crossorigin=\"anonymous\"><\/script><ins class=\"adsbygoogle\" style=\"display:block;\" data-ad-client=\"ca-pub-8960936133935804\" \ndata-ad-slot=\"6172817020\" \ndata-ad-format=\"auto\"><\/ins>\n<script> \n(adsbygoogle = window.adsbygoogle || []).push({}); \n<\/script>\n<\/div>\n<div class=\"wp-block-cover alignfull is-light\"><span aria-hidden=\"true\" class=\"wp-block-cover__gradient-background has-background-dim\"><\/span><img decoding=\"async\" class=\"wp-block-cover__image-background wp-image-342\" alt=\"Webkamera Rodiles\" src=\"https:\/\/weather-radar-live.com\/wp-content\/uploads\/2021\/06\/sam-schooler-E9aetBe2w40-unsplash-e1622554814366.jpg\" data-object-fit=\"cover\"\/><div class=\"wp-block-cover__inner-container is-layout-flow wp-block-cover-is-layout-flow\">\n<h2 class=\"has-text-align-center heading wp-block-heading\" id=\"webcam-fort-mahon\" style=\"font-size:40px\"><strong><mark style=\"background-color:rgba(0, 0, 0, 0)\" class=\"has-inline-color has-base-3-color\">WEBKAMERA <\/mark><\/strong><br><strong><mark style=\"background-color:rgba(0, 0, 0, 0)\" class=\"has-inline-color has-base-3-color\">RODILES<\/mark><\/strong><\/h2>\n<\/div><\/div>\n\n\n<div class=\"yoast-breadcrumbs\"><span><span><a href=\"https:\/\/weather-radar-live.com\/fi\/\">Weather Radar Live<\/a><\/span> \u00bb <span><a href=\"https:\/\/weather-radar-live.com\/fi\/webkamera\/\">Webkamera<\/a><\/span> \u00bb <span><a href=\"https:\/\/weather-radar-live.com\/fi\/webkamera\/espanja\/\">Espanja<\/a><\/span> \u00bb <span class=\"breadcrumb_last\" aria-current=\"page\"><strong>Webkamera Rodiles<\/strong><\/span><\/span><\/div>\n\n\n<h2 class=\"has-text-align-center wp-block-heading\" id=\"webcam-fort-mahon\"><strong>Webkamera Rodiles<\/strong><\/h2>\n\n\n\n<p>Espanjalainen hiekkaranta Playa de Rodiles on suosittu matkailukohde Pohjois-Espanjassa Asturian alueella. Se sijaitsee Atlantin rannikolla ja ilahduttaa joka vuosi lukuisia lomailijoita, jotka nauttivat oleskelustaan rannalla k\u00e4velyn, auringonoton ja vesiurheilun v\u00e4lill\u00e4. Webbikameramme Rodiles avulla voit aina katsoa t\u00e4m\u00e4n rauhallisen rannikon miellytt\u00e4v\u00e4\u00e4 s\u00e4\u00e4t\u00e4 ja kauniita maisemia ja inspiroitua seuraavaa lomaasi varten.<\/p>\n\n\n\n<p>Noin kilometrin pituisella rannalla on tasainen ja luotettava aallokko, jonka ansiosta se on yksi Espanjan suosituimmista vesiurheilukohteista, erityisesti surffaajien keskuudessa. Matkailuun hyvin kehitetyll\u00e4 rannalla on piknik-alue, ravintoloita, k\u00e4ym\u00e4l\u00f6it\u00e4 ja pelastusryhm\u00e4, jossa on Punaisen Ristin ensiapupiste, ja se tarjoaa kaiken, mik\u00e4 on t\u00e4rke\u00e4\u00e4 onnistuneelle ja turvalliselle lomalle. Lukuisien muiden ensiluokkaisten rantojen lis\u00e4ksi l\u00f6yd\u00e4t l\u00e4hist\u00f6lt\u00e4 Villaviciosan kaupungin, jossa on 14000 asukasta. Iso kaupunki Gij\u00f3n sijaitsee hieman l\u00e4nnemp\u00e4n\u00e4 ja kutsuu sinua p\u00e4iv\u00e4retkille. Ymp\u00e4r\u00f6iv\u00e4\u00e4 aluetta luonnehtivat mets\u00e4t, maatalous ja pienet kyl\u00e4t sek\u00e4 Villaviciosa-joki.<\/p><div id=\"weath-1001703081\" class=\"weath-inhalt_2 weath-entity-placement\" style=\"margin-top: 15px;margin-right: 25px;margin-bottom: 35px;margin-left: 25px;\"><script async src=\"\/\/pagead2.googlesyndication.com\/pagead\/js\/adsbygoogle.js?client=ca-pub-8960936133935804\" crossorigin=\"anonymous\"><\/script><ins class=\"adsbygoogle\" style=\"display:block;\" data-ad-client=\"ca-pub-8960936133935804\" \ndata-ad-slot=\"1963584050\" \ndata-ad-format=\"auto\"><\/ins>\n<script> \n(adsbygoogle = window.adsbygoogle || []).push({}); \n<\/script>\n<\/div>\n\n\n\n<div class=\"wp-block-columns is-layout-flex wp-container-core-columns-is-layout-9d6595d7 wp-block-columns-is-layout-flex\">\n<div class=\"wp-block-column webcam-column is-layout-flow wp-block-column-is-layout-flow\">\n<h3 class=\"has-text-align-center live-emoji wp-block-heading\">\ud83d\udd34 <strong>Webcam Rodilesin<\/strong> ranta<\/h3>\n\n\n\n<a name=\"windy-webcam-timelapse-player\" data-id=\"1625318607\" data-play=\"day\" href=\"https:\/\/windy.com\/webcams\/1625318607\" target=\"_blank\" rel=\"noopener\">Villaviciosa: Playa de Rodiles<\/a><script async=\"\" type=\"text\/javascript\" src=\"https:\/\/webcams.windy.com\/webcams\/public\/embed\/script\/player.js\"><\/script>\n<\/div>\n<\/div>\n\n\n\n<h2 class=\"wp-block-heading\" id=\"fort-mahon-today\"><strong>S\u00e4\u00e4 tutka Rodiles &#8211; S\u00e4\u00e4 Rodilesissa<\/strong><\/h2>\n\n\n\n<p>Jos haluat katsoa, millainen s\u00e4\u00e4 kohteessa Rodiles on, tarjoamme sinulle webbikameran Rodiles lis\u00e4ksi my\u00f6s s\u00e4\u00e4tutkan, joka pit\u00e4\u00e4 sinut aina ajan tasalla kaikista t\u00e4rkeimmist\u00e4 s\u00e4\u00e4ilmi\u00f6ist\u00e4. Voit siis ennakoida tulevat sateet ja myrskyt jo etuk\u00e4teen ja suunnitella lomasi t\u00e4ydellisesti. S\u00e4\u00e4tutka n\u00e4ytt\u00e4\u00e4 tuulen voimakkuuden, sateet ja ukkoset v\u00e4rillisin symbolein ja on intuitiivisesti ymm\u00e4rrett\u00e4v\u00e4. Mit\u00e4 tummempi ja sinisempi sadealue on, sit\u00e4 voimakkaampi sade on. Tuulen voimakkuus ja suunta ilmoitetaan nuolisymboleilla.<\/p>\n\n\n\n<div class=\"wp-block-columns is-layout-flex wp-container-core-columns-is-layout-9d6595d7 wp-block-columns-is-layout-flex\">\n<div class=\"wp-block-column is-layout-flow wp-block-column-is-layout-flow\" style=\"flex-basis:75%\">\n<iframe loading=\"lazy\" width=\"1300\" height=\"502\" src=\"https:\/\/embed.windy.com\/embed2.html?lat=43.533&amp;lon=-5.394&amp;detailLat=43.533&amp;detailLon=-5.394&amp;width=1300&amp;height=502&amp;zoom=11&amp;level=surface&amp;overlay=rain&amp;product=ecmwf&amp;menu=&amp;message=&amp;marker=&amp;calendar=now&amp;pressure=&amp;type=map&amp;location=coordinates&amp;detail=&amp;metricWind=default&amp;metricTemp=default&amp;radarRange=-1\" frameborder=\"0\"><\/iframe>\n<\/div>\n\n\n\n<div class=\"wp-block-column is-layout-flow wp-block-column-is-layout-flow\" style=\"flex-basis:25%\">\n<a class=\"weatherwidget-io\" href=\"https:\/\/forecast7.com\/en\/43d50n5d85\/rodiles\/\" data-label_1=\"RODILES\" data-theme=\"original\">RODILES<\/a>\n<script>\n!function(d,s,id){var js,fjs=d.getElementsByTagName(s)[0];if(!d.getElementById(id)){js=d.createElement(s);js.id=id;js.src='https:\/\/weatherwidget.io\/js\/widget.min.js';fjs.parentNode.insertBefore(js,fjs);}}(document,'script','weatherwidget-io-js');\n<\/script>\n<\/div>\n<\/div>\n\n\n\n<h2 class=\"wp-block-heading\" id=\"fort-mahon-weather\"><strong>Ilmasto Rodiles<\/strong><\/h2>\n\n\n\n<p>Rodiles Beachin ilmasto on Atlantin valtameren vaikutuspiiriss\u00e4 oleva meri-ilmasto, jossa talvet ja kes\u00e4t ovat leutoja. Kes\u00e4t l\u00e4mpenev\u00e4t, jolloin keskil\u00e4mp\u00f6tila on 22 astetta p\u00e4iv\u00e4ll\u00e4 ja 10 astetta y\u00f6ll\u00e4, ja ovat kuivia hein\u00e4kuusta syyskuuhun, kun taas talvikuukausina l\u00e4mp\u00f6mittari laskee keskim\u00e4\u00e4rin 11 asteeseen p\u00e4iv\u00e4ll\u00e4 ja 3 asteeseen y\u00f6ll\u00e4, ja sadetta on odotettavissa useammin. Lumisateet ja pakkaset ovat harvinaisia, mutta niit\u00e4 voi esiinty\u00e4. Kes\u00e4ll\u00e4 auringonpaistetta voi odottaa 9-11 tuntia p\u00e4iv\u00e4ss\u00e4. Surffaajien kannattaa kiinnitt\u00e4\u00e4 huomiota my\u00f6s tuulen voimakkuuteen. Vaikka useimmiten puhaltaa vain kevyt tuuli, satunnaiset r\u00e4nt\u00e4sateet voivat sekoittaa aaltoja ja tehd\u00e4 merest\u00e4 liian turvallisen surffaamiseen.<\/p>\n\n\n\n<h2 class=\"wp-block-heading\"><strong>Rodilesin n\u00e4ht\u00e4vyydet<\/strong> <\/h2>\n\n\n\n<p>Playa de Rodilesin suurin vetonaula on Atlantin valtameri, jonka aallot ovat luotettavan laadukkaita. Ranta on yksi Euroopan nelj\u00e4st\u00e4 parhaasta surffirannasta, ja se houkuttelee vuosittain lukuisia vesiurheilun harrastajia. Ymp\u00e4r\u00f6iv\u00e4ll\u00e4 alueella on lukuisia vaellusreittej\u00e4, uimarantoja sek\u00e4 mahdollisuus veneretkiin ja syv\u00e4nmeren kalastukseen. Gij\u00f3nin suuri satamakaupunki houkuttelee vierailijoita lukuisilla n\u00e4ht\u00e4vyyksill\u00e4, kuten museoilla, herkullisella gastronomialla ja arkkitehtonisesti vaikuttavalla Universidad Laboral de Gij\u00f3nilla.<\/p>\n","protected":false},"excerpt":{"rendered":"<p>Webkamera Rodiles Espanjalainen hiekkaranta Playa de Rodiles on suosittu matkailukohde Pohjois-Espanjassa Asturian alueella. Se sijaitsee Atlantin rannikolla ja ilahduttaa joka vuosi lukuisia lomailijoita, jotka nauttivat oleskelustaan rannalla k\u00e4velyn, auringonoton ja vesiurheilun v\u00e4lill\u00e4. Webbikameramme Rodiles avulla voit aina katsoa t\u00e4m\u00e4n rauhallisen rannikon miellytt\u00e4v\u00e4\u00e4 s\u00e4\u00e4t\u00e4 ja kauniita maisemia ja inspiroitua seuraavaa lomaasi varten. Noin kilometrin pituisella rannalla &#8230; <a title=\"Webkamera Rodiles\" class=\"read-more\" href=\"https:\/\/weather-radar-live.com\/fi\/webkamera\/espanja\/webkamera-rodiles\/\" aria-label=\"Lue lis\u00e4\u00e4 aiheesta Webkamera Rodiles\">Lue lis\u00e4\u00e4<\/a><\/p>\n","protected":false},"author":1,"featured_media":4447,"parent":4347,"menu_order":0,"comment_status":"closed","ping_status":"closed","template":"","meta":{"footnotes":""},"class_list":["post-4775","page","type-page","status-publish","has-post-thumbnail"],"yoast_head":"<!-- This site is optimized with the Yoast SEO plugin v27.5 - https:\/\/yoast.com\/product\/yoast-seo-wordpress\/ -->\n<title>Webkamera Rodiles \u2192 Katso suorana l\u00e4hetyksen\u00e4!<\/title>\n<meta name=\"description\" content=\"Webkamera Rodiles | Livecam of Rodiles! \u2705 P\u00e4ivitetty sinulle reaaliajassa! \u2705 Ajantasainen s\u00e4\u00e4ennuste!\" \/>\n<meta name=\"robots\" content=\"index, follow, max-snippet:-1, max-image-preview:large, max-video-preview:-1\" \/>\n<link rel=\"canonical\" href=\"https:\/\/weather-radar-live.com\/fi\/webkamera\/espanja\/webkamera-rodiles\/\" \/>\n<meta property=\"og:locale\" content=\"fi_FI\" \/>\n<meta property=\"og:type\" content=\"article\" \/>\n<meta property=\"og:title\" content=\"Webkamera Rodiles \u2192 Katso suorana l\u00e4hetyksen\u00e4!\" \/>\n<meta property=\"og:description\" content=\"Webkamera Rodiles | Livecam of Rodiles! \u2705 P\u00e4ivitetty sinulle reaaliajassa! \u2705 Ajantasainen s\u00e4\u00e4ennuste!\" \/>\n<meta property=\"og:url\" content=\"https:\/\/weather-radar-live.com\/fi\/webkamera\/espanja\/webkamera-rodiles\/\" \/>\n<meta property=\"og:site_name\" content=\"weather-radar-live.com\" \/>\n<meta property=\"article:modified_time\" content=\"2022-07-19T05:37:26+00:00\" \/>\n<meta property=\"og:image\" content=\"https:\/\/weather-radar-live.com\/wp-content\/uploads\/2021\/06\/sam-schooler-E9aetBe2w40-unsplash-e1622554814366.jpg\" \/>\n<meta name=\"twitter:card\" content=\"summary_large_image\" \/>\n<meta name=\"twitter:label1\" content=\"Arvioitu lukuaika\" \/>\n\t<meta name=\"twitter:data1\" content=\"2 minuuttia\" \/>\n<script type=\"application\/ld+json\" class=\"yoast-schema-graph\">{\"@context\":\"https:\\\/\\\/schema.org\",\"@graph\":[{\"@type\":\"WebPage\",\"@id\":\"https:\\\/\\\/weather-radar-live.com\\\/fi\\\/webkamera\\\/espanja\\\/webkamera-rodiles\\\/\",\"url\":\"https:\\\/\\\/weather-radar-live.com\\\/fi\\\/webkamera\\\/espanja\\\/webkamera-rodiles\\\/\",\"name\":\"Webkamera Rodiles \u2192 Katso suorana l\u00e4hetyksen\u00e4!\",\"isPartOf\":{\"@id\":\"https:\\\/\\\/weather-radar-live.com\\\/#website\"},\"primaryImageOfPage\":{\"@id\":\"https:\\\/\\\/weather-radar-live.com\\\/fi\\\/webkamera\\\/espanja\\\/webkamera-rodiles\\\/#primaryimage\"},\"image\":{\"@id\":\"https:\\\/\\\/weather-radar-live.com\\\/fi\\\/webkamera\\\/espanja\\\/webkamera-rodiles\\\/#primaryimage\"},\"thumbnailUrl\":\"https:\\\/\\\/weather-radar-live.com\\\/wp-content\\\/uploads\\\/2022\\\/07\\\/Webcam-Rodiles-e1658226928651.jpg\",\"datePublished\":\"2022-07-18T16:51:38+00:00\",\"dateModified\":\"2022-07-19T05:37:26+00:00\",\"description\":\"Webkamera Rodiles | Livecam of Rodiles! \u2705 P\u00e4ivitetty sinulle reaaliajassa! \u2705 Ajantasainen s\u00e4\u00e4ennuste!\",\"breadcrumb\":{\"@id\":\"https:\\\/\\\/weather-radar-live.com\\\/fi\\\/webkamera\\\/espanja\\\/webkamera-rodiles\\\/#breadcrumb\"},\"inLanguage\":\"fi\",\"potentialAction\":[{\"@type\":\"ReadAction\",\"target\":[\"https:\\\/\\\/weather-radar-live.com\\\/fi\\\/webkamera\\\/espanja\\\/webkamera-rodiles\\\/\"]}]},{\"@type\":\"ImageObject\",\"inLanguage\":\"fi\",\"@id\":\"https:\\\/\\\/weather-radar-live.com\\\/fi\\\/webkamera\\\/espanja\\\/webkamera-rodiles\\\/#primaryimage\",\"url\":\"https:\\\/\\\/weather-radar-live.com\\\/wp-content\\\/uploads\\\/2022\\\/07\\\/Webcam-Rodiles-e1658226928651.jpg\",\"contentUrl\":\"https:\\\/\\\/weather-radar-live.com\\\/wp-content\\\/uploads\\\/2022\\\/07\\\/Webcam-Rodiles-e1658226928651.jpg\",\"width\":1749,\"height\":948,\"caption\":\"Webcam Rodiles\"},{\"@type\":\"BreadcrumbList\",\"@id\":\"https:\\\/\\\/weather-radar-live.com\\\/fi\\\/webkamera\\\/espanja\\\/webkamera-rodiles\\\/#breadcrumb\",\"itemListElement\":[{\"@type\":\"ListItem\",\"position\":1,\"name\":\"Weather Radar Live\",\"item\":\"https:\\\/\\\/weather-radar-live.com\\\/fi\\\/\"},{\"@type\":\"ListItem\",\"position\":2,\"name\":\"Webkamera\",\"item\":\"https:\\\/\\\/weather-radar-live.com\\\/fi\\\/webkamera\\\/\"},{\"@type\":\"ListItem\",\"position\":3,\"name\":\"Espanja\",\"item\":\"https:\\\/\\\/weather-radar-live.com\\\/fi\\\/webkamera\\\/espanja\\\/\"},{\"@type\":\"ListItem\",\"position\":4,\"name\":\"Webkamera Rodiles\"}]},{\"@type\":\"WebSite\",\"@id\":\"https:\\\/\\\/weather-radar-live.com\\\/#website\",\"url\":\"https:\\\/\\\/weather-radar-live.com\\\/\",\"name\":\"weather-radar-live.com\",\"description\":\"Your weather and sky radar.\",\"publisher\":{\"@id\":\"https:\\\/\\\/weather-radar-live.com\\\/#organization\"},\"potentialAction\":[{\"@type\":\"SearchAction\",\"target\":{\"@type\":\"EntryPoint\",\"urlTemplate\":\"https:\\\/\\\/weather-radar-live.com\\\/?s={search_term_string}\"},\"query-input\":{\"@type\":\"PropertyValueSpecification\",\"valueRequired\":true,\"valueName\":\"search_term_string\"}}],\"inLanguage\":\"fi\"},{\"@type\":\"Organization\",\"@id\":\"https:\\\/\\\/weather-radar-live.com\\\/#organization\",\"name\":\"weather-radar-live.com\",\"url\":\"https:\\\/\\\/weather-radar-live.com\\\/\",\"logo\":{\"@type\":\"ImageObject\",\"inLanguage\":\"fi\",\"@id\":\"https:\\\/\\\/weather-radar-live.com\\\/#\\\/schema\\\/logo\\\/image\\\/\",\"url\":\"https:\\\/\\\/weather-radar-live.com\\\/wp-content\\\/uploads\\\/2022\\\/03\\\/cropped-WRL2503.png\",\"contentUrl\":\"https:\\\/\\\/weather-radar-live.com\\\/wp-content\\\/uploads\\\/2022\\\/03\\\/cropped-WRL2503.png\",\"width\":1920,\"height\":555,\"caption\":\"weather-radar-live.com\"},\"image\":{\"@id\":\"https:\\\/\\\/weather-radar-live.com\\\/#\\\/schema\\\/logo\\\/image\\\/\"}}]}<\/script>\n<!-- \/ Yoast SEO plugin. -->","yoast_head_json":{"title":"Webkamera Rodiles \u2192 Katso suorana l\u00e4hetyksen\u00e4!","description":"Webkamera Rodiles | Livecam of Rodiles! \u2705 P\u00e4ivitetty sinulle reaaliajassa! \u2705 Ajantasainen s\u00e4\u00e4ennuste!","robots":{"index":"index","follow":"follow","max-snippet":"max-snippet:-1","max-image-preview":"max-image-preview:large","max-video-preview":"max-video-preview:-1"},"canonical":"https:\/\/weather-radar-live.com\/fi\/webkamera\/espanja\/webkamera-rodiles\/","og_locale":"fi_FI","og_type":"article","og_title":"Webkamera Rodiles \u2192 Katso suorana l\u00e4hetyksen\u00e4!","og_description":"Webkamera Rodiles | Livecam of Rodiles! \u2705 P\u00e4ivitetty sinulle reaaliajassa! \u2705 Ajantasainen s\u00e4\u00e4ennuste!","og_url":"https:\/\/weather-radar-live.com\/fi\/webkamera\/espanja\/webkamera-rodiles\/","og_site_name":"weather-radar-live.com","article_modified_time":"2022-07-19T05:37:26+00:00","og_image":[{"url":"https:\/\/weather-radar-live.com\/wp-content\/uploads\/2021\/06\/sam-schooler-E9aetBe2w40-unsplash-e1622554814366.jpg","type":"","width":"","height":""}],"twitter_card":"summary_large_image","twitter_misc":{"Arvioitu lukuaika":"2 minuuttia"},"schema":{"@context":"https:\/\/schema.org","@graph":[{"@type":"WebPage","@id":"https:\/\/weather-radar-live.com\/fi\/webkamera\/espanja\/webkamera-rodiles\/","url":"https:\/\/weather-radar-live.com\/fi\/webkamera\/espanja\/webkamera-rodiles\/","name":"Webkamera Rodiles \u2192 Katso suorana l\u00e4hetyksen\u00e4!","isPartOf":{"@id":"https:\/\/weather-radar-live.com\/#website"},"primaryImageOfPage":{"@id":"https:\/\/weather-radar-live.com\/fi\/webkamera\/espanja\/webkamera-rodiles\/#primaryimage"},"image":{"@id":"https:\/\/weather-radar-live.com\/fi\/webkamera\/espanja\/webkamera-rodiles\/#primaryimage"},"thumbnailUrl":"https:\/\/weather-radar-live.com\/wp-content\/uploads\/2022\/07\/Webcam-Rodiles-e1658226928651.jpg","datePublished":"2022-07-18T16:51:38+00:00","dateModified":"2022-07-19T05:37:26+00:00","description":"Webkamera Rodiles | Livecam of Rodiles! \u2705 P\u00e4ivitetty sinulle reaaliajassa! \u2705 Ajantasainen s\u00e4\u00e4ennuste!","breadcrumb":{"@id":"https:\/\/weather-radar-live.com\/fi\/webkamera\/espanja\/webkamera-rodiles\/#breadcrumb"},"inLanguage":"fi","potentialAction":[{"@type":"ReadAction","target":["https:\/\/weather-radar-live.com\/fi\/webkamera\/espanja\/webkamera-rodiles\/"]}]},{"@type":"ImageObject","inLanguage":"fi","@id":"https:\/\/weather-radar-live.com\/fi\/webkamera\/espanja\/webkamera-rodiles\/#primaryimage","url":"https:\/\/weather-radar-live.com\/wp-content\/uploads\/2022\/07\/Webcam-Rodiles-e1658226928651.jpg","contentUrl":"https:\/\/weather-radar-live.com\/wp-content\/uploads\/2022\/07\/Webcam-Rodiles-e1658226928651.jpg","width":1749,"height":948,"caption":"Webcam Rodiles"},{"@type":"BreadcrumbList","@id":"https:\/\/weather-radar-live.com\/fi\/webkamera\/espanja\/webkamera-rodiles\/#breadcrumb","itemListElement":[{"@type":"ListItem","position":1,"name":"Weather Radar Live","item":"https:\/\/weather-radar-live.com\/fi\/"},{"@type":"ListItem","position":2,"name":"Webkamera","item":"https:\/\/weather-radar-live.com\/fi\/webkamera\/"},{"@type":"ListItem","position":3,"name":"Espanja","item":"https:\/\/weather-radar-live.com\/fi\/webkamera\/espanja\/"},{"@type":"ListItem","position":4,"name":"Webkamera Rodiles"}]},{"@type":"WebSite","@id":"https:\/\/weather-radar-live.com\/#website","url":"https:\/\/weather-radar-live.com\/","name":"weather-radar-live.com","description":"Your weather and sky radar.","publisher":{"@id":"https:\/\/weather-radar-live.com\/#organization"},"potentialAction":[{"@type":"SearchAction","target":{"@type":"EntryPoint","urlTemplate":"https:\/\/weather-radar-live.com\/?s={search_term_string}"},"query-input":{"@type":"PropertyValueSpecification","valueRequired":true,"valueName":"search_term_string"}}],"inLanguage":"fi"},{"@type":"Organization","@id":"https:\/\/weather-radar-live.com\/#organization","name":"weather-radar-live.com","url":"https:\/\/weather-radar-live.com\/","logo":{"@type":"ImageObject","inLanguage":"fi","@id":"https:\/\/weather-radar-live.com\/#\/schema\/logo\/image\/","url":"https:\/\/weather-radar-live.com\/wp-content\/uploads\/2022\/03\/cropped-WRL2503.png","contentUrl":"https:\/\/weather-radar-live.com\/wp-content\/uploads\/2022\/03\/cropped-WRL2503.png","width":1920,"height":555,"caption":"weather-radar-live.com"},"image":{"@id":"https:\/\/weather-radar-live.com\/#\/schema\/logo\/image\/"}}]}},"_links":{"self":[{"href":"https:\/\/weather-radar-live.com\/fi\/wp-json\/wp\/v2\/pages\/4775","targetHints":{"allow":["GET"]}}],"collection":[{"href":"https:\/\/weather-radar-live.com\/fi\/wp-json\/wp\/v2\/pages"}],"about":[{"href":"https:\/\/weather-radar-live.com\/fi\/wp-json\/wp\/v2\/types\/page"}],"author":[{"embeddable":true,"href":"https:\/\/weather-radar-live.com\/fi\/wp-json\/wp\/v2\/users\/1"}],"replies":[{"embeddable":true,"href":"https:\/\/weather-radar-live.com\/fi\/wp-json\/wp\/v2\/comments?post=4775"}],"version-history":[{"count":3,"href":"https:\/\/weather-radar-live.com\/fi\/wp-json\/wp\/v2\/pages\/4775\/revisions"}],"predecessor-version":[{"id":4862,"href":"https:\/\/weather-radar-live.com\/fi\/wp-json\/wp\/v2\/pages\/4775\/revisions\/4862"}],"up":[{"embeddable":true,"href":"https:\/\/weather-radar-live.com\/fi\/wp-json\/wp\/v2\/pages\/4347"}],"wp:featuredmedia":[{"embeddable":true,"href":"https:\/\/weather-radar-live.com\/fi\/wp-json\/wp\/v2\/media\/4447"}],"wp:attachment":[{"href":"https:\/\/weather-radar-live.com\/fi\/wp-json\/wp\/v2\/media?parent=4775"}],"curies":[{"name":"wp","href":"https:\/\/api.w.org\/{rel}","templated":true}]}}