{"id":4516,"date":"2022-05-12T14:17:46","date_gmt":"2022-05-12T12:17:46","guid":{"rendered":"https:\/\/weather-radar-live.com\/webkamera\/ranska\/webcam-la-clusaz\/"},"modified":"2022-07-15T13:03:11","modified_gmt":"2022-07-15T11:03:11","slug":"webcam-la-clusaz","status":"publish","type":"page","link":"https:\/\/weather-radar-live.com\/fi\/webkamera\/ranska\/webcam-la-clusaz\/","title":{"rendered":"Webcam La Clusaz"},"content":{"rendered":"<div id=\"weath-605999822\" class=\"weath-vor-dem-inhalt weath-entity-placement\" style=\"margin-top: 15px;margin-right: 25px;margin-bottom: 40px;margin-left: 25px;\"><script async src=\"\/\/pagead2.googlesyndication.com\/pagead\/js\/adsbygoogle.js?client=ca-pub-8960936133935804\" crossorigin=\"anonymous\"><\/script><ins class=\"adsbygoogle\" style=\"display:block;\" data-ad-client=\"ca-pub-8960936133935804\" \ndata-ad-slot=\"6172817020\" \ndata-ad-format=\"auto\"><\/ins>\n<script> \n(adsbygoogle = window.adsbygoogle || []).push({}); \n<\/script>\n<\/div>\n<div class=\"wp-block-cover alignfull is-light\"><span aria-hidden=\"true\" class=\"wp-block-cover__gradient-background has-background-dim\"><\/span><img decoding=\"async\" class=\"wp-block-cover__image-background wp-image-342\" alt=\"Webcam La Clusaz\" src=\"https:\/\/weather-radar-live.com\/wp-content\/uploads\/2021\/06\/sam-schooler-E9aetBe2w40-unsplash-e1622554814366.jpg\" data-object-fit=\"cover\"\/><div class=\"wp-block-cover__inner-container is-layout-flow wp-block-cover-is-layout-flow\">\n<h2 class=\"has-text-align-center heading wp-block-heading\" id=\"webcam-fort-mahon\" style=\"font-size:40px\"><strong><mark style=\"background-color:rgba(0, 0, 0, 0)\" class=\"has-inline-color has-base-3-color\">WEBCAM <\/mark><\/strong><br><strong><mark style=\"background-color:rgba(0, 0, 0, 0)\" class=\"has-inline-color has-base-3-color\"><strong>LA CLUSAZ<\/strong><\/mark><\/strong><\/h2>\n<\/div><\/div>\n\n\n<div class=\"yoast-breadcrumbs\"><span><span><a href=\"https:\/\/weather-radar-live.com\/fi\/\">Weather Radar Live<\/a><\/span> \u00bb <span><a href=\"https:\/\/weather-radar-live.com\/fi\/webkamera\/\">Webkamera<\/a><\/span> \u00bb <span><a href=\"https:\/\/weather-radar-live.com\/fi\/webkamera\/ranska\/\">Ranska<\/a><\/span> \u00bb <span class=\"breadcrumb_last\" aria-current=\"page\"><strong>Webcam La Clusaz<\/strong><\/span><\/span><\/div>\n\n\n<h2 class=\"has-text-align-center wp-block-heading\" id=\"webcam-fort-mahon\"><strong>Webcam <strong>La Clusaz <\/strong><\/strong><\/h2>\n\n\n\n<p>La Clusaz sijaitsee Euroopan risteyksess\u00e4. Se on vieh\u00e4tt\u00e4v\u00e4 vuoristokyl\u00e4, jonka perinteinen arkkitehtuuri on s\u00e4ilytt\u00e4nyt kaiken kauneutensa. La Clusaz on tyypillinen mutta yst\u00e4v\u00e4llinen vuoristokyl\u00e4 Alpeilla. Genevest\u00e4 (1 tunti) p\u00e4\u00e4see helposti ja Calais&#8217;sta on lyhyt ajomatka. Se on kansainv\u00e4linen hiihtokeskus, joka tarjoaa monenlaisia maastoja. Kyl\u00e4n keskustaa on parannettu, jotta se olisi paremmin jalankulkijoiden saavutettavissa.<\/p>\n\n\n\n<p>La Clusaz&#8217;n Aravis-massiivilla, joka on osa Alppien ensimm\u00e4ist\u00e4 &#8221;luonnollista estett\u00e4&#8221;, on Ranskan parhaat lumiolosuhteet. Livekameramme avulla voit tarkistaa La Clusaz&#8217;n nykyisen s\u00e4\u00e4n. Lis\u00e4ksi n\u00e4et lumiolosuhteet ja muut s\u00e4\u00e4h\u00e4n liittyv\u00e4t asiat, ja ne auttavat sinua p\u00e4\u00e4tt\u00e4m\u00e4\u00e4n, onko syyt\u00e4 suunnitella matka t\u00e4nne vai ei.<\/p><div id=\"weath-4113778086\" class=\"weath-inhalt_2 weath-entity-placement\" style=\"margin-top: 15px;margin-right: 25px;margin-bottom: 35px;margin-left: 25px;\"><script async src=\"\/\/pagead2.googlesyndication.com\/pagead\/js\/adsbygoogle.js?client=ca-pub-8960936133935804\" crossorigin=\"anonymous\"><\/script><ins class=\"adsbygoogle\" style=\"display:block;\" data-ad-client=\"ca-pub-8960936133935804\" \ndata-ad-slot=\"1963584050\" \ndata-ad-format=\"auto\"><\/ins>\n<script> \n(adsbygoogle = window.adsbygoogle || []).push({}); \n<\/script>\n<\/div>\n\n\n\n<div class=\"wp-block-columns is-layout-flex wp-container-core-columns-is-layout-9d6595d7 wp-block-columns-is-layout-flex\">\n<div class=\"wp-block-column webcam-column is-layout-flow wp-block-column-is-layout-flow\">\n<h3 class=\"has-text-align-center wp-block-heading\"> \ud83d\udd34 <strong>Webcam <strong><strong>La Clusaz<\/strong><\/strong><\/strong> &#8211; Etel\u00e4inen<\/h3>\n\n\n\n<a name=\"windy-webcam-timelapse-player\" data-id=\"1646053165\" data-play=\"day\" href=\"https:\/\/windy.com\/webcams\/1646053165\" target=\"_blank\" rel=\"noopener\">La Clusaz &#8217; S\u00fcd<\/a><script async=\"\" type=\"text\/javascript\" src=\"https:\/\/webcams.windy.com\/webcams\/public\/embed\/script\/player.js\"><\/script>\n<\/div>\n<\/div>\n\n\n\n<div class=\"wp-block-columns is-layout-flex wp-container-core-columns-is-layout-9d6595d7 wp-block-columns-is-layout-flex\">\n<div class=\"wp-block-column webcam-column is-layout-flow wp-block-column-is-layout-flow\">\n<h3 class=\"has-text-align-center wp-block-heading\"> \ud83d\udd34 <strong>Webcam <strong><strong>La Clusaz<\/strong><\/strong><\/strong> &#8211; Keskusta kyl\u00e4ss\u00e4<\/h3>\n\n\n\n<a name=\"windy-webcam-timelapse-player\" data-id=\"1263120814\" data-play=\"day\" href=\"https:\/\/windy.com\/webcams\/1263120814\" target=\"_blank\" rel=\"noopener\">La Clusaz : Panoraaman\u00e4kym\u00e4 kyl\u00e4n keskustaan<\/a><script async=\"\" type=\"text\/javascript\" src=\"https:\/\/webcams.windy.com\/webcams\/public\/embed\/script\/player.js\"><\/script>\n<\/div>\n\n\n\n<div class=\"wp-block-column webcam-column is-layout-flow wp-block-column-is-layout-flow\">\n<h3 class=\"has-text-align-center live-emoji wp-block-heading\"> \ud83d\udd34 <strong>Webcam <strong><strong>La Clusaz<\/strong><\/strong><\/strong> &#8211; Hiihtorinteess\u00e4<\/h3>\n\n\n\n<a name=\"windy-webcam-timelapse-player\" data-id=\"1584649787\" data-play=\"day\" href=\"https:\/\/windy.com\/webcams\/1584649787\" target=\"_blank\" rel=\"noopener\">La Clusaz<\/a><script async=\"\" type=\"text\/javascript\" src=\"https:\/\/webcams.windy.com\/webcams\/public\/embed\/script\/player.js\"><\/script>\n<\/div>\n<\/div>\n\n\n\n<h2 class=\"wp-block-heading\" id=\"fort-mahon-today\"><strong>S\u00e4\u00e4 tutka La Clusaz &#8211; <\/strong> <strong>S\u00e4\u00e4 La Clusaz <\/strong><\/h2>\n\n\n\n<p>Saat live-p\u00e4ivitykset ja s\u00e4\u00e4ennusteet La Clusaziin t\u00e4\u00e4lt\u00e4. Live-s\u00e4\u00e4tutka tarjoaa lumilautailijoille, hiiht\u00e4jille ja muille selke\u00e4n n\u00e4kym\u00e4n seuraaviin asioihin <a href=\"https:\/\/weather-radar-live.com\/fi\/lumitilanne\/\"><strong>lumisateet<\/strong><\/a>.. <a href=\"https:\/\/weather-radar-live.com\/fi\/ukkostutka\/\"><strong>ukkoset<\/strong><\/a>.. <a href=\"https:\/\/weather-radar-live.com\/fi\/pilvet\/\"><strong>pilvipeite<\/strong><\/a> ja <strong><a href=\"https:\/\/weather-radar-live.com\/fi\/sadetutka\/\">sadem\u00e4\u00e4r\u00e4<\/a> <\/strong>ja <a href=\"https:\/\/weather-radar-live.com\/fi\/tornado-radar\/\"><strong>tornadot<\/strong><\/a>. S\u00e4\u00e4olosuhteiden tarkasteleminen kartalla on melko helppoa. Klikkaa webkameran\u00e4kym\u00e4\u00e4 ja selaa alasp\u00e4in n\u00e4hd\u00e4ksesi, miten s\u00e4\u00e4 muuttuu La Clusazissa eri aikoina.<\/p>\n\n\n\n<div class=\"wp-block-columns is-layout-flex wp-container-core-columns-is-layout-9d6595d7 wp-block-columns-is-layout-flex\">\n<div class=\"wp-block-column is-layout-flow wp-block-column-is-layout-flow\" style=\"flex-basis:75%\">\n<iframe loading=\"lazy\" width=\"1300\" height=\"502\" src=\"https:\/\/embed.windy.com\/embed2.html?lat=45.905&amp;lon=6.373&amp;detailLat=45.905&amp;detailLon=6.373&amp;width=1300&amp;height=508&amp;zoom=11&amp;level=surface&amp;overlay=wind&amp;product=ecmwf&amp;menu=&amp;message=&amp;marker=&amp;calendar=now&amp;pressure=&amp;type=map&amp;location=coordinates&amp;detail=&amp;metricWind=default&amp;metricTemp=default&amp;radarRange=-1\" frameborder=\"0\"><\/iframe>\n<\/div>\n\n\n\n<div class=\"wp-block-column is-layout-flow wp-block-column-is-layout-flow\" style=\"flex-basis:25%\">\n<a class=\"weatherwidget-io\" href=\"https:\/\/forecast7.com\/en\/45d906d42\/la-clusaz\/\" data-label_1=\"LA CLUSAZ\" data-font=\"Roboto\" data-theme=\"original\">LA CLUSAZ<\/a>\n<script>\n!function(d,s,id){var js,fjs=d.getElementsByTagName(s)[0];if(!d.getElementById(id)){js=d.createElement(s);js.id=id;js.src='https:\/\/weatherwidget.io\/js\/widget.min.js';fjs.parentNode.insertBefore(js,fjs);}}(document,'script','weatherwidget-io-js') ;\n<\/script>\n<\/div>\n<\/div>\n\n\n\n<h2 class=\"wp-block-heading\" id=\"fort-mahon-weather\"><strong>La Clusazin ilmasto <\/strong><\/h2>\n\n\n\n<p>La Clusaz sijaitsee Alppien luoteisp\u00e4\u00e4ss\u00e4, joten sen ilmastoon vaikuttaa p\u00e4\u00e4asiassa Atlantin valtameri. T\u00e4m\u00e4n seurauksena se saa paljon lunta korkeammilla paikoilla, mutta on my\u00f6s alttiina suuremmalle sateen riskille alemmilla tasoilla. La Clusaz&#8217;n ilmasto on kylm\u00e4 ja lauhkea, ja siell\u00e4 sataa paljon jopa kuivimpina kuukausina.<\/p>\n\n\n\n<p><strong>L\u00e4mp\u00f6tila <\/strong><\/p>\n\n\n\n<p>L\u00e4mp\u00f6tila La Clusazissa on yleens\u00e4 4,9 \u00b0C eli 40,8 \u00b0F.<\/p>\n\n\n\n<p><strong>Sadem\u00e4\u00e4r\u00e4 <\/strong><\/p>\n\n\n\n<p>Keskim\u00e4\u00e4r\u00e4inen vuotuinen sadem\u00e4\u00e4r\u00e4 on 1734 millimetri\u00e4.<\/p>\n\n\n\n<p><strong>Lumen luotettavuus <\/strong><\/p>\n\n\n\n<p>Vaikka La Clusazissa on paljon lunta, alemmat rinteet voivat heikenty\u00e4 leudommalla s\u00e4\u00e4ll\u00e4. Tavallisesti on parasta hiiht\u00e4\u00e4 hiihtoalueen korkeammalla, pohjoisempana sijaitsevalla La Balmen alueella huhtikuun loppuun asti.<\/p>\n\n\n\n<p>Tutustu seuraavaan lumivarmuusindeksiin kohteessa La Clusaz:<\/p>\n\n\n\n<p>\u25cf Yleinen lumipeite: 3\/5<\/p>\n\n\n\n<p>\u25cf Lumen peitt\u00e4vyys lomakeskuksen tasolla: 2\/5<\/p>\n\n\n\n<p>\u25cf Lumen laatu rinteen yl\u00e4osassa : 3.5\/5<\/p>\n\n\n\n<p>\u25cf Lumen laatu rinteen alaosassa: 2\/5<\/p>\n\n\n\n<p>\u25cf Jauhepotentiaali : 3\/5<\/p>\n\n\n\n<h2 class=\"wp-block-heading\"><strong><strong>La Clusazin <\/strong>hiihtokeskus <\/strong><\/h2>\n\n\n\n<p>Val d&#8217;Is\u00e8ren hiihtokeskus on yksi Alppien tunnetuimmista alueista, ja siell\u00e4 on Alppien paras lumen laatu. Siell\u00e4 on paljon korkealla sijaitsevia hiihtolatuja. J\u00e4\u00e4tik\u00f6iden ja lumivarmojen rinteiden yhdistelm\u00e4 tekee t\u00e4st\u00e4 Euroopan alueesta ainutlaatuisen kohteen pitk\u00e4lle hiihtokaudelle. Se on 1850 metrin korkeudessa merenpinnan yl\u00e4puolella sijaitseva Euroopan suurin lumivarma hiihtokeskus. Sen rinteet vaihtelevat 1785 metrist\u00e4 3300 metriin, ja sen ladut ovat 150 kilometri\u00e4 pitki\u00e4. Monet Val d&#8217;Iseren rinteist\u00e4 ovat melko jyrkki\u00e4, ja ne voivat olla ruuhkaisia, kun siell\u00e4 on paljon liikennett\u00e4. Voit viett\u00e4\u00e4 koko el\u00e4m\u00e4si hiiht\u00e4en ja lumilautaillen t\u00e4ss\u00e4 laajassa ja haastavassa maastossa; sinun on vain raivattava tiesi v\u00e4kijoukkojen l\u00e4pi.<\/p>\n","protected":false},"excerpt":{"rendered":"<p>Webcam La Clusaz La Clusaz sijaitsee Euroopan risteyksess\u00e4. Se on vieh\u00e4tt\u00e4v\u00e4 vuoristokyl\u00e4, jonka perinteinen arkkitehtuuri on s\u00e4ilytt\u00e4nyt kaiken kauneutensa. La Clusaz on tyypillinen mutta yst\u00e4v\u00e4llinen vuoristokyl\u00e4 Alpeilla. Genevest\u00e4 (1 tunti) p\u00e4\u00e4see helposti ja Calais&#8217;sta on lyhyt ajomatka. Se on kansainv\u00e4linen hiihtokeskus, joka tarjoaa monenlaisia maastoja. Kyl\u00e4n keskustaa on parannettu, jotta se olisi paremmin jalankulkijoiden saavutettavissa. &#8230; <a title=\"Webcam La Clusaz\" class=\"read-more\" href=\"https:\/\/weather-radar-live.com\/fi\/webkamera\/ranska\/webcam-la-clusaz\/\" aria-label=\"Lue lis\u00e4\u00e4 aiheesta Webcam La Clusaz\">Lue lis\u00e4\u00e4<\/a><\/p>\n","protected":false},"author":1,"featured_media":3752,"parent":4177,"menu_order":0,"comment_status":"closed","ping_status":"closed","template":"","meta":{"footnotes":""},"class_list":["post-4516","page","type-page","status-publish","has-post-thumbnail"],"yoast_head":"<!-- This site is optimized with the Yoast SEO plugin v27.5 - https:\/\/yoast.com\/product\/yoast-seo-wordpress\/ -->\n<title>Webcam La Clusaz - weather-radar-live.com<\/title>\n<meta name=\"description\" content=\"Webcam La Clusaz | Livecam La Clusaz ! \u2705 P\u00e4ivitetty sinulle reaaliajassa! \u2705 Nykyinen s\u00e4\u00e4ennuste !\" \/>\n<meta name=\"robots\" content=\"index, follow, max-snippet:-1, max-image-preview:large, max-video-preview:-1\" \/>\n<link rel=\"canonical\" href=\"https:\/\/weather-radar-live.com\/fi\/webkamera\/ranska\/webcam-la-clusaz\/\" \/>\n<meta property=\"og:locale\" content=\"fi_FI\" \/>\n<meta property=\"og:type\" content=\"article\" \/>\n<meta property=\"og:title\" content=\"Webcam La Clusaz - weather-radar-live.com\" \/>\n<meta property=\"og:description\" content=\"Webcam La Clusaz | Livecam La Clusaz ! \u2705 P\u00e4ivitetty sinulle reaaliajassa! \u2705 Nykyinen s\u00e4\u00e4ennuste !\" \/>\n<meta property=\"og:url\" content=\"https:\/\/weather-radar-live.com\/fi\/webkamera\/ranska\/webcam-la-clusaz\/\" \/>\n<meta property=\"og:site_name\" content=\"weather-radar-live.com\" \/>\n<meta property=\"article:modified_time\" content=\"2022-07-15T11:03:11+00:00\" \/>\n<meta property=\"og:image\" content=\"https:\/\/weather-radar-live.com\/wp-content\/uploads\/2021\/06\/sam-schooler-E9aetBe2w40-unsplash-e1622554814366.jpg\" \/>\n<meta name=\"twitter:card\" content=\"summary_large_image\" \/>\n<meta name=\"twitter:label1\" content=\"Arvioitu lukuaika\" \/>\n\t<meta name=\"twitter:data1\" content=\"2 minuuttia\" \/>\n<script type=\"application\/ld+json\" class=\"yoast-schema-graph\">{\"@context\":\"https:\\\/\\\/schema.org\",\"@graph\":[{\"@type\":\"WebPage\",\"@id\":\"https:\\\/\\\/weather-radar-live.com\\\/fi\\\/webkamera\\\/ranska\\\/webcam-la-clusaz\\\/\",\"url\":\"https:\\\/\\\/weather-radar-live.com\\\/fi\\\/webkamera\\\/ranska\\\/webcam-la-clusaz\\\/\",\"name\":\"Webcam La Clusaz - weather-radar-live.com\",\"isPartOf\":{\"@id\":\"https:\\\/\\\/weather-radar-live.com\\\/#website\"},\"primaryImageOfPage\":{\"@id\":\"https:\\\/\\\/weather-radar-live.com\\\/fi\\\/webkamera\\\/ranska\\\/webcam-la-clusaz\\\/#primaryimage\"},\"image\":{\"@id\":\"https:\\\/\\\/weather-radar-live.com\\\/fi\\\/webkamera\\\/ranska\\\/webcam-la-clusaz\\\/#primaryimage\"},\"thumbnailUrl\":\"https:\\\/\\\/weather-radar-live.com\\\/wp-content\\\/uploads\\\/2022\\\/04\\\/Webcams-La-Clusaz_-e1650448216465.jpg\",\"datePublished\":\"2022-05-12T12:17:46+00:00\",\"dateModified\":\"2022-07-15T11:03:11+00:00\",\"description\":\"Webcam La Clusaz | Livecam La Clusaz ! \u2705 P\u00e4ivitetty sinulle reaaliajassa! \u2705 Nykyinen s\u00e4\u00e4ennuste !\",\"breadcrumb\":{\"@id\":\"https:\\\/\\\/weather-radar-live.com\\\/fi\\\/webkamera\\\/ranska\\\/webcam-la-clusaz\\\/#breadcrumb\"},\"inLanguage\":\"fi\",\"potentialAction\":[{\"@type\":\"ReadAction\",\"target\":[\"https:\\\/\\\/weather-radar-live.com\\\/fi\\\/webkamera\\\/ranska\\\/webcam-la-clusaz\\\/\"]}]},{\"@type\":\"ImageObject\",\"inLanguage\":\"fi\",\"@id\":\"https:\\\/\\\/weather-radar-live.com\\\/fi\\\/webkamera\\\/ranska\\\/webcam-la-clusaz\\\/#primaryimage\",\"url\":\"https:\\\/\\\/weather-radar-live.com\\\/wp-content\\\/uploads\\\/2022\\\/04\\\/Webcams-La-Clusaz_-e1650448216465.jpg\",\"contentUrl\":\"https:\\\/\\\/weather-radar-live.com\\\/wp-content\\\/uploads\\\/2022\\\/04\\\/Webcams-La-Clusaz_-e1650448216465.jpg\",\"width\":1764,\"height\":883,\"caption\":\"Webcam La Clusaz\"},{\"@type\":\"BreadcrumbList\",\"@id\":\"https:\\\/\\\/weather-radar-live.com\\\/fi\\\/webkamera\\\/ranska\\\/webcam-la-clusaz\\\/#breadcrumb\",\"itemListElement\":[{\"@type\":\"ListItem\",\"position\":1,\"name\":\"Weather Radar Live\",\"item\":\"https:\\\/\\\/weather-radar-live.com\\\/fi\\\/\"},{\"@type\":\"ListItem\",\"position\":2,\"name\":\"Webkamera\",\"item\":\"https:\\\/\\\/weather-radar-live.com\\\/fi\\\/webkamera\\\/\"},{\"@type\":\"ListItem\",\"position\":3,\"name\":\"Ranska\",\"item\":\"https:\\\/\\\/weather-radar-live.com\\\/fi\\\/webkamera\\\/ranska\\\/\"},{\"@type\":\"ListItem\",\"position\":4,\"name\":\"Webcam La Clusaz\"}]},{\"@type\":\"WebSite\",\"@id\":\"https:\\\/\\\/weather-radar-live.com\\\/#website\",\"url\":\"https:\\\/\\\/weather-radar-live.com\\\/\",\"name\":\"weather-radar-live.com\",\"description\":\"Your weather and sky radar.\",\"publisher\":{\"@id\":\"https:\\\/\\\/weather-radar-live.com\\\/#organization\"},\"potentialAction\":[{\"@type\":\"SearchAction\",\"target\":{\"@type\":\"EntryPoint\",\"urlTemplate\":\"https:\\\/\\\/weather-radar-live.com\\\/?s={search_term_string}\"},\"query-input\":{\"@type\":\"PropertyValueSpecification\",\"valueRequired\":true,\"valueName\":\"search_term_string\"}}],\"inLanguage\":\"fi\"},{\"@type\":\"Organization\",\"@id\":\"https:\\\/\\\/weather-radar-live.com\\\/#organization\",\"name\":\"weather-radar-live.com\",\"url\":\"https:\\\/\\\/weather-radar-live.com\\\/\",\"logo\":{\"@type\":\"ImageObject\",\"inLanguage\":\"fi\",\"@id\":\"https:\\\/\\\/weather-radar-live.com\\\/#\\\/schema\\\/logo\\\/image\\\/\",\"url\":\"https:\\\/\\\/weather-radar-live.com\\\/wp-content\\\/uploads\\\/2022\\\/03\\\/cropped-WRL2503.png\",\"contentUrl\":\"https:\\\/\\\/weather-radar-live.com\\\/wp-content\\\/uploads\\\/2022\\\/03\\\/cropped-WRL2503.png\",\"width\":1920,\"height\":555,\"caption\":\"weather-radar-live.com\"},\"image\":{\"@id\":\"https:\\\/\\\/weather-radar-live.com\\\/#\\\/schema\\\/logo\\\/image\\\/\"}}]}<\/script>\n<!-- \/ Yoast SEO plugin. -->","yoast_head_json":{"title":"Webcam La Clusaz - weather-radar-live.com","description":"Webcam La Clusaz | Livecam La Clusaz ! \u2705 P\u00e4ivitetty sinulle reaaliajassa! \u2705 Nykyinen s\u00e4\u00e4ennuste !","robots":{"index":"index","follow":"follow","max-snippet":"max-snippet:-1","max-image-preview":"max-image-preview:large","max-video-preview":"max-video-preview:-1"},"canonical":"https:\/\/weather-radar-live.com\/fi\/webkamera\/ranska\/webcam-la-clusaz\/","og_locale":"fi_FI","og_type":"article","og_title":"Webcam La Clusaz - weather-radar-live.com","og_description":"Webcam La Clusaz | Livecam La Clusaz ! \u2705 P\u00e4ivitetty sinulle reaaliajassa! \u2705 Nykyinen s\u00e4\u00e4ennuste !","og_url":"https:\/\/weather-radar-live.com\/fi\/webkamera\/ranska\/webcam-la-clusaz\/","og_site_name":"weather-radar-live.com","article_modified_time":"2022-07-15T11:03:11+00:00","og_image":[{"url":"https:\/\/weather-radar-live.com\/wp-content\/uploads\/2021\/06\/sam-schooler-E9aetBe2w40-unsplash-e1622554814366.jpg","type":"","width":"","height":""}],"twitter_card":"summary_large_image","twitter_misc":{"Arvioitu lukuaika":"2 minuuttia"},"schema":{"@context":"https:\/\/schema.org","@graph":[{"@type":"WebPage","@id":"https:\/\/weather-radar-live.com\/fi\/webkamera\/ranska\/webcam-la-clusaz\/","url":"https:\/\/weather-radar-live.com\/fi\/webkamera\/ranska\/webcam-la-clusaz\/","name":"Webcam La Clusaz - weather-radar-live.com","isPartOf":{"@id":"https:\/\/weather-radar-live.com\/#website"},"primaryImageOfPage":{"@id":"https:\/\/weather-radar-live.com\/fi\/webkamera\/ranska\/webcam-la-clusaz\/#primaryimage"},"image":{"@id":"https:\/\/weather-radar-live.com\/fi\/webkamera\/ranska\/webcam-la-clusaz\/#primaryimage"},"thumbnailUrl":"https:\/\/weather-radar-live.com\/wp-content\/uploads\/2022\/04\/Webcams-La-Clusaz_-e1650448216465.jpg","datePublished":"2022-05-12T12:17:46+00:00","dateModified":"2022-07-15T11:03:11+00:00","description":"Webcam La Clusaz | Livecam La Clusaz ! \u2705 P\u00e4ivitetty sinulle reaaliajassa! \u2705 Nykyinen s\u00e4\u00e4ennuste !","breadcrumb":{"@id":"https:\/\/weather-radar-live.com\/fi\/webkamera\/ranska\/webcam-la-clusaz\/#breadcrumb"},"inLanguage":"fi","potentialAction":[{"@type":"ReadAction","target":["https:\/\/weather-radar-live.com\/fi\/webkamera\/ranska\/webcam-la-clusaz\/"]}]},{"@type":"ImageObject","inLanguage":"fi","@id":"https:\/\/weather-radar-live.com\/fi\/webkamera\/ranska\/webcam-la-clusaz\/#primaryimage","url":"https:\/\/weather-radar-live.com\/wp-content\/uploads\/2022\/04\/Webcams-La-Clusaz_-e1650448216465.jpg","contentUrl":"https:\/\/weather-radar-live.com\/wp-content\/uploads\/2022\/04\/Webcams-La-Clusaz_-e1650448216465.jpg","width":1764,"height":883,"caption":"Webcam La Clusaz"},{"@type":"BreadcrumbList","@id":"https:\/\/weather-radar-live.com\/fi\/webkamera\/ranska\/webcam-la-clusaz\/#breadcrumb","itemListElement":[{"@type":"ListItem","position":1,"name":"Weather Radar Live","item":"https:\/\/weather-radar-live.com\/fi\/"},{"@type":"ListItem","position":2,"name":"Webkamera","item":"https:\/\/weather-radar-live.com\/fi\/webkamera\/"},{"@type":"ListItem","position":3,"name":"Ranska","item":"https:\/\/weather-radar-live.com\/fi\/webkamera\/ranska\/"},{"@type":"ListItem","position":4,"name":"Webcam La Clusaz"}]},{"@type":"WebSite","@id":"https:\/\/weather-radar-live.com\/#website","url":"https:\/\/weather-radar-live.com\/","name":"weather-radar-live.com","description":"Your weather and sky radar.","publisher":{"@id":"https:\/\/weather-radar-live.com\/#organization"},"potentialAction":[{"@type":"SearchAction","target":{"@type":"EntryPoint","urlTemplate":"https:\/\/weather-radar-live.com\/?s={search_term_string}"},"query-input":{"@type":"PropertyValueSpecification","valueRequired":true,"valueName":"search_term_string"}}],"inLanguage":"fi"},{"@type":"Organization","@id":"https:\/\/weather-radar-live.com\/#organization","name":"weather-radar-live.com","url":"https:\/\/weather-radar-live.com\/","logo":{"@type":"ImageObject","inLanguage":"fi","@id":"https:\/\/weather-radar-live.com\/#\/schema\/logo\/image\/","url":"https:\/\/weather-radar-live.com\/wp-content\/uploads\/2022\/03\/cropped-WRL2503.png","contentUrl":"https:\/\/weather-radar-live.com\/wp-content\/uploads\/2022\/03\/cropped-WRL2503.png","width":1920,"height":555,"caption":"weather-radar-live.com"},"image":{"@id":"https:\/\/weather-radar-live.com\/#\/schema\/logo\/image\/"}}]}},"_links":{"self":[{"href":"https:\/\/weather-radar-live.com\/fi\/wp-json\/wp\/v2\/pages\/4516","targetHints":{"allow":["GET"]}}],"collection":[{"href":"https:\/\/weather-radar-live.com\/fi\/wp-json\/wp\/v2\/pages"}],"about":[{"href":"https:\/\/weather-radar-live.com\/fi\/wp-json\/wp\/v2\/types\/page"}],"author":[{"embeddable":true,"href":"https:\/\/weather-radar-live.com\/fi\/wp-json\/wp\/v2\/users\/1"}],"replies":[{"embeddable":true,"href":"https:\/\/weather-radar-live.com\/fi\/wp-json\/wp\/v2\/comments?post=4516"}],"version-history":[{"count":3,"href":"https:\/\/weather-radar-live.com\/fi\/wp-json\/wp\/v2\/pages\/4516\/revisions"}],"predecessor-version":[{"id":4541,"href":"https:\/\/weather-radar-live.com\/fi\/wp-json\/wp\/v2\/pages\/4516\/revisions\/4541"}],"up":[{"embeddable":true,"href":"https:\/\/weather-radar-live.com\/fi\/wp-json\/wp\/v2\/pages\/4177"}],"wp:featuredmedia":[{"embeddable":true,"href":"https:\/\/weather-radar-live.com\/fi\/wp-json\/wp\/v2\/media\/3752"}],"wp:attachment":[{"href":"https:\/\/weather-radar-live.com\/fi\/wp-json\/wp\/v2\/media?parent=4516"}],"curies":[{"name":"wp","href":"https:\/\/api.w.org\/{rel}","templated":true}]}}