{"id":3698,"date":"2022-04-19T14:04:52","date_gmt":"2022-04-19T12:04:52","guid":{"rendered":"https:\/\/weather-radar-live.com\/webcam-la-bresse\/"},"modified":"2022-07-15T13:30:47","modified_gmt":"2022-07-15T11:30:47","slug":"webcam-la-bresse","status":"publish","type":"page","link":"https:\/\/weather-radar-live.com\/fi\/webkamera\/ranska\/webcam-la-bresse\/","title":{"rendered":"Webcam La Bresse"},"content":{"rendered":"<div id=\"weath-834598217\" class=\"weath-vor-dem-inhalt weath-entity-placement\" style=\"margin-top: 15px;margin-right: 25px;margin-bottom: 40px;margin-left: 25px;\"><script async src=\"\/\/pagead2.googlesyndication.com\/pagead\/js\/adsbygoogle.js?client=ca-pub-8960936133935804\" crossorigin=\"anonymous\"><\/script><ins class=\"adsbygoogle\" style=\"display:block;\" data-ad-client=\"ca-pub-8960936133935804\" \ndata-ad-slot=\"6172817020\" \ndata-ad-format=\"auto\"><\/ins>\n<script> \n(adsbygoogle = window.adsbygoogle || []).push({}); \n<\/script>\n<\/div>\n<div class=\"wp-block-cover alignfull is-light\"><span aria-hidden=\"true\" class=\"wp-block-cover__gradient-background has-background-dim\"><\/span><img decoding=\"async\" class=\"wp-block-cover__image-background wp-image-342\" alt=\"Webcam La Bresse\" src=\"https:\/\/weather-radar-live.com\/wp-content\/uploads\/2021\/06\/sam-schooler-E9aetBe2w40-unsplash-e1622554814366.jpg\" data-object-fit=\"cover\"\/><div class=\"wp-block-cover__inner-container is-layout-flow wp-block-cover-is-layout-flow\">\n<h2 class=\"has-text-align-center heading wp-block-heading\" id=\"webcam-fort-mahon\" style=\"font-size:40px\"><strong><mark style=\"background-color:rgba(0, 0, 0, 0)\" class=\"has-inline-color has-base-3-color\">WEBCAM <\/mark><br><mark style=\"background-color:rgba(0, 0, 0, 0)\" class=\"has-inline-color has-base-3-color\">LA BRESSE<\/mark><\/strong><\/h2>\n<\/div><\/div>\n\n\n<div class=\"yoast-breadcrumbs\"><span><span><a href=\"https:\/\/weather-radar-live.com\/fi\/\">Weather Radar Live<\/a><\/span> \u00bb <span><a href=\"https:\/\/weather-radar-live.com\/fi\/webkamera\/\">Webkamera<\/a><\/span> \u00bb <span><a href=\"https:\/\/weather-radar-live.com\/fi\/webkamera\/ranska\/\">Ranska<\/a><\/span> \u00bb <span class=\"breadcrumb_last\" aria-current=\"page\"><strong>Webcam La Bresse<\/strong><\/span><\/span><\/div>\n\n\n<h2 class=\"has-text-align-center wp-block-heading\" id=\"webcam-fort-mahon\"><strong>Webcam La Bresse<\/strong><\/h2>\n\n\n\n<p>La Bresse on kunta ja pieni vuoristokyl\u00e4, joka sijaitsee Vosges-vuorella, Grand Estiss\u00e4 Koillis-Ranskassa. Alue houkuttelee paljon k\u00e4vij\u00f6it\u00e4, ja siit\u00e4 on tullut hiihtokeskusten ja monien ulkoilma-aktiviteettien keskus. Se sijaitsee Moselotte-joen laaksossa Vosgesin aluepuistossa noin 45 kilometri\u00e4 l\u00e4nteen Colmarista ja 55 kilometri\u00e4 luoteeseen Mulhousesta.<\/p>\n\n\n\n<p>Luonnon ja luonnonyst\u00e4vien yst\u00e4ville La Bresse on yksi Euroopan tunnetuimmista paikoista. Kun suunnittelet matkaa kohteeseen La Bresse, saatat olla kiinnostunut katsomaan live-hiihto-olosuhteita. Webcam La Bresse tarjoaa sinulle viimeisimm\u00e4t tiedot. Seuraavassa osiossa kerromme s\u00e4\u00e4st\u00e4 ja ilmastosta kohteessa La Bresse, sek\u00e4 joitakin tietoja, jotka liittyv\u00e4t kohteeseen La Bresse Hohneck Resort.<\/p><div id=\"weath-659389443\" class=\"weath-inhalt_2 weath-entity-placement\" style=\"margin-top: 15px;margin-right: 25px;margin-bottom: 35px;margin-left: 25px;\"><script async src=\"\/\/pagead2.googlesyndication.com\/pagead\/js\/adsbygoogle.js?client=ca-pub-8960936133935804\" crossorigin=\"anonymous\"><\/script><ins class=\"adsbygoogle\" style=\"display:block;\" data-ad-client=\"ca-pub-8960936133935804\" \ndata-ad-slot=\"1963584050\" \ndata-ad-format=\"auto\"><\/ins>\n<script> \n(adsbygoogle = window.adsbygoogle || []).push({}); \n<\/script>\n<\/div>\n\n\n\n<div class=\"wp-block-columns is-layout-flex wp-container-core-columns-is-layout-9d6595d7 wp-block-columns-is-layout-flex\">\n<div class=\"wp-block-column webcam-column is-layout-flow wp-block-column-is-layout-flow\">\n<h3 class=\"has-text-align-center wp-block-heading\"><strong> \ud83d\udd34 Webcam La Bresse<\/strong> Front de Neige<\/h3>\n\n\n\n<a name=\"windy-webcam-timelapse-player\" data-id=\"1582614103\" data-play=\"day\" href=\"https:\/\/windy.com\/webcams\/1582614103\" target=\"_blank\" rel=\"noopener\">Woll<\/a><script async=\"\" type=\"text\/javascript\" src=\"https:\/\/webcams.windy.com\/webcams\/public\/embed\/script\/player.js\"><\/script>\n<\/div>\n\n\n\n<div class=\"wp-block-column webcam-column is-layout-flow wp-block-column-is-layout-flow\">\n<h3 class=\"has-text-align-center live-emoji wp-block-heading\"><strong> \ud83d\udd34 Webcam La Bresse<\/strong> Petit Artimont<\/h3>\n\n\n\n<a name=\"windy-webcam-timelapse-player\" data-id=\"1582613209\" data-play=\"day\" href=\"https:\/\/windy.com\/webcams\/1582613209\" target=\"_blank\" rel=\"noopener\">Woll &#8217; S\u00fcd: Petit Artimont<\/a><script async=\"\" type=\"text\/javascript\" src=\"https:\/\/webcams.windy.com\/webcams\/public\/embed\/script\/player.js\"><\/script>\n<\/div>\n<\/div>\n\n\n\n<h2 class=\"wp-block-heading\" id=\"fort-mahon-today\"><strong><strong>S\u00e4\u00e4 tutka La Bresse &#8211; S\u00e4\u00e4 La Bresse &#8211; S\u00e4\u00e4 La Bresse<\/strong><\/strong><\/h2>\n\n\n\n<p>S\u00e4\u00e4p\u00e4ivityksiin, <a href=\"https:\/\/weather-radar-live.com\/fi\/lumitilanne\/\">lumen m\u00e4\u00e4r\u00e4\u00e4n<\/a>, <a href=\"https:\/\/weather-radar-live.com\/fi\/sadetutka\/\">sadem\u00e4\u00e4riin<\/a> ja <a href=\"https:\/\/weather-radar-live.com\/fi\/storm\/\">myrskyihin<\/a> liittyvien reaaliaikaisten tietojen saaminen on melko yksinkertaista <a href=\"https:\/\/weather-radar-live.com\/fi\/\">s\u00e4\u00e4tutkan<\/a> La Bresse avulla. La Bressen webbikameroita voi katsella useista eri paikoista, joten voit tarkastella haluamaasi kohdetta tarkemmin. Voit tarkastella La Bressen webkameroita eri aikav\u00e4leill\u00e4 napsauttamalla webkameran\u00e4kym\u00e4\u00e4 ja selaamalla kuvia. Lis\u00e4ksi zoomaamalla ja pienent\u00e4m\u00e4ll\u00e4 on helppo tarkastella juuri sit\u00e4 kohtaa, jonka katselemisesta olet kiinnostunut.<\/p>\n\n\n\n<div class=\"wp-block-columns is-layout-flex wp-container-core-columns-is-layout-9d6595d7 wp-block-columns-is-layout-flex\">\n<div class=\"wp-block-column is-layout-flow wp-block-column-is-layout-flow\" style=\"flex-basis:75%\">\n<iframe loading=\"lazy\" width=\"1300\" height=\"502\" src=\"https:\/\/embed.windy.com\/embed2.html?lat=48.026&amp;lon=6.989&amp;detailLat=49.476&amp;detailLon=11.048&amp;width=1300&amp;height=508&amp;zoom=11&amp;level=surface&amp;overlay=radar&amp;product=radar&amp;menu=&amp;message=&amp;marker=&amp;calendar=now&amp;pressure=&amp;type=map&amp;location=coordinates&amp;detail=&amp;metricWind=default&amp;metricTemp=default&amp;radarRange=-1\" frameborder=\"0\"><\/iframe>\n<\/div>\n\n\n\n<div class=\"wp-block-column is-layout-flow wp-block-column-is-layout-flow\" style=\"flex-basis:25%\">\n<div align=\"center\"><a class=\"weatherwidget-io\" href=\"https:\/\/forecast7.com\/en\/48d006d87\/la-bresse\/\" data-label_1=\"LA BRESSE\" data-theme=\"original\">LA BRESSE<\/a>\n<script>\n!function(d,s,id){var js,fjs=d.getElementsByTagName(s)[0];if(!d.getElementById(id)){js=d.createElement(s);js.id=id;js.src='https:\/\/weatherwidget.io\/js\/widget.min.js';fjs.parentNode.insertBefore(js,fjs);}}}(document,'script','weatherwidget-io-js');\n<\/script><\/div>\n<\/div>\n<\/div>\n\n\n\n<h2 class=\"wp-block-heading\" id=\"fort-mahon-weather\"><strong><strong>La Bressen ilmasto<\/strong><\/strong><\/h2>\n\n\n\n<p>La Bressen ilmasto on lauhkea ja l\u00e4mmin. Se sijaitsee pohjoisella pallonpuoliskolla. T\u00e4m\u00e4 kaupunki nauttii huomattavista sateista. Toukokuussa on eniten sadep\u00e4ivi\u00e4 (15,70), kun taas syyskuussa on v\u00e4hiten sadep\u00e4ivi\u00e4 (12,27). T\u00e4\u00e4ll\u00e4 UV-indeksi on 3.<\/p>\n\n\n\n<p><strong>L\u00e4mp\u00f6tila <\/strong><\/p>\n\n\n\n<p>La Bressen keskil\u00e4mp\u00f6tila on 8,0 \u00b0C eli 46,4 \u00b0F.<\/p>\n\n\n\n<p><strong>Sadem\u00e4\u00e4r\u00e4 <\/strong><\/p>\n\n\n\n<p>Vuosittain sataa yhteens\u00e4 1256 mm eli 49,4 tuumaa sadetta.<\/p>\n\n\n\n<p><strong>Kosteus <\/strong><\/p>\n\n\n\n<p>Marraskuussa on korkein suhteellinen kosteus eli 86,55 %. Suhteellinen kosteus on alhaisin hein\u00e4kuussa, jolloin se on 69,65 %.<\/p>\n\n\n\n<h2 class=\"wp-block-heading\"><strong><strong>La Bresse Hohneck Resort<\/strong><\/strong><\/h2>\n\n\n\n<p>La Bresse Hohneckin hiihtokeskus, joka sijaitsee La Bressen kunnassa, on Koillis-Ranskan sek\u00e4 Vosges-vuoriston suurin. T\u00e4m\u00e4 hiihtokeskus sijaitsee Lothringenissa Ballons des Vosgesin alueellisen luonnonpuiston syd\u00e4mess\u00e4. Alueella on 34 rataa, 17 hiihtohissi\u00e4 ja slalomstadion. T\u00e4m\u00e4 hiihtoalue k\u00e4sitt\u00e4\u00e4 220 hehtaaria, ja se sijaitsee keskell\u00e4 Vosgesin metsi\u00e4, Kastelbergin sektorilla.<\/p>\n\n\n\n<p>La Bresse Hohneckissa on paljon tekemist\u00e4 my\u00f6s hiiht\u00e4misen ulkopuolella, kuten kelkkailu kaikkina nelj\u00e4n\u00e4 vuodenaikana, vapaa-ajan allaskompleksi ja luistinrata. Vanhan kiven ja kulttuurin yst\u00e4v\u00e4t nauttivat l\u00e4hikyliss\u00e4 tutustumisesta vanhaan kuparikaivokseen, 1700-luvun kirkkoon ja erilaisiin taidety\u00f6pajoihin.<\/p>\n\n\n\n<p>Euroopan suurimpana valaistuna hiihtoalueena La Bresse Hohneckin erikoisuutena on se, ett\u00e4 se tarjoaa k\u00e4vij\u00f6illeen y\u00f6hiihtoa. T\u00e4m\u00e4 hiihtokeskus tarjoaa 50 kilometri\u00e4 rinteit\u00e4, biathlon-areenan, 40 kilometri\u00e4 latuja, hyppyrim\u00e4ki\u00e4 ja jopa huvittelualueen perheille.<\/p>\n","protected":false},"excerpt":{"rendered":"<p>Webcam La Bresse La Bresse on kunta ja pieni vuoristokyl\u00e4, joka sijaitsee Vosges-vuorella, Grand Estiss\u00e4 Koillis-Ranskassa. Alue houkuttelee paljon k\u00e4vij\u00f6it\u00e4, ja siit\u00e4 on tullut hiihtokeskusten ja monien ulkoilma-aktiviteettien keskus. Se sijaitsee Moselotte-joen laaksossa Vosgesin aluepuistossa noin 45 kilometri\u00e4 l\u00e4nteen Colmarista ja 55 kilometri\u00e4 luoteeseen Mulhousesta. Luonnon ja luonnonyst\u00e4vien yst\u00e4ville La Bresse on yksi Euroopan tunnetuimmista &#8230; <a title=\"Webcam La Bresse\" class=\"read-more\" href=\"https:\/\/weather-radar-live.com\/fi\/webkamera\/ranska\/webcam-la-bresse\/\" aria-label=\"Lue lis\u00e4\u00e4 aiheesta Webcam La Bresse\">Lue lis\u00e4\u00e4<\/a><\/p>\n","protected":false},"author":1,"featured_media":3659,"parent":4177,"menu_order":0,"comment_status":"closed","ping_status":"closed","template":"","meta":{"footnotes":""},"class_list":["post-3698","page","type-page","status-publish","has-post-thumbnail"],"yoast_head":"<!-- This site is optimized with the Yoast SEO plugin v27.5 - https:\/\/yoast.com\/product\/yoast-seo-wordpress\/ -->\n<title>Webcam La Bresse \u2192 Seuraa sit\u00e4 liven\u00e4!<\/title>\n<meta name=\"description\" content=\"Webcam La Bresse | Livecam La Bresse! \u2705 P\u00e4ivitetty sinulle reaaliajassa! \u2705 Nykyinen s\u00e4\u00e4ennuste!\" \/>\n<meta name=\"robots\" content=\"index, follow, max-snippet:-1, max-image-preview:large, max-video-preview:-1\" \/>\n<link rel=\"canonical\" href=\"https:\/\/weather-radar-live.com\/fi\/webkamera\/ranska\/webcam-la-bresse\/\" \/>\n<meta property=\"og:locale\" content=\"fi_FI\" \/>\n<meta property=\"og:type\" content=\"article\" \/>\n<meta property=\"og:title\" content=\"Webcam La Bresse \u2192 Seuraa sit\u00e4 liven\u00e4!\" \/>\n<meta property=\"og:description\" content=\"Webcam La Bresse | Livecam La Bresse! \u2705 P\u00e4ivitetty sinulle reaaliajassa! \u2705 Nykyinen s\u00e4\u00e4ennuste!\" \/>\n<meta property=\"og:url\" content=\"https:\/\/weather-radar-live.com\/fi\/webkamera\/ranska\/webcam-la-bresse\/\" \/>\n<meta property=\"og:site_name\" content=\"weather-radar-live.com\" \/>\n<meta property=\"article:modified_time\" content=\"2022-07-15T11:30:47+00:00\" \/>\n<meta property=\"og:image\" content=\"https:\/\/weather-radar-live.com\/wp-content\/uploads\/2021\/06\/sam-schooler-E9aetBe2w40-unsplash-e1622554814366.jpg\" \/>\n<meta name=\"twitter:card\" content=\"summary_large_image\" \/>\n<meta name=\"twitter:label1\" content=\"Arvioitu lukuaika\" \/>\n\t<meta name=\"twitter:data1\" content=\"2 minuuttia\" \/>\n<script type=\"application\/ld+json\" class=\"yoast-schema-graph\">{\"@context\":\"https:\\\/\\\/schema.org\",\"@graph\":[{\"@type\":\"WebPage\",\"@id\":\"https:\\\/\\\/weather-radar-live.com\\\/fi\\\/webkamera\\\/ranska\\\/webcam-la-bresse\\\/\",\"url\":\"https:\\\/\\\/weather-radar-live.com\\\/fi\\\/webkamera\\\/ranska\\\/webcam-la-bresse\\\/\",\"name\":\"Webcam La Bresse \u2192 Seuraa sit\u00e4 liven\u00e4!\",\"isPartOf\":{\"@id\":\"https:\\\/\\\/weather-radar-live.com\\\/#website\"},\"primaryImageOfPage\":{\"@id\":\"https:\\\/\\\/weather-radar-live.com\\\/fi\\\/webkamera\\\/ranska\\\/webcam-la-bresse\\\/#primaryimage\"},\"image\":{\"@id\":\"https:\\\/\\\/weather-radar-live.com\\\/fi\\\/webkamera\\\/ranska\\\/webcam-la-bresse\\\/#primaryimage\"},\"thumbnailUrl\":\"https:\\\/\\\/weather-radar-live.com\\\/wp-content\\\/uploads\\\/2022\\\/04\\\/Webcam-La-Bresse.png\",\"datePublished\":\"2022-04-19T12:04:52+00:00\",\"dateModified\":\"2022-07-15T11:30:47+00:00\",\"description\":\"Webcam La Bresse | Livecam La Bresse! \u2705 P\u00e4ivitetty sinulle reaaliajassa! \u2705 Nykyinen s\u00e4\u00e4ennuste!\",\"breadcrumb\":{\"@id\":\"https:\\\/\\\/weather-radar-live.com\\\/fi\\\/webkamera\\\/ranska\\\/webcam-la-bresse\\\/#breadcrumb\"},\"inLanguage\":\"fi\",\"potentialAction\":[{\"@type\":\"ReadAction\",\"target\":[\"https:\\\/\\\/weather-radar-live.com\\\/fi\\\/webkamera\\\/ranska\\\/webcam-la-bresse\\\/\"]}]},{\"@type\":\"ImageObject\",\"inLanguage\":\"fi\",\"@id\":\"https:\\\/\\\/weather-radar-live.com\\\/fi\\\/webkamera\\\/ranska\\\/webcam-la-bresse\\\/#primaryimage\",\"url\":\"https:\\\/\\\/weather-radar-live.com\\\/wp-content\\\/uploads\\\/2022\\\/04\\\/Webcam-La-Bresse.png\",\"contentUrl\":\"https:\\\/\\\/weather-radar-live.com\\\/wp-content\\\/uploads\\\/2022\\\/04\\\/Webcam-La-Bresse.png\",\"width\":299,\"height\":199,\"caption\":\"Webcam-La-Bresse\"},{\"@type\":\"BreadcrumbList\",\"@id\":\"https:\\\/\\\/weather-radar-live.com\\\/fi\\\/webkamera\\\/ranska\\\/webcam-la-bresse\\\/#breadcrumb\",\"itemListElement\":[{\"@type\":\"ListItem\",\"position\":1,\"name\":\"Weather Radar Live\",\"item\":\"https:\\\/\\\/weather-radar-live.com\\\/fi\\\/\"},{\"@type\":\"ListItem\",\"position\":2,\"name\":\"Webkamera\",\"item\":\"https:\\\/\\\/weather-radar-live.com\\\/fi\\\/webkamera\\\/\"},{\"@type\":\"ListItem\",\"position\":3,\"name\":\"Ranska\",\"item\":\"https:\\\/\\\/weather-radar-live.com\\\/fi\\\/webkamera\\\/ranska\\\/\"},{\"@type\":\"ListItem\",\"position\":4,\"name\":\"Webcam La Bresse\"}]},{\"@type\":\"WebSite\",\"@id\":\"https:\\\/\\\/weather-radar-live.com\\\/#website\",\"url\":\"https:\\\/\\\/weather-radar-live.com\\\/\",\"name\":\"weather-radar-live.com\",\"description\":\"Your weather and sky radar.\",\"publisher\":{\"@id\":\"https:\\\/\\\/weather-radar-live.com\\\/#organization\"},\"potentialAction\":[{\"@type\":\"SearchAction\",\"target\":{\"@type\":\"EntryPoint\",\"urlTemplate\":\"https:\\\/\\\/weather-radar-live.com\\\/?s={search_term_string}\"},\"query-input\":{\"@type\":\"PropertyValueSpecification\",\"valueRequired\":true,\"valueName\":\"search_term_string\"}}],\"inLanguage\":\"fi\"},{\"@type\":\"Organization\",\"@id\":\"https:\\\/\\\/weather-radar-live.com\\\/#organization\",\"name\":\"weather-radar-live.com\",\"url\":\"https:\\\/\\\/weather-radar-live.com\\\/\",\"logo\":{\"@type\":\"ImageObject\",\"inLanguage\":\"fi\",\"@id\":\"https:\\\/\\\/weather-radar-live.com\\\/#\\\/schema\\\/logo\\\/image\\\/\",\"url\":\"https:\\\/\\\/weather-radar-live.com\\\/wp-content\\\/uploads\\\/2022\\\/03\\\/cropped-WRL2503.png\",\"contentUrl\":\"https:\\\/\\\/weather-radar-live.com\\\/wp-content\\\/uploads\\\/2022\\\/03\\\/cropped-WRL2503.png\",\"width\":1920,\"height\":555,\"caption\":\"weather-radar-live.com\"},\"image\":{\"@id\":\"https:\\\/\\\/weather-radar-live.com\\\/#\\\/schema\\\/logo\\\/image\\\/\"}}]}<\/script>\n<!-- \/ Yoast SEO plugin. -->","yoast_head_json":{"title":"Webcam La Bresse \u2192 Seuraa sit\u00e4 liven\u00e4!","description":"Webcam La Bresse | Livecam La Bresse! \u2705 P\u00e4ivitetty sinulle reaaliajassa! \u2705 Nykyinen s\u00e4\u00e4ennuste!","robots":{"index":"index","follow":"follow","max-snippet":"max-snippet:-1","max-image-preview":"max-image-preview:large","max-video-preview":"max-video-preview:-1"},"canonical":"https:\/\/weather-radar-live.com\/fi\/webkamera\/ranska\/webcam-la-bresse\/","og_locale":"fi_FI","og_type":"article","og_title":"Webcam La Bresse \u2192 Seuraa sit\u00e4 liven\u00e4!","og_description":"Webcam La Bresse | Livecam La Bresse! \u2705 P\u00e4ivitetty sinulle reaaliajassa! \u2705 Nykyinen s\u00e4\u00e4ennuste!","og_url":"https:\/\/weather-radar-live.com\/fi\/webkamera\/ranska\/webcam-la-bresse\/","og_site_name":"weather-radar-live.com","article_modified_time":"2022-07-15T11:30:47+00:00","og_image":[{"url":"https:\/\/weather-radar-live.com\/wp-content\/uploads\/2021\/06\/sam-schooler-E9aetBe2w40-unsplash-e1622554814366.jpg","type":"","width":"","height":""}],"twitter_card":"summary_large_image","twitter_misc":{"Arvioitu lukuaika":"2 minuuttia"},"schema":{"@context":"https:\/\/schema.org","@graph":[{"@type":"WebPage","@id":"https:\/\/weather-radar-live.com\/fi\/webkamera\/ranska\/webcam-la-bresse\/","url":"https:\/\/weather-radar-live.com\/fi\/webkamera\/ranska\/webcam-la-bresse\/","name":"Webcam La Bresse \u2192 Seuraa sit\u00e4 liven\u00e4!","isPartOf":{"@id":"https:\/\/weather-radar-live.com\/#website"},"primaryImageOfPage":{"@id":"https:\/\/weather-radar-live.com\/fi\/webkamera\/ranska\/webcam-la-bresse\/#primaryimage"},"image":{"@id":"https:\/\/weather-radar-live.com\/fi\/webkamera\/ranska\/webcam-la-bresse\/#primaryimage"},"thumbnailUrl":"https:\/\/weather-radar-live.com\/wp-content\/uploads\/2022\/04\/Webcam-La-Bresse.png","datePublished":"2022-04-19T12:04:52+00:00","dateModified":"2022-07-15T11:30:47+00:00","description":"Webcam La Bresse | Livecam La Bresse! \u2705 P\u00e4ivitetty sinulle reaaliajassa! \u2705 Nykyinen s\u00e4\u00e4ennuste!","breadcrumb":{"@id":"https:\/\/weather-radar-live.com\/fi\/webkamera\/ranska\/webcam-la-bresse\/#breadcrumb"},"inLanguage":"fi","potentialAction":[{"@type":"ReadAction","target":["https:\/\/weather-radar-live.com\/fi\/webkamera\/ranska\/webcam-la-bresse\/"]}]},{"@type":"ImageObject","inLanguage":"fi","@id":"https:\/\/weather-radar-live.com\/fi\/webkamera\/ranska\/webcam-la-bresse\/#primaryimage","url":"https:\/\/weather-radar-live.com\/wp-content\/uploads\/2022\/04\/Webcam-La-Bresse.png","contentUrl":"https:\/\/weather-radar-live.com\/wp-content\/uploads\/2022\/04\/Webcam-La-Bresse.png","width":299,"height":199,"caption":"Webcam-La-Bresse"},{"@type":"BreadcrumbList","@id":"https:\/\/weather-radar-live.com\/fi\/webkamera\/ranska\/webcam-la-bresse\/#breadcrumb","itemListElement":[{"@type":"ListItem","position":1,"name":"Weather Radar Live","item":"https:\/\/weather-radar-live.com\/fi\/"},{"@type":"ListItem","position":2,"name":"Webkamera","item":"https:\/\/weather-radar-live.com\/fi\/webkamera\/"},{"@type":"ListItem","position":3,"name":"Ranska","item":"https:\/\/weather-radar-live.com\/fi\/webkamera\/ranska\/"},{"@type":"ListItem","position":4,"name":"Webcam La Bresse"}]},{"@type":"WebSite","@id":"https:\/\/weather-radar-live.com\/#website","url":"https:\/\/weather-radar-live.com\/","name":"weather-radar-live.com","description":"Your weather and sky radar.","publisher":{"@id":"https:\/\/weather-radar-live.com\/#organization"},"potentialAction":[{"@type":"SearchAction","target":{"@type":"EntryPoint","urlTemplate":"https:\/\/weather-radar-live.com\/?s={search_term_string}"},"query-input":{"@type":"PropertyValueSpecification","valueRequired":true,"valueName":"search_term_string"}}],"inLanguage":"fi"},{"@type":"Organization","@id":"https:\/\/weather-radar-live.com\/#organization","name":"weather-radar-live.com","url":"https:\/\/weather-radar-live.com\/","logo":{"@type":"ImageObject","inLanguage":"fi","@id":"https:\/\/weather-radar-live.com\/#\/schema\/logo\/image\/","url":"https:\/\/weather-radar-live.com\/wp-content\/uploads\/2022\/03\/cropped-WRL2503.png","contentUrl":"https:\/\/weather-radar-live.com\/wp-content\/uploads\/2022\/03\/cropped-WRL2503.png","width":1920,"height":555,"caption":"weather-radar-live.com"},"image":{"@id":"https:\/\/weather-radar-live.com\/#\/schema\/logo\/image\/"}}]}},"_links":{"self":[{"href":"https:\/\/weather-radar-live.com\/fi\/wp-json\/wp\/v2\/pages\/3698","targetHints":{"allow":["GET"]}}],"collection":[{"href":"https:\/\/weather-radar-live.com\/fi\/wp-json\/wp\/v2\/pages"}],"about":[{"href":"https:\/\/weather-radar-live.com\/fi\/wp-json\/wp\/v2\/types\/page"}],"author":[{"embeddable":true,"href":"https:\/\/weather-radar-live.com\/fi\/wp-json\/wp\/v2\/users\/1"}],"replies":[{"embeddable":true,"href":"https:\/\/weather-radar-live.com\/fi\/wp-json\/wp\/v2\/comments?post=3698"}],"version-history":[{"count":3,"href":"https:\/\/weather-radar-live.com\/fi\/wp-json\/wp\/v2\/pages\/3698\/revisions"}],"predecessor-version":[{"id":4562,"href":"https:\/\/weather-radar-live.com\/fi\/wp-json\/wp\/v2\/pages\/3698\/revisions\/4562"}],"up":[{"embeddable":true,"href":"https:\/\/weather-radar-live.com\/fi\/wp-json\/wp\/v2\/pages\/4177"}],"wp:featuredmedia":[{"embeddable":true,"href":"https:\/\/weather-radar-live.com\/fi\/wp-json\/wp\/v2\/media\/3659"}],"wp:attachment":[{"href":"https:\/\/weather-radar-live.com\/fi\/wp-json\/wp\/v2\/media?parent=3698"}],"curies":[{"name":"wp","href":"https:\/\/api.w.org\/{rel}","templated":true}]}}