{"id":2521,"date":"2022-01-17T16:57:54","date_gmt":"2022-01-17T15:57:54","guid":{"rendered":"https:\/\/weather-radar-live.com\/?page_id=2521"},"modified":"2022-04-07T15:01:18","modified_gmt":"2022-04-07T13:01:18","slug":"tornado-radar","status":"publish","type":"page","link":"https:\/\/weather-radar-live.com\/fi\/tornado-radar\/","title":{"rendered":"Tornadotutka"},"content":{"rendered":"<div id=\"weath-3168088794\" class=\"weath-vor-dem-inhalt weath-entity-placement\" style=\"margin-top: 15px;margin-right: 25px;margin-bottom: 40px;margin-left: 25px;\"><script async src=\"\/\/pagead2.googlesyndication.com\/pagead\/js\/adsbygoogle.js?client=ca-pub-8960936133935804\" crossorigin=\"anonymous\"><\/script><ins class=\"adsbygoogle\" style=\"display:block;\" data-ad-client=\"ca-pub-8960936133935804\" \ndata-ad-slot=\"6172817020\" \ndata-ad-format=\"auto\"><\/ins>\n<script> \n(adsbygoogle = window.adsbygoogle || []).push({}); \n<\/script>\n<\/div>\n<div class=\"wp-block-cover alignfull is-light\"><span aria-hidden=\"true\" class=\"wp-block-cover__gradient-background has-background-dim\"><\/span><img loading=\"lazy\" decoding=\"async\" width=\"1900\" height=\"460\" class=\"wp-block-cover__image-background wp-image-299\" alt=\"\" src=\"https:\/\/weather-radar-live.com\/wp-content\/uploads\/2021\/06\/espen-bierud-W43gm6TD118-unsplash-e1622556005525.jpg\" data-object-fit=\"cover\" srcset=\"https:\/\/weather-radar-live.com\/wp-content\/uploads\/2021\/06\/espen-bierud-W43gm6TD118-unsplash-e1622556005525.jpg 1900w, https:\/\/weather-radar-live.com\/wp-content\/uploads\/2021\/06\/espen-bierud-W43gm6TD118-unsplash-e1622556005525-300x73.jpg 300w, https:\/\/weather-radar-live.com\/wp-content\/uploads\/2021\/06\/espen-bierud-W43gm6TD118-unsplash-e1622556005525-1024x248.jpg 1024w, https:\/\/weather-radar-live.com\/wp-content\/uploads\/2021\/06\/espen-bierud-W43gm6TD118-unsplash-e1622556005525-768x186.jpg 768w, https:\/\/weather-radar-live.com\/wp-content\/uploads\/2021\/06\/espen-bierud-W43gm6TD118-unsplash-e1622556005525-1536x372.jpg 1536w\" sizes=\"auto, (max-width: 1900px) 100vw, 1900px\" \/><div class=\"wp-block-cover__inner-container is-layout-flow wp-block-cover-is-layout-flow\">\n<h2 class=\"has-text-align-center heading wp-block-heading\" style=\"font-size:70px\"><mark style=\"background-color:rgba(0, 0, 0, 0);color:#f59800\" class=\"has-inline-color\"><strong>TORNADO<\/strong><\/mark><\/h2>\n<\/div><\/div>\n\n\n<h2 style=\"text-align: center;\"><span style=\"color: #f59800;\"><b>Tornadotutka &#8211; miss\u00e4 tornado on?<\/b><\/span><\/h2>\n<p><span style=\"font-weight: 400;\">Tornadoseurantaohjelmamme avulla n\u00e4et kartalta, miss\u00e4 tornadoja on t\u00e4ll\u00e4 hetkell\u00e4 <span style=\"color: #f59800;\"><strong><a style=\"color: #f59800;\" href=\"https:\/\/weather-radar-live.com\/fi\/\" target=\"_blank\" rel=\"noopener noreferrer\">alue<\/a><\/strong><\/span>. Tornadotutka kattaa Yhdysvallat ja Kanadan. Tuulen voimakkuus n\u00e4kyy kartalla v\u00e4rillisen\u00e4 ja mitattuna solmuina. My\u00f6s tuulen suunta n\u00e4ytet\u00e4\u00e4n sinulle valkoisten tuuliviivojen avulla.<\/span><\/p>\n<p><span style=\"font-weight: 400;\">Voimakkuudestaan riippuen tornadot voivat aiheuttaa suuria vahinkoja maassa. Katso t\u00e4st\u00e4 l\u00e4htien s\u00e4\u00e4nn\u00f6llisesti tornadoseurantaamme ja selvit\u00e4, esiintyyk\u00f6 alueellasi parhaillaan tornadoja. Seuraavassa k\u00e4sittelemme tarkemmin tutkaa ja tornadoja yleens\u00e4.<\/span><\/p><div id=\"weath-1313966419\" class=\"weath-inhalt_2 weath-entity-placement\" style=\"margin-top: 15px;margin-right: 25px;margin-bottom: 35px;margin-left: 25px;\"><script async src=\"\/\/pagead2.googlesyndication.com\/pagead\/js\/adsbygoogle.js?client=ca-pub-8960936133935804\" crossorigin=\"anonymous\"><\/script><ins class=\"adsbygoogle\" style=\"display:block;\" data-ad-client=\"ca-pub-8960936133935804\" \ndata-ad-slot=\"1963584050\" \ndata-ad-format=\"auto\"><\/ins>\n<script> \n(adsbygoogle = window.adsbygoogle || []).push({}); \n<\/script>\n<\/div>\n\n\n<iframe loading=\"lazy\" width=\"1300\" height=\"600\" src=\"https:\/\/embed.windy.com\/embed2.html?lat=62.644&amp;lon=26.675&amp;detailLat=49.142&amp;detailLon=9.223&amp;width=1300&amp;height=600&amp;zoom=6&amp;level=surface&amp;overlay=wind&amp;product=ecmwf&amp;menu=&amp;message=true&amp;marker=&amp;calendar=now&amp;pressure=&amp;type=map&amp;location=coordinates&amp;detail=&amp;metricWind=default&amp;metricTemp=default&amp;radarRange=-1\" frameborder=\"0\"><\/iframe>\n\n\n\n<p><\/p>\n\n\n\n<div class=\"wp-block-columns is-layout-flex wp-container-core-columns-is-layout-9d6595d7 wp-block-columns-is-layout-flex\">\n<div class=\"wp-block-column is-layout-flow wp-block-column-is-layout-flow\">\n<img decoding=\"async\" src=\"https:\/\/www.spc.noaa.gov\/products\/outlook\/day1probotlk_torn.gif\" class=\"tornadoradar-noaa\">\n\n\n\n<p><\/p>\n<\/div>\n\n\n\n<div class=\"wp-block-column is-layout-flow wp-block-column-is-layout-flow\">\n<img decoding=\"async\" src=\"https:\/\/www.spc.noaa.gov\/products\/watch\/validww.png\" class=\"tornadoradar-noaa-2\">\n<\/div>\n<\/div>\n\n\n\n<div style=\"height:30px\" aria-hidden=\"true\" class=\"wp-block-spacer\"><\/div>\n\n\n<h2 style=\"text-align: center;\"><span style=\"color: #f59800;\"><b>Miten tornadotutkaa luetaan<\/b><\/span><\/h2>\n<p>Ensimm\u00e4isell\u00e4 kartalla n\u00e4et sadem\u00e4\u00e4r\u00e4n, joka n\u00e4kyy eri v\u00e4reill\u00e4. V\u00e4riskaala vaihtelee voimakkuudesta riippuen sinisest\u00e4 (heikko sadem\u00e4\u00e4r\u00e4) keltaiseen (kohtalainen sadem\u00e4\u00e4r\u00e4) ja punaiseen\/violettiin (voimakas sadem\u00e4\u00e4r\u00e4). Alueet, joilla on havaittu tornado, on rajattu oranssimustalla viivalla.<\/p>\n<p>Toinen kartta osoittaa tornadon mahdollisen todenn\u00e4k\u00f6isyyden kyseisell\u00e4 alueella. Kolmannessa kartassa esitet\u00e4\u00e4n erilaisia s\u00e4\u00e4vaaroja. Tornadoalueet on merkitty punaisella v\u00e4rill\u00e4 ja ukkosalueet sinisell\u00e4 v\u00e4rill\u00e4.<\/p>\n<p><\/p>\n<h2 style=\"text-align: center;\"><span style=\"color: #f59800;\"><b>Mik\u00e4 on tornado?<\/b><\/span><\/h2>\n<p><span style=\"font-weight: 400;\">Tornado syntyy py\u00f6rivien ilmamassojen seurauksena. N\u00e4m\u00e4 ilmamassat voivat py\u00f6ri\u00e4 muodostuessaan niin voimakkaasti, ett\u00e4 muodostuu ilmapatsas. T\u00e4t\u00e4 n\u00e4kyv\u00e4\u00e4 ilmapylv\u00e4st\u00e4 kutsutaan tornadoksi.<\/span><\/p>\n<p><span style=\"font-weight: 400;\">Pitk\u00e4\u00e4n oletettiin, ett\u00e4 tornadot muodostuvat taivaalta alasp\u00e4in kohti maata. T\u00e4m\u00e4 oletus on kuitenkin kumottu American Geophysical Unionin laajoilla tutkimuksilla. Havaittiin, ett\u00e4 tornado muodostuu jo l\u00e4hell\u00e4 maata ennen kuin se alkaa py\u00f6ri\u00e4.<\/span><\/p>\n<p><\/p>\n<h2 style=\"text-align: center;\"><span style=\"color: #f59800;\"><b>Milloin tornadokausi alkaa?<\/b><\/span><\/h2>\n<p><span style=\"font-weight: 400;\">Tornadokausi alkaa maaliskuussa ja kest\u00e4\u00e4 hein\u00e4kuun loppuun. Useimmat tornadot esiintyv\u00e4t toukokuussa. Tornadokauden aikana tornadoalueiden painopiste siirtyy kaakosta (Great Plains Oklahomassa) yh\u00e4 enemm\u00e4n kohti pohjoista (Illinois ja Indiana).<\/span><\/p>\n<p><\/p>\n<h2 style=\"text-align: center;\"><span style=\"color: #f59800;\"><b>Onko l\u00e4hell\u00e4 minua tornado?<\/b><\/span><\/h2>\n<p><span style=\"font-weight: 400;\">Varsinkin tornadokautena kannattaa olla hyvin tarkkaavainen ja seurata s\u00e4\u00e4tilannetta s\u00e4\u00e4nn\u00f6llisesti. Tornadot voivat aiheuttaa vakavia vahinkoja reittins\u00e4 varrella ja ne voivat esiinty\u00e4 hyvin yll\u00e4tt\u00e4en. Heti kun ensimm\u00e4iset merkit <span style=\"color: #f59800;\"><strong><a style=\"color: #f59800;\" href=\"https:\/\/weather-radar-live.com\/fi\/storm\/\" target=\"_blank\" rel=\"noopener noreferrer\">ukkosmyrsky<\/a><\/strong><\/span>, rakeita, voimakkaita tuulia ja <span style=\"color: #1950fe;\"><strong><a style=\"color: #1950fe;\" href=\"https:\/\/weather-radar-live.com\/fi\/sadetutka\/\" target=\"_blank\" rel=\"noopener noreferrer\">sade<\/a><\/strong><\/span>, sinun ei pid\u00e4 irrottaa silmi\u00e4si tornadonseurantalaitteesta.<\/span><\/p>\n<p><span style=\"font-weight: 400;\">Tarkkaile my\u00f6s taivasta ja tutki sit\u00e4 py\u00f6rivien pilvien ja pilvipatsaiden varalta. Etsi maassa olevia p\u00f6lypy\u00f6rteit\u00e4. My\u00f6s ne ovat merkki tornadon muodostumisesta. Viimeist\u00e4\u00e4n silloin, kun tornadosireenit soivat, sinun on ment\u00e4v\u00e4 nopeasti turvaan.<\/span><\/p>\n<p><\/p>\n<h2 style=\"text-align: center;\"><span style=\"color: #f59800;\"><b>Miten tornadot muodostuvat?<\/b><\/span><\/h2>\n<p><span style=\"font-weight: 400;\">Py\u00f6rremyrskyjen ohella tornadot kuuluvat maailman voimakkaimpiin myrskyihin, ja niiden tuulen nopeus voi olla jopa 450 km\/h. T\u00e4h\u00e4n p\u00e4iv\u00e4\u00e4n menness\u00e4 tornadojen muodostumista ei ole tutkittu perusteellisesti. Tornadot voivat muodostua kahdella tavalla.<\/span><\/p>\n<p><span style=\"font-weight: 400;\">Tornadoja voi esiinty\u00e4 supersolun yhteydess\u00e4. T\u00e4m\u00e4 on erityisen suuri ja korkea ukkospilvi. L\u00e4mp\u00f6tilaeroista johtuen <span style=\"color: #919191;\"><strong><a style=\"color: #919191;\" href=\"https:\/\/weather-radar-live.com\/fi\/pilvet\/\" target=\"_blank\" rel=\"noopener noreferrer\">pilvi<\/a><\/strong><\/span>syntyy voimakkaita nousu- ja laskuvirtauksia, jotka johtavat tornadoon ja rankkasateeseen. N\u00e4in syntyy erityisen voimakkaita tornadoja.<\/span><\/p>\n<p><span style=\"font-weight: 400;\">Tornadot voivat kuitenkin muodostua my\u00f6s kahden eri ilmamassan t\u00f6rm\u00e4tess\u00e4 toisiinsa. T\u00e4m\u00e4 pakottaa ilman liikkumaan yl\u00f6sp\u00e4in ja voi saada sen py\u00f6rim\u00e4\u00e4n maassa olevan tuulen vaikutuksesta.<\/span><\/p>\n<p><\/p>\n<h2 style=\"text-align: center;\"><span style=\"color: #f59800;\"><b>Tornadoluokat<\/b><\/span><\/h2>\n<p><span style=\"font-weight: 400;\">Tornadojen voimakkuutta mitataan Fujita-asteikolla. Se kattaa tuulennopeudet alle 117 km\/h:sta yli 419 km\/h:iin. Luokitus on seuraava:<\/span><\/p>\n<p><strong>F0 (&lt;=117 km\/h)<\/strong><\/p>\n<p><span style=\"font-weight: 400;\">Heikkoja puita kaadetaan, oksat vaurioituvat ja mainostaulut voivat kaatua.<\/span><\/p>\n<p><strong>F1 (117-180 km\/h)<\/strong><\/p>\n<p><span style=\"font-weight: 400;\">Kattotiilet voivat irrota, liikkuvat autot voivat siirty\u00e4 ja asuntovaunut\/autot voivat kaatua.<\/span><\/p>\n<p><strong>F2 (180-252 km\/h)<\/strong><\/p>\n<p><span style=\"font-weight: 400;\">F2-tornadossa kattoja voi paljastua, suurempia puita voi kaatua ja asuntovaunuja voi tuhoutua. Pienist\u00e4 ja kevyist\u00e4 esineist\u00e4 voi tulla vaarallisia ammuksia.<\/span><\/p>\n<p><strong>F3 (252-333 km\/h)<\/strong><\/p>\n<p><span style=\"font-weight: 400;\">Suuremmat katot voivat tuhoutua, ja junat voivat nousta raiteiltaan. Kuorma-autot voivat siirty\u00e4 tai jopa kaatua, ja mets\u00e4t voivat olla suurimmaksi osaksi juuriltaan.<\/span><\/p>\n<p><strong>F4 (333-419 km\/h)<\/strong><\/p>\n<p><span style=\"font-weight: 400;\">F4-luokassa heikosti ankkuroituja puutaloja voidaan siirt\u00e4\u00e4. Autot voivat kaatua, ja raskaammat esineet voivat muuttua ammuksiksi, jotka aiheuttavat vakavia vahinkoja.<\/span><\/p>\n<p><strong>F5 (&gt;419 km\/h)<\/strong><\/p>\n<p><span style=\"font-weight: 400;\">Puutalot repeytyv\u00e4t kokonaan irti perustuksistaan ja tuhoutuvat. My\u00f6s betonitalot voivat vaurioitua vakavasti.<\/span><\/p>\n<p><\/p>\n<h2 style=\"text-align: center;\"><span style=\"color: #f59800;\"><b>Milt\u00e4 tornado n\u00e4ytt\u00e4\u00e4?<\/b><\/span><\/h2>\n<p><span style=\"font-weight: 400;\">Tornadot n\u00e4kyv\u00e4t suppilonmuotoisena ilmaputkena. T\u00e4m\u00e4n ilmaputken paksuus voi vaihdella voimakkuuden mukaan. Termi tornado tulee muuten espanjan kielest\u00e4, ja se tarkoittaa jotakuinkin &#8221;kiertymist\u00e4&#8221;.<\/span><\/p>","protected":false},"excerpt":{"rendered":"<p>Tornadotutka &#8211; miss\u00e4 tornado on? Tornadoseurantaohjelmamme avulla n\u00e4et kartalta, miss\u00e4 tornadoja on t\u00e4ll\u00e4 hetkell\u00e4 alue. Tornadotutka kattaa Yhdysvallat ja Kanadan. Tuulen voimakkuus n\u00e4kyy kartalla v\u00e4rillisen\u00e4 ja mitattuna solmuina. My\u00f6s tuulen suunta n\u00e4ytet\u00e4\u00e4n sinulle valkoisten tuuliviivojen avulla. Voimakkuudestaan riippuen tornadot voivat aiheuttaa suuria vahinkoja maassa. Katso t\u00e4st\u00e4 l\u00e4htien s\u00e4\u00e4nn\u00f6llisesti tornadoseurantaamme ja selvit\u00e4, esiintyyk\u00f6 alueellasi parhaillaan tornadoja. &#8230; <a title=\"Tornadotutka\" class=\"read-more\" href=\"https:\/\/weather-radar-live.com\/fi\/tornado-radar\/\" aria-label=\"Lue lis\u00e4\u00e4 aiheesta Tornadotutka\">Lue lis\u00e4\u00e4<\/a><\/p>\n","protected":false},"author":1,"featured_media":2963,"parent":0,"menu_order":0,"comment_status":"closed","ping_status":"closed","template":"","meta":{"footnotes":""},"class_list":["post-2521","page","type-page","status-publish","has-post-thumbnail"],"yoast_head":"<!-- This site is optimized with the Yoast SEO plugin v27.4 - https:\/\/yoast.com\/product\/yoast-seo-wordpress\/ -->\n<title>Tornado - Tornadotutka LIVE: \u2714\ufe0f Miss\u00e4 on tornadoja? \ud83c\udf2a\ufe0f<\/title>\n<meta name=\"description\" content=\"Tornado LIVE: Valitse nyt kaupunkisi tai alueesi ja katso uusin tutka tornadojen kanssa \u2714\ufe0f P\u00e4ivitet\u00e4\u00e4n joka sekunti! \ud83c\udf2a\ufe0f\" \/>\n<meta name=\"robots\" content=\"index, follow, max-snippet:-1, max-image-preview:large, max-video-preview:-1\" \/>\n<link rel=\"canonical\" href=\"https:\/\/weather-radar-live.com\/fi\/tornado-radar\/\" \/>\n<meta property=\"og:locale\" content=\"fi_FI\" \/>\n<meta property=\"og:type\" content=\"article\" \/>\n<meta property=\"og:title\" content=\"Tornado - Tornadotutka LIVE: \u2714\ufe0f Miss\u00e4 on tornadoja? \ud83c\udf2a\ufe0f\" \/>\n<meta property=\"og:description\" content=\"Tornado LIVE: Valitse nyt kaupunkisi tai alueesi ja katso uusin tutka tornadojen kanssa \u2714\ufe0f P\u00e4ivitet\u00e4\u00e4n joka sekunti! \ud83c\udf2a\ufe0f\" \/>\n<meta property=\"og:url\" content=\"https:\/\/weather-radar-live.com\/fi\/tornado-radar\/\" \/>\n<meta property=\"og:site_name\" content=\"weather-radar-live.com\" \/>\n<meta property=\"article:modified_time\" content=\"2022-04-07T13:01:18+00:00\" \/>\n<meta property=\"og:image\" content=\"https:\/\/weather-radar-live.com\/wp-content\/uploads\/2021\/02\/Tornado-Radar.jpg\" \/>\n\t<meta property=\"og:image:width\" content=\"1897\" \/>\n\t<meta property=\"og:image:height\" content=\"458\" \/>\n\t<meta property=\"og:image:type\" content=\"image\/jpeg\" \/>\n<meta name=\"twitter:card\" content=\"summary_large_image\" \/>\n<meta name=\"twitter:label1\" content=\"Arvioitu lukuaika\" \/>\n\t<meta name=\"twitter:data1\" content=\"3 minuuttia\" \/>\n<script type=\"application\/ld+json\" class=\"yoast-schema-graph\">{\"@context\":\"https:\\\/\\\/schema.org\",\"@graph\":[{\"@type\":\"WebPage\",\"@id\":\"https:\\\/\\\/weather-radar-live.com\\\/fi\\\/tornado-radar\\\/\",\"url\":\"https:\\\/\\\/weather-radar-live.com\\\/fi\\\/tornado-radar\\\/\",\"name\":\"Tornado - Tornadotutka LIVE: \u2714\ufe0f Miss\u00e4 on tornadoja? \ud83c\udf2a\ufe0f\",\"isPartOf\":{\"@id\":\"https:\\\/\\\/weather-radar-live.com\\\/#website\"},\"primaryImageOfPage\":{\"@id\":\"https:\\\/\\\/weather-radar-live.com\\\/fi\\\/tornado-radar\\\/#primaryimage\"},\"image\":{\"@id\":\"https:\\\/\\\/weather-radar-live.com\\\/fi\\\/tornado-radar\\\/#primaryimage\"},\"thumbnailUrl\":\"https:\\\/\\\/weather-radar-live.com\\\/wp-content\\\/uploads\\\/2021\\\/02\\\/Tornado-Radar.jpg\",\"datePublished\":\"2022-01-17T15:57:54+00:00\",\"dateModified\":\"2022-04-07T13:01:18+00:00\",\"description\":\"Tornado LIVE: Valitse nyt kaupunkisi tai alueesi ja katso uusin tutka tornadojen kanssa \u2714\ufe0f P\u00e4ivitet\u00e4\u00e4n joka sekunti! \ud83c\udf2a\ufe0f\",\"breadcrumb\":{\"@id\":\"https:\\\/\\\/weather-radar-live.com\\\/fi\\\/tornado-radar\\\/#breadcrumb\"},\"inLanguage\":\"fi\",\"potentialAction\":[{\"@type\":\"ReadAction\",\"target\":[\"https:\\\/\\\/weather-radar-live.com\\\/fi\\\/tornado-radar\\\/\"]}]},{\"@type\":\"ImageObject\",\"inLanguage\":\"fi\",\"@id\":\"https:\\\/\\\/weather-radar-live.com\\\/fi\\\/tornado-radar\\\/#primaryimage\",\"url\":\"https:\\\/\\\/weather-radar-live.com\\\/wp-content\\\/uploads\\\/2021\\\/02\\\/Tornado-Radar.jpg\",\"contentUrl\":\"https:\\\/\\\/weather-radar-live.com\\\/wp-content\\\/uploads\\\/2021\\\/02\\\/Tornado-Radar.jpg\",\"width\":1897,\"height\":458},{\"@type\":\"BreadcrumbList\",\"@id\":\"https:\\\/\\\/weather-radar-live.com\\\/fi\\\/tornado-radar\\\/#breadcrumb\",\"itemListElement\":[{\"@type\":\"ListItem\",\"position\":1,\"name\":\"Weather Radar Live\",\"item\":\"https:\\\/\\\/weather-radar-live.com\\\/fi\\\/\"},{\"@type\":\"ListItem\",\"position\":2,\"name\":\"Tornadotutka\"}]},{\"@type\":\"WebSite\",\"@id\":\"https:\\\/\\\/weather-radar-live.com\\\/#website\",\"url\":\"https:\\\/\\\/weather-radar-live.com\\\/\",\"name\":\"weather-radar-live.com\",\"description\":\"Your weather and sky radar.\",\"publisher\":{\"@id\":\"https:\\\/\\\/weather-radar-live.com\\\/#organization\"},\"potentialAction\":[{\"@type\":\"SearchAction\",\"target\":{\"@type\":\"EntryPoint\",\"urlTemplate\":\"https:\\\/\\\/weather-radar-live.com\\\/?s={search_term_string}\"},\"query-input\":{\"@type\":\"PropertyValueSpecification\",\"valueRequired\":true,\"valueName\":\"search_term_string\"}}],\"inLanguage\":\"fi\"},{\"@type\":\"Organization\",\"@id\":\"https:\\\/\\\/weather-radar-live.com\\\/#organization\",\"name\":\"weather-radar-live.com\",\"url\":\"https:\\\/\\\/weather-radar-live.com\\\/\",\"logo\":{\"@type\":\"ImageObject\",\"inLanguage\":\"fi\",\"@id\":\"https:\\\/\\\/weather-radar-live.com\\\/#\\\/schema\\\/logo\\\/image\\\/\",\"url\":\"https:\\\/\\\/weather-radar-live.com\\\/wp-content\\\/uploads\\\/2022\\\/03\\\/cropped-WRL2503.png\",\"contentUrl\":\"https:\\\/\\\/weather-radar-live.com\\\/wp-content\\\/uploads\\\/2022\\\/03\\\/cropped-WRL2503.png\",\"width\":1920,\"height\":555,\"caption\":\"weather-radar-live.com\"},\"image\":{\"@id\":\"https:\\\/\\\/weather-radar-live.com\\\/#\\\/schema\\\/logo\\\/image\\\/\"}}]}<\/script>\n<!-- \/ Yoast SEO plugin. -->","yoast_head_json":{"title":"Tornado - Tornadotutka LIVE: \u2714\ufe0f Miss\u00e4 on tornadoja? \ud83c\udf2a\ufe0f","description":"Tornado LIVE: Valitse nyt kaupunkisi tai alueesi ja katso uusin tutka tornadojen kanssa \u2714\ufe0f P\u00e4ivitet\u00e4\u00e4n joka sekunti! \ud83c\udf2a\ufe0f","robots":{"index":"index","follow":"follow","max-snippet":"max-snippet:-1","max-image-preview":"max-image-preview:large","max-video-preview":"max-video-preview:-1"},"canonical":"https:\/\/weather-radar-live.com\/fi\/tornado-radar\/","og_locale":"fi_FI","og_type":"article","og_title":"Tornado - Tornadotutka LIVE: \u2714\ufe0f Miss\u00e4 on tornadoja? \ud83c\udf2a\ufe0f","og_description":"Tornado LIVE: Valitse nyt kaupunkisi tai alueesi ja katso uusin tutka tornadojen kanssa \u2714\ufe0f P\u00e4ivitet\u00e4\u00e4n joka sekunti! \ud83c\udf2a\ufe0f","og_url":"https:\/\/weather-radar-live.com\/fi\/tornado-radar\/","og_site_name":"weather-radar-live.com","article_modified_time":"2022-04-07T13:01:18+00:00","og_image":[{"width":1897,"height":458,"url":"https:\/\/weather-radar-live.com\/wp-content\/uploads\/2021\/02\/Tornado-Radar.jpg","type":"image\/jpeg"}],"twitter_card":"summary_large_image","twitter_misc":{"Arvioitu lukuaika":"3 minuuttia"},"schema":{"@context":"https:\/\/schema.org","@graph":[{"@type":"WebPage","@id":"https:\/\/weather-radar-live.com\/fi\/tornado-radar\/","url":"https:\/\/weather-radar-live.com\/fi\/tornado-radar\/","name":"Tornado - Tornadotutka LIVE: \u2714\ufe0f Miss\u00e4 on tornadoja? \ud83c\udf2a\ufe0f","isPartOf":{"@id":"https:\/\/weather-radar-live.com\/#website"},"primaryImageOfPage":{"@id":"https:\/\/weather-radar-live.com\/fi\/tornado-radar\/#primaryimage"},"image":{"@id":"https:\/\/weather-radar-live.com\/fi\/tornado-radar\/#primaryimage"},"thumbnailUrl":"https:\/\/weather-radar-live.com\/wp-content\/uploads\/2021\/02\/Tornado-Radar.jpg","datePublished":"2022-01-17T15:57:54+00:00","dateModified":"2022-04-07T13:01:18+00:00","description":"Tornado LIVE: Valitse nyt kaupunkisi tai alueesi ja katso uusin tutka tornadojen kanssa \u2714\ufe0f P\u00e4ivitet\u00e4\u00e4n joka sekunti! \ud83c\udf2a\ufe0f","breadcrumb":{"@id":"https:\/\/weather-radar-live.com\/fi\/tornado-radar\/#breadcrumb"},"inLanguage":"fi","potentialAction":[{"@type":"ReadAction","target":["https:\/\/weather-radar-live.com\/fi\/tornado-radar\/"]}]},{"@type":"ImageObject","inLanguage":"fi","@id":"https:\/\/weather-radar-live.com\/fi\/tornado-radar\/#primaryimage","url":"https:\/\/weather-radar-live.com\/wp-content\/uploads\/2021\/02\/Tornado-Radar.jpg","contentUrl":"https:\/\/weather-radar-live.com\/wp-content\/uploads\/2021\/02\/Tornado-Radar.jpg","width":1897,"height":458},{"@type":"BreadcrumbList","@id":"https:\/\/weather-radar-live.com\/fi\/tornado-radar\/#breadcrumb","itemListElement":[{"@type":"ListItem","position":1,"name":"Weather Radar Live","item":"https:\/\/weather-radar-live.com\/fi\/"},{"@type":"ListItem","position":2,"name":"Tornadotutka"}]},{"@type":"WebSite","@id":"https:\/\/weather-radar-live.com\/#website","url":"https:\/\/weather-radar-live.com\/","name":"weather-radar-live.com","description":"Your weather and sky radar.","publisher":{"@id":"https:\/\/weather-radar-live.com\/#organization"},"potentialAction":[{"@type":"SearchAction","target":{"@type":"EntryPoint","urlTemplate":"https:\/\/weather-radar-live.com\/?s={search_term_string}"},"query-input":{"@type":"PropertyValueSpecification","valueRequired":true,"valueName":"search_term_string"}}],"inLanguage":"fi"},{"@type":"Organization","@id":"https:\/\/weather-radar-live.com\/#organization","name":"weather-radar-live.com","url":"https:\/\/weather-radar-live.com\/","logo":{"@type":"ImageObject","inLanguage":"fi","@id":"https:\/\/weather-radar-live.com\/#\/schema\/logo\/image\/","url":"https:\/\/weather-radar-live.com\/wp-content\/uploads\/2022\/03\/cropped-WRL2503.png","contentUrl":"https:\/\/weather-radar-live.com\/wp-content\/uploads\/2022\/03\/cropped-WRL2503.png","width":1920,"height":555,"caption":"weather-radar-live.com"},"image":{"@id":"https:\/\/weather-radar-live.com\/#\/schema\/logo\/image\/"}}]}},"_links":{"self":[{"href":"https:\/\/weather-radar-live.com\/fi\/wp-json\/wp\/v2\/pages\/2521","targetHints":{"allow":["GET"]}}],"collection":[{"href":"https:\/\/weather-radar-live.com\/fi\/wp-json\/wp\/v2\/pages"}],"about":[{"href":"https:\/\/weather-radar-live.com\/fi\/wp-json\/wp\/v2\/types\/page"}],"author":[{"embeddable":true,"href":"https:\/\/weather-radar-live.com\/fi\/wp-json\/wp\/v2\/users\/1"}],"replies":[{"embeddable":true,"href":"https:\/\/weather-radar-live.com\/fi\/wp-json\/wp\/v2\/comments?post=2521"}],"version-history":[{"count":4,"href":"https:\/\/weather-radar-live.com\/fi\/wp-json\/wp\/v2\/pages\/2521\/revisions"}],"predecessor-version":[{"id":3592,"href":"https:\/\/weather-radar-live.com\/fi\/wp-json\/wp\/v2\/pages\/2521\/revisions\/3592"}],"wp:featuredmedia":[{"embeddable":true,"href":"https:\/\/weather-radar-live.com\/fi\/wp-json\/wp\/v2\/media\/2963"}],"wp:attachment":[{"href":"https:\/\/weather-radar-live.com\/fi\/wp-json\/wp\/v2\/media?parent=2521"}],"curies":[{"name":"wp","href":"https:\/\/api.w.org\/{rel}","templated":true}]}}