{"id":2514,"date":"2022-01-17T16:46:44","date_gmt":"2022-01-17T15:46:44","guid":{"rendered":"https:\/\/weather-radar-live.com\/?page_id=2514"},"modified":"2022-02-10T13:29:26","modified_gmt":"2022-02-10T12:29:26","slug":"storm","status":"publish","type":"page","link":"https:\/\/weather-radar-live.com\/fi\/storm\/","title":{"rendered":"Storm"},"content":{"rendered":"<div id=\"weath-307429578\" class=\"weath-vor-dem-inhalt weath-entity-placement\" style=\"margin-top: 15px;margin-right: 25px;margin-bottom: 40px;margin-left: 25px;\"><script async src=\"\/\/pagead2.googlesyndication.com\/pagead\/js\/adsbygoogle.js?client=ca-pub-8960936133935804\" crossorigin=\"anonymous\"><\/script><ins class=\"adsbygoogle\" style=\"display:block;\" data-ad-client=\"ca-pub-8960936133935804\" \ndata-ad-slot=\"6172817020\" \ndata-ad-format=\"auto\"><\/ins>\n<script> \n(adsbygoogle = window.adsbygoogle || []).push({}); \n<\/script>\n<\/div>\n<div class=\"wp-block-cover alignfull has-background-dim\"><img loading=\"lazy\" decoding=\"async\" width=\"1920\" height=\"460\" class=\"wp-block-cover__image-background wp-image-323\" alt=\"\" src=\"https:\/\/weather-radar-live.com\/wp-content\/uploads\/2021\/06\/raychel-sanner-MnnXMvs4cQo-unsplash-scaled-e1622556126284.jpg\" data-object-fit=\"cover\" srcset=\"https:\/\/weather-radar-live.com\/wp-content\/uploads\/2021\/06\/raychel-sanner-MnnXMvs4cQo-unsplash-scaled-e1622556126284.jpg 1920w, https:\/\/weather-radar-live.com\/wp-content\/uploads\/2021\/06\/raychel-sanner-MnnXMvs4cQo-unsplash-scaled-e1622556126284-300x72.jpg 300w, https:\/\/weather-radar-live.com\/wp-content\/uploads\/2021\/06\/raychel-sanner-MnnXMvs4cQo-unsplash-scaled-e1622556126284-1024x245.jpg 1024w, https:\/\/weather-radar-live.com\/wp-content\/uploads\/2021\/06\/raychel-sanner-MnnXMvs4cQo-unsplash-scaled-e1622556126284-768x184.jpg 768w, https:\/\/weather-radar-live.com\/wp-content\/uploads\/2021\/06\/raychel-sanner-MnnXMvs4cQo-unsplash-scaled-e1622556126284-1536x368.jpg 1536w\" sizes=\"auto, (max-width: 1920px) 100vw, 1920px\" \/><div class=\"wp-block-cover__inner-container is-layout-flow wp-block-cover-is-layout-flow\">\n<h2 class=\"has-text-align-center heading wp-block-heading\" style=\"font-size:70px\"><span style=\"color:#f59800\" class=\"has-inline-color\"><strong>STORM<\/strong><\/span><\/h2>\n<\/div><\/div>\n\n\n<h2 style=\"text-align: center;\"><span style=\"color: #f59800;\"><b> <span style=\"color: #f59800;\">Storm<\/span> &#8211; ajankohtainen ja luotettava ennuste ankarasta s\u00e4\u00e4st\u00e4 <\/b><\/span><\/h2>\n<p><span style=\"font-weight: 400;\">Myrskytutkamme avulla n\u00e4et nopeasti, onko alueellasi odotettavissa ankaraa s\u00e4\u00e4t\u00e4. Olipa kyse sitten Suomesta, Ruotsista tai muista maista: Myrskyennusteemme ja myrskykarttamme avulla saat tietoa myrskyjen <strong><span style=\"color: #f59800;\"><a style=\"color: #f59800;\" href=\"https:\/\/weather-radar-live.com\/fi\/\" target=\"_blank\" rel=\"noopener noreferrer\">myrskyn voimakkuus<\/a><\/span><\/strong> (mitattuna <span style=\"color: #1950fe;\"><strong><a style=\"color: #1950fe;\" href=\"https:\/\/weather-radar-live.com\/fi\/sadetutka\/\" target=\"_blank\" rel=\"noopener noreferrer\">sateen voimakkuus<\/a><\/strong><\/span>), koosta, esiintyvien myrskyjen m\u00e4\u00e4r\u00e4st\u00e4 ja niiden voimakkuudesta <span style=\"color: #ffde00;\"><strong><a style=\"color: #ffde00;\" href=\"https:\/\/weather-radar-live.com\/fi\/ukkostutka\/\" target=\"_blank\" rel=\"noopener noreferrer\">salamat<\/a><\/strong><\/span>, ja myrskyrintaman suunnasta.<\/span><\/p>\n<p><span style=\"font-weight: 400;\">N\u00e4in voit tunnistaa jo varhaisessa vaiheessa, vaikuttaako l\u00e4hestyv\u00e4 myrsky sinuun, ja suojautua ajoissa. My\u00f6s s\u00e4\u00e4n \u00e4\u00e4ri-ilmi\u00f6it\u00e4 esiintyy yh\u00e4 useammin. N\u00e4m\u00e4 <span style=\"color: #f59800;\"><strong><a style=\"color: #f59800;\" href=\"https:\/\/weather-radar-live.com\/fi\/tornado-radar\/\" target=\"_blank\" rel=\"noopener noreferrer\">\u00e4\u00e4rimm\u00e4iset s\u00e4\u00e4olosuhteet<\/a><\/strong><\/span> voivat olla hyvin vaarallisia sinulle ja muille. T\u00e4st\u00e4 syyst\u00e4 seuraa nyt ajankohtainen myrskyennuste:<\/span><\/p><div id=\"weath-3380759233\" class=\"weath-inhalt_2 weath-entity-placement\" style=\"margin-top: 15px;margin-right: 25px;margin-bottom: 35px;margin-left: 25px;\"><script async src=\"\/\/pagead2.googlesyndication.com\/pagead\/js\/adsbygoogle.js?client=ca-pub-8960936133935804\" crossorigin=\"anonymous\"><\/script><ins class=\"adsbygoogle\" style=\"display:block;\" data-ad-client=\"ca-pub-8960936133935804\" \ndata-ad-slot=\"1963584050\" \ndata-ad-format=\"auto\"><\/ins>\n<script> \n(adsbygoogle = window.adsbygoogle || []).push({}); \n<\/script>\n<\/div>\n\n\n<iframe loading=\"lazy\" width=\"1300\" height=\"600\" src=\"https:\/\/embed.windy.com\/embed2.html?lat=62.644&amp;lon=26.675&amp;detailLat=49.142&amp;detailLon=9.223&amp;width=1300&amp;height=600&amp;zoom=6&amp;level=surface&amp;overlay=capAlerts&amp;product=capAlerts&amp;menu=&amp;message=&amp;marker=&amp;calendar=now&amp;pressure=&amp;type=map&amp;location=coordinates&amp;detail=&amp;metricWind=default&amp;metricTemp=default&amp;radarRange=-1\" frameborder=\"0\"><\/iframe>\n\n\n\n<p class=\"has-text-align-center\"><sup>Myrskyvaroitukset n\u00e4ytet\u00e4\u00e4n vakavuuden mukaan keltaisella, oranssilla tai punaisella v\u00e4rill\u00e4.<\/sup><\/p>\n\n\n<h2 style=\"text-align: center;\"><span style=\"color: #f59800;\"><b>Miss\u00e4 vallitsee ankaran s\u00e4\u00e4n vaara? &#8211; Miten myrskytutkaa luetaan:<\/b><\/span><\/h2>\n<p style=\"text-align: left;\"><span style=\"font-weight: 400;\"><img loading=\"lazy\" decoding=\"async\" class=\"alignright wp-image-78\" src=\"https:\/\/weather-radar-live.com\/wp-content\/uploads\/2021\/02\/Storm-radar-explanation-300x213.png\" alt=\"Storm - Myrskytutka\" width=\"175\" height=\"124\" srcset=\"https:\/\/weather-radar-live.com\/wp-content\/uploads\/2021\/02\/Storm-radar-explanation-300x213.png 300w, https:\/\/weather-radar-live.com\/wp-content\/uploads\/2021\/02\/Storm-radar-explanation.png 600w\" sizes=\"auto, (max-width: 175px) 100vw, 175px\" \/>Myrskyn voimakkuus n\u00e4ytet\u00e4\u00e4n kartalla eri v\u00e4reill\u00e4 voimassa olevien ankaran s\u00e4\u00e4n varoitusten perusteella. Myrskykartassamme nykyiset ankaran s\u00e4\u00e4n alueet on v\u00e4rikoodattu. V\u00e4riskaala vaihtelee keltaisesta (heikko ankaran s\u00e4\u00e4n varoitus tai ankaran s\u00e4\u00e4n ennakkovaroitus) tummanpunaiseen (eritt\u00e4in voimakas ankaran s\u00e4\u00e4n varoitus). N\u00e4in ollen tummanpunaisilla alueilla on noudatettava varovaisuutta. Jos kartalla ei n\u00e4y mit\u00e4\u00e4n v\u00e4rityst\u00e4, ei yleens\u00e4 tarvitse odottaa ankaraa s\u00e4\u00e4t\u00e4.<\/span><\/p>\n<p style=\"text-align: left;\"><span style=\"font-weight: 400;\"><span style=\"font-size: inherit; background-color: initial;\"><img loading=\"lazy\" decoding=\"async\" class=\"alignleft wp-image-139\" src=\"https:\/\/da-oben.de\/wp-content\/uploads\/2019\/08\/cursor-e1567148434800.png\" alt=\"Myrskytutkan kursori\" width=\"80\" height=\"80\"><\/span><\/span><\/p>\n<p style=\"text-align: left;\"><span style=\"font-weight: 400;\"><span style=\"font-size: inherit; background-color: initial;\">Napsauttamalla kartalla olevaa kursorisymbolia voit seurata myrskyn ajallista kulkua myrskytutkassa. N\u00e4in n\u00e4et tarkalleen, miten myrsky on ollut <\/span><span style=\"font-size: inherit; background-color: initial;\">liikkunut viimeisten tuntien aikana ja oletko myrskyn kulkusuunnassa.<\/span><\/span><\/p>\n<p><\/p>\n<h2 style=\"text-align: center;\"><span style=\"color: #f59800;\"><b>Myrsky t\u00e4n\u00e4 y\u00f6n\u00e4? &#8211; Nuku t\u00e4st\u00e4 l\u00e4htien rauhallisesti!<\/b><\/span><\/h2>\n<p><span style=\"font-weight: 400;\">Olet varmasti jo kokenut vastaavan tilanteen: Menet illalla nukkumaan ja tuskin uskot silmi\u00e4si seuraavana aamuna. Myrsky on raivonnut y\u00f6n aikana ja j\u00e4tt\u00e4nyt tuhojensa j\u00e4ljet puutarhaan tai parvekkeellesi. Syv\u00e4n unesi vuoksi et kuitenkaan ole huomannut t\u00e4st\u00e4 mit\u00e4\u00e4n. Sivustomme ansiosta t\u00e4llaiset ik\u00e4v\u00e4t yll\u00e4tykset eiv\u00e4t en\u00e4\u00e4 ole ongelma.<\/span><\/p>\n<div id=\"weath-2003437430\" style=\"margin-top: 15px;margin-right: auto;margin-bottom: 35px;margin-left: auto;text-align: center;\"><script async src=\"\/\/pagead2.googlesyndication.com\/pagead\/js\/adsbygoogle.js?client=ca-pub-8960936133935804\" crossorigin=\"anonymous\"><\/script><ins class=\"adsbygoogle\" style=\"display:block;\" data-ad-client=\"ca-pub-8960936133935804\" \ndata-ad-slot=\"1963584050\" \ndata-ad-format=\"auto\"><\/ins>\n<script> \n(adsbygoogle = window.adsbygoogle || []).push({}); \n<\/script>\n<\/div>\n<h2 style=\"text-align: center;\"><span style=\"color: #f59800;\"><b>Miss\u00e4 myrskyt uhkaavat? &#8211; Miten lukea myrskykarttaa ja tulkita myrskyennustetta:<\/b><\/span><\/h2>\n<p><span style=\"font-weight: 400;\">Myrskytutka ilmoittaa sinulle alueellasi uhkaavista ankarista s\u00e4\u00e4oloista jopa 48 tuntia etuk\u00e4teen. N\u00e4m\u00e4 varoitukset (merkitty keltaisella) kertovat lis\u00e4\u00e4ntyneest\u00e4 ankaran s\u00e4\u00e4n riskist\u00e4, mutta myrskyjen voimakkuus ja levi\u00e4minen eiv\u00e4t kuitenkaan ole viel\u00e4 tarkasti ennustettavissa. Vasta kun alue muuttuu oranssiksi, punaiseksi tai violetiksi (violetiksi), kyseess\u00e4 on akuutti ankaran s\u00e4\u00e4n riski. T\u00e4ll\u00f6in on toimittava: etsi v\u00e4litt\u00f6m\u00e4sti turvallinen suoja ja siirr\u00e4 ulkona olevat tavarasi turvaan. N\u00e4in myrsky ei t\u00e4st\u00e4 l\u00e4htien yll\u00e4t\u00e4 sinua pahasti y\u00f6ll\u00e4.<\/span><\/p>\n<p><span style=\"font-weight: 400;\">Muuten: Jos haluat yksityiskohtaisen n\u00e4kym\u00e4n eri alueista, klikkaa ep\u00e4suotuisan s\u00e4\u00e4n keskuksen karttoja. T\u00e4m\u00e4n j\u00e4lkeen sinut ohjataan v\u00e4litt\u00f6m\u00e4sti ep\u00e4suotuisan s\u00e4\u00e4n keskuksen kotisivulle. <span style=\"color: #000000;\">Pilvisyys- ja sadem\u00e4\u00e4r\u00e4ennusteet<\/span> saat yksinkertaisesti k\u00e4ytt\u00e4m\u00e4ll\u00e4 meid\u00e4n <span style=\"color: #919191;\"><strong>pilvisyyskartta<\/strong><\/span> ja <span style=\"color: #1950fe;\"><strong><a style=\"color: #1950fe;\" href=\"https:\/\/weather-radar-live.com\/fi\/sadetutka\/\">sadetutka<\/a><\/strong><\/span>.<\/span><\/p>\n<div id=\"weath-4119872779\" style=\"margin-top: 15px;margin-right: auto;margin-bottom: 40px;margin-left: auto;text-align: center;\"><script async src=\"\/\/pagead2.googlesyndication.com\/pagead\/js\/adsbygoogle.js?client=ca-pub-8960936133935804\" crossorigin=\"anonymous\"><\/script><ins class=\"adsbygoogle\" style=\"display:block;\" data-ad-client=\"ca-pub-8960936133935804\" \ndata-ad-slot=\"6172817020\" \ndata-ad-format=\"auto\"><\/ins>\n<script> \n(adsbygoogle = window.adsbygoogle || []).push({}); \n<\/script>\n<\/div>\n<h2 style=\"text-align: center;\"><span style=\"color: #f59800;\"><b>Myrskytutka &#8211; Ei vain ankara s\u00e4\u00e4 voi olla vaarallinen!<\/b><\/span><\/h2>\n\n\n<p>Myrskyn lis\u00e4ksi kova tuuli tai myrskymatala ilman ilmoitettua sadem\u00e4\u00e4r\u00e4\u00e4 voi nopeasti muodostua vaaraksi sinulle ja ymp\u00e4rist\u00f6llesi. Jotta voisit t\u00e4st\u00e4 l\u00e4htien varautua l\u00e4hestyv\u00e4\u00e4n myrskyyn, tarjoamme sinulle myrskytutkalla yleiskuvan nykyisist\u00e4 tuulen voimakkuuksista ja tuulensuunnista.<\/p>\n\n\n\n<iframe loading=\"lazy\" width=\"1300\" height=\"600\" src=\"https:\/\/embed.windy.com\/embed2.html?lat=62.644&amp;lon=26.675&amp;detailLat=49.142&amp;detailLon=9.223&amp;width=1300&amp;height=600&amp;zoom=6&amp;level=surface&amp;overlay=wind&amp;product=ecmwf&amp;menu=&amp;message=true&amp;marker=&amp;calendar=now&amp;pressure=&amp;type=map&amp;location=coordinates&amp;detail=&amp;metricWind=default&amp;metricTemp=default&amp;radarRange=-1\" frameborder=\"0\"><\/iframe>\n\n\n<h2> <\/h2>\n<h2 style=\"text-align: center;\"><span style=\"color: #f59800;\"><b>Miss\u00e4 tuulee? &#8211; N\u00e4in luet myrskytutkaa:<\/b><\/span><\/h2>\n<p><span style=\"font-weight: 400;\">Myrskykartta n\u00e4ytt\u00e4\u00e4 tuulen voimakkuuden km\/h ja tuulen suunnan dynaamisilla valkoisilla luonnosviivoilla. N\u00e4iden viivojen pituus ja nopeus osoittavat tuulen voimakkuuden. Voit lukea tuulen voimakkuuden my\u00f6s kartan v\u00e4rityksen avulla: Sinivihre\u00e4t alueet kattavat enint\u00e4\u00e4n 35 km\/h:n nopeuden, punavioletit alueet taas ilmaisevat tuulennopeuden <a href=\"https:\/\/weather-radar-live.com\/fi\/tornado-radar\/\"><strong><span style=\"color: #f59800;\">korkeat tuulennopeudet<\/span><\/strong><\/a> (40 km\/h ja yli). N\u00e4in myrskytutkamme antaa sinulle yleiskuvan eri alueiden t\u00e4m\u00e4nhetkisist\u00e4 tuulennopeuksista milloin tahansa.<\/span><\/p>","protected":false},"excerpt":{"rendered":"<p>Storm &#8211; ajankohtainen ja luotettava ennuste ankarasta s\u00e4\u00e4st\u00e4 Myrskytutkamme avulla n\u00e4et nopeasti, onko alueellasi odotettavissa ankaraa s\u00e4\u00e4t\u00e4. Olipa kyse sitten Suomesta, Ruotsista tai muista maista: Myrskyennusteemme ja myrskykarttamme avulla saat tietoa myrskyjen myrskyn voimakkuus (mitattuna sateen voimakkuus), koosta, esiintyvien myrskyjen m\u00e4\u00e4r\u00e4st\u00e4 ja niiden voimakkuudesta salamat, ja myrskyrintaman suunnasta. N\u00e4in voit tunnistaa jo varhaisessa vaiheessa, vaikuttaako &#8230; <a title=\"Storm\" class=\"read-more\" href=\"https:\/\/weather-radar-live.com\/fi\/storm\/\" aria-label=\"Lue lis\u00e4\u00e4 aiheesta Storm\">Lue lis\u00e4\u00e4<\/a><\/p>\n","protected":false},"author":1,"featured_media":2753,"parent":0,"menu_order":0,"comment_status":"closed","ping_status":"closed","template":"","meta":{"footnotes":""},"class_list":["post-2514","page","type-page","status-publish","has-post-thumbnail"],"yoast_head":"<!-- This site is optimized with the Yoast SEO plugin v27.4 - https:\/\/yoast.com\/product\/yoast-seo-wordpress\/ -->\n<title>Storm: tutka &amp; myrskyennuste LIVE: \u26a1 Miss\u00e4 myrskyt ovat?<\/title>\n<meta name=\"description\" content=\"Myrskytutka + myrskyennuste LIVE: Selvit\u00e4, onko myrsky vaikuttanut sinuun \u2714\ufe0f nykyinen myrskykartta! \u26a1\" \/>\n<meta name=\"robots\" content=\"index, follow, max-snippet:-1, max-image-preview:large, max-video-preview:-1\" \/>\n<link rel=\"canonical\" href=\"https:\/\/weather-radar-live.com\/fi\/storm\/\" \/>\n<meta property=\"og:locale\" content=\"fi_FI\" \/>\n<meta property=\"og:type\" content=\"article\" \/>\n<meta property=\"og:title\" content=\"Storm: tutka &amp; myrskyennuste LIVE: \u26a1 Miss\u00e4 myrskyt ovat?\" \/>\n<meta property=\"og:description\" content=\"Myrskytutka + myrskyennuste LIVE: Selvit\u00e4, onko myrsky vaikuttanut sinuun \u2714\ufe0f nykyinen myrskykartta! \u26a1\" \/>\n<meta property=\"og:url\" content=\"https:\/\/weather-radar-live.com\/fi\/storm\/\" \/>\n<meta property=\"og:site_name\" content=\"weather-radar-live.com\" \/>\n<meta property=\"article:modified_time\" content=\"2022-02-10T12:29:26+00:00\" \/>\n<meta property=\"og:image\" content=\"https:\/\/weather-radar-live.com\/wp-content\/uploads\/2021\/02\/Storm-radar.jpg\" \/>\n\t<meta property=\"og:image:width\" content=\"1897\" \/>\n\t<meta property=\"og:image:height\" content=\"458\" \/>\n\t<meta property=\"og:image:type\" content=\"image\/jpeg\" \/>\n<meta name=\"twitter:card\" content=\"summary_large_image\" \/>\n<meta name=\"twitter:label1\" content=\"Arvioitu lukuaika\" \/>\n\t<meta name=\"twitter:data1\" content=\"3 minuuttia\" \/>\n<script type=\"application\/ld+json\" class=\"yoast-schema-graph\">{\"@context\":\"https:\\\/\\\/schema.org\",\"@graph\":[{\"@type\":\"WebPage\",\"@id\":\"https:\\\/\\\/weather-radar-live.com\\\/fi\\\/storm\\\/\",\"url\":\"https:\\\/\\\/weather-radar-live.com\\\/fi\\\/storm\\\/\",\"name\":\"Storm: tutka & myrskyennuste LIVE: \u26a1 Miss\u00e4 myrskyt ovat?\",\"isPartOf\":{\"@id\":\"https:\\\/\\\/weather-radar-live.com\\\/#website\"},\"primaryImageOfPage\":{\"@id\":\"https:\\\/\\\/weather-radar-live.com\\\/fi\\\/storm\\\/#primaryimage\"},\"image\":{\"@id\":\"https:\\\/\\\/weather-radar-live.com\\\/fi\\\/storm\\\/#primaryimage\"},\"thumbnailUrl\":\"https:\\\/\\\/weather-radar-live.com\\\/wp-content\\\/uploads\\\/2021\\\/02\\\/Storm-radar.jpg\",\"datePublished\":\"2022-01-17T15:46:44+00:00\",\"dateModified\":\"2022-02-10T12:29:26+00:00\",\"description\":\"Myrskytutka + myrskyennuste LIVE: Selvit\u00e4, onko myrsky vaikuttanut sinuun \u2714\ufe0f nykyinen myrskykartta! \u26a1\",\"breadcrumb\":{\"@id\":\"https:\\\/\\\/weather-radar-live.com\\\/fi\\\/storm\\\/#breadcrumb\"},\"inLanguage\":\"fi\",\"potentialAction\":[{\"@type\":\"ReadAction\",\"target\":[\"https:\\\/\\\/weather-radar-live.com\\\/fi\\\/storm\\\/\"]}]},{\"@type\":\"ImageObject\",\"inLanguage\":\"fi\",\"@id\":\"https:\\\/\\\/weather-radar-live.com\\\/fi\\\/storm\\\/#primaryimage\",\"url\":\"https:\\\/\\\/weather-radar-live.com\\\/wp-content\\\/uploads\\\/2021\\\/02\\\/Storm-radar.jpg\",\"contentUrl\":\"https:\\\/\\\/weather-radar-live.com\\\/wp-content\\\/uploads\\\/2021\\\/02\\\/Storm-radar.jpg\",\"width\":1897,\"height\":458},{\"@type\":\"BreadcrumbList\",\"@id\":\"https:\\\/\\\/weather-radar-live.com\\\/fi\\\/storm\\\/#breadcrumb\",\"itemListElement\":[{\"@type\":\"ListItem\",\"position\":1,\"name\":\"Weather Radar Live\",\"item\":\"https:\\\/\\\/weather-radar-live.com\\\/fi\\\/\"},{\"@type\":\"ListItem\",\"position\":2,\"name\":\"Storm\"}]},{\"@type\":\"WebSite\",\"@id\":\"https:\\\/\\\/weather-radar-live.com\\\/#website\",\"url\":\"https:\\\/\\\/weather-radar-live.com\\\/\",\"name\":\"weather-radar-live.com\",\"description\":\"Your weather and sky radar.\",\"publisher\":{\"@id\":\"https:\\\/\\\/weather-radar-live.com\\\/#organization\"},\"potentialAction\":[{\"@type\":\"SearchAction\",\"target\":{\"@type\":\"EntryPoint\",\"urlTemplate\":\"https:\\\/\\\/weather-radar-live.com\\\/?s={search_term_string}\"},\"query-input\":{\"@type\":\"PropertyValueSpecification\",\"valueRequired\":true,\"valueName\":\"search_term_string\"}}],\"inLanguage\":\"fi\"},{\"@type\":\"Organization\",\"@id\":\"https:\\\/\\\/weather-radar-live.com\\\/#organization\",\"name\":\"weather-radar-live.com\",\"url\":\"https:\\\/\\\/weather-radar-live.com\\\/\",\"logo\":{\"@type\":\"ImageObject\",\"inLanguage\":\"fi\",\"@id\":\"https:\\\/\\\/weather-radar-live.com\\\/#\\\/schema\\\/logo\\\/image\\\/\",\"url\":\"https:\\\/\\\/weather-radar-live.com\\\/wp-content\\\/uploads\\\/2022\\\/03\\\/cropped-WRL2503.png\",\"contentUrl\":\"https:\\\/\\\/weather-radar-live.com\\\/wp-content\\\/uploads\\\/2022\\\/03\\\/cropped-WRL2503.png\",\"width\":1920,\"height\":555,\"caption\":\"weather-radar-live.com\"},\"image\":{\"@id\":\"https:\\\/\\\/weather-radar-live.com\\\/#\\\/schema\\\/logo\\\/image\\\/\"}}]}<\/script>\n<!-- \/ Yoast SEO plugin. -->","yoast_head_json":{"title":"Storm: tutka & myrskyennuste LIVE: \u26a1 Miss\u00e4 myrskyt ovat?","description":"Myrskytutka + myrskyennuste LIVE: Selvit\u00e4, onko myrsky vaikuttanut sinuun \u2714\ufe0f nykyinen myrskykartta! \u26a1","robots":{"index":"index","follow":"follow","max-snippet":"max-snippet:-1","max-image-preview":"max-image-preview:large","max-video-preview":"max-video-preview:-1"},"canonical":"https:\/\/weather-radar-live.com\/fi\/storm\/","og_locale":"fi_FI","og_type":"article","og_title":"Storm: tutka & myrskyennuste LIVE: \u26a1 Miss\u00e4 myrskyt ovat?","og_description":"Myrskytutka + myrskyennuste LIVE: Selvit\u00e4, onko myrsky vaikuttanut sinuun \u2714\ufe0f nykyinen myrskykartta! \u26a1","og_url":"https:\/\/weather-radar-live.com\/fi\/storm\/","og_site_name":"weather-radar-live.com","article_modified_time":"2022-02-10T12:29:26+00:00","og_image":[{"width":1897,"height":458,"url":"https:\/\/weather-radar-live.com\/wp-content\/uploads\/2021\/02\/Storm-radar.jpg","type":"image\/jpeg"}],"twitter_card":"summary_large_image","twitter_misc":{"Arvioitu lukuaika":"3 minuuttia"},"schema":{"@context":"https:\/\/schema.org","@graph":[{"@type":"WebPage","@id":"https:\/\/weather-radar-live.com\/fi\/storm\/","url":"https:\/\/weather-radar-live.com\/fi\/storm\/","name":"Storm: tutka & myrskyennuste LIVE: \u26a1 Miss\u00e4 myrskyt ovat?","isPartOf":{"@id":"https:\/\/weather-radar-live.com\/#website"},"primaryImageOfPage":{"@id":"https:\/\/weather-radar-live.com\/fi\/storm\/#primaryimage"},"image":{"@id":"https:\/\/weather-radar-live.com\/fi\/storm\/#primaryimage"},"thumbnailUrl":"https:\/\/weather-radar-live.com\/wp-content\/uploads\/2021\/02\/Storm-radar.jpg","datePublished":"2022-01-17T15:46:44+00:00","dateModified":"2022-02-10T12:29:26+00:00","description":"Myrskytutka + myrskyennuste LIVE: Selvit\u00e4, onko myrsky vaikuttanut sinuun \u2714\ufe0f nykyinen myrskykartta! \u26a1","breadcrumb":{"@id":"https:\/\/weather-radar-live.com\/fi\/storm\/#breadcrumb"},"inLanguage":"fi","potentialAction":[{"@type":"ReadAction","target":["https:\/\/weather-radar-live.com\/fi\/storm\/"]}]},{"@type":"ImageObject","inLanguage":"fi","@id":"https:\/\/weather-radar-live.com\/fi\/storm\/#primaryimage","url":"https:\/\/weather-radar-live.com\/wp-content\/uploads\/2021\/02\/Storm-radar.jpg","contentUrl":"https:\/\/weather-radar-live.com\/wp-content\/uploads\/2021\/02\/Storm-radar.jpg","width":1897,"height":458},{"@type":"BreadcrumbList","@id":"https:\/\/weather-radar-live.com\/fi\/storm\/#breadcrumb","itemListElement":[{"@type":"ListItem","position":1,"name":"Weather Radar Live","item":"https:\/\/weather-radar-live.com\/fi\/"},{"@type":"ListItem","position":2,"name":"Storm"}]},{"@type":"WebSite","@id":"https:\/\/weather-radar-live.com\/#website","url":"https:\/\/weather-radar-live.com\/","name":"weather-radar-live.com","description":"Your weather and sky radar.","publisher":{"@id":"https:\/\/weather-radar-live.com\/#organization"},"potentialAction":[{"@type":"SearchAction","target":{"@type":"EntryPoint","urlTemplate":"https:\/\/weather-radar-live.com\/?s={search_term_string}"},"query-input":{"@type":"PropertyValueSpecification","valueRequired":true,"valueName":"search_term_string"}}],"inLanguage":"fi"},{"@type":"Organization","@id":"https:\/\/weather-radar-live.com\/#organization","name":"weather-radar-live.com","url":"https:\/\/weather-radar-live.com\/","logo":{"@type":"ImageObject","inLanguage":"fi","@id":"https:\/\/weather-radar-live.com\/#\/schema\/logo\/image\/","url":"https:\/\/weather-radar-live.com\/wp-content\/uploads\/2022\/03\/cropped-WRL2503.png","contentUrl":"https:\/\/weather-radar-live.com\/wp-content\/uploads\/2022\/03\/cropped-WRL2503.png","width":1920,"height":555,"caption":"weather-radar-live.com"},"image":{"@id":"https:\/\/weather-radar-live.com\/#\/schema\/logo\/image\/"}}]}},"_links":{"self":[{"href":"https:\/\/weather-radar-live.com\/fi\/wp-json\/wp\/v2\/pages\/2514","targetHints":{"allow":["GET"]}}],"collection":[{"href":"https:\/\/weather-radar-live.com\/fi\/wp-json\/wp\/v2\/pages"}],"about":[{"href":"https:\/\/weather-radar-live.com\/fi\/wp-json\/wp\/v2\/types\/page"}],"author":[{"embeddable":true,"href":"https:\/\/weather-radar-live.com\/fi\/wp-json\/wp\/v2\/users\/1"}],"replies":[{"embeddable":true,"href":"https:\/\/weather-radar-live.com\/fi\/wp-json\/wp\/v2\/comments?post=2514"}],"version-history":[{"count":7,"href":"https:\/\/weather-radar-live.com\/fi\/wp-json\/wp\/v2\/pages\/2514\/revisions"}],"predecessor-version":[{"id":3586,"href":"https:\/\/weather-radar-live.com\/fi\/wp-json\/wp\/v2\/pages\/2514\/revisions\/3586"}],"wp:featuredmedia":[{"embeddable":true,"href":"https:\/\/weather-radar-live.com\/fi\/wp-json\/wp\/v2\/media\/2753"}],"wp:attachment":[{"href":"https:\/\/weather-radar-live.com\/fi\/wp-json\/wp\/v2\/media?parent=2514"}],"curies":[{"name":"wp","href":"https:\/\/api.w.org\/{rel}","templated":true}]}}