{"id":2472,"date":"2022-01-17T08:37:10","date_gmt":"2022-01-17T07:37:10","guid":{"rendered":"https:\/\/weather-radar-live.com\/?page_id=2472"},"modified":"2022-07-06T13:09:50","modified_gmt":"2022-07-06T11:09:50","slug":"ukkostutka","status":"publish","type":"page","link":"https:\/\/weather-radar-live.com\/fi\/ukkostutka\/","title":{"rendered":"Ukkostutka"},"content":{"rendered":"<div id=\"weath-451119478\" class=\"weath-vor-dem-inhalt weath-entity-placement\" style=\"margin-top: 15px;margin-right: 25px;margin-bottom: 40px;margin-left: 25px;\"><script async src=\"\/\/pagead2.googlesyndication.com\/pagead\/js\/adsbygoogle.js?client=ca-pub-8960936133935804\" crossorigin=\"anonymous\"><\/script><ins class=\"adsbygoogle\" style=\"display:block;\" data-ad-client=\"ca-pub-8960936133935804\" \ndata-ad-slot=\"6172817020\" \ndata-ad-format=\"auto\"><\/ins>\n<script> \n(adsbygoogle = window.adsbygoogle || []).push({}); \n<\/script>\n<\/div>\n<div class=\"wp-block-cover alignfull\"><span aria-hidden=\"true\" class=\"wp-block-cover__gradient-background has-background-dim\"><\/span><img loading=\"lazy\" decoding=\"async\" width=\"1900\" height=\"460\" class=\"wp-block-cover__image-background wp-image-311\" alt=\"\" src=\"https:\/\/weather-radar-live.com\/wp-content\/uploads\/2021\/06\/josep-castells-5Mh8iz9vqpY-unsplash-scaled-e1622555407316.jpg\" data-object-fit=\"cover\" srcset=\"https:\/\/weather-radar-live.com\/wp-content\/uploads\/2021\/06\/josep-castells-5Mh8iz9vqpY-unsplash-scaled-e1622555407316.jpg 1900w, https:\/\/weather-radar-live.com\/wp-content\/uploads\/2021\/06\/josep-castells-5Mh8iz9vqpY-unsplash-scaled-e1622555407316-300x73.jpg 300w, https:\/\/weather-radar-live.com\/wp-content\/uploads\/2021\/06\/josep-castells-5Mh8iz9vqpY-unsplash-scaled-e1622555407316-1024x248.jpg 1024w, https:\/\/weather-radar-live.com\/wp-content\/uploads\/2021\/06\/josep-castells-5Mh8iz9vqpY-unsplash-scaled-e1622555407316-768x186.jpg 768w, https:\/\/weather-radar-live.com\/wp-content\/uploads\/2021\/06\/josep-castells-5Mh8iz9vqpY-unsplash-scaled-e1622555407316-1536x372.jpg 1536w\" sizes=\"auto, (max-width: 1900px) 100vw, 1900px\" \/><div class=\"wp-block-cover__inner-container is-layout-flow wp-block-cover-is-layout-flow\">\n<h2 class=\"has-text-align-center heading wp-block-heading\" style=\"font-size:50px\"><strong><span style=\"color:#ffde00\" class=\"has-inline-color\">UKKOSTUTKA<\/span><\/strong><\/h2>\n<\/div><\/div>\n\n\n<h2 style=\"text-align: center;\"><strong><span style=\"color: #ffde00;\"><span style=\"color: #ffde00;\">Ukkostutka kartta &#8211; saat reaaliaikaista tietoa nykyisist\u00e4 ukkosista salaman havaitsemisen avulla<\/span><\/span><\/strong><\/h2>\n<p>Tuskin on juuri lainkaan <strong><a href=\"https:\/\/weather-radar-live.com\/fi\/\" target=\"_blank\" rel=\"noopener noreferrer\">s\u00e4\u00e4ilmi\u00f6<\/a><\/strong> mik\u00e4 j\u00e4nnitt\u00e4\u00e4 meit\u00e4 yht\u00e4 paljon kuin <a href=\"https:\/\/www.sciencelearn.org.nz\/resources\/239-lightning-explained\">ukkonen ja salama<\/a>. Ihmiset ovat muinaisista ajoista l\u00e4htien yritt\u00e4neet selvitt\u00e4\u00e4 t\u00e4m\u00e4n ilmi\u00f6n taustoja. Valitettavasti t\u00e4st\u00e4 luonnonilmi\u00f6st\u00e4 on kuitenkin edelleen paljon sellaista, joka on yh\u00e4 t\u00e4n\u00e4kin p\u00e4iv\u00e4n\u00e4 h\u00e4m\u00e4r\u00e4n peitossa.<\/p>\n<p>Haluatko selvitt\u00e4\u00e4, miss\u00e4 t\u00e4ll\u00e4 hetkell\u00e4 ukkostaa? Tai vain selvitt\u00e4\u00e4, koskeeko sinua pian ukkonen? Silloin sinun kannattaa k\u00e4ytt\u00e4\u00e4 salamaniskukarttaamme Yhdysvalloissa ja Kanadassa! Se antaa sinulle tarkat tiedot ukkosista ja salamoinnista alueellasi, ja se p\u00e4ivittyy joka sekunti!<\/p><div id=\"weath-3974760775\" class=\"weath-inhalt_2 weath-entity-placement\" style=\"margin-top: 15px;margin-right: 25px;margin-bottom: 35px;margin-left: 25px;\"><script async src=\"\/\/pagead2.googlesyndication.com\/pagead\/js\/adsbygoogle.js?client=ca-pub-8960936133935804\" crossorigin=\"anonymous\"><\/script><ins class=\"adsbygoogle\" style=\"display:block;\" data-ad-client=\"ca-pub-8960936133935804\" \ndata-ad-slot=\"1963584050\" \ndata-ad-format=\"auto\"><\/ins>\n<script> \n(adsbygoogle = window.adsbygoogle || []).push({}); \n<\/script>\n<\/div>\n\n\n<iframe loading=\"lazy\" width=\"1300\" height=\"600\" src=\"https:\/\/embed.windy.com\/embed2.html?lat=62.644&amp;lon=26.675&amp;detailLat=49.142&amp;detailLon=9.223&amp;width=1300&amp;height=600&amp;zoom=6&amp;level=surface&amp;overlay=radar&amp;product=radar&amp;menu=&amp;message=&amp;marker=&amp;calendar=now&amp;pressure=&amp;type=map&amp;location=coordinates&amp;detail=&amp;metricWind=default&amp;metricTemp=default&amp;radarRange=-1\" frameborder=\"0\"><\/iframe>\n\n\n\n<p class=\"has-text-align-center\"><sup>Ukkoset ja salamaniskut on merkitty salamasymbolilla. Voimakkuudesta riippuen sadem\u00e4\u00e4r\u00e4 n\u00e4ytet\u00e4\u00e4n sinisen\u00e4 (heikko sadem\u00e4\u00e4r\u00e4), vihre\u00e4n\u00e4, keltaisena, oranssina (kohtalainen sadem\u00e4\u00e4r\u00e4), punaisena tai violettina (eritt\u00e4in voimakas sadem\u00e4\u00e4r\u00e4).<\/sup><\/p>\n\n\n<h2 style=\"text-align: center;\"><span style=\"color: #ffde00;\"><strong>Nykyisten ukkosten seuranta &#8211; Miten ukkoskarttaa luetaan:<\/strong><\/span><\/h2>\n<p><img loading=\"lazy\" decoding=\"async\" class=\"alignright wp-image-80\" src=\"https:\/\/weather-radar-live.com\/wp-content\/uploads\/2021\/02\/Lightning-strike-map-radar-explanation-300x213.png\" alt=\"Salamaniskukartan tutkan selitys\" width=\"175\" height=\"124\" srcset=\"https:\/\/weather-radar-live.com\/wp-content\/uploads\/2021\/02\/Lightning-strike-map-radar-explanation-300x213.png 300w, https:\/\/weather-radar-live.com\/wp-content\/uploads\/2021\/02\/Lightning-strike-map-radar-explanation.png 600w\" sizes=\"auto, (max-width: 175px) 100vw, 175px\" \/>Salamakartta n\u00e4ytt\u00e4\u00e4 nykyiset ukkoset v\u00e4rillisin\u00e4. Ukkosen voimakkuus mitataan seuraavilla mittareilla <strong><span style=\"color: #1950fe;\"><a style=\"color: #1950fe;\" href=\"https:\/\/weather-radar-live.com\/fi\/sadetutka\/\" target=\"_blank\" rel=\"noopener noreferrer\">sadem\u00e4\u00e4r\u00e4<\/a><\/span><\/strong> kuten my\u00f6s meid\u00e4n <a href=\"https:\/\/weather-radar-live.com\/fi\/storm\/\" target=\"_blank\" rel=\"noopener noreferrer\"><strong>myrskytutka<\/strong><\/a>. Sininen tai vihre\u00e4 v\u00e4ri osoittaa suhteellisen heikkoa ukkosta tai heikkoa sadetta.<\/p>\n<p>Keltaisen, oranssin, punaisen ja erityisesti violetin v\u00e4rin kohdalla on syyt\u00e4 noudattaa varovaisuutta:<\/p>\n<p>T\u00e4llaiseen salamarintamaan liittyy selv\u00e4 ankaran s\u00e4\u00e4n vaara. Salamakartassa n\u00e4kyy my\u00f6s pieni\u00e4 salamoita, jotka ilmaistaan lyhyell\u00e4, valkoisella v\u00e4l\u00e4hdyksell\u00e4. Jokainen n\u00e4ist\u00e4 v\u00e4l\u00e4hdyksist\u00e4 merkitsee yksitt\u00e4ist\u00e4 <a href=\"https:\/\/www.weather.gov\/safety\/lightning-science-overview\">salamaniskua<\/a>.<\/p>\n<p><img loading=\"lazy\" decoding=\"async\" class=\"alignleft wp-image-89\" src=\"https:\/\/weather-radar-live.com\/wp-content\/uploads\/2021\/02\/cursor.png\" alt=\"kursorin salamaniskukartta\" width=\"80\" height=\"80\">Voit n\u00e4ytt\u00e4\u00e4 salamarintaman ajallisen kulun ja suunnan napsauttamalla kursorisymbolia. N\u00e4in n\u00e4et tarkalleen, miten ukkonen on kehittynyt viimeisten tuntien ja minuuttien aikana, ja voit p\u00e4\u00e4tell\u00e4, mihin ukkonen siirtyy.<\/p>\n<p><\/p>\n<h2><span style=\"color: #ffde00;\"><strong>T\u00e4ss\u00e4 on kaikki, mit\u00e4 sinun on tiedett\u00e4v\u00e4 ukkosista ja salamatutkasta!<\/strong><\/span><\/h2>\n<p><img loading=\"lazy\" decoding=\"async\" class=\"alignleft wp-image-81 size-full\" src=\"https:\/\/weather-radar-live.com\/wp-content\/uploads\/2021\/02\/Lightning-strike-map-lightning-strike.jpg\" alt=\"Salamanisku kartta salamanisku\" width=\"300\" height=\"199\">Ukkoskarttamme suuri etu on, ett\u00e4 ukkoset ja salamat n\u00e4ytet\u00e4\u00e4n hyvin lyhyell\u00e4 viiveell\u00e4. Salamatutkan mittaustekniikka on t\u00e4ss\u00e4 ratkaisevassa asemassa: Jokainen salama\/salamanisku l\u00e4hett\u00e4\u00e4 s\u00e4hk\u00f6magneettisen aallon, joka etenee satojen kilometrien p\u00e4\u00e4h\u00e4n. T\u00e4m\u00e4 aalto saapuu eri tutka-asemille valon nopeudella. S\u00e4hk\u00f6magneettisen aallon erilaisten saapumisaikojen (millisekuntien luokkaa) ansiosta voidaan tehd\u00e4 tarkkoja johtop\u00e4\u00e4t\u00f6ksi\u00e4 iskun sijainnista ja salaman voimakkuudesta.<\/p>\n<p><strong>N\u00e4in voit itse paikantaa salaman &#8221;liven\u00e4&#8221; ja &#8221;reaaliajassa&#8221;.<\/strong><\/p>\n<p><\/p>\n<h2><span style=\"color: #ffde00;\"><strong>Miten ukkoset muodostuvat?<\/strong><\/span><\/h2>\n<p>Ukkosmyrskyn liikkeellepanevina voimina ovat korkea auringon s\u00e4teily, veden haihtuminen ja siit\u00e4 johtuva pilvien muodostuminen (lis\u00e4\u00e4 pilvien muodostumisesta <strong><a href=\"https:\/\/weather-radar-live.com\/fi\/pilvet\/\">t\u00e4\u00e4ll\u00e4<\/a><\/strong>). Pilvess\u00e4 olevien vesimolekyylien kitka synnytt\u00e4\u00e4 korkean s\u00e4hk\u00f6j\u00e4nnitteen, jonka vastapainoksi salama purkautuu. T\u00e4m\u00e4 purkaus voi tapahtua sek\u00e4 maahan ett\u00e4 toiseen pilveen kohdistuvasta salamaniskusta.<\/p>\n<p><strong>Ja muuten:<\/strong><\/p>\n<p>Ukkonen johtuu ilman \u00e4killisest\u00e4 laajenemisesta salaman v\u00e4litt\u00f6m\u00e4ss\u00e4 ymp\u00e4rist\u00f6ss\u00e4 &#8211; se voi saavuttaa jopa 30 000 asteen l\u00e4mp\u00f6tilan ja on vain muutaman senttimetrin paksuista!<\/p>\n<p><\/p>\n<h2 style=\"text-align: center;\"><span style=\"color: #ffde00;\"><strong>Salamaniskut &#8211; miten k\u00e4ytt\u00e4ydyn?<\/strong><\/span><\/h2>\n<p style=\"text-align: center;\"><span style=\"color: #ffde00;\"><strong>140 kilometri\u00e4&#8230;<\/strong><\/span><\/p>\n<p style=\"text-align: center;\"><span style=\"color: #ffde00;\"><strong>se on pisimm\u00e4n koskaan mitatun salaman pituus.<\/strong><\/span><\/p>\n<p>Yleisesti ottaen sinun tulisi hakeutua suojaan mahdollisimman nopeasti ukkosen ensimm\u00e4isten merkkien ilmaantuessa, sill\u00e4 salama voi kulkea useita kilometrej\u00e4. Vaara on siis olemassa jo ennen kuin ukkonen on l\u00e4hell\u00e4. Turvallisin piilopaikka ukkosen aikana on talo tai ajoneuvo. Jos olet ulkona ukkosen aikana, muista pysytell\u00e4 kaukana puista, kukkuloista, j\u00e4rvist\u00e4 ja joista. My\u00f6s s\u00e4hk\u00f6pylv\u00e4\u00e4t ovat suosittuja kohteita salamaniskuille, joten my\u00f6s niist\u00e4 kannattaa pit\u00e4\u00e4 et\u00e4isyytt\u00e4. Ihannetapauksessa etsi kuiva onkalo, kyykisty ja ymp\u00e4r\u00f6i jalkasi k\u00e4sivarsillasi. On parasta pysy\u00e4 varpaillaan. N\u00e4in tarjoat salaman iskun sattuessa v\u00e4litt\u00f6m\u00e4\u00e4n l\u00e4heisyyteen pienimm\u00e4n pinnan, johon salama voi iske\u00e4, ja est\u00e4t suuria j\u00e4nnitteit\u00e4 virtaamasta kehosi l\u00e4pi.<\/p>\n<p><\/p>\n<h2 style=\"text-align: center;\"><span style=\"color: #ffde00;\"><strong>Ukkosen et\u00e4isyys<\/strong><\/span><\/h2>\n<p style=\"text-align: center;\"><span style=\"color: #ffde00;\"><strong>330 metri\u00e4 sekunnissa&#8230;.<\/strong><\/span><\/p>\n<p style=\"text-align: center;\"><span style=\"color: #ffde00;\"><strong>&#8230;niin nopeasti ukkonen liikkuu sinua kohti.<\/strong><\/span><\/p>\n<p>Jos olet tietoinen t\u00e4st\u00e4, et\u00e4isyyden mittaaminen on sinulle helppoa. Laske vain sekunnit salaman ja ukkosen v\u00e4lill\u00e4. Jaa sitten sekuntien m\u00e4\u00e4r\u00e4 kolmella, ja olet saanut selville ukkosen et\u00e4isyyden kilometrein\u00e4:<\/p>\n<p>Esimerkki: salaman ja ukkosen v\u00e4lill\u00e4 kuluu 12 sekuntia &#8211; 12 sekuntia jaettuna kolmella on 4 &#8211; eli ukkonen on 4 kilometrin p\u00e4\u00e4ss\u00e4.<\/p>","protected":false},"excerpt":{"rendered":"<p>Ukkostutka kartta &#8211; saat reaaliaikaista tietoa nykyisist\u00e4 ukkosista salaman havaitsemisen avulla Tuskin on juuri lainkaan s\u00e4\u00e4ilmi\u00f6 mik\u00e4 j\u00e4nnitt\u00e4\u00e4 meit\u00e4 yht\u00e4 paljon kuin ukkonen ja salama. Ihmiset ovat muinaisista ajoista l\u00e4htien yritt\u00e4neet selvitt\u00e4\u00e4 t\u00e4m\u00e4n ilmi\u00f6n taustoja. Valitettavasti t\u00e4st\u00e4 luonnonilmi\u00f6st\u00e4 on kuitenkin edelleen paljon sellaista, joka on yh\u00e4 t\u00e4n\u00e4kin p\u00e4iv\u00e4n\u00e4 h\u00e4m\u00e4r\u00e4n peitossa. Haluatko selvitt\u00e4\u00e4, miss\u00e4 t\u00e4ll\u00e4 hetkell\u00e4 &#8230; <a title=\"Ukkostutka\" class=\"read-more\" href=\"https:\/\/weather-radar-live.com\/fi\/ukkostutka\/\" aria-label=\"Lue lis\u00e4\u00e4 aiheesta Ukkostutka\">Lue lis\u00e4\u00e4<\/a><\/p>\n","protected":false},"author":1,"featured_media":2883,"parent":0,"menu_order":0,"comment_status":"closed","ping_status":"closed","template":"","meta":{"footnotes":""},"class_list":["post-2472","page","type-page","status-publish","has-post-thumbnail"],"yoast_head":"<!-- This site is optimized with the Yoast SEO plugin v27.3 - https:\/\/yoast.com\/product\/yoast-seo-wordpress\/ -->\n<title>Ukkostutka - Ukkoskartta LIVE: \u26a1 Miss\u00e4 ukkoset ovat? \u2714\ufe0f<\/title>\n<meta name=\"description\" content=\"Ukkostutka LIVE \u2714\ufe0f L\u00f6yd\u00e4 nykyiset ukkoset l\u00e4hist\u00f6ll\u00e4 salamakartan avulla nyt! \u2714\ufe0f Ukkosennuste alueelle! \u26a1\" \/>\n<meta name=\"robots\" content=\"index, follow, max-snippet:-1, max-image-preview:large, max-video-preview:-1\" \/>\n<link rel=\"canonical\" href=\"https:\/\/weather-radar-live.com\/fi\/ukkostutka\/\" \/>\n<meta property=\"og:locale\" content=\"fi_FI\" \/>\n<meta property=\"og:type\" content=\"article\" \/>\n<meta property=\"og:title\" content=\"Ukkostutka - Ukkoskartta LIVE: \u26a1 Miss\u00e4 ukkoset ovat? \u2714\ufe0f\" \/>\n<meta property=\"og:description\" content=\"Ukkostutka LIVE \u2714\ufe0f L\u00f6yd\u00e4 nykyiset ukkoset l\u00e4hist\u00f6ll\u00e4 salamakartan avulla nyt! \u2714\ufe0f Ukkosennuste alueelle! \u26a1\" \/>\n<meta property=\"og:url\" content=\"https:\/\/weather-radar-live.com\/fi\/ukkostutka\/\" \/>\n<meta property=\"og:site_name\" content=\"weather-radar-live.com\" \/>\n<meta property=\"article:modified_time\" content=\"2022-07-06T11:09:50+00:00\" \/>\n<meta property=\"og:image\" content=\"https:\/\/weather-radar-live.com\/wp-content\/uploads\/2021\/02\/Lightning-strike-map.jpg\" \/>\n\t<meta property=\"og:image:width\" content=\"1897\" \/>\n\t<meta property=\"og:image:height\" content=\"458\" \/>\n\t<meta property=\"og:image:type\" content=\"image\/jpeg\" \/>\n<meta name=\"twitter:card\" content=\"summary_large_image\" \/>\n<meta name=\"twitter:label1\" content=\"Arvioitu lukuaika\" \/>\n\t<meta name=\"twitter:data1\" content=\"4 minuuttia\" \/>\n<script type=\"application\/ld+json\" class=\"yoast-schema-graph\">{\"@context\":\"https:\\\/\\\/schema.org\",\"@graph\":[{\"@type\":\"WebPage\",\"@id\":\"https:\\\/\\\/weather-radar-live.com\\\/fi\\\/ukkostutka\\\/\",\"url\":\"https:\\\/\\\/weather-radar-live.com\\\/fi\\\/ukkostutka\\\/\",\"name\":\"Ukkostutka - Ukkoskartta LIVE: \u26a1 Miss\u00e4 ukkoset ovat? \u2714\ufe0f\",\"isPartOf\":{\"@id\":\"https:\\\/\\\/weather-radar-live.com\\\/#website\"},\"primaryImageOfPage\":{\"@id\":\"https:\\\/\\\/weather-radar-live.com\\\/fi\\\/ukkostutka\\\/#primaryimage\"},\"image\":{\"@id\":\"https:\\\/\\\/weather-radar-live.com\\\/fi\\\/ukkostutka\\\/#primaryimage\"},\"thumbnailUrl\":\"https:\\\/\\\/weather-radar-live.com\\\/wp-content\\\/uploads\\\/2021\\\/02\\\/Lightning-strike-map.jpg\",\"datePublished\":\"2022-01-17T07:37:10+00:00\",\"dateModified\":\"2022-07-06T11:09:50+00:00\",\"description\":\"Ukkostutka LIVE \u2714\ufe0f L\u00f6yd\u00e4 nykyiset ukkoset l\u00e4hist\u00f6ll\u00e4 salamakartan avulla nyt! \u2714\ufe0f Ukkosennuste alueelle! \u26a1\",\"breadcrumb\":{\"@id\":\"https:\\\/\\\/weather-radar-live.com\\\/fi\\\/ukkostutka\\\/#breadcrumb\"},\"inLanguage\":\"fi\",\"potentialAction\":[{\"@type\":\"ReadAction\",\"target\":[\"https:\\\/\\\/weather-radar-live.com\\\/fi\\\/ukkostutka\\\/\"]}]},{\"@type\":\"ImageObject\",\"inLanguage\":\"fi\",\"@id\":\"https:\\\/\\\/weather-radar-live.com\\\/fi\\\/ukkostutka\\\/#primaryimage\",\"url\":\"https:\\\/\\\/weather-radar-live.com\\\/wp-content\\\/uploads\\\/2021\\\/02\\\/Lightning-strike-map.jpg\",\"contentUrl\":\"https:\\\/\\\/weather-radar-live.com\\\/wp-content\\\/uploads\\\/2021\\\/02\\\/Lightning-strike-map.jpg\",\"width\":1897,\"height\":458},{\"@type\":\"BreadcrumbList\",\"@id\":\"https:\\\/\\\/weather-radar-live.com\\\/fi\\\/ukkostutka\\\/#breadcrumb\",\"itemListElement\":[{\"@type\":\"ListItem\",\"position\":1,\"name\":\"Weather Radar Live\",\"item\":\"https:\\\/\\\/weather-radar-live.com\\\/fi\\\/\"},{\"@type\":\"ListItem\",\"position\":2,\"name\":\"Ukkostutka\"}]},{\"@type\":\"WebSite\",\"@id\":\"https:\\\/\\\/weather-radar-live.com\\\/#website\",\"url\":\"https:\\\/\\\/weather-radar-live.com\\\/\",\"name\":\"weather-radar-live.com\",\"description\":\"Your weather and sky radar.\",\"publisher\":{\"@id\":\"https:\\\/\\\/weather-radar-live.com\\\/#organization\"},\"potentialAction\":[{\"@type\":\"SearchAction\",\"target\":{\"@type\":\"EntryPoint\",\"urlTemplate\":\"https:\\\/\\\/weather-radar-live.com\\\/?s={search_term_string}\"},\"query-input\":{\"@type\":\"PropertyValueSpecification\",\"valueRequired\":true,\"valueName\":\"search_term_string\"}}],\"inLanguage\":\"fi\"},{\"@type\":\"Organization\",\"@id\":\"https:\\\/\\\/weather-radar-live.com\\\/#organization\",\"name\":\"weather-radar-live.com\",\"url\":\"https:\\\/\\\/weather-radar-live.com\\\/\",\"logo\":{\"@type\":\"ImageObject\",\"inLanguage\":\"fi\",\"@id\":\"https:\\\/\\\/weather-radar-live.com\\\/#\\\/schema\\\/logo\\\/image\\\/\",\"url\":\"https:\\\/\\\/weather-radar-live.com\\\/wp-content\\\/uploads\\\/2022\\\/03\\\/cropped-WRL2503.png\",\"contentUrl\":\"https:\\\/\\\/weather-radar-live.com\\\/wp-content\\\/uploads\\\/2022\\\/03\\\/cropped-WRL2503.png\",\"width\":1920,\"height\":555,\"caption\":\"weather-radar-live.com\"},\"image\":{\"@id\":\"https:\\\/\\\/weather-radar-live.com\\\/#\\\/schema\\\/logo\\\/image\\\/\"}}]}<\/script>\n<!-- \/ Yoast SEO plugin. -->","yoast_head_json":{"title":"Ukkostutka - Ukkoskartta LIVE: \u26a1 Miss\u00e4 ukkoset ovat? \u2714\ufe0f","description":"Ukkostutka LIVE \u2714\ufe0f L\u00f6yd\u00e4 nykyiset ukkoset l\u00e4hist\u00f6ll\u00e4 salamakartan avulla nyt! \u2714\ufe0f Ukkosennuste alueelle! \u26a1","robots":{"index":"index","follow":"follow","max-snippet":"max-snippet:-1","max-image-preview":"max-image-preview:large","max-video-preview":"max-video-preview:-1"},"canonical":"https:\/\/weather-radar-live.com\/fi\/ukkostutka\/","og_locale":"fi_FI","og_type":"article","og_title":"Ukkostutka - Ukkoskartta LIVE: \u26a1 Miss\u00e4 ukkoset ovat? \u2714\ufe0f","og_description":"Ukkostutka LIVE \u2714\ufe0f L\u00f6yd\u00e4 nykyiset ukkoset l\u00e4hist\u00f6ll\u00e4 salamakartan avulla nyt! \u2714\ufe0f Ukkosennuste alueelle! \u26a1","og_url":"https:\/\/weather-radar-live.com\/fi\/ukkostutka\/","og_site_name":"weather-radar-live.com","article_modified_time":"2022-07-06T11:09:50+00:00","og_image":[{"width":1897,"height":458,"url":"https:\/\/weather-radar-live.com\/wp-content\/uploads\/2021\/02\/Lightning-strike-map.jpg","type":"image\/jpeg"}],"twitter_card":"summary_large_image","twitter_misc":{"Arvioitu lukuaika":"4 minuuttia"},"schema":{"@context":"https:\/\/schema.org","@graph":[{"@type":"WebPage","@id":"https:\/\/weather-radar-live.com\/fi\/ukkostutka\/","url":"https:\/\/weather-radar-live.com\/fi\/ukkostutka\/","name":"Ukkostutka - Ukkoskartta LIVE: \u26a1 Miss\u00e4 ukkoset ovat? \u2714\ufe0f","isPartOf":{"@id":"https:\/\/weather-radar-live.com\/#website"},"primaryImageOfPage":{"@id":"https:\/\/weather-radar-live.com\/fi\/ukkostutka\/#primaryimage"},"image":{"@id":"https:\/\/weather-radar-live.com\/fi\/ukkostutka\/#primaryimage"},"thumbnailUrl":"https:\/\/weather-radar-live.com\/wp-content\/uploads\/2021\/02\/Lightning-strike-map.jpg","datePublished":"2022-01-17T07:37:10+00:00","dateModified":"2022-07-06T11:09:50+00:00","description":"Ukkostutka LIVE \u2714\ufe0f L\u00f6yd\u00e4 nykyiset ukkoset l\u00e4hist\u00f6ll\u00e4 salamakartan avulla nyt! \u2714\ufe0f Ukkosennuste alueelle! \u26a1","breadcrumb":{"@id":"https:\/\/weather-radar-live.com\/fi\/ukkostutka\/#breadcrumb"},"inLanguage":"fi","potentialAction":[{"@type":"ReadAction","target":["https:\/\/weather-radar-live.com\/fi\/ukkostutka\/"]}]},{"@type":"ImageObject","inLanguage":"fi","@id":"https:\/\/weather-radar-live.com\/fi\/ukkostutka\/#primaryimage","url":"https:\/\/weather-radar-live.com\/wp-content\/uploads\/2021\/02\/Lightning-strike-map.jpg","contentUrl":"https:\/\/weather-radar-live.com\/wp-content\/uploads\/2021\/02\/Lightning-strike-map.jpg","width":1897,"height":458},{"@type":"BreadcrumbList","@id":"https:\/\/weather-radar-live.com\/fi\/ukkostutka\/#breadcrumb","itemListElement":[{"@type":"ListItem","position":1,"name":"Weather Radar Live","item":"https:\/\/weather-radar-live.com\/fi\/"},{"@type":"ListItem","position":2,"name":"Ukkostutka"}]},{"@type":"WebSite","@id":"https:\/\/weather-radar-live.com\/#website","url":"https:\/\/weather-radar-live.com\/","name":"weather-radar-live.com","description":"Your weather and sky radar.","publisher":{"@id":"https:\/\/weather-radar-live.com\/#organization"},"potentialAction":[{"@type":"SearchAction","target":{"@type":"EntryPoint","urlTemplate":"https:\/\/weather-radar-live.com\/?s={search_term_string}"},"query-input":{"@type":"PropertyValueSpecification","valueRequired":true,"valueName":"search_term_string"}}],"inLanguage":"fi"},{"@type":"Organization","@id":"https:\/\/weather-radar-live.com\/#organization","name":"weather-radar-live.com","url":"https:\/\/weather-radar-live.com\/","logo":{"@type":"ImageObject","inLanguage":"fi","@id":"https:\/\/weather-radar-live.com\/#\/schema\/logo\/image\/","url":"https:\/\/weather-radar-live.com\/wp-content\/uploads\/2022\/03\/cropped-WRL2503.png","contentUrl":"https:\/\/weather-radar-live.com\/wp-content\/uploads\/2022\/03\/cropped-WRL2503.png","width":1920,"height":555,"caption":"weather-radar-live.com"},"image":{"@id":"https:\/\/weather-radar-live.com\/#\/schema\/logo\/image\/"}}]}},"_links":{"self":[{"href":"https:\/\/weather-radar-live.com\/fi\/wp-json\/wp\/v2\/pages\/2472","targetHints":{"allow":["GET"]}}],"collection":[{"href":"https:\/\/weather-radar-live.com\/fi\/wp-json\/wp\/v2\/pages"}],"about":[{"href":"https:\/\/weather-radar-live.com\/fi\/wp-json\/wp\/v2\/types\/page"}],"author":[{"embeddable":true,"href":"https:\/\/weather-radar-live.com\/fi\/wp-json\/wp\/v2\/users\/1"}],"replies":[{"embeddable":true,"href":"https:\/\/weather-radar-live.com\/fi\/wp-json\/wp\/v2\/comments?post=2472"}],"version-history":[{"count":6,"href":"https:\/\/weather-radar-live.com\/fi\/wp-json\/wp\/v2\/pages\/2472\/revisions"}],"predecessor-version":[{"id":4125,"href":"https:\/\/weather-radar-live.com\/fi\/wp-json\/wp\/v2\/pages\/2472\/revisions\/4125"}],"wp:featuredmedia":[{"embeddable":true,"href":"https:\/\/weather-radar-live.com\/fi\/wp-json\/wp\/v2\/media\/2883"}],"wp:attachment":[{"href":"https:\/\/weather-radar-live.com\/fi\/wp-json\/wp\/v2\/media?parent=2472"}],"curies":[{"name":"wp","href":"https:\/\/api.w.org\/{rel}","templated":true}]}}