{"id":2469,"date":"2022-01-17T08:29:09","date_gmt":"2022-01-17T07:29:09","guid":{"rendered":"https:\/\/weather-radar-live.com\/?page_id=2469"},"modified":"2025-04-10T14:45:34","modified_gmt":"2025-04-10T12:45:34","slug":"jalki","status":"publish","type":"page","link":"https:\/\/weather-radar-live.com\/fi\/jalki\/","title":{"rendered":"J\u00e4lki"},"content":{"rendered":"<div id=\"weath-3056945789\" class=\"weath-vor-dem-inhalt weath-entity-placement\" style=\"margin-top: 15px;margin-right: 25px;margin-bottom: 40px;margin-left: 25px;\"><script async src=\"\/\/pagead2.googlesyndication.com\/pagead\/js\/adsbygoogle.js?client=ca-pub-8960936133935804\" crossorigin=\"anonymous\"><\/script><ins class=\"adsbygoogle\" style=\"display:block;\" data-ad-client=\"ca-pub-8960936133935804\" \ndata-ad-slot=\"6172817020\" \ndata-ad-format=\"auto\"><\/ins>\n<script> \n(adsbygoogle = window.adsbygoogle || []).push({}); \n<\/script>\n<\/div>\n<p>U&amp;M Online Marketing GbR<br>Sulzbacher Str. 48<br>90489 N\u00fcrnberg<br>Saksa<\/p>\n\n\n\n<p>Puhelin: +49 157 3815 8888<br>S\u00e4hk\u00f6posti: hey@weather-radar-live.com<\/p><div id=\"weath-875142962\" class=\"weath-inhalt_2 weath-entity-placement\" style=\"margin-top: 15px;margin-right: 25px;margin-bottom: 35px;margin-left: 25px;\"><script async src=\"\/\/pagead2.googlesyndication.com\/pagead\/js\/adsbygoogle.js?client=ca-pub-8960936133935804\" crossorigin=\"anonymous\"><\/script><ins class=\"adsbygoogle\" style=\"display:block;\" data-ad-client=\"ca-pub-8960936133935804\" \ndata-ad-slot=\"1963584050\" \ndata-ad-format=\"auto\"><\/ins>\n<script> \n(adsbygoogle = window.adsbygoogle || []).push({}); \n<\/script>\n<\/div>\n\n\n\n<p>Valtuutetut edustajat: Nico M\u00e4rzh\u00e4user, Nikita Umanski-Kellnar<\/p>\n\n\n\n<p>Arvonlis\u00e4veroa ei ilmoiteta (pienyritysasetus)<\/p>\n\n\n\n<p>EU:n komission foorumi verkkov\u00e4litteist\u00e4 riitojenratkaisua varten: https:\/\/ec.europa.eu\/consumers\/odr\/<\/p>\n\n\n\n<p>Emme ole velvollisia emmek\u00e4 halukkaita osallistumaan riitojenratkaisumenettelyyn kuluttajan v\u00e4limieslautakunnassa.<\/p>\n","protected":false},"excerpt":{"rendered":"<p>U&amp;M Online Marketing GbRSulzbacher Str. 4890489 N\u00fcrnbergSaksa Puhelin: +49 157 3815 8888S\u00e4hk\u00f6posti: hey@weather-radar-live.com Valtuutetut edustajat: Nico M\u00e4rzh\u00e4user, Nikita Umanski-Kellnar Arvonlis\u00e4veroa ei ilmoiteta (pienyritysasetus) EU:n komission foorumi verkkov\u00e4litteist\u00e4 riitojenratkaisua varten: https:\/\/ec.europa.eu\/consumers\/odr\/ Emme ole velvollisia emmek\u00e4 halukkaita osallistumaan riitojenratkaisumenettelyyn kuluttajan v\u00e4limieslautakunnassa.<\/p>\n","protected":false},"author":1,"featured_media":0,"parent":0,"menu_order":0,"comment_status":"closed","ping_status":"closed","template":"","meta":{"footnotes":""},"class_list":["post-2469","page","type-page","status-publish"],"yoast_head":"<!-- This site is optimized with the Yoast SEO plugin v27.4 - https:\/\/yoast.com\/product\/yoast-seo-wordpress\/ -->\n<title>J\u00e4lki - weather-radar-live.com<\/title>\n<meta name=\"robots\" content=\"noindex, nofollow\" \/>\n<meta property=\"og:locale\" content=\"fi_FI\" \/>\n<meta property=\"og:type\" content=\"article\" \/>\n<meta property=\"og:title\" content=\"J\u00e4lki - weather-radar-live.com\" \/>\n<meta property=\"og:description\" content=\"U&amp;M Online Marketing GbRSulzbacher Str. 4890489 N\u00fcrnbergSaksa Puhelin: +49 157 3815 8888S\u00e4hk\u00f6posti: hey@weather-radar-live.com Valtuutetut edustajat: Nico M\u00e4rzh\u00e4user, Nikita Umanski-Kellnar Arvonlis\u00e4veroa ei ilmoiteta (pienyritysasetus) EU:n komission foorumi verkkov\u00e4litteist\u00e4 riitojenratkaisua varten: https:\/\/ec.europa.eu\/consumers\/odr\/ Emme ole velvollisia emmek\u00e4 halukkaita osallistumaan riitojenratkaisumenettelyyn kuluttajan v\u00e4limieslautakunnassa.\" \/>\n<meta property=\"og:url\" content=\"https:\/\/weather-radar-live.com\/fi\/jalki\/\" \/>\n<meta property=\"og:site_name\" content=\"weather-radar-live.com\" \/>\n<meta property=\"article:modified_time\" content=\"2025-04-10T12:45:34+00:00\" \/>\n<meta name=\"twitter:card\" content=\"summary_large_image\" \/>\n<meta name=\"twitter:label1\" content=\"Arvioitu lukuaika\" \/>\n\t<meta name=\"twitter:data1\" content=\"1 minuutti\" \/>\n<script type=\"application\/ld+json\" class=\"yoast-schema-graph\">{\"@context\":\"https:\\\/\\\/schema.org\",\"@graph\":[{\"@type\":\"WebPage\",\"@id\":\"https:\\\/\\\/weather-radar-live.com\\\/fi\\\/jalki\\\/\",\"url\":\"https:\\\/\\\/weather-radar-live.com\\\/fi\\\/jalki\\\/\",\"name\":\"J\u00e4lki - weather-radar-live.com\",\"isPartOf\":{\"@id\":\"https:\\\/\\\/weather-radar-live.com\\\/#website\"},\"datePublished\":\"2022-01-17T07:29:09+00:00\",\"dateModified\":\"2025-04-10T12:45:34+00:00\",\"breadcrumb\":{\"@id\":\"https:\\\/\\\/weather-radar-live.com\\\/fi\\\/jalki\\\/#breadcrumb\"},\"inLanguage\":\"fi\",\"potentialAction\":[{\"@type\":\"ReadAction\",\"target\":[\"https:\\\/\\\/weather-radar-live.com\\\/fi\\\/jalki\\\/\"]}]},{\"@type\":\"BreadcrumbList\",\"@id\":\"https:\\\/\\\/weather-radar-live.com\\\/fi\\\/jalki\\\/#breadcrumb\",\"itemListElement\":[{\"@type\":\"ListItem\",\"position\":1,\"name\":\"Weather Radar Live\",\"item\":\"https:\\\/\\\/weather-radar-live.com\\\/fi\\\/\"},{\"@type\":\"ListItem\",\"position\":2,\"name\":\"J\u00e4lki\"}]},{\"@type\":\"WebSite\",\"@id\":\"https:\\\/\\\/weather-radar-live.com\\\/#website\",\"url\":\"https:\\\/\\\/weather-radar-live.com\\\/\",\"name\":\"weather-radar-live.com\",\"description\":\"Your weather and sky radar.\",\"publisher\":{\"@id\":\"https:\\\/\\\/weather-radar-live.com\\\/#organization\"},\"potentialAction\":[{\"@type\":\"SearchAction\",\"target\":{\"@type\":\"EntryPoint\",\"urlTemplate\":\"https:\\\/\\\/weather-radar-live.com\\\/?s={search_term_string}\"},\"query-input\":{\"@type\":\"PropertyValueSpecification\",\"valueRequired\":true,\"valueName\":\"search_term_string\"}}],\"inLanguage\":\"fi\"},{\"@type\":\"Organization\",\"@id\":\"https:\\\/\\\/weather-radar-live.com\\\/#organization\",\"name\":\"weather-radar-live.com\",\"url\":\"https:\\\/\\\/weather-radar-live.com\\\/\",\"logo\":{\"@type\":\"ImageObject\",\"inLanguage\":\"fi\",\"@id\":\"https:\\\/\\\/weather-radar-live.com\\\/#\\\/schema\\\/logo\\\/image\\\/\",\"url\":\"https:\\\/\\\/weather-radar-live.com\\\/wp-content\\\/uploads\\\/2022\\\/03\\\/cropped-WRL2503.png\",\"contentUrl\":\"https:\\\/\\\/weather-radar-live.com\\\/wp-content\\\/uploads\\\/2022\\\/03\\\/cropped-WRL2503.png\",\"width\":1920,\"height\":555,\"caption\":\"weather-radar-live.com\"},\"image\":{\"@id\":\"https:\\\/\\\/weather-radar-live.com\\\/#\\\/schema\\\/logo\\\/image\\\/\"}}]}<\/script>\n<!-- \/ Yoast SEO plugin. -->","yoast_head_json":{"title":"J\u00e4lki - weather-radar-live.com","robots":{"index":"noindex","follow":"nofollow"},"og_locale":"fi_FI","og_type":"article","og_title":"J\u00e4lki - weather-radar-live.com","og_description":"U&amp;M Online Marketing GbRSulzbacher Str. 4890489 N\u00fcrnbergSaksa Puhelin: +49 157 3815 8888S\u00e4hk\u00f6posti: hey@weather-radar-live.com Valtuutetut edustajat: Nico M\u00e4rzh\u00e4user, Nikita Umanski-Kellnar Arvonlis\u00e4veroa ei ilmoiteta (pienyritysasetus) EU:n komission foorumi verkkov\u00e4litteist\u00e4 riitojenratkaisua varten: https:\/\/ec.europa.eu\/consumers\/odr\/ Emme ole velvollisia emmek\u00e4 halukkaita osallistumaan riitojenratkaisumenettelyyn kuluttajan v\u00e4limieslautakunnassa.","og_url":"https:\/\/weather-radar-live.com\/fi\/jalki\/","og_site_name":"weather-radar-live.com","article_modified_time":"2025-04-10T12:45:34+00:00","twitter_card":"summary_large_image","twitter_misc":{"Arvioitu lukuaika":"1 minuutti"},"schema":{"@context":"https:\/\/schema.org","@graph":[{"@type":"WebPage","@id":"https:\/\/weather-radar-live.com\/fi\/jalki\/","url":"https:\/\/weather-radar-live.com\/fi\/jalki\/","name":"J\u00e4lki - weather-radar-live.com","isPartOf":{"@id":"https:\/\/weather-radar-live.com\/#website"},"datePublished":"2022-01-17T07:29:09+00:00","dateModified":"2025-04-10T12:45:34+00:00","breadcrumb":{"@id":"https:\/\/weather-radar-live.com\/fi\/jalki\/#breadcrumb"},"inLanguage":"fi","potentialAction":[{"@type":"ReadAction","target":["https:\/\/weather-radar-live.com\/fi\/jalki\/"]}]},{"@type":"BreadcrumbList","@id":"https:\/\/weather-radar-live.com\/fi\/jalki\/#breadcrumb","itemListElement":[{"@type":"ListItem","position":1,"name":"Weather Radar Live","item":"https:\/\/weather-radar-live.com\/fi\/"},{"@type":"ListItem","position":2,"name":"J\u00e4lki"}]},{"@type":"WebSite","@id":"https:\/\/weather-radar-live.com\/#website","url":"https:\/\/weather-radar-live.com\/","name":"weather-radar-live.com","description":"Your weather and sky radar.","publisher":{"@id":"https:\/\/weather-radar-live.com\/#organization"},"potentialAction":[{"@type":"SearchAction","target":{"@type":"EntryPoint","urlTemplate":"https:\/\/weather-radar-live.com\/?s={search_term_string}"},"query-input":{"@type":"PropertyValueSpecification","valueRequired":true,"valueName":"search_term_string"}}],"inLanguage":"fi"},{"@type":"Organization","@id":"https:\/\/weather-radar-live.com\/#organization","name":"weather-radar-live.com","url":"https:\/\/weather-radar-live.com\/","logo":{"@type":"ImageObject","inLanguage":"fi","@id":"https:\/\/weather-radar-live.com\/#\/schema\/logo\/image\/","url":"https:\/\/weather-radar-live.com\/wp-content\/uploads\/2022\/03\/cropped-WRL2503.png","contentUrl":"https:\/\/weather-radar-live.com\/wp-content\/uploads\/2022\/03\/cropped-WRL2503.png","width":1920,"height":555,"caption":"weather-radar-live.com"},"image":{"@id":"https:\/\/weather-radar-live.com\/#\/schema\/logo\/image\/"}}]}},"_links":{"self":[{"href":"https:\/\/weather-radar-live.com\/fi\/wp-json\/wp\/v2\/pages\/2469","targetHints":{"allow":["GET"]}}],"collection":[{"href":"https:\/\/weather-radar-live.com\/fi\/wp-json\/wp\/v2\/pages"}],"about":[{"href":"https:\/\/weather-radar-live.com\/fi\/wp-json\/wp\/v2\/types\/page"}],"author":[{"embeddable":true,"href":"https:\/\/weather-radar-live.com\/fi\/wp-json\/wp\/v2\/users\/1"}],"replies":[{"embeddable":true,"href":"https:\/\/weather-radar-live.com\/fi\/wp-json\/wp\/v2\/comments?post=2469"}],"version-history":[{"count":3,"href":"https:\/\/weather-radar-live.com\/fi\/wp-json\/wp\/v2\/pages\/2469\/revisions"}],"predecessor-version":[{"id":8071,"href":"https:\/\/weather-radar-live.com\/fi\/wp-json\/wp\/v2\/pages\/2469\/revisions\/8071"}],"wp:attachment":[{"href":"https:\/\/weather-radar-live.com\/fi\/wp-json\/wp\/v2\/media?parent=2469"}],"curies":[{"name":"wp","href":"https:\/\/api.w.org\/{rel}","templated":true}]}}