{"id":8008,"date":"2024-11-30T19:14:31","date_gmt":"2024-11-30T18:14:31","guid":{"rendered":"https:\/\/weather-radar-live.com\/starry-sky\/"},"modified":"2024-11-30T19:35:22","modified_gmt":"2024-11-30T18:35:22","slug":"cielo-estrellado","status":"publish","type":"page","link":"https:\/\/weather-radar-live.com\/es\/cielo-estrellado\/","title":{"rendered":"Cielo estrellado"},"content":{"rendered":"<div id=\"weath-3559188054\" class=\"weath-vor-dem-inhalt weath-entity-placement\" style=\"margin-top: 15px;margin-right: 25px;margin-bottom: 40px;margin-left: 25px;\"><script async src=\"\/\/pagead2.googlesyndication.com\/pagead\/js\/adsbygoogle.js?client=ca-pub-8960936133935804\" crossorigin=\"anonymous\"><\/script><ins class=\"adsbygoogle\" style=\"display:block;\" data-ad-client=\"ca-pub-8960936133935804\" \ndata-ad-slot=\"6172817020\" \ndata-ad-format=\"auto\"><\/ins>\n<script> \n(adsbygoogle = window.adsbygoogle || []).push({}); \n<\/script>\n<\/div>\n<div class=\"wp-block-cover alignfull\"><span aria-hidden=\"true\" class=\"wp-block-cover__background has-black-background-color has-background-dim-60 has-background-dim\"><\/span><video class=\"wp-block-cover__video-background intrinsic-ignore\" autoplay muted loop playsinline src=\"https:\/\/weather-radar-live.com\/wp-content\/uploads\/2024\/11\/Starry-sky-header-background.mp4\" data-object-fit=\"cover\"><\/video><div class=\"wp-block-cover__inner-container is-layout-flow wp-block-cover-is-layout-flow\">\n<h2 class=\"wp-block-heading has-text-align-center heading has-text-color has-link-color wp-elements-c78590d1eab3c416141644736068a488\" style=\"color:#00ffbb;font-size:50px\"><span class=\"has-inline-color has-white-color\"><strong>CIELO<\/strong><\/span><br><strong>ESTRELLADO<\/strong><\/h2>\n<\/div><\/div>\n\n\n\n<h1 class=\"wp-block-heading has-text-align-center has-text-color has-link-color wp-elements-fd419df4b7c2f91e71553b73c9cccd7d\" style=\"color:#00ffbb\"><strong>Cielo estrellado<\/strong><\/h1>\n\n\n\n<p>El cielo estrellado ha fascinado a la gente durante miles de a\u00f1os. El claro cielo nocturno no s\u00f3lo ofrece impresionantes vistas de estrellas, planetas y galaxias, sino que tambi\u00e9n despierta la curiosidad sobre los secretos del universo. Pero, \u00bfqu\u00e9 aspecto tiene el cielo estrellado hoy en d\u00eda y qu\u00e9 puede descubrir en el firmamento?<\/p>\n\n\n\n<p>Cada atardecer, cuando el sol desaparece bajo el horizonte, el cielo estrellado revela toda su belleza. Las estrellas situadas a millones de a\u00f1os luz comienzan a brillar y conjuran un impresionante tel\u00f3n de fondo que invita a so\u00f1ar y maravillarse. Especialmente en las noches despejadas, lejos de las luces de distracci\u00f3n de la ciudad, se revela el verdadero esplendor del cielo. \u00a1Eche un vistazo a las fotos del cielo ahora!<\/p><div id=\"weath-135376703\" class=\"weath-inhalt_2 weath-entity-placement\" style=\"margin-top: 15px;margin-right: 25px;margin-bottom: 35px;margin-left: 25px;\"><script async src=\"\/\/pagead2.googlesyndication.com\/pagead\/js\/adsbygoogle.js?client=ca-pub-8960936133935804\" crossorigin=\"anonymous\"><\/script><ins class=\"adsbygoogle\" style=\"display:block;\" data-ad-client=\"ca-pub-8960936133935804\" \ndata-ad-slot=\"1963584050\" \ndata-ad-format=\"auto\"><\/ins>\n<script> \n(adsbygoogle = window.adsbygoogle || []).push({}); \n<\/script>\n<\/div>\n\n\n\n<div class=\"wp-block-columns is-layout-flex wp-container-core-columns-is-layout-9d6595d7 wp-block-columns-is-layout-flex\">\n<div class=\"wp-block-column is-layout-flow wp-block-column-is-layout-flow\" style=\"flex-basis:75%\">\n<!--- C\u00f3digo fuente comienza --->\n\t\t\n\t<!--- Condiciones de uso: Los enlaces y textos contenidos en el c\u00f3digo fuente\n\tno puede ser retirado, de lo contrario el derecho de uso expira. \n\tEn caso de desear desviaciones, p\u00f3ngase en contacto por correo. \n\tDirecci\u00f3n de correo en la p\u00e1gina de inicio.\n\t\t\n\tUn servicio gratuito de https:\/\/www.Der-Mond.de\/ --->\n\n\n\t<img decoding=\"async\" border=0 src=\"https:\/\/www.der-mond.de\/feature\/sternenhimmel.php?version=1&#038;karten=3&#038;ueberschrift=Cielo+estrellado+hoy+en+Espa%C3%B1a&#038;schriftschnitt=0&#038;beschriftung_sternkarte=1&#038;schriftart=Roboto&#038;schriftgroesse=12&#038;groesse=1980&#038;spalten=1&#038;trans=1&#038;grafikformat=1&#038;scro=0&#038;scgr=0&#038;scbl=0&#038;hiro=255&#038;higr=255&#038;hibl=255&#038;lang=sp&#038;grafik=1\" alt=\"La Luna, misteriosa compa\u00f1era de la Tierra\" style=\"max-width: 100%\">\n\n\n<br>\n\nUn servicio de <a href=\"https:\/\/www.der-mond.de\/\" target=\"_blank\">www.Der-Mond.de<\/a>\n\n<!--- Final del c\u00f3digo fuente! --->\n<\/div>\n\n\n\n<div class=\"wp-block-column is-layout-flow wp-block-column-is-layout-flow\" style=\"flex-basis:25%\">\n<p>En el mapa estelar incrustado podr\u00e1 ver una representaci\u00f3n detallada del cielo nocturno tal y como se le presenta esta noche. Este tipo de mapa muestra los cuerpos celestes en una proyecci\u00f3n circular, que representa el cielo como si estuviera mirando directamente hacia arriba.<\/p>\n\n\n\n<h3 class=\"wp-block-heading\"><strong>Orientaci\u00f3n en el cielo estrellado<\/strong><\/h3>\n\n\n\n<p>Los puntos cardinales como el norte (N), el este (E), el sur (S) y el oeste (O) est\u00e1n marcados en los bordes del mapa, lo que le facilitar\u00e1 orientarse en el cielo. Esto le permite determinar r\u00e1pidamente d\u00f3nde se encuentran determinadas constelaciones o planetas utilizando estas direcciones como gu\u00eda.<\/p>\n\n\n\n<p>En el mapa estelar podr\u00e1 descubrir las constelaciones, cuya disposici\u00f3n puede variar a lo largo del a\u00f1o. Tambi\u00e9n le muestra la trayectoria de la luna a trav\u00e9s del cielo nocturno y los planetas actualmente visibles en nuestro sistema solar. <\/p>\n\n\n\n<p><strong>Con este mapa en su equipaje, ya sabe d\u00f3nde se encuentra cada constelaci\u00f3n y \u00a1puede sorprender a sus seres queridos!<\/strong><\/p>\n<\/div>\n<\/div>\n\n\n\n<div style=\"height:30px\" aria-hidden=\"true\" class=\"wp-block-spacer\"><\/div>\n\n\n\n<h2 class=\"wp-block-heading\"><strong>La magia del cielo estrellado<\/strong><\/h2>\n\n\n\n<div class=\"wp-block-columns is-layout-flex wp-container-core-columns-is-layout-9d6595d7 wp-block-columns-is-layout-flex\">\n<div class=\"wp-block-column is-layout-flow wp-block-column-is-layout-flow\">\n<p>Cada noche nuestras estrellas brillan con un nuevo esplendor. Pero especialmente en las zonas urbanas, la visi\u00f3n de las estrellas se ve a menudo perturbada por un fen\u00f3meno desagradable: <strong><a href=\"https:\/\/weather-radar-live.com\/es\/contaminacion-luminica\/\">la contaminaci\u00f3n lum\u00ednica<\/a><\/strong>. Las fuentes de luz de las farolas, los coches y los edificios oscurecen los finos detalles del cielo nocturno. Por eso, si quiere disfrutar del cielo estrellado en todo su esplendor, debe ir a lugares alejados de la luz urbana. Algunas regiones ofrecen incluso <a href=\"https:\/\/darksky.org\/what-we-do\/international-dark-sky-places\/all-places\/\"><strong> parques<\/strong><\/a> especiales <a href=\"https:\/\/darksky.org\/what-we-do\/international-dark-sky-places\/all-places\/\"><strong> de \u00abcielo oscuro\u00bb<\/strong><\/a> donde podr\u00e1 contemplar las estrellas casi sin ser molestado.<\/p>\n\n\n\n<h3 class=\"wp-block-heading\"><strong>El cielo estrellado hoy: \u00bfqu\u00e9 se puede ver?<\/strong><\/h3>\n\n\n\n<p>La disposici\u00f3n de las constelaciones var\u00eda seg\u00fan las estaciones. El cielo de verano, por ejemplo, presenta la llamativa constelaci\u00f3n de Escorpio, mientras que el cielo de invierno est\u00e1 dominado por Ori\u00f3n y el Gran Perro. <\/p>\n\n\n\n<p>Pero independientemente de la \u00e9poca del a\u00f1o, siempre merece la pena echar un vistazo al cielo: \u00a1incluso a simple vista se pueden ver numerosas estrellas y planetas!<\/p>\n\n\n\n<p>Adem\u00e1s de las constelaciones cl\u00e1sicas, acontecimientos especiales como las corrientes de meteoritos o la visibilidad de los planetas ofrecen fascinantes oportunidades de observaci\u00f3n. Las fases de la luna tambi\u00e9n desempe\u00f1an un papel importante. Un <strong><a href=\"https:\/\/weather-radar-live.com\/es\/calendario-lunar\/\">calendario lunar<\/a><\/strong> le ayudar\u00e1 a encontrar el momento ideal para sus observaciones del cielo.<\/p>\n\n\n\n<p>Las condiciones son mejores durante la luna nueva, ya que la luz de la luna es m\u00ednima durante esta fase y, por tanto, no dificulta la visi\u00f3n de las estrellas.<\/p>\n<\/div>\n\n\n\n<div class=\"wp-block-column is-layout-flow wp-block-column-is-layout-flow\">\n<figure class=\"wp-block-image size-large shadow-box\"><img loading=\"lazy\" decoding=\"async\" width=\"771\" height=\"1024\" src=\"https:\/\/weather-radar-live.com\/wp-content\/uploads\/2024\/11\/The-starry-sky-over-the-city-with-light-pollution-771x1024.png\" alt=\"El cielo estrellado sobre la ciudad con contaminaci\u00f3n lum\u00ednica.\" class=\"wp-image-7813\" srcset=\"https:\/\/weather-radar-live.com\/wp-content\/uploads\/2024\/11\/The-starry-sky-over-the-city-with-light-pollution-771x1024.png 771w, https:\/\/weather-radar-live.com\/wp-content\/uploads\/2024\/11\/The-starry-sky-over-the-city-with-light-pollution-226x300.png 226w, https:\/\/weather-radar-live.com\/wp-content\/uploads\/2024\/11\/The-starry-sky-over-the-city-with-light-pollution-768x1020.png 768w, https:\/\/weather-radar-live.com\/wp-content\/uploads\/2024\/11\/The-starry-sky-over-the-city-with-light-pollution.png 928w\" sizes=\"auto, (max-width: 771px) 100vw, 771px\" \/><\/figure>\n\n\n\n<p class=\"has-small-font-size\">Por desgracia, \u00a1no queda mucho de nuestros cielos estrellados en las zonas urbanas! Pero un viajecito al campo nunca hace da\u00f1o a nadie, \u00bfverdad?<\/p>\n<\/div>\n<\/div>\n\n\n\n<h2 class=\"wp-block-heading\"><strong>El cielo nocturno para sus propias cuatro paredes: proyectores de cielo estrellado<\/strong><\/h2>\n\n\n\n<p>Si desea disfrutar del cielo estrellado independientemente de las condiciones meteorol\u00f3gicas o de la contaminaci\u00f3n lum\u00ednica, existe una alternativa moderna: los <strong>proyectores de cielo estrellado<\/strong>. Estos pr\u00e1cticos dispositivos llevan el cielo nocturno directamente a su sal\u00f3n. Tanto si desea fascinar a los ni\u00f1os como relajarse usted mismo, un proyector hace que el cielo estrellado aparezca con una claridad impresionante.<\/p>\n\n\n\n<p>Los proyectores de cielo estrellado modernos ofrecen un nivel de detalle asombroso. No s\u00f3lo proyectan constelaciones sencillas, sino que incluso simulan el titilar de las estrellas o el movimiento de los cuerpos celestes. Algunos modelos son tan precisos que pueden mostrar la constelaci\u00f3n actual para que usted pueda experimentar el <strong>cielo<\/strong> estrellado <strong>hoy mismo<\/strong> en su casa.<\/p>\n\n\n\n<p>Utilizar un proyector de cielo estrellado no s\u00f3lo ofrece relajaci\u00f3n, sino tambi\u00e9n un componente educativo. Especialmente para los ni\u00f1os, es una forma estupenda de aprender m\u00e1s sobre el universo y las distintas constelaciones sin tener que esperar a que llegue la noche perfecta.<\/p>\n\n\n\n<h2 class=\"wp-block-heading\"><strong>Consejos para observar las estrellas<\/strong><\/h2>\n\n\n\n<p>Para disfrutar al m\u00e1ximo de la <strong>observaci\u00f3n de las estrellas<\/strong>, debe seguir unas sencillas reglas b\u00e1sicas. En primer lugar, es importante comprobar el tiempo: una noche despejada y sin nubes es el mejor momento para disfrutar del cielo en todo su esplendor. Si vive en una gran ciudad, busque un lugar con la menor contaminaci\u00f3n lum\u00ednica posible, como un parque cercano o una localidad rural.<\/p>\n\n\n\n<p>Tambi\u00e9n puede ser \u00fatil informarse con antelaci\u00f3n sobre acontecimientos especiales en el cielo nocturno. Las herramientas y aplicaciones en l\u00ednea, como los calendarios lunares o las aplicaciones de observaci\u00f3n de estrellas, le ofrecen una visi\u00f3n del cielo en tiempo real y le muestran qu\u00e9 estrellas, planetas o sat\u00e9lites son visibles en ese momento. Los mapas estelares, ya sean anal\u00f3gicos o digitales, tambi\u00e9n le ayudan a mantener una visi\u00f3n general y a buscar espec\u00edficamente determinados cuerpos celestes.<\/p>\n","protected":false},"excerpt":{"rendered":"<p>Cielo estrellado El cielo estrellado ha fascinado a la gente durante miles de a\u00f1os. El claro cielo nocturno no s\u00f3lo ofrece impresionantes vistas de estrellas, planetas y galaxias, sino que tambi\u00e9n despierta la curiosidad sobre los secretos del universo. Pero, \u00bfqu\u00e9 aspecto tiene el cielo estrellado hoy en d\u00eda y qu\u00e9 puede descubrir en el &#8230; <a title=\"Cielo estrellado\" class=\"read-more\" href=\"https:\/\/weather-radar-live.com\/es\/cielo-estrellado\/\" aria-label=\"Leer m\u00e1s sobre Cielo estrellado\">Leer m\u00e1s<\/a><\/p>\n","protected":false},"author":1,"featured_media":0,"parent":0,"menu_order":0,"comment_status":"closed","ping_status":"closed","template":"","meta":{"footnotes":""},"class_list":["post-8008","page","type-page","status-publish"],"yoast_head":"<!-- This site is optimized with the Yoast SEO plugin v27.4 - https:\/\/yoast.com\/product\/yoast-seo-wordpress\/ -->\n<title>\u00a1Descubre hoy el cielo estrellado! \u2728<\/title>\n<meta name=\"description\" content=\"\u00bfNos acompa\u00f1as a descubrir el cielo estrellado de hoy? \u00bfQu\u00e9 constelaciones se pueden ver d\u00f3nde hoy? \ud83e\udd81\ud83e\udddc\u200d\u2642\ufe0f\ud83e\udd80\" \/>\n<meta name=\"robots\" content=\"index, follow, max-snippet:-1, max-image-preview:large, max-video-preview:-1\" \/>\n<link rel=\"canonical\" href=\"https:\/\/weather-radar-live.com\/es\/cielo-estrellado\/\" \/>\n<meta property=\"og:locale\" content=\"es_ES\" \/>\n<meta property=\"og:type\" content=\"article\" \/>\n<meta property=\"og:title\" content=\"\u00a1Descubre hoy el cielo estrellado! \u2728\" \/>\n<meta property=\"og:description\" content=\"\u00bfNos acompa\u00f1as a descubrir el cielo estrellado de hoy? \u00bfQu\u00e9 constelaciones se pueden ver d\u00f3nde hoy? \ud83e\udd81\ud83e\udddc\u200d\u2642\ufe0f\ud83e\udd80\" \/>\n<meta property=\"og:url\" content=\"https:\/\/weather-radar-live.com\/es\/cielo-estrellado\/\" \/>\n<meta property=\"og:site_name\" content=\"weather-radar-live.com\" \/>\n<meta property=\"article:modified_time\" content=\"2024-11-30T18:35:22+00:00\" \/>\n<meta property=\"og:image\" content=\"https:\/\/www.der-mond.de\/feature\/sternenhimmel.php?version=1&karten=3&ueberschrift=Cielo+estrellado+hoy+en+Espa%C3%B1a&schriftschnitt=0&beschriftung_sternkarte=1&schriftart=Roboto&schriftgroesse=12&groesse=1980&spalten=1&trans=1&grafikformat=1&scro=0&scgr=0&scbl=0&hiro=255&higr=255&hibl=255&lang=sp&grafik=1\" \/>\n<meta name=\"twitter:card\" content=\"summary_large_image\" \/>\n<meta name=\"twitter:label1\" content=\"Tiempo de lectura\" \/>\n\t<meta name=\"twitter:data1\" content=\"5 minutos\" \/>\n<script type=\"application\/ld+json\" class=\"yoast-schema-graph\">{\"@context\":\"https:\\\/\\\/schema.org\",\"@graph\":[{\"@type\":\"WebPage\",\"@id\":\"https:\\\/\\\/weather-radar-live.com\\\/es\\\/cielo-estrellado\\\/\",\"url\":\"https:\\\/\\\/weather-radar-live.com\\\/es\\\/cielo-estrellado\\\/\",\"name\":\"\u00a1Descubre hoy el cielo estrellado! \u2728\",\"isPartOf\":{\"@id\":\"https:\\\/\\\/weather-radar-live.com\\\/#website\"},\"primaryImageOfPage\":{\"@id\":\"https:\\\/\\\/weather-radar-live.com\\\/es\\\/cielo-estrellado\\\/#primaryimage\"},\"image\":{\"@id\":\"https:\\\/\\\/weather-radar-live.com\\\/es\\\/cielo-estrellado\\\/#primaryimage\"},\"thumbnailUrl\":\"https:\\\/\\\/www.der-mond.de\\\/feature\\\/sternenhimmel.php?version=1&karten=3&ueberschrift=Cielo+estrellado+hoy+en+Espa%C3%B1a&schriftschnitt=0&beschriftung_sternkarte=1&schriftart=Roboto&schriftgroesse=12&groesse=1980&spalten=1&trans=1&grafikformat=1&scro=0&scgr=0&scbl=0&hiro=255&higr=255&hibl=255&lang=sp&grafik=1\",\"datePublished\":\"2024-11-30T18:14:31+00:00\",\"dateModified\":\"2024-11-30T18:35:22+00:00\",\"description\":\"\u00bfNos acompa\u00f1as a descubrir el cielo estrellado de hoy? \u00bfQu\u00e9 constelaciones se pueden ver d\u00f3nde hoy? \ud83e\udd81\ud83e\udddc\u200d\u2642\ufe0f\ud83e\udd80\",\"breadcrumb\":{\"@id\":\"https:\\\/\\\/weather-radar-live.com\\\/es\\\/cielo-estrellado\\\/#breadcrumb\"},\"inLanguage\":\"es\",\"potentialAction\":[{\"@type\":\"ReadAction\",\"target\":[\"https:\\\/\\\/weather-radar-live.com\\\/es\\\/cielo-estrellado\\\/\"]}]},{\"@type\":\"ImageObject\",\"inLanguage\":\"es\",\"@id\":\"https:\\\/\\\/weather-radar-live.com\\\/es\\\/cielo-estrellado\\\/#primaryimage\",\"url\":\"https:\\\/\\\/www.der-mond.de\\\/feature\\\/sternenhimmel.php?version=1&karten=3&ueberschrift=Cielo+estrellado+hoy+en+Espa%C3%B1a&schriftschnitt=0&beschriftung_sternkarte=1&schriftart=Roboto&schriftgroesse=12&groesse=1980&spalten=1&trans=1&grafikformat=1&scro=0&scgr=0&scbl=0&hiro=255&higr=255&hibl=255&lang=sp&grafik=1\",\"contentUrl\":\"https:\\\/\\\/www.der-mond.de\\\/feature\\\/sternenhimmel.php?version=1&karten=3&ueberschrift=Cielo+estrellado+hoy+en+Espa%C3%B1a&schriftschnitt=0&beschriftung_sternkarte=1&schriftart=Roboto&schriftgroesse=12&groesse=1980&spalten=1&trans=1&grafikformat=1&scro=0&scgr=0&scbl=0&hiro=255&higr=255&hibl=255&lang=sp&grafik=1\"},{\"@type\":\"BreadcrumbList\",\"@id\":\"https:\\\/\\\/weather-radar-live.com\\\/es\\\/cielo-estrellado\\\/#breadcrumb\",\"itemListElement\":[{\"@type\":\"ListItem\",\"position\":1,\"name\":\"Weather Radar Live\",\"item\":\"https:\\\/\\\/weather-radar-live.com\\\/es\\\/\"},{\"@type\":\"ListItem\",\"position\":2,\"name\":\"Cielo estrellado\"}]},{\"@type\":\"WebSite\",\"@id\":\"https:\\\/\\\/weather-radar-live.com\\\/#website\",\"url\":\"https:\\\/\\\/weather-radar-live.com\\\/\",\"name\":\"weather-radar-live.com\",\"description\":\"Your weather and sky radar.\",\"publisher\":{\"@id\":\"https:\\\/\\\/weather-radar-live.com\\\/#organization\"},\"potentialAction\":[{\"@type\":\"SearchAction\",\"target\":{\"@type\":\"EntryPoint\",\"urlTemplate\":\"https:\\\/\\\/weather-radar-live.com\\\/?s={search_term_string}\"},\"query-input\":{\"@type\":\"PropertyValueSpecification\",\"valueRequired\":true,\"valueName\":\"search_term_string\"}}],\"inLanguage\":\"es\"},{\"@type\":\"Organization\",\"@id\":\"https:\\\/\\\/weather-radar-live.com\\\/#organization\",\"name\":\"weather-radar-live.com\",\"url\":\"https:\\\/\\\/weather-radar-live.com\\\/\",\"logo\":{\"@type\":\"ImageObject\",\"inLanguage\":\"es\",\"@id\":\"https:\\\/\\\/weather-radar-live.com\\\/#\\\/schema\\\/logo\\\/image\\\/\",\"url\":\"https:\\\/\\\/weather-radar-live.com\\\/wp-content\\\/uploads\\\/2022\\\/03\\\/cropped-WRL2503.png\",\"contentUrl\":\"https:\\\/\\\/weather-radar-live.com\\\/wp-content\\\/uploads\\\/2022\\\/03\\\/cropped-WRL2503.png\",\"width\":1920,\"height\":555,\"caption\":\"weather-radar-live.com\"},\"image\":{\"@id\":\"https:\\\/\\\/weather-radar-live.com\\\/#\\\/schema\\\/logo\\\/image\\\/\"}}]}<\/script>\n<!-- \/ Yoast SEO plugin. -->","yoast_head_json":{"title":"\u00a1Descubre hoy el cielo estrellado! \u2728","description":"\u00bfNos acompa\u00f1as a descubrir el cielo estrellado de hoy? \u00bfQu\u00e9 constelaciones se pueden ver d\u00f3nde hoy? \ud83e\udd81\ud83e\udddc\u200d\u2642\ufe0f\ud83e\udd80","robots":{"index":"index","follow":"follow","max-snippet":"max-snippet:-1","max-image-preview":"max-image-preview:large","max-video-preview":"max-video-preview:-1"},"canonical":"https:\/\/weather-radar-live.com\/es\/cielo-estrellado\/","og_locale":"es_ES","og_type":"article","og_title":"\u00a1Descubre hoy el cielo estrellado! \u2728","og_description":"\u00bfNos acompa\u00f1as a descubrir el cielo estrellado de hoy? \u00bfQu\u00e9 constelaciones se pueden ver d\u00f3nde hoy? \ud83e\udd81\ud83e\udddc\u200d\u2642\ufe0f\ud83e\udd80","og_url":"https:\/\/weather-radar-live.com\/es\/cielo-estrellado\/","og_site_name":"weather-radar-live.com","article_modified_time":"2024-11-30T18:35:22+00:00","og_image":[{"url":"https:\/\/www.der-mond.de\/feature\/sternenhimmel.php?version=1&karten=3&ueberschrift=Cielo+estrellado+hoy+en+Espa%C3%B1a&schriftschnitt=0&beschriftung_sternkarte=1&schriftart=Roboto&schriftgroesse=12&groesse=1980&spalten=1&trans=1&grafikformat=1&scro=0&scgr=0&scbl=0&hiro=255&higr=255&hibl=255&lang=sp&grafik=1","type":"","width":"","height":""}],"twitter_card":"summary_large_image","twitter_misc":{"Tiempo de lectura":"5 minutos"},"schema":{"@context":"https:\/\/schema.org","@graph":[{"@type":"WebPage","@id":"https:\/\/weather-radar-live.com\/es\/cielo-estrellado\/","url":"https:\/\/weather-radar-live.com\/es\/cielo-estrellado\/","name":"\u00a1Descubre hoy el cielo estrellado! \u2728","isPartOf":{"@id":"https:\/\/weather-radar-live.com\/#website"},"primaryImageOfPage":{"@id":"https:\/\/weather-radar-live.com\/es\/cielo-estrellado\/#primaryimage"},"image":{"@id":"https:\/\/weather-radar-live.com\/es\/cielo-estrellado\/#primaryimage"},"thumbnailUrl":"https:\/\/www.der-mond.de\/feature\/sternenhimmel.php?version=1&karten=3&ueberschrift=Cielo+estrellado+hoy+en+Espa%C3%B1a&schriftschnitt=0&beschriftung_sternkarte=1&schriftart=Roboto&schriftgroesse=12&groesse=1980&spalten=1&trans=1&grafikformat=1&scro=0&scgr=0&scbl=0&hiro=255&higr=255&hibl=255&lang=sp&grafik=1","datePublished":"2024-11-30T18:14:31+00:00","dateModified":"2024-11-30T18:35:22+00:00","description":"\u00bfNos acompa\u00f1as a descubrir el cielo estrellado de hoy? \u00bfQu\u00e9 constelaciones se pueden ver d\u00f3nde hoy? \ud83e\udd81\ud83e\udddc\u200d\u2642\ufe0f\ud83e\udd80","breadcrumb":{"@id":"https:\/\/weather-radar-live.com\/es\/cielo-estrellado\/#breadcrumb"},"inLanguage":"es","potentialAction":[{"@type":"ReadAction","target":["https:\/\/weather-radar-live.com\/es\/cielo-estrellado\/"]}]},{"@type":"ImageObject","inLanguage":"es","@id":"https:\/\/weather-radar-live.com\/es\/cielo-estrellado\/#primaryimage","url":"https:\/\/www.der-mond.de\/feature\/sternenhimmel.php?version=1&karten=3&ueberschrift=Cielo+estrellado+hoy+en+Espa%C3%B1a&schriftschnitt=0&beschriftung_sternkarte=1&schriftart=Roboto&schriftgroesse=12&groesse=1980&spalten=1&trans=1&grafikformat=1&scro=0&scgr=0&scbl=0&hiro=255&higr=255&hibl=255&lang=sp&grafik=1","contentUrl":"https:\/\/www.der-mond.de\/feature\/sternenhimmel.php?version=1&karten=3&ueberschrift=Cielo+estrellado+hoy+en+Espa%C3%B1a&schriftschnitt=0&beschriftung_sternkarte=1&schriftart=Roboto&schriftgroesse=12&groesse=1980&spalten=1&trans=1&grafikformat=1&scro=0&scgr=0&scbl=0&hiro=255&higr=255&hibl=255&lang=sp&grafik=1"},{"@type":"BreadcrumbList","@id":"https:\/\/weather-radar-live.com\/es\/cielo-estrellado\/#breadcrumb","itemListElement":[{"@type":"ListItem","position":1,"name":"Weather Radar Live","item":"https:\/\/weather-radar-live.com\/es\/"},{"@type":"ListItem","position":2,"name":"Cielo estrellado"}]},{"@type":"WebSite","@id":"https:\/\/weather-radar-live.com\/#website","url":"https:\/\/weather-radar-live.com\/","name":"weather-radar-live.com","description":"Your weather and sky radar.","publisher":{"@id":"https:\/\/weather-radar-live.com\/#organization"},"potentialAction":[{"@type":"SearchAction","target":{"@type":"EntryPoint","urlTemplate":"https:\/\/weather-radar-live.com\/?s={search_term_string}"},"query-input":{"@type":"PropertyValueSpecification","valueRequired":true,"valueName":"search_term_string"}}],"inLanguage":"es"},{"@type":"Organization","@id":"https:\/\/weather-radar-live.com\/#organization","name":"weather-radar-live.com","url":"https:\/\/weather-radar-live.com\/","logo":{"@type":"ImageObject","inLanguage":"es","@id":"https:\/\/weather-radar-live.com\/#\/schema\/logo\/image\/","url":"https:\/\/weather-radar-live.com\/wp-content\/uploads\/2022\/03\/cropped-WRL2503.png","contentUrl":"https:\/\/weather-radar-live.com\/wp-content\/uploads\/2022\/03\/cropped-WRL2503.png","width":1920,"height":555,"caption":"weather-radar-live.com"},"image":{"@id":"https:\/\/weather-radar-live.com\/#\/schema\/logo\/image\/"}}]}},"_links":{"self":[{"href":"https:\/\/weather-radar-live.com\/es\/wp-json\/wp\/v2\/pages\/8008","targetHints":{"allow":["GET"]}}],"collection":[{"href":"https:\/\/weather-radar-live.com\/es\/wp-json\/wp\/v2\/pages"}],"about":[{"href":"https:\/\/weather-radar-live.com\/es\/wp-json\/wp\/v2\/types\/page"}],"author":[{"embeddable":true,"href":"https:\/\/weather-radar-live.com\/es\/wp-json\/wp\/v2\/users\/1"}],"replies":[{"embeddable":true,"href":"https:\/\/weather-radar-live.com\/es\/wp-json\/wp\/v2\/comments?post=8008"}],"version-history":[{"count":2,"href":"https:\/\/weather-radar-live.com\/es\/wp-json\/wp\/v2\/pages\/8008\/revisions"}],"predecessor-version":[{"id":8030,"href":"https:\/\/weather-radar-live.com\/es\/wp-json\/wp\/v2\/pages\/8008\/revisions\/8030"}],"wp:attachment":[{"href":"https:\/\/weather-radar-live.com\/es\/wp-json\/wp\/v2\/media?parent=8008"}],"curies":[{"name":"wp","href":"https:\/\/api.w.org\/{rel}","templated":true}]}}