{"id":7855,"date":"2024-11-30T16:45:49","date_gmt":"2024-11-30T15:45:49","guid":{"rendered":"https:\/\/weather-radar-live.com\/lunar-calender\/"},"modified":"2024-11-30T17:39:41","modified_gmt":"2024-11-30T16:39:41","slug":"calendario-lunar","status":"publish","type":"page","link":"https:\/\/weather-radar-live.com\/es\/calendario-lunar\/","title":{"rendered":"Calendario lunar"},"content":{"rendered":"<div id=\"weath-1795464958\" class=\"weath-vor-dem-inhalt weath-entity-placement\" style=\"margin-top: 15px;margin-right: 25px;margin-bottom: 40px;margin-left: 25px;\"><script async src=\"\/\/pagead2.googlesyndication.com\/pagead\/js\/adsbygoogle.js?client=ca-pub-8960936133935804\" crossorigin=\"anonymous\"><\/script><ins class=\"adsbygoogle\" style=\"display:block;\" data-ad-client=\"ca-pub-8960936133935804\" \ndata-ad-slot=\"6172817020\" \ndata-ad-format=\"auto\"><\/ins>\n<script> \n(adsbygoogle = window.adsbygoogle || []).push({}); \n<\/script>\n<\/div>\n<div class=\"wp-block-cover alignfull is-light\"><span aria-hidden=\"true\" class=\"wp-block-cover__background has-contrast-background-color has-background-dim-30 has-background-dim\"><\/span><video class=\"wp-block-cover__video-background intrinsic-ignore\" autoplay muted loop playsinline src=\"https:\/\/weather-radar-live.com\/wp-content\/uploads\/2024\/11\/Moon-Calender-Video.mp4\" data-object-fit=\"cover\"><\/video><div class=\"wp-block-cover__inner-container is-layout-flow wp-block-cover-is-layout-flow\">\n<h2 class=\"wp-block-heading has-text-align-center heading has-contrast-3-color has-text-color has-link-color wp-elements-07e8db3bbc7df01f5ebdf009c792f1e1\" style=\"font-size:50px\"><strong><span class=\"has-inline-color has-white-color\">CALENDARIO<\/span><\/strong><br><mark style=\"background-color:rgba(0, 0, 0, 0)\" class=\"has-inline-color has-contrast-3-color\"><strong>LUNAR<\/strong><\/mark><\/h2>\n<\/div><\/div>\n\n\n\n<h1 class=\"wp-block-heading has-text-align-center has-contrast-2-color has-text-color has-link-color wp-elements-6c0cfc1c27543b88465088e607e116aa\"><strong>Calendario lunar<\/strong><\/h1>\n\n\n\n<p>El calendario lunar es una herramienta fascinante que ha sido utilizada por la gente durante siglos para organizar sus vidas en armon\u00eda con las fases de la luna. Ya sea en la agricultura, la horticultura o la vida personal, el calendario lunar ofrece valiosos conocimientos y orientaci\u00f3n. En este art\u00edculo, aprender\u00e1 todo lo que necesita saber sobre el calendario lunar, sus posibles aplicaciones y c\u00f3mo puede utilizarlo en su vida cotidiana.<\/p>\n\n\n\n<h2 class=\"wp-block-heading\"><strong>\u00bfQu\u00e9 es un calendario lunar?<\/strong><\/h2>\n\n\n\n<div class=\"wp-block-columns is-layout-flex wp-container-core-columns-is-layout-9d6595d7 wp-block-columns-is-layout-flex\">\n<div class=\"wp-block-column is-layout-flow wp-block-column-is-layout-flow\">\n<p>Un calendario lunar se basa en las fases de la luna y difiere de los calendarios solares convencionales que utilizamos en la vida cotidiana. Mientras que un calendario solar divide el a\u00f1o en 365 d\u00edas, el calendario lunar se basa en los ciclos de la luna, que duran alrededor de 29,5 d\u00edas. Estos ciclos no s\u00f3lo influyen en las mareas, sino tambi\u00e9n en muchos procesos biol\u00f3gicos y psicol\u00f3gicos de la Tierra.<\/p>\n\n\n\n<p>El calendario lunar divide el a\u00f1o en 12 \u00f3 13 meses lunares, cada uno de los cuales comienza con una luna nueva y termina con la luna nueva siguiente. Cada uno de estos meses consta de cuatro fases principales: <\/p>\n\n\n\n<ul class=\"wp-block-list\">\n<li>\ud83c\udf11 <a href=\"#Luna-nueva\">luna nueva<\/a>,<\/li>\n\n\n\n<li>\ud83c\udf12 <a href=\"#Luna-creciente\">luna creciente<\/a><\/li>\n\n\n\n<li><a href=\"#Luna-llena\">\ud83c\udf15 luna llena<\/a> y<\/li>\n\n\n\n<li>\ud83c\udf18 <a href=\"#Luna-menguante\">luna menguante<\/a>.<\/li>\n<\/ul>\n\n\n\n<p>Cada fase tiene sus propias caracter\u00edsticas e influencias que pueden utilizarse en diferentes \u00e1mbitos de la vida.<\/p>\n\n\n\n<p>Hist\u00f3ricamente, el calendario lunar ha sido utilizado por muchas culturas de todo el mundo para planificar acontecimientos importantes como cosechas, festivales religiosos y otras actividades sociales. Incluso hoy en d\u00eda, el calendario lunar se sigue utilizando en diversos \u00e1mbitos, desde la agricultura hasta el estilo de vida personal.<\/p>\n\n\n\n<!--- C\u00f3digo fuente comienza --->\n\t\t\n\t<!--- Condiciones de uso: Los enlaces y textos contenidos en el c\u00f3digo fuente\n\tno puede ser retirado, de lo contrario el derecho de uso expira. \n\tEn caso de desear desviaciones, p\u00f3ngase en contacto por correo. \n\tDirecci\u00f3n de correo en la p\u00e1gina de inicio.\n\t\t\n\tUn servicio gratuito de https:\/\/www.Der-Mond.de\/ --->\n\n\t\n\t\t<img decoding=\"async\" border=0 src=\"https:\/\/www.der-mond.de\/feature\/luna_kalender.php?version=5&#038;txue=Calendario+lunar&#038;trans=1&#038;zefu=1&#038;txph=1&#038;txmoph=1&#038;txmophti=1&#038;txmost=0&#038;txmostau=0&#038;txze=1&#038;zezo=1&#038;zeso=0&#038;schgr=12&#038;schriftart=Roboto&#038;schriftschnitt=0&#038;faan=1&#038;scro=0&#038;ragr=255&#038;rabl=255&#038;raro=255&#038;scgr=0&#038;scbl=0&#038;hiro=255&#038;higr=255&#038;hibl=255&#038;soep=1&#038;txsost=1&#038;txsostau=0&#038;geolagr=4&#038;geolami=0&#038;geolase=0&#038;geola=w&#038;geobrgr=40&#038;geobrmi=0&#038;geobrse=0&#038;geobr=n&#038;lang=sp&#038;kalender_zeitraum=0&#038;jahr=2024&#038;monat=11\" alt=\"La Luna, misteriosa compa\u00f1era de la Tierra\" style=\"max-width: 100%\">\n \t\n\n\t<br>\n\n\tUn servicio de <a href=\"https:\/\/www.der-mond.de\/\" target=\"_blank\">www.Der-Mond.de<\/a>\n\n<!--- Final del c\u00f3digo fuente! --->\n<\/div>\n<\/div>\n\n\n\n<h2 class=\"wp-block-heading\"><strong>Las fases de la luna y su significado<\/strong><\/h2>\n\n\n\n<h3 class=\"wp-block-heading\" id=\"Luna-nueva\">\ud83c\udf11 <strong>Luna nueva<\/strong><\/h3>\n\n\n\n<p>La luna nueva marca el comienzo de un nuevo ciclo lunar. Durante esta fase, la luna no es visible desde la tierra ya que se encuentra entre \u00e9sta y el sol. La luna nueva simboliza los nuevos comienzos y es un momento ideal para iniciar nuevos proyectos o romper viejos h\u00e1bitos. Muchas personas aprovechan esta fase para fijar sus objetivos y hacer planes para las pr\u00f3ximas semanas.<\/p><div id=\"weath-1942308662\" class=\"weath-inhalt_2 weath-entity-placement\" style=\"margin-top: 15px;margin-right: 25px;margin-bottom: 35px;margin-left: 25px;\"><script async src=\"\/\/pagead2.googlesyndication.com\/pagead\/js\/adsbygoogle.js?client=ca-pub-8960936133935804\" crossorigin=\"anonymous\"><\/script><ins class=\"adsbygoogle\" style=\"display:block;\" data-ad-client=\"ca-pub-8960936133935804\" \ndata-ad-slot=\"1963584050\" \ndata-ad-format=\"auto\"><\/ins>\n<script> \n(adsbygoogle = window.adsbygoogle || []).push({}); \n<\/script>\n<\/div>\n\n\n\n<h3 class=\"wp-block-heading\" id=\"Luna-creciente\">\ud83c\udf12 <strong>Luna creciente<\/strong><\/h3>\n\n\n\n<p>Durante la fase de luna creciente, la luna pasa de ser un cuarto creciente estrecho a una luna llena. Esta fase representa el crecimiento y el desarrollo. Es el momento en que los proyectos y planes que se iniciaron en la luna nueva pueden fortalecerse y desarrollarse a\u00fan m\u00e1s. En agricultura, es la fase en la que se siembran y cuidan las plantas para promover un crecimiento sano.<\/p>\n\n\n\n<h3 class=\"wp-block-heading\" id=\"Luna-llena\"><strong>\ud83c\udf15 Luna llena<\/strong><\/h3>\n\n\n\n<p>La luna llena es la fase en la que la luna est\u00e1 totalmente iluminada por el sol y aparece en todo su esplendor en el cielo nocturno. Esta fase es conocida por su fuerte energ\u00eda y a menudo se asocia con los momentos \u00e1lgidos y los logros. Muchas personas manifiestan emociones intensas y una mayor creatividad durante la luna llena. Es un buen momento para completar proyectos y recoger las recompensas de su duro trabajo.<\/p>\n\n\n\n<h3 class=\"wp-block-heading\" id=\"Luna-menguante\">\ud83c\udf18 <strong>Luna menguante<\/strong><\/h3>\n\n\n\n<p>Despu\u00e9s de la luna llena, la luna comienza a menguar hasta que vuelve a convertirse en luna nueva. Esta fase significa dejarse llevar y relajarse. Es el momento de deshacerse del equipaje innecesario y centrarse en lo esencial. En agricultura, es la fase en la que se recogen y conservan las cosechas. En el \u00e1mbito personal, este tiempo es adecuado para la reflexi\u00f3n y la limpieza interior.<\/p>\n\n\n\n<h2 class=\"wp-block-heading\"><strong>Reconocer y recordar las fases de la luna &#8211; una peque\u00f1a mnemotecnia:<\/strong><\/h2>\n\n\n\n<p>El \u00abciclo de las fases lunares\u00bb comienza con la \u00abluna nueva\u00bb y transcurre una vez cada 29,53 d\u00edas. En el hemisferio norte, puede memorizar f\u00e1cilmente el ciclo:<\/p>\n\n\n\n<p><strong>\ud83c\udf1b Par\u00e9ntesis de cierre = luna creciente<\/strong> &#8211; la luna se vuelve m\u00e1s llena y redonda. Luego todo se da la vuelta: <\/p>\n\n\n\n<p><strong>\ud83c\udf1c corchete<\/strong> <strong>abierto<\/strong> = <strong>luna menguante<\/strong> &#8211; la luna se vuelve m\u00e1s estrecha hasta que vuelve a desaparecer.<\/p>\n\n\n\n<p>De este modo, siempre sabr\u00e1 si la luna es creciente o menguante.<\/p>\n\n\n\n<h2 class=\"wp-block-heading\"><strong>Utilizar el calendario lunar en la vida cotidiana<\/strong><\/h2>\n\n\n\n<div class=\"wp-block-columns is-layout-flex wp-container-core-columns-is-layout-9d6595d7 wp-block-columns-is-layout-flex\">\n<div class=\"wp-block-column is-layout-flow wp-block-column-is-layout-flow\">\n<figure class=\"wp-block-image size-large shadow-box\"><img loading=\"lazy\" decoding=\"async\" width=\"1024\" height=\"771\" src=\"https:\/\/weather-radar-live.com\/wp-content\/uploads\/2024\/11\/The-moon-in-agriculture-1024x771.png\" alt=\"La luna en la agricultura.\" class=\"wp-image-7804\" srcset=\"https:\/\/weather-radar-live.com\/wp-content\/uploads\/2024\/11\/The-moon-in-agriculture-1024x771.png 1024w, https:\/\/weather-radar-live.com\/wp-content\/uploads\/2024\/11\/The-moon-in-agriculture-300x226.png 300w, https:\/\/weather-radar-live.com\/wp-content\/uploads\/2024\/11\/The-moon-in-agriculture-768x578.png 768w, https:\/\/weather-radar-live.com\/wp-content\/uploads\/2024\/11\/The-moon-in-agriculture.png 1232w\" sizes=\"auto, (max-width: 1024px) 100vw, 1024px\" \/><\/figure>\n\n\n\n<p class=\"has-small-font-size\">Nuestro sat\u00e9lite terrestre tiene a menudo un efecto muy poderoso sobre nosotros, especialmente en luna llena. \u00a1Aunque se encuentre a m\u00e1s de 384.000 kil\u00f3metros de distancia!<\/p>\n<\/div>\n\n\n\n<div class=\"wp-block-column is-layout-flow wp-block-column-is-layout-flow\">\n<h3 class=\"wp-block-heading\"><strong>Jardiner\u00eda y agricultura<\/strong><\/h3>\n\n\n\n<p>El calendario lunar se utiliza desde hace mucho tiempo en la agricultura y la horticultura para determinar el momento \u00f3ptimo para sembrar, plantar y cosechar los cultivos. Las distintas fases de la luna influyen en el crecimiento de las plantas y en la humedad del suelo, lo que puede afectar al rendimiento de las cosechas. Por ejemplo, se recomienda sembrar los cultivos que crecen por encima del suelo durante la luna creciente, mientras que las hortalizas de ra\u00edz se plantan mejor durante la luna menguante.<\/p>\n\n\n\n<h3 class=\"wp-block-heading\"><strong>Salud y bienestar<\/strong><\/h3>\n\n\n\n<p>Muchas personas utilizan el calendario lunar para mejorar su salud y bienestar. Las fases de la luna pueden influir en el cuerpo y la psique humanos. Por ejemplo, se recomienda empezar las curas de desintoxicaci\u00f3n y las dietas durante la luna menguante, ya que el cuerpo es m\u00e1s capaz de soltarse durante esta fase. Las operaciones y los procedimientos m\u00e9dicos tambi\u00e9n suelen planificarse seg\u00fan el calendario lunar para favorecer la curaci\u00f3n.<\/p>\n<\/div>\n<\/div>\n\n\n\n<h3 class=\"wp-block-heading\"><strong>Desarrollo personal y espiritualidad<\/strong><\/h3>\n\n\n\n<p>El calendario lunar tambi\u00e9n puede utilizarse como herramienta para el desarrollo personal y las pr\u00e1cticas espirituales. Muchas personas utilizan las distintas fases de la luna para realizar meditaciones, rituales y otros ejercicios espirituales. La luna nueva es especialmente adecuada para establecer intenciones y manifestar objetivos, mientras que la luna llena es un momento poderoso para la gratitud y la reflexi\u00f3n.<\/p>\n\n\n\n<h2 class=\"wp-block-heading\"><strong>C\u00f3mo utilizar un calendario lunar<\/strong><\/h2>\n\n\n\n<p>Para utilizar el calendario lunar con eficacia, es importante conocer y comprender las distintas fases de la luna. Existen muchos recursos, como libros, p\u00e1ginas web y aplicaciones, que proporcionan informaci\u00f3n detallada sobre las fases actuales de la luna y lo que significan. Un buen punto de partida es hacerse con un calendario lunar que muestre las fases de la luna para todo el a\u00f1o.<\/p>\n\n\n\n<p>Empiece a integrar las fases lunares en su vida cotidiana ajustando sus actividades y planes en consecuencia. Observe c\u00f3mo afectan las distintas fases a su estado de \u00e1nimo, energ\u00eda y productividad y ajuste su rutina en consecuencia. Con el tiempo, comprender\u00e1 mejor c\u00f3mo el calendario lunar puede ayudarle a llevar una vida m\u00e1s armoniosa y plena.<\/p>\n\n\n\n<p>El calendario lunar es una valiosa herramienta que puede ayudarnos a vivir en armon\u00eda con los ritmos naturales de la tierra. Utilizando la sabidur\u00eda de las fases de la luna, podemos mejorar nuestra calidad de vida y adquirir una comprensi\u00f3n m\u00e1s profunda de las conexiones entre la naturaleza y la humanidad.<\/p>\n\n\n\n<p>El calendario lunar ofrece una oportunidad \u00fanica para vivir la vida en armon\u00eda con los ritmos naturales de la luna. Ya sea en la agricultura, el bienestar personal o la pr\u00e1ctica espiritual, utilizar el calendario lunar puede aportar muchos beneficios. Comprendiendo y utilizando las distintas fases de la luna, podemos hacer que nuestra vida sea m\u00e1s consciente y plena. Utilice el poder de la luna para alcanzar sus objetivos y llevar una vida armoniosa.<\/p>\n","protected":false},"excerpt":{"rendered":"<p>Calendario lunar El calendario lunar es una herramienta fascinante que ha sido utilizada por la gente durante siglos para organizar sus vidas en armon\u00eda con las fases de la luna. Ya sea en la agricultura, la horticultura o la vida personal, el calendario lunar ofrece valiosos conocimientos y orientaci\u00f3n. En este art\u00edculo, aprender\u00e1 todo lo &#8230; <a title=\"Calendario lunar\" class=\"read-more\" href=\"https:\/\/weather-radar-live.com\/es\/calendario-lunar\/\" aria-label=\"Leer m\u00e1s sobre Calendario lunar\">Leer m\u00e1s<\/a><\/p>\n","protected":false},"author":1,"featured_media":0,"parent":0,"menu_order":0,"comment_status":"closed","ping_status":"closed","template":"","meta":{"footnotes":""},"class_list":["post-7855","page","type-page","status-publish"],"yoast_head":"<!-- This site is optimized with the Yoast SEO plugin v27.3 - https:\/\/yoast.com\/product\/yoast-seo-wordpress\/ -->\n<title>\u00a1Calendario lunar de hoy + fases lunares! \ud83c\udf1b<\/title>\n<meta name=\"description\" content=\"\u00bfEn qu\u00e9 fase de la luna estamos seg\u00fan el calendario lunar? \u00bfQu\u00e9 fases hay y cu\u00e1ndo hay luna llena? \ud83c\udf15\" \/>\n<meta name=\"robots\" content=\"index, follow, max-snippet:-1, max-image-preview:large, max-video-preview:-1\" \/>\n<link rel=\"canonical\" href=\"https:\/\/weather-radar-live.com\/es\/calendario-lunar\/\" \/>\n<meta property=\"og:locale\" content=\"es_ES\" \/>\n<meta property=\"og:type\" content=\"article\" \/>\n<meta property=\"og:title\" content=\"\u00a1Calendario lunar de hoy + fases lunares! \ud83c\udf1b\" \/>\n<meta property=\"og:description\" content=\"\u00bfEn qu\u00e9 fase de la luna estamos seg\u00fan el calendario lunar? \u00bfQu\u00e9 fases hay y cu\u00e1ndo hay luna llena? \ud83c\udf15\" \/>\n<meta property=\"og:url\" content=\"https:\/\/weather-radar-live.com\/es\/calendario-lunar\/\" \/>\n<meta property=\"og:site_name\" content=\"weather-radar-live.com\" \/>\n<meta property=\"article:modified_time\" content=\"2024-11-30T16:39:41+00:00\" \/>\n<meta property=\"og:image\" content=\"https:\/\/www.der-mond.de\/feature\/luna_kalender.php?version=5&txue=Calendario+lunar&trans=1&zefu=1&txph=1&txmoph=1&txmophti=1&txmost=0&txmostau=0&txze=1&zezo=1&zeso=0&schgr=12&schriftart=Roboto&schriftschnitt=0&faan=1&scro=0&ragr=255&rabl=255&raro=255&scgr=0&scbl=0&hiro=255&higr=255&hibl=255&soep=1&txsost=1&txsostau=0&geolagr=4&geolami=0&geolase=0&geola=w&geobrgr=40&geobrmi=0&geobrse=0&geobr=n&lang=sp&kalender_zeitraum=0&jahr=2024&monat=11\" \/>\n<meta name=\"twitter:card\" content=\"summary_large_image\" \/>\n<meta name=\"twitter:label1\" content=\"Tiempo de lectura\" \/>\n\t<meta name=\"twitter:data1\" content=\"6 minutos\" \/>\n<script type=\"application\/ld+json\" class=\"yoast-schema-graph\">{\"@context\":\"https:\\\/\\\/schema.org\",\"@graph\":[{\"@type\":\"WebPage\",\"@id\":\"https:\\\/\\\/weather-radar-live.com\\\/es\\\/calendario-lunar\\\/\",\"url\":\"https:\\\/\\\/weather-radar-live.com\\\/es\\\/calendario-lunar\\\/\",\"name\":\"\u00a1Calendario lunar de hoy + fases lunares! \ud83c\udf1b\",\"isPartOf\":{\"@id\":\"https:\\\/\\\/weather-radar-live.com\\\/#website\"},\"primaryImageOfPage\":{\"@id\":\"https:\\\/\\\/weather-radar-live.com\\\/es\\\/calendario-lunar\\\/#primaryimage\"},\"image\":{\"@id\":\"https:\\\/\\\/weather-radar-live.com\\\/es\\\/calendario-lunar\\\/#primaryimage\"},\"thumbnailUrl\":\"https:\\\/\\\/www.der-mond.de\\\/feature\\\/luna_kalender.php?version=5&txue=Calendario+lunar&trans=1&zefu=1&txph=1&txmoph=1&txmophti=1&txmost=0&txmostau=0&txze=1&zezo=1&zeso=0&schgr=12&schriftart=Roboto&schriftschnitt=0&faan=1&scro=0&ragr=255&rabl=255&raro=255&scgr=0&scbl=0&hiro=255&higr=255&hibl=255&soep=1&txsost=1&txsostau=0&geolagr=4&geolami=0&geolase=0&geola=w&geobrgr=40&geobrmi=0&geobrse=0&geobr=n&lang=sp&kalender_zeitraum=0&jahr=2024&monat=11\",\"datePublished\":\"2024-11-30T15:45:49+00:00\",\"dateModified\":\"2024-11-30T16:39:41+00:00\",\"description\":\"\u00bfEn qu\u00e9 fase de la luna estamos seg\u00fan el calendario lunar? \u00bfQu\u00e9 fases hay y cu\u00e1ndo hay luna llena? \ud83c\udf15\",\"breadcrumb\":{\"@id\":\"https:\\\/\\\/weather-radar-live.com\\\/es\\\/calendario-lunar\\\/#breadcrumb\"},\"inLanguage\":\"es\",\"potentialAction\":[{\"@type\":\"ReadAction\",\"target\":[\"https:\\\/\\\/weather-radar-live.com\\\/es\\\/calendario-lunar\\\/\"]}]},{\"@type\":\"ImageObject\",\"inLanguage\":\"es\",\"@id\":\"https:\\\/\\\/weather-radar-live.com\\\/es\\\/calendario-lunar\\\/#primaryimage\",\"url\":\"https:\\\/\\\/www.der-mond.de\\\/feature\\\/luna_kalender.php?version=5&txue=Calendario+lunar&trans=1&zefu=1&txph=1&txmoph=1&txmophti=1&txmost=0&txmostau=0&txze=1&zezo=1&zeso=0&schgr=12&schriftart=Roboto&schriftschnitt=0&faan=1&scro=0&ragr=255&rabl=255&raro=255&scgr=0&scbl=0&hiro=255&higr=255&hibl=255&soep=1&txsost=1&txsostau=0&geolagr=4&geolami=0&geolase=0&geola=w&geobrgr=40&geobrmi=0&geobrse=0&geobr=n&lang=sp&kalender_zeitraum=0&jahr=2024&monat=11\",\"contentUrl\":\"https:\\\/\\\/www.der-mond.de\\\/feature\\\/luna_kalender.php?version=5&txue=Calendario+lunar&trans=1&zefu=1&txph=1&txmoph=1&txmophti=1&txmost=0&txmostau=0&txze=1&zezo=1&zeso=0&schgr=12&schriftart=Roboto&schriftschnitt=0&faan=1&scro=0&ragr=255&rabl=255&raro=255&scgr=0&scbl=0&hiro=255&higr=255&hibl=255&soep=1&txsost=1&txsostau=0&geolagr=4&geolami=0&geolase=0&geola=w&geobrgr=40&geobrmi=0&geobrse=0&geobr=n&lang=sp&kalender_zeitraum=0&jahr=2024&monat=11\"},{\"@type\":\"BreadcrumbList\",\"@id\":\"https:\\\/\\\/weather-radar-live.com\\\/es\\\/calendario-lunar\\\/#breadcrumb\",\"itemListElement\":[{\"@type\":\"ListItem\",\"position\":1,\"name\":\"Weather Radar Live\",\"item\":\"https:\\\/\\\/weather-radar-live.com\\\/es\\\/\"},{\"@type\":\"ListItem\",\"position\":2,\"name\":\"Calendario lunar\"}]},{\"@type\":\"WebSite\",\"@id\":\"https:\\\/\\\/weather-radar-live.com\\\/#website\",\"url\":\"https:\\\/\\\/weather-radar-live.com\\\/\",\"name\":\"weather-radar-live.com\",\"description\":\"Your weather and sky radar.\",\"publisher\":{\"@id\":\"https:\\\/\\\/weather-radar-live.com\\\/#organization\"},\"potentialAction\":[{\"@type\":\"SearchAction\",\"target\":{\"@type\":\"EntryPoint\",\"urlTemplate\":\"https:\\\/\\\/weather-radar-live.com\\\/?s={search_term_string}\"},\"query-input\":{\"@type\":\"PropertyValueSpecification\",\"valueRequired\":true,\"valueName\":\"search_term_string\"}}],\"inLanguage\":\"es\"},{\"@type\":\"Organization\",\"@id\":\"https:\\\/\\\/weather-radar-live.com\\\/#organization\",\"name\":\"weather-radar-live.com\",\"url\":\"https:\\\/\\\/weather-radar-live.com\\\/\",\"logo\":{\"@type\":\"ImageObject\",\"inLanguage\":\"es\",\"@id\":\"https:\\\/\\\/weather-radar-live.com\\\/#\\\/schema\\\/logo\\\/image\\\/\",\"url\":\"https:\\\/\\\/weather-radar-live.com\\\/wp-content\\\/uploads\\\/2022\\\/03\\\/cropped-WRL2503.png\",\"contentUrl\":\"https:\\\/\\\/weather-radar-live.com\\\/wp-content\\\/uploads\\\/2022\\\/03\\\/cropped-WRL2503.png\",\"width\":1920,\"height\":555,\"caption\":\"weather-radar-live.com\"},\"image\":{\"@id\":\"https:\\\/\\\/weather-radar-live.com\\\/#\\\/schema\\\/logo\\\/image\\\/\"}}]}<\/script>\n<!-- \/ Yoast SEO plugin. -->","yoast_head_json":{"title":"\u00a1Calendario lunar de hoy + fases lunares! \ud83c\udf1b","description":"\u00bfEn qu\u00e9 fase de la luna estamos seg\u00fan el calendario lunar? \u00bfQu\u00e9 fases hay y cu\u00e1ndo hay luna llena? \ud83c\udf15","robots":{"index":"index","follow":"follow","max-snippet":"max-snippet:-1","max-image-preview":"max-image-preview:large","max-video-preview":"max-video-preview:-1"},"canonical":"https:\/\/weather-radar-live.com\/es\/calendario-lunar\/","og_locale":"es_ES","og_type":"article","og_title":"\u00a1Calendario lunar de hoy + fases lunares! \ud83c\udf1b","og_description":"\u00bfEn qu\u00e9 fase de la luna estamos seg\u00fan el calendario lunar? \u00bfQu\u00e9 fases hay y cu\u00e1ndo hay luna llena? \ud83c\udf15","og_url":"https:\/\/weather-radar-live.com\/es\/calendario-lunar\/","og_site_name":"weather-radar-live.com","article_modified_time":"2024-11-30T16:39:41+00:00","og_image":[{"url":"https:\/\/www.der-mond.de\/feature\/luna_kalender.php?version=5&txue=Calendario+lunar&trans=1&zefu=1&txph=1&txmoph=1&txmophti=1&txmost=0&txmostau=0&txze=1&zezo=1&zeso=0&schgr=12&schriftart=Roboto&schriftschnitt=0&faan=1&scro=0&ragr=255&rabl=255&raro=255&scgr=0&scbl=0&hiro=255&higr=255&hibl=255&soep=1&txsost=1&txsostau=0&geolagr=4&geolami=0&geolase=0&geola=w&geobrgr=40&geobrmi=0&geobrse=0&geobr=n&lang=sp&kalender_zeitraum=0&jahr=2024&monat=11","type":"","width":"","height":""}],"twitter_card":"summary_large_image","twitter_misc":{"Tiempo de lectura":"6 minutos"},"schema":{"@context":"https:\/\/schema.org","@graph":[{"@type":"WebPage","@id":"https:\/\/weather-radar-live.com\/es\/calendario-lunar\/","url":"https:\/\/weather-radar-live.com\/es\/calendario-lunar\/","name":"\u00a1Calendario lunar de hoy + fases lunares! \ud83c\udf1b","isPartOf":{"@id":"https:\/\/weather-radar-live.com\/#website"},"primaryImageOfPage":{"@id":"https:\/\/weather-radar-live.com\/es\/calendario-lunar\/#primaryimage"},"image":{"@id":"https:\/\/weather-radar-live.com\/es\/calendario-lunar\/#primaryimage"},"thumbnailUrl":"https:\/\/www.der-mond.de\/feature\/luna_kalender.php?version=5&txue=Calendario+lunar&trans=1&zefu=1&txph=1&txmoph=1&txmophti=1&txmost=0&txmostau=0&txze=1&zezo=1&zeso=0&schgr=12&schriftart=Roboto&schriftschnitt=0&faan=1&scro=0&ragr=255&rabl=255&raro=255&scgr=0&scbl=0&hiro=255&higr=255&hibl=255&soep=1&txsost=1&txsostau=0&geolagr=4&geolami=0&geolase=0&geola=w&geobrgr=40&geobrmi=0&geobrse=0&geobr=n&lang=sp&kalender_zeitraum=0&jahr=2024&monat=11","datePublished":"2024-11-30T15:45:49+00:00","dateModified":"2024-11-30T16:39:41+00:00","description":"\u00bfEn qu\u00e9 fase de la luna estamos seg\u00fan el calendario lunar? \u00bfQu\u00e9 fases hay y cu\u00e1ndo hay luna llena? \ud83c\udf15","breadcrumb":{"@id":"https:\/\/weather-radar-live.com\/es\/calendario-lunar\/#breadcrumb"},"inLanguage":"es","potentialAction":[{"@type":"ReadAction","target":["https:\/\/weather-radar-live.com\/es\/calendario-lunar\/"]}]},{"@type":"ImageObject","inLanguage":"es","@id":"https:\/\/weather-radar-live.com\/es\/calendario-lunar\/#primaryimage","url":"https:\/\/www.der-mond.de\/feature\/luna_kalender.php?version=5&txue=Calendario+lunar&trans=1&zefu=1&txph=1&txmoph=1&txmophti=1&txmost=0&txmostau=0&txze=1&zezo=1&zeso=0&schgr=12&schriftart=Roboto&schriftschnitt=0&faan=1&scro=0&ragr=255&rabl=255&raro=255&scgr=0&scbl=0&hiro=255&higr=255&hibl=255&soep=1&txsost=1&txsostau=0&geolagr=4&geolami=0&geolase=0&geola=w&geobrgr=40&geobrmi=0&geobrse=0&geobr=n&lang=sp&kalender_zeitraum=0&jahr=2024&monat=11","contentUrl":"https:\/\/www.der-mond.de\/feature\/luna_kalender.php?version=5&txue=Calendario+lunar&trans=1&zefu=1&txph=1&txmoph=1&txmophti=1&txmost=0&txmostau=0&txze=1&zezo=1&zeso=0&schgr=12&schriftart=Roboto&schriftschnitt=0&faan=1&scro=0&ragr=255&rabl=255&raro=255&scgr=0&scbl=0&hiro=255&higr=255&hibl=255&soep=1&txsost=1&txsostau=0&geolagr=4&geolami=0&geolase=0&geola=w&geobrgr=40&geobrmi=0&geobrse=0&geobr=n&lang=sp&kalender_zeitraum=0&jahr=2024&monat=11"},{"@type":"BreadcrumbList","@id":"https:\/\/weather-radar-live.com\/es\/calendario-lunar\/#breadcrumb","itemListElement":[{"@type":"ListItem","position":1,"name":"Weather Radar Live","item":"https:\/\/weather-radar-live.com\/es\/"},{"@type":"ListItem","position":2,"name":"Calendario lunar"}]},{"@type":"WebSite","@id":"https:\/\/weather-radar-live.com\/#website","url":"https:\/\/weather-radar-live.com\/","name":"weather-radar-live.com","description":"Your weather and sky radar.","publisher":{"@id":"https:\/\/weather-radar-live.com\/#organization"},"potentialAction":[{"@type":"SearchAction","target":{"@type":"EntryPoint","urlTemplate":"https:\/\/weather-radar-live.com\/?s={search_term_string}"},"query-input":{"@type":"PropertyValueSpecification","valueRequired":true,"valueName":"search_term_string"}}],"inLanguage":"es"},{"@type":"Organization","@id":"https:\/\/weather-radar-live.com\/#organization","name":"weather-radar-live.com","url":"https:\/\/weather-radar-live.com\/","logo":{"@type":"ImageObject","inLanguage":"es","@id":"https:\/\/weather-radar-live.com\/#\/schema\/logo\/image\/","url":"https:\/\/weather-radar-live.com\/wp-content\/uploads\/2022\/03\/cropped-WRL2503.png","contentUrl":"https:\/\/weather-radar-live.com\/wp-content\/uploads\/2022\/03\/cropped-WRL2503.png","width":1920,"height":555,"caption":"weather-radar-live.com"},"image":{"@id":"https:\/\/weather-radar-live.com\/#\/schema\/logo\/image\/"}}]}},"_links":{"self":[{"href":"https:\/\/weather-radar-live.com\/es\/wp-json\/wp\/v2\/pages\/7855","targetHints":{"allow":["GET"]}}],"collection":[{"href":"https:\/\/weather-radar-live.com\/es\/wp-json\/wp\/v2\/pages"}],"about":[{"href":"https:\/\/weather-radar-live.com\/es\/wp-json\/wp\/v2\/types\/page"}],"author":[{"embeddable":true,"href":"https:\/\/weather-radar-live.com\/es\/wp-json\/wp\/v2\/users\/1"}],"replies":[{"embeddable":true,"href":"https:\/\/weather-radar-live.com\/es\/wp-json\/wp\/v2\/comments?post=7855"}],"version-history":[{"count":4,"href":"https:\/\/weather-radar-live.com\/es\/wp-json\/wp\/v2\/pages\/7855\/revisions"}],"predecessor-version":[{"id":7892,"href":"https:\/\/weather-radar-live.com\/es\/wp-json\/wp\/v2\/pages\/7855\/revisions\/7892"}],"wp:attachment":[{"href":"https:\/\/weather-radar-live.com\/es\/wp-json\/wp\/v2\/media?parent=7855"}],"curies":[{"name":"wp","href":"https:\/\/api.w.org\/{rel}","templated":true}]}}