{"id":7416,"date":"2022-08-26T23:16:27","date_gmt":"2022-08-26T21:16:27","guid":{"rendered":"https:\/\/weather-radar-live.com\/?page_id=7416"},"modified":"2022-08-26T23:18:10","modified_gmt":"2022-08-26T21:18:10","slug":"webcam-madonna-di-campiglio","status":"publish","type":"page","link":"https:\/\/weather-radar-live.com\/es\/webcam\/italia\/webcam-madonna-di-campiglio\/","title":{"rendered":"Webcam Madonna di Campiglio"},"content":{"rendered":"<div id=\"weath-1099345660\" class=\"weath-vor-dem-inhalt weath-entity-placement\" style=\"margin-top: 15px;margin-right: 25px;margin-bottom: 40px;margin-left: 25px;\"><script async src=\"\/\/pagead2.googlesyndication.com\/pagead\/js\/adsbygoogle.js?client=ca-pub-8960936133935804\" crossorigin=\"anonymous\"><\/script><ins class=\"adsbygoogle\" style=\"display:block;\" data-ad-client=\"ca-pub-8960936133935804\" \ndata-ad-slot=\"6172817020\" \ndata-ad-format=\"auto\"><\/ins>\n<script> \n(adsbygoogle = window.adsbygoogle || []).push({}); \n<\/script>\n<\/div>\n<div class=\"wp-block-cover alignfull is-light\"><span aria-hidden=\"true\" class=\"wp-block-cover__gradient-background has-background-dim\"><\/span><img decoding=\"async\" class=\"wp-block-cover__image-background wp-image-342\" alt=\"Webcam Madonna di Campiglio\" src=\"https:\/\/weather-radar-live.com\/wp-content\/uploads\/2021\/06\/sam-schooler-E9aetBe2w40-unsplash-e1622554814366.jpg\" data-object-fit=\"cover\"\/><div class=\"wp-block-cover__inner-container is-layout-flow wp-block-cover-is-layout-flow\">\n<h2 class=\"has-text-align-center heading wp-block-heading\" id=\"webcam-fort-mahon\" style=\"font-size:40px;text-transform:uppercase\"><strong><mark style=\"background-color:rgba(0, 0, 0, 0)\" class=\"has-inline-color has-base-3-color\">WEBCAM <\/mark><\/strong><br><strong><mark style=\"background-color:rgba(0, 0, 0, 0)\" class=\"has-inline-color has-base-3-color\">MADONNA DI CAMPIGLIO<\/mark><\/strong><\/h2>\n<\/div><\/div>\n\n\n<div class=\"yoast-breadcrumbs\"><span><span><a href=\"https:\/\/weather-radar-live.com\/es\/\">Weather Radar Live<\/a><\/span> \u00bb <span><a href=\"https:\/\/weather-radar-live.com\/es\/webcam\/\">C\u00e1mara web<\/a><\/span> \u00bb <span><a href=\"https:\/\/weather-radar-live.com\/es\/webcam\/italia\/\">Italia<\/a><\/span> \u00bb <span class=\"breadcrumb_last\" aria-current=\"page\"><strong>Webcam Madonna di Campiglio<\/strong><\/span><\/span><\/div>\n\n\n<h2 class=\"has-text-align-center wp-block-heading\" id=\"webcam-fort-mahon\"><strong>Webcam Madonna di Campiglio<\/strong><\/h2>\n\n\n\n<p>La ciudad de Madonna di Campiglio se encuentra a 60 km al norte en l\u00ednea recta del lago de Garda y a 30 km al noroeste de Trento. Entre el grupo del Brenta y el grupo del Adamello-Presanella, cubierto de glaciares, la localidad italiana est\u00e1 situada en la pintoresca cuenca del valle protegida del viento del norte a 1.550 metros. Sum\u00e9rjase en el impresionante paisaje monta\u00f1oso de la localidad con nuestra webcam Madonna di Campiglio y conv\u00e9nzase del panorama de ensue\u00f1o.<\/p>\n\n\n\n<p>Gracias a su ubicaci\u00f3n \u00fanica en medio de los Dolomitas de Brenta, declarados Patrimonio de la Humanidad por la UNESCO, Madonna di Campiglio tambi\u00e9n suele denominarse la Perla de los Dolomitas. Haga un viaje a los Dolomitas de Brenta de la UNESCO y d\u00e9jese encantar por la flora y la fauna \u00fanicas en medio de un hermoso paisaje de monta\u00f1a.<\/p><div id=\"weath-1228270676\" class=\"weath-inhalt_2 weath-entity-placement\" style=\"margin-top: 15px;margin-right: 25px;margin-bottom: 35px;margin-left: 25px;\"><script async src=\"\/\/pagead2.googlesyndication.com\/pagead\/js\/adsbygoogle.js?client=ca-pub-8960936133935804\" crossorigin=\"anonymous\"><\/script><ins class=\"adsbygoogle\" style=\"display:block;\" data-ad-client=\"ca-pub-8960936133935804\" \ndata-ad-slot=\"1963584050\" \ndata-ad-format=\"auto\"><\/ins>\n<script> \n(adsbygoogle = window.adsbygoogle || []).push({}); \n<\/script>\n<\/div>\n\n\n\n<div class=\"wp-block-columns is-layout-flex wp-container-core-columns-is-layout-9d6595d7 wp-block-columns-is-layout-flex\">\n<div class=\"wp-block-column webcam-column is-layout-flow wp-block-column-is-layout-flow\">\n<h3 class=\"has-text-align-center wp-block-heading\"> \ud83d\udd34 <strong>Webcam<\/strong> <strong><strong><strong>Madonna di Campiglio<\/strong><\/strong><\/strong> &#8211; Passo Grost\u00e8<\/h3>\n\n\n\n<a name=\"windy-webcam-timelapse-player\" data-id=\"1450743056\" data-play=\"day\" href=\"https:\/\/windy.com\/webcams\/1450743056\" target=\"_blank\" rel=\"noopener\">Madonna di Campiglio: Telesilla Grost\u00e8 &#8211; estaci\u00f3n del valle, Dolomiti di Brenta<\/a><script async=\"\" type=\"text\/javascript\" src=\"https:\/\/webcams.windy.com\/webcams\/public\/embed\/script\/player.js\"><\/script>\n<\/div>\n\n\n\n<div class=\"wp-block-column webcam-column is-layout-flow wp-block-column-is-layout-flow\">\n<h3 class=\"has-text-align-center wp-block-heading\"> \ud83d\udd34 <strong>Webcam Madonna<\/strong> <strong>di Campiglio<\/strong> &#8211; estaci\u00f3n del valle<\/h3>\n\n\n\n<a name=\"windy-webcam-timelapse-player\" data-id=\"1452643909\" data-play=\"day\" href=\"https:\/\/windy.com\/webcams\/1452643909\" target=\"_blank\" rel=\"noopener\">Madonna di Campiglio: Telesilla Grost\u00e8 &#8211; estaci\u00f3n del valle<\/a><script async=\"\" type=\"text\/javascript\" src=\"https:\/\/webcams.windy.com\/webcams\/public\/embed\/script\/player.js\"><\/script>\n<\/div>\n<\/div>\n\n\n\n<div class=\"wp-block-columns is-layout-flex wp-container-core-columns-is-layout-9d6595d7 wp-block-columns-is-layout-flex\">\n<div class=\"wp-block-column webcam-column is-layout-flow wp-block-column-is-layout-flow\">\n<h3 class=\"has-text-align-center wp-block-heading\"> \ud83d\udd34 <strong>Webcam<\/strong> <strong><strong><strong>Madonna di Campiglio<\/strong><\/strong><\/strong> &#8211; Rifugio Graffer<\/h3>\n\n\n\n<a name=\"windy-webcam-timelapse-player\" data-id=\"1447891873\" data-play=\"day\" href=\"https:\/\/windy.com\/webcams\/1447891873\" target=\"_blank\" rel=\"noopener\">Madonna di Campiglio: Telesilla Grost\u00e8 &#8211; estaci\u00f3n del valle, Rifugio Graffer<\/a><script async=\"\" type=\"text\/javascript\" src=\"https:\/\/webcams.windy.com\/webcams\/public\/embed\/script\/player.js\"><\/script>\n<\/div>\n\n\n\n<div class=\"wp-block-column webcam-column is-layout-flow wp-block-column-is-layout-flow\">\n<h3 class=\"has-text-align-center wp-block-heading\"> \ud83d\udd34 <strong>Webcam Madonna<\/strong> <strong>di Campiglio<\/strong> &#8211; Groste<\/h3>\n\n\n\n<a name=\"windy-webcam-timelapse-player\" data-id=\"1592498103\" data-play=\"day\" href=\"https:\/\/windy.com\/webcams\/1592498103\" target=\"_blank\" rel=\"noopener\">Tre Ville: Madonna di Campiglio &#8211; Groste<\/a><script async=\"\" type=\"text\/javascript\" src=\"https:\/\/webcams.windy.com\/webcams\/public\/embed\/script\/player.js\"><\/script>\n<\/div>\n<\/div>\n\n\n\n<div class=\"wp-block-columns is-layout-flex wp-container-core-columns-is-layout-9d6595d7 wp-block-columns-is-layout-flex\">\n<div class=\"wp-block-column is-layout-flow wp-block-column-is-layout-flow\" style=\"flex-basis:25%\"><\/div>\n\n\n\n<div class=\"wp-block-column webcam-column is-layout-flow wp-block-column-is-layout-flow\">\n<h3 class=\"has-text-align-center wp-block-heading\"> \ud83d\udd34<strong> Webcam<\/strong> <strong><strong><strong><strong>Madonna<\/strong><\/strong><\/strong><\/strong> <strong>di Campiglio<\/strong> &#8211; Snowpark<\/h3>\n\n\n\n<a name=\"windy-webcam-timelapse-player\" data-id=\"1320675976\" data-play=\"day\" href=\"https:\/\/windy.com\/webcams\/1320675976\" target=\"_blank\" rel=\"noopener\">Pinzolo Snowpark Madonna di Campiglio<\/a><script async=\"\" type=\"text\/javascript\" src=\"https:\/\/webcams.windy.com\/webcams\/public\/embed\/script\/player.js\"><\/script>\n<\/div>\n\n\n\n<div class=\"wp-block-column is-layout-flow wp-block-column-is-layout-flow\" style=\"flex-basis:25%\"><\/div>\n<\/div>\n\n\n\n<h2 class=\"wp-block-heading\" id=\"fort-mahon-today\"><strong>Radar meteorol\u00f3gico Madonna di Campiglio &#8211; El tiempo en Madonna di Campiglio<\/strong><\/h2>\n\n\n\n<p>Con nuestra webcam Madonna di Campiglio ser\u00e1 informado en tiempo real sobre las condiciones meteorol\u00f3gicas actuales en el lugar. Las im\u00e1genes en directo de nuestras c\u00e1maras web se complementan con nuestro radar meteorol\u00f3gico, que le proporciona m\u00e1s informaci\u00f3n sobre la previsi\u00f3n del tiempo actual y las zonas de precipitaci\u00f3n. Todas las zonas de precipitaci\u00f3n est\u00e1n marcadas con diferentes colores en funci\u00f3n de su intensidad. Las zonas azules y verdes indican escasas precipitaciones, mientras que las p\u00farpuras y rojas representan fuertes precipitaciones con posible potencial de tormenta. Adem\u00e1s, el radar meteorol\u00f3gico le muestra todas las tormentas con peque\u00f1os s\u00edmbolos de rayos. As\u00ed pues, con nuestro radar meteorol\u00f3gico y nuestras c\u00e1maras web siempre sabr\u00e1 lo mejor sobre las condiciones meteorol\u00f3gicas actuales en Madonna di Campiglio.<\/p>\n\n\n\n<div class=\"wp-block-columns is-layout-flex wp-container-core-columns-is-layout-9d6595d7 wp-block-columns-is-layout-flex\">\n<div class=\"wp-block-column is-layout-flow wp-block-column-is-layout-flow\" style=\"flex-basis:75%\">\n<iframe loading=\"lazy\" width=\"1300\" height=\"502\" src=\"https:\/\/embed.windy.com\/embed2.html?lat=46.219&amp;lon=10.785&amp;detailLat=46.219&amp;detailLon=10.785&amp;width=1300&amp;height=502&amp;zoom=11&amp;level=surface&amp;overlay=rain&amp;product=ecmwf&amp;menu=&amp;message=&amp;marker=&amp;calendar=now&amp;pressure=&amp;type=map&amp;location=coordinates&amp;detail=&amp;metricWind=default&amp;metricTemp=default&amp;radarRange=-1\" frameborder=\"0\"><\/iframe>\n<\/div>\n\n\n\n<div class=\"wp-block-column is-layout-flow wp-block-column-is-layout-flow\" style=\"flex-basis:25%\">\n<a class=\"weatherwidget-io\" href=\"https:\/\/forecast7.com\/es\/46d2310d83\/madonna-di-campiglio\/\" data-label_1=\"MADONNA DI CAMPIGLIO\" data-theme=\"original\" >MADONNA DI CAMPIGLIO<\/a>\n<script>\n!function(d,s,id){var js,fjs=d.getElementsByTagName(s)[0];if(!d.getElementById(id)){js=d.createElement(s);js.id=id;js.src='https:\/\/weatherwidget.io\/js\/widget.min.js';fjs.parentNode.insertBefore(js,fjs);}}(document,'script','weatherwidget-io-js');\n<\/script>\n<\/div>\n<\/div>\n\n\n\n<h2 class=\"wp-block-heading\" id=\"fort-mahon-weather\"><strong>El clima en Madonna di Campiglio<\/strong><\/h2>\n\n\n\n<p>Madonna di Campiglio se caracteriza por su clima continental, con una temperatura media anual de 9 \u00b0C. Durante los meses de verano hace un calor agradable, siendo la temperatura m\u00e1xima media en julio de 20 \u00b0C. Los meses de invierno, por el contrario, son fr\u00edos, y las temperaturas descienden aqu\u00ed hasta una media de -1 \u00b0C en enero. Las precipitaciones son de unos 731 mm al a\u00f1o, siendo los meses de junio a septiembre los de menor precipitaci\u00f3n. Adem\u00e1s, al ser muy suave y agradable durante este periodo, es la mejor \u00e9poca para viajar.<\/p>\n\n\n\n<h2 class=\"wp-block-heading\"><strong>Atracciones en Madonna di Campiglio<\/strong><\/h2>\n\n\n\n<p>Gracias a sus numerosas instalaciones para la pr\u00e1ctica de deportes de invierno, Madonna di Campiglio es una estaci\u00f3n popular para todos los aficionados a los deportes de invierno. La mayor zona de esqu\u00ed de la regi\u00f3n de Trentino le espera en medio de las magn\u00edficas Dolomitas de Brenta. Obtendr\u00e1 una vista inolvidable con el telef\u00e9rico panor\u00e1mico Pinzolo-Camiglio-Express, que conecta las zonas de esqu\u00ed de Madonna di Campiglio con las pistas vecinas de Pinzolo y Folgarida-Marilleva. Le esperan 100 pistas bien preparadas con una longitud de m\u00e1s de 150 km, as\u00ed como cinco parques de nieve que le prometen unas inolvidables vacaciones de invierno en la nieve. Pero tambi\u00e9n en verano Madonna di Campiglio tiene todo lo que ofrece el coraz\u00f3n del deportista. Disfrute del fant\u00e1stico panorama monta\u00f1oso en las numerosas rutas de senderismo y ciclismo de monta\u00f1a o desaf\u00ede la emoci\u00f3n del parapente y el rafting.<\/p>\n","protected":false},"excerpt":{"rendered":"<p>Webcam Madonna di Campiglio La ciudad de Madonna di Campiglio se encuentra a 60 km al norte en l\u00ednea recta del lago de Garda y a 30 km al noroeste de Trento. Entre el grupo del Brenta y el grupo del Adamello-Presanella, cubierto de glaciares, la localidad italiana est\u00e1 situada en la pintoresca cuenca del &#8230; <a title=\"Webcam Madonna di Campiglio\" class=\"read-more\" href=\"https:\/\/weather-radar-live.com\/es\/webcam\/italia\/webcam-madonna-di-campiglio\/\" aria-label=\"Leer m\u00e1s sobre Webcam Madonna di Campiglio\">Leer m\u00e1s<\/a><\/p>\n","protected":false},"author":1,"featured_media":7406,"parent":4313,"menu_order":0,"comment_status":"closed","ping_status":"closed","template":"","meta":{"footnotes":""},"class_list":["post-7416","page","type-page","status-publish","has-post-thumbnail"],"yoast_head":"<!-- This site is optimized with the Yoast SEO plugin v27.3 - https:\/\/yoast.com\/product\/yoast-seo-wordpress\/ -->\n<title>Webcam Madonna di Campiglio \u2192 \u00a1M\u00edralo en directo!<\/title>\n<meta name=\"description\" content=\"Webcam Madonna di Campiglio | \u00a1Livecam de Madonna di Campiglio! \u2705 \u00a1Actualizada para ti en tiempo real! \u2705 \u00a1Previsi\u00f3n meteorol\u00f3gica actual!\" \/>\n<meta name=\"robots\" content=\"index, follow, max-snippet:-1, max-image-preview:large, max-video-preview:-1\" \/>\n<link rel=\"canonical\" href=\"https:\/\/weather-radar-live.com\/es\/webcam\/italia\/webcam-madonna-di-campiglio\/\" \/>\n<meta property=\"og:locale\" content=\"es_ES\" \/>\n<meta property=\"og:type\" content=\"article\" \/>\n<meta property=\"og:title\" content=\"Webcam Madonna di Campiglio \u2192 \u00a1M\u00edralo en directo!\" \/>\n<meta property=\"og:description\" content=\"Webcam Madonna di Campiglio | \u00a1Livecam de Madonna di Campiglio! \u2705 \u00a1Actualizada para ti en tiempo real! \u2705 \u00a1Previsi\u00f3n meteorol\u00f3gica actual!\" \/>\n<meta property=\"og:url\" content=\"https:\/\/weather-radar-live.com\/es\/webcam\/italia\/webcam-madonna-di-campiglio\/\" \/>\n<meta property=\"og:site_name\" content=\"weather-radar-live.com\" \/>\n<meta property=\"article:modified_time\" content=\"2022-08-26T21:18:10+00:00\" \/>\n<meta property=\"og:image\" content=\"https:\/\/weather-radar-live.com\/wp-content\/uploads\/2022\/08\/Webcam-Madonna-di-Campiglio-e1661500782182.jpg\" \/>\n\t<meta property=\"og:image:width\" content=\"1908\" \/>\n\t<meta property=\"og:image:height\" content=\"722\" \/>\n\t<meta property=\"og:image:type\" content=\"image\/jpeg\" \/>\n<meta name=\"twitter:card\" content=\"summary_large_image\" \/>\n<meta name=\"twitter:label1\" content=\"Tiempo de lectura\" \/>\n\t<meta name=\"twitter:data1\" content=\"3 minutos\" \/>\n<script type=\"application\/ld+json\" class=\"yoast-schema-graph\">{\"@context\":\"https:\\\/\\\/schema.org\",\"@graph\":[{\"@type\":\"WebPage\",\"@id\":\"https:\\\/\\\/weather-radar-live.com\\\/es\\\/webcam\\\/italia\\\/webcam-madonna-di-campiglio\\\/\",\"url\":\"https:\\\/\\\/weather-radar-live.com\\\/es\\\/webcam\\\/italia\\\/webcam-madonna-di-campiglio\\\/\",\"name\":\"Webcam Madonna di Campiglio \u2192 \u00a1M\u00edralo en directo!\",\"isPartOf\":{\"@id\":\"https:\\\/\\\/weather-radar-live.com\\\/#website\"},\"primaryImageOfPage\":{\"@id\":\"https:\\\/\\\/weather-radar-live.com\\\/es\\\/webcam\\\/italia\\\/webcam-madonna-di-campiglio\\\/#primaryimage\"},\"image\":{\"@id\":\"https:\\\/\\\/weather-radar-live.com\\\/es\\\/webcam\\\/italia\\\/webcam-madonna-di-campiglio\\\/#primaryimage\"},\"thumbnailUrl\":\"https:\\\/\\\/weather-radar-live.com\\\/wp-content\\\/uploads\\\/2022\\\/08\\\/Webcam-Madonna-di-Campiglio-e1661500782182.jpg\",\"datePublished\":\"2022-08-26T21:16:27+00:00\",\"dateModified\":\"2022-08-26T21:18:10+00:00\",\"description\":\"Webcam Madonna di Campiglio | \u00a1Livecam de Madonna di Campiglio! \u2705 \u00a1Actualizada para ti en tiempo real! \u2705 \u00a1Previsi\u00f3n meteorol\u00f3gica actual!\",\"breadcrumb\":{\"@id\":\"https:\\\/\\\/weather-radar-live.com\\\/es\\\/webcam\\\/italia\\\/webcam-madonna-di-campiglio\\\/#breadcrumb\"},\"inLanguage\":\"es\",\"potentialAction\":[{\"@type\":\"ReadAction\",\"target\":[\"https:\\\/\\\/weather-radar-live.com\\\/es\\\/webcam\\\/italia\\\/webcam-madonna-di-campiglio\\\/\"]}]},{\"@type\":\"ImageObject\",\"inLanguage\":\"es\",\"@id\":\"https:\\\/\\\/weather-radar-live.com\\\/es\\\/webcam\\\/italia\\\/webcam-madonna-di-campiglio\\\/#primaryimage\",\"url\":\"https:\\\/\\\/weather-radar-live.com\\\/wp-content\\\/uploads\\\/2022\\\/08\\\/Webcam-Madonna-di-Campiglio-e1661500782182.jpg\",\"contentUrl\":\"https:\\\/\\\/weather-radar-live.com\\\/wp-content\\\/uploads\\\/2022\\\/08\\\/Webcam-Madonna-di-Campiglio-e1661500782182.jpg\",\"width\":1908,\"height\":722,\"caption\":\"Webcam Madonna di Campiglio\"},{\"@type\":\"BreadcrumbList\",\"@id\":\"https:\\\/\\\/weather-radar-live.com\\\/es\\\/webcam\\\/italia\\\/webcam-madonna-di-campiglio\\\/#breadcrumb\",\"itemListElement\":[{\"@type\":\"ListItem\",\"position\":1,\"name\":\"Weather Radar Live\",\"item\":\"https:\\\/\\\/weather-radar-live.com\\\/es\\\/\"},{\"@type\":\"ListItem\",\"position\":2,\"name\":\"C\u00e1mara web\",\"item\":\"https:\\\/\\\/weather-radar-live.com\\\/es\\\/webcam\\\/\"},{\"@type\":\"ListItem\",\"position\":3,\"name\":\"Italia\",\"item\":\"https:\\\/\\\/weather-radar-live.com\\\/es\\\/webcam\\\/italia\\\/\"},{\"@type\":\"ListItem\",\"position\":4,\"name\":\"Webcam Madonna di Campiglio\"}]},{\"@type\":\"WebSite\",\"@id\":\"https:\\\/\\\/weather-radar-live.com\\\/#website\",\"url\":\"https:\\\/\\\/weather-radar-live.com\\\/\",\"name\":\"weather-radar-live.com\",\"description\":\"Your weather and sky radar.\",\"publisher\":{\"@id\":\"https:\\\/\\\/weather-radar-live.com\\\/#organization\"},\"potentialAction\":[{\"@type\":\"SearchAction\",\"target\":{\"@type\":\"EntryPoint\",\"urlTemplate\":\"https:\\\/\\\/weather-radar-live.com\\\/?s={search_term_string}\"},\"query-input\":{\"@type\":\"PropertyValueSpecification\",\"valueRequired\":true,\"valueName\":\"search_term_string\"}}],\"inLanguage\":\"es\"},{\"@type\":\"Organization\",\"@id\":\"https:\\\/\\\/weather-radar-live.com\\\/#organization\",\"name\":\"weather-radar-live.com\",\"url\":\"https:\\\/\\\/weather-radar-live.com\\\/\",\"logo\":{\"@type\":\"ImageObject\",\"inLanguage\":\"es\",\"@id\":\"https:\\\/\\\/weather-radar-live.com\\\/#\\\/schema\\\/logo\\\/image\\\/\",\"url\":\"https:\\\/\\\/weather-radar-live.com\\\/wp-content\\\/uploads\\\/2022\\\/03\\\/cropped-WRL2503.png\",\"contentUrl\":\"https:\\\/\\\/weather-radar-live.com\\\/wp-content\\\/uploads\\\/2022\\\/03\\\/cropped-WRL2503.png\",\"width\":1920,\"height\":555,\"caption\":\"weather-radar-live.com\"},\"image\":{\"@id\":\"https:\\\/\\\/weather-radar-live.com\\\/#\\\/schema\\\/logo\\\/image\\\/\"}}]}<\/script>\n<!-- \/ Yoast SEO plugin. -->","yoast_head_json":{"title":"Webcam Madonna di Campiglio \u2192 \u00a1M\u00edralo en directo!","description":"Webcam Madonna di Campiglio | \u00a1Livecam de Madonna di Campiglio! \u2705 \u00a1Actualizada para ti en tiempo real! \u2705 \u00a1Previsi\u00f3n meteorol\u00f3gica actual!","robots":{"index":"index","follow":"follow","max-snippet":"max-snippet:-1","max-image-preview":"max-image-preview:large","max-video-preview":"max-video-preview:-1"},"canonical":"https:\/\/weather-radar-live.com\/es\/webcam\/italia\/webcam-madonna-di-campiglio\/","og_locale":"es_ES","og_type":"article","og_title":"Webcam Madonna di Campiglio \u2192 \u00a1M\u00edralo en directo!","og_description":"Webcam Madonna di Campiglio | \u00a1Livecam de Madonna di Campiglio! \u2705 \u00a1Actualizada para ti en tiempo real! \u2705 \u00a1Previsi\u00f3n meteorol\u00f3gica actual!","og_url":"https:\/\/weather-radar-live.com\/es\/webcam\/italia\/webcam-madonna-di-campiglio\/","og_site_name":"weather-radar-live.com","article_modified_time":"2022-08-26T21:18:10+00:00","og_image":[{"width":1908,"height":722,"url":"https:\/\/weather-radar-live.com\/wp-content\/uploads\/2022\/08\/Webcam-Madonna-di-Campiglio-e1661500782182.jpg","type":"image\/jpeg"}],"twitter_card":"summary_large_image","twitter_misc":{"Tiempo de lectura":"3 minutos"},"schema":{"@context":"https:\/\/schema.org","@graph":[{"@type":"WebPage","@id":"https:\/\/weather-radar-live.com\/es\/webcam\/italia\/webcam-madonna-di-campiglio\/","url":"https:\/\/weather-radar-live.com\/es\/webcam\/italia\/webcam-madonna-di-campiglio\/","name":"Webcam Madonna di Campiglio \u2192 \u00a1M\u00edralo en directo!","isPartOf":{"@id":"https:\/\/weather-radar-live.com\/#website"},"primaryImageOfPage":{"@id":"https:\/\/weather-radar-live.com\/es\/webcam\/italia\/webcam-madonna-di-campiglio\/#primaryimage"},"image":{"@id":"https:\/\/weather-radar-live.com\/es\/webcam\/italia\/webcam-madonna-di-campiglio\/#primaryimage"},"thumbnailUrl":"https:\/\/weather-radar-live.com\/wp-content\/uploads\/2022\/08\/Webcam-Madonna-di-Campiglio-e1661500782182.jpg","datePublished":"2022-08-26T21:16:27+00:00","dateModified":"2022-08-26T21:18:10+00:00","description":"Webcam Madonna di Campiglio | \u00a1Livecam de Madonna di Campiglio! \u2705 \u00a1Actualizada para ti en tiempo real! \u2705 \u00a1Previsi\u00f3n meteorol\u00f3gica actual!","breadcrumb":{"@id":"https:\/\/weather-radar-live.com\/es\/webcam\/italia\/webcam-madonna-di-campiglio\/#breadcrumb"},"inLanguage":"es","potentialAction":[{"@type":"ReadAction","target":["https:\/\/weather-radar-live.com\/es\/webcam\/italia\/webcam-madonna-di-campiglio\/"]}]},{"@type":"ImageObject","inLanguage":"es","@id":"https:\/\/weather-radar-live.com\/es\/webcam\/italia\/webcam-madonna-di-campiglio\/#primaryimage","url":"https:\/\/weather-radar-live.com\/wp-content\/uploads\/2022\/08\/Webcam-Madonna-di-Campiglio-e1661500782182.jpg","contentUrl":"https:\/\/weather-radar-live.com\/wp-content\/uploads\/2022\/08\/Webcam-Madonna-di-Campiglio-e1661500782182.jpg","width":1908,"height":722,"caption":"Webcam Madonna di Campiglio"},{"@type":"BreadcrumbList","@id":"https:\/\/weather-radar-live.com\/es\/webcam\/italia\/webcam-madonna-di-campiglio\/#breadcrumb","itemListElement":[{"@type":"ListItem","position":1,"name":"Weather Radar Live","item":"https:\/\/weather-radar-live.com\/es\/"},{"@type":"ListItem","position":2,"name":"C\u00e1mara web","item":"https:\/\/weather-radar-live.com\/es\/webcam\/"},{"@type":"ListItem","position":3,"name":"Italia","item":"https:\/\/weather-radar-live.com\/es\/webcam\/italia\/"},{"@type":"ListItem","position":4,"name":"Webcam Madonna di Campiglio"}]},{"@type":"WebSite","@id":"https:\/\/weather-radar-live.com\/#website","url":"https:\/\/weather-radar-live.com\/","name":"weather-radar-live.com","description":"Your weather and sky radar.","publisher":{"@id":"https:\/\/weather-radar-live.com\/#organization"},"potentialAction":[{"@type":"SearchAction","target":{"@type":"EntryPoint","urlTemplate":"https:\/\/weather-radar-live.com\/?s={search_term_string}"},"query-input":{"@type":"PropertyValueSpecification","valueRequired":true,"valueName":"search_term_string"}}],"inLanguage":"es"},{"@type":"Organization","@id":"https:\/\/weather-radar-live.com\/#organization","name":"weather-radar-live.com","url":"https:\/\/weather-radar-live.com\/","logo":{"@type":"ImageObject","inLanguage":"es","@id":"https:\/\/weather-radar-live.com\/#\/schema\/logo\/image\/","url":"https:\/\/weather-radar-live.com\/wp-content\/uploads\/2022\/03\/cropped-WRL2503.png","contentUrl":"https:\/\/weather-radar-live.com\/wp-content\/uploads\/2022\/03\/cropped-WRL2503.png","width":1920,"height":555,"caption":"weather-radar-live.com"},"image":{"@id":"https:\/\/weather-radar-live.com\/#\/schema\/logo\/image\/"}}]}},"_links":{"self":[{"href":"https:\/\/weather-radar-live.com\/es\/wp-json\/wp\/v2\/pages\/7416","targetHints":{"allow":["GET"]}}],"collection":[{"href":"https:\/\/weather-radar-live.com\/es\/wp-json\/wp\/v2\/pages"}],"about":[{"href":"https:\/\/weather-radar-live.com\/es\/wp-json\/wp\/v2\/types\/page"}],"author":[{"embeddable":true,"href":"https:\/\/weather-radar-live.com\/es\/wp-json\/wp\/v2\/users\/1"}],"replies":[{"embeddable":true,"href":"https:\/\/weather-radar-live.com\/es\/wp-json\/wp\/v2\/comments?post=7416"}],"version-history":[{"count":2,"href":"https:\/\/weather-radar-live.com\/es\/wp-json\/wp\/v2\/pages\/7416\/revisions"}],"predecessor-version":[{"id":7438,"href":"https:\/\/weather-radar-live.com\/es\/wp-json\/wp\/v2\/pages\/7416\/revisions\/7438"}],"up":[{"embeddable":true,"href":"https:\/\/weather-radar-live.com\/es\/wp-json\/wp\/v2\/pages\/4313"}],"wp:featuredmedia":[{"embeddable":true,"href":"https:\/\/weather-radar-live.com\/es\/wp-json\/wp\/v2\/media\/7406"}],"wp:attachment":[{"href":"https:\/\/weather-radar-live.com\/es\/wp-json\/wp\/v2\/media?parent=7416"}],"curies":[{"name":"wp","href":"https:\/\/api.w.org\/{rel}","templated":true}]}}