{"id":7046,"date":"2022-08-24T20:49:36","date_gmt":"2022-08-24T18:49:36","guid":{"rendered":"https:\/\/weather-radar-live.com\/?page_id=7046"},"modified":"2022-08-24T20:54:00","modified_gmt":"2022-08-24T18:54:00","slug":"webcam-cerreto-laghi","status":"publish","type":"page","link":"https:\/\/weather-radar-live.com\/es\/webcam\/italia\/webcam-cerreto-laghi\/","title":{"rendered":"Webcam Cerreto Laghi"},"content":{"rendered":"<div id=\"weath-1007411844\" class=\"weath-vor-dem-inhalt weath-entity-placement\" style=\"margin-top: 15px;margin-right: 25px;margin-bottom: 40px;margin-left: 25px;\"><script async src=\"\/\/pagead2.googlesyndication.com\/pagead\/js\/adsbygoogle.js?client=ca-pub-8960936133935804\" crossorigin=\"anonymous\"><\/script><ins class=\"adsbygoogle\" style=\"display:block;\" data-ad-client=\"ca-pub-8960936133935804\" \ndata-ad-slot=\"6172817020\" \ndata-ad-format=\"auto\"><\/ins>\n<script> \n(adsbygoogle = window.adsbygoogle || []).push({}); \n<\/script>\n<\/div>\n<div class=\"wp-block-cover alignfull is-light\"><span aria-hidden=\"true\" class=\"wp-block-cover__gradient-background has-background-dim\"><\/span><img decoding=\"async\" class=\"wp-block-cover__image-background wp-image-342\" alt=\"Webcam Cerreto Laghi\" src=\"https:\/\/weather-radar-live.com\/wp-content\/uploads\/2021\/06\/sam-schooler-E9aetBe2w40-unsplash-e1622554814366.jpg\" data-object-fit=\"cover\"\/><div class=\"wp-block-cover__inner-container is-layout-flow wp-block-cover-is-layout-flow\">\n<h2 class=\"has-text-align-center heading wp-block-heading\" id=\"webcam-fort-mahon\" style=\"font-size:40px;text-transform:uppercase\"><strong><mark style=\"background-color:rgba(0, 0, 0, 0)\" class=\"has-inline-color has-base-3-color\">WEBCAM <\/mark><\/strong><br><strong><mark style=\"background-color:rgba(0, 0, 0, 0)\" class=\"has-inline-color has-base-3-color\">CERRETO LAGHI<\/mark><\/strong><\/h2>\n<\/div><\/div>\n\n\n<div class=\"yoast-breadcrumbs\"><span><span><a href=\"https:\/\/weather-radar-live.com\/es\/\">Weather Radar Live<\/a><\/span> \u00bb <span><a href=\"https:\/\/weather-radar-live.com\/es\/webcam\/\">C\u00e1mara web<\/a><\/span> \u00bb <span><a href=\"https:\/\/weather-radar-live.com\/es\/webcam\/italia\/\">Italia<\/a><\/span> \u00bb <span class=\"breadcrumb_last\" aria-current=\"page\"><strong>Webcam Cerreto Laghi<\/strong><\/span><\/span><\/div>\n\n\n<h2 class=\"has-text-align-center wp-block-heading\" id=\"webcam-fort-mahon\"><strong>Webcam Cerreto Laghi<\/strong><\/h2>\n\n\n\n<p>La webcam Cerreto Laghi le ofrece la oportunidad de observar en todo momento la impresionante estaci\u00f3n de esqu\u00ed de la provincia italiana de Reggio Emilia. La zona de deportes de invierno, situada a una altitud de entre 1.350 y 1.831 metros sobre el nivel del mar, est\u00e1 equipada con un total de cinco remontes, telesillas y ascensores de superficie. Hay un total de 9,2 kil\u00f3metros de pistas disponibles para el esqu\u00ed y el snowboard. A trav\u00e9s de la c\u00e1mara web de Cerreto Laghi, podr\u00e1 observar a los entusiastas de los deportes de invierno en la r\u00e1faga de nieve e inspirarse para sus propias vacaciones de esqu\u00ed.<\/p>\n\n\n\n<p>Situada en el norte de Italia, la provincia de Reggio Emilia, cuya capital es Reggio nell&#8217;Emilia, est\u00e1 delimitada por el r\u00edo Po al norte y la cresta de una cadena monta\u00f1osa, los Apeninos, al sur. Reggio Emilia limita con Parma al este y con M\u00f3dena al oeste. En Reggio Emilia hay varias estaciones de esqu\u00ed, as\u00ed como Cerreto Laghi, que es dif\u00edcil de superar por su belleza. Los meses en los que siempre hay nieve en Cerreto Laghi son de noviembre a marzo. En los dem\u00e1s meses, le esperan soleados pastos alpinos e impresionantes macizos rocosos. Cerreto Laghi cuenta con un total de 10 pistas de esqu\u00ed. De ellas, el 10% son pistas verdes y azules, el 50% rojas y el 30% negras. La pista m\u00e1s larga tiene siete kil\u00f3metros y el \u00e1rea total esquiable es de 15 kil\u00f3metros. Adem\u00e1s, hay m\u00e1s de cuatro kil\u00f3metros de ca\u00f1ones de esqu\u00ed.<\/p><div id=\"weath-1001954707\" class=\"weath-inhalt_2 weath-entity-placement\" style=\"margin-top: 15px;margin-right: 25px;margin-bottom: 35px;margin-left: 25px;\"><script async src=\"\/\/pagead2.googlesyndication.com\/pagead\/js\/adsbygoogle.js?client=ca-pub-8960936133935804\" crossorigin=\"anonymous\"><\/script><ins class=\"adsbygoogle\" style=\"display:block;\" data-ad-client=\"ca-pub-8960936133935804\" \ndata-ad-slot=\"1963584050\" \ndata-ad-format=\"auto\"><\/ins>\n<script> \n(adsbygoogle = window.adsbygoogle || []).push({}); \n<\/script>\n<\/div>\n\n\n\n<div class=\"wp-block-columns is-layout-flex wp-container-core-columns-is-layout-9d6595d7 wp-block-columns-is-layout-flex\">\n<div class=\"wp-block-column webcam-column is-layout-flow wp-block-column-is-layout-flow\">\n<h3 class=\"has-text-align-center wp-block-heading\"> \ud83d\udd34 <strong>Webcam<\/strong> <strong><strong><strong>Cerreto Laghi<\/strong><\/strong><\/strong> &#8211; Lago de Cerretano<\/h3>\n\n\n\n<a name=\"windy-webcam-timelapse-player\" data-id=\"1330696185\" data-play=\"day\" href=\"https:\/\/windy.com\/webcams\/1330696185\" target=\"_blank\" rel=\"noopener\">Ventasso: Cerreto Laghi<\/a><script async=\"\" type=\"text\/javascript\" src=\"https:\/\/webcams.windy.com\/webcams\/public\/embed\/script\/player.js\"><\/script>\n<\/div>\n\n\n\n<div class=\"wp-block-column webcam-column is-layout-flow wp-block-column-is-layout-flow\">\n<h3 class=\"has-text-align-center wp-block-heading\"> \ud83d\udd34 <strong>Webcam <strong><strong>Cerreto Lag<\/strong><\/strong>hi<\/strong> &#8211; Monte La Nuda<\/h3>\n\n\n\n<a name=\"windy-webcam-timelapse-player\" data-id=\"1327598511\" data-play=\"day\" href=\"https:\/\/windy.com\/webcams\/1327598511\" target=\"_blank\" rel=\"noopener\">Ventasso: Passo del Cerreto &#8211; monte La Nuda<\/a><script async=\"\" type=\"text\/javascript\" src=\"https:\/\/webcams.windy.com\/webcams\/public\/embed\/script\/player.js\"><\/script>\n<\/div>\n<\/div>\n\n\n\n<div class=\"wp-block-columns is-layout-flex wp-container-core-columns-is-layout-9d6595d7 wp-block-columns-is-layout-flex\">\n<div class=\"wp-block-column is-layout-flow wp-block-column-is-layout-flow\" style=\"flex-basis:25%\"><\/div>\n\n\n\n<div class=\"wp-block-column webcam-column is-layout-flow wp-block-column-is-layout-flow\">\n<h3 class=\"has-text-align-center wp-block-heading\"> \ud83d\udd34 <strong>Webcam Cerreto Laghi <\/strong>&#8211; Centro<\/h3>\n\n\n\n<a name=\"windy-webcam-timelapse-player\" data-id=\"1330517451\" data-play=\"day\" href=\"https:\/\/windy.com\/webcams\/1330517451\" target=\"_blank\" rel=\"noopener\">Ventasso: Cerreto Laghi Centro &#8211; 1.350 mslm<\/a><script async=\"\" type=\"text\/javascript\" src=\"https:\/\/webcams.windy.com\/webcams\/public\/embed\/script\/player.js\"><\/script>\n<\/div>\n\n\n\n<div class=\"wp-block-column is-layout-flow wp-block-column-is-layout-flow\" style=\"flex-basis:25%\"><\/div>\n<\/div>\n\n\n\n<h2 class=\"wp-block-heading\" id=\"fort-mahon-today\"><strong>Radar meteorol\u00f3gico Cerreto Laghi &#8211; El tiempo en Cerreto Laghi<\/strong><\/h2>\n\n\n\n<p>Nuestra webcam Cerreto Laghi le da una impresi\u00f3n de las condiciones meteorol\u00f3gicas en la estaci\u00f3n de esqu\u00ed. Podr\u00e1 ver en tiempo real si est\u00e1 lloviendo, nevando o si brilla el sol. Pero le ofrecemos a\u00fan m\u00e1s con nuestro radar meteorol\u00f3gico. El radar meteorol\u00f3gico le ofrece una visi\u00f3n de las precipitaciones, as\u00ed como la previsi\u00f3n del tiempo y las condiciones del viento en los alrededores de Cerreto Laghi. Seg\u00fan el color puede ver la intensidad de las precipitaciones. El verde y el azul indican poca precipitaci\u00f3n, el rojo y el p\u00farpura indican una gran cantidad de precipitaciones.<\/p>\n\n\n\n<div class=\"wp-block-columns is-layout-flex wp-container-core-columns-is-layout-9d6595d7 wp-block-columns-is-layout-flex\">\n<div class=\"wp-block-column is-layout-flow wp-block-column-is-layout-flow\" style=\"flex-basis:75%\">\n<iframe loading=\"lazy\" width=\"1300\" height=\"502\" src=\"https:\/\/embed.windy.com\/embed2.html?lat=44.298&amp;lon=10.238&amp;detailLat=44.298&amp;detailLon=10.238&amp;width=1300&amp;height=502&amp;zoom=11&amp;level=surface&amp;overlay=rain&amp;product=ecmwf&amp;menu=&amp;message=&amp;marker=&amp;calendar=now&amp;pressure=&amp;type=map&amp;location=coordinates&amp;detail=&amp;metricWind=default&amp;metricTemp=default&amp;radarRange=-1\" frameborder=\"0\"><\/iframe>\n<\/div>\n\n\n\n<div class=\"wp-block-column is-layout-flow wp-block-column-is-layout-flow\" style=\"flex-basis:25%\">\n<a class=\"weatherwidget-io\" href=\"https:\/\/forecast7.com\/es\/44d3010d24\/cerreto-laghi\/\" data-label_1=\"CERRETO LAGHI\" data-theme=\"original\" >CERRETO LAGHI<\/a>\n<script>\n!function(d,s,id){var js,fjs=d.getElementsByTagName(s)[0];if(!d.getElementById(id)){js=d.createElement(s);js.id=id;js.src='https:\/\/weatherwidget.io\/js\/widget.min.js';fjs.parentNode.insertBefore(js,fjs);}}(document,'script','weatherwidget-io-js');\n<\/script>\n<\/div>\n<\/div>\n\n\n\n<h2 class=\"wp-block-heading\" id=\"fort-mahon-weather\"><strong>El clima en Cerreto Laghi<\/strong><\/h2>\n\n\n\n<p>Las temperaturas en la estaci\u00f3n de esqu\u00ed de Cerreto Laghi oscilan entre -4 y 2 \u00b0C en enero y entre 12 y 21 \u00b0C en julio\/agosto. La velocidad del viento predominante en Cerreto Laghi, a pesar de la altitud, es m\u00ednima y normalmente no supera los 19 km\/h. Debido a su posici\u00f3n expuesta, el viento sopla exclusivamente en direcci\u00f3n noreste y suroeste. Los d\u00edas soleados y los d\u00edas de precipitaciones (nieve) se equilibran durante la temporada de esqu\u00ed.<\/p>\n\n\n\n<h2 class=\"wp-block-heading\"><strong>Atracciones en Cerreto Laghi<\/strong><\/h2>\n\n\n\n<p>Por supuesto, Cerreto Laghi est\u00e1 predestinado a las vacaciones de esqu\u00ed y est\u00e1 orientado principalmente a ellas. Si visita la regi\u00f3n durante los meses de verano, deber\u00eda visitar el Percorso arancio. El sendero es perfecto para el ciclismo de monta\u00f1a y ofrece rutas f\u00e1ciles y dif\u00edciles. Tambi\u00e9n puede disfrutar del rom\u00e1ntico Lago Calamone, un lago que no olvidar\u00e1. \u00bfO quiz\u00e1s quiera desahogarse en un parque de escalada? Tambi\u00e9n para esto encontrar\u00e1 el lugar perfecto cerca de Cerreto Laghi. El Parco Avventura Cerwood es un fabuloso circuito de cuerdas altas que hace las delicias de grandes y peque\u00f1os.<\/p>\n","protected":false},"excerpt":{"rendered":"<p>Webcam Cerreto Laghi La webcam Cerreto Laghi le ofrece la oportunidad de observar en todo momento la impresionante estaci\u00f3n de esqu\u00ed de la provincia italiana de Reggio Emilia. La zona de deportes de invierno, situada a una altitud de entre 1.350 y 1.831 metros sobre el nivel del mar, est\u00e1 equipada con un total de &#8230; <a title=\"Webcam Cerreto Laghi\" class=\"read-more\" href=\"https:\/\/weather-radar-live.com\/es\/webcam\/italia\/webcam-cerreto-laghi\/\" aria-label=\"Leer m\u00e1s sobre Webcam Cerreto Laghi\">Leer m\u00e1s<\/a><\/p>\n","protected":false},"author":1,"featured_media":6964,"parent":4313,"menu_order":0,"comment_status":"closed","ping_status":"closed","template":"","meta":{"footnotes":""},"class_list":["post-7046","page","type-page","status-publish","has-post-thumbnail"],"yoast_head":"<!-- This site is optimized with the Yoast SEO plugin v27.5 - https:\/\/yoast.com\/product\/yoast-seo-wordpress\/ -->\n<title>Webcam Cerreto Laghi \u2192 \u00a1M\u00edralo en directo!<\/title>\n<meta name=\"description\" content=\"Webcam Cerreto Laghi | \u00a1Livecam de Cerreto Laghi! \u2705 \u00a1Actualizada para ti en tiempo real! \u2705 \u00a1Previsi\u00f3n meteorol\u00f3gica actual!\" \/>\n<meta name=\"robots\" content=\"index, follow, max-snippet:-1, max-image-preview:large, max-video-preview:-1\" \/>\n<link rel=\"canonical\" href=\"https:\/\/weather-radar-live.com\/es\/webcam\/italia\/webcam-cerreto-laghi\/\" \/>\n<meta property=\"og:locale\" content=\"es_ES\" \/>\n<meta property=\"og:type\" content=\"article\" \/>\n<meta property=\"og:title\" content=\"Webcam Cerreto Laghi \u2192 \u00a1M\u00edralo en directo!\" \/>\n<meta property=\"og:description\" content=\"Webcam Cerreto Laghi | \u00a1Livecam de Cerreto Laghi! \u2705 \u00a1Actualizada para ti en tiempo real! \u2705 \u00a1Previsi\u00f3n meteorol\u00f3gica actual!\" \/>\n<meta property=\"og:url\" content=\"https:\/\/weather-radar-live.com\/es\/webcam\/italia\/webcam-cerreto-laghi\/\" \/>\n<meta property=\"og:site_name\" content=\"weather-radar-live.com\" \/>\n<meta property=\"article:modified_time\" content=\"2022-08-24T18:54:00+00:00\" \/>\n<meta property=\"og:image\" content=\"https:\/\/weather-radar-live.com\/wp-content\/uploads\/2022\/08\/Webcam-Cerreto-Laghi-e1661336154284.jpg\" \/>\n\t<meta property=\"og:image:width\" content=\"1896\" \/>\n\t<meta property=\"og:image:height\" content=\"847\" \/>\n\t<meta property=\"og:image:type\" content=\"image\/jpeg\" \/>\n<meta name=\"twitter:card\" content=\"summary_large_image\" \/>\n<meta name=\"twitter:label1\" content=\"Tiempo de lectura\" \/>\n\t<meta name=\"twitter:data1\" content=\"3 minutos\" \/>\n<script type=\"application\/ld+json\" class=\"yoast-schema-graph\">{\"@context\":\"https:\\\/\\\/schema.org\",\"@graph\":[{\"@type\":\"WebPage\",\"@id\":\"https:\\\/\\\/weather-radar-live.com\\\/es\\\/webcam\\\/italia\\\/webcam-cerreto-laghi\\\/\",\"url\":\"https:\\\/\\\/weather-radar-live.com\\\/es\\\/webcam\\\/italia\\\/webcam-cerreto-laghi\\\/\",\"name\":\"Webcam Cerreto Laghi \u2192 \u00a1M\u00edralo en directo!\",\"isPartOf\":{\"@id\":\"https:\\\/\\\/weather-radar-live.com\\\/#website\"},\"primaryImageOfPage\":{\"@id\":\"https:\\\/\\\/weather-radar-live.com\\\/es\\\/webcam\\\/italia\\\/webcam-cerreto-laghi\\\/#primaryimage\"},\"image\":{\"@id\":\"https:\\\/\\\/weather-radar-live.com\\\/es\\\/webcam\\\/italia\\\/webcam-cerreto-laghi\\\/#primaryimage\"},\"thumbnailUrl\":\"https:\\\/\\\/weather-radar-live.com\\\/wp-content\\\/uploads\\\/2022\\\/08\\\/Webcam-Cerreto-Laghi-e1661336154284.jpg\",\"datePublished\":\"2022-08-24T18:49:36+00:00\",\"dateModified\":\"2022-08-24T18:54:00+00:00\",\"description\":\"Webcam Cerreto Laghi | \u00a1Livecam de Cerreto Laghi! \u2705 \u00a1Actualizada para ti en tiempo real! \u2705 \u00a1Previsi\u00f3n meteorol\u00f3gica actual!\",\"breadcrumb\":{\"@id\":\"https:\\\/\\\/weather-radar-live.com\\\/es\\\/webcam\\\/italia\\\/webcam-cerreto-laghi\\\/#breadcrumb\"},\"inLanguage\":\"es\",\"potentialAction\":[{\"@type\":\"ReadAction\",\"target\":[\"https:\\\/\\\/weather-radar-live.com\\\/es\\\/webcam\\\/italia\\\/webcam-cerreto-laghi\\\/\"]}]},{\"@type\":\"ImageObject\",\"inLanguage\":\"es\",\"@id\":\"https:\\\/\\\/weather-radar-live.com\\\/es\\\/webcam\\\/italia\\\/webcam-cerreto-laghi\\\/#primaryimage\",\"url\":\"https:\\\/\\\/weather-radar-live.com\\\/wp-content\\\/uploads\\\/2022\\\/08\\\/Webcam-Cerreto-Laghi-e1661336154284.jpg\",\"contentUrl\":\"https:\\\/\\\/weather-radar-live.com\\\/wp-content\\\/uploads\\\/2022\\\/08\\\/Webcam-Cerreto-Laghi-e1661336154284.jpg\",\"width\":1896,\"height\":847,\"caption\":\"Webcam Cerreto Laghi\"},{\"@type\":\"BreadcrumbList\",\"@id\":\"https:\\\/\\\/weather-radar-live.com\\\/es\\\/webcam\\\/italia\\\/webcam-cerreto-laghi\\\/#breadcrumb\",\"itemListElement\":[{\"@type\":\"ListItem\",\"position\":1,\"name\":\"Weather Radar Live\",\"item\":\"https:\\\/\\\/weather-radar-live.com\\\/es\\\/\"},{\"@type\":\"ListItem\",\"position\":2,\"name\":\"C\u00e1mara web\",\"item\":\"https:\\\/\\\/weather-radar-live.com\\\/es\\\/webcam\\\/\"},{\"@type\":\"ListItem\",\"position\":3,\"name\":\"Italia\",\"item\":\"https:\\\/\\\/weather-radar-live.com\\\/es\\\/webcam\\\/italia\\\/\"},{\"@type\":\"ListItem\",\"position\":4,\"name\":\"Webcam Cerreto Laghi\"}]},{\"@type\":\"WebSite\",\"@id\":\"https:\\\/\\\/weather-radar-live.com\\\/#website\",\"url\":\"https:\\\/\\\/weather-radar-live.com\\\/\",\"name\":\"weather-radar-live.com\",\"description\":\"Your weather and sky radar.\",\"publisher\":{\"@id\":\"https:\\\/\\\/weather-radar-live.com\\\/#organization\"},\"potentialAction\":[{\"@type\":\"SearchAction\",\"target\":{\"@type\":\"EntryPoint\",\"urlTemplate\":\"https:\\\/\\\/weather-radar-live.com\\\/?s={search_term_string}\"},\"query-input\":{\"@type\":\"PropertyValueSpecification\",\"valueRequired\":true,\"valueName\":\"search_term_string\"}}],\"inLanguage\":\"es\"},{\"@type\":\"Organization\",\"@id\":\"https:\\\/\\\/weather-radar-live.com\\\/#organization\",\"name\":\"weather-radar-live.com\",\"url\":\"https:\\\/\\\/weather-radar-live.com\\\/\",\"logo\":{\"@type\":\"ImageObject\",\"inLanguage\":\"es\",\"@id\":\"https:\\\/\\\/weather-radar-live.com\\\/#\\\/schema\\\/logo\\\/image\\\/\",\"url\":\"https:\\\/\\\/weather-radar-live.com\\\/wp-content\\\/uploads\\\/2022\\\/03\\\/cropped-WRL2503.png\",\"contentUrl\":\"https:\\\/\\\/weather-radar-live.com\\\/wp-content\\\/uploads\\\/2022\\\/03\\\/cropped-WRL2503.png\",\"width\":1920,\"height\":555,\"caption\":\"weather-radar-live.com\"},\"image\":{\"@id\":\"https:\\\/\\\/weather-radar-live.com\\\/#\\\/schema\\\/logo\\\/image\\\/\"}}]}<\/script>\n<!-- \/ Yoast SEO plugin. -->","yoast_head_json":{"title":"Webcam Cerreto Laghi \u2192 \u00a1M\u00edralo en directo!","description":"Webcam Cerreto Laghi | \u00a1Livecam de Cerreto Laghi! \u2705 \u00a1Actualizada para ti en tiempo real! \u2705 \u00a1Previsi\u00f3n meteorol\u00f3gica actual!","robots":{"index":"index","follow":"follow","max-snippet":"max-snippet:-1","max-image-preview":"max-image-preview:large","max-video-preview":"max-video-preview:-1"},"canonical":"https:\/\/weather-radar-live.com\/es\/webcam\/italia\/webcam-cerreto-laghi\/","og_locale":"es_ES","og_type":"article","og_title":"Webcam Cerreto Laghi \u2192 \u00a1M\u00edralo en directo!","og_description":"Webcam Cerreto Laghi | \u00a1Livecam de Cerreto Laghi! \u2705 \u00a1Actualizada para ti en tiempo real! \u2705 \u00a1Previsi\u00f3n meteorol\u00f3gica actual!","og_url":"https:\/\/weather-radar-live.com\/es\/webcam\/italia\/webcam-cerreto-laghi\/","og_site_name":"weather-radar-live.com","article_modified_time":"2022-08-24T18:54:00+00:00","og_image":[{"width":1896,"height":847,"url":"https:\/\/weather-radar-live.com\/wp-content\/uploads\/2022\/08\/Webcam-Cerreto-Laghi-e1661336154284.jpg","type":"image\/jpeg"}],"twitter_card":"summary_large_image","twitter_misc":{"Tiempo de lectura":"3 minutos"},"schema":{"@context":"https:\/\/schema.org","@graph":[{"@type":"WebPage","@id":"https:\/\/weather-radar-live.com\/es\/webcam\/italia\/webcam-cerreto-laghi\/","url":"https:\/\/weather-radar-live.com\/es\/webcam\/italia\/webcam-cerreto-laghi\/","name":"Webcam Cerreto Laghi \u2192 \u00a1M\u00edralo en directo!","isPartOf":{"@id":"https:\/\/weather-radar-live.com\/#website"},"primaryImageOfPage":{"@id":"https:\/\/weather-radar-live.com\/es\/webcam\/italia\/webcam-cerreto-laghi\/#primaryimage"},"image":{"@id":"https:\/\/weather-radar-live.com\/es\/webcam\/italia\/webcam-cerreto-laghi\/#primaryimage"},"thumbnailUrl":"https:\/\/weather-radar-live.com\/wp-content\/uploads\/2022\/08\/Webcam-Cerreto-Laghi-e1661336154284.jpg","datePublished":"2022-08-24T18:49:36+00:00","dateModified":"2022-08-24T18:54:00+00:00","description":"Webcam Cerreto Laghi | \u00a1Livecam de Cerreto Laghi! \u2705 \u00a1Actualizada para ti en tiempo real! \u2705 \u00a1Previsi\u00f3n meteorol\u00f3gica actual!","breadcrumb":{"@id":"https:\/\/weather-radar-live.com\/es\/webcam\/italia\/webcam-cerreto-laghi\/#breadcrumb"},"inLanguage":"es","potentialAction":[{"@type":"ReadAction","target":["https:\/\/weather-radar-live.com\/es\/webcam\/italia\/webcam-cerreto-laghi\/"]}]},{"@type":"ImageObject","inLanguage":"es","@id":"https:\/\/weather-radar-live.com\/es\/webcam\/italia\/webcam-cerreto-laghi\/#primaryimage","url":"https:\/\/weather-radar-live.com\/wp-content\/uploads\/2022\/08\/Webcam-Cerreto-Laghi-e1661336154284.jpg","contentUrl":"https:\/\/weather-radar-live.com\/wp-content\/uploads\/2022\/08\/Webcam-Cerreto-Laghi-e1661336154284.jpg","width":1896,"height":847,"caption":"Webcam Cerreto Laghi"},{"@type":"BreadcrumbList","@id":"https:\/\/weather-radar-live.com\/es\/webcam\/italia\/webcam-cerreto-laghi\/#breadcrumb","itemListElement":[{"@type":"ListItem","position":1,"name":"Weather Radar Live","item":"https:\/\/weather-radar-live.com\/es\/"},{"@type":"ListItem","position":2,"name":"C\u00e1mara web","item":"https:\/\/weather-radar-live.com\/es\/webcam\/"},{"@type":"ListItem","position":3,"name":"Italia","item":"https:\/\/weather-radar-live.com\/es\/webcam\/italia\/"},{"@type":"ListItem","position":4,"name":"Webcam Cerreto Laghi"}]},{"@type":"WebSite","@id":"https:\/\/weather-radar-live.com\/#website","url":"https:\/\/weather-radar-live.com\/","name":"weather-radar-live.com","description":"Your weather and sky radar.","publisher":{"@id":"https:\/\/weather-radar-live.com\/#organization"},"potentialAction":[{"@type":"SearchAction","target":{"@type":"EntryPoint","urlTemplate":"https:\/\/weather-radar-live.com\/?s={search_term_string}"},"query-input":{"@type":"PropertyValueSpecification","valueRequired":true,"valueName":"search_term_string"}}],"inLanguage":"es"},{"@type":"Organization","@id":"https:\/\/weather-radar-live.com\/#organization","name":"weather-radar-live.com","url":"https:\/\/weather-radar-live.com\/","logo":{"@type":"ImageObject","inLanguage":"es","@id":"https:\/\/weather-radar-live.com\/#\/schema\/logo\/image\/","url":"https:\/\/weather-radar-live.com\/wp-content\/uploads\/2022\/03\/cropped-WRL2503.png","contentUrl":"https:\/\/weather-radar-live.com\/wp-content\/uploads\/2022\/03\/cropped-WRL2503.png","width":1920,"height":555,"caption":"weather-radar-live.com"},"image":{"@id":"https:\/\/weather-radar-live.com\/#\/schema\/logo\/image\/"}}]}},"_links":{"self":[{"href":"https:\/\/weather-radar-live.com\/es\/wp-json\/wp\/v2\/pages\/7046","targetHints":{"allow":["GET"]}}],"collection":[{"href":"https:\/\/weather-radar-live.com\/es\/wp-json\/wp\/v2\/pages"}],"about":[{"href":"https:\/\/weather-radar-live.com\/es\/wp-json\/wp\/v2\/types\/page"}],"author":[{"embeddable":true,"href":"https:\/\/weather-radar-live.com\/es\/wp-json\/wp\/v2\/users\/1"}],"replies":[{"embeddable":true,"href":"https:\/\/weather-radar-live.com\/es\/wp-json\/wp\/v2\/comments?post=7046"}],"version-history":[{"count":2,"href":"https:\/\/weather-radar-live.com\/es\/wp-json\/wp\/v2\/pages\/7046\/revisions"}],"predecessor-version":[{"id":7071,"href":"https:\/\/weather-radar-live.com\/es\/wp-json\/wp\/v2\/pages\/7046\/revisions\/7071"}],"up":[{"embeddable":true,"href":"https:\/\/weather-radar-live.com\/es\/wp-json\/wp\/v2\/pages\/4313"}],"wp:featuredmedia":[{"embeddable":true,"href":"https:\/\/weather-radar-live.com\/es\/wp-json\/wp\/v2\/media\/6964"}],"wp:attachment":[{"href":"https:\/\/weather-radar-live.com\/es\/wp-json\/wp\/v2\/media?parent=7046"}],"curies":[{"name":"wp","href":"https:\/\/api.w.org\/{rel}","templated":true}]}}