{"id":6766,"date":"2022-08-15T16:14:10","date_gmt":"2022-08-15T14:14:10","guid":{"rendered":"https:\/\/weather-radar-live.com\/?page_id=6766"},"modified":"2022-08-15T16:17:49","modified_gmt":"2022-08-15T14:17:49","slug":"webcam-venezia","status":"publish","type":"page","link":"https:\/\/weather-radar-live.com\/es\/webcam\/italia\/webcam-venezia\/","title":{"rendered":"Webcam Venezia"},"content":{"rendered":"<div id=\"weath-1980298731\" class=\"weath-vor-dem-inhalt weath-entity-placement\" style=\"margin-top: 15px;margin-right: 25px;margin-bottom: 40px;margin-left: 25px;\"><script async src=\"\/\/pagead2.googlesyndication.com\/pagead\/js\/adsbygoogle.js?client=ca-pub-8960936133935804\" crossorigin=\"anonymous\"><\/script><ins class=\"adsbygoogle\" style=\"display:block;\" data-ad-client=\"ca-pub-8960936133935804\" \ndata-ad-slot=\"6172817020\" \ndata-ad-format=\"auto\"><\/ins>\n<script> \n(adsbygoogle = window.adsbygoogle || []).push({}); \n<\/script>\n<\/div>\n<div class=\"wp-block-cover alignfull is-light\"><span aria-hidden=\"true\" class=\"wp-block-cover__gradient-background has-background-dim\"><\/span><img decoding=\"async\" class=\"wp-block-cover__image-background wp-image-342\" alt=\"Webcam Venezia\" src=\"https:\/\/weather-radar-live.com\/wp-content\/uploads\/2021\/06\/sam-schooler-E9aetBe2w40-unsplash-e1622554814366.jpg\" data-object-fit=\"cover\"\/><div class=\"wp-block-cover__inner-container is-layout-flow wp-block-cover-is-layout-flow\">\n<h2 class=\"has-text-align-center heading wp-block-heading\" id=\"webcam-fort-mahon\" style=\"font-size:40px\"><strong><mark style=\"background-color:rgba(0, 0, 0, 0)\" class=\"has-inline-color has-base-3-color\">WEBCAM <\/mark><\/strong><br><strong><mark style=\"background-color:rgba(0, 0, 0, 0)\" class=\"has-inline-color has-base-3-color\">VENEZIA<\/mark><\/strong><\/h2>\n<\/div><\/div>\n\n\n<div class=\"yoast-breadcrumbs\"><span><span><a href=\"https:\/\/weather-radar-live.com\/es\/\">Weather Radar Live<\/a><\/span> \u00bb <span><a href=\"https:\/\/weather-radar-live.com\/es\/webcam\/\">C\u00e1mara web<\/a><\/span> \u00bb <span><a href=\"https:\/\/weather-radar-live.com\/es\/webcam\/italia\/\">Italia<\/a><\/span> \u00bb <span class=\"breadcrumb_last\" aria-current=\"page\"><strong>Webcam Venezia<\/strong><\/span><\/span><\/div>\n\n\n<h2 class=\"has-text-align-center wp-block-heading\" id=\"webcam-fort-mahon\"><strong>Webcam Venezia<\/strong><\/h2>\n\n\n\n<p>Con nuestra webcam Venezia le damos la bienvenida durante su estancia en la mundialmente famosa ciudad de la laguna. Probablemente ya se ha dicho todo sobre Venecia, pero su belleza \u00fanica, con sus palacios, puentes y canales, sigue atrayendo a\u00f1o tras a\u00f1o a innumerables visitantes, que acuden a ver la Plaza de San Marcos con la Bas\u00edlica de San Marcos, el Campanile y el Palacio Ducal, el Puente de Rialto y el Puente de los Suspiros o las islas de Burano y Murano. Hoy en d\u00eda, s\u00f3lo unos 55.000 habitantes viven en el casco antiguo de Venecia, con una tendencia a la baja. Muchos habitantes se trasladan a Mestre, en tierra firme.<\/p>\n\n\n\n<p>Sin embargo, con su kilom\u00e9trico Lido, Venecia tambi\u00e9n invita a los visitantes a disfrutar de los placeres del ba\u00f1o. Y para quienes la ciudad de la laguna les parezca demasiado turbulenta, pueden simplemente hacer un viaje a la venerable ciudad universitaria de Padua, a Chioggia o al Delta del Po. En Venecia, sin embargo, a menudo basta con pasear por unas cuantas callejuelas para dejar atr\u00e1s las multitudes y sumergirse en las entra\u00f1as de la Seren\u00edsima.<\/p><div id=\"weath-2886341746\" class=\"weath-inhalt_2 weath-entity-placement\" style=\"margin-top: 15px;margin-right: 25px;margin-bottom: 35px;margin-left: 25px;\"><script async src=\"\/\/pagead2.googlesyndication.com\/pagead\/js\/adsbygoogle.js?client=ca-pub-8960936133935804\" crossorigin=\"anonymous\"><\/script><ins class=\"adsbygoogle\" style=\"display:block;\" data-ad-client=\"ca-pub-8960936133935804\" \ndata-ad-slot=\"1963584050\" \ndata-ad-format=\"auto\"><\/ins>\n<script> \n(adsbygoogle = window.adsbygoogle || []).push({}); \n<\/script>\n<\/div>\n\n\n\n<div class=\"wp-block-columns is-layout-flex wp-container-core-columns-is-layout-9d6595d7 wp-block-columns-is-layout-flex\">\n<div class=\"wp-block-column webcam-column is-layout-flow wp-block-column-is-layout-flow\">\n<h3 class=\"has-text-align-center wp-block-heading\"> \ud83d\udd34 <strong>Webcam<\/strong> <strong><strong>Venecia<\/strong><\/strong> &#8211; Puente de Rialto<\/h3>\n\n\n\n<a name=\"windy-webcam-timelapse-player\" data-id=\"1334943849\" data-play=\"day\" href=\"https:\/\/windy.com\/webcams\/1334943849\" target=\"_blank\" rel=\"noopener\">Venecia: VeneziaPonte di Rialto<\/a><script async=\"\" type=\"text\/javascript\" src=\"https:\/\/webcams.windy.com\/webcams\/public\/embed\/script\/player.js\"><\/script>\n<\/div>\n\n\n\n<div class=\"wp-block-column webcam-column is-layout-flow wp-block-column-is-layout-flow\">\n<h3 class=\"has-text-align-center wp-block-heading\"> \ud83d\udd34 <strong>Webcam <strong>Venezia<\/strong><\/strong> &#8211; Campo Santa Maria Formosa<\/h3>\n\n\n\n<a name=\"windy-webcam-timelapse-player\" data-id=\"1548355902\" data-play=\"day\" href=\"https:\/\/windy.com\/webcams\/1548355902\" target=\"_blank\" rel=\"noopener\">Venecia: Campo Santa Maria Formosa<\/a><script async=\"\" type=\"text\/javascript\" src=\"https:\/\/webcams.windy.com\/webcams\/public\/embed\/script\/player.js\"><\/script>\n<\/div>\n<\/div>\n\n\n\n<div class=\"wp-block-columns is-layout-flex wp-container-core-columns-is-layout-9d6595d7 wp-block-columns-is-layout-flex\">\n<div class=\"wp-block-column webcam-column is-layout-flow wp-block-column-is-layout-flow\">\n<h3 class=\"has-text-align-center wp-block-heading\"> \ud83d\udd34 <strong>Webcam<\/strong> <strong><strong>Venezia<\/strong><\/strong> &#8211; Chiesa di Santa Maria del Giglio<\/h3>\n\n\n\n<a name=\"windy-webcam-timelapse-player\" data-id=\"1549643360\" data-play=\"day\" href=\"https:\/\/windy.com\/webcams\/1549643360\" target=\"_blank\" rel=\"noopener\">Venecia: Hotel Bel Sito e Berlino &#8211; Chiesa di Santa Maria del Giglio &#8211; Estaci\u00f3n de G\u00f3ndola &#8211; Santa Maria del Giglio<\/a><script async=\"\" type=\"text\/javascript\" src=\"https:\/\/webcams.windy.com\/webcams\/public\/embed\/script\/player.js\"><\/script>\n<\/div>\n\n\n\n<div class=\"wp-block-column webcam-column is-layout-flow wp-block-column-is-layout-flow\">\n<h3 class=\"has-text-align-center wp-block-heading\"> \ud83d\udd34 <strong>Webcam <strong><strong><strong><strong>Venezia<\/strong><\/strong><\/strong><\/strong><\/strong> &#8211; Sur<\/h3>\n\n\n\n<a name=\"windy-webcam-timelapse-player\" data-id=\"1472539600\" data-play=\"day\" href=\"https:\/\/windy.com\/webcams\/1472539600\" target=\"_blank\" rel=\"noopener\">Venecia &#8216; Sur<\/a><script async=\"\" type=\"text\/javascript\" src=\"https:\/\/webcams.windy.com\/webcams\/public\/embed\/script\/player.js\"><\/script>\n<\/div>\n<\/div>\n\n\n\n<div class=\"wp-block-columns is-layout-flex wp-container-core-columns-is-layout-9d6595d7 wp-block-columns-is-layout-flex\">\n<div class=\"wp-block-column webcam-column is-layout-flow wp-block-column-is-layout-flow\">\n<h3 class=\"has-text-align-center wp-block-heading\"> \ud83d\udd34 <strong>Webcam <strong><strong><strong>Venezia<\/strong><\/strong><\/strong><\/strong> &#8211; Este <\/h3>\n\n\n\n<a name=\"windy-webcam-timelapse-player\" data-id=\"1472539550\" data-play=\"day\" href=\"https:\/\/windy.com\/webcams\/1472539550\" target=\"_blank\" rel=\"noopener\">Venecia &#8216; Este: Venecia<\/a><script async=\"\" type=\"text\/javascript\" src=\"https:\/\/webcams.windy.com\/webcams\/public\/embed\/script\/player.js\"><\/script>\n<\/div>\n\n\n\n<div class=\"wp-block-column webcam-column is-layout-flow wp-block-column-is-layout-flow\">\n<h3 class=\"has-text-align-center wp-block-heading\"> \ud83d\udd34 <strong>Webcam Venezia <\/strong>&#8211; Hotel American Dinesen<\/h3>\n\n\n\n<a name=\"windy-webcam-timelapse-player\" data-id=\"1241725572\" data-play=\"day\" href=\"https:\/\/windy.com\/webcams\/1241725572\" target=\"_blank\" rel=\"noopener\">Venecia: Hotel American Dinesen<\/a><script async=\"\" type=\"text\/javascript\" src=\"https:\/\/webcams.windy.com\/webcams\/public\/embed\/script\/player.js\"><\/script>\n<\/div>\n<\/div>\n\n\n\n<div class=\"wp-block-columns is-layout-flex wp-container-core-columns-is-layout-9d6595d7 wp-block-columns-is-layout-flex\">\n<div class=\"wp-block-column webcam-column is-layout-flow wp-block-column-is-layout-flow\">\n<h3 class=\"has-text-align-center wp-block-heading\"> \ud83d\udd34 <strong>Webcam<\/strong> <strong><strong><strong><strong><strong>Venezia<\/strong><\/strong><\/strong><\/strong><\/strong> &#8211; Sureste<\/h3>\n\n\n\n<a name=\"windy-webcam-timelapse-player\" data-id=\"1638831308\" data-play=\"day\" href=\"https:\/\/windy.com\/webcams\/1638831308\" target=\"_blank\" rel=\"noopener\">Venecia<\/a><script async=\"\" type=\"text\/javascript\" src=\"https:\/\/webcams.windy.com\/webcams\/public\/embed\/script\/player.js\"><\/script>\n<\/div>\n\n\n\n<div class=\"wp-block-column webcam-column is-layout-flow wp-block-column-is-layout-flow\">\n<h3 class=\"has-text-align-center wp-block-heading\"> \ud83d\udd34 <strong>Webcam<\/strong> <strong>Venezia <\/strong>&#8211; Oeste<\/h3>\n\n\n\n<a name=\"windy-webcam-timelapse-player\" data-id=\"1472539648\" data-play=\"day\" href=\"https:\/\/windy.com\/webcams\/1472539648\" target=\"_blank\" rel=\"noopener\">Venecia &#8216; Oeste<\/a><script async=\"\" type=\"text\/javascript\" src=\"https:\/\/webcams.windy.com\/webcams\/public\/embed\/script\/player.js\"><\/script>\n<\/div>\n<\/div>\n\n\n\n<h2 class=\"wp-block-heading\" id=\"fort-mahon-today\"><strong>Radar meteorol\u00f3gico <strong>Venezia<\/strong> &#8211; El tiempo en <strong>Venezia<\/strong><\/strong><\/h2>\n\n\n\n<p>Nuestra webcam Venezia con radar meteorol\u00f3gico asociado es el complemento ideal para sus vacaciones en la ciudad lagunera. Estar\u00e1 informado en todo momento y en tiempo real sobre las condiciones meteorol\u00f3gicas actuales en Venecia y ver\u00e1 exactamente si llueve, hay tormenta o se inunda. Podr\u00e1 reconocer f\u00e1cilmente las tormentas por el s\u00edmbolo del rayo. Cuanto m\u00e1s oscuros sean los colores, mayor ser\u00e1 la intensidad prevista de las precipitaciones.<\/p>\n\n\n\n<div class=\"wp-block-columns is-layout-flex wp-container-core-columns-is-layout-9d6595d7 wp-block-columns-is-layout-flex\">\n<div class=\"wp-block-column is-layout-flow wp-block-column-is-layout-flow\" style=\"flex-basis:75%\">\n<iframe loading=\"lazy\" width=\"1300\" height=\"502\" src=\"https:\/\/embed.windy.com\/embed2.html?lat=45.437&amp;lon=12.322&amp;detailLat=45.437&amp;detailLon=12.322&amp;width=1300&amp;height=502&amp;zoom=11&amp;level=surface&amp;overlay=rain&amp;product=ecmwf&amp;menu=&amp;message=&amp;marker=&amp;calendar=now&amp;pressure=&amp;type=map&amp;location=coordinates&amp;detail=&amp;metricWind=default&amp;metricTemp=default&amp;radarRange=-1\" frameborder=\"0\"><\/iframe>\n<\/div>\n\n\n\n<div class=\"wp-block-column is-layout-flow wp-block-column-is-layout-flow\" style=\"flex-basis:25%\">\n<a class=\"weatherwidget-io\" href=\"https:\/\/forecast7.com\/es\/45d4412d32\/venice\/\" data-label_1=\"VENEZIA\" data-theme=\"original\" >VENEZIA<\/a>\n<script>\n!function(d,s,id){var js,fjs=d.getElementsByTagName(s)[0];if(!d.getElementById(id)){js=d.createElement(s);js.id=id;js.src='https:\/\/weatherwidget.io\/js\/widget.min.js';fjs.parentNode.insertBefore(js,fjs);}}(document,'script','weatherwidget-io-js');\n<\/script>\n<\/div>\n<\/div>\n\n\n\n<h2 class=\"wp-block-heading\" id=\"fort-mahon-weather\"><strong>El clima en <strong><strong>Venecia<\/strong><\/strong><\/strong><\/h2>\n\n\n\n<p>Venecia se encuentra en la zona de clima templado y se caracteriza por la influencia moderadora del mar Adri\u00e1tico. La temperatura media anual es de 17 \u00b0C. En julio, el mes m\u00e1s c\u00e1lido en Venecia, se alcanzan los 28,1 \u00b0C durante el d\u00eda. Las m\u00ednimas son entonces de 19,9 \u00b0C. Las temperaturas en los meses de invierno var\u00edan entre los 3,1 \u00b0C por la noche y los siete u ocho grados durante el d\u00eda. Sin embargo, en general son bastante suaves. En primavera y oto\u00f1o aumentan las precipitaciones, que a veces provocan inundaciones. La precipitaci\u00f3n anual es de 1081 mil\u00edmetros, que es comparativamente alta. La duraci\u00f3n diaria del sol oscila entre 4,8 horas en enero y 12,8 horas en junio. El mes de agosto es ideal para unas vacaciones en la playa, con temperaturas del agua de hasta 27 \u00b0C.<\/p>\n\n\n\n<h2 class=\"wp-block-heading\"><strong>Atracciones en Venecia<\/strong><\/h2>\n\n\n\n<p>Venecia ofrece innumerables monumentos y atracciones. Sin embargo, la mejor manera de conocer la ciudad es hacer un viaje en barco, aunque no siempre tiene que ser la famosa, pero tambi\u00e9n cara, g\u00f3ndola. De lo contrario, es aconsejable simplemente pasear sin rumbo por el laberinto de callejuelas y fijarse s\u00f3lo en algunos lugares de inter\u00e9s. Un idilio de paz se encuentra en la isla cementerio de San Michele. Si la cultura est\u00e1 cerca de su coraz\u00f3n, asista a una representaci\u00f3n en la \u00d3pera La Fenice de Venecia. En la isla de Murano, puede ver trabajar a los sopladores de vidrio y comprar uno o dos jarrones. En los mercados que rodean el puente de Rialto podr\u00e1 encontrar pescado fresco.<\/p>\n","protected":false},"excerpt":{"rendered":"<p>Webcam Venezia Con nuestra webcam Venezia le damos la bienvenida durante su estancia en la mundialmente famosa ciudad de la laguna. Probablemente ya se ha dicho todo sobre Venecia, pero su belleza \u00fanica, con sus palacios, puentes y canales, sigue atrayendo a\u00f1o tras a\u00f1o a innumerables visitantes, que acuden a ver la Plaza de San &#8230; <a title=\"Webcam Venezia\" class=\"read-more\" href=\"https:\/\/weather-radar-live.com\/es\/webcam\/italia\/webcam-venezia\/\" aria-label=\"Leer m\u00e1s sobre Webcam Venezia\">Leer m\u00e1s<\/a><\/p>\n","protected":false},"author":1,"featured_media":6722,"parent":4313,"menu_order":0,"comment_status":"closed","ping_status":"closed","template":"","meta":{"footnotes":""},"class_list":["post-6766","page","type-page","status-publish","has-post-thumbnail"],"yoast_head":"<!-- This site is optimized with the Yoast SEO plugin v27.5 - https:\/\/yoast.com\/product\/yoast-seo-wordpress\/ -->\n<title>Webcam Venezia \u2192 \u00a1M\u00edralo en directo!<\/title>\n<meta name=\"description\" content=\"Webcam Venezia | \u00a1Livecam de Venecia! \u2705 \u00a1Actualizada para ti en tiempo real! \u2705 \u00a1Previsi\u00f3n meteorol\u00f3gica actual!\" \/>\n<meta name=\"robots\" content=\"index, follow, max-snippet:-1, max-image-preview:large, max-video-preview:-1\" \/>\n<link rel=\"canonical\" href=\"https:\/\/weather-radar-live.com\/es\/webcam\/italia\/webcam-venezia\/\" \/>\n<meta property=\"og:locale\" content=\"es_ES\" \/>\n<meta property=\"og:type\" content=\"article\" \/>\n<meta property=\"og:title\" content=\"Webcam Venezia \u2192 \u00a1M\u00edralo en directo!\" \/>\n<meta property=\"og:description\" content=\"Webcam Venezia | \u00a1Livecam de Venecia! \u2705 \u00a1Actualizada para ti en tiempo real! \u2705 \u00a1Previsi\u00f3n meteorol\u00f3gica actual!\" \/>\n<meta property=\"og:url\" content=\"https:\/\/weather-radar-live.com\/es\/webcam\/italia\/webcam-venezia\/\" \/>\n<meta property=\"og:site_name\" content=\"weather-radar-live.com\" \/>\n<meta property=\"article:modified_time\" content=\"2022-08-15T14:17:49+00:00\" \/>\n<meta property=\"og:image\" content=\"https:\/\/weather-radar-live.com\/wp-content\/uploads\/2022\/08\/Webcam-Venezia-e1660569550834.jpg\" \/>\n\t<meta property=\"og:image:width\" content=\"1913\" \/>\n\t<meta property=\"og:image:height\" content=\"857\" \/>\n\t<meta property=\"og:image:type\" content=\"image\/jpeg\" \/>\n<meta name=\"twitter:card\" content=\"summary_large_image\" \/>\n<meta name=\"twitter:label1\" content=\"Tiempo de lectura\" \/>\n\t<meta name=\"twitter:data1\" content=\"3 minutos\" \/>\n<script type=\"application\/ld+json\" class=\"yoast-schema-graph\">{\"@context\":\"https:\\\/\\\/schema.org\",\"@graph\":[{\"@type\":\"WebPage\",\"@id\":\"https:\\\/\\\/weather-radar-live.com\\\/es\\\/webcam\\\/italia\\\/webcam-venezia\\\/\",\"url\":\"https:\\\/\\\/weather-radar-live.com\\\/es\\\/webcam\\\/italia\\\/webcam-venezia\\\/\",\"name\":\"Webcam Venezia \u2192 \u00a1M\u00edralo en directo!\",\"isPartOf\":{\"@id\":\"https:\\\/\\\/weather-radar-live.com\\\/#website\"},\"primaryImageOfPage\":{\"@id\":\"https:\\\/\\\/weather-radar-live.com\\\/es\\\/webcam\\\/italia\\\/webcam-venezia\\\/#primaryimage\"},\"image\":{\"@id\":\"https:\\\/\\\/weather-radar-live.com\\\/es\\\/webcam\\\/italia\\\/webcam-venezia\\\/#primaryimage\"},\"thumbnailUrl\":\"https:\\\/\\\/weather-radar-live.com\\\/wp-content\\\/uploads\\\/2022\\\/08\\\/Webcam-Venezia-e1660569550834.jpg\",\"datePublished\":\"2022-08-15T14:14:10+00:00\",\"dateModified\":\"2022-08-15T14:17:49+00:00\",\"description\":\"Webcam Venezia | \u00a1Livecam de Venecia! \u2705 \u00a1Actualizada para ti en tiempo real! \u2705 \u00a1Previsi\u00f3n meteorol\u00f3gica actual!\",\"breadcrumb\":{\"@id\":\"https:\\\/\\\/weather-radar-live.com\\\/es\\\/webcam\\\/italia\\\/webcam-venezia\\\/#breadcrumb\"},\"inLanguage\":\"es\",\"potentialAction\":[{\"@type\":\"ReadAction\",\"target\":[\"https:\\\/\\\/weather-radar-live.com\\\/es\\\/webcam\\\/italia\\\/webcam-venezia\\\/\"]}]},{\"@type\":\"ImageObject\",\"inLanguage\":\"es\",\"@id\":\"https:\\\/\\\/weather-radar-live.com\\\/es\\\/webcam\\\/italia\\\/webcam-venezia\\\/#primaryimage\",\"url\":\"https:\\\/\\\/weather-radar-live.com\\\/wp-content\\\/uploads\\\/2022\\\/08\\\/Webcam-Venezia-e1660569550834.jpg\",\"contentUrl\":\"https:\\\/\\\/weather-radar-live.com\\\/wp-content\\\/uploads\\\/2022\\\/08\\\/Webcam-Venezia-e1660569550834.jpg\",\"width\":1913,\"height\":857,\"caption\":\"Webcam Venezia\"},{\"@type\":\"BreadcrumbList\",\"@id\":\"https:\\\/\\\/weather-radar-live.com\\\/es\\\/webcam\\\/italia\\\/webcam-venezia\\\/#breadcrumb\",\"itemListElement\":[{\"@type\":\"ListItem\",\"position\":1,\"name\":\"Weather Radar Live\",\"item\":\"https:\\\/\\\/weather-radar-live.com\\\/es\\\/\"},{\"@type\":\"ListItem\",\"position\":2,\"name\":\"C\u00e1mara web\",\"item\":\"https:\\\/\\\/weather-radar-live.com\\\/es\\\/webcam\\\/\"},{\"@type\":\"ListItem\",\"position\":3,\"name\":\"Italia\",\"item\":\"https:\\\/\\\/weather-radar-live.com\\\/es\\\/webcam\\\/italia\\\/\"},{\"@type\":\"ListItem\",\"position\":4,\"name\":\"Webcam Venezia\"}]},{\"@type\":\"WebSite\",\"@id\":\"https:\\\/\\\/weather-radar-live.com\\\/#website\",\"url\":\"https:\\\/\\\/weather-radar-live.com\\\/\",\"name\":\"weather-radar-live.com\",\"description\":\"Your weather and sky radar.\",\"publisher\":{\"@id\":\"https:\\\/\\\/weather-radar-live.com\\\/#organization\"},\"potentialAction\":[{\"@type\":\"SearchAction\",\"target\":{\"@type\":\"EntryPoint\",\"urlTemplate\":\"https:\\\/\\\/weather-radar-live.com\\\/?s={search_term_string}\"},\"query-input\":{\"@type\":\"PropertyValueSpecification\",\"valueRequired\":true,\"valueName\":\"search_term_string\"}}],\"inLanguage\":\"es\"},{\"@type\":\"Organization\",\"@id\":\"https:\\\/\\\/weather-radar-live.com\\\/#organization\",\"name\":\"weather-radar-live.com\",\"url\":\"https:\\\/\\\/weather-radar-live.com\\\/\",\"logo\":{\"@type\":\"ImageObject\",\"inLanguage\":\"es\",\"@id\":\"https:\\\/\\\/weather-radar-live.com\\\/#\\\/schema\\\/logo\\\/image\\\/\",\"url\":\"https:\\\/\\\/weather-radar-live.com\\\/wp-content\\\/uploads\\\/2022\\\/03\\\/cropped-WRL2503.png\",\"contentUrl\":\"https:\\\/\\\/weather-radar-live.com\\\/wp-content\\\/uploads\\\/2022\\\/03\\\/cropped-WRL2503.png\",\"width\":1920,\"height\":555,\"caption\":\"weather-radar-live.com\"},\"image\":{\"@id\":\"https:\\\/\\\/weather-radar-live.com\\\/#\\\/schema\\\/logo\\\/image\\\/\"}}]}<\/script>\n<!-- \/ Yoast SEO plugin. -->","yoast_head_json":{"title":"Webcam Venezia \u2192 \u00a1M\u00edralo en directo!","description":"Webcam Venezia | \u00a1Livecam de Venecia! \u2705 \u00a1Actualizada para ti en tiempo real! \u2705 \u00a1Previsi\u00f3n meteorol\u00f3gica actual!","robots":{"index":"index","follow":"follow","max-snippet":"max-snippet:-1","max-image-preview":"max-image-preview:large","max-video-preview":"max-video-preview:-1"},"canonical":"https:\/\/weather-radar-live.com\/es\/webcam\/italia\/webcam-venezia\/","og_locale":"es_ES","og_type":"article","og_title":"Webcam Venezia \u2192 \u00a1M\u00edralo en directo!","og_description":"Webcam Venezia | \u00a1Livecam de Venecia! \u2705 \u00a1Actualizada para ti en tiempo real! \u2705 \u00a1Previsi\u00f3n meteorol\u00f3gica actual!","og_url":"https:\/\/weather-radar-live.com\/es\/webcam\/italia\/webcam-venezia\/","og_site_name":"weather-radar-live.com","article_modified_time":"2022-08-15T14:17:49+00:00","og_image":[{"width":1913,"height":857,"url":"https:\/\/weather-radar-live.com\/wp-content\/uploads\/2022\/08\/Webcam-Venezia-e1660569550834.jpg","type":"image\/jpeg"}],"twitter_card":"summary_large_image","twitter_misc":{"Tiempo de lectura":"3 minutos"},"schema":{"@context":"https:\/\/schema.org","@graph":[{"@type":"WebPage","@id":"https:\/\/weather-radar-live.com\/es\/webcam\/italia\/webcam-venezia\/","url":"https:\/\/weather-radar-live.com\/es\/webcam\/italia\/webcam-venezia\/","name":"Webcam Venezia \u2192 \u00a1M\u00edralo en directo!","isPartOf":{"@id":"https:\/\/weather-radar-live.com\/#website"},"primaryImageOfPage":{"@id":"https:\/\/weather-radar-live.com\/es\/webcam\/italia\/webcam-venezia\/#primaryimage"},"image":{"@id":"https:\/\/weather-radar-live.com\/es\/webcam\/italia\/webcam-venezia\/#primaryimage"},"thumbnailUrl":"https:\/\/weather-radar-live.com\/wp-content\/uploads\/2022\/08\/Webcam-Venezia-e1660569550834.jpg","datePublished":"2022-08-15T14:14:10+00:00","dateModified":"2022-08-15T14:17:49+00:00","description":"Webcam Venezia | \u00a1Livecam de Venecia! \u2705 \u00a1Actualizada para ti en tiempo real! \u2705 \u00a1Previsi\u00f3n meteorol\u00f3gica actual!","breadcrumb":{"@id":"https:\/\/weather-radar-live.com\/es\/webcam\/italia\/webcam-venezia\/#breadcrumb"},"inLanguage":"es","potentialAction":[{"@type":"ReadAction","target":["https:\/\/weather-radar-live.com\/es\/webcam\/italia\/webcam-venezia\/"]}]},{"@type":"ImageObject","inLanguage":"es","@id":"https:\/\/weather-radar-live.com\/es\/webcam\/italia\/webcam-venezia\/#primaryimage","url":"https:\/\/weather-radar-live.com\/wp-content\/uploads\/2022\/08\/Webcam-Venezia-e1660569550834.jpg","contentUrl":"https:\/\/weather-radar-live.com\/wp-content\/uploads\/2022\/08\/Webcam-Venezia-e1660569550834.jpg","width":1913,"height":857,"caption":"Webcam Venezia"},{"@type":"BreadcrumbList","@id":"https:\/\/weather-radar-live.com\/es\/webcam\/italia\/webcam-venezia\/#breadcrumb","itemListElement":[{"@type":"ListItem","position":1,"name":"Weather Radar Live","item":"https:\/\/weather-radar-live.com\/es\/"},{"@type":"ListItem","position":2,"name":"C\u00e1mara web","item":"https:\/\/weather-radar-live.com\/es\/webcam\/"},{"@type":"ListItem","position":3,"name":"Italia","item":"https:\/\/weather-radar-live.com\/es\/webcam\/italia\/"},{"@type":"ListItem","position":4,"name":"Webcam Venezia"}]},{"@type":"WebSite","@id":"https:\/\/weather-radar-live.com\/#website","url":"https:\/\/weather-radar-live.com\/","name":"weather-radar-live.com","description":"Your weather and sky radar.","publisher":{"@id":"https:\/\/weather-radar-live.com\/#organization"},"potentialAction":[{"@type":"SearchAction","target":{"@type":"EntryPoint","urlTemplate":"https:\/\/weather-radar-live.com\/?s={search_term_string}"},"query-input":{"@type":"PropertyValueSpecification","valueRequired":true,"valueName":"search_term_string"}}],"inLanguage":"es"},{"@type":"Organization","@id":"https:\/\/weather-radar-live.com\/#organization","name":"weather-radar-live.com","url":"https:\/\/weather-radar-live.com\/","logo":{"@type":"ImageObject","inLanguage":"es","@id":"https:\/\/weather-radar-live.com\/#\/schema\/logo\/image\/","url":"https:\/\/weather-radar-live.com\/wp-content\/uploads\/2022\/03\/cropped-WRL2503.png","contentUrl":"https:\/\/weather-radar-live.com\/wp-content\/uploads\/2022\/03\/cropped-WRL2503.png","width":1920,"height":555,"caption":"weather-radar-live.com"},"image":{"@id":"https:\/\/weather-radar-live.com\/#\/schema\/logo\/image\/"}}]}},"_links":{"self":[{"href":"https:\/\/weather-radar-live.com\/es\/wp-json\/wp\/v2\/pages\/6766","targetHints":{"allow":["GET"]}}],"collection":[{"href":"https:\/\/weather-radar-live.com\/es\/wp-json\/wp\/v2\/pages"}],"about":[{"href":"https:\/\/weather-radar-live.com\/es\/wp-json\/wp\/v2\/types\/page"}],"author":[{"embeddable":true,"href":"https:\/\/weather-radar-live.com\/es\/wp-json\/wp\/v2\/users\/1"}],"replies":[{"embeddable":true,"href":"https:\/\/weather-radar-live.com\/es\/wp-json\/wp\/v2\/comments?post=6766"}],"version-history":[{"count":3,"href":"https:\/\/weather-radar-live.com\/es\/wp-json\/wp\/v2\/pages\/6766\/revisions"}],"predecessor-version":[{"id":6793,"href":"https:\/\/weather-radar-live.com\/es\/wp-json\/wp\/v2\/pages\/6766\/revisions\/6793"}],"up":[{"embeddable":true,"href":"https:\/\/weather-radar-live.com\/es\/wp-json\/wp\/v2\/pages\/4313"}],"wp:featuredmedia":[{"embeddable":true,"href":"https:\/\/weather-radar-live.com\/es\/wp-json\/wp\/v2\/media\/6722"}],"wp:attachment":[{"href":"https:\/\/weather-radar-live.com\/es\/wp-json\/wp\/v2\/media?parent=6766"}],"curies":[{"name":"wp","href":"https:\/\/api.w.org\/{rel}","templated":true}]}}