{"id":6578,"date":"2022-08-11T15:21:19","date_gmt":"2022-08-11T13:21:19","guid":{"rendered":"https:\/\/weather-radar-live.com\/?page_id=6578"},"modified":"2022-08-11T15:24:48","modified_gmt":"2022-08-11T13:24:48","slug":"webcam-stelvio","status":"publish","type":"page","link":"https:\/\/weather-radar-live.com\/es\/webcam\/italia\/webcam-stelvio\/","title":{"rendered":"Webcam Stelvio"},"content":{"rendered":"<div id=\"weath-2289953411\" class=\"weath-vor-dem-inhalt weath-entity-placement\" style=\"margin-top: 15px;margin-right: 25px;margin-bottom: 40px;margin-left: 25px;\"><script async src=\"\/\/pagead2.googlesyndication.com\/pagead\/js\/adsbygoogle.js?client=ca-pub-8960936133935804\" crossorigin=\"anonymous\"><\/script><ins class=\"adsbygoogle\" style=\"display:block;\" data-ad-client=\"ca-pub-8960936133935804\" \ndata-ad-slot=\"6172817020\" \ndata-ad-format=\"auto\"><\/ins>\n<script> \n(adsbygoogle = window.adsbygoogle || []).push({}); \n<\/script>\n<\/div>\n<div class=\"wp-block-cover alignfull is-light\"><span aria-hidden=\"true\" class=\"wp-block-cover__gradient-background has-background-dim\"><\/span><img decoding=\"async\" class=\"wp-block-cover__image-background wp-image-342\" alt=\"Webcam Stelvio\n\" src=\"https:\/\/weather-radar-live.com\/wp-content\/uploads\/2021\/06\/sam-schooler-E9aetBe2w40-unsplash-e1622554814366.jpg\" data-object-fit=\"cover\"\/><div class=\"wp-block-cover__inner-container is-layout-flow wp-block-cover-is-layout-flow\">\n<h2 class=\"has-text-align-center heading wp-block-heading\" id=\"webcam-fort-mahon\" style=\"font-size:40px\"><strong><mark style=\"background-color:rgba(0, 0, 0, 0)\" class=\"has-inline-color has-base-3-color\">WEBCAM <\/mark><\/strong><br><strong><mark style=\"background-color:rgba(0, 0, 0, 0)\" class=\"has-inline-color has-base-3-color\">STELVIO<\/mark><\/strong><\/h2>\n<\/div><\/div>\n\n\n<div class=\"yoast-breadcrumbs\"><span><span><a href=\"https:\/\/weather-radar-live.com\/es\/\">Weather Radar Live<\/a><\/span> \u00bb <span><a href=\"https:\/\/weather-radar-live.com\/es\/webcam\/\">C\u00e1mara web<\/a><\/span> \u00bb <span><a href=\"https:\/\/weather-radar-live.com\/es\/webcam\/italia\/\">Italia<\/a><\/span> \u00bb <span class=\"breadcrumb_last\" aria-current=\"page\"><strong>Webcam Stelvio<\/strong><\/span><\/span><\/div>\n\n\n<h2 class=\"has-text-align-center wp-block-heading\" id=\"webcam-fort-mahon\"><strong>Webcam Stelvio<\/strong><\/h2>\n\n\n\n<p>El paso de monta\u00f1a Passo dello Stelvio, tambi\u00e9n conocido como Paso del Stelvio, est\u00e1 situado en los Alpes de Ortles y conecta la ciudad de Bormio en Lombard\u00eda con la ciudad de Prad en el Tirol del Sur. Al mismo tiempo, el Passo dello Stelvio, con sus 2.757 metros de altitud, no s\u00f3lo es la carretera de paso m\u00e1s alta de Italia, sino tambi\u00e9n la segunda carretera de paso m\u00e1s alta de los Alpes despu\u00e9s del Col de I&#8217;Iseran. Descubra este puerto de monta\u00f1a \u00fanico con nuestra webcam Stelvio y d\u00e9jese impresionar por las impresionantes im\u00e1genes en tiempo real.<\/p>\n\n\n\n<p>El Passo dello Stelvio tambi\u00e9n se denomina a menudo la reina de los puertos de monta\u00f1a o el recinto ferial m\u00e1s alto de Europa. Hasta qu\u00e9 punto estas denominaciones se aplican realmente al paso depende enteramente de su juicio.<\/p><div id=\"weath-2914038243\" class=\"weath-inhalt_2 weath-entity-placement\" style=\"margin-top: 15px;margin-right: 25px;margin-bottom: 35px;margin-left: 25px;\"><script async src=\"\/\/pagead2.googlesyndication.com\/pagead\/js\/adsbygoogle.js?client=ca-pub-8960936133935804\" crossorigin=\"anonymous\"><\/script><ins class=\"adsbygoogle\" style=\"display:block;\" data-ad-client=\"ca-pub-8960936133935804\" \ndata-ad-slot=\"1963584050\" \ndata-ad-format=\"auto\"><\/ins>\n<script> \n(adsbygoogle = window.adsbygoogle || []).push({}); \n<\/script>\n<\/div>\n\n\n\n<div class=\"wp-block-columns is-layout-flex wp-container-core-columns-is-layout-9d6595d7 wp-block-columns-is-layout-flex\">\n<div class=\"wp-block-column webcam-column is-layout-flow wp-block-column-is-layout-flow\">\n<h3 class=\"has-text-align-center wp-block-heading\"> \ud83d\udd34 <strong>Webcam<\/strong> <strong>Stelvio-<\/strong> Passo dello Stelvio<\/h3>\n\n\n\n<a name=\"windy-webcam-timelapse-player\" data-id=\"1462286437\" data-play=\"day\" href=\"https:\/\/windy.com\/webcams\/1462286437\" target=\"_blank\" rel=\"noopener\">Gusanos en Valtellina: Stelvio &#8211; Passo dello Stelvio<\/a><script async=\"\" type=\"text\/javascript\" src=\"https:\/\/webcams.windy.com\/webcams\/public\/embed\/script\/player.js\"><\/script>\n<\/div>\n\n\n\n<div class=\"wp-block-column webcam-column is-layout-flow wp-block-column-is-layout-flow\">\n<h3 class=\"has-text-align-center wp-block-heading\"> \ud83d\udd34 <strong>Webcam<\/strong> Stelvio &#8211; Sur<\/h3>\n\n\n\n<a name=\"windy-webcam-timelapse-player\" data-id=\"1462286446\" data-play=\"day\" href=\"https:\/\/windy.com\/webcams\/1462286446\" target=\"_blank\" rel=\"noopener\">Gusanos en Valtellina: Stelvio &#8211; Passo dello Stelvio<\/a><script async=\"\" type=\"text\/javascript\" src=\"https:\/\/webcams.windy.com\/webcams\/public\/embed\/script\/player.js\"><\/script>\n<\/div>\n<\/div>\n\n\n\n<div class=\"wp-block-columns is-layout-flex wp-container-core-columns-is-layout-9d6595d7 wp-block-columns-is-layout-flex\">\n<div class=\"wp-block-column webcam-column is-layout-flow wp-block-column-is-layout-flow\">\n<h3 class=\"has-text-align-center wp-block-heading\"> \ud83d\udd34 <strong>Webcam<\/strong> <strong>Stelvio<\/strong> &#8211; Gusanos en Valtellina<\/h3>\n\n\n\n<a name=\"windy-webcam-timelapse-player\" data-id=\"1462286441\" data-play=\"day\" href=\"https:\/\/windy.com\/webcams\/1462286441\" target=\"_blank\" rel=\"noopener\">Gusanos en Valtellina: Stelvio &#8211; Passo dello Stelvio<\/a><script async=\"\" type=\"text\/javascript\" src=\"https:\/\/webcams.windy.com\/webcams\/public\/embed\/script\/player.js\"><\/script>\n<\/div>\n\n\n\n<div class=\"wp-block-column webcam-column is-layout-flow wp-block-column-is-layout-flow\">\n<h3 class=\"has-text-align-center wp-block-heading\"> \ud83d\udd34 <strong>Webcam Stelvio<\/strong> &#8211; Stelvio<\/h3>\n\n\n\n<a name=\"windy-webcam-timelapse-player\" data-id=\"1203067603\" data-play=\"day\" href=\"https:\/\/windy.com\/webcams\/1203067603\" target=\"_blank\" rel=\"noopener\">Stilfs<\/a><script async=\"\" type=\"text\/javascript\" src=\"https:\/\/webcams.windy.com\/webcams\/public\/embed\/script\/player.js\"><\/script>\n<\/div>\n<\/div>\n\n\n\n<div class=\"wp-block-columns is-layout-flex wp-container-core-columns-is-layout-9d6595d7 wp-block-columns-is-layout-flex\">\n<div class=\"wp-block-column webcam-column is-layout-flow wp-block-column-is-layout-flow\">\n<h3 class=\"has-text-align-center wp-block-heading\"> \ud83d\udd34 <strong>Webcam  <strong>Stelvio<\/strong><\/strong> &#8211; Pendiente<\/h3>\n\n\n\n<a name=\"windy-webcam-timelapse-player\" data-id=\"1203067577\" data-play=\"day\" href=\"https:\/\/windy.com\/webcams\/1203067577\" target=\"_blank\" rel=\"noopener\">Stilfs LIVRIO &#8211; Passo &#8211; PISTE sci estivo<\/a><script async=\"\" type=\"text\/javascript\" src=\"https:\/\/webcams.windy.com\/webcams\/public\/embed\/script\/player.js\"><\/script>\n<\/div>\n\n\n\n<div class=\"wp-block-column webcam-column is-layout-flow wp-block-column-is-layout-flow\">\n<h3 class=\"has-text-align-center wp-block-heading\"> \ud83d\udd34 <strong>Webcam Stelvio<\/strong> &#8211; Centro<\/h3>\n\n\n\n<a name=\"windy-webcam-timelapse-player\" data-id=\"1347450910\" data-play=\"day\" href=\"https:\/\/windy.com\/webcams\/1347450910\" target=\"_blank\" rel=\"noopener\">Zancos: Passo dello<\/a><script async=\"\" type=\"text\/javascript\" src=\"https:\/\/webcams.windy.com\/webcams\/public\/embed\/script\/player.js\"><\/script>\n<\/div>\n<\/div>\n\n\n\n<div class=\"wp-block-columns is-layout-flex wp-container-core-columns-is-layout-9d6595d7 wp-block-columns-is-layout-flex\">\n<div class=\"wp-block-column webcam-column is-layout-flow wp-block-column-is-layout-flow\">\n<h3 class=\"has-text-align-center wp-block-heading\"> \ud83d\udd34 <strong>Webcam Stelvio<\/strong> &#8211; Terrazza Pirovano<\/h3>\n\n\n\n<a name=\"windy-webcam-timelapse-player\" data-id=\"1399533446\" data-play=\"day\" href=\"https:\/\/windy.com\/webcams\/1399533446\" target=\"_blank\" rel=\"noopener\">Stilfs: Terrazza Pirovano<\/a><script async=\"\" type=\"text\/javascript\" src=\"https:\/\/webcams.windy.com\/webcams\/public\/embed\/script\/player.js\"><\/script>\n<\/div>\n\n\n\n<div class=\"wp-block-column webcam-column is-layout-flow wp-block-column-is-layout-flow\">\n<h3 class=\"has-text-align-center wp-block-heading\"> \ud83d\udd34 <strong>Webcam Stelvio<\/strong> &#8211; Norte<\/h3>\n\n\n\n<a name=\"windy-webcam-timelapse-player\" data-id=\"1203094581\" data-play=\"day\" href=\"https:\/\/windy.com\/webcams\/1203094581\" target=\"_blank\" rel=\"noopener\">Stilfs: PASSO &#8211; WEBCAM<\/a><script async=\"\" type=\"text\/javascript\" src=\"https:\/\/webcams.windy.com\/webcams\/public\/embed\/script\/player.js\"><\/script>\n<\/div>\n<\/div>\n\n\n\n<h2 class=\"wp-block-heading\" id=\"fort-mahon-today\"><strong>Radar meteorol\u00f3gico Stelvio &#8211; El tiempo en Stelvio<\/strong><\/h2>\n\n\n\n<p>Nuestra webcam Stelvio le ofrece en tiempo real informaci\u00f3n valiosa sobre las condiciones meteorol\u00f3gicas actuales en el lugar. Esta amplia informaci\u00f3n meteorol\u00f3gica se complementa con nuestro radar meteorol\u00f3gico, que le muestra no s\u00f3lo una previsi\u00f3n meteorol\u00f3gica actualizada, sino tambi\u00e9n las zonas de precipitaci\u00f3n actuales. Todas las zonas de precipitaci\u00f3n est\u00e1n marcadas con diferentes colores en funci\u00f3n de su intensidad. Las zonas azules y verdes indican una precipitaci\u00f3n escasa, mientras que las zonas moradas y rojas representan una precipitaci\u00f3n m\u00e1s intensa con posible potencial de tiempo severo. Adem\u00e1s, nuestro radar meteorol\u00f3gico tambi\u00e9n le muestra todas las tormentas el\u00e9ctricas actuales con un peque\u00f1o s\u00edmbolo de un rayo. As\u00ed, con nuestra webcam y el radar meteorol\u00f3gico estar\u00e1 siempre bien informado sobre las condiciones meteorol\u00f3gicas actuales en Stelvio.<\/p>\n\n\n\n<div class=\"wp-block-columns is-layout-flex wp-container-core-columns-is-layout-9d6595d7 wp-block-columns-is-layout-flex\">\n<div class=\"wp-block-column is-layout-flow wp-block-column-is-layout-flow\" style=\"flex-basis:75%\">\n<iframe loading=\"lazy\" width=\"1300\" height=\"502\" src=\"https:\/\/embed.windy.com\/embed2.html?lat=46.529&amp;lon=10.439&amp;detailLat=46.529&amp;detailLon=10.439&amp;width=1300&amp;height=502&amp;zoom=11&amp;level=surface&amp;overlay=rain&amp;product=ecmwf&amp;menu=&amp;message=&amp;marker=&amp;calendar=now&amp;pressure=&amp;type=map&amp;location=coordinates&amp;detail=&amp;metricWind=default&amp;metricTemp=default&amp;radarRange=-1\" frameborder=\"0\"><\/iframe>\n<\/div>\n\n\n\n<div class=\"wp-block-column is-layout-flow wp-block-column-is-layout-flow\" style=\"flex-basis:25%\">\n<a class=\"weatherwidget-io\" href=\"https:\/\/forecast7.com\/es\/46d6010d54\/stilfs\/\" data-label_1=\"STELVIO\" data-theme=\"original\" >STELVIO<\/a>\n<script>\n!function(d,s,id){var js,fjs=d.getElementsByTagName(s)[0];if(!d.getElementById(id)){js=d.createElement(s);js.id=id;js.src='https:\/\/weatherwidget.io\/js\/widget.min.js';fjs.parentNode.insertBefore(js,fjs);}}(document,'script','weatherwidget-io-js');\n<\/script>\n<\/div>\n<\/div>\n\n\n\n<h2 class=\"wp-block-heading\" id=\"fort-mahon-weather\"><strong>El clima en Stelvio<\/strong><\/h2>\n\n\n\n<p>Stelvio pertenece a la zona clim\u00e1tica de latitudes medias y se caracteriza por su clima continental. La temperatura media anual aqu\u00ed es de 18 \u00b0C con una duraci\u00f3n media del sol de 5 horas al d\u00eda. Durante los meses de verano, las temperaturas suben, de modo que los valores m\u00e1ximos aqu\u00ed son de media 29 \u00b0C en julio. En invierno, por el contrario, las temperaturas vuelven a bajar considerablemente, siendo enero el mes m\u00e1s fr\u00edo con una media de -10 \u00b0C.<\/p>\n\n\n\n<h2 class=\"wp-block-heading\"><strong>Atracciones en Stelvio<\/strong><\/h2>\n\n\n\n<p>La carretera del Passo dello Stelvio est\u00e1 pavimentada en su totalidad y est\u00e1 abierta al tr\u00e1fico entre mayo y noviembre. Durante estos meses es muy transitada, ya que las 48 curvas cerradas del paso atraen especialmente a los motociclistas. As\u00ed, todos los a\u00f1os, en la primera semana de julio, tiene lugar aqu\u00ed el encuentro internacional, donde se re\u00fanen cientos de motociclistas. Pero tambi\u00e9n para los motoristas la carretera del paso, con su magn\u00edfico entorno y el grandioso panorama monta\u00f1oso en medio de los Alpes, merece la pena. Esto se debe a que el Passo dello Stelvio se encuentra en el pintoresco Parque Nacional Stilfser Joch, enmarcado por las cumbres del macizo de Ortler. En el Passo dello Stelvio les espera un verdadero reto a todos los aficionados al ciclismo. Especialmente en el d\u00eda de la bicicleta sin coches, el Paso del Stelvio se convierte en un destino popular para los ciclistas de carretera.<\/p>\n","protected":false},"excerpt":{"rendered":"<p>Webcam Stelvio El paso de monta\u00f1a Passo dello Stelvio, tambi\u00e9n conocido como Paso del Stelvio, est\u00e1 situado en los Alpes de Ortles y conecta la ciudad de Bormio en Lombard\u00eda con la ciudad de Prad en el Tirol del Sur. Al mismo tiempo, el Passo dello Stelvio, con sus 2.757 metros de altitud, no s\u00f3lo &#8230; <a title=\"Webcam Stelvio\" class=\"read-more\" href=\"https:\/\/weather-radar-live.com\/es\/webcam\/italia\/webcam-stelvio\/\" aria-label=\"Leer m\u00e1s sobre Webcam Stelvio\">Leer m\u00e1s<\/a><\/p>\n","protected":false},"author":1,"featured_media":6515,"parent":4313,"menu_order":0,"comment_status":"closed","ping_status":"closed","template":"","meta":{"footnotes":""},"class_list":["post-6578","page","type-page","status-publish","has-post-thumbnail"],"yoast_head":"<!-- This site is optimized with the Yoast SEO plugin v27.3 - https:\/\/yoast.com\/product\/yoast-seo-wordpress\/ -->\n<title>Webcam Stelvio \u2192 \u00a1M\u00edralo en directo!<\/title>\n<meta name=\"description\" content=\"Webcam Stelvio | \u00a1C\u00e1mara en vivo de Stelvio! \u2705 \u00a1Actualizada para ti en tiempo real! \u2705 \u00a1Previsi\u00f3n meteorol\u00f3gica actual!\" \/>\n<meta name=\"robots\" content=\"index, follow, max-snippet:-1, max-image-preview:large, max-video-preview:-1\" \/>\n<link rel=\"canonical\" href=\"https:\/\/weather-radar-live.com\/es\/webcam\/italia\/webcam-stelvio\/\" \/>\n<meta property=\"og:locale\" content=\"es_ES\" \/>\n<meta property=\"og:type\" content=\"article\" \/>\n<meta property=\"og:title\" content=\"Webcam Stelvio \u2192 \u00a1M\u00edralo en directo!\" \/>\n<meta property=\"og:description\" content=\"Webcam Stelvio | \u00a1C\u00e1mara en vivo de Stelvio! \u2705 \u00a1Actualizada para ti en tiempo real! \u2705 \u00a1Previsi\u00f3n meteorol\u00f3gica actual!\" \/>\n<meta property=\"og:url\" content=\"https:\/\/weather-radar-live.com\/es\/webcam\/italia\/webcam-stelvio\/\" \/>\n<meta property=\"og:site_name\" content=\"weather-radar-live.com\" \/>\n<meta property=\"article:modified_time\" content=\"2022-08-11T13:24:48+00:00\" \/>\n<meta property=\"og:image\" content=\"https:\/\/weather-radar-live.com\/wp-content\/uploads\/2022\/08\/Webcam-Stelvio-e1660149388700.jpg\" \/>\n\t<meta property=\"og:image:width\" content=\"1895\" \/>\n\t<meta property=\"og:image:height\" content=\"735\" \/>\n\t<meta property=\"og:image:type\" content=\"image\/jpeg\" \/>\n<meta name=\"twitter:card\" content=\"summary_large_image\" \/>\n<meta name=\"twitter:label1\" content=\"Tiempo de lectura\" \/>\n\t<meta name=\"twitter:data1\" content=\"3 minutos\" \/>\n<script type=\"application\/ld+json\" class=\"yoast-schema-graph\">{\"@context\":\"https:\\\/\\\/schema.org\",\"@graph\":[{\"@type\":\"WebPage\",\"@id\":\"https:\\\/\\\/weather-radar-live.com\\\/es\\\/webcam\\\/italia\\\/webcam-stelvio\\\/\",\"url\":\"https:\\\/\\\/weather-radar-live.com\\\/es\\\/webcam\\\/italia\\\/webcam-stelvio\\\/\",\"name\":\"Webcam Stelvio \u2192 \u00a1M\u00edralo en directo!\",\"isPartOf\":{\"@id\":\"https:\\\/\\\/weather-radar-live.com\\\/#website\"},\"primaryImageOfPage\":{\"@id\":\"https:\\\/\\\/weather-radar-live.com\\\/es\\\/webcam\\\/italia\\\/webcam-stelvio\\\/#primaryimage\"},\"image\":{\"@id\":\"https:\\\/\\\/weather-radar-live.com\\\/es\\\/webcam\\\/italia\\\/webcam-stelvio\\\/#primaryimage\"},\"thumbnailUrl\":\"https:\\\/\\\/weather-radar-live.com\\\/wp-content\\\/uploads\\\/2022\\\/08\\\/Webcam-Stelvio-e1660149388700.jpg\",\"datePublished\":\"2022-08-11T13:21:19+00:00\",\"dateModified\":\"2022-08-11T13:24:48+00:00\",\"description\":\"Webcam Stelvio | \u00a1C\u00e1mara en vivo de Stelvio! \u2705 \u00a1Actualizada para ti en tiempo real! \u2705 \u00a1Previsi\u00f3n meteorol\u00f3gica actual!\",\"breadcrumb\":{\"@id\":\"https:\\\/\\\/weather-radar-live.com\\\/es\\\/webcam\\\/italia\\\/webcam-stelvio\\\/#breadcrumb\"},\"inLanguage\":\"es\",\"potentialAction\":[{\"@type\":\"ReadAction\",\"target\":[\"https:\\\/\\\/weather-radar-live.com\\\/es\\\/webcam\\\/italia\\\/webcam-stelvio\\\/\"]}]},{\"@type\":\"ImageObject\",\"inLanguage\":\"es\",\"@id\":\"https:\\\/\\\/weather-radar-live.com\\\/es\\\/webcam\\\/italia\\\/webcam-stelvio\\\/#primaryimage\",\"url\":\"https:\\\/\\\/weather-radar-live.com\\\/wp-content\\\/uploads\\\/2022\\\/08\\\/Webcam-Stelvio-e1660149388700.jpg\",\"contentUrl\":\"https:\\\/\\\/weather-radar-live.com\\\/wp-content\\\/uploads\\\/2022\\\/08\\\/Webcam-Stelvio-e1660149388700.jpg\",\"width\":1895,\"height\":735,\"caption\":\"Webcam Stelvio\"},{\"@type\":\"BreadcrumbList\",\"@id\":\"https:\\\/\\\/weather-radar-live.com\\\/es\\\/webcam\\\/italia\\\/webcam-stelvio\\\/#breadcrumb\",\"itemListElement\":[{\"@type\":\"ListItem\",\"position\":1,\"name\":\"Weather Radar Live\",\"item\":\"https:\\\/\\\/weather-radar-live.com\\\/es\\\/\"},{\"@type\":\"ListItem\",\"position\":2,\"name\":\"C\u00e1mara web\",\"item\":\"https:\\\/\\\/weather-radar-live.com\\\/es\\\/webcam\\\/\"},{\"@type\":\"ListItem\",\"position\":3,\"name\":\"Italia\",\"item\":\"https:\\\/\\\/weather-radar-live.com\\\/es\\\/webcam\\\/italia\\\/\"},{\"@type\":\"ListItem\",\"position\":4,\"name\":\"Webcam Stelvio\"}]},{\"@type\":\"WebSite\",\"@id\":\"https:\\\/\\\/weather-radar-live.com\\\/#website\",\"url\":\"https:\\\/\\\/weather-radar-live.com\\\/\",\"name\":\"weather-radar-live.com\",\"description\":\"Your weather and sky radar.\",\"publisher\":{\"@id\":\"https:\\\/\\\/weather-radar-live.com\\\/#organization\"},\"potentialAction\":[{\"@type\":\"SearchAction\",\"target\":{\"@type\":\"EntryPoint\",\"urlTemplate\":\"https:\\\/\\\/weather-radar-live.com\\\/?s={search_term_string}\"},\"query-input\":{\"@type\":\"PropertyValueSpecification\",\"valueRequired\":true,\"valueName\":\"search_term_string\"}}],\"inLanguage\":\"es\"},{\"@type\":\"Organization\",\"@id\":\"https:\\\/\\\/weather-radar-live.com\\\/#organization\",\"name\":\"weather-radar-live.com\",\"url\":\"https:\\\/\\\/weather-radar-live.com\\\/\",\"logo\":{\"@type\":\"ImageObject\",\"inLanguage\":\"es\",\"@id\":\"https:\\\/\\\/weather-radar-live.com\\\/#\\\/schema\\\/logo\\\/image\\\/\",\"url\":\"https:\\\/\\\/weather-radar-live.com\\\/wp-content\\\/uploads\\\/2022\\\/03\\\/cropped-WRL2503.png\",\"contentUrl\":\"https:\\\/\\\/weather-radar-live.com\\\/wp-content\\\/uploads\\\/2022\\\/03\\\/cropped-WRL2503.png\",\"width\":1920,\"height\":555,\"caption\":\"weather-radar-live.com\"},\"image\":{\"@id\":\"https:\\\/\\\/weather-radar-live.com\\\/#\\\/schema\\\/logo\\\/image\\\/\"}}]}<\/script>\n<!-- \/ Yoast SEO plugin. -->","yoast_head_json":{"title":"Webcam Stelvio \u2192 \u00a1M\u00edralo en directo!","description":"Webcam Stelvio | \u00a1C\u00e1mara en vivo de Stelvio! \u2705 \u00a1Actualizada para ti en tiempo real! \u2705 \u00a1Previsi\u00f3n meteorol\u00f3gica actual!","robots":{"index":"index","follow":"follow","max-snippet":"max-snippet:-1","max-image-preview":"max-image-preview:large","max-video-preview":"max-video-preview:-1"},"canonical":"https:\/\/weather-radar-live.com\/es\/webcam\/italia\/webcam-stelvio\/","og_locale":"es_ES","og_type":"article","og_title":"Webcam Stelvio \u2192 \u00a1M\u00edralo en directo!","og_description":"Webcam Stelvio | \u00a1C\u00e1mara en vivo de Stelvio! \u2705 \u00a1Actualizada para ti en tiempo real! \u2705 \u00a1Previsi\u00f3n meteorol\u00f3gica actual!","og_url":"https:\/\/weather-radar-live.com\/es\/webcam\/italia\/webcam-stelvio\/","og_site_name":"weather-radar-live.com","article_modified_time":"2022-08-11T13:24:48+00:00","og_image":[{"width":1895,"height":735,"url":"https:\/\/weather-radar-live.com\/wp-content\/uploads\/2022\/08\/Webcam-Stelvio-e1660149388700.jpg","type":"image\/jpeg"}],"twitter_card":"summary_large_image","twitter_misc":{"Tiempo de lectura":"3 minutos"},"schema":{"@context":"https:\/\/schema.org","@graph":[{"@type":"WebPage","@id":"https:\/\/weather-radar-live.com\/es\/webcam\/italia\/webcam-stelvio\/","url":"https:\/\/weather-radar-live.com\/es\/webcam\/italia\/webcam-stelvio\/","name":"Webcam Stelvio \u2192 \u00a1M\u00edralo en directo!","isPartOf":{"@id":"https:\/\/weather-radar-live.com\/#website"},"primaryImageOfPage":{"@id":"https:\/\/weather-radar-live.com\/es\/webcam\/italia\/webcam-stelvio\/#primaryimage"},"image":{"@id":"https:\/\/weather-radar-live.com\/es\/webcam\/italia\/webcam-stelvio\/#primaryimage"},"thumbnailUrl":"https:\/\/weather-radar-live.com\/wp-content\/uploads\/2022\/08\/Webcam-Stelvio-e1660149388700.jpg","datePublished":"2022-08-11T13:21:19+00:00","dateModified":"2022-08-11T13:24:48+00:00","description":"Webcam Stelvio | \u00a1C\u00e1mara en vivo de Stelvio! \u2705 \u00a1Actualizada para ti en tiempo real! \u2705 \u00a1Previsi\u00f3n meteorol\u00f3gica actual!","breadcrumb":{"@id":"https:\/\/weather-radar-live.com\/es\/webcam\/italia\/webcam-stelvio\/#breadcrumb"},"inLanguage":"es","potentialAction":[{"@type":"ReadAction","target":["https:\/\/weather-radar-live.com\/es\/webcam\/italia\/webcam-stelvio\/"]}]},{"@type":"ImageObject","inLanguage":"es","@id":"https:\/\/weather-radar-live.com\/es\/webcam\/italia\/webcam-stelvio\/#primaryimage","url":"https:\/\/weather-radar-live.com\/wp-content\/uploads\/2022\/08\/Webcam-Stelvio-e1660149388700.jpg","contentUrl":"https:\/\/weather-radar-live.com\/wp-content\/uploads\/2022\/08\/Webcam-Stelvio-e1660149388700.jpg","width":1895,"height":735,"caption":"Webcam Stelvio"},{"@type":"BreadcrumbList","@id":"https:\/\/weather-radar-live.com\/es\/webcam\/italia\/webcam-stelvio\/#breadcrumb","itemListElement":[{"@type":"ListItem","position":1,"name":"Weather Radar Live","item":"https:\/\/weather-radar-live.com\/es\/"},{"@type":"ListItem","position":2,"name":"C\u00e1mara web","item":"https:\/\/weather-radar-live.com\/es\/webcam\/"},{"@type":"ListItem","position":3,"name":"Italia","item":"https:\/\/weather-radar-live.com\/es\/webcam\/italia\/"},{"@type":"ListItem","position":4,"name":"Webcam Stelvio"}]},{"@type":"WebSite","@id":"https:\/\/weather-radar-live.com\/#website","url":"https:\/\/weather-radar-live.com\/","name":"weather-radar-live.com","description":"Your weather and sky radar.","publisher":{"@id":"https:\/\/weather-radar-live.com\/#organization"},"potentialAction":[{"@type":"SearchAction","target":{"@type":"EntryPoint","urlTemplate":"https:\/\/weather-radar-live.com\/?s={search_term_string}"},"query-input":{"@type":"PropertyValueSpecification","valueRequired":true,"valueName":"search_term_string"}}],"inLanguage":"es"},{"@type":"Organization","@id":"https:\/\/weather-radar-live.com\/#organization","name":"weather-radar-live.com","url":"https:\/\/weather-radar-live.com\/","logo":{"@type":"ImageObject","inLanguage":"es","@id":"https:\/\/weather-radar-live.com\/#\/schema\/logo\/image\/","url":"https:\/\/weather-radar-live.com\/wp-content\/uploads\/2022\/03\/cropped-WRL2503.png","contentUrl":"https:\/\/weather-radar-live.com\/wp-content\/uploads\/2022\/03\/cropped-WRL2503.png","width":1920,"height":555,"caption":"weather-radar-live.com"},"image":{"@id":"https:\/\/weather-radar-live.com\/#\/schema\/logo\/image\/"}}]}},"_links":{"self":[{"href":"https:\/\/weather-radar-live.com\/es\/wp-json\/wp\/v2\/pages\/6578","targetHints":{"allow":["GET"]}}],"collection":[{"href":"https:\/\/weather-radar-live.com\/es\/wp-json\/wp\/v2\/pages"}],"about":[{"href":"https:\/\/weather-radar-live.com\/es\/wp-json\/wp\/v2\/types\/page"}],"author":[{"embeddable":true,"href":"https:\/\/weather-radar-live.com\/es\/wp-json\/wp\/v2\/users\/1"}],"replies":[{"embeddable":true,"href":"https:\/\/weather-radar-live.com\/es\/wp-json\/wp\/v2\/comments?post=6578"}],"version-history":[{"count":2,"href":"https:\/\/weather-radar-live.com\/es\/wp-json\/wp\/v2\/pages\/6578\/revisions"}],"predecessor-version":[{"id":6604,"href":"https:\/\/weather-radar-live.com\/es\/wp-json\/wp\/v2\/pages\/6578\/revisions\/6604"}],"up":[{"embeddable":true,"href":"https:\/\/weather-radar-live.com\/es\/wp-json\/wp\/v2\/pages\/4313"}],"wp:featuredmedia":[{"embeddable":true,"href":"https:\/\/weather-radar-live.com\/es\/wp-json\/wp\/v2\/media\/6515"}],"wp:attachment":[{"href":"https:\/\/weather-radar-live.com\/es\/wp-json\/wp\/v2\/media?parent=6578"}],"curies":[{"name":"wp","href":"https:\/\/api.w.org\/{rel}","templated":true}]}}