{"id":6397,"date":"2022-08-09T16:22:01","date_gmt":"2022-08-09T14:22:01","guid":{"rendered":"https:\/\/weather-radar-live.com\/?page_id=6397"},"modified":"2022-08-09T16:24:03","modified_gmt":"2022-08-09T14:24:03","slug":"webcam-campo-felice","status":"publish","type":"page","link":"https:\/\/weather-radar-live.com\/es\/webcam\/italia\/webcam-campo-felice\/","title":{"rendered":"Webcam Campo Felice"},"content":{"rendered":"<div id=\"weath-2797789684\" class=\"weath-vor-dem-inhalt weath-entity-placement\" style=\"margin-top: 15px;margin-right: 25px;margin-bottom: 40px;margin-left: 25px;\"><script async src=\"\/\/pagead2.googlesyndication.com\/pagead\/js\/adsbygoogle.js?client=ca-pub-8960936133935804\" crossorigin=\"anonymous\"><\/script><ins class=\"adsbygoogle\" style=\"display:block;\" data-ad-client=\"ca-pub-8960936133935804\" \ndata-ad-slot=\"6172817020\" \ndata-ad-format=\"auto\"><\/ins>\n<script> \n(adsbygoogle = window.adsbygoogle || []).push({}); \n<\/script>\n<\/div>\n<div class=\"wp-block-cover alignfull is-light\"><span aria-hidden=\"true\" class=\"wp-block-cover__gradient-background has-background-dim\"><\/span><img decoding=\"async\" class=\"wp-block-cover__image-background wp-image-342\" alt=\"Webcam Campo Felice\" src=\"https:\/\/weather-radar-live.com\/wp-content\/uploads\/2021\/06\/sam-schooler-E9aetBe2w40-unsplash-e1622554814366.jpg\" data-object-fit=\"cover\"\/><div class=\"wp-block-cover__inner-container is-layout-flow wp-block-cover-is-layout-flow\">\n<h2 class=\"has-text-align-center heading wp-block-heading\" id=\"webcam-fort-mahon\" style=\"font-size:40px\"><strong><mark style=\"background-color:rgba(0, 0, 0, 0)\" class=\"has-inline-color has-base-3-color\">WEBCAM <\/mark><\/strong><br><strong><mark style=\"background-color:rgba(0, 0, 0, 0)\" class=\"has-inline-color has-base-3-color\">CAMPO FELICE<\/mark><\/strong><\/h2>\n<\/div><\/div>\n\n\n<div class=\"yoast-breadcrumbs\"><span><span><a href=\"https:\/\/weather-radar-live.com\/es\/\">Weather Radar Live<\/a><\/span> \u00bb <span><a href=\"https:\/\/weather-radar-live.com\/es\/webcam\/\">C\u00e1mara web<\/a><\/span> \u00bb <span><a href=\"https:\/\/weather-radar-live.com\/es\/webcam\/italia\/\">Italia<\/a><\/span> \u00bb <span class=\"breadcrumb_last\" aria-current=\"page\"><strong>Webcam Campo Felice<\/strong><\/span><\/span><\/div>\n\n\n<h2 class=\"has-text-align-center wp-block-heading\" id=\"webcam-fort-mahon\"><strong>Webcam Campo Felice<\/strong><\/h2>\n\n\n\n<p>Nuestra webcam Campo Felice capta para usted el bullicio del Camping Village del mismo nombre. El parque de vacaciones Campo Felice se encuentra en Tenero, en la orilla suiza del paradis\u00edaco lago Maggiore. El parque, que ocupa unas 15 hect\u00e1reas, cuenta con una playa privada de 400 metros y ofrece una estructura muy confortable con guarder\u00eda y mucho m\u00e1s. La ciudad de Tenero, en el cant\u00f3n del Tesino, se encuentra a pocos minutos en coche tanto del centro cultural de Locarno como de Ascona, la llamada perla del lago Mayor. Por encima de Tenero, en el Tesino, se encuentra el salvaje y rom\u00e1ntico Valle de Verzasca, dominado por el Lago di Vogorno y el Verzasca, un r\u00edo salvaje. Tambi\u00e9n es f\u00e1cil llegar a Tenero y Campo Felice en transporte p\u00fablico.<\/p>\n\n\n\n<p>El parque vacacional de Campo Felice est\u00e1 situado a unos 209 metros sobre el nivel del mar. El macizo monta\u00f1oso adyacente que rodea a Tenero cubre un rango de altitud de hasta 1.044 metros. En una superficie de s\u00f3lo 3,69 metros cuadrados, el municipio de Tenero ofrece muchos lugares de inter\u00e9s y naturaleza pura. El cant\u00f3n del Tesino, cuya lengua oficial es el italiano, tiene su punto m\u00e1s bajo en el lago Maggiore, directamente en Campo Felice. Situado en el lado sur de los Alpes, el Tesino forma la mayor parte de la Suiza italiana. En Campo Felice podr\u00e1 disfrutar del ambiente italiano en su m\u00e1s pura cultura.<\/p><div id=\"weath-1147357518\" class=\"weath-inhalt_2 weath-entity-placement\" style=\"margin-top: 15px;margin-right: 25px;margin-bottom: 35px;margin-left: 25px;\"><script async src=\"\/\/pagead2.googlesyndication.com\/pagead\/js\/adsbygoogle.js?client=ca-pub-8960936133935804\" crossorigin=\"anonymous\"><\/script><ins class=\"adsbygoogle\" style=\"display:block;\" data-ad-client=\"ca-pub-8960936133935804\" \ndata-ad-slot=\"1963584050\" \ndata-ad-format=\"auto\"><\/ins>\n<script> \n(adsbygoogle = window.adsbygoogle || []).push({}); \n<\/script>\n<\/div>\n\n\n\n<div class=\"wp-block-columns is-layout-flex wp-container-core-columns-is-layout-9d6595d7 wp-block-columns-is-layout-flex\">\n<div class=\"wp-block-column is-layout-flow wp-block-column-is-layout-flow\" style=\"flex-basis:25%\"><\/div>\n\n\n\n<div class=\"wp-block-column webcam-column is-layout-flow wp-block-column-is-layout-flow\">\n<h3 class=\"has-text-align-center wp-block-heading\"> \ud83d\udd34 <strong>Webcam Campo Felice<\/strong> &#8211; Camping Village<\/h3>\n\n\n\n<a name=\"windy-webcam-timelapse-player\" data-id=\"1292513058\" data-play=\"day\" href=\"https:\/\/windy.com\/webcams\/1292513058\" target=\"_blank\" rel=\"noopener\">Tenero: Campo Felice Camping Village<\/a><script async=\"\" type=\"text\/javascript\" src=\"https:\/\/webcams.windy.com\/webcams\/public\/embed\/script\/player.js\"><\/script>\n<\/div>\n\n\n\n<div class=\"wp-block-column is-layout-flow wp-block-column-is-layout-flow\" style=\"flex-basis:25%\"><\/div>\n<\/div>\n\n\n\n<h2 class=\"wp-block-heading\" id=\"fort-mahon-today\"><strong>Radar meteorol\u00f3gico de Campo Felice &#8211; El tiempo en Campo Felice<\/strong><\/h2>\n\n\n\n<p>Adem\u00e1s de una excelente vista del Camping Village, la webcam de Campo Felice tambi\u00e9n le ofrece un radar meteorol\u00f3gico, para que est\u00e9 siempre bien informado. El radar meteorol\u00f3gico le muestra tanto las horas de sol previstas como la cantidad de precipitaciones en diferentes colores y tambi\u00e9n le avisa de las tormentas. Los diferentes colores indican la intensidad de las precipitaciones. El azul y el verde significan lluvia ligera, mientras que el morado y el rojo indican una gran cantidad de precipitaciones. El peque\u00f1o s\u00edmbolo del rayo indica si se aproxima una tormenta.<\/p>\n\n\n\n<div class=\"wp-block-columns is-layout-flex wp-container-core-columns-is-layout-9d6595d7 wp-block-columns-is-layout-flex\">\n<div class=\"wp-block-column is-layout-flow wp-block-column-is-layout-flow\" style=\"flex-basis:75%\">\n<iframe loading=\"lazy\" width=\"1300\" height=\"502\" src=\"https:\/\/embed.windy.com\/embed2.html?lat=46.127&amp;lon=8.845&amp;detailLat=46.166&amp;detailLon=8.841&amp;width=1300&amp;height=502&amp;zoom=11&amp;level=surface&amp;overlay=rain&amp;product=ecmwf&amp;menu=&amp;message=&amp;marker=&amp;calendar=now&amp;pressure=&amp;type=map&amp;location=coordinates&amp;detail=&amp;metricWind=default&amp;metricTemp=default&amp;radarRange=-1\" frameborder=\"0\"><\/iframe>\n<\/div>\n\n\n\n<div class=\"wp-block-column is-layout-flow wp-block-column-is-layout-flow\" style=\"flex-basis:25%\">\n<a class=\"weatherwidget-io\" href=\"https:\/\/forecast7.com\/es\/45d788d26\/locarno\/\" data-label_1=\"LOCARNO\" data-theme=\"original\" >LOCARNO<\/a>\n<script>\n!function(d,s,id){var js,fjs=d.getElementsByTagName(s)[0];if(!d.getElementById(id)){js=d.createElement(s);js.id=id;js.src='https:\/\/weatherwidget.io\/js\/widget.min.js';fjs.parentNode.insertBefore(js,fjs);}}(document,'script','weatherwidget-io-js');\n<\/script>\n<\/div>\n<\/div>\n\n\n\n<h2 class=\"wp-block-heading\" id=\"fort-mahon-weather\"><strong>El clima en Campo Felice<\/strong><\/h2>\n\n\n\n<p>Campo Felice pertenece a las regiones de clima continental. Durante los meses de invierno las temperaturas son de una media de 4-5 \u00b0C. En los meses de verano el term\u00f3metro sube hasta unos 25 \u00b0C. El mes con mayores precipitaciones en Campo Felice es noviembre, con hasta 37-49 litros por metro cuadrado. Los dem\u00e1s meses del a\u00f1o son secos y suaves. Campo Felice es una de las regiones m\u00e1s soleadas de Suiza, con unas 2.170 horas anuales de sol, muy por encima de la media.<\/p>\n\n\n\n<h2 class=\"wp-block-heading\"><strong>Atracciones en Campo Felice<\/strong><\/h2>\n\n\n\n<p>El parque vacacional de Campo Felice es el punto de partida ideal para realizar excursiones en bicicleta y a pie por el hermoso Tesino. Merece la pena ver las iglesias parroquiales de Santi Pietro y Vincenzo y la de San Bernardo en Tenero. El oratorio del siglo XVII Beata Vergine della Fraccia tambi\u00e9n merece una visita. Por supuesto, tambi\u00e9n debe visitar el castillo de Tenero en la plaza Canevascini. El punto culminante por excelencia ser\u00e1 el lago Maggiore con sus m\u00e1s de 212 kil\u00f3metros cuadrados de superficie y sus dos islas. El soleado lago Maggiore le invita a ba\u00f1arse casi todo el a\u00f1o.<\/p>\n","protected":false},"excerpt":{"rendered":"<p>Webcam Campo Felice Nuestra webcam Campo Felice capta para usted el bullicio del Camping Village del mismo nombre. El parque de vacaciones Campo Felice se encuentra en Tenero, en la orilla suiza del paradis\u00edaco lago Maggiore. El parque, que ocupa unas 15 hect\u00e1reas, cuenta con una playa privada de 400 metros y ofrece una estructura &#8230; <a title=\"Webcam Campo Felice\" class=\"read-more\" href=\"https:\/\/weather-radar-live.com\/es\/webcam\/italia\/webcam-campo-felice\/\" aria-label=\"Leer m\u00e1s sobre Webcam Campo Felice\">Leer m\u00e1s<\/a><\/p>\n","protected":false},"author":1,"featured_media":5035,"parent":4313,"menu_order":0,"comment_status":"closed","ping_status":"closed","template":"","meta":{"footnotes":""},"class_list":["post-6397","page","type-page","status-publish","has-post-thumbnail"],"yoast_head":"<!-- This site is optimized with the Yoast SEO plugin v27.4 - https:\/\/yoast.com\/product\/yoast-seo-wordpress\/ -->\n<title>Webcam Campo Felice \u2192 \u00a1M\u00edralo en directo!<\/title>\n<meta name=\"description\" content=\"Webcam Campo Felice | \u00a1Livecam de Campo Felice! \u2705 \u00a1Actualizada para ti en tiempo real! \u2705 \u00a1Previsi\u00f3n meteorol\u00f3gica actual!\" \/>\n<meta name=\"robots\" content=\"index, follow, max-snippet:-1, max-image-preview:large, max-video-preview:-1\" \/>\n<link rel=\"canonical\" href=\"https:\/\/weather-radar-live.com\/es\/webcam\/italia\/webcam-campo-felice\/\" \/>\n<meta property=\"og:locale\" content=\"es_ES\" \/>\n<meta property=\"og:type\" content=\"article\" \/>\n<meta property=\"og:title\" content=\"Webcam Campo Felice \u2192 \u00a1M\u00edralo en directo!\" \/>\n<meta property=\"og:description\" content=\"Webcam Campo Felice | \u00a1Livecam de Campo Felice! \u2705 \u00a1Actualizada para ti en tiempo real! \u2705 \u00a1Previsi\u00f3n meteorol\u00f3gica actual!\" \/>\n<meta property=\"og:url\" content=\"https:\/\/weather-radar-live.com\/es\/webcam\/italia\/webcam-campo-felice\/\" \/>\n<meta property=\"og:site_name\" content=\"weather-radar-live.com\" \/>\n<meta property=\"article:modified_time\" content=\"2022-08-09T14:24:03+00:00\" \/>\n<meta property=\"og:image\" content=\"https:\/\/weather-radar-live.com\/wp-content\/uploads\/2022\/07\/Webcam-Sierra-Nevada-e1658218397839.png\" \/>\n\t<meta property=\"og:image:width\" content=\"397\" \/>\n\t<meta property=\"og:image:height\" content=\"206\" \/>\n\t<meta property=\"og:image:type\" content=\"image\/png\" \/>\n<meta name=\"twitter:card\" content=\"summary_large_image\" \/>\n<meta name=\"twitter:label1\" content=\"Tiempo de lectura\" \/>\n\t<meta name=\"twitter:data1\" content=\"3 minutos\" \/>\n<script type=\"application\/ld+json\" class=\"yoast-schema-graph\">{\"@context\":\"https:\\\/\\\/schema.org\",\"@graph\":[{\"@type\":\"WebPage\",\"@id\":\"https:\\\/\\\/weather-radar-live.com\\\/es\\\/webcam\\\/italia\\\/webcam-campo-felice\\\/\",\"url\":\"https:\\\/\\\/weather-radar-live.com\\\/es\\\/webcam\\\/italia\\\/webcam-campo-felice\\\/\",\"name\":\"Webcam Campo Felice \u2192 \u00a1M\u00edralo en directo!\",\"isPartOf\":{\"@id\":\"https:\\\/\\\/weather-radar-live.com\\\/#website\"},\"primaryImageOfPage\":{\"@id\":\"https:\\\/\\\/weather-radar-live.com\\\/es\\\/webcam\\\/italia\\\/webcam-campo-felice\\\/#primaryimage\"},\"image\":{\"@id\":\"https:\\\/\\\/weather-radar-live.com\\\/es\\\/webcam\\\/italia\\\/webcam-campo-felice\\\/#primaryimage\"},\"thumbnailUrl\":\"https:\\\/\\\/weather-radar-live.com\\\/wp-content\\\/uploads\\\/2022\\\/07\\\/Webcam-Sierra-Nevada-e1658218397839.png\",\"datePublished\":\"2022-08-09T14:22:01+00:00\",\"dateModified\":\"2022-08-09T14:24:03+00:00\",\"description\":\"Webcam Campo Felice | \u00a1Livecam de Campo Felice! \u2705 \u00a1Actualizada para ti en tiempo real! \u2705 \u00a1Previsi\u00f3n meteorol\u00f3gica actual!\",\"breadcrumb\":{\"@id\":\"https:\\\/\\\/weather-radar-live.com\\\/es\\\/webcam\\\/italia\\\/webcam-campo-felice\\\/#breadcrumb\"},\"inLanguage\":\"es\",\"potentialAction\":[{\"@type\":\"ReadAction\",\"target\":[\"https:\\\/\\\/weather-radar-live.com\\\/es\\\/webcam\\\/italia\\\/webcam-campo-felice\\\/\"]}]},{\"@type\":\"ImageObject\",\"inLanguage\":\"es\",\"@id\":\"https:\\\/\\\/weather-radar-live.com\\\/es\\\/webcam\\\/italia\\\/webcam-campo-felice\\\/#primaryimage\",\"url\":\"https:\\\/\\\/weather-radar-live.com\\\/wp-content\\\/uploads\\\/2022\\\/07\\\/Webcam-Sierra-Nevada-e1658218397839.png\",\"contentUrl\":\"https:\\\/\\\/weather-radar-live.com\\\/wp-content\\\/uploads\\\/2022\\\/07\\\/Webcam-Sierra-Nevada-e1658218397839.png\",\"width\":397,\"height\":206,\"caption\":\"Webcam Sierra Nevada\"},{\"@type\":\"BreadcrumbList\",\"@id\":\"https:\\\/\\\/weather-radar-live.com\\\/es\\\/webcam\\\/italia\\\/webcam-campo-felice\\\/#breadcrumb\",\"itemListElement\":[{\"@type\":\"ListItem\",\"position\":1,\"name\":\"Weather Radar Live\",\"item\":\"https:\\\/\\\/weather-radar-live.com\\\/es\\\/\"},{\"@type\":\"ListItem\",\"position\":2,\"name\":\"C\u00e1mara web\",\"item\":\"https:\\\/\\\/weather-radar-live.com\\\/es\\\/webcam\\\/\"},{\"@type\":\"ListItem\",\"position\":3,\"name\":\"Italia\",\"item\":\"https:\\\/\\\/weather-radar-live.com\\\/es\\\/webcam\\\/italia\\\/\"},{\"@type\":\"ListItem\",\"position\":4,\"name\":\"Webcam Campo Felice\"}]},{\"@type\":\"WebSite\",\"@id\":\"https:\\\/\\\/weather-radar-live.com\\\/#website\",\"url\":\"https:\\\/\\\/weather-radar-live.com\\\/\",\"name\":\"weather-radar-live.com\",\"description\":\"Your weather and sky radar.\",\"publisher\":{\"@id\":\"https:\\\/\\\/weather-radar-live.com\\\/#organization\"},\"potentialAction\":[{\"@type\":\"SearchAction\",\"target\":{\"@type\":\"EntryPoint\",\"urlTemplate\":\"https:\\\/\\\/weather-radar-live.com\\\/?s={search_term_string}\"},\"query-input\":{\"@type\":\"PropertyValueSpecification\",\"valueRequired\":true,\"valueName\":\"search_term_string\"}}],\"inLanguage\":\"es\"},{\"@type\":\"Organization\",\"@id\":\"https:\\\/\\\/weather-radar-live.com\\\/#organization\",\"name\":\"weather-radar-live.com\",\"url\":\"https:\\\/\\\/weather-radar-live.com\\\/\",\"logo\":{\"@type\":\"ImageObject\",\"inLanguage\":\"es\",\"@id\":\"https:\\\/\\\/weather-radar-live.com\\\/#\\\/schema\\\/logo\\\/image\\\/\",\"url\":\"https:\\\/\\\/weather-radar-live.com\\\/wp-content\\\/uploads\\\/2022\\\/03\\\/cropped-WRL2503.png\",\"contentUrl\":\"https:\\\/\\\/weather-radar-live.com\\\/wp-content\\\/uploads\\\/2022\\\/03\\\/cropped-WRL2503.png\",\"width\":1920,\"height\":555,\"caption\":\"weather-radar-live.com\"},\"image\":{\"@id\":\"https:\\\/\\\/weather-radar-live.com\\\/#\\\/schema\\\/logo\\\/image\\\/\"}}]}<\/script>\n<!-- \/ Yoast SEO plugin. -->","yoast_head_json":{"title":"Webcam Campo Felice \u2192 \u00a1M\u00edralo en directo!","description":"Webcam Campo Felice | \u00a1Livecam de Campo Felice! \u2705 \u00a1Actualizada para ti en tiempo real! \u2705 \u00a1Previsi\u00f3n meteorol\u00f3gica actual!","robots":{"index":"index","follow":"follow","max-snippet":"max-snippet:-1","max-image-preview":"max-image-preview:large","max-video-preview":"max-video-preview:-1"},"canonical":"https:\/\/weather-radar-live.com\/es\/webcam\/italia\/webcam-campo-felice\/","og_locale":"es_ES","og_type":"article","og_title":"Webcam Campo Felice \u2192 \u00a1M\u00edralo en directo!","og_description":"Webcam Campo Felice | \u00a1Livecam de Campo Felice! \u2705 \u00a1Actualizada para ti en tiempo real! \u2705 \u00a1Previsi\u00f3n meteorol\u00f3gica actual!","og_url":"https:\/\/weather-radar-live.com\/es\/webcam\/italia\/webcam-campo-felice\/","og_site_name":"weather-radar-live.com","article_modified_time":"2022-08-09T14:24:03+00:00","og_image":[{"width":397,"height":206,"url":"https:\/\/weather-radar-live.com\/wp-content\/uploads\/2022\/07\/Webcam-Sierra-Nevada-e1658218397839.png","type":"image\/png"}],"twitter_card":"summary_large_image","twitter_misc":{"Tiempo de lectura":"3 minutos"},"schema":{"@context":"https:\/\/schema.org","@graph":[{"@type":"WebPage","@id":"https:\/\/weather-radar-live.com\/es\/webcam\/italia\/webcam-campo-felice\/","url":"https:\/\/weather-radar-live.com\/es\/webcam\/italia\/webcam-campo-felice\/","name":"Webcam Campo Felice \u2192 \u00a1M\u00edralo en directo!","isPartOf":{"@id":"https:\/\/weather-radar-live.com\/#website"},"primaryImageOfPage":{"@id":"https:\/\/weather-radar-live.com\/es\/webcam\/italia\/webcam-campo-felice\/#primaryimage"},"image":{"@id":"https:\/\/weather-radar-live.com\/es\/webcam\/italia\/webcam-campo-felice\/#primaryimage"},"thumbnailUrl":"https:\/\/weather-radar-live.com\/wp-content\/uploads\/2022\/07\/Webcam-Sierra-Nevada-e1658218397839.png","datePublished":"2022-08-09T14:22:01+00:00","dateModified":"2022-08-09T14:24:03+00:00","description":"Webcam Campo Felice | \u00a1Livecam de Campo Felice! \u2705 \u00a1Actualizada para ti en tiempo real! \u2705 \u00a1Previsi\u00f3n meteorol\u00f3gica actual!","breadcrumb":{"@id":"https:\/\/weather-radar-live.com\/es\/webcam\/italia\/webcam-campo-felice\/#breadcrumb"},"inLanguage":"es","potentialAction":[{"@type":"ReadAction","target":["https:\/\/weather-radar-live.com\/es\/webcam\/italia\/webcam-campo-felice\/"]}]},{"@type":"ImageObject","inLanguage":"es","@id":"https:\/\/weather-radar-live.com\/es\/webcam\/italia\/webcam-campo-felice\/#primaryimage","url":"https:\/\/weather-radar-live.com\/wp-content\/uploads\/2022\/07\/Webcam-Sierra-Nevada-e1658218397839.png","contentUrl":"https:\/\/weather-radar-live.com\/wp-content\/uploads\/2022\/07\/Webcam-Sierra-Nevada-e1658218397839.png","width":397,"height":206,"caption":"Webcam Sierra Nevada"},{"@type":"BreadcrumbList","@id":"https:\/\/weather-radar-live.com\/es\/webcam\/italia\/webcam-campo-felice\/#breadcrumb","itemListElement":[{"@type":"ListItem","position":1,"name":"Weather Radar Live","item":"https:\/\/weather-radar-live.com\/es\/"},{"@type":"ListItem","position":2,"name":"C\u00e1mara web","item":"https:\/\/weather-radar-live.com\/es\/webcam\/"},{"@type":"ListItem","position":3,"name":"Italia","item":"https:\/\/weather-radar-live.com\/es\/webcam\/italia\/"},{"@type":"ListItem","position":4,"name":"Webcam Campo Felice"}]},{"@type":"WebSite","@id":"https:\/\/weather-radar-live.com\/#website","url":"https:\/\/weather-radar-live.com\/","name":"weather-radar-live.com","description":"Your weather and sky radar.","publisher":{"@id":"https:\/\/weather-radar-live.com\/#organization"},"potentialAction":[{"@type":"SearchAction","target":{"@type":"EntryPoint","urlTemplate":"https:\/\/weather-radar-live.com\/?s={search_term_string}"},"query-input":{"@type":"PropertyValueSpecification","valueRequired":true,"valueName":"search_term_string"}}],"inLanguage":"es"},{"@type":"Organization","@id":"https:\/\/weather-radar-live.com\/#organization","name":"weather-radar-live.com","url":"https:\/\/weather-radar-live.com\/","logo":{"@type":"ImageObject","inLanguage":"es","@id":"https:\/\/weather-radar-live.com\/#\/schema\/logo\/image\/","url":"https:\/\/weather-radar-live.com\/wp-content\/uploads\/2022\/03\/cropped-WRL2503.png","contentUrl":"https:\/\/weather-radar-live.com\/wp-content\/uploads\/2022\/03\/cropped-WRL2503.png","width":1920,"height":555,"caption":"weather-radar-live.com"},"image":{"@id":"https:\/\/weather-radar-live.com\/#\/schema\/logo\/image\/"}}]}},"_links":{"self":[{"href":"https:\/\/weather-radar-live.com\/es\/wp-json\/wp\/v2\/pages\/6397","targetHints":{"allow":["GET"]}}],"collection":[{"href":"https:\/\/weather-radar-live.com\/es\/wp-json\/wp\/v2\/pages"}],"about":[{"href":"https:\/\/weather-radar-live.com\/es\/wp-json\/wp\/v2\/types\/page"}],"author":[{"embeddable":true,"href":"https:\/\/weather-radar-live.com\/es\/wp-json\/wp\/v2\/users\/1"}],"replies":[{"embeddable":true,"href":"https:\/\/weather-radar-live.com\/es\/wp-json\/wp\/v2\/comments?post=6397"}],"version-history":[{"count":2,"href":"https:\/\/weather-radar-live.com\/es\/wp-json\/wp\/v2\/pages\/6397\/revisions"}],"predecessor-version":[{"id":6424,"href":"https:\/\/weather-radar-live.com\/es\/wp-json\/wp\/v2\/pages\/6397\/revisions\/6424"}],"up":[{"embeddable":true,"href":"https:\/\/weather-radar-live.com\/es\/wp-json\/wp\/v2\/pages\/4313"}],"wp:featuredmedia":[{"embeddable":true,"href":"https:\/\/weather-radar-live.com\/es\/wp-json\/wp\/v2\/media\/5035"}],"wp:attachment":[{"href":"https:\/\/weather-radar-live.com\/es\/wp-json\/wp\/v2\/media?parent=6397"}],"curies":[{"name":"wp","href":"https:\/\/api.w.org\/{rel}","templated":true}]}}