{"id":6281,"date":"2022-08-04T21:18:21","date_gmt":"2022-08-04T19:18:21","guid":{"rendered":"https:\/\/weather-radar-live.com\/?page_id=6281"},"modified":"2022-08-04T21:24:13","modified_gmt":"2022-08-04T19:24:13","slug":"webcam-abetone","status":"publish","type":"page","link":"https:\/\/weather-radar-live.com\/es\/webcam\/italia\/webcam-abetone\/","title":{"rendered":"Webcam Abetone"},"content":{"rendered":"<div id=\"weath-1712911728\" class=\"weath-vor-dem-inhalt weath-entity-placement\" style=\"margin-top: 15px;margin-right: 25px;margin-bottom: 40px;margin-left: 25px;\"><script async src=\"\/\/pagead2.googlesyndication.com\/pagead\/js\/adsbygoogle.js?client=ca-pub-8960936133935804\" crossorigin=\"anonymous\"><\/script><ins class=\"adsbygoogle\" style=\"display:block;\" data-ad-client=\"ca-pub-8960936133935804\" \ndata-ad-slot=\"6172817020\" \ndata-ad-format=\"auto\"><\/ins>\n<script> \n(adsbygoogle = window.adsbygoogle || []).push({}); \n<\/script>\n<\/div>\n<div class=\"wp-block-cover alignfull is-light\"><span aria-hidden=\"true\" class=\"wp-block-cover__gradient-background has-background-dim\"><\/span><img decoding=\"async\" class=\"wp-block-cover__image-background wp-image-342\" alt=\"Webcam Abetone\n\" src=\"https:\/\/weather-radar-live.com\/wp-content\/uploads\/2021\/06\/sam-schooler-E9aetBe2w40-unsplash-e1622554814366.jpg\" data-object-fit=\"cover\"\/><div class=\"wp-block-cover__inner-container is-layout-flow wp-block-cover-is-layout-flow\">\n<h2 class=\"has-text-align-center heading wp-block-heading\" id=\"webcam-fort-mahon\" style=\"font-size:40px\"><strong><mark style=\"background-color:rgba(0, 0, 0, 0)\" class=\"has-inline-color has-base-3-color\">WEBCAM <\/mark><\/strong><br><strong><mark style=\"background-color:rgba(0, 0, 0, 0)\" class=\"has-inline-color has-base-3-color\">ABETONE<\/mark><\/strong><\/h2>\n<\/div><\/div>\n\n\n<div class=\"yoast-breadcrumbs\"><span><span><a href=\"https:\/\/weather-radar-live.com\/es\/\">Weather Radar Live<\/a><\/span> \u00bb <span><a href=\"https:\/\/weather-radar-live.com\/es\/webcam\/\">C\u00e1mara web<\/a><\/span> \u00bb <span><a href=\"https:\/\/weather-radar-live.com\/es\/webcam\/italia\/\">Italia<\/a><\/span> \u00bb <span class=\"breadcrumb_last\" aria-current=\"page\"><strong>Webcam Abetone<\/strong><\/span><\/span><\/div>\n\n\n<h2 class=\"has-text-align-center wp-block-heading\" id=\"webcam-fort-mahon\"><strong>Webcam Abetone<\/strong><\/h2>\n\n\n\n<p>El manejable pueblo de 700 habitantes de Abetone est\u00e1 situado en la frontera norte de la Toscana. Pero el pueblo tiene mucho m\u00e1s que ofrecer que sol, playa y mar. Porque Abetone cuenta con una amplia zona de deportes de invierno, que acoge a sus visitantes con numerosas pistas de esqu\u00ed de fondo y remontes. Obtenga una primera impresi\u00f3n de la polifac\u00e9tica ciudad con la c\u00e1mara web de Abetone y d\u00e9jese inspirar por las vers\u00e1tiles posibilidades deportivas.<\/p>\n\n\n\n<p>Descubra la mayor estaci\u00f3n de esqu\u00ed del centro de Italia, situada en el coraz\u00f3n de la Monta\u00f1a Pistoiese, un para\u00edso para los amantes de los deportes de invierno y los veraneantes activos. Entre grandes paisajes y numerosos parques naturales, aqu\u00ed experimentar\u00e1 un impresionante panorama monta\u00f1oso que le invita a relajarse y a hacer deporte tanto en invierno como en verano.<\/p><div id=\"weath-3868302911\" class=\"weath-inhalt_2 weath-entity-placement\" style=\"margin-top: 15px;margin-right: 25px;margin-bottom: 35px;margin-left: 25px;\"><script async src=\"\/\/pagead2.googlesyndication.com\/pagead\/js\/adsbygoogle.js?client=ca-pub-8960936133935804\" crossorigin=\"anonymous\"><\/script><ins class=\"adsbygoogle\" style=\"display:block;\" data-ad-client=\"ca-pub-8960936133935804\" \ndata-ad-slot=\"1963584050\" \ndata-ad-format=\"auto\"><\/ins>\n<script> \n(adsbygoogle = window.adsbygoogle || []).push({}); \n<\/script>\n<\/div>\n\n\n\n<div class=\"wp-block-columns is-layout-flex wp-container-core-columns-is-layout-9d6595d7 wp-block-columns-is-layout-flex\">\n<div class=\"wp-block-column webcam-column is-layout-flow wp-block-column-is-layout-flow\">\n<h3 class=\"has-text-align-center wp-block-heading\"> \ud83d\udd34 <strong>Webcam<\/strong> <strong>Abetone<\/strong> &#8211; Noreste<\/h3>\n\n\n\n<a name=\"windy-webcam-timelapse-player\" data-id=\"1609329335\" data-play=\"day\" href=\"https:\/\/windy.com\/webcams\/1609329335\" target=\"_blank\" rel=\"noopener\">Abetone Cutigliano &#8216; Noreste<\/a><script async=\"\" type=\"text\/javascript\" src=\"https:\/\/webcams.windy.com\/webcams\/public\/embed\/script\/player.js\"><\/script>\n<\/div>\n\n\n\n<div class=\"wp-block-column webcam-column is-layout-flow wp-block-column-is-layout-flow\">\n<h3 class=\"has-text-align-center wp-block-heading\"> \ud83d\udd34 <strong>Webcam<\/strong> <strong><strong><strong><strong>Abetone<\/strong><\/strong><\/strong><\/strong>&#8211; Via Val di Luce<\/h3>\n\n\n\n<a name=\"windy-webcam-timelapse-player\" data-id=\"1582187405\" data-play=\"day\" href=\"https:\/\/windy.com\/webcams\/1582187405\" target=\"_blank\" rel=\"noopener\">Abetone Cutigliano: Via Val di Luce &#8211; Abetone<\/a><script async=\"\" type=\"text\/javascript\" src=\"https:\/\/webcams.windy.com\/webcams\/public\/embed\/script\/player.js\"><\/script>\n<\/div>\n<\/div>\n\n\n\n<div class=\"wp-block-columns is-layout-flex wp-container-core-columns-is-layout-9d6595d7 wp-block-columns-is-layout-flex\">\n<div class=\"wp-block-column webcam-column is-layout-flow wp-block-column-is-layout-flow\">\n<h3 class=\"has-text-align-center wp-block-heading\"> \ud83d\udd34 <strong>Webcam<\/strong> <strong>Abetone<\/strong> &#8211; Via Val di Luce (Norte)<\/h3>\n\n\n\n<a name=\"windy-webcam-timelapse-player\" data-id=\"1638158265\" data-play=\"day\" href=\"https:\/\/windy.com\/webcams\/1638158265\" target=\"_blank\" rel=\"noopener\">Abetone Cutigliano &#8216; Norte: Via Val di Luce<\/a><script async=\"\" type=\"text\/javascript\" src=\"https:\/\/webcams.windy.com\/webcams\/public\/embed\/script\/player.js\"><\/script>\n<\/div>\n\n\n\n<div class=\"wp-block-column webcam-column is-layout-flow wp-block-column-is-layout-flow\">\n<h3 class=\"has-text-align-center wp-block-heading\"> \ud83d\udd34 <strong>Webcam<\/strong> <strong><strong><strong><strong>Abetone<\/strong><\/strong><\/strong><\/strong> <strong> <\/strong> &#8211; Via Val di Luce (Sur) <\/h3>\n\n\n\n<a name=\"windy-webcam-timelapse-player\" data-id=\"1651049363\" data-play=\"day\" href=\"https:\/\/windy.com\/webcams\/1651049363\" target=\"_blank\" rel=\"noopener\">Abetone Cutigliano &#8216; Sur: Via Val di Luce<\/a><script async=\"\" type=\"text\/javascript\" src=\"https:\/\/webcams.windy.com\/webcams\/public\/embed\/script\/player.js\"><\/script>\n<\/div>\n<\/div>\n\n\n\n<div class=\"wp-block-columns is-layout-flex wp-container-core-columns-is-layout-9d6595d7 wp-block-columns-is-layout-flex\">\n<div class=\"wp-block-column webcam-column is-layout-flow wp-block-column-is-layout-flow\">\n<h3 class=\"has-text-align-center wp-block-heading\"> \ud83d\udd34 <strong>Webcam<\/strong> <strong><strong><strong><strong>Abetone<\/strong><\/strong>&#8211;<\/strong><\/strong> Via Val di Luce (sureste)<\/h3>\n\n\n\n<a name=\"windy-webcam-timelapse-player\" data-id=\"1633083125\" data-play=\"day\" href=\"https:\/\/windy.com\/webcams\/1633083125\" target=\"_blank\" rel=\"noopener\">Abetone Cutigliano &#8216; Sureste: Monte Gomito &#8211; Via Val di Luce<\/a><script async=\"\" type=\"text\/javascript\" src=\"https:\/\/webcams.windy.com\/webcams\/public\/embed\/script\/player.js\"><\/script>\n<\/div>\n\n\n\n<div class=\"wp-block-column webcam-column is-layout-flow wp-block-column-is-layout-flow\">\n<h3 class=\"has-text-align-center wp-block-heading\"> \ud83d\udd34 <strong>Webcam<\/strong> <strong><strong><strong><strong>Abetone<\/strong><\/strong><\/strong><\/strong> <strong> <\/strong> &#8211; (Noreste)<\/h3>\n\n\n\n<a name=\"windy-webcam-timelapse-player\" data-id=\"1638976612\" data-play=\"day\" href=\"https:\/\/windy.com\/webcams\/1638976612\" target=\"_blank\" rel=\"noopener\">Abetone Cutigliano &#8216; Noreste<\/a><script async=\"\" type=\"text\/javascript\" src=\"https:\/\/webcams.windy.com\/webcams\/public\/embed\/script\/player.js\"><\/script>\n<\/div>\n<\/div>\n\n\n\n<div class=\"wp-block-columns is-layout-flex wp-container-core-columns-is-layout-9d6595d7 wp-block-columns-is-layout-flex\">\n<div class=\"wp-block-column webcam-column is-layout-flow wp-block-column-is-layout-flow\">\n<h3 class=\"has-text-align-center wp-block-heading\"> \ud83d\udd34 <strong>Webcam<\/strong> <strong><strong><strong><strong>Abetone<\/strong><\/strong><\/strong><\/strong> <strong> <\/strong> &#8211; Passo di Annibale<\/h3>\n\n\n\n<a name=\"windy-webcam-timelapse-player\" data-id=\"1654407814\" data-play=\"day\" href=\"https:\/\/windy.com\/webcams\/1654407814\" target=\"_blank\" rel=\"noopener\">Abetone Cutigliano &#8216; Sur: Passo di Annibale<\/a><script async=\"\" type=\"text\/javascript\" src=\"https:\/\/webcams.windy.com\/webcams\/public\/embed\/script\/player.js\"><\/script>\n<\/div>\n\n\n\n<div class=\"wp-block-column webcam-column is-layout-flow wp-block-column-is-layout-flow\">\n<h3 class=\"has-text-align-center wp-block-heading\"> \ud83d\udd34 <strong>Webcam<\/strong> <strong><strong><strong><strong>Abetone<\/strong><\/strong><\/strong><\/strong>&#8211; Val di Luce (Piazza Centrale)<\/h3>\n\n\n\n<iframe loading=\"lazy\" width=\"560\" height=\"315\" src=\"https:\/\/www.youtube.com\/embed\/8ySM57gHETU\" title=\"YouTube video player\" frameborder=\"0\" allow=\"accelerometer; autoplay; clipboard-write; encrypted-media; gyroscope; picture-in-picture\" allowfullscreen=\"\"><\/iframe>\n<\/div>\n<\/div>\n\n\n\n<h2 class=\"wp-block-heading\" id=\"fort-mahon-today\"><strong>Radar meteorol\u00f3gico Abetone &#8211; El tiempo en Abetone<\/strong><\/h2>\n\n\n\n<p>Con nuestra webcam Abetone puede mantenerse al tanto de las condiciones meteorol\u00f3gicas actuales en la ciudad en tiempo real. Adem\u00e1s, le ofrecemos un radar meteorol\u00f3gico para mantenerle informado sobre la previsi\u00f3n del tiempo actual, as\u00ed como de las zonas de precipitaci\u00f3n. Dependiendo de la intensidad de las precipitaciones, \u00e9stas se marcan en un color diferente en el mapa. Las zonas azules y verdes indican niveles de precipitaci\u00f3n bajos. Las zonas p\u00farpuras y rojas, por el contrario, significan fuertes precipitaciones con posible potencial de tiempo severo. Adem\u00e1s, las tormentas el\u00e9ctricas se indican con peque\u00f1os s\u00edmbolos de rayos en el radar meteorol\u00f3gico. Gracias a esta completa informaci\u00f3n de fondo de nuestra webcam y del radar meteorol\u00f3gico, siempre estar\u00e1 bien informado sobre las condiciones meteorol\u00f3gicas actuales en Abetone.<\/p>\n\n\n\n<div class=\"wp-block-columns is-layout-flex wp-container-core-columns-is-layout-9d6595d7 wp-block-columns-is-layout-flex\">\n<div class=\"wp-block-column is-layout-flow wp-block-column-is-layout-flow\" style=\"flex-basis:75%\">\n<iframe loading=\"lazy\" width=\"1300\" height=\"502\" src=\"https:\/\/embed.windy.com\/embed2.html?lat=44.144&amp;lon=10.639&amp;detailLat=44.144&amp;detailLon=10.639&amp;width=1300&amp;height=502&amp;zoom=11&amp;level=surface&amp;overlay=rain&amp;product=ecmwf&amp;menu=&amp;message=&amp;marker=&amp;calendar=now&amp;pressure=&amp;type=map&amp;location=coordinates&amp;detail=&amp;metricWind=default&amp;metricTemp=default&amp;radarRange=-1\" frameborder=\"0\"><\/iframe>\n<\/div>\n\n\n\n<div class=\"wp-block-column is-layout-flow wp-block-column-is-layout-flow\" style=\"flex-basis:25%\">\n<a class=\"weatherwidget-io\" href=\"https:\/\/forecast7.com\/es\/44d1410d66\/abetone\/\" data-label_1=\"ABETONE\" data-theme=\"original\" >ABETONE<\/a>\n<script>\n!function(d,s,id){var js,fjs=d.getElementsByTagName(s)[0];if(!d.getElementById(id)){js=d.createElement(s);js.id=id;js.src='https:\/\/weatherwidget.io\/js\/widget.min.js';fjs.parentNode.insertBefore(js,fjs);}}(document,'script','weatherwidget-io-js');\n<\/script>\n<\/div>\n<\/div>\n\n\n\n<h2 class=\"wp-block-heading\" id=\"fort-mahon-weather\"><strong>El clima en Abetone<\/strong><\/h2>\n\n\n\n<p>Abetone se caracteriza por un clima c\u00e1lido y templado. La temperatura media anual es de 9,6 \u00b0C, siendo julio el mes m\u00e1s c\u00e1lido con una temperatura media de 18,9 \u00b0C. El mes m\u00e1s fr\u00edo es enero, con una temperatura media de 1,1 \u00b0C. En general, la ciudad tiene muchas precipitaciones, por lo que hay una media anual de unos 1318 mm de precipitaciones. Noviembre es el mes con m\u00e1s precipitaciones, con una media de 153 mm, y agosto es el mes con menos precipitaciones, con unos 81 mm.<\/p>\n\n\n\n<h2 class=\"wp-block-heading\"><strong>Atracciones en Abetone<\/strong><\/h2>\n\n\n\n<p>En el \u00faltimo siglo, la popularidad de Abetone como destino deportivo de invierno y verano ha crecido considerablemente. En invierno, aqu\u00ed le espera una gran zona de esqu\u00ed, con unas 30 pistas que tienen una longitud total de 50 km. Las pistas hist\u00f3ricamente famosas como Selletta, Riva y Fivizzani tambi\u00e9n est\u00e1n incluidas en la zona de esqu\u00ed de Abetone. Pero la ciudad no s\u00f3lo merece una visita durante los meses de invierno. Gracias a su altitud de unos 1.400 metros, las temperaturas son agradablemente suaves en los meses de verano, cuando los turistas activos pueden disfrutar del aire fresco de la monta\u00f1a y del fant\u00e1stico panorama monta\u00f1oso en una extensa caminata. As\u00ed, se ver\u00e1 recompensado con una vista impresionante en una subida al Monte Cimone, al Monte Gomito o al Libro Aperto. Adem\u00e1s, los ciclistas y los ciclistas de monta\u00f1a sacar\u00e1n partido a su dinero durante un exuberante paseo en bicicleta por el fascinante paisaje del norte de la Toscana. Un final exitoso para un d\u00eda lleno de deporte puede encontrarse en los innumerables restaurantes de la ciudad, que le mimar\u00e1n con las especialidades t\u00edpicas de la zona.<\/p>\n","protected":false},"excerpt":{"rendered":"<p>Webcam Abetone El manejable pueblo de 700 habitantes de Abetone est\u00e1 situado en la frontera norte de la Toscana. Pero el pueblo tiene mucho m\u00e1s que ofrecer que sol, playa y mar. Porque Abetone cuenta con una amplia zona de deportes de invierno, que acoge a sus visitantes con numerosas pistas de esqu\u00ed de fondo &#8230; <a title=\"Webcam Abetone\" class=\"read-more\" href=\"https:\/\/weather-radar-live.com\/es\/webcam\/italia\/webcam-abetone\/\" aria-label=\"Leer m\u00e1s sobre Webcam Abetone\">Leer m\u00e1s<\/a><\/p>\n","protected":false},"author":1,"featured_media":6061,"parent":4313,"menu_order":0,"comment_status":"closed","ping_status":"closed","template":"","meta":{"footnotes":""},"class_list":["post-6281","page","type-page","status-publish","has-post-thumbnail"],"yoast_head":"<!-- This site is optimized with the Yoast SEO plugin v27.5 - https:\/\/yoast.com\/product\/yoast-seo-wordpress\/ -->\n<title>Webcam Abetone \u2192 \u00a1M\u00edralo en directo!<\/title>\n<meta name=\"description\" content=\"Webcam Abetone | \u00a1Livecam de Abetone! \u2705 \u00a1Actualizada para ti en tiempo real! \u2705 \u00a1Previsi\u00f3n meteorol\u00f3gica actual!\" \/>\n<meta name=\"robots\" content=\"index, follow, max-snippet:-1, max-image-preview:large, max-video-preview:-1\" \/>\n<link rel=\"canonical\" href=\"https:\/\/weather-radar-live.com\/es\/webcam\/italia\/webcam-abetone\/\" \/>\n<meta property=\"og:locale\" content=\"es_ES\" \/>\n<meta property=\"og:type\" content=\"article\" \/>\n<meta property=\"og:title\" content=\"Webcam Abetone \u2192 \u00a1M\u00edralo en directo!\" \/>\n<meta property=\"og:description\" content=\"Webcam Abetone | \u00a1Livecam de Abetone! \u2705 \u00a1Actualizada para ti en tiempo real! \u2705 \u00a1Previsi\u00f3n meteorol\u00f3gica actual!\" \/>\n<meta property=\"og:url\" content=\"https:\/\/weather-radar-live.com\/es\/webcam\/italia\/webcam-abetone\/\" \/>\n<meta property=\"og:site_name\" content=\"weather-radar-live.com\" \/>\n<meta property=\"article:modified_time\" content=\"2022-08-04T19:24:13+00:00\" \/>\n<meta property=\"og:image\" content=\"https:\/\/weather-radar-live.com\/wp-content\/uploads\/2022\/08\/Webcam-Abetone-e1659464523391.jpg\" \/>\n\t<meta property=\"og:image:width\" content=\"1912\" \/>\n\t<meta property=\"og:image:height\" content=\"931\" \/>\n\t<meta property=\"og:image:type\" content=\"image\/jpeg\" \/>\n<meta name=\"twitter:card\" content=\"summary_large_image\" \/>\n<meta name=\"twitter:label1\" content=\"Tiempo de lectura\" \/>\n\t<meta name=\"twitter:data1\" content=\"4 minutos\" \/>\n<script type=\"application\/ld+json\" class=\"yoast-schema-graph\">{\"@context\":\"https:\\\/\\\/schema.org\",\"@graph\":[{\"@type\":\"WebPage\",\"@id\":\"https:\\\/\\\/weather-radar-live.com\\\/es\\\/webcam\\\/italia\\\/webcam-abetone\\\/\",\"url\":\"https:\\\/\\\/weather-radar-live.com\\\/es\\\/webcam\\\/italia\\\/webcam-abetone\\\/\",\"name\":\"Webcam Abetone \u2192 \u00a1M\u00edralo en directo!\",\"isPartOf\":{\"@id\":\"https:\\\/\\\/weather-radar-live.com\\\/#website\"},\"primaryImageOfPage\":{\"@id\":\"https:\\\/\\\/weather-radar-live.com\\\/es\\\/webcam\\\/italia\\\/webcam-abetone\\\/#primaryimage\"},\"image\":{\"@id\":\"https:\\\/\\\/weather-radar-live.com\\\/es\\\/webcam\\\/italia\\\/webcam-abetone\\\/#primaryimage\"},\"thumbnailUrl\":\"https:\\\/\\\/weather-radar-live.com\\\/wp-content\\\/uploads\\\/2022\\\/08\\\/Webcam-Abetone-e1659464523391.jpg\",\"datePublished\":\"2022-08-04T19:18:21+00:00\",\"dateModified\":\"2022-08-04T19:24:13+00:00\",\"description\":\"Webcam Abetone | \u00a1Livecam de Abetone! \u2705 \u00a1Actualizada para ti en tiempo real! \u2705 \u00a1Previsi\u00f3n meteorol\u00f3gica actual!\",\"breadcrumb\":{\"@id\":\"https:\\\/\\\/weather-radar-live.com\\\/es\\\/webcam\\\/italia\\\/webcam-abetone\\\/#breadcrumb\"},\"inLanguage\":\"es\",\"potentialAction\":[{\"@type\":\"ReadAction\",\"target\":[\"https:\\\/\\\/weather-radar-live.com\\\/es\\\/webcam\\\/italia\\\/webcam-abetone\\\/\"]}]},{\"@type\":\"ImageObject\",\"inLanguage\":\"es\",\"@id\":\"https:\\\/\\\/weather-radar-live.com\\\/es\\\/webcam\\\/italia\\\/webcam-abetone\\\/#primaryimage\",\"url\":\"https:\\\/\\\/weather-radar-live.com\\\/wp-content\\\/uploads\\\/2022\\\/08\\\/Webcam-Abetone-e1659464523391.jpg\",\"contentUrl\":\"https:\\\/\\\/weather-radar-live.com\\\/wp-content\\\/uploads\\\/2022\\\/08\\\/Webcam-Abetone-e1659464523391.jpg\",\"width\":1912,\"height\":931,\"caption\":\"Webcam Abetone\"},{\"@type\":\"BreadcrumbList\",\"@id\":\"https:\\\/\\\/weather-radar-live.com\\\/es\\\/webcam\\\/italia\\\/webcam-abetone\\\/#breadcrumb\",\"itemListElement\":[{\"@type\":\"ListItem\",\"position\":1,\"name\":\"Weather Radar Live\",\"item\":\"https:\\\/\\\/weather-radar-live.com\\\/es\\\/\"},{\"@type\":\"ListItem\",\"position\":2,\"name\":\"C\u00e1mara web\",\"item\":\"https:\\\/\\\/weather-radar-live.com\\\/es\\\/webcam\\\/\"},{\"@type\":\"ListItem\",\"position\":3,\"name\":\"Italia\",\"item\":\"https:\\\/\\\/weather-radar-live.com\\\/es\\\/webcam\\\/italia\\\/\"},{\"@type\":\"ListItem\",\"position\":4,\"name\":\"Webcam Abetone\"}]},{\"@type\":\"WebSite\",\"@id\":\"https:\\\/\\\/weather-radar-live.com\\\/#website\",\"url\":\"https:\\\/\\\/weather-radar-live.com\\\/\",\"name\":\"weather-radar-live.com\",\"description\":\"Your weather and sky radar.\",\"publisher\":{\"@id\":\"https:\\\/\\\/weather-radar-live.com\\\/#organization\"},\"potentialAction\":[{\"@type\":\"SearchAction\",\"target\":{\"@type\":\"EntryPoint\",\"urlTemplate\":\"https:\\\/\\\/weather-radar-live.com\\\/?s={search_term_string}\"},\"query-input\":{\"@type\":\"PropertyValueSpecification\",\"valueRequired\":true,\"valueName\":\"search_term_string\"}}],\"inLanguage\":\"es\"},{\"@type\":\"Organization\",\"@id\":\"https:\\\/\\\/weather-radar-live.com\\\/#organization\",\"name\":\"weather-radar-live.com\",\"url\":\"https:\\\/\\\/weather-radar-live.com\\\/\",\"logo\":{\"@type\":\"ImageObject\",\"inLanguage\":\"es\",\"@id\":\"https:\\\/\\\/weather-radar-live.com\\\/#\\\/schema\\\/logo\\\/image\\\/\",\"url\":\"https:\\\/\\\/weather-radar-live.com\\\/wp-content\\\/uploads\\\/2022\\\/03\\\/cropped-WRL2503.png\",\"contentUrl\":\"https:\\\/\\\/weather-radar-live.com\\\/wp-content\\\/uploads\\\/2022\\\/03\\\/cropped-WRL2503.png\",\"width\":1920,\"height\":555,\"caption\":\"weather-radar-live.com\"},\"image\":{\"@id\":\"https:\\\/\\\/weather-radar-live.com\\\/#\\\/schema\\\/logo\\\/image\\\/\"}}]}<\/script>\n<!-- \/ Yoast SEO plugin. -->","yoast_head_json":{"title":"Webcam Abetone \u2192 \u00a1M\u00edralo en directo!","description":"Webcam Abetone | \u00a1Livecam de Abetone! \u2705 \u00a1Actualizada para ti en tiempo real! \u2705 \u00a1Previsi\u00f3n meteorol\u00f3gica actual!","robots":{"index":"index","follow":"follow","max-snippet":"max-snippet:-1","max-image-preview":"max-image-preview:large","max-video-preview":"max-video-preview:-1"},"canonical":"https:\/\/weather-radar-live.com\/es\/webcam\/italia\/webcam-abetone\/","og_locale":"es_ES","og_type":"article","og_title":"Webcam Abetone \u2192 \u00a1M\u00edralo en directo!","og_description":"Webcam Abetone | \u00a1Livecam de Abetone! \u2705 \u00a1Actualizada para ti en tiempo real! \u2705 \u00a1Previsi\u00f3n meteorol\u00f3gica actual!","og_url":"https:\/\/weather-radar-live.com\/es\/webcam\/italia\/webcam-abetone\/","og_site_name":"weather-radar-live.com","article_modified_time":"2022-08-04T19:24:13+00:00","og_image":[{"width":1912,"height":931,"url":"https:\/\/weather-radar-live.com\/wp-content\/uploads\/2022\/08\/Webcam-Abetone-e1659464523391.jpg","type":"image\/jpeg"}],"twitter_card":"summary_large_image","twitter_misc":{"Tiempo de lectura":"4 minutos"},"schema":{"@context":"https:\/\/schema.org","@graph":[{"@type":"WebPage","@id":"https:\/\/weather-radar-live.com\/es\/webcam\/italia\/webcam-abetone\/","url":"https:\/\/weather-radar-live.com\/es\/webcam\/italia\/webcam-abetone\/","name":"Webcam Abetone \u2192 \u00a1M\u00edralo en directo!","isPartOf":{"@id":"https:\/\/weather-radar-live.com\/#website"},"primaryImageOfPage":{"@id":"https:\/\/weather-radar-live.com\/es\/webcam\/italia\/webcam-abetone\/#primaryimage"},"image":{"@id":"https:\/\/weather-radar-live.com\/es\/webcam\/italia\/webcam-abetone\/#primaryimage"},"thumbnailUrl":"https:\/\/weather-radar-live.com\/wp-content\/uploads\/2022\/08\/Webcam-Abetone-e1659464523391.jpg","datePublished":"2022-08-04T19:18:21+00:00","dateModified":"2022-08-04T19:24:13+00:00","description":"Webcam Abetone | \u00a1Livecam de Abetone! \u2705 \u00a1Actualizada para ti en tiempo real! \u2705 \u00a1Previsi\u00f3n meteorol\u00f3gica actual!","breadcrumb":{"@id":"https:\/\/weather-radar-live.com\/es\/webcam\/italia\/webcam-abetone\/#breadcrumb"},"inLanguage":"es","potentialAction":[{"@type":"ReadAction","target":["https:\/\/weather-radar-live.com\/es\/webcam\/italia\/webcam-abetone\/"]}]},{"@type":"ImageObject","inLanguage":"es","@id":"https:\/\/weather-radar-live.com\/es\/webcam\/italia\/webcam-abetone\/#primaryimage","url":"https:\/\/weather-radar-live.com\/wp-content\/uploads\/2022\/08\/Webcam-Abetone-e1659464523391.jpg","contentUrl":"https:\/\/weather-radar-live.com\/wp-content\/uploads\/2022\/08\/Webcam-Abetone-e1659464523391.jpg","width":1912,"height":931,"caption":"Webcam Abetone"},{"@type":"BreadcrumbList","@id":"https:\/\/weather-radar-live.com\/es\/webcam\/italia\/webcam-abetone\/#breadcrumb","itemListElement":[{"@type":"ListItem","position":1,"name":"Weather Radar Live","item":"https:\/\/weather-radar-live.com\/es\/"},{"@type":"ListItem","position":2,"name":"C\u00e1mara web","item":"https:\/\/weather-radar-live.com\/es\/webcam\/"},{"@type":"ListItem","position":3,"name":"Italia","item":"https:\/\/weather-radar-live.com\/es\/webcam\/italia\/"},{"@type":"ListItem","position":4,"name":"Webcam Abetone"}]},{"@type":"WebSite","@id":"https:\/\/weather-radar-live.com\/#website","url":"https:\/\/weather-radar-live.com\/","name":"weather-radar-live.com","description":"Your weather and sky radar.","publisher":{"@id":"https:\/\/weather-radar-live.com\/#organization"},"potentialAction":[{"@type":"SearchAction","target":{"@type":"EntryPoint","urlTemplate":"https:\/\/weather-radar-live.com\/?s={search_term_string}"},"query-input":{"@type":"PropertyValueSpecification","valueRequired":true,"valueName":"search_term_string"}}],"inLanguage":"es"},{"@type":"Organization","@id":"https:\/\/weather-radar-live.com\/#organization","name":"weather-radar-live.com","url":"https:\/\/weather-radar-live.com\/","logo":{"@type":"ImageObject","inLanguage":"es","@id":"https:\/\/weather-radar-live.com\/#\/schema\/logo\/image\/","url":"https:\/\/weather-radar-live.com\/wp-content\/uploads\/2022\/03\/cropped-WRL2503.png","contentUrl":"https:\/\/weather-radar-live.com\/wp-content\/uploads\/2022\/03\/cropped-WRL2503.png","width":1920,"height":555,"caption":"weather-radar-live.com"},"image":{"@id":"https:\/\/weather-radar-live.com\/#\/schema\/logo\/image\/"}}]}},"_links":{"self":[{"href":"https:\/\/weather-radar-live.com\/es\/wp-json\/wp\/v2\/pages\/6281","targetHints":{"allow":["GET"]}}],"collection":[{"href":"https:\/\/weather-radar-live.com\/es\/wp-json\/wp\/v2\/pages"}],"about":[{"href":"https:\/\/weather-radar-live.com\/es\/wp-json\/wp\/v2\/types\/page"}],"author":[{"embeddable":true,"href":"https:\/\/weather-radar-live.com\/es\/wp-json\/wp\/v2\/users\/1"}],"replies":[{"embeddable":true,"href":"https:\/\/weather-radar-live.com\/es\/wp-json\/wp\/v2\/comments?post=6281"}],"version-history":[{"count":2,"href":"https:\/\/weather-radar-live.com\/es\/wp-json\/wp\/v2\/pages\/6281\/revisions"}],"predecessor-version":[{"id":6316,"href":"https:\/\/weather-radar-live.com\/es\/wp-json\/wp\/v2\/pages\/6281\/revisions\/6316"}],"up":[{"embeddable":true,"href":"https:\/\/weather-radar-live.com\/es\/wp-json\/wp\/v2\/pages\/4313"}],"wp:featuredmedia":[{"embeddable":true,"href":"https:\/\/weather-radar-live.com\/es\/wp-json\/wp\/v2\/media\/6061"}],"wp:attachment":[{"href":"https:\/\/weather-radar-live.com\/es\/wp-json\/wp\/v2\/media?parent=6281"}],"curies":[{"name":"wp","href":"https:\/\/api.w.org\/{rel}","templated":true}]}}