{"id":625,"date":"2021-06-06T13:28:13","date_gmt":"2021-06-06T11:28:13","guid":{"rendered":"https:\/\/weather-radar-live.com\/?page_id=625"},"modified":"2022-07-06T13:14:43","modified_gmt":"2022-07-06T11:14:43","slug":"tornado","status":"publish","type":"page","link":"https:\/\/weather-radar-live.com\/es\/tornado\/","title":{"rendered":"Tornado"},"content":{"rendered":"<div id=\"weath-865611991\" class=\"weath-vor-dem-inhalt weath-entity-placement\" style=\"margin-top: 15px;margin-right: 25px;margin-bottom: 40px;margin-left: 25px;\"><script async src=\"\/\/pagead2.googlesyndication.com\/pagead\/js\/adsbygoogle.js?client=ca-pub-8960936133935804\" crossorigin=\"anonymous\"><\/script><ins class=\"adsbygoogle\" style=\"display:block;\" data-ad-client=\"ca-pub-8960936133935804\" \ndata-ad-slot=\"6172817020\" \ndata-ad-format=\"auto\"><\/ins>\n<script> \n(adsbygoogle = window.adsbygoogle || []).push({}); \n<\/script>\n<\/div>\n<div class=\"wp-block-cover alignfull is-light\"><span aria-hidden=\"true\" class=\"wp-block-cover__gradient-background has-background-dim\"><\/span><img loading=\"lazy\" decoding=\"async\" width=\"1900\" height=\"460\" class=\"wp-block-cover__image-background wp-image-299\" alt=\"\" src=\"https:\/\/weather-radar-live.com\/wp-content\/uploads\/2021\/06\/espen-bierud-W43gm6TD118-unsplash-e1622556005525.jpg\" data-object-fit=\"cover\" srcset=\"https:\/\/weather-radar-live.com\/wp-content\/uploads\/2021\/06\/espen-bierud-W43gm6TD118-unsplash-e1622556005525.jpg 1900w, https:\/\/weather-radar-live.com\/wp-content\/uploads\/2021\/06\/espen-bierud-W43gm6TD118-unsplash-e1622556005525-300x73.jpg 300w, https:\/\/weather-radar-live.com\/wp-content\/uploads\/2021\/06\/espen-bierud-W43gm6TD118-unsplash-e1622556005525-1024x248.jpg 1024w, https:\/\/weather-radar-live.com\/wp-content\/uploads\/2021\/06\/espen-bierud-W43gm6TD118-unsplash-e1622556005525-768x186.jpg 768w, https:\/\/weather-radar-live.com\/wp-content\/uploads\/2021\/06\/espen-bierud-W43gm6TD118-unsplash-e1622556005525-1536x372.jpg 1536w\" sizes=\"auto, (max-width: 1900px) 100vw, 1900px\" \/><div class=\"wp-block-cover__inner-container is-layout-flow wp-block-cover-is-layout-flow\">\n<h2 class=\"has-text-align-center heading wp-block-heading\" style=\"font-size:40px\"><mark style=\"background-color:rgba(0, 0, 0, 0);color:#f59800\" class=\"has-inline-color\"><strong>TORNADO<\/strong><\/mark><\/h2>\n<\/div><\/div>\n\n\n<h2 style=\"text-align: center;\"><span style=\"color: #f59800;\"><b>Radar de tornado &#8211; \u00bfD\u00f3nde est\u00e1 el tornado?<\/b><\/span><\/h2>\n<p><span style=\"font-weight: 400;\">Con nuestro rastreador de tornados, puede ver en el mapa d\u00f3nde se encuentran actualmente los tornados en el <span style=\"color: #f59800;\"><strong><a style=\"color: #f59800;\" href=\"https:\/\/weather-radar-live.com\/es\/\" target=\"_blank\" rel=\"noopener noreferrer\">regi\u00f3n<\/a><\/strong><\/span>. El radar de tornados cubre tambi\u00e9n Sudam\u00e9rica, Espa\u00f1a y otros pa\u00edses. La fuerza del viento se muestra en el mapa en color y se mide en nudos. Adem\u00e1s, la direcci\u00f3n del viento se le muestra a trav\u00e9s de l\u00edneas de viento blancas.<\/span><\/p>\n<p><span style=\"font-weight: 400;\">Dependiendo de su fuerza, los tornados pueden causar grandes da\u00f1os sobre el terreno. A partir de ahora, consulte regularmente nuestro rastreador de tornados y averig\u00fce si se est\u00e1n produciendo tornados en su regi\u00f3n. A continuaci\u00f3n, entraremos en m\u00e1s detalles sobre el radar y los tornados en general.<\/span><\/p><div id=\"weath-2190750800\" class=\"weath-inhalt_2 weath-entity-placement\" style=\"margin-top: 15px;margin-right: 25px;margin-bottom: 35px;margin-left: 25px;\"><script async src=\"\/\/pagead2.googlesyndication.com\/pagead\/js\/adsbygoogle.js?client=ca-pub-8960936133935804\" crossorigin=\"anonymous\"><\/script><ins class=\"adsbygoogle\" style=\"display:block;\" data-ad-client=\"ca-pub-8960936133935804\" \ndata-ad-slot=\"1963584050\" \ndata-ad-format=\"auto\"><\/ins>\n<script> \n(adsbygoogle = window.adsbygoogle || []).push({}); \n<\/script>\n<\/div>\n\n\n<div class=\"wp-block-columns is-layout-flex wp-container-core-columns-is-layout-9d6595d7 wp-block-columns-is-layout-flex\">\n<div class=\"wp-block-column is-layout-flow wp-block-column-is-layout-flow\">\n<h3 class=\"has-text-align-center wp-block-heading\"><strong><span style=\"color:#f59800\" class=\"has-inline-color\"><strong>Tornado<\/strong> &#8211; Espa\u00f1a<\/span><\/strong><\/h3>\n\n\n\n<iframe loading=\"lazy\" width=\"600\" height=\"600\" src=\"https:\/\/embed.windy.com\/embed2.html?lat=39.758&amp;lon=-3.142&amp;detailLat=49.476&amp;detailLon=11.048&amp;width=1300&amp;height=600&amp;zoom=6&amp;level=surface&amp;overlay=gust&amp;product=radar&amp;menu=&amp;message=&amp;marker=&amp;calendar=now&amp;pressure=&amp;type=map&amp;location=coordinates&amp;detail=&amp;metricWind=default&amp;metricTemp=default&amp;radarRange=-1\" frameborder=\"0\"><\/iframe>\n\n\n\n<p><\/p>\n<\/div>\n\n\n\n<div class=\"wp-block-column is-layout-flow wp-block-column-is-layout-flow\">\n<h3 class=\"has-text-align-center wp-block-heading\"><strong><span style=\"color:#f59800\" class=\"has-inline-color\"><strong><strong><strong>Tornado<\/strong><\/strong><\/strong><\/span><\/strong> <strong><span style=\"color:#f59800\" class=\"has-inline-color\">&#8211; Sudam\u00e9rica<\/span><\/strong><\/h3>\n\n\n\n<iframe loading=\"lazy\" width=\"600\" height=\"600\" src=\"https:\/\/embed.windy.com\/embed2.html?lat=-22.675&amp;lon=-60.205&amp;detailLat=49.476&amp;detailLon=11.048&amp;width=1300&amp;height=600&amp;zoom=4&amp;level=surface&amp;overlay=gust&amp;product=radar&amp;menu=&amp;message=&amp;marker=&amp;calendar=now&amp;pressure=&amp;type=map&amp;location=coordinates&amp;detail=&amp;metricWind=default&amp;metricTemp=default&amp;radarRange=-1\" frameborder=\"0\"><\/iframe>\n<\/div>\n<\/div>\n\n\n\n<div class=\"wp-block-columns is-layout-flex wp-container-core-columns-is-layout-9d6595d7 wp-block-columns-is-layout-flex\">\n<div class=\"wp-block-column is-layout-flow wp-block-column-is-layout-flow\">\n<img decoding=\"async\" src=\"https:\/\/www.spc.noaa.gov\/products\/outlook\/day1probotlk_torn.gif\" class=\"tornadoradar-noaa\">\n\n\n\n<p><\/p>\n<\/div>\n\n\n\n<div class=\"wp-block-column is-layout-flow wp-block-column-is-layout-flow\">\n<img decoding=\"async\" src=\"https:\/\/www.spc.noaa.gov\/products\/watch\/validww.png\" class=\"tornadoradar-noaa-2\">\n<\/div>\n<\/div>\n\n\n\n<div style=\"height:30px\" aria-hidden=\"true\" class=\"wp-block-spacer\"><\/div>\n\n\n<h2 style=\"text-align: center;\"><span style=\"color: #f59800;\"><b>C\u00f3mo leer el radar de tornados<\/b><\/span><\/h2>\n<p><span style=\"font-weight: 400;\">El <a href=\"https:\/\/www.meteogalicia.gal\/web\/informacion\/glosario\/aire2.action?request_locale=es\" target=\"_blank\" rel=\"noopener\"><strong>viento<\/strong><\/a> se le muestra a trav\u00e9s de l\u00edneas blancas que se mueven en el mapa. Si estas l\u00edneas de viento aparecen con un movimiento giratorio y con una coloraci\u00f3n naranja, roja o morada, debe esperar un tornado.<\/span><\/p>\n<p><\/p>\n<h2 style=\"text-align: center;\"><span style=\"color: #f59800;\"><b>\u00bfQu\u00e9 es un tornado?<\/b><\/span><\/h2>\n<p><span style=\"font-weight: 400;\">Un tornado es el resultado de la rotaci\u00f3n de masas de aire. Estas masas de aire pueden girar con tanta fuerza durante su formaci\u00f3n que se forma una columna de aire. Esta columna de aire visible se llama tornado.<\/span><\/p>\n<p><span style=\"font-weight: 400;\">Durante mucho tiempo se asumi\u00f3 que los tornados se formaban desde el cielo hacia el suelo. Sin embargo, esta suposici\u00f3n ha sido desmentida por una amplia investigaci\u00f3n realizada por la Uni\u00f3n Geof\u00edsica Americana. Se descubri\u00f3 que el tornado ya se forma cerca del suelo antes de empezar a girar.<\/span><\/p>\n<p><\/p>\n<h2 style=\"text-align: center;\"><span style=\"color: #f59800;\"><b>\u00bfCu\u00e1ndo comienza la temporada de tornados?<\/b><\/span><\/h2>\n<p><span style=\"font-weight: 400;\">La temporada de tornados comienza en marzo y dura hasta finales de julio. La mayor\u00eda de los tornados se producen en el mes de mayo. Durante la temporada de tornados, el centro de gravedad de las zonas de tornados se desplaza desde el sureste (Grandes Llanuras de Oklahoma) cada vez m\u00e1s hacia el norte (Illinois e Indiana).<\/span><\/p>\n<p><\/p>\n<h2 style=\"text-align: center;\"><span style=\"color: #f59800;\"><b>\u00bfHay un tornado cerca de m\u00ed?<\/b><\/span><\/h2>\n<p><span style=\"font-weight: 400;\">Especialmente en \u00e9poca de tornados, debe estar muy atento y vigilar la situaci\u00f3n meteorol\u00f3gica con regularidad. Los tornados pueden causar graves da\u00f1os a lo largo de su recorrido y pueden producirse de forma muy inesperada. En cuanto haya los primeros indicios de un <span style=\"color: #f59800;\"><strong><a style=\"color: #f59800;\" href=\"https:\/\/weather-radar-live.com\/es\/borrascas\/\" target=\"_blank\" rel=\"noopener noreferrer\">tormenta el\u00e9ctrica<\/a><\/strong><\/span>, granizo, vientos fuertes y <span style=\"color: #1950fe;\"><strong><a style=\"color: #1950fe;\" href=\"https:\/\/weather-radar-live.com\/es\/radar-lluvia\/\" target=\"_blank\" rel=\"noopener noreferrer\">lluvia<\/a><\/strong><\/span>, no debe apartar la vista del rastreador de tornados.<\/span><\/p>\n<p><span style=\"font-weight: 400;\">Adem\u00e1s, observe el cielo y escudri\u00f1e en busca de nubes giratorias y columnas de nubes. Busque remolinos de polvo en el suelo. Estos tambi\u00e9n son un indicador de la formaci\u00f3n de un tornado. Como muy tarde, cuando suenen las sirenas de tornado, debe ponerse r\u00e1pidamente a salvo.<\/span><\/p>\n<p><\/p>\n<h2 style=\"text-align: center;\"><span style=\"color: #f59800;\"><b>\u00bfC\u00f3mo se forman los tornados?<\/b><\/span><\/h2>\n<p><span style=\"font-weight: 400;\">Junto con los huracanes, <strong><a href=\"https:\/\/www.fundacionaquae.org\/como-se-forma-tornado\/\" target=\"_blank\" rel=\"noopener\">los tornados<\/a><\/strong> se encuentran entre las tormentas m\u00e1s potentes del mundo y pueden alcanzar velocidades de viento de hasta 450 km\/h. Hasta hoy, la formaci\u00f3n de los tornados no se ha investigado a fondo. Hay dos formas en las que se pueden formar los tornados.<\/span><\/p>\n<p><span style=\"font-weight: 400;\">Los tornados pueden producirse junto con una superc\u00e9lula. Se trata de una nube de truenos especialmente grande y alta. Debido a las diferencias de temperatura dentro de la <span style=\"color: #919191;\"><strong><a style=\"color: #919191;\" href=\"https:\/\/weather-radar-live.com\/es\/mapa-de-nubes\/\" target=\"_blank\" rel=\"noopener noreferrer\">la nube<\/a><\/strong><\/span>, se desarrollan fuertes corrientes ascendentes y descendentes, lo que da lugar a un tornado y a fuertes precipitaciones. De este modo se forman tornados especialmente fuertes.<\/span><\/p>\n<p><span style=\"font-weight: 400;\">Sin embargo, los tornados tambi\u00e9n pueden formarse cuando chocan dos masas de aire diferentes. Esto hace que el aire se desplace hacia arriba y puede hacer que rote debido al viento en el suelo.<\/span><\/p>\n<p><\/p>\n<h2 style=\"text-align: center;\"><span style=\"color: #f59800;\"><b>Las clases de tornados<\/b><\/span><\/h2>\n<p><span style=\"font-weight: 400;\">La fuerza de los tornados se mide con la escala Fujita. Abarca velocidades de viento desde menos de 117 km\/h hasta m\u00e1s de 419 km\/h. La clasificaci\u00f3n es la siguiente:<\/span><\/p>\n<p><strong>F0 (&lt;=117 km\/h)<\/strong><\/p>\n<p><span style=\"font-weight: 400;\">Los \u00e1rboles d\u00e9biles son arrancados, las ramas son da\u00f1adas y las vallas publicitarias pueden ser derribadas.<\/span><\/p>\n<p><strong>F1 (117-180 km\/h)<\/strong><\/p>\n<p><span style=\"font-weight: 400;\">Las tejas pueden ser levantadas, los coches en movimiento pueden ser desplazados y las caravanas\/m\u00f3viles pueden ser volcados.<\/span><\/p>\n<p><strong>F2 (180-252 km\/h)<\/strong><\/p>\n<p><span style=\"font-weight: 400;\">En el caso de un tornado F2, los tejados pueden quedar al descubierto, incluso los \u00e1rboles m\u00e1s grandes pueden ser arrancados de ra\u00edz y las casas m\u00f3viles pueden quedar destruidas. Los objetos peque\u00f1os y ligeros pueden convertirse en peligrosos proyectiles.<\/span><\/p>\n<p><strong>F3 (252-333 km\/h)<\/strong><\/p>\n<p><span style=\"font-weight: 400;\">Los techos m\u00e1s grandes pueden ser destruidos y los trenes pueden ser levantados de sus v\u00edas. Los camiones pueden ser desplazados o incluso volcados, y los bosques pueden ser arrancados en su mayor\u00eda.<\/span><\/p>\n<p><strong>F4 (333-419 km\/h)<\/strong><\/p>\n<p><span style=\"font-weight: 400;\">En la clase F4, las casas de madera con anclajes d\u00e9biles pueden ser desplazadas. Los coches pueden volcar y los objetos m\u00e1s pesados pueden convertirse en proyectiles causando graves da\u00f1os.<\/span><\/p>\n<p><strong>F5 (&gt;419 km\/h)<\/strong><\/p>\n<p><span style=\"font-weight: 400;\">Las casas de madera son arrancadas completamente de sus cimientos y destruidas. Las casas de hormig\u00f3n tambi\u00e9n pueden sufrir graves da\u00f1os.<\/span><\/p>\n<p><\/p>\n<h2 style=\"text-align: center;\"><span style=\"color: #f59800;\"><b>\u00bfQu\u00e9 aspecto tiene un tornado?<\/b><\/span><\/h2>\n<p><span style=\"font-weight: 400;\">Los tornados aparecen con un tubo de aire en forma de embudo. El grosor de este tubo de aire puede variar en funci\u00f3n de la intensidad. Por cierto, el t\u00e9rmino tornado proviene del espa\u00f1ol y significa algo as\u00ed como \u00abgirar alrededor\u00bb.<\/span><\/p>","protected":false},"excerpt":{"rendered":"<p>Radar de tornado &#8211; \u00bfD\u00f3nde est\u00e1 el tornado? Con nuestro rastreador de tornados, puede ver en el mapa d\u00f3nde se encuentran actualmente los tornados en el regi\u00f3n. El radar de tornados cubre tambi\u00e9n Sudam\u00e9rica, Espa\u00f1a y otros pa\u00edses. La fuerza del viento se muestra en el mapa en color y se mide en nudos. Adem\u00e1s, &#8230; <a title=\"Tornado\" class=\"read-more\" href=\"https:\/\/weather-radar-live.com\/es\/tornado\/\" aria-label=\"Leer m\u00e1s sobre Tornado\">Leer m\u00e1s<\/a><\/p>\n","protected":false},"author":1,"featured_media":2968,"parent":0,"menu_order":0,"comment_status":"closed","ping_status":"closed","template":"","meta":{"footnotes":""},"class_list":["post-625","page","type-page","status-publish","has-post-thumbnail"],"yoast_head":"<!-- This site is optimized with the Yoast SEO plugin v27.4 - https:\/\/yoast.com\/product\/yoast-seo-wordpress\/ -->\n<title>Tornado EN VIVO: \u2714\ufe0f \u00bfD\u00f3nde hay tornados? \ud83c\udf2a\ufe0f<\/title>\n<meta name=\"description\" content=\"Radar de tornado EN VIVO: Selecciona tu ciudad o regi\u00f3n ahora y ve el \u00faltimo radar con tornados \u2714\ufe0f \u00a1Actualizado cada segundo! \ud83c\udf2a\ufe0f\" \/>\n<meta name=\"robots\" content=\"index, follow, max-snippet:-1, max-image-preview:large, max-video-preview:-1\" \/>\n<link rel=\"canonical\" href=\"https:\/\/weather-radar-live.com\/es\/tornado\/\" \/>\n<meta property=\"og:locale\" content=\"es_ES\" \/>\n<meta property=\"og:type\" content=\"article\" \/>\n<meta property=\"og:title\" content=\"Tornado EN VIVO: \u2714\ufe0f \u00bfD\u00f3nde hay tornados? \ud83c\udf2a\ufe0f\" \/>\n<meta property=\"og:description\" content=\"Radar de tornado EN VIVO: Selecciona tu ciudad o regi\u00f3n ahora y ve el \u00faltimo radar con tornados \u2714\ufe0f \u00a1Actualizado cada segundo! \ud83c\udf2a\ufe0f\" \/>\n<meta property=\"og:url\" content=\"https:\/\/weather-radar-live.com\/es\/tornado\/\" \/>\n<meta property=\"og:site_name\" content=\"weather-radar-live.com\" \/>\n<meta property=\"article:modified_time\" content=\"2022-07-06T11:14:43+00:00\" \/>\n<meta property=\"og:image\" content=\"https:\/\/weather-radar-live.com\/wp-content\/uploads\/2021\/02\/Tornado-Radar.jpg\" \/>\n\t<meta property=\"og:image:width\" content=\"1897\" \/>\n\t<meta property=\"og:image:height\" content=\"458\" \/>\n\t<meta property=\"og:image:type\" content=\"image\/jpeg\" \/>\n<meta name=\"twitter:card\" content=\"summary_large_image\" \/>\n<meta name=\"twitter:label1\" content=\"Tiempo de lectura\" \/>\n\t<meta name=\"twitter:data1\" content=\"5 minutos\" \/>\n<script type=\"application\/ld+json\" class=\"yoast-schema-graph\">{\"@context\":\"https:\\\/\\\/schema.org\",\"@graph\":[{\"@type\":\"WebPage\",\"@id\":\"https:\\\/\\\/weather-radar-live.com\\\/es\\\/tornado\\\/\",\"url\":\"https:\\\/\\\/weather-radar-live.com\\\/es\\\/tornado\\\/\",\"name\":\"Tornado EN VIVO: \u2714\ufe0f \u00bfD\u00f3nde hay tornados? \ud83c\udf2a\ufe0f\",\"isPartOf\":{\"@id\":\"https:\\\/\\\/weather-radar-live.com\\\/#website\"},\"primaryImageOfPage\":{\"@id\":\"https:\\\/\\\/weather-radar-live.com\\\/es\\\/tornado\\\/#primaryimage\"},\"image\":{\"@id\":\"https:\\\/\\\/weather-radar-live.com\\\/es\\\/tornado\\\/#primaryimage\"},\"thumbnailUrl\":\"https:\\\/\\\/weather-radar-live.com\\\/wp-content\\\/uploads\\\/2021\\\/02\\\/Tornado-Radar.jpg\",\"datePublished\":\"2021-06-06T11:28:13+00:00\",\"dateModified\":\"2022-07-06T11:14:43+00:00\",\"description\":\"Radar de tornado EN VIVO: Selecciona tu ciudad o regi\u00f3n ahora y ve el \u00faltimo radar con tornados \u2714\ufe0f \u00a1Actualizado cada segundo! \ud83c\udf2a\ufe0f\",\"breadcrumb\":{\"@id\":\"https:\\\/\\\/weather-radar-live.com\\\/es\\\/tornado\\\/#breadcrumb\"},\"inLanguage\":\"es\",\"potentialAction\":[{\"@type\":\"ReadAction\",\"target\":[\"https:\\\/\\\/weather-radar-live.com\\\/es\\\/tornado\\\/\"]}]},{\"@type\":\"ImageObject\",\"inLanguage\":\"es\",\"@id\":\"https:\\\/\\\/weather-radar-live.com\\\/es\\\/tornado\\\/#primaryimage\",\"url\":\"https:\\\/\\\/weather-radar-live.com\\\/wp-content\\\/uploads\\\/2021\\\/02\\\/Tornado-Radar.jpg\",\"contentUrl\":\"https:\\\/\\\/weather-radar-live.com\\\/wp-content\\\/uploads\\\/2021\\\/02\\\/Tornado-Radar.jpg\",\"width\":1897,\"height\":458},{\"@type\":\"BreadcrumbList\",\"@id\":\"https:\\\/\\\/weather-radar-live.com\\\/es\\\/tornado\\\/#breadcrumb\",\"itemListElement\":[{\"@type\":\"ListItem\",\"position\":1,\"name\":\"Weather Radar Live\",\"item\":\"https:\\\/\\\/weather-radar-live.com\\\/es\\\/\"},{\"@type\":\"ListItem\",\"position\":2,\"name\":\"Tornado\"}]},{\"@type\":\"WebSite\",\"@id\":\"https:\\\/\\\/weather-radar-live.com\\\/#website\",\"url\":\"https:\\\/\\\/weather-radar-live.com\\\/\",\"name\":\"weather-radar-live.com\",\"description\":\"Your weather and sky radar.\",\"publisher\":{\"@id\":\"https:\\\/\\\/weather-radar-live.com\\\/#organization\"},\"potentialAction\":[{\"@type\":\"SearchAction\",\"target\":{\"@type\":\"EntryPoint\",\"urlTemplate\":\"https:\\\/\\\/weather-radar-live.com\\\/?s={search_term_string}\"},\"query-input\":{\"@type\":\"PropertyValueSpecification\",\"valueRequired\":true,\"valueName\":\"search_term_string\"}}],\"inLanguage\":\"es\"},{\"@type\":\"Organization\",\"@id\":\"https:\\\/\\\/weather-radar-live.com\\\/#organization\",\"name\":\"weather-radar-live.com\",\"url\":\"https:\\\/\\\/weather-radar-live.com\\\/\",\"logo\":{\"@type\":\"ImageObject\",\"inLanguage\":\"es\",\"@id\":\"https:\\\/\\\/weather-radar-live.com\\\/#\\\/schema\\\/logo\\\/image\\\/\",\"url\":\"https:\\\/\\\/weather-radar-live.com\\\/wp-content\\\/uploads\\\/2022\\\/03\\\/cropped-WRL2503.png\",\"contentUrl\":\"https:\\\/\\\/weather-radar-live.com\\\/wp-content\\\/uploads\\\/2022\\\/03\\\/cropped-WRL2503.png\",\"width\":1920,\"height\":555,\"caption\":\"weather-radar-live.com\"},\"image\":{\"@id\":\"https:\\\/\\\/weather-radar-live.com\\\/#\\\/schema\\\/logo\\\/image\\\/\"}}]}<\/script>\n<!-- \/ Yoast SEO plugin. -->","yoast_head_json":{"title":"Tornado EN VIVO: \u2714\ufe0f \u00bfD\u00f3nde hay tornados? \ud83c\udf2a\ufe0f","description":"Radar de tornado EN VIVO: Selecciona tu ciudad o regi\u00f3n ahora y ve el \u00faltimo radar con tornados \u2714\ufe0f \u00a1Actualizado cada segundo! \ud83c\udf2a\ufe0f","robots":{"index":"index","follow":"follow","max-snippet":"max-snippet:-1","max-image-preview":"max-image-preview:large","max-video-preview":"max-video-preview:-1"},"canonical":"https:\/\/weather-radar-live.com\/es\/tornado\/","og_locale":"es_ES","og_type":"article","og_title":"Tornado EN VIVO: \u2714\ufe0f \u00bfD\u00f3nde hay tornados? \ud83c\udf2a\ufe0f","og_description":"Radar de tornado EN VIVO: Selecciona tu ciudad o regi\u00f3n ahora y ve el \u00faltimo radar con tornados \u2714\ufe0f \u00a1Actualizado cada segundo! \ud83c\udf2a\ufe0f","og_url":"https:\/\/weather-radar-live.com\/es\/tornado\/","og_site_name":"weather-radar-live.com","article_modified_time":"2022-07-06T11:14:43+00:00","og_image":[{"width":1897,"height":458,"url":"https:\/\/weather-radar-live.com\/wp-content\/uploads\/2021\/02\/Tornado-Radar.jpg","type":"image\/jpeg"}],"twitter_card":"summary_large_image","twitter_misc":{"Tiempo de lectura":"5 minutos"},"schema":{"@context":"https:\/\/schema.org","@graph":[{"@type":"WebPage","@id":"https:\/\/weather-radar-live.com\/es\/tornado\/","url":"https:\/\/weather-radar-live.com\/es\/tornado\/","name":"Tornado EN VIVO: \u2714\ufe0f \u00bfD\u00f3nde hay tornados? \ud83c\udf2a\ufe0f","isPartOf":{"@id":"https:\/\/weather-radar-live.com\/#website"},"primaryImageOfPage":{"@id":"https:\/\/weather-radar-live.com\/es\/tornado\/#primaryimage"},"image":{"@id":"https:\/\/weather-radar-live.com\/es\/tornado\/#primaryimage"},"thumbnailUrl":"https:\/\/weather-radar-live.com\/wp-content\/uploads\/2021\/02\/Tornado-Radar.jpg","datePublished":"2021-06-06T11:28:13+00:00","dateModified":"2022-07-06T11:14:43+00:00","description":"Radar de tornado EN VIVO: Selecciona tu ciudad o regi\u00f3n ahora y ve el \u00faltimo radar con tornados \u2714\ufe0f \u00a1Actualizado cada segundo! \ud83c\udf2a\ufe0f","breadcrumb":{"@id":"https:\/\/weather-radar-live.com\/es\/tornado\/#breadcrumb"},"inLanguage":"es","potentialAction":[{"@type":"ReadAction","target":["https:\/\/weather-radar-live.com\/es\/tornado\/"]}]},{"@type":"ImageObject","inLanguage":"es","@id":"https:\/\/weather-radar-live.com\/es\/tornado\/#primaryimage","url":"https:\/\/weather-radar-live.com\/wp-content\/uploads\/2021\/02\/Tornado-Radar.jpg","contentUrl":"https:\/\/weather-radar-live.com\/wp-content\/uploads\/2021\/02\/Tornado-Radar.jpg","width":1897,"height":458},{"@type":"BreadcrumbList","@id":"https:\/\/weather-radar-live.com\/es\/tornado\/#breadcrumb","itemListElement":[{"@type":"ListItem","position":1,"name":"Weather Radar Live","item":"https:\/\/weather-radar-live.com\/es\/"},{"@type":"ListItem","position":2,"name":"Tornado"}]},{"@type":"WebSite","@id":"https:\/\/weather-radar-live.com\/#website","url":"https:\/\/weather-radar-live.com\/","name":"weather-radar-live.com","description":"Your weather and sky radar.","publisher":{"@id":"https:\/\/weather-radar-live.com\/#organization"},"potentialAction":[{"@type":"SearchAction","target":{"@type":"EntryPoint","urlTemplate":"https:\/\/weather-radar-live.com\/?s={search_term_string}"},"query-input":{"@type":"PropertyValueSpecification","valueRequired":true,"valueName":"search_term_string"}}],"inLanguage":"es"},{"@type":"Organization","@id":"https:\/\/weather-radar-live.com\/#organization","name":"weather-radar-live.com","url":"https:\/\/weather-radar-live.com\/","logo":{"@type":"ImageObject","inLanguage":"es","@id":"https:\/\/weather-radar-live.com\/#\/schema\/logo\/image\/","url":"https:\/\/weather-radar-live.com\/wp-content\/uploads\/2022\/03\/cropped-WRL2503.png","contentUrl":"https:\/\/weather-radar-live.com\/wp-content\/uploads\/2022\/03\/cropped-WRL2503.png","width":1920,"height":555,"caption":"weather-radar-live.com"},"image":{"@id":"https:\/\/weather-radar-live.com\/#\/schema\/logo\/image\/"}}]}},"_links":{"self":[{"href":"https:\/\/weather-radar-live.com\/es\/wp-json\/wp\/v2\/pages\/625","targetHints":{"allow":["GET"]}}],"collection":[{"href":"https:\/\/weather-radar-live.com\/es\/wp-json\/wp\/v2\/pages"}],"about":[{"href":"https:\/\/weather-radar-live.com\/es\/wp-json\/wp\/v2\/types\/page"}],"author":[{"embeddable":true,"href":"https:\/\/weather-radar-live.com\/es\/wp-json\/wp\/v2\/users\/1"}],"replies":[{"embeddable":true,"href":"https:\/\/weather-radar-live.com\/es\/wp-json\/wp\/v2\/comments?post=625"}],"version-history":[{"count":9,"href":"https:\/\/weather-radar-live.com\/es\/wp-json\/wp\/v2\/pages\/625\/revisions"}],"predecessor-version":[{"id":4161,"href":"https:\/\/weather-radar-live.com\/es\/wp-json\/wp\/v2\/pages\/625\/revisions\/4161"}],"wp:featuredmedia":[{"embeddable":true,"href":"https:\/\/weather-radar-live.com\/es\/wp-json\/wp\/v2\/media\/2968"}],"wp:attachment":[{"href":"https:\/\/weather-radar-live.com\/es\/wp-json\/wp\/v2\/media?parent=625"}],"curies":[{"name":"wp","href":"https:\/\/api.w.org\/{rel}","templated":true}]}}