{"id":5678,"date":"2022-07-22T14:33:18","date_gmt":"2022-07-22T12:33:18","guid":{"rendered":"https:\/\/weather-radar-live.com\/?page_id=5678"},"modified":"2022-07-22T14:37:43","modified_gmt":"2022-07-22T12:37:43","slug":"webcam-madrid","status":"publish","type":"page","link":"https:\/\/weather-radar-live.com\/es\/webcam\/espana\/webcam-madrid\/","title":{"rendered":"Webcam Madrid"},"content":{"rendered":"<div id=\"weath-316799493\" class=\"weath-vor-dem-inhalt weath-entity-placement\" style=\"margin-top: 15px;margin-right: 25px;margin-bottom: 40px;margin-left: 25px;\"><script async src=\"\/\/pagead2.googlesyndication.com\/pagead\/js\/adsbygoogle.js?client=ca-pub-8960936133935804\" crossorigin=\"anonymous\"><\/script><ins class=\"adsbygoogle\" style=\"display:block;\" data-ad-client=\"ca-pub-8960936133935804\" \ndata-ad-slot=\"6172817020\" \ndata-ad-format=\"auto\"><\/ins>\n<script> \n(adsbygoogle = window.adsbygoogle || []).push({}); \n<\/script>\n<\/div>\n<div class=\"wp-block-cover alignfull is-light\"><span aria-hidden=\"true\" class=\"wp-block-cover__gradient-background has-background-dim\"><\/span><img decoding=\"async\" class=\"wp-block-cover__image-background wp-image-342\" alt=\"Webcam Madrid\" src=\"https:\/\/weather-radar-live.com\/wp-content\/uploads\/2021\/06\/sam-schooler-E9aetBe2w40-unsplash-e1622554814366.jpg\" data-object-fit=\"cover\"\/><div class=\"wp-block-cover__inner-container is-layout-flow wp-block-cover-is-layout-flow\">\n<h2 class=\"has-text-align-center heading wp-block-heading\" id=\"webcam-fort-mahon\" style=\"font-size:40px\"><strong><mark style=\"background-color:rgba(0, 0, 0, 0)\" class=\"has-inline-color has-base-3-color\">WEBCAM <\/mark><\/strong><br><strong><mark style=\"background-color:rgba(0, 0, 0, 0)\" class=\"has-inline-color has-base-3-color\">MADRID<\/mark><\/strong><\/h2>\n<\/div><\/div>\n\n\n<div class=\"yoast-breadcrumbs\"><span><span><a href=\"https:\/\/weather-radar-live.com\/es\/\">Weather Radar Live<\/a><\/span> \u00bb <span><a href=\"https:\/\/weather-radar-live.com\/es\/webcam\/\">C\u00e1mara web<\/a><\/span> \u00bb <span><a href=\"https:\/\/weather-radar-live.com\/es\/webcam\/espana\/\">Espa\u00f1a<\/a><\/span> \u00bb <span class=\"breadcrumb_last\" aria-current=\"page\"><strong>Webcam Madrid<\/strong><\/span><\/span><\/div>\n\n\n<h2 class=\"has-text-align-center wp-block-heading\" id=\"webcam-fort-mahon\"><strong>Webcam Madrid<\/strong><\/h2>\n\n\n\n<p>Madrid, la capital de Espa\u00f1a, ha sido el centro del pa\u00eds durante siglos. No s\u00f3lo geogr\u00e1ficamente, sino tambi\u00e9n cultural y pol\u00edticamente. Con 3,2 millones de habitantes, es tambi\u00e9n la mayor ciudad de Espa\u00f1a. Madrid lo tiene sencillamente todo para que vivan los residentes y los turistas. Atracciones dignas de ver se encuentran con buena comida y mucha cultura. Por eso, alrededor de 5,5 millones de personas acuden a la capital espa\u00f1ola cada a\u00f1o. Hemos colocado nuestra webcam Madrid en el lugar, para que pueda echar un vistazo a la metr\u00f3poli las 24 horas del d\u00eda.<\/p>\n\n\n\n<p>Madrid se encuentra a una altitud de 667 metros sobre el nivel del mar. Esto convierte a la metr\u00f3poli espa\u00f1ola en la capital m\u00e1s alta de la Uni\u00f3n Europea. Dos de los clubes de f\u00fatbol m\u00e1s famosos de Europa se encuentran tambi\u00e9n en Madrid, adem\u00e1s del Real Madrid tambi\u00e9n el Atl\u00e9tico Madrid. Una costumbre interesante que encontrar\u00e1 al visitar la capital es la hora de la cena. Y es que en Madrid, la cena no suele servirse hasta las 21:30 horas. En cambio, la hora del vino, el aperitivo o la sangr\u00eda comienza ya a las 20:00.<\/p><div id=\"weath-1543529922\" class=\"weath-inhalt_2 weath-entity-placement\" style=\"margin-top: 15px;margin-right: 25px;margin-bottom: 35px;margin-left: 25px;\"><script async src=\"\/\/pagead2.googlesyndication.com\/pagead\/js\/adsbygoogle.js?client=ca-pub-8960936133935804\" crossorigin=\"anonymous\"><\/script><ins class=\"adsbygoogle\" style=\"display:block;\" data-ad-client=\"ca-pub-8960936133935804\" \ndata-ad-slot=\"1963584050\" \ndata-ad-format=\"auto\"><\/ins>\n<script> \n(adsbygoogle = window.adsbygoogle || []).push({}); \n<\/script>\n<\/div>\n\n\n\n<div class=\"wp-block-columns is-layout-flex wp-container-core-columns-is-layout-9d6595d7 wp-block-columns-is-layout-flex\">\n<div class=\"wp-block-column webcam-column is-layout-flow wp-block-column-is-layout-flow\">\n<h3 class=\"has-text-align-center wp-block-heading\"> \ud83d\udd34 <strong>Webcam<strong><strong><strong> <\/strong><\/strong><\/strong>Madrid<\/strong> &#8211; Las Acacias <\/h3>\n\n\n\n<a name=\"windy-webcam-timelapse-player\" data-id=\"1606332967\" data-play=\"day\" href=\"https:\/\/windy.com\/webcams\/1606332967\" target=\"_blank\" rel=\"noopener\">Las Acacias: PIR\u00c1MIDES<\/a><script async=\"\" type=\"text\/javascript\" src=\"https:\/\/webcams.windy.com\/webcams\/public\/embed\/script\/player.js\"><\/script>\n<\/div>\n\n\n\n<div class=\"wp-block-column webcam-column is-layout-flow wp-block-column-is-layout-flow\">\n<h3 class=\"has-text-align-center wp-block-heading\"> \ud83d\udd34 <strong><strong>Webcam<strong><strong><strong> <\/strong><\/strong><\/strong>Madrid<\/strong><\/strong> &#8211; Delicias<\/h3>\n\n\n\n<a name=\"windy-webcam-timelapse-player\" data-id=\"1606333185\" data-play=\"day\" href=\"https:\/\/windy.com\/webcams\/1606333185\" target=\"_blank\" rel=\"noopener\">Delicias: BEATA MARIA DE JESUS<\/a><script async=\"\" type=\"text\/javascript\" src=\"https:\/\/webcams.windy.com\/webcams\/public\/embed\/script\/player.js\"><\/script>\n<\/div>\n<\/div>\n\n\n\n<div class=\"wp-block-columns is-layout-flex wp-container-core-columns-is-layout-9d6595d7 wp-block-columns-is-layout-flex\">\n<div class=\"wp-block-column webcam-column is-layout-flow wp-block-column-is-layout-flow\">\n<h3 class=\"has-text-align-center wp-block-heading\"> \ud83d\udd34 <strong><strong>Webcam<strong><strong><strong> <\/strong><\/strong><\/strong>Madrid<\/strong><\/strong> &#8211; Centro<\/h3>\n\n\n\n<a name=\"windy-webcam-timelapse-player\" data-id=\"1649677128\" data-play=\"day\" href=\"https:\/\/windy.com\/webcams\/1649677128\" target=\"_blank\" rel=\"noopener\">Madrid<\/a><script async=\"\" type=\"text\/javascript\" src=\"https:\/\/webcams.windy.com\/webcams\/public\/embed\/script\/player.js\"><\/script>\n<\/div>\n\n\n\n<div class=\"wp-block-column webcam-column is-layout-flow wp-block-column-is-layout-flow\">\n<h3 class=\"has-text-align-center wp-block-heading\"> \ud83d\udd34 <strong><strong>Webcam<strong><strong><strong> <\/strong><\/strong><\/strong>Madrid<\/strong><\/strong> &#8211; Colon<\/h3>\n\n\n\n<a name=\"windy-webcam-timelapse-player\" data-id=\"1586452675\" data-play=\"day\" href=\"https:\/\/windy.com\/webcams\/1586452675\" target=\"_blank\" rel=\"noopener\">Madrid: COL\u00d3N<\/a><script async=\"\" type=\"text\/javascript\" src=\"https:\/\/webcams.windy.com\/webcams\/public\/embed\/script\/player.js\"><\/script>\n<\/div>\n<\/div>\n\n\n\n<div class=\"wp-block-columns is-layout-flex wp-container-core-columns-is-layout-9d6595d7 wp-block-columns-is-layout-flex\">\n<div class=\"wp-block-column webcam-column is-layout-flow wp-block-column-is-layout-flow\">\n<h3 class=\"has-text-align-center wp-block-heading\"> \ud83d\udd34 <strong><strong>Webcam<strong><strong><strong> <\/strong><\/strong><\/strong>Madrid<\/strong><\/strong> &#8211; San Juan de la Cruz<\/h3>\n\n\n\n<a name=\"windy-webcam-timelapse-player\" data-id=\"1606332765\" data-play=\"day\" href=\"https:\/\/windy.com\/webcams\/1606332765\" target=\"_blank\" rel=\"noopener\">Rios Rosas: SAN JUAN DE LA CRUZ<\/a><script async=\"\" type=\"text\/javascript\" src=\"https:\/\/webcams.windy.com\/webcams\/public\/embed\/script\/player.js\"><\/script>\n<\/div>\n\n\n\n<div class=\"wp-block-column webcam-column is-layout-flow wp-block-column-is-layout-flow\">\n<h3 class=\"has-text-align-center wp-block-heading\"> \ud83d\udd34 <strong><strong>Webcam<strong><strong><strong> <\/strong><\/strong><\/strong>Madrid<\/strong><\/strong> &#8211; Faro Moncloa<\/h3>\n\n\n\n<a name=\"windy-webcam-timelapse-player\" data-id=\"1606333010\" data-play=\"day\" href=\"https:\/\/windy.com\/webcams\/1606333010\" target=\"_blank\" rel=\"noopener\">Gaztambide: FARO MONCLOA &#8211; A6<\/a><script async=\"\" type=\"text\/javascript\" src=\"https:\/\/webcams.windy.com\/webcams\/public\/embed\/script\/player.js\"><\/script>\n<\/div>\n<\/div>\n\n\n\n<div class=\"wp-block-columns is-layout-flex wp-container-core-columns-is-layout-9d6595d7 wp-block-columns-is-layout-flex\">\n<div class=\"wp-block-column webcam-column is-layout-flow wp-block-column-is-layout-flow\">\n<h3 class=\"has-text-align-center wp-block-heading\"> \ud83d\udd34 <strong><strong>Webcam<strong><strong><strong> <\/strong><\/strong><\/strong>Madrid<\/strong><\/strong> &#8211; Playa<\/h3>\n\n\n\n<a name=\"windy-webcam-timelapse-player\" data-id=\"1606332777\" data-play=\"day\" href=\"https:\/\/windy.com\/webcams\/1606332777\" target=\"_blank\" rel=\"noopener\">Palacio: PUENTE DE SEGOVIA<\/a><script async=\"\" type=\"text\/javascript\" src=\"https:\/\/webcams.windy.com\/webcams\/public\/embed\/script\/player.js\"><\/script>\n<\/div>\n\n\n\n<div class=\"wp-block-column webcam-column is-layout-flow wp-block-column-is-layout-flow\">\n<h3 class=\"has-text-align-center wp-block-heading\"> \ud83d\udd34 <strong><strong>Webcam<strong><strong><strong> <\/strong><\/strong><\/strong>Madrid<\/strong><\/strong> &#8211; Cibeles<\/h3>\n\n\n\n<a name=\"windy-webcam-timelapse-player\" data-id=\"1586373287\" data-play=\"day\" href=\"https:\/\/windy.com\/webcams\/1586373287\" target=\"_blank\" rel=\"noopener\">Madrid: CIBELES<\/a><script async=\"\" type=\"text\/javascript\" src=\"https:\/\/webcams.windy.com\/webcams\/public\/embed\/script\/player.js\"><\/script>\n<\/div>\n<\/div>\n\n\n\n<div class=\"wp-block-columns is-layout-flex wp-container-core-columns-is-layout-9d6595d7 wp-block-columns-is-layout-flex\">\n<div class=\"wp-block-column webcam-column is-layout-flow wp-block-column-is-layout-flow\">\n<h3 class=\"has-text-align-center wp-block-heading\"> \ud83d\udd34 <strong><strong>Webcam<strong><strong><strong> <\/strong><\/strong><\/strong>Madrid<\/strong><\/strong> &#8211; Gran V\u00eda<\/h3>\n\n\n\n<a name=\"windy-webcam-timelapse-player\" data-id=\"1606333728\" data-play=\"day\" href=\"https:\/\/windy.com\/webcams\/1606333728\" target=\"_blank\" rel=\"noopener\">Palacio: GRAN VIA &#8211; SAN BERNARDO<\/a><script async=\"\" type=\"text\/javascript\" src=\"https:\/\/webcams.windy.com\/webcams\/public\/embed\/script\/player.js\"><\/script>\n<\/div>\n\n\n\n<div class=\"wp-block-column webcam-column is-layout-flow wp-block-column-is-layout-flow\">\n<h3 class=\"has-text-align-center wp-block-heading\"> \ud83d\udd34 <strong><strong>Webcam<strong><strong><strong> <\/strong><\/strong><\/strong>Madrid<\/strong><\/strong> &#8211; Castellana<\/h3>\n\n\n\n<a name=\"windy-webcam-timelapse-player\" data-id=\"1606333173\" data-play=\"day\" href=\"https:\/\/windy.com\/webcams\/1606333173\" target=\"_blank\" rel=\"noopener\">Castellana: MARQUES DE SALAMANCA<\/a><script async=\"\" type=\"text\/javascript\" src=\"https:\/\/webcams.windy.com\/webcams\/public\/embed\/script\/player.js\"><\/script>\n<\/div>\n<\/div>\n\n\n\n<h2 class=\"wp-block-heading\" id=\"fort-mahon-today\"><strong>Radar meteorol\u00f3gico de Madrid &#8211; El tiempo en Madrid<\/strong><\/h2>\n\n\n\n<p>\u00bfEst\u00e1 interesado en el tiempo local? Nuestra webcam en Madrid le garantiza informaci\u00f3n \u00fatil. T\u00f3mese su tiempo para ver todos los datos relevantes sobre lluvia, tormentas, nieve y previsi\u00f3n del tiempo. Los marcadores de color le ofrecen informaci\u00f3n sobre las condiciones meteorol\u00f3gicas en la capital espa\u00f1ola. Mientras que las zonas azules y verdes indican precipitaciones moderadas, las zonas de color rojo y p\u00farpura indican una intensidad alta. Las tormentas el\u00e9ctricas se muestran con peque\u00f1os s\u00edmbolos de rayos. Tambi\u00e9n puede consultar la previsi\u00f3n del tiempo en Madrid.<\/p>\n\n\n\n<div class=\"wp-block-columns is-layout-flex wp-container-core-columns-is-layout-9d6595d7 wp-block-columns-is-layout-flex\">\n<div class=\"wp-block-column is-layout-flow wp-block-column-is-layout-flow\" style=\"flex-basis:75%\">\n<iframe loading=\"lazy\" width=\"1300\" height=\"502\" src=\"https:\/\/embed.windy.com\/embed2.html?lat=40.420&amp;lon=-3.757&amp;detailLat=40.420&amp;detailLon=-3.757&amp;width=1300&amp;height=502&amp;zoom=11&amp;level=surface&amp;overlay=rain&amp;product=ecmwf&amp;menu=&amp;message=&amp;marker=&amp;calendar=now&amp;pressure=&amp;type=map&amp;location=coordinates&amp;detail=&amp;metricWind=default&amp;metricTemp=default&amp;radarRange=-1\" frameborder=\"0\"><\/iframe>\n<\/div>\n\n\n\n<div class=\"wp-block-column is-layout-flow wp-block-column-is-layout-flow\" style=\"flex-basis:25%\">\n<a class=\"weatherwidget-io\" href=\"https:\/\/forecast7.com\/es\/40d42n3d70\/madrid\/\" data-label_1=\"MADRID\" data-theme=\"original\" >MADRID<\/a>\n<script>\n!function(d,s,id){var js,fjs=d.getElementsByTagName(s)[0];if(!d.getElementById(id)){js=d.createElement(s);js.id=id;js.src='https:\/\/weatherwidget.io\/js\/widget.min.js';fjs.parentNode.insertBefore(js,fjs);}}(document,'script','weatherwidget-io-js');\n<\/script>\n<\/div>\n<\/div>\n\n\n\n<h2 class=\"wp-block-heading\" id=\"fort-mahon-weather\"><strong><strong>El clima en Madrid<\/strong><\/strong><\/h2>\n\n\n\n<p>Debido a su ubicaci\u00f3n central en Espa\u00f1a, Madrid se encuentra en la zona de clima continental. Por lo tanto, los veranos son calurosos y secos, los inviernos fr\u00edos y a veces helados. Especialmente de diciembre a febrero la temperatura media desciende a 6\u00b0 Celsius. Por ello pueden producirse heladas. A partir de marzo hace m\u00e1s calor. La temperatura sube de media a 18\u00b0 Celsius. Pero tambi\u00e9n aumenta el n\u00famero de d\u00edas de lluvia. De marzo a mayo, las precipitaciones caen una media de 9 d\u00edas. En el periodo de junio a agosto la temperatura alcanza sus valores m\u00e1s altos. Hasta 40\u00b0 Celsius hacen que el verano sea caluroso y seco. Incluso por la noche, la temperatura rara vez baja de los 30\u00b0. En oto\u00f1o, el term\u00f3metro vuelve a marcar 18\u00b0 Celsius de media.<\/p>\n\n\n\n<h2 class=\"wp-block-heading\"><strong>Atracciones en Madrid<\/strong><\/h2>\n\n\n\n<p>Los lugares de inter\u00e9s que merecen ser vistos son una docena en Madrid. Hay una atracci\u00f3n para cada veraneante. Los aficionados al f\u00fatbol disfrutar\u00e1n del famoso Estadio Santiago Bernab\u00e9u, el campo del Real Madrid. En el estadio caben m\u00e1s de 80.000 visitantes. El Palacio Real es un edificio imponente y magn\u00edfico que lleva encantando a los visitantes desde finales del siglo XVIII. Seg\u00fan el Libro Guinness de los R\u00e9cords, el restaurante m\u00e1s antiguo del mundo tambi\u00e9n se encuentra en Madrid. El Sobrino de Bot\u00edn lleva mimando a sus comensales desde 1725. Nuestra webcam de Madrid le ofrece una encantadora vista de la ciudad.<\/p>\n","protected":false},"excerpt":{"rendered":"<p>Webcam Madrid Madrid, la capital de Espa\u00f1a, ha sido el centro del pa\u00eds durante siglos. No s\u00f3lo geogr\u00e1ficamente, sino tambi\u00e9n cultural y pol\u00edticamente. Con 3,2 millones de habitantes, es tambi\u00e9n la mayor ciudad de Espa\u00f1a. Madrid lo tiene sencillamente todo para que vivan los residentes y los turistas. Atracciones dignas de ver se encuentran con &#8230; <a title=\"Webcam Madrid\" class=\"read-more\" href=\"https:\/\/weather-radar-live.com\/es\/webcam\/espana\/webcam-madrid\/\" aria-label=\"Leer m\u00e1s sobre Webcam Madrid\">Leer m\u00e1s<\/a><\/p>\n","protected":false},"author":1,"featured_media":5953,"parent":4352,"menu_order":0,"comment_status":"closed","ping_status":"closed","template":"","meta":{"footnotes":""},"class_list":["post-5678","page","type-page","status-publish","has-post-thumbnail"],"yoast_head":"<!-- This site is optimized with the Yoast SEO plugin v27.6 - https:\/\/yoast.com\/product\/yoast-seo-wordpress\/ -->\n<title>Webcam Madrid \u2192 \u00a1M\u00edralo en directo!<\/title>\n<meta name=\"description\" content=\"Webcam Madrid | \u00a1Livecam de Madrid! \u2705 \u00a1Actualizada para ti en tiempo real! \u2705 \u00a1Previsi\u00f3n meteorol\u00f3gica actual!\" \/>\n<meta name=\"robots\" content=\"index, follow, max-snippet:-1, max-image-preview:large, max-video-preview:-1\" \/>\n<link rel=\"canonical\" href=\"https:\/\/weather-radar-live.com\/es\/webcam\/espana\/webcam-madrid\/\" \/>\n<meta property=\"og:locale\" content=\"es_ES\" \/>\n<meta property=\"og:type\" content=\"article\" \/>\n<meta property=\"og:title\" content=\"Webcam Madrid \u2192 \u00a1M\u00edralo en directo!\" \/>\n<meta property=\"og:description\" content=\"Webcam Madrid | \u00a1Livecam de Madrid! \u2705 \u00a1Actualizada para ti en tiempo real! \u2705 \u00a1Previsi\u00f3n meteorol\u00f3gica actual!\" \/>\n<meta property=\"og:url\" content=\"https:\/\/weather-radar-live.com\/es\/webcam\/espana\/webcam-madrid\/\" \/>\n<meta property=\"og:site_name\" content=\"weather-radar-live.com\" \/>\n<meta property=\"article:modified_time\" content=\"2022-07-22T12:37:43+00:00\" \/>\n<meta property=\"og:image\" content=\"https:\/\/weather-radar-live.com\/wp-content\/uploads\/2022\/07\/Webcam-Sierra-Nevada-e1658218397839.png\" \/>\n\t<meta property=\"og:image:width\" content=\"397\" \/>\n\t<meta property=\"og:image:height\" content=\"206\" \/>\n\t<meta property=\"og:image:type\" content=\"image\/png\" \/>\n<meta name=\"twitter:card\" content=\"summary_large_image\" \/>\n<meta name=\"twitter:label1\" content=\"Tiempo de lectura\" \/>\n\t<meta name=\"twitter:data1\" content=\"3 minutos\" \/>\n<script type=\"application\/ld+json\" class=\"yoast-schema-graph\">{\"@context\":\"https:\\\/\\\/schema.org\",\"@graph\":[{\"@type\":\"WebPage\",\"@id\":\"https:\\\/\\\/weather-radar-live.com\\\/es\\\/webcam\\\/espana\\\/webcam-madrid\\\/\",\"url\":\"https:\\\/\\\/weather-radar-live.com\\\/es\\\/webcam\\\/espana\\\/webcam-madrid\\\/\",\"name\":\"Webcam Madrid \u2192 \u00a1M\u00edralo en directo!\",\"isPartOf\":{\"@id\":\"https:\\\/\\\/weather-radar-live.com\\\/#website\"},\"primaryImageOfPage\":{\"@id\":\"https:\\\/\\\/weather-radar-live.com\\\/es\\\/webcam\\\/espana\\\/webcam-madrid\\\/#primaryimage\"},\"image\":{\"@id\":\"https:\\\/\\\/weather-radar-live.com\\\/es\\\/webcam\\\/espana\\\/webcam-madrid\\\/#primaryimage\"},\"thumbnailUrl\":\"https:\\\/\\\/weather-radar-live.com\\\/wp-content\\\/uploads\\\/2022\\\/07\\\/Webcam-Madrid-e1658759569817.jpg\",\"datePublished\":\"2022-07-22T12:33:18+00:00\",\"dateModified\":\"2022-07-22T12:37:43+00:00\",\"description\":\"Webcam Madrid | \u00a1Livecam de Madrid! \u2705 \u00a1Actualizada para ti en tiempo real! \u2705 \u00a1Previsi\u00f3n meteorol\u00f3gica actual!\",\"breadcrumb\":{\"@id\":\"https:\\\/\\\/weather-radar-live.com\\\/es\\\/webcam\\\/espana\\\/webcam-madrid\\\/#breadcrumb\"},\"inLanguage\":\"es\",\"potentialAction\":[{\"@type\":\"ReadAction\",\"target\":[\"https:\\\/\\\/weather-radar-live.com\\\/es\\\/webcam\\\/espana\\\/webcam-madrid\\\/\"]}]},{\"@type\":\"ImageObject\",\"inLanguage\":\"es\",\"@id\":\"https:\\\/\\\/weather-radar-live.com\\\/es\\\/webcam\\\/espana\\\/webcam-madrid\\\/#primaryimage\",\"url\":\"https:\\\/\\\/weather-radar-live.com\\\/wp-content\\\/uploads\\\/2022\\\/07\\\/Webcam-Madrid-e1658759569817.jpg\",\"contentUrl\":\"https:\\\/\\\/weather-radar-live.com\\\/wp-content\\\/uploads\\\/2022\\\/07\\\/Webcam-Madrid-e1658759569817.jpg\",\"width\":416,\"height\":225,\"caption\":\"Webcam Madrid\"},{\"@type\":\"BreadcrumbList\",\"@id\":\"https:\\\/\\\/weather-radar-live.com\\\/es\\\/webcam\\\/espana\\\/webcam-madrid\\\/#breadcrumb\",\"itemListElement\":[{\"@type\":\"ListItem\",\"position\":1,\"name\":\"Weather Radar Live\",\"item\":\"https:\\\/\\\/weather-radar-live.com\\\/es\\\/\"},{\"@type\":\"ListItem\",\"position\":2,\"name\":\"C\u00e1mara web\",\"item\":\"https:\\\/\\\/weather-radar-live.com\\\/es\\\/webcam\\\/\"},{\"@type\":\"ListItem\",\"position\":3,\"name\":\"Espa\u00f1a\",\"item\":\"https:\\\/\\\/weather-radar-live.com\\\/es\\\/webcam\\\/espana\\\/\"},{\"@type\":\"ListItem\",\"position\":4,\"name\":\"Webcam Madrid\"}]},{\"@type\":\"WebSite\",\"@id\":\"https:\\\/\\\/weather-radar-live.com\\\/#website\",\"url\":\"https:\\\/\\\/weather-radar-live.com\\\/\",\"name\":\"weather-radar-live.com\",\"description\":\"Your weather and sky radar.\",\"publisher\":{\"@id\":\"https:\\\/\\\/weather-radar-live.com\\\/#organization\"},\"potentialAction\":[{\"@type\":\"SearchAction\",\"target\":{\"@type\":\"EntryPoint\",\"urlTemplate\":\"https:\\\/\\\/weather-radar-live.com\\\/?s={search_term_string}\"},\"query-input\":{\"@type\":\"PropertyValueSpecification\",\"valueRequired\":true,\"valueName\":\"search_term_string\"}}],\"inLanguage\":\"es\"},{\"@type\":\"Organization\",\"@id\":\"https:\\\/\\\/weather-radar-live.com\\\/#organization\",\"name\":\"weather-radar-live.com\",\"url\":\"https:\\\/\\\/weather-radar-live.com\\\/\",\"logo\":{\"@type\":\"ImageObject\",\"inLanguage\":\"es\",\"@id\":\"https:\\\/\\\/weather-radar-live.com\\\/#\\\/schema\\\/logo\\\/image\\\/\",\"url\":\"https:\\\/\\\/weather-radar-live.com\\\/wp-content\\\/uploads\\\/2022\\\/03\\\/cropped-WRL2503.png\",\"contentUrl\":\"https:\\\/\\\/weather-radar-live.com\\\/wp-content\\\/uploads\\\/2022\\\/03\\\/cropped-WRL2503.png\",\"width\":1920,\"height\":555,\"caption\":\"weather-radar-live.com\"},\"image\":{\"@id\":\"https:\\\/\\\/weather-radar-live.com\\\/#\\\/schema\\\/logo\\\/image\\\/\"}}]}<\/script>\n<!-- \/ Yoast SEO plugin. -->","yoast_head_json":{"title":"Webcam Madrid \u2192 \u00a1M\u00edralo en directo!","description":"Webcam Madrid | \u00a1Livecam de Madrid! \u2705 \u00a1Actualizada para ti en tiempo real! \u2705 \u00a1Previsi\u00f3n meteorol\u00f3gica actual!","robots":{"index":"index","follow":"follow","max-snippet":"max-snippet:-1","max-image-preview":"max-image-preview:large","max-video-preview":"max-video-preview:-1"},"canonical":"https:\/\/weather-radar-live.com\/es\/webcam\/espana\/webcam-madrid\/","og_locale":"es_ES","og_type":"article","og_title":"Webcam Madrid \u2192 \u00a1M\u00edralo en directo!","og_description":"Webcam Madrid | \u00a1Livecam de Madrid! \u2705 \u00a1Actualizada para ti en tiempo real! \u2705 \u00a1Previsi\u00f3n meteorol\u00f3gica actual!","og_url":"https:\/\/weather-radar-live.com\/es\/webcam\/espana\/webcam-madrid\/","og_site_name":"weather-radar-live.com","article_modified_time":"2022-07-22T12:37:43+00:00","og_image":[{"width":397,"height":206,"url":"https:\/\/weather-radar-live.com\/wp-content\/uploads\/2022\/07\/Webcam-Sierra-Nevada-e1658218397839.png","type":"image\/png"}],"twitter_card":"summary_large_image","twitter_misc":{"Tiempo de lectura":"3 minutos"},"schema":{"@context":"https:\/\/schema.org","@graph":[{"@type":"WebPage","@id":"https:\/\/weather-radar-live.com\/es\/webcam\/espana\/webcam-madrid\/","url":"https:\/\/weather-radar-live.com\/es\/webcam\/espana\/webcam-madrid\/","name":"Webcam Madrid \u2192 \u00a1M\u00edralo en directo!","isPartOf":{"@id":"https:\/\/weather-radar-live.com\/#website"},"primaryImageOfPage":{"@id":"https:\/\/weather-radar-live.com\/es\/webcam\/espana\/webcam-madrid\/#primaryimage"},"image":{"@id":"https:\/\/weather-radar-live.com\/es\/webcam\/espana\/webcam-madrid\/#primaryimage"},"thumbnailUrl":"https:\/\/weather-radar-live.com\/wp-content\/uploads\/2022\/07\/Webcam-Madrid-e1658759569817.jpg","datePublished":"2022-07-22T12:33:18+00:00","dateModified":"2022-07-22T12:37:43+00:00","description":"Webcam Madrid | \u00a1Livecam de Madrid! \u2705 \u00a1Actualizada para ti en tiempo real! \u2705 \u00a1Previsi\u00f3n meteorol\u00f3gica actual!","breadcrumb":{"@id":"https:\/\/weather-radar-live.com\/es\/webcam\/espana\/webcam-madrid\/#breadcrumb"},"inLanguage":"es","potentialAction":[{"@type":"ReadAction","target":["https:\/\/weather-radar-live.com\/es\/webcam\/espana\/webcam-madrid\/"]}]},{"@type":"ImageObject","inLanguage":"es","@id":"https:\/\/weather-radar-live.com\/es\/webcam\/espana\/webcam-madrid\/#primaryimage","url":"https:\/\/weather-radar-live.com\/wp-content\/uploads\/2022\/07\/Webcam-Madrid-e1658759569817.jpg","contentUrl":"https:\/\/weather-radar-live.com\/wp-content\/uploads\/2022\/07\/Webcam-Madrid-e1658759569817.jpg","width":416,"height":225,"caption":"Webcam Madrid"},{"@type":"BreadcrumbList","@id":"https:\/\/weather-radar-live.com\/es\/webcam\/espana\/webcam-madrid\/#breadcrumb","itemListElement":[{"@type":"ListItem","position":1,"name":"Weather Radar Live","item":"https:\/\/weather-radar-live.com\/es\/"},{"@type":"ListItem","position":2,"name":"C\u00e1mara web","item":"https:\/\/weather-radar-live.com\/es\/webcam\/"},{"@type":"ListItem","position":3,"name":"Espa\u00f1a","item":"https:\/\/weather-radar-live.com\/es\/webcam\/espana\/"},{"@type":"ListItem","position":4,"name":"Webcam Madrid"}]},{"@type":"WebSite","@id":"https:\/\/weather-radar-live.com\/#website","url":"https:\/\/weather-radar-live.com\/","name":"weather-radar-live.com","description":"Your weather and sky radar.","publisher":{"@id":"https:\/\/weather-radar-live.com\/#organization"},"potentialAction":[{"@type":"SearchAction","target":{"@type":"EntryPoint","urlTemplate":"https:\/\/weather-radar-live.com\/?s={search_term_string}"},"query-input":{"@type":"PropertyValueSpecification","valueRequired":true,"valueName":"search_term_string"}}],"inLanguage":"es"},{"@type":"Organization","@id":"https:\/\/weather-radar-live.com\/#organization","name":"weather-radar-live.com","url":"https:\/\/weather-radar-live.com\/","logo":{"@type":"ImageObject","inLanguage":"es","@id":"https:\/\/weather-radar-live.com\/#\/schema\/logo\/image\/","url":"https:\/\/weather-radar-live.com\/wp-content\/uploads\/2022\/03\/cropped-WRL2503.png","contentUrl":"https:\/\/weather-radar-live.com\/wp-content\/uploads\/2022\/03\/cropped-WRL2503.png","width":1920,"height":555,"caption":"weather-radar-live.com"},"image":{"@id":"https:\/\/weather-radar-live.com\/#\/schema\/logo\/image\/"}}]}},"_links":{"self":[{"href":"https:\/\/weather-radar-live.com\/es\/wp-json\/wp\/v2\/pages\/5678","targetHints":{"allow":["GET"]}}],"collection":[{"href":"https:\/\/weather-radar-live.com\/es\/wp-json\/wp\/v2\/pages"}],"about":[{"href":"https:\/\/weather-radar-live.com\/es\/wp-json\/wp\/v2\/types\/page"}],"author":[{"embeddable":true,"href":"https:\/\/weather-radar-live.com\/es\/wp-json\/wp\/v2\/users\/1"}],"replies":[{"embeddable":true,"href":"https:\/\/weather-radar-live.com\/es\/wp-json\/wp\/v2\/comments?post=5678"}],"version-history":[{"count":2,"href":"https:\/\/weather-radar-live.com\/es\/wp-json\/wp\/v2\/pages\/5678\/revisions"}],"predecessor-version":[{"id":5704,"href":"https:\/\/weather-radar-live.com\/es\/wp-json\/wp\/v2\/pages\/5678\/revisions\/5704"}],"up":[{"embeddable":true,"href":"https:\/\/weather-radar-live.com\/es\/wp-json\/wp\/v2\/pages\/4352"}],"wp:featuredmedia":[{"embeddable":true,"href":"https:\/\/weather-radar-live.com\/es\/wp-json\/wp\/v2\/media\/5953"}],"wp:attachment":[{"href":"https:\/\/weather-radar-live.com\/es\/wp-json\/wp\/v2\/media?parent=5678"}],"curies":[{"name":"wp","href":"https:\/\/api.w.org\/{rel}","templated":true}]}}