{"id":5506,"date":"2022-04-20T15:27:59","date_gmt":"2022-04-20T13:27:59","guid":{"rendered":"https:\/\/weather-radar-live.com\/webcam\/francia\/webcam-seignosse\/"},"modified":"2022-07-20T15:27:23","modified_gmt":"2022-07-20T13:27:23","slug":"webcam-seignosse","status":"publish","type":"page","link":"https:\/\/weather-radar-live.com\/es\/webcam\/francia\/webcam-seignosse\/","title":{"rendered":"Webcam Seignosse"},"content":{"rendered":"<div id=\"weath-2941444357\" class=\"weath-vor-dem-inhalt weath-entity-placement\" style=\"margin-top: 15px;margin-right: 25px;margin-bottom: 40px;margin-left: 25px;\"><script async src=\"\/\/pagead2.googlesyndication.com\/pagead\/js\/adsbygoogle.js?client=ca-pub-8960936133935804\" crossorigin=\"anonymous\"><\/script><ins class=\"adsbygoogle\" style=\"display:block;\" data-ad-client=\"ca-pub-8960936133935804\" \ndata-ad-slot=\"6172817020\" \ndata-ad-format=\"auto\"><\/ins>\n<script> \n(adsbygoogle = window.adsbygoogle || []).push({}); \n<\/script>\n<\/div>\n<div class=\"wp-block-cover alignfull is-light\"><span aria-hidden=\"true\" class=\"wp-block-cover__gradient-background has-background-dim\"><\/span><img decoding=\"async\" class=\"wp-block-cover__image-background wp-image-342\" alt=\"Webcam Seignosse\" src=\"https:\/\/weather-radar-live.com\/wp-content\/uploads\/2021\/06\/sam-schooler-E9aetBe2w40-unsplash-e1622554814366.jpg\" data-object-fit=\"cover\"\/><div class=\"wp-block-cover__inner-container is-layout-flow wp-block-cover-is-layout-flow\">\n<h2 class=\"has-text-align-center heading wp-block-heading\" id=\"webcam-fort-mahon\" style=\"font-size:40px\"><mark style=\"font-weight: bold; background-color: rgba(0, 0, 0, 0);\" class=\"has-inline-color has-base-3-color\"><strong>WEBCAM <\/strong><\/mark><b><br><\/b><mark style=\"background-color:rgba(0, 0, 0, 0)\" class=\"has-inline-color has-base-3-color\"><strong>SEIGNOSSE<\/strong><\/mark><\/h2>\n<\/div><\/div>\n\n\n<div class=\"yoast-breadcrumbs\"><span><span><a href=\"https:\/\/weather-radar-live.com\/es\/\">Weather Radar Live<\/a><\/span> \u00bb <span><a href=\"https:\/\/weather-radar-live.com\/es\/webcam\/\">C\u00e1mara web<\/a><\/span> \u00bb <span><a href=\"https:\/\/weather-radar-live.com\/es\/webcam\/francia\/\">Francia<\/a><\/span> \u00bb <span class=\"breadcrumb_last\" aria-current=\"page\"><strong>Webcam Seignosse<\/strong><\/span><\/span><\/div>\n\n\n<h2 class=\"has-text-align-center wp-block-heading\" id=\"webcam-fort-mahon\"><strong>Webcam <strong>Seignosse<\/strong><\/strong><\/h2>\n\n\n\n<p>Seignosse est\u00e1 situada entre el bosque de las Landas y Maremne, en la regi\u00f3n de Nueva Aquitania. Seignosse Oc\u00e9an, estaci\u00f3n balnearia clasificada, da acceso al oc\u00e9ano Atl\u00e1ntico. Esta localidad es famosa por sus lugares para practicar el surf y est\u00e1 cerca de Hossegor. El lugar es un campo de juego espectacular para los aficionados al trail y al running, con m\u00e1s de 40 km de senderos se\u00f1alizados. Desde el comienzo de la temporada de verano, se ha convertido en una importante atracci\u00f3n tur\u00edstica con un c\u00e1lido ambiente familiar.<\/p>\n\n\n\n<p>La zona est\u00e1 cubierta de pinos y robles, protegidos por dunas de arena del roc\u00edo del mar. Seignosse cuenta con un gran parque acu\u00e1tico llamado Parque Atl\u00e1ntico. Este parque recreativo se encuentra en el \u00abdepartamento\u00bb de las Landas. En Seignosse se respira un ambiente \u00fanico, agradable y fresco. \u00bfSe pregunta cu\u00e1l es el tiempo medio de Seignosse en un mes, su clima y su famosa ubicaci\u00f3n? Aqu\u00ed le proporcionamos la informaci\u00f3n que desea conocer. \u00a1Averig\u00fc\u00e9moslo!<\/p><div id=\"weath-2025559657\" class=\"weath-inhalt_2 weath-entity-placement\" style=\"margin-top: 15px;margin-right: 25px;margin-bottom: 35px;margin-left: 25px;\"><script async src=\"\/\/pagead2.googlesyndication.com\/pagead\/js\/adsbygoogle.js?client=ca-pub-8960936133935804\" crossorigin=\"anonymous\"><\/script><ins class=\"adsbygoogle\" style=\"display:block;\" data-ad-client=\"ca-pub-8960936133935804\" \ndata-ad-slot=\"1963584050\" \ndata-ad-format=\"auto\"><\/ins>\n<script> \n(adsbygoogle = window.adsbygoogle || []).push({}); \n<\/script>\n<\/div>\n\n\n\n<h3 class=\"has-text-align-center wp-block-heading\"><strong>\ud83d\udd34 Webcam Seignosse<\/strong><\/h3>\n\n\n\n<a name=\"windy-webcam-timelapse-player\" data-id=\"1620452597\" data-play=\"day\" href=\"https:\/\/windy.com\/webcams\/1620452597\" target=\"_blank\" rel=\"noopener\">Seignosse<\/a><script async=\"\" type=\"text\/javascript\" src=\"https:\/\/webcams.windy.com\/webcams\/public\/embed\/script\/player.js\"><\/script>\n\n\n\n<h2 class=\"wp-block-heading\" id=\"fort-mahon-today\"><strong>Radar<strong>meteorol\u00f3gico Seignosse &#8211; El tiempo en Seignosse<\/strong><\/strong><\/h2>\n\n\n\n<p><strong><a href=\"https:\/\/weather-radar-live.com\/es\/\">Radar meteorol\u00f3gico en directo<\/a><\/strong> recoge se\u00f1ales y muestra datos relacionados con <strong><a href=\"https:\/\/weather-radar-live.com\/es\/mapa-de-nubes\/\">nubosidad<\/a><\/strong>, <strong><a href=\"https:\/\/weather-radar-live.com\/es\/tornado\/\">tornados<\/a><\/strong>, <strong><a href=\"https:\/\/weather-radar-live.com\/es\/radar-lluvia\/\">precipitaciones<\/a><\/strong>, y <strong><a href=\"https:\/\/weather-radar-live.com\/es\/tormenta\/\">tormentas el\u00e9ctricas <\/a><\/strong>en tiempo real. Le ofrecemos una visi\u00f3n general del tiempo y le permitimos predecir el tiempo que har\u00e1 en las pr\u00f3ximas horas. Adem\u00e1s, puede acercarse o alejarse haciendo clic en los signos + o &#8211; presentes en la esquina superior derecha. Obtenga las \u00faltimas actualizaciones y previsiones meteorol\u00f3gicas para obtener la informaci\u00f3n pertinente.<\/p>\n\n\n\n<div class=\"wp-block-columns is-layout-flex wp-container-core-columns-is-layout-9d6595d7 wp-block-columns-is-layout-flex\">\n<div class=\"wp-block-column is-layout-flow wp-block-column-is-layout-flow\" style=\"flex-basis:75%\">\n<iframe loading=\"lazy\" width=\"1300\" height=\"502\" src=\"https:\/\/embed.windy.com\/embed2.html?lat=43.710&amp;lon=-1.846&amp;detailLat=43.710&amp;detailLon=-1.846&amp;width=1300&amp;height=502&amp;zoom=10&amp;level=surface&amp;overlay=wind&amp;product=ecmwf&amp;menu=&amp;message=&amp;marker=&amp;calendar=now&amp;pressure=&amp;type=map&amp;location=coordinates&amp;detail=&amp;metricWind=default&amp;metricTemp=default&amp;radarRange=-1\" frameborder=\"0\"><\/iframe>\n<\/div>\n\n\n\n<div class=\"wp-block-column is-layout-flow wp-block-column-is-layout-flow\" style=\"flex-basis:25%\">\n<a class=\"weatherwidget-io\" href=\"https:\/\/forecast7.com\/es\/43d69n1d38\/seignosse\/\" data-label_1=\"SEIGNOSSE\" data-font=\"Roboto\" data-theme=\"original\" >SEIGNOSSE<\/a>\n<script>\n!function(d,s,id){var js,fjs=d.getElementsByTagName(s)[0];if(!d.getElementById(id)){js=d.createElement(s);js.id=id;js.src='https:\/\/weatherwidget.io\/js\/widget.min.js';fjs.parentNode.insertBefore(js,fjs);}}(document,'script','weatherwidget-io-js');\n<\/script>\n<\/div>\n<\/div>\n\n\n\n<h2 class=\"wp-block-heading\" id=\"fort-mahon-weather\"><strong><strong>El clima en Se<\/strong>ignosse<\/strong><\/h2>\n\n\n\n<p>Seignosse tiene un clima c\u00e1lido y templado. Goza de lluvias frecuentes incluso en los meses m\u00e1s secos. La clasificaci\u00f3n de K\u00f6ppen y Geiger para esta localidad es Cfb. Durante los meses de mayo a octubre, el tiempo es agradable o c\u00e1lido en Seignosse y no se registran grandes precipitaciones. La temperatura media m\u00e1s alta en Seignosse es de 27\u00b0C en agosto y la m\u00e1s baja es de 10\u00b0C en enero.<\/p>\n\n\n\n<p><strong>Temperatura <\/strong><\/p>\n\n\n\n<p>La temperatura media en Seignosse es de 14,5 \u00b0C o 58,2 \u00b0F.<\/p>\n\n\n\n<p><strong>Precipitaciones <\/strong><\/p>\n\n\n\n<p>Aqu\u00ed caen aproximadamente 42,1 pulgadas de precipitaciones al a\u00f1o.<\/p>\n\n\n\n<p><strong>Humedad <\/strong><\/p>\n\n\n\n<p>En enero, la humedad relativa es la m\u00e1s alta (79,56%). En septiembre se registra el nivel de humedad relativa m\u00e1s bajo (71,55%).<\/p>\n\n\n\n<p><strong>\u00cdndice de UV<\/strong><\/p>\n\n\n\n<p>En Seignosse, el \u00edndice UV medio es de 4.<\/p>\n\n\n\n<p><strong>Nube<\/strong><\/p>\n\n\n\n<p>El porcentaje medio de nubosidad de Seignosse cambia significativamente a lo largo del a\u00f1o.<\/p>\n\n\n\n<p>En Seignosse, el mes de julio tiene los cielos m\u00e1s claros del a\u00f1o por t\u00e9rmino medio, con un cielo completamente despejado o parcialmente nublado el 76% del tiempo.<\/p>\n\n\n\n<p>Seignosse experimenta el tiempo m\u00e1s nublado en enero, cuando est\u00e1 mayormente nublado el 59% del tiempo.<\/p>\n\n\n\n<h2 class=\"wp-block-heading\"><strong><strong>La playa de Les Bourdaines<\/strong><\/strong><\/h2>\n\n\n\n<p>En Acquitaine, Les Bourdaines es una playa expuesta a las olas y funciona todo el a\u00f1o. Los mejores vientos soplan del este. Las marejadas de viento y las mareas de fondo lejanas pueden generar olas, pero la mejor direcci\u00f3n del oleaje es la del oeste. Lo mejor es surfear en Seignosse &#8211; Les Bourdaines durante el oto\u00f1o y, sobre todo, en octubre, cuando las olas son consistentes y limpias (oleaje manejable con vientos ligeros \/ offshore). Es uno de los mejores lugares de ocio de Seignosse. Esta playa es conocida por sus impresionantes vistas y sus escuelas de surf.<\/p>\n","protected":false},"excerpt":{"rendered":"<p>Webcam Seignosse Seignosse est\u00e1 situada entre el bosque de las Landas y Maremne, en la regi\u00f3n de Nueva Aquitania. Seignosse Oc\u00e9an, estaci\u00f3n balnearia clasificada, da acceso al oc\u00e9ano Atl\u00e1ntico. Esta localidad es famosa por sus lugares para practicar el surf y est\u00e1 cerca de Hossegor. El lugar es un campo de juego espectacular para los &#8230; <a title=\"Webcam Seignosse\" class=\"read-more\" href=\"https:\/\/weather-radar-live.com\/es\/webcam\/francia\/webcam-seignosse\/\" aria-label=\"Leer m\u00e1s sobre Webcam Seignosse\">Leer m\u00e1s<\/a><\/p>\n","protected":false},"author":1,"featured_media":3813,"parent":4181,"menu_order":0,"comment_status":"closed","ping_status":"closed","template":"","meta":{"footnotes":""},"class_list":["post-5506","page","type-page","status-publish","has-post-thumbnail"],"yoast_head":"<!-- This site is optimized with the Yoast SEO plugin v27.5 - https:\/\/yoast.com\/product\/yoast-seo-wordpress\/ -->\n<title>Webcam Seignosse \u2192 \u00a1V\u00e9alo en directo!<\/title>\n<meta name=\"description\" content=\"Webcam Seignosse | \u00a1Webcam de Seignosse! \u2705 \u00a1Actualizada para ti en tiempo real! \u2705 \u00a1Previsi\u00f3n del tiempo actual!\" \/>\n<meta name=\"robots\" content=\"index, follow, max-snippet:-1, max-image-preview:large, max-video-preview:-1\" \/>\n<link rel=\"canonical\" href=\"https:\/\/weather-radar-live.com\/es\/webcam\/francia\/webcam-seignosse\/\" \/>\n<meta property=\"og:locale\" content=\"es_ES\" \/>\n<meta property=\"og:type\" content=\"article\" \/>\n<meta property=\"og:title\" content=\"Webcam Seignosse \u2192 \u00a1V\u00e9alo en directo!\" \/>\n<meta property=\"og:description\" content=\"Webcam Seignosse | \u00a1Webcam de Seignosse! \u2705 \u00a1Actualizada para ti en tiempo real! \u2705 \u00a1Previsi\u00f3n del tiempo actual!\" \/>\n<meta property=\"og:url\" content=\"https:\/\/weather-radar-live.com\/es\/webcam\/francia\/webcam-seignosse\/\" \/>\n<meta property=\"og:site_name\" content=\"weather-radar-live.com\" \/>\n<meta property=\"article:modified_time\" content=\"2022-07-20T13:27:23+00:00\" \/>\n<meta property=\"og:image\" content=\"https:\/\/weather-radar-live.com\/wp-content\/uploads\/2022\/04\/Webcams-Seignosse-e1650461886397.jpg\" \/>\n\t<meta property=\"og:image:width\" content=\"1757\" \/>\n\t<meta property=\"og:image:height\" content=\"951\" \/>\n\t<meta property=\"og:image:type\" content=\"image\/jpeg\" \/>\n<meta name=\"twitter:card\" content=\"summary_large_image\" \/>\n<meta name=\"twitter:label1\" content=\"Tiempo de lectura\" \/>\n\t<meta name=\"twitter:data1\" content=\"3 minutos\" \/>\n<script type=\"application\/ld+json\" class=\"yoast-schema-graph\">{\"@context\":\"https:\\\/\\\/schema.org\",\"@graph\":[{\"@type\":\"WebPage\",\"@id\":\"https:\\\/\\\/weather-radar-live.com\\\/es\\\/webcam\\\/francia\\\/webcam-seignosse\\\/\",\"url\":\"https:\\\/\\\/weather-radar-live.com\\\/es\\\/webcam\\\/francia\\\/webcam-seignosse\\\/\",\"name\":\"Webcam Seignosse \u2192 \u00a1V\u00e9alo en directo!\",\"isPartOf\":{\"@id\":\"https:\\\/\\\/weather-radar-live.com\\\/#website\"},\"primaryImageOfPage\":{\"@id\":\"https:\\\/\\\/weather-radar-live.com\\\/es\\\/webcam\\\/francia\\\/webcam-seignosse\\\/#primaryimage\"},\"image\":{\"@id\":\"https:\\\/\\\/weather-radar-live.com\\\/es\\\/webcam\\\/francia\\\/webcam-seignosse\\\/#primaryimage\"},\"thumbnailUrl\":\"https:\\\/\\\/weather-radar-live.com\\\/wp-content\\\/uploads\\\/2022\\\/04\\\/Webcams-Seignosse-e1650461886397.jpg\",\"datePublished\":\"2022-04-20T13:27:59+00:00\",\"dateModified\":\"2022-07-20T13:27:23+00:00\",\"description\":\"Webcam Seignosse | \u00a1Webcam de Seignosse! \u2705 \u00a1Actualizada para ti en tiempo real! \u2705 \u00a1Previsi\u00f3n del tiempo actual!\",\"breadcrumb\":{\"@id\":\"https:\\\/\\\/weather-radar-live.com\\\/es\\\/webcam\\\/francia\\\/webcam-seignosse\\\/#breadcrumb\"},\"inLanguage\":\"es\",\"potentialAction\":[{\"@type\":\"ReadAction\",\"target\":[\"https:\\\/\\\/weather-radar-live.com\\\/es\\\/webcam\\\/francia\\\/webcam-seignosse\\\/\"]}]},{\"@type\":\"ImageObject\",\"inLanguage\":\"es\",\"@id\":\"https:\\\/\\\/weather-radar-live.com\\\/es\\\/webcam\\\/francia\\\/webcam-seignosse\\\/#primaryimage\",\"url\":\"https:\\\/\\\/weather-radar-live.com\\\/wp-content\\\/uploads\\\/2022\\\/04\\\/Webcams-Seignosse-e1650461886397.jpg\",\"contentUrl\":\"https:\\\/\\\/weather-radar-live.com\\\/wp-content\\\/uploads\\\/2022\\\/04\\\/Webcams-Seignosse-e1650461886397.jpg\",\"width\":1757,\"height\":951,\"caption\":\"Webcams - Seignosse\"},{\"@type\":\"BreadcrumbList\",\"@id\":\"https:\\\/\\\/weather-radar-live.com\\\/es\\\/webcam\\\/francia\\\/webcam-seignosse\\\/#breadcrumb\",\"itemListElement\":[{\"@type\":\"ListItem\",\"position\":1,\"name\":\"Weather Radar Live\",\"item\":\"https:\\\/\\\/weather-radar-live.com\\\/es\\\/\"},{\"@type\":\"ListItem\",\"position\":2,\"name\":\"C\u00e1mara web\",\"item\":\"https:\\\/\\\/weather-radar-live.com\\\/es\\\/webcam\\\/\"},{\"@type\":\"ListItem\",\"position\":3,\"name\":\"Francia\",\"item\":\"https:\\\/\\\/weather-radar-live.com\\\/es\\\/webcam\\\/francia\\\/\"},{\"@type\":\"ListItem\",\"position\":4,\"name\":\"Webcam Seignosse\"}]},{\"@type\":\"WebSite\",\"@id\":\"https:\\\/\\\/weather-radar-live.com\\\/#website\",\"url\":\"https:\\\/\\\/weather-radar-live.com\\\/\",\"name\":\"weather-radar-live.com\",\"description\":\"Your weather and sky radar.\",\"publisher\":{\"@id\":\"https:\\\/\\\/weather-radar-live.com\\\/#organization\"},\"potentialAction\":[{\"@type\":\"SearchAction\",\"target\":{\"@type\":\"EntryPoint\",\"urlTemplate\":\"https:\\\/\\\/weather-radar-live.com\\\/?s={search_term_string}\"},\"query-input\":{\"@type\":\"PropertyValueSpecification\",\"valueRequired\":true,\"valueName\":\"search_term_string\"}}],\"inLanguage\":\"es\"},{\"@type\":\"Organization\",\"@id\":\"https:\\\/\\\/weather-radar-live.com\\\/#organization\",\"name\":\"weather-radar-live.com\",\"url\":\"https:\\\/\\\/weather-radar-live.com\\\/\",\"logo\":{\"@type\":\"ImageObject\",\"inLanguage\":\"es\",\"@id\":\"https:\\\/\\\/weather-radar-live.com\\\/#\\\/schema\\\/logo\\\/image\\\/\",\"url\":\"https:\\\/\\\/weather-radar-live.com\\\/wp-content\\\/uploads\\\/2022\\\/03\\\/cropped-WRL2503.png\",\"contentUrl\":\"https:\\\/\\\/weather-radar-live.com\\\/wp-content\\\/uploads\\\/2022\\\/03\\\/cropped-WRL2503.png\",\"width\":1920,\"height\":555,\"caption\":\"weather-radar-live.com\"},\"image\":{\"@id\":\"https:\\\/\\\/weather-radar-live.com\\\/#\\\/schema\\\/logo\\\/image\\\/\"}}]}<\/script>\n<!-- \/ Yoast SEO plugin. -->","yoast_head_json":{"title":"Webcam Seignosse \u2192 \u00a1V\u00e9alo en directo!","description":"Webcam Seignosse | \u00a1Webcam de Seignosse! \u2705 \u00a1Actualizada para ti en tiempo real! \u2705 \u00a1Previsi\u00f3n del tiempo actual!","robots":{"index":"index","follow":"follow","max-snippet":"max-snippet:-1","max-image-preview":"max-image-preview:large","max-video-preview":"max-video-preview:-1"},"canonical":"https:\/\/weather-radar-live.com\/es\/webcam\/francia\/webcam-seignosse\/","og_locale":"es_ES","og_type":"article","og_title":"Webcam Seignosse \u2192 \u00a1V\u00e9alo en directo!","og_description":"Webcam Seignosse | \u00a1Webcam de Seignosse! \u2705 \u00a1Actualizada para ti en tiempo real! \u2705 \u00a1Previsi\u00f3n del tiempo actual!","og_url":"https:\/\/weather-radar-live.com\/es\/webcam\/francia\/webcam-seignosse\/","og_site_name":"weather-radar-live.com","article_modified_time":"2022-07-20T13:27:23+00:00","og_image":[{"width":1757,"height":951,"url":"https:\/\/weather-radar-live.com\/wp-content\/uploads\/2022\/04\/Webcams-Seignosse-e1650461886397.jpg","type":"image\/jpeg"}],"twitter_card":"summary_large_image","twitter_misc":{"Tiempo de lectura":"3 minutos"},"schema":{"@context":"https:\/\/schema.org","@graph":[{"@type":"WebPage","@id":"https:\/\/weather-radar-live.com\/es\/webcam\/francia\/webcam-seignosse\/","url":"https:\/\/weather-radar-live.com\/es\/webcam\/francia\/webcam-seignosse\/","name":"Webcam Seignosse \u2192 \u00a1V\u00e9alo en directo!","isPartOf":{"@id":"https:\/\/weather-radar-live.com\/#website"},"primaryImageOfPage":{"@id":"https:\/\/weather-radar-live.com\/es\/webcam\/francia\/webcam-seignosse\/#primaryimage"},"image":{"@id":"https:\/\/weather-radar-live.com\/es\/webcam\/francia\/webcam-seignosse\/#primaryimage"},"thumbnailUrl":"https:\/\/weather-radar-live.com\/wp-content\/uploads\/2022\/04\/Webcams-Seignosse-e1650461886397.jpg","datePublished":"2022-04-20T13:27:59+00:00","dateModified":"2022-07-20T13:27:23+00:00","description":"Webcam Seignosse | \u00a1Webcam de Seignosse! \u2705 \u00a1Actualizada para ti en tiempo real! \u2705 \u00a1Previsi\u00f3n del tiempo actual!","breadcrumb":{"@id":"https:\/\/weather-radar-live.com\/es\/webcam\/francia\/webcam-seignosse\/#breadcrumb"},"inLanguage":"es","potentialAction":[{"@type":"ReadAction","target":["https:\/\/weather-radar-live.com\/es\/webcam\/francia\/webcam-seignosse\/"]}]},{"@type":"ImageObject","inLanguage":"es","@id":"https:\/\/weather-radar-live.com\/es\/webcam\/francia\/webcam-seignosse\/#primaryimage","url":"https:\/\/weather-radar-live.com\/wp-content\/uploads\/2022\/04\/Webcams-Seignosse-e1650461886397.jpg","contentUrl":"https:\/\/weather-radar-live.com\/wp-content\/uploads\/2022\/04\/Webcams-Seignosse-e1650461886397.jpg","width":1757,"height":951,"caption":"Webcams - Seignosse"},{"@type":"BreadcrumbList","@id":"https:\/\/weather-radar-live.com\/es\/webcam\/francia\/webcam-seignosse\/#breadcrumb","itemListElement":[{"@type":"ListItem","position":1,"name":"Weather Radar Live","item":"https:\/\/weather-radar-live.com\/es\/"},{"@type":"ListItem","position":2,"name":"C\u00e1mara web","item":"https:\/\/weather-radar-live.com\/es\/webcam\/"},{"@type":"ListItem","position":3,"name":"Francia","item":"https:\/\/weather-radar-live.com\/es\/webcam\/francia\/"},{"@type":"ListItem","position":4,"name":"Webcam Seignosse"}]},{"@type":"WebSite","@id":"https:\/\/weather-radar-live.com\/#website","url":"https:\/\/weather-radar-live.com\/","name":"weather-radar-live.com","description":"Your weather and sky radar.","publisher":{"@id":"https:\/\/weather-radar-live.com\/#organization"},"potentialAction":[{"@type":"SearchAction","target":{"@type":"EntryPoint","urlTemplate":"https:\/\/weather-radar-live.com\/?s={search_term_string}"},"query-input":{"@type":"PropertyValueSpecification","valueRequired":true,"valueName":"search_term_string"}}],"inLanguage":"es"},{"@type":"Organization","@id":"https:\/\/weather-radar-live.com\/#organization","name":"weather-radar-live.com","url":"https:\/\/weather-radar-live.com\/","logo":{"@type":"ImageObject","inLanguage":"es","@id":"https:\/\/weather-radar-live.com\/#\/schema\/logo\/image\/","url":"https:\/\/weather-radar-live.com\/wp-content\/uploads\/2022\/03\/cropped-WRL2503.png","contentUrl":"https:\/\/weather-radar-live.com\/wp-content\/uploads\/2022\/03\/cropped-WRL2503.png","width":1920,"height":555,"caption":"weather-radar-live.com"},"image":{"@id":"https:\/\/weather-radar-live.com\/#\/schema\/logo\/image\/"}}]}},"_links":{"self":[{"href":"https:\/\/weather-radar-live.com\/es\/wp-json\/wp\/v2\/pages\/5506","targetHints":{"allow":["GET"]}}],"collection":[{"href":"https:\/\/weather-radar-live.com\/es\/wp-json\/wp\/v2\/pages"}],"about":[{"href":"https:\/\/weather-radar-live.com\/es\/wp-json\/wp\/v2\/types\/page"}],"author":[{"embeddable":true,"href":"https:\/\/weather-radar-live.com\/es\/wp-json\/wp\/v2\/users\/1"}],"replies":[{"embeddable":true,"href":"https:\/\/weather-radar-live.com\/es\/wp-json\/wp\/v2\/comments?post=5506"}],"version-history":[{"count":1,"href":"https:\/\/weather-radar-live.com\/es\/wp-json\/wp\/v2\/pages\/5506\/revisions"}],"predecessor-version":[{"id":5519,"href":"https:\/\/weather-radar-live.com\/es\/wp-json\/wp\/v2\/pages\/5506\/revisions\/5519"}],"up":[{"embeddable":true,"href":"https:\/\/weather-radar-live.com\/es\/wp-json\/wp\/v2\/pages\/4181"}],"wp:featuredmedia":[{"embeddable":true,"href":"https:\/\/weather-radar-live.com\/es\/wp-json\/wp\/v2\/media\/3813"}],"wp:attachment":[{"href":"https:\/\/weather-radar-live.com\/es\/wp-json\/wp\/v2\/media?parent=5506"}],"curies":[{"name":"wp","href":"https:\/\/api.w.org\/{rel}","templated":true}]}}