{"id":5406,"date":"2022-07-20T14:42:31","date_gmt":"2022-07-20T12:42:31","guid":{"rendered":"https:\/\/weather-radar-live.com\/?page_id=5406"},"modified":"2022-07-20T14:44:04","modified_gmt":"2022-07-20T12:44:04","slug":"webcam-maspalomas","status":"publish","type":"page","link":"https:\/\/weather-radar-live.com\/es\/webcam\/espana\/webcam-maspalomas\/","title":{"rendered":"Webcam Maspalomas"},"content":{"rendered":"<div id=\"weath-1742029744\" class=\"weath-vor-dem-inhalt weath-entity-placement\" style=\"margin-top: 15px;margin-right: 25px;margin-bottom: 40px;margin-left: 25px;\"><script async src=\"\/\/pagead2.googlesyndication.com\/pagead\/js\/adsbygoogle.js?client=ca-pub-8960936133935804\" crossorigin=\"anonymous\"><\/script><ins class=\"adsbygoogle\" style=\"display:block;\" data-ad-client=\"ca-pub-8960936133935804\" \ndata-ad-slot=\"6172817020\" \ndata-ad-format=\"auto\"><\/ins>\n<script> \n(adsbygoogle = window.adsbygoogle || []).push({}); \n<\/script>\n<\/div>\n<div class=\"wp-block-cover alignfull is-light\"><span aria-hidden=\"true\" class=\"wp-block-cover__gradient-background has-background-dim\"><\/span><img decoding=\"async\" class=\"wp-block-cover__image-background wp-image-342\" alt=\"Webcam Maspalomas\n\" src=\"https:\/\/weather-radar-live.com\/wp-content\/uploads\/2021\/06\/sam-schooler-E9aetBe2w40-unsplash-e1622554814366.jpg\" data-object-fit=\"cover\"\/><div class=\"wp-block-cover__inner-container is-layout-flow wp-block-cover-is-layout-flow\">\n<h2 class=\"has-text-align-center heading wp-block-heading\" id=\"webcam-fort-mahon\" style=\"font-size:40px\"><strong><mark style=\"background-color:rgba(0, 0, 0, 0)\" class=\"has-inline-color has-base-3-color\">WEBCAM <\/mark><\/strong><br><strong><mark style=\"background-color:rgba(0, 0, 0, 0)\" class=\"has-inline-color has-base-3-color\">MASPALOMAS<\/mark><\/strong><\/h2>\n<\/div><\/div>\n\n\n<div class=\"yoast-breadcrumbs\"><span><span><a href=\"https:\/\/weather-radar-live.com\/es\/\">Weather Radar Live<\/a><\/span> \u00bb <span><a href=\"https:\/\/weather-radar-live.com\/es\/webcam\/\">C\u00e1mara web<\/a><\/span> \u00bb <span><a href=\"https:\/\/weather-radar-live.com\/es\/webcam\/espana\/\">Espa\u00f1a<\/a><\/span> \u00bb <span class=\"breadcrumb_last\" aria-current=\"page\"><strong>Webcam Maspalomas<\/strong><\/span><\/span><\/div>\n\n\n<h2 class=\"has-text-align-center wp-block-heading\" id=\"webcam-fort-mahon\"><strong>Webcam Maspalomas<\/strong><\/h2>\n\n\n\n<p>En el sur de Gran Canaria, una de las Islas Canarias pertenecientes a Espa\u00f1a en el Oc\u00e9ano Atl\u00e1ntico, se encuentra el centro de vacaciones Maspalomas. Eche un vistazo con la webcam Maspalomas. Es caracter\u00edstico el paisaje de dunas, formado por coral triturado y caliza de concha, que ocupa unos doce kil\u00f3metros cuadrados del islote. Pertenece a una reserva natural, que se considera especialmente valiosa.<\/p>\n\n\n\n<p>Los hospitalarios isle\u00f1os est\u00e1n en total sinton\u00eda con usted y sus necesidades vacacionales. Tendr\u00e1 una agradable estancia en los numerosos y modernos complejos o apartamentos y disfrutar\u00e1 de sus vacaciones con la ayuda de la infraestructura del lugar orientada a su recreo. Podr\u00e1 pasar el d\u00eda en la playa. Incluso los aficionados al nudismo pueden disfrutar del sol y del agua sin ser molestados en la zona nudista. Tambi\u00e9n puede realizar una excursi\u00f3n de descubrimiento al interior del asentamiento vacacional o explorar sus alrededores. Una experiencia que guardar\u00e1 en especial recuerdo es el paseo en camello por la zona des\u00e9rtica de dunas.<\/p><div id=\"weath-2121907037\" class=\"weath-inhalt_2 weath-entity-placement\" style=\"margin-top: 15px;margin-right: 25px;margin-bottom: 35px;margin-left: 25px;\"><script async src=\"\/\/pagead2.googlesyndication.com\/pagead\/js\/adsbygoogle.js?client=ca-pub-8960936133935804\" crossorigin=\"anonymous\"><\/script><ins class=\"adsbygoogle\" style=\"display:block;\" data-ad-client=\"ca-pub-8960936133935804\" \ndata-ad-slot=\"1963584050\" \ndata-ad-format=\"auto\"><\/ins>\n<script> \n(adsbygoogle = window.adsbygoogle || []).push({}); \n<\/script>\n<\/div>\n\n\n\n<div class=\"wp-block-columns is-layout-flex wp-container-core-columns-is-layout-9d6595d7 wp-block-columns-is-layout-flex\">\n<div class=\"wp-block-column webcam-column is-layout-flow wp-block-column-is-layout-flow\">\n<h3 class=\"has-text-align-center wp-block-heading\"> \ud83d\udd34 <strong>Webcam<strong><strong><strong> <\/strong><\/strong><\/strong>Maspalomas<\/strong> &#8211; Reserva Natural de las Dunas<\/h3>\n\n\n\n<a name=\"windy-webcam-timelapse-player\" data-id=\"1587975578\" data-play=\"day\" href=\"https:\/\/windy.com\/webcams\/1587975578\" target=\"_blank\" rel=\"noopener\">San Bartolom\u00e9 de Tirajana: Reserva Natural de Dunas de Maspalomas &#8211; Playa Del Ingl\u00e9s<\/a><script async=\"\" type=\"text\/javascript\" src=\"https:\/\/webcams.windy.com\/webcams\/public\/embed\/script\/player.js\"><\/script>\n<\/div>\n\n\n\n<div class=\"wp-block-column webcam-column is-layout-flow wp-block-column-is-layout-flow\">\n<h3 class=\"has-text-align-center wp-block-heading\"> \ud83d\udd34 <strong>Webcam <strong><strong><strong><strong>Mas<\/strong><\/strong><\/strong><\/strong><\/strong> <strong> <strong><strong><strong><strong>palomas<\/strong><\/strong><\/strong><\/strong><\/strong> <strong> <strong><strong><strong><strong><\/strong><\/strong><\/strong><\/strong><\/strong> &#8211; Faro<\/h3>\n\n\n\n<a name=\"windy-webcam-timelapse-player\" data-id=\"1635699375\" data-play=\"day\" href=\"https:\/\/windy.com\/webcams\/1635699375\" target=\"_blank\" rel=\"noopener\">San Bartolome de Tirajana<\/a><script async=\"\" type=\"text\/javascript\" src=\"https:\/\/webcams.windy.com\/webcams\/public\/embed\/script\/player.js\"><\/script>\n<\/div>\n<\/div>\n\n\n\n<div class=\"wp-block-columns is-layout-flex wp-container-core-columns-is-layout-9d6595d7 wp-block-columns-is-layout-flex\">\n<div class=\"wp-block-column webcam-column is-layout-flow wp-block-column-is-layout-flow\">\n<h3 class=\"has-text-align-center wp-block-heading\"> \ud83d\udd34 <strong>Webcam<\/strong> <strong><strong><strong><strong> <strong>Maspalomas<\/strong><\/strong><\/strong><\/strong><\/strong> <strong><strong><strong><strong> <strong><\/strong><\/strong><\/strong><\/strong><\/strong> &#8211; Centro Comercial<\/h3>\n\n\n\n<a name=\"windy-webcam-timelapse-player\" data-id=\"1573216797\" data-play=\"day\" href=\"https:\/\/windy.com\/webcams\/1573216797\" target=\"_blank\" rel=\"noopener\">San Bartolome de Tirajana: Centro Comercial Yumbo<\/a><script async=\"\" type=\"text\/javascript\" src=\"https:\/\/webcams.windy.com\/webcams\/public\/embed\/script\/player.js\"><\/script>\n<\/div>\n\n\n\n<div class=\"wp-block-column webcam-column is-layout-flow wp-block-column-is-layout-flow\">\n<h3 class=\"has-text-align-center wp-block-heading\"> \ud83d\udd34 <strong>Webcam<\/strong> <strong> <strong><strong><strong><strong>Maspalomas<\/strong><\/strong><\/strong><\/strong><\/strong> <strong> <strong><strong><strong><strong><\/strong><\/strong><\/strong><\/strong><\/strong> &#8211; Playa<\/h3>\n\n\n\n<a name=\"windy-webcam-timelapse-player\" data-id=\"1645098191\" data-play=\"day\" href=\"https:\/\/windy.com\/webcams\/1645098191\" target=\"_blank\" rel=\"noopener\">San Bartolome de Tirajana<\/a><script async=\"\" type=\"text\/javascript\" src=\"https:\/\/webcams.windy.com\/webcams\/public\/embed\/script\/player.js\"><\/script>\n<\/div>\n<\/div>\n\n\n\n<h2 class=\"wp-block-heading\" id=\"fort-mahon-today\"><strong>Radar meteorol\u00f3gico Maspalomas<\/strong> <strong>&#8211; El tiempo en Maspalomas<\/strong><\/h2>\n\n\n\n<p>Con la webcam de Maspalomas podr\u00e1 comprobar el maravilloso tiempo que hace en este lugar de vacaciones de ensue\u00f1o. En caso de que llueva, puede estimar su intensidad, representada por diferentes colores. El verde y el azul representan una cantidad baja de precipitaciones, el rojo y el morado una cantidad alta de precipitaciones. Tambi\u00e9n se le mostrar\u00e1 la fuerza y la direcci\u00f3n del viento y se le dar\u00e1 una previsi\u00f3n meteorol\u00f3gica fiable.<\/p>\n\n\n\n<div class=\"wp-block-columns is-layout-flex wp-container-core-columns-is-layout-9d6595d7 wp-block-columns-is-layout-flex\">\n<div class=\"wp-block-column is-layout-flow wp-block-column-is-layout-flow\" style=\"flex-basis:75%\">\n<iframe loading=\"lazy\" width=\"1300\" height=\"502\" src=\"https:\/\/embed.windy.com\/embed2.html?lat=27.753&amp;lon=-15.623&amp;detailLat=27.753&amp;detailLon=-15.623&amp;width=1300&amp;height=502&amp;zoom=11&amp;level=surface&amp;overlay=rain&amp;product=ecmwf&amp;menu=&amp;message=&amp;marker=&amp;calendar=now&amp;pressure=&amp;type=map&amp;location=coordinates&amp;detail=&amp;metricWind=default&amp;metricTemp=default&amp;radarRange=-1\" frameborder=\"0\"><\/iframe>\n<\/div>\n\n\n\n<div class=\"wp-block-column is-layout-flow wp-block-column-is-layout-flow\" style=\"flex-basis:25%\">\n<a class=\"weatherwidget-io\" href=\"https:\/\/forecast7.com\/es\/27d76n15d59\/maspalomas\/\" data-label_1=\"MASPALOMAS\" data-theme=\"original\" >MASPALOMAS<\/a>\n<script>\n!function(d,s,id){var js,fjs=d.getElementsByTagName(s)[0];if(!d.getElementById(id)){js=d.createElement(s);js.id=id;js.src='https:\/\/weatherwidget.io\/js\/widget.min.js';fjs.parentNode.insertBefore(js,fjs);}}(document,'script','weatherwidget-io-js');\n<\/script>\n<\/div>\n<\/div>\n\n\n\n<h2 class=\"wp-block-heading\" id=\"fort-mahon-weather\"><strong>El clima en Maspalomas<\/strong><\/h2>\n\n\n\n<p>Maspalomas tiene una temperatura media anual de entre 19,5 y 21,7 grados cent\u00edgrados y ofrece un clima mar\u00edtimo templado durante todo el a\u00f1o. La temperatura m\u00e1xima en agosto es de s\u00f3lo 26 grados cent\u00edgrados, incluso en enero sigue siendo de al menos 14 grados cent\u00edgrados. La temperatura del agua del oc\u00e9ano Atl\u00e1ntico en Maspalomas oscila entre los 19 y los 22 grados cent\u00edgrados. El sol brilla durante unas nueve horas al d\u00eda en verano, y todav\u00eda durante unas cinco horas al d\u00eda en los meses de invierno. Por t\u00e9rmino medio, llueve ocho d\u00edas al mes, los menos en junio, unos cuatro, y los m\u00e1s en octubre y noviembre, unos once d\u00edas cada uno. La cantidad de precipitaciones es bastante baja y asciende a s\u00f3lo 76 mil\u00edmetros en todo el a\u00f1o. A modo de comparaci\u00f3n, es unas diez veces mayor en Alemania.<\/p>\n\n\n\n<h2 class=\"wp-block-heading\"><strong>Atracciones en Maspalomas<\/strong><\/h2>\n\n\n\n<p>Un punto de referencia popular es el Faro de Maspalomas, de 56 metros de altura, en el barrio de El Oasis, que fue construido a finales del siglo XIX. Antes de visitar la estructura hist\u00f3rica, refr\u00e9squese en el agua de la fuente con la estatua de bronce que representa a un hombre sobre un monstruo, o a la sombra bajo uno de los \u00e1rboles del palmeral. En los restaurantes de los alrededores podr\u00e1 disfrutar de comida deliciosamente preparada y buscar recuerdos para usted y regalos para sus amigos en las tiendas gestionadas con cari\u00f1o. Si camina unos pasos m\u00e1s, llegar\u00e1 a la laguna, que aqu\u00ed se llama \u00abCharca\u00bb. Este es el lugar de descanso de las aves migratorias que contin\u00faan su viaje desde Europa hasta \u00c1frica.<\/p>\n","protected":false},"excerpt":{"rendered":"<p>Webcam Maspalomas En el sur de Gran Canaria, una de las Islas Canarias pertenecientes a Espa\u00f1a en el Oc\u00e9ano Atl\u00e1ntico, se encuentra el centro de vacaciones Maspalomas. Eche un vistazo con la webcam Maspalomas. Es caracter\u00edstico el paisaje de dunas, formado por coral triturado y caliza de concha, que ocupa unos doce kil\u00f3metros cuadrados del &#8230; <a title=\"Webcam Maspalomas\" class=\"read-more\" href=\"https:\/\/weather-radar-live.com\/es\/webcam\/espana\/webcam-maspalomas\/\" aria-label=\"Leer m\u00e1s sobre Webcam Maspalomas\">Leer m\u00e1s<\/a><\/p>\n","protected":false},"author":1,"featured_media":5223,"parent":4352,"menu_order":0,"comment_status":"closed","ping_status":"closed","template":"","meta":{"footnotes":""},"class_list":["post-5406","page","type-page","status-publish","has-post-thumbnail"],"yoast_head":"<!-- This site is optimized with the Yoast SEO plugin v27.5 - https:\/\/yoast.com\/product\/yoast-seo-wordpress\/ -->\n<title>Webcam Maspalomas \u2192 \u00a1M\u00edralo en directo!<\/title>\n<meta name=\"description\" content=\"Webcam Maspalomas | \u00a1Livecam de Maspalomas! \u2705 \u00a1Actualizada para ti en tiempo real! \u2705 \u00a1Previsi\u00f3n meteorol\u00f3gica actual!\" \/>\n<meta name=\"robots\" content=\"index, follow, max-snippet:-1, max-image-preview:large, max-video-preview:-1\" \/>\n<link rel=\"canonical\" href=\"https:\/\/weather-radar-live.com\/es\/webcam\/espana\/webcam-maspalomas\/\" \/>\n<meta property=\"og:locale\" content=\"es_ES\" \/>\n<meta property=\"og:type\" content=\"article\" \/>\n<meta property=\"og:title\" content=\"Webcam Maspalomas \u2192 \u00a1M\u00edralo en directo!\" \/>\n<meta property=\"og:description\" content=\"Webcam Maspalomas | \u00a1Livecam de Maspalomas! \u2705 \u00a1Actualizada para ti en tiempo real! \u2705 \u00a1Previsi\u00f3n meteorol\u00f3gica actual!\" \/>\n<meta property=\"og:url\" content=\"https:\/\/weather-radar-live.com\/es\/webcam\/espana\/webcam-maspalomas\/\" \/>\n<meta property=\"og:site_name\" content=\"weather-radar-live.com\" \/>\n<meta property=\"article:modified_time\" content=\"2022-07-20T12:44:04+00:00\" \/>\n<meta property=\"og:image\" content=\"https:\/\/weather-radar-live.com\/wp-content\/uploads\/2022\/07\/Webcam-Sierra-Nevada-e1658218397839.png\" \/>\n\t<meta property=\"og:image:width\" content=\"397\" \/>\n\t<meta property=\"og:image:height\" content=\"206\" \/>\n\t<meta property=\"og:image:type\" content=\"image\/png\" \/>\n<meta name=\"twitter:card\" content=\"summary_large_image\" \/>\n<meta name=\"twitter:label1\" content=\"Tiempo de lectura\" \/>\n\t<meta name=\"twitter:data1\" content=\"3 minutos\" \/>\n<script type=\"application\/ld+json\" class=\"yoast-schema-graph\">{\"@context\":\"https:\\\/\\\/schema.org\",\"@graph\":[{\"@type\":\"WebPage\",\"@id\":\"https:\\\/\\\/weather-radar-live.com\\\/es\\\/webcam\\\/espana\\\/webcam-maspalomas\\\/\",\"url\":\"https:\\\/\\\/weather-radar-live.com\\\/es\\\/webcam\\\/espana\\\/webcam-maspalomas\\\/\",\"name\":\"Webcam Maspalomas \u2192 \u00a1M\u00edralo en directo!\",\"isPartOf\":{\"@id\":\"https:\\\/\\\/weather-radar-live.com\\\/#website\"},\"primaryImageOfPage\":{\"@id\":\"https:\\\/\\\/weather-radar-live.com\\\/es\\\/webcam\\\/espana\\\/webcam-maspalomas\\\/#primaryimage\"},\"image\":{\"@id\":\"https:\\\/\\\/weather-radar-live.com\\\/es\\\/webcam\\\/espana\\\/webcam-maspalomas\\\/#primaryimage\"},\"thumbnailUrl\":\"https:\\\/\\\/weather-radar-live.com\\\/wp-content\\\/uploads\\\/2022\\\/07\\\/Webcam-Maspalomas--e1658242894564.jpg\",\"datePublished\":\"2022-07-20T12:42:31+00:00\",\"dateModified\":\"2022-07-20T12:44:04+00:00\",\"description\":\"Webcam Maspalomas | \u00a1Livecam de Maspalomas! \u2705 \u00a1Actualizada para ti en tiempo real! \u2705 \u00a1Previsi\u00f3n meteorol\u00f3gica actual!\",\"breadcrumb\":{\"@id\":\"https:\\\/\\\/weather-radar-live.com\\\/es\\\/webcam\\\/espana\\\/webcam-maspalomas\\\/#breadcrumb\"},\"inLanguage\":\"es\",\"potentialAction\":[{\"@type\":\"ReadAction\",\"target\":[\"https:\\\/\\\/weather-radar-live.com\\\/es\\\/webcam\\\/espana\\\/webcam-maspalomas\\\/\"]}]},{\"@type\":\"ImageObject\",\"inLanguage\":\"es\",\"@id\":\"https:\\\/\\\/weather-radar-live.com\\\/es\\\/webcam\\\/espana\\\/webcam-maspalomas\\\/#primaryimage\",\"url\":\"https:\\\/\\\/weather-radar-live.com\\\/wp-content\\\/uploads\\\/2022\\\/07\\\/Webcam-Maspalomas--e1658242894564.jpg\",\"contentUrl\":\"https:\\\/\\\/weather-radar-live.com\\\/wp-content\\\/uploads\\\/2022\\\/07\\\/Webcam-Maspalomas--e1658242894564.jpg\",\"width\":1916,\"height\":933,\"caption\":\"Webcam Maspalomas\"},{\"@type\":\"BreadcrumbList\",\"@id\":\"https:\\\/\\\/weather-radar-live.com\\\/es\\\/webcam\\\/espana\\\/webcam-maspalomas\\\/#breadcrumb\",\"itemListElement\":[{\"@type\":\"ListItem\",\"position\":1,\"name\":\"Weather Radar Live\",\"item\":\"https:\\\/\\\/weather-radar-live.com\\\/es\\\/\"},{\"@type\":\"ListItem\",\"position\":2,\"name\":\"C\u00e1mara web\",\"item\":\"https:\\\/\\\/weather-radar-live.com\\\/es\\\/webcam\\\/\"},{\"@type\":\"ListItem\",\"position\":3,\"name\":\"Espa\u00f1a\",\"item\":\"https:\\\/\\\/weather-radar-live.com\\\/es\\\/webcam\\\/espana\\\/\"},{\"@type\":\"ListItem\",\"position\":4,\"name\":\"Webcam Maspalomas\"}]},{\"@type\":\"WebSite\",\"@id\":\"https:\\\/\\\/weather-radar-live.com\\\/#website\",\"url\":\"https:\\\/\\\/weather-radar-live.com\\\/\",\"name\":\"weather-radar-live.com\",\"description\":\"Your weather and sky radar.\",\"publisher\":{\"@id\":\"https:\\\/\\\/weather-radar-live.com\\\/#organization\"},\"potentialAction\":[{\"@type\":\"SearchAction\",\"target\":{\"@type\":\"EntryPoint\",\"urlTemplate\":\"https:\\\/\\\/weather-radar-live.com\\\/?s={search_term_string}\"},\"query-input\":{\"@type\":\"PropertyValueSpecification\",\"valueRequired\":true,\"valueName\":\"search_term_string\"}}],\"inLanguage\":\"es\"},{\"@type\":\"Organization\",\"@id\":\"https:\\\/\\\/weather-radar-live.com\\\/#organization\",\"name\":\"weather-radar-live.com\",\"url\":\"https:\\\/\\\/weather-radar-live.com\\\/\",\"logo\":{\"@type\":\"ImageObject\",\"inLanguage\":\"es\",\"@id\":\"https:\\\/\\\/weather-radar-live.com\\\/#\\\/schema\\\/logo\\\/image\\\/\",\"url\":\"https:\\\/\\\/weather-radar-live.com\\\/wp-content\\\/uploads\\\/2022\\\/03\\\/cropped-WRL2503.png\",\"contentUrl\":\"https:\\\/\\\/weather-radar-live.com\\\/wp-content\\\/uploads\\\/2022\\\/03\\\/cropped-WRL2503.png\",\"width\":1920,\"height\":555,\"caption\":\"weather-radar-live.com\"},\"image\":{\"@id\":\"https:\\\/\\\/weather-radar-live.com\\\/#\\\/schema\\\/logo\\\/image\\\/\"}}]}<\/script>\n<!-- \/ Yoast SEO plugin. -->","yoast_head_json":{"title":"Webcam Maspalomas \u2192 \u00a1M\u00edralo en directo!","description":"Webcam Maspalomas | \u00a1Livecam de Maspalomas! \u2705 \u00a1Actualizada para ti en tiempo real! \u2705 \u00a1Previsi\u00f3n meteorol\u00f3gica actual!","robots":{"index":"index","follow":"follow","max-snippet":"max-snippet:-1","max-image-preview":"max-image-preview:large","max-video-preview":"max-video-preview:-1"},"canonical":"https:\/\/weather-radar-live.com\/es\/webcam\/espana\/webcam-maspalomas\/","og_locale":"es_ES","og_type":"article","og_title":"Webcam Maspalomas \u2192 \u00a1M\u00edralo en directo!","og_description":"Webcam Maspalomas | \u00a1Livecam de Maspalomas! \u2705 \u00a1Actualizada para ti en tiempo real! \u2705 \u00a1Previsi\u00f3n meteorol\u00f3gica actual!","og_url":"https:\/\/weather-radar-live.com\/es\/webcam\/espana\/webcam-maspalomas\/","og_site_name":"weather-radar-live.com","article_modified_time":"2022-07-20T12:44:04+00:00","og_image":[{"width":397,"height":206,"url":"https:\/\/weather-radar-live.com\/wp-content\/uploads\/2022\/07\/Webcam-Sierra-Nevada-e1658218397839.png","type":"image\/png"}],"twitter_card":"summary_large_image","twitter_misc":{"Tiempo de lectura":"3 minutos"},"schema":{"@context":"https:\/\/schema.org","@graph":[{"@type":"WebPage","@id":"https:\/\/weather-radar-live.com\/es\/webcam\/espana\/webcam-maspalomas\/","url":"https:\/\/weather-radar-live.com\/es\/webcam\/espana\/webcam-maspalomas\/","name":"Webcam Maspalomas \u2192 \u00a1M\u00edralo en directo!","isPartOf":{"@id":"https:\/\/weather-radar-live.com\/#website"},"primaryImageOfPage":{"@id":"https:\/\/weather-radar-live.com\/es\/webcam\/espana\/webcam-maspalomas\/#primaryimage"},"image":{"@id":"https:\/\/weather-radar-live.com\/es\/webcam\/espana\/webcam-maspalomas\/#primaryimage"},"thumbnailUrl":"https:\/\/weather-radar-live.com\/wp-content\/uploads\/2022\/07\/Webcam-Maspalomas--e1658242894564.jpg","datePublished":"2022-07-20T12:42:31+00:00","dateModified":"2022-07-20T12:44:04+00:00","description":"Webcam Maspalomas | \u00a1Livecam de Maspalomas! \u2705 \u00a1Actualizada para ti en tiempo real! \u2705 \u00a1Previsi\u00f3n meteorol\u00f3gica actual!","breadcrumb":{"@id":"https:\/\/weather-radar-live.com\/es\/webcam\/espana\/webcam-maspalomas\/#breadcrumb"},"inLanguage":"es","potentialAction":[{"@type":"ReadAction","target":["https:\/\/weather-radar-live.com\/es\/webcam\/espana\/webcam-maspalomas\/"]}]},{"@type":"ImageObject","inLanguage":"es","@id":"https:\/\/weather-radar-live.com\/es\/webcam\/espana\/webcam-maspalomas\/#primaryimage","url":"https:\/\/weather-radar-live.com\/wp-content\/uploads\/2022\/07\/Webcam-Maspalomas--e1658242894564.jpg","contentUrl":"https:\/\/weather-radar-live.com\/wp-content\/uploads\/2022\/07\/Webcam-Maspalomas--e1658242894564.jpg","width":1916,"height":933,"caption":"Webcam Maspalomas"},{"@type":"BreadcrumbList","@id":"https:\/\/weather-radar-live.com\/es\/webcam\/espana\/webcam-maspalomas\/#breadcrumb","itemListElement":[{"@type":"ListItem","position":1,"name":"Weather Radar Live","item":"https:\/\/weather-radar-live.com\/es\/"},{"@type":"ListItem","position":2,"name":"C\u00e1mara web","item":"https:\/\/weather-radar-live.com\/es\/webcam\/"},{"@type":"ListItem","position":3,"name":"Espa\u00f1a","item":"https:\/\/weather-radar-live.com\/es\/webcam\/espana\/"},{"@type":"ListItem","position":4,"name":"Webcam Maspalomas"}]},{"@type":"WebSite","@id":"https:\/\/weather-radar-live.com\/#website","url":"https:\/\/weather-radar-live.com\/","name":"weather-radar-live.com","description":"Your weather and sky radar.","publisher":{"@id":"https:\/\/weather-radar-live.com\/#organization"},"potentialAction":[{"@type":"SearchAction","target":{"@type":"EntryPoint","urlTemplate":"https:\/\/weather-radar-live.com\/?s={search_term_string}"},"query-input":{"@type":"PropertyValueSpecification","valueRequired":true,"valueName":"search_term_string"}}],"inLanguage":"es"},{"@type":"Organization","@id":"https:\/\/weather-radar-live.com\/#organization","name":"weather-radar-live.com","url":"https:\/\/weather-radar-live.com\/","logo":{"@type":"ImageObject","inLanguage":"es","@id":"https:\/\/weather-radar-live.com\/#\/schema\/logo\/image\/","url":"https:\/\/weather-radar-live.com\/wp-content\/uploads\/2022\/03\/cropped-WRL2503.png","contentUrl":"https:\/\/weather-radar-live.com\/wp-content\/uploads\/2022\/03\/cropped-WRL2503.png","width":1920,"height":555,"caption":"weather-radar-live.com"},"image":{"@id":"https:\/\/weather-radar-live.com\/#\/schema\/logo\/image\/"}}]}},"_links":{"self":[{"href":"https:\/\/weather-radar-live.com\/es\/wp-json\/wp\/v2\/pages\/5406","targetHints":{"allow":["GET"]}}],"collection":[{"href":"https:\/\/weather-radar-live.com\/es\/wp-json\/wp\/v2\/pages"}],"about":[{"href":"https:\/\/weather-radar-live.com\/es\/wp-json\/wp\/v2\/types\/page"}],"author":[{"embeddable":true,"href":"https:\/\/weather-radar-live.com\/es\/wp-json\/wp\/v2\/users\/1"}],"replies":[{"embeddable":true,"href":"https:\/\/weather-radar-live.com\/es\/wp-json\/wp\/v2\/comments?post=5406"}],"version-history":[{"count":2,"href":"https:\/\/weather-radar-live.com\/es\/wp-json\/wp\/v2\/pages\/5406\/revisions"}],"predecessor-version":[{"id":5455,"href":"https:\/\/weather-radar-live.com\/es\/wp-json\/wp\/v2\/pages\/5406\/revisions\/5455"}],"up":[{"embeddable":true,"href":"https:\/\/weather-radar-live.com\/es\/wp-json\/wp\/v2\/pages\/4352"}],"wp:featuredmedia":[{"embeddable":true,"href":"https:\/\/weather-radar-live.com\/es\/wp-json\/wp\/v2\/media\/5223"}],"wp:attachment":[{"href":"https:\/\/weather-radar-live.com\/es\/wp-json\/wp\/v2\/media?parent=5406"}],"curies":[{"name":"wp","href":"https:\/\/api.w.org\/{rel}","templated":true}]}}