{"id":5273,"date":"2022-04-21T13:15:24","date_gmt":"2022-04-21T11:15:24","guid":{"rendered":"https:\/\/weather-radar-live.com\/webcam\/francia\/webcam-le-touquet\/"},"modified":"2022-07-20T12:00:16","modified_gmt":"2022-07-20T10:00:16","slug":"webcam-le-touquet","status":"publish","type":"page","link":"https:\/\/weather-radar-live.com\/es\/webcam\/francia\/webcam-le-touquet\/","title":{"rendered":"Webcam Le Touquet"},"content":{"rendered":"<div id=\"weath-3246215978\" class=\"weath-vor-dem-inhalt weath-entity-placement\" style=\"margin-top: 15px;margin-right: 25px;margin-bottom: 40px;margin-left: 25px;\"><script async src=\"\/\/pagead2.googlesyndication.com\/pagead\/js\/adsbygoogle.js?client=ca-pub-8960936133935804\" crossorigin=\"anonymous\"><\/script><ins class=\"adsbygoogle\" style=\"display:block;\" data-ad-client=\"ca-pub-8960936133935804\" \ndata-ad-slot=\"6172817020\" \ndata-ad-format=\"auto\"><\/ins>\n<script> \n(adsbygoogle = window.adsbygoogle || []).push({}); \n<\/script>\n<\/div>\n<div class=\"wp-block-cover alignfull is-light\"><span aria-hidden=\"true\" class=\"wp-block-cover__gradient-background has-background-dim\"><\/span><img decoding=\"async\" class=\"wp-block-cover__image-background wp-image-342\" alt=\"Webcam Le Touquet \" src=\"https:\/\/weather-radar-live.com\/wp-content\/uploads\/2021\/06\/sam-schooler-E9aetBe2w40-unsplash-e1622554814366.jpg\" data-object-fit=\"cover\"\/><div class=\"wp-block-cover__inner-container is-layout-flow wp-block-cover-is-layout-flow\">\n<h2 class=\"has-text-align-center heading wp-block-heading\" id=\"webcam-fort-mahon\" style=\"font-size:40px\"><strong><mark style=\"background-color:rgba(0, 0, 0, 0)\" class=\"has-inline-color has-base-3-color\">WEBCAM <\/mark><\/strong><br><strong><mark style=\"background-color:rgba(0, 0, 0, 0)\" class=\"has-inline-color has-base-3-color\"><strong>LE TOUQUET<\/strong><\/mark><\/strong><\/h2>\n<\/div><\/div>\n\n\n<div class=\"yoast-breadcrumbs\"><span><span><a href=\"https:\/\/weather-radar-live.com\/es\/\">Weather Radar Live<\/a><\/span> \u00bb <span><a href=\"https:\/\/weather-radar-live.com\/es\/webcam\/\">C\u00e1mara web<\/a><\/span> \u00bb <span><a href=\"https:\/\/weather-radar-live.com\/es\/webcam\/francia\/\">Francia<\/a><\/span> \u00bb <span class=\"breadcrumb_last\" aria-current=\"page\"><strong>Webcam Le Touquet<\/strong><\/span><\/span><\/div>\n\n\n<h2 class=\"has-text-align-center wp-block-heading\" id=\"webcam-fort-mahon\"><strong>Webcam <strong><strong>Le Touquet <\/strong><\/strong><\/strong><\/h2>\n\n\n\n<p>En el norte de Francia, en la Costa de \u00d3palo, se encuentra la estaci\u00f3n balnearia de Le Touquet Paris-Plage. Este majestuoso lugar fue construido con una mezcla de estilos franc\u00e9s Belle Epoque y brit\u00e1nico Edwardian. El lugar alberga tiendas ostentosas, bares y restaurantes de primera categor\u00eda, as\u00ed como vida al aire libre. Hay muchas actividades para mantenerse ocupado, desde deportes acu\u00e1ticos hasta campos de golf hist\u00f3ricos, pasando por paseos a caballo por las dunas de arena o tenis. Touquet-Paris-Plage es un para\u00edso para los compradores que ofrece la fant\u00e1stica experiencia de ir de compras con incre\u00edbles descuentos. Disfrute de un viaje en tren para contemplar los hermosos edificios con torreones y el bosque. Si quiere conocer su tiempo, su clima y su famoso lugar, eche un vistazo a continuaci\u00f3n.<\/p>\n\n\n\n<div class=\"wp-block-columns is-layout-flex wp-container-core-columns-is-layout-9d6595d7 wp-block-columns-is-layout-flex\">\n<div class=\"wp-block-column webcam-column is-layout-flow wp-block-column-is-layout-flow\">\n<div class=\"wp-block-columns is-layout-flex wp-container-core-columns-is-layout-9d6595d7 wp-block-columns-is-layout-flex\">\n<div class=\"wp-block-column is-layout-flow wp-block-column-is-layout-flow\">\n<h3 class=\"has-text-align-center wp-block-heading\"><strong>\ud83d\udd34 Webcam Le  Touquet <\/strong>Vista al mar<\/h3>\n\n\n\n<iframe src=\"https:\/\/www.skaping.com\/le-touquet\/poste-central\/vue-mer\" style=\"width: 100%; height: 400px; border: none;\" allowfullscreen=\"\"><\/iframe>\n<\/div>\n\n\n\n<div class=\"wp-block-column is-layout-flow wp-block-column-is-layout-flow\">\n<h3 class=\"has-text-align-center wp-block-heading\"><strong><strong>\ud83d\udd34 Webcam Le  Touquet <\/strong><\/strong>Vista norte<\/h3>\n\n\n\n<iframe src=\"https:\/\/www.skaping.com\/le-touquet\/poste-central\/vue-nord\" style=\"width: 100%; height: 400px; border: none;\" allowfullscreen=\"\"><\/iframe>\n<\/div>\n<\/div>\n\n\n\n<div class=\"wp-block-columns is-layout-flex wp-container-core-columns-is-layout-9d6595d7 wp-block-columns-is-layout-flex\">\n<div class=\"wp-block-column is-layout-flow wp-block-column-is-layout-flow\">\n<h3 class=\"has-text-align-center wp-block-heading\"><strong><strong>\ud83d\udd34 Webcam Le  Touquet <\/strong><\/strong>Riding Park <\/h3>\n\n\n\n<iframe src=\"https:\/\/www.skaping.com\/le-touquet\/centre-equestre\" style=\"width: 100%; height: 400px; border: none;\" allowfullscreen=\"\"><\/iframe>\n<\/div>\n\n\n\n<div class=\"wp-block-column is-layout-flow wp-block-column-is-layout-flow\">\n<h3 class=\"has-text-align-center wp-block-heading\"><strong><strong><strong>\ud83d\udd34 Webcam Le  Touquet <\/strong><\/strong><\/strong>Vista del sur<\/h3>\n\n\n\n<iframe src=\"https:\/\/www.skaping.com\/le-touquet\/poste-central\/vue-sud\" style=\"width: 100%; height: 400px; border: none;\" allowfullscreen=\"\"><\/iframe>\n<\/div>\n<\/div>\n\n\n\n<div class=\"wp-block-columns is-layout-flex wp-container-core-columns-is-layout-9d6595d7 wp-block-columns-is-layout-flex\">\n<div class=\"wp-block-column is-layout-flow wp-block-column-is-layout-flow\">\n<h3 class=\"has-text-align-center wp-block-heading\"><strong><strong><strong>\ud83d\udd34 Webcam Le  Touquet <\/strong><\/strong><\/strong>Jardines del Palacio de Congresos<\/h3>\n\n\n\n<iframe src=\"https:\/\/www.skaping.com\/le-touquet\/lycee-hotelier\" style=\"width: 100%; height: 400px; border: none;\" allowfullscreen=\"\"><\/iframe>\n<\/div>\n\n\n\n<div class=\"wp-block-column is-layout-flow wp-block-column-is-layout-flow\">\n<h3 class=\"has-text-align-center wp-block-heading\"><strong><strong><strong><strong>\ud83d\udd34 Webcam Le  Touquet <\/strong><\/strong><\/strong><\/strong>Par\u00eds-Plage<\/h3>\n\n\n\n<a name=\"windy-webcam-timelapse-player\" data-id=\"1340349687\" data-play=\"day\" href=\"https:\/\/windy.com\/webcams\/1340349687\" target=\"_blank\" rel=\"noopener\">Le Touquet-Par\u00eds-Plage: Le Touquet Par\u00eds-Plage<\/a><script async=\"\" type=\"text\/javascript\" src=\"https:\/\/webcams.windy.com\/webcams\/public\/embed\/script\/player.js\"><\/script>\n<\/div>\n<\/div>\n<\/div>\n<\/div>\n\n\n\n<h2 class=\"wp-block-heading\" id=\"fort-mahon-today\"><strong>Radar meteorol\u00f3gico Le Touquet &#8211;  El tiempo en Le Touquet    <\/strong><\/h2>\n\n\n\n<p>Afortunadamente, obtener informaci\u00f3n meteorol\u00f3gica en tiempo real es f\u00e1cil con el radar meteorol\u00f3gico de Le Touquet. Recoge las se\u00f1ales y las presenta en forma de datos f\u00e1ciles de entender. La webcam Le Touquet cubre el estado del tiempo y proporciona informaci\u00f3n relacionada con la <a href=\"https:\/\/weather-radar-live.com\/es\/mapa-de-nubes\/\">nubosidad<\/a>, las <a href=\"https:\/\/weather-radar-live.com\/es\/tormenta\/\">tormentas<\/a>, <a href=\"https:\/\/weather-radar-live.com\/es\/borrascas\/\">las<\/a> <a href=\"https:\/\/weather-radar-live.com\/es\/radar-lluvia\/\">precipitaciones<\/a> y los <a href=\"https:\/\/weather-radar-live.com\/es\/tornado\/\">tornados<\/a>. Adem\u00e1s, muestra los datos en mapas e im\u00e1genes. Puede desplazarse f\u00e1cilmente para ver el tiempo en un momento determinado. Si desea obtener informaci\u00f3n m\u00e1s detallada, utilice los s\u00edmbolos + o &#8211; en la esquina superior derecha de la pantalla.<\/p><div id=\"weath-1709445188\" class=\"weath-inhalt_2 weath-entity-placement\" style=\"margin-top: 15px;margin-right: 25px;margin-bottom: 35px;margin-left: 25px;\"><script async src=\"\/\/pagead2.googlesyndication.com\/pagead\/js\/adsbygoogle.js?client=ca-pub-8960936133935804\" crossorigin=\"anonymous\"><\/script><ins class=\"adsbygoogle\" style=\"display:block;\" data-ad-client=\"ca-pub-8960936133935804\" \ndata-ad-slot=\"1963584050\" \ndata-ad-format=\"auto\"><\/ins>\n<script> \n(adsbygoogle = window.adsbygoogle || []).push({}); \n<\/script>\n<\/div>\n\n\n\n<div class=\"wp-block-columns is-layout-flex wp-container-core-columns-is-layout-9d6595d7 wp-block-columns-is-layout-flex\">\n<div class=\"wp-block-column is-layout-flow wp-block-column-is-layout-flow\" style=\"flex-basis:75%\">\n<iframe loading=\"lazy\" width=\"1300\" height=\"502\" src=\"https:\/\/embed.windy.com\/embed2.html?lat=50.519&amp;lon=1.709&amp;detailLat=50.515&amp;detailLon=1.516&amp;width=1300&amp;height=502&amp;zoom=11&amp;level=surface&amp;overlay=wind&amp;product=ecmwf&amp;menu=&amp;message=&amp;marker=&amp;calendar=now&amp;pressure=&amp;type=map&amp;location=coordinates&amp;detail=&amp;metricWind=default&amp;metricTemp=default&amp;radarRange=-1\" frameborder=\"0\"><\/iframe>\n<\/div>\n\n\n\n<div class=\"wp-block-column is-layout-flow wp-block-column-is-layout-flow\" style=\"flex-basis:25%\">\n<a class=\"weatherwidget-io\" href=\"https:\/\/forecast7.com\/es\/50d521d59\/le-touquet\/\" data-label_1=\"LE TOUQUET-PARIS-PLAGE\" data-font=\"Roboto\" data-theme=\"original\">LE TOUQUET-PARIS-PLAGE<\/a>\n<script>\n!function(d,s,id){var js,fjs=d.getElementsByTagName(s)[0];if(!d.getElementById(id)){js=d.createElement(s);js.id=id;js.src='https:\/\/weatherwidget.io\/js\/widget.min.js';fjs.parentNode.insertBefore(js,fjs);}}(document,'script','weatherwidget-io-js');\n<\/script>\n<\/div>\n<\/div>\n\n\n\n<h2 class=\"wp-block-heading\" id=\"fort-mahon-weather\"><strong>El clima en <strong><strong><strong>Le Touquet <\/strong><\/strong><\/strong><\/strong><\/h2>\n\n\n\n<p>K\u00f6ppen y Geiger clasifican el clima de esta regi\u00f3n como Cfb. En general, el clima de Le Touquet es suave y templado. Llueve significativamente durante todo el a\u00f1o, incluso en el mes m\u00e1s seco.<\/p>\n\n\n\n<p><strong>Temperatura <\/strong><\/p>\n\n\n\n<p>En Le Touquet-Paris-Plage, la temperatura media anual es de 11,3 \u00b0C o 52,3 \u00b0F.<\/p>\n\n\n\n<p>La temperatura m\u00e1xima en el mes m\u00e1s caluroso (agosto) es de 17,9 \u00b0C o 64,2 \u00b0F.<\/p>\n\n\n\n<p>La temperatura m\u00e1s baja en enero es de 5,2 \u00b0C o 41,4 \u00b0F.<\/p>\n\n\n\n<p><strong>Precipitaciones <\/strong><\/p>\n\n\n\n<p>La precipitaci\u00f3n media anual es de aproximadamente 38,8 pulgadas o 974 mm.<\/p>\n\n\n\n<p><strong>Humedad <\/strong><\/p>\n\n\n\n<p>La humedad relativa m\u00e1xima es del 84,19% en noviembre. En julio, tiene la humedad relativa m\u00e1s baja, es decir, 74,68%.<\/p>\n\n\n\n<p><strong>Nubes <\/strong><\/p>\n\n\n\n<p>En julio la nubosidad es del 59% y sigue siendo el mes m\u00e1s claro del a\u00f1o. La m\u00e1xima nubosidad se da en diciembre, cuando el cielo est\u00e1 mayormente nublado el 65% del tiempo.<\/p>\n\n\n\n<p><strong>Precipitaciones <\/strong><\/p>\n\n\n\n<p>El mes m\u00e1s lluvioso es noviembre, con una precipitaci\u00f3n media de 2,6 pulgadas, mientras que es de 1,4 pulgadas en el mes menos lluvioso, abril.<\/p>\n\n\n\n<h2 class=\"wp-block-heading\"><strong>La playa de Le Touquet<\/strong><\/h2>\n\n\n\n<p>La playa es una de las atracciones m\u00e1s populares de Le Touquet. La playa es amplia, con la arena m\u00e1s pura y suave. Est\u00e1 situada a s\u00f3lo 20 millas de Boulogne, en el Canal de la Mancha, con una pista de carreras de caballos, arena fina y un tel\u00f3n de fondo boscoso. Intente dar un paseo por la zona, detenerse en uno de los caf\u00e9s o tomar un helado mientras est\u00e1 all\u00ed. Hay lugares ideales para relajarse al sol con tanto espacio para deambular. Para disfrutar de una impresionante vista del campo y la costa, suba los 274 escalones del faro. Podr\u00e1 pasear por la costa y por los senderos de arena rodeados de una exuberante vegetaci\u00f3n.<\/p>\n","protected":false},"excerpt":{"rendered":"<p>Webcam Le Touquet En el norte de Francia, en la Costa de \u00d3palo, se encuentra la estaci\u00f3n balnearia de Le Touquet Paris-Plage. Este majestuoso lugar fue construido con una mezcla de estilos franc\u00e9s Belle Epoque y brit\u00e1nico Edwardian. El lugar alberga tiendas ostentosas, bares y restaurantes de primera categor\u00eda, as\u00ed como vida al aire libre. &#8230; <a title=\"Webcam Le Touquet\" class=\"read-more\" href=\"https:\/\/weather-radar-live.com\/es\/webcam\/francia\/webcam-le-touquet\/\" aria-label=\"Leer m\u00e1s sobre Webcam Le Touquet\">Leer m\u00e1s<\/a><\/p>\n","protected":false},"author":1,"featured_media":3893,"parent":4181,"menu_order":0,"comment_status":"closed","ping_status":"closed","template":"","meta":{"footnotes":""},"class_list":["post-5273","page","type-page","status-publish","has-post-thumbnail"],"yoast_head":"<!-- This site is optimized with the Yoast SEO plugin v27.5 - https:\/\/yoast.com\/product\/yoast-seo-wordpress\/ -->\n<title>Webcam Le Touquet \u2192 \u00a1V\u00e9alo en directo!<\/title>\n<meta name=\"description\" content=\"Webcam Le Touquet | \u00a1Webcam de Le Touquet ! \u2705 \u00a1Actualizada para ti en tiempo real! \u2705 \u00a1Previsi\u00f3n del tiempo actual!\" \/>\n<meta name=\"robots\" content=\"index, follow, max-snippet:-1, max-image-preview:large, max-video-preview:-1\" \/>\n<link rel=\"canonical\" href=\"https:\/\/weather-radar-live.com\/es\/webcam\/francia\/webcam-le-touquet\/\" \/>\n<meta property=\"og:locale\" content=\"es_ES\" \/>\n<meta property=\"og:type\" content=\"article\" \/>\n<meta property=\"og:title\" content=\"Webcam Le Touquet \u2192 \u00a1V\u00e9alo en directo!\" \/>\n<meta property=\"og:description\" content=\"Webcam Le Touquet | \u00a1Webcam de Le Touquet ! \u2705 \u00a1Actualizada para ti en tiempo real! \u2705 \u00a1Previsi\u00f3n del tiempo actual!\" \/>\n<meta property=\"og:url\" content=\"https:\/\/weather-radar-live.com\/es\/webcam\/francia\/webcam-le-touquet\/\" \/>\n<meta property=\"og:site_name\" content=\"weather-radar-live.com\" \/>\n<meta property=\"article:modified_time\" content=\"2022-07-20T10:00:16+00:00\" \/>\n<meta property=\"og:image\" content=\"https:\/\/weather-radar-live.com\/wp-content\/uploads\/2022\/04\/Webcam-Le-Touquet-e1650541692890.jpg\" \/>\n\t<meta property=\"og:image:width\" content=\"1920\" \/>\n\t<meta property=\"og:image:height\" content=\"934\" \/>\n\t<meta property=\"og:image:type\" content=\"image\/jpeg\" \/>\n<meta name=\"twitter:card\" content=\"summary_large_image\" \/>\n<meta name=\"twitter:label1\" content=\"Tiempo de lectura\" \/>\n\t<meta name=\"twitter:data1\" content=\"3 minutos\" \/>\n<script type=\"application\/ld+json\" class=\"yoast-schema-graph\">{\"@context\":\"https:\\\/\\\/schema.org\",\"@graph\":[{\"@type\":\"WebPage\",\"@id\":\"https:\\\/\\\/weather-radar-live.com\\\/es\\\/webcam\\\/francia\\\/webcam-le-touquet\\\/\",\"url\":\"https:\\\/\\\/weather-radar-live.com\\\/es\\\/webcam\\\/francia\\\/webcam-le-touquet\\\/\",\"name\":\"Webcam Le Touquet \u2192 \u00a1V\u00e9alo en directo!\",\"isPartOf\":{\"@id\":\"https:\\\/\\\/weather-radar-live.com\\\/#website\"},\"primaryImageOfPage\":{\"@id\":\"https:\\\/\\\/weather-radar-live.com\\\/es\\\/webcam\\\/francia\\\/webcam-le-touquet\\\/#primaryimage\"},\"image\":{\"@id\":\"https:\\\/\\\/weather-radar-live.com\\\/es\\\/webcam\\\/francia\\\/webcam-le-touquet\\\/#primaryimage\"},\"thumbnailUrl\":\"https:\\\/\\\/weather-radar-live.com\\\/wp-content\\\/uploads\\\/2022\\\/04\\\/Webcam-Le-Touquet-e1650541692890.jpg\",\"datePublished\":\"2022-04-21T11:15:24+00:00\",\"dateModified\":\"2022-07-20T10:00:16+00:00\",\"description\":\"Webcam Le Touquet | \u00a1Webcam de Le Touquet ! \u2705 \u00a1Actualizada para ti en tiempo real! \u2705 \u00a1Previsi\u00f3n del tiempo actual!\",\"breadcrumb\":{\"@id\":\"https:\\\/\\\/weather-radar-live.com\\\/es\\\/webcam\\\/francia\\\/webcam-le-touquet\\\/#breadcrumb\"},\"inLanguage\":\"es\",\"potentialAction\":[{\"@type\":\"ReadAction\",\"target\":[\"https:\\\/\\\/weather-radar-live.com\\\/es\\\/webcam\\\/francia\\\/webcam-le-touquet\\\/\"]}]},{\"@type\":\"ImageObject\",\"inLanguage\":\"es\",\"@id\":\"https:\\\/\\\/weather-radar-live.com\\\/es\\\/webcam\\\/francia\\\/webcam-le-touquet\\\/#primaryimage\",\"url\":\"https:\\\/\\\/weather-radar-live.com\\\/wp-content\\\/uploads\\\/2022\\\/04\\\/Webcam-Le-Touquet-e1650541692890.jpg\",\"contentUrl\":\"https:\\\/\\\/weather-radar-live.com\\\/wp-content\\\/uploads\\\/2022\\\/04\\\/Webcam-Le-Touquet-e1650541692890.jpg\",\"width\":1920,\"height\":934,\"caption\":\"Webcam Le Touquet\"},{\"@type\":\"BreadcrumbList\",\"@id\":\"https:\\\/\\\/weather-radar-live.com\\\/es\\\/webcam\\\/francia\\\/webcam-le-touquet\\\/#breadcrumb\",\"itemListElement\":[{\"@type\":\"ListItem\",\"position\":1,\"name\":\"Weather Radar Live\",\"item\":\"https:\\\/\\\/weather-radar-live.com\\\/es\\\/\"},{\"@type\":\"ListItem\",\"position\":2,\"name\":\"C\u00e1mara web\",\"item\":\"https:\\\/\\\/weather-radar-live.com\\\/es\\\/webcam\\\/\"},{\"@type\":\"ListItem\",\"position\":3,\"name\":\"Francia\",\"item\":\"https:\\\/\\\/weather-radar-live.com\\\/es\\\/webcam\\\/francia\\\/\"},{\"@type\":\"ListItem\",\"position\":4,\"name\":\"Webcam Le Touquet\"}]},{\"@type\":\"WebSite\",\"@id\":\"https:\\\/\\\/weather-radar-live.com\\\/#website\",\"url\":\"https:\\\/\\\/weather-radar-live.com\\\/\",\"name\":\"weather-radar-live.com\",\"description\":\"Your weather and sky radar.\",\"publisher\":{\"@id\":\"https:\\\/\\\/weather-radar-live.com\\\/#organization\"},\"potentialAction\":[{\"@type\":\"SearchAction\",\"target\":{\"@type\":\"EntryPoint\",\"urlTemplate\":\"https:\\\/\\\/weather-radar-live.com\\\/?s={search_term_string}\"},\"query-input\":{\"@type\":\"PropertyValueSpecification\",\"valueRequired\":true,\"valueName\":\"search_term_string\"}}],\"inLanguage\":\"es\"},{\"@type\":\"Organization\",\"@id\":\"https:\\\/\\\/weather-radar-live.com\\\/#organization\",\"name\":\"weather-radar-live.com\",\"url\":\"https:\\\/\\\/weather-radar-live.com\\\/\",\"logo\":{\"@type\":\"ImageObject\",\"inLanguage\":\"es\",\"@id\":\"https:\\\/\\\/weather-radar-live.com\\\/#\\\/schema\\\/logo\\\/image\\\/\",\"url\":\"https:\\\/\\\/weather-radar-live.com\\\/wp-content\\\/uploads\\\/2022\\\/03\\\/cropped-WRL2503.png\",\"contentUrl\":\"https:\\\/\\\/weather-radar-live.com\\\/wp-content\\\/uploads\\\/2022\\\/03\\\/cropped-WRL2503.png\",\"width\":1920,\"height\":555,\"caption\":\"weather-radar-live.com\"},\"image\":{\"@id\":\"https:\\\/\\\/weather-radar-live.com\\\/#\\\/schema\\\/logo\\\/image\\\/\"}}]}<\/script>\n<!-- \/ Yoast SEO plugin. -->","yoast_head_json":{"title":"Webcam Le Touquet \u2192 \u00a1V\u00e9alo en directo!","description":"Webcam Le Touquet | \u00a1Webcam de Le Touquet ! \u2705 \u00a1Actualizada para ti en tiempo real! \u2705 \u00a1Previsi\u00f3n del tiempo actual!","robots":{"index":"index","follow":"follow","max-snippet":"max-snippet:-1","max-image-preview":"max-image-preview:large","max-video-preview":"max-video-preview:-1"},"canonical":"https:\/\/weather-radar-live.com\/es\/webcam\/francia\/webcam-le-touquet\/","og_locale":"es_ES","og_type":"article","og_title":"Webcam Le Touquet \u2192 \u00a1V\u00e9alo en directo!","og_description":"Webcam Le Touquet | \u00a1Webcam de Le Touquet ! \u2705 \u00a1Actualizada para ti en tiempo real! \u2705 \u00a1Previsi\u00f3n del tiempo actual!","og_url":"https:\/\/weather-radar-live.com\/es\/webcam\/francia\/webcam-le-touquet\/","og_site_name":"weather-radar-live.com","article_modified_time":"2022-07-20T10:00:16+00:00","og_image":[{"width":1920,"height":934,"url":"https:\/\/weather-radar-live.com\/wp-content\/uploads\/2022\/04\/Webcam-Le-Touquet-e1650541692890.jpg","type":"image\/jpeg"}],"twitter_card":"summary_large_image","twitter_misc":{"Tiempo de lectura":"3 minutos"},"schema":{"@context":"https:\/\/schema.org","@graph":[{"@type":"WebPage","@id":"https:\/\/weather-radar-live.com\/es\/webcam\/francia\/webcam-le-touquet\/","url":"https:\/\/weather-radar-live.com\/es\/webcam\/francia\/webcam-le-touquet\/","name":"Webcam Le Touquet \u2192 \u00a1V\u00e9alo en directo!","isPartOf":{"@id":"https:\/\/weather-radar-live.com\/#website"},"primaryImageOfPage":{"@id":"https:\/\/weather-radar-live.com\/es\/webcam\/francia\/webcam-le-touquet\/#primaryimage"},"image":{"@id":"https:\/\/weather-radar-live.com\/es\/webcam\/francia\/webcam-le-touquet\/#primaryimage"},"thumbnailUrl":"https:\/\/weather-radar-live.com\/wp-content\/uploads\/2022\/04\/Webcam-Le-Touquet-e1650541692890.jpg","datePublished":"2022-04-21T11:15:24+00:00","dateModified":"2022-07-20T10:00:16+00:00","description":"Webcam Le Touquet | \u00a1Webcam de Le Touquet ! \u2705 \u00a1Actualizada para ti en tiempo real! \u2705 \u00a1Previsi\u00f3n del tiempo actual!","breadcrumb":{"@id":"https:\/\/weather-radar-live.com\/es\/webcam\/francia\/webcam-le-touquet\/#breadcrumb"},"inLanguage":"es","potentialAction":[{"@type":"ReadAction","target":["https:\/\/weather-radar-live.com\/es\/webcam\/francia\/webcam-le-touquet\/"]}]},{"@type":"ImageObject","inLanguage":"es","@id":"https:\/\/weather-radar-live.com\/es\/webcam\/francia\/webcam-le-touquet\/#primaryimage","url":"https:\/\/weather-radar-live.com\/wp-content\/uploads\/2022\/04\/Webcam-Le-Touquet-e1650541692890.jpg","contentUrl":"https:\/\/weather-radar-live.com\/wp-content\/uploads\/2022\/04\/Webcam-Le-Touquet-e1650541692890.jpg","width":1920,"height":934,"caption":"Webcam Le Touquet"},{"@type":"BreadcrumbList","@id":"https:\/\/weather-radar-live.com\/es\/webcam\/francia\/webcam-le-touquet\/#breadcrumb","itemListElement":[{"@type":"ListItem","position":1,"name":"Weather Radar Live","item":"https:\/\/weather-radar-live.com\/es\/"},{"@type":"ListItem","position":2,"name":"C\u00e1mara web","item":"https:\/\/weather-radar-live.com\/es\/webcam\/"},{"@type":"ListItem","position":3,"name":"Francia","item":"https:\/\/weather-radar-live.com\/es\/webcam\/francia\/"},{"@type":"ListItem","position":4,"name":"Webcam Le Touquet"}]},{"@type":"WebSite","@id":"https:\/\/weather-radar-live.com\/#website","url":"https:\/\/weather-radar-live.com\/","name":"weather-radar-live.com","description":"Your weather and sky radar.","publisher":{"@id":"https:\/\/weather-radar-live.com\/#organization"},"potentialAction":[{"@type":"SearchAction","target":{"@type":"EntryPoint","urlTemplate":"https:\/\/weather-radar-live.com\/?s={search_term_string}"},"query-input":{"@type":"PropertyValueSpecification","valueRequired":true,"valueName":"search_term_string"}}],"inLanguage":"es"},{"@type":"Organization","@id":"https:\/\/weather-radar-live.com\/#organization","name":"weather-radar-live.com","url":"https:\/\/weather-radar-live.com\/","logo":{"@type":"ImageObject","inLanguage":"es","@id":"https:\/\/weather-radar-live.com\/#\/schema\/logo\/image\/","url":"https:\/\/weather-radar-live.com\/wp-content\/uploads\/2022\/03\/cropped-WRL2503.png","contentUrl":"https:\/\/weather-radar-live.com\/wp-content\/uploads\/2022\/03\/cropped-WRL2503.png","width":1920,"height":555,"caption":"weather-radar-live.com"},"image":{"@id":"https:\/\/weather-radar-live.com\/#\/schema\/logo\/image\/"}}]}},"_links":{"self":[{"href":"https:\/\/weather-radar-live.com\/es\/wp-json\/wp\/v2\/pages\/5273","targetHints":{"allow":["GET"]}}],"collection":[{"href":"https:\/\/weather-radar-live.com\/es\/wp-json\/wp\/v2\/pages"}],"about":[{"href":"https:\/\/weather-radar-live.com\/es\/wp-json\/wp\/v2\/types\/page"}],"author":[{"embeddable":true,"href":"https:\/\/weather-radar-live.com\/es\/wp-json\/wp\/v2\/users\/1"}],"replies":[{"embeddable":true,"href":"https:\/\/weather-radar-live.com\/es\/wp-json\/wp\/v2\/comments?post=5273"}],"version-history":[{"count":1,"href":"https:\/\/weather-radar-live.com\/es\/wp-json\/wp\/v2\/pages\/5273\/revisions"}],"predecessor-version":[{"id":5294,"href":"https:\/\/weather-radar-live.com\/es\/wp-json\/wp\/v2\/pages\/5273\/revisions\/5294"}],"up":[{"embeddable":true,"href":"https:\/\/weather-radar-live.com\/es\/wp-json\/wp\/v2\/pages\/4181"}],"wp:featuredmedia":[{"embeddable":true,"href":"https:\/\/weather-radar-live.com\/es\/wp-json\/wp\/v2\/media\/3893"}],"wp:attachment":[{"href":"https:\/\/weather-radar-live.com\/es\/wp-json\/wp\/v2\/media?parent=5273"}],"curies":[{"name":"wp","href":"https:\/\/api.w.org\/{rel}","templated":true}]}}