{"id":514,"date":"2021-06-02T16:00:48","date_gmt":"2021-06-02T14:00:48","guid":{"rendered":"https:\/\/weather-radar-live.com\/?page_id=514"},"modified":"2022-02-10T13:28:26","modified_gmt":"2022-02-10T12:28:26","slug":"borrascas","status":"publish","type":"page","link":"https:\/\/weather-radar-live.com\/es\/borrascas\/","title":{"rendered":"Borrasca"},"content":{"rendered":"<div id=\"weath-1191434238\" class=\"weath-vor-dem-inhalt weath-entity-placement\" style=\"margin-top: 15px;margin-right: 25px;margin-bottom: 40px;margin-left: 25px;\"><script async src=\"\/\/pagead2.googlesyndication.com\/pagead\/js\/adsbygoogle.js?client=ca-pub-8960936133935804\" crossorigin=\"anonymous\"><\/script><ins class=\"adsbygoogle\" style=\"display:block;\" data-ad-client=\"ca-pub-8960936133935804\" \ndata-ad-slot=\"6172817020\" \ndata-ad-format=\"auto\"><\/ins>\n<script> \n(adsbygoogle = window.adsbygoogle || []).push({}); \n<\/script>\n<\/div>\n<div class=\"wp-block-cover alignfull has-background-dim\"><img loading=\"lazy\" decoding=\"async\" width=\"1920\" height=\"460\" class=\"wp-block-cover__image-background wp-image-323\" alt=\"\" src=\"https:\/\/weather-radar-live.com\/wp-content\/uploads\/2021\/06\/raychel-sanner-MnnXMvs4cQo-unsplash-scaled-e1622556126284.jpg\" data-object-fit=\"cover\" srcset=\"https:\/\/weather-radar-live.com\/wp-content\/uploads\/2021\/06\/raychel-sanner-MnnXMvs4cQo-unsplash-scaled-e1622556126284.jpg 1920w, https:\/\/weather-radar-live.com\/wp-content\/uploads\/2021\/06\/raychel-sanner-MnnXMvs4cQo-unsplash-scaled-e1622556126284-300x72.jpg 300w, https:\/\/weather-radar-live.com\/wp-content\/uploads\/2021\/06\/raychel-sanner-MnnXMvs4cQo-unsplash-scaled-e1622556126284-1024x245.jpg 1024w, https:\/\/weather-radar-live.com\/wp-content\/uploads\/2021\/06\/raychel-sanner-MnnXMvs4cQo-unsplash-scaled-e1622556126284-768x184.jpg 768w, https:\/\/weather-radar-live.com\/wp-content\/uploads\/2021\/06\/raychel-sanner-MnnXMvs4cQo-unsplash-scaled-e1622556126284-1536x368.jpg 1536w\" sizes=\"auto, (max-width: 1920px) 100vw, 1920px\" \/><div class=\"wp-block-cover__inner-container is-layout-flow wp-block-cover-is-layout-flow\">\n<h2 class=\"has-text-align-center heading wp-block-heading\" style=\"font-size:50px\"><span style=\"color:#f59800\" class=\"has-inline-color\"><strong>BORRASCA<\/strong><\/span><\/h2>\n<\/div><\/div>\n\n\n<h2 style=\"text-align: center;\"><span style=\"color: #f59800;\"><b>Borrasca: su p<span style=\"color: #f59800;\">re<\/span>visi\u00f3n actual y fiable de tiempo severo<\/b><\/span><\/h2>\n<p><span style=\"font-weight: 400;\">Con nuestro radar de borrascas, puede ver r\u00e1pidamente si debe esperar tiempo severo en su regi\u00f3n. No importa si se encuentra en Espa\u00f1a, en Estados Unidos, Canad\u00e1, Europa u otros pa\u00edses: Con nuestra previsi\u00f3n de tormentas y el mapa de borrascas obtendr\u00e1 informaci\u00f3n sobre el <strong><span style=\"color: #f59800;\"><a style=\"color: #f59800;\" href=\"https:\/\/weather-radar-live.com\/es\/\" target=\"_blank\" rel=\"noopener noreferrer\">intensidad de la tormenta<\/a><\/span><\/strong> (medido por <span style=\"color: #1950fe;\"><strong><a style=\"color: #1950fe;\" href=\"https:\/\/weather-radar-live.com\/es\/radar-lluvia\/\" target=\"_blank\" rel=\"noopener noreferrer\">intensidad de la lluvia<\/a><\/strong><\/span>), el tama\u00f1o, el n\u00famero de ocurrencia <span style=\"color: #ffde00;\"><strong><a style=\"color: #ffde00;\" href=\"https:\/\/weather-radar-live.com\/es\/tormenta\/\" target=\"_blank\" rel=\"noopener noreferrer\">rel\u00e1mpagos<\/a>&nbsp;<\/strong><\/span>y la direcci\u00f3n del frente de tormenta.<\/span><\/p>\n<p><span style=\"font-weight: 400;\">De este modo, podr\u00e1 reconocer con antelaci\u00f3n si se ver\u00e1 afectado por una tormenta inminente y protegerse a tiempo. Las situaciones meteorol\u00f3gicas extremas tambi\u00e9n se producen cada vez con m\u00e1s frecuencia en la regi\u00f3n americana. Estos <span style=\"color: #f59800;\"><strong><a style=\"color: #f59800;\" href=\"https:\/\/weather-radar-live.com\/es\/tornado\/\" target=\"_blank\" rel=\"noopener noreferrer\">condiciones meteorol\u00f3gicas extremas<\/a><\/strong><\/span> pueden ser muy peligrosas para usted y para los dem\u00e1s. Por ello, a continuaci\u00f3n le ofrecemos la previsi\u00f3n actual de tormentas:<\/span><\/p><div id=\"weath-3726198400\" class=\"weath-inhalt_2 weath-entity-placement\" style=\"margin-top: 15px;margin-right: 25px;margin-bottom: 35px;margin-left: 25px;\"><script async src=\"\/\/pagead2.googlesyndication.com\/pagead\/js\/adsbygoogle.js?client=ca-pub-8960936133935804\" crossorigin=\"anonymous\"><\/script><ins class=\"adsbygoogle\" style=\"display:block;\" data-ad-client=\"ca-pub-8960936133935804\" \ndata-ad-slot=\"1963584050\" \ndata-ad-format=\"auto\"><\/ins>\n<script> \n(adsbygoogle = window.adsbygoogle || []).push({}); \n<\/script>\n<\/div>\n\n\n<div class=\"wp-block-columns is-layout-flex wp-container-core-columns-is-layout-9d6595d7 wp-block-columns-is-layout-flex\">\n<div class=\"wp-block-column is-layout-flow wp-block-column-is-layout-flow\">\n<h3 class=\"has-text-align-center wp-block-heading\"><strong><span style=\"color:#f59800\" class=\"has-inline-color\"><strong>Borrasca<\/strong> &#8211; Espa\u00f1a<\/span><\/strong><\/h3>\n\n\n\n<iframe loading=\"lazy\" width=\"600\" height=\"600\" src=\"https:\/\/embed.windy.com\/embed2.html?lat=39.758&amp;lon=-3.142&amp;detailLat=49.476&amp;detailLon=11.048&amp;width=1300&amp;height=600&amp;zoom=6&amp;level=surface&amp;overlay=capAlerts&amp;product=radar&amp;menu=&amp;message=&amp;marker=&amp;calendar=now&amp;pressure=&amp;type=map&amp;location=coordinates&amp;detail=&amp;metricWind=default&amp;metricTemp=default&amp;radarRange=-1\" frameborder=\"0\"><\/iframe>\n\n\n\n<div style=\"height:15px\" aria-hidden=\"true\" class=\"wp-block-spacer\"><\/div>\n<\/div>\n\n\n\n<div class=\"wp-block-column is-layout-flow wp-block-column-is-layout-flow\">\n<h3 class=\"has-text-align-center wp-block-heading\"><strong><span style=\"color:#f59800\" class=\"has-inline-color\"><strong><strong>Borrasca<\/strong><\/strong> &#8211; Sudam\u00e9rica<\/span><\/strong><\/h3>\n\n\n\n<iframe loading=\"lazy\" width=\"600\" height=\"600\" src=\"https:\/\/embed.windy.com\/embed2.html?lat=-22.675&amp;lon=-60.205&amp;detailLat=49.476&amp;detailLon=11.048&amp;width=1300&amp;height=600&amp;zoom=4&amp;level=surface&amp;overlay=capAlerts&amp;product=radar&amp;menu=&amp;message=&amp;marker=&amp;calendar=now&amp;pressure=&amp;type=map&amp;location=coordinates&amp;detail=&amp;metricWind=default&amp;metricTemp=default&amp;radarRange=-1\" frameborder=\"0\"><\/iframe>\n\n\n\n<div style=\"height:15px\" aria-hidden=\"true\" class=\"wp-block-spacer\"><\/div>\n<\/div>\n<\/div>\n\n\n\n<p class=\"has-text-align-center sub-radar\"><sup>Los avisos de tormenta se muestran seg\u00fan la gravedad con un color amarillo, naranja o rojo.<\/sup><\/p>\n\n\n<h2 style=\"text-align: center;\"><span style=\"color: #f59800;\"><b>\u00bfD\u00f3nde hay riesgo de mal tiempo? &#8211; C\u00f3mo leer el radar de borrasca:<\/b><\/span><\/h2>\n<p style=\"text-align: left;\"><span style=\"font-weight: 400;\"><img loading=\"lazy\" decoding=\"async\" class=\"alignright wp-image-78\" src=\"https:\/\/weather-radar-live.com\/wp-content\/uploads\/2021\/02\/Storm-radar-explanation-300x213.png\" alt=\"Explicaci\u00f3n del radar de tormenta\" width=\"175\" height=\"124\" srcset=\"https:\/\/weather-radar-live.com\/wp-content\/uploads\/2021\/02\/Storm-radar-explanation-300x213.png 300w, https:\/\/weather-radar-live.com\/wp-content\/uploads\/2021\/02\/Storm-radar-explanation.png 600w\" sizes=\"auto, (max-width: 175px) 100vw, 175px\" \/>La intensidad de la tormenta se muestra en el mapa con diferentes colores en funci\u00f3n de los avisos de <a href=\"https:\/\/www.ready.gov\/es\/tiempo-severo\" target=\"_blank\" rel=\"noopener\"><strong>tiempo severo<\/strong><\/a> actuales. En nuestro mapa de tormentas, las zonas de tiempo severo actuales est\u00e1n codificadas por colores. El espectro de colores va desde el amarillo (aviso de tiempo severo d\u00e9bil o aviso de tiempo severo anticipado) hasta el rojo oscuro (tiempo severo muy fuerte). Por lo tanto, se debe tener precauci\u00f3n en las zonas de color rojo oscuro. Si no ve ning\u00fan color en el mapa, normalmente no hay que esperar tiempo severo.<\/span><\/p>\n<p style=\"text-align: left;\"><span style=\"font-weight: 400;\"><span style=\"font-size: inherit; background-color: initial;\"><img loading=\"lazy\" decoding=\"async\" class=\"alignleft wp-image-139\" src=\"https:\/\/da-oben.de\/wp-content\/uploads\/2019\/08\/cursor-e1567148434800.png\" alt=\"Rastreador de tormentas\" width=\"80\" height=\"80\"><\/span><\/span><\/p>\n<p style=\"text-align: left;\"><span style=\"font-weight: 400;\"><span style=\"font-size: inherit; background-color: initial;\">Haga clic en el s\u00edmbolo del cursor en el mapa para trazar el curso temporal de la tormenta en el radar de tormentas. De este modo podr\u00e1 ver exactamente c\u00f3mo se ha movido la tormenta <\/span><span style=\"font-size: inherit; background-color: initial;\">movido en las \u00faltimas horas y si se encuentra en la direcci\u00f3n de la trayectoria de la tormenta.<\/span><\/span><\/p>\n<p><\/p>\n<h2 style=\"text-align: center;\"><span style=\"color: #f59800;\"><b>\u00bf<\/b><\/span><span style=\"color: #f59800;\"><b>Borrascas <\/b><\/span><span style=\"color: #f59800;\"><b>esta noche? &#8211; Duerma tranquilo a partir de ahora<\/b><\/span><\/h2>\n<p><span style=\"font-weight: 400;\">Seguro que ya ha vivido una situaci\u00f3n similar: Se va a dormir por la noche y apenas puede creer lo que ven sus ojos a la ma\u00f1ana siguiente. Una tormenta se ha desatado durante la noche y ha dejado su rastro de devastaci\u00f3n en su jard\u00edn o en su balc\u00f3n. Sin embargo, debido a su profundo sue\u00f1o, no se ha dado cuenta de nada de esto. Gracias a nuestra p\u00e1gina web, estas desagradables sorpresas ya no son un problema.<\/span><\/p>\n<div id=\"weath-3789444025\" style=\"margin-top: 15px;margin-right: auto;margin-bottom: 35px;margin-left: auto;text-align: center;\"><script async src=\"\/\/pagead2.googlesyndication.com\/pagead\/js\/adsbygoogle.js?client=ca-pub-8960936133935804\" crossorigin=\"anonymous\"><\/script><ins class=\"adsbygoogle\" style=\"display:block;\" data-ad-client=\"ca-pub-8960936133935804\" \ndata-ad-slot=\"1963584050\" \ndata-ad-format=\"auto\"><\/ins>\n<script> \n(adsbygoogle = window.adsbygoogle || []).push({}); \n<\/script>\n<\/div>\n<h2 style=\"text-align: center;\"><span style=\"color: #f59800;\"><b>\u00bfD\u00f3nde amenazan las <\/b><\/span><span style=\"color: #f59800;\"><b>borrascas<\/b><\/span><span style=\"color: #f59800;\"><b>? &#8211; C\u00f3mo leer el mapa de <\/b><\/span><span style=\"color: #f59800;\"><b>borrasca <\/b><\/span><span style=\"color: #f59800;\"><b>e interpretar la previsi\u00f3n de las mismas:<\/b><\/span><\/h2>\n<p><span style=\"font-weight: 400;\">El radar de tormentas le informa de la inminencia de mal tiempo en su zona con hasta 48 horas de antelaci\u00f3n. Estas advertencias (marcadas en amarillo) se\u00f1alan un mayor riesgo de tiempo severo, sin embargo, la intensidad y la propagaci\u00f3n de las tormentas a\u00fan no son exactamente predecibles. S\u00f3lo cuando una zona se vuelve naranja, roja o p\u00farpura (violeta) existe un riesgo agudo de mal tiempo. En este caso, es necesario actuar: busque inmediatamente un refugio seguro y traslade a un lugar seguro sus pertenencias que se encuentran en el exterior. De este modo, a partir de ahora, no le sorprender\u00e1 gravemente una tormenta nocturna.<\/span><\/p>\n<p><span style=\"font-weight: 400;\">Por cierto: Si desea una visi\u00f3n detallada de las diferentes regiones, s\u00f3lo tiene que hacer clic en los mapas del centro de meteorolog\u00eda severa. Entonces ser\u00e1 redirigido inmediatamente a la p\u00e1gina principal del centro de meteorolog\u00eda severa. Para las previsiones sobre la <span style=\"color: #000000;\">nubosidad y las precipitaciones<\/span>, basta con utilizar nuestros <span style=\"color: #919191;\"><strong>mapa de nubosidad<\/strong><\/span> y <span style=\"color: #1950fe;\"><strong><a style=\"color: #1950fe;\" href=\"https:\/\/weather-radar-live.com\/es\/radar-lluvia\/\">radar de lluvia<\/a><\/strong><\/span>.<\/span><\/p>\n<div id=\"weath-1326157536\" style=\"margin-top: 15px;margin-right: auto;margin-bottom: 40px;margin-left: auto;text-align: center;\"><script async src=\"\/\/pagead2.googlesyndication.com\/pagead\/js\/adsbygoogle.js?client=ca-pub-8960936133935804\" crossorigin=\"anonymous\"><\/script><ins class=\"adsbygoogle\" style=\"display:block;\" data-ad-client=\"ca-pub-8960936133935804\" \ndata-ad-slot=\"6172817020\" \ndata-ad-format=\"auto\"><\/ins>\n<script> \n(adsbygoogle = window.adsbygoogle || []).push({}); \n<\/script>\n<\/div>\n<h2 style=\"text-align: center;\"><span style=\"color: #f59800;\"><b>Radar de <\/b><\/span><span style=\"color: #f59800;\"><b>borrasca <\/b><\/span><span style=\"color: #f59800;\"><b>&#8211; \u00a1No s\u00f3lo el mal tiempo puede ser peligroso!<\/b><\/span><\/h2>\n\n\n<p>Adem\u00e1s de una tormenta, un <strong>viento<\/strong> fuerte o una baja sin precipitaciones anunciadas pueden convertirse r\u00e1pidamente en un peligro para usted y su entorno. Para estar preparado desde ahora ante una tormenta inminente, le ofrecemos una visi\u00f3n general de la fuerza y la direcci\u00f3n actuales del viento con nuestro radar de tormentas.<\/p>\n\n\n\n<div class=\"wp-block-columns is-layout-flex wp-container-core-columns-is-layout-9d6595d7 wp-block-columns-is-layout-flex\">\n<div class=\"wp-block-column is-layout-flow wp-block-column-is-layout-flow\">\n<h3 class=\"has-text-align-center wp-block-heading\"><strong><span style=\"color:#f59800\" class=\"has-inline-color\"><strong>Viento<\/strong> &#8211; Espa\u00f1a<\/span><\/strong><\/h3>\n\n\n\n<iframe loading=\"lazy\" width=\"600\" height=\"600\" src=\"https:\/\/embed.windy.com\/embed2.html?lat=39.758&amp;lon=-3.142&amp;detailLat=49.476&amp;detailLon=11.048&amp;width=600&amp;height=600&amp;zoom=6&amp;level=surface&amp;overlay=capAlert&amp;product=ecmwf&amp;menu=&amp;message=true&amp;marker=true&amp;calendar=now&amp;pressure=&amp;type=map&amp;location=coordinates&amp;detail=&amp;metricWind=default&amp;metricTemp=default&amp;radarRange=-1\" frameborder=\"0\"><\/iframe>\n\n\n\n<div style=\"height:15px\" aria-hidden=\"true\" class=\"wp-block-spacer\"><\/div>\n<\/div>\n\n\n\n<div class=\"wp-block-column is-layout-flow wp-block-column-is-layout-flow\">\n<h3 class=\"has-text-align-center wp-block-heading\"><strong><span style=\"color:#f59800\" class=\"has-inline-color\"><strong><strong>Viento<\/strong><\/strong> &#8211; Sudam\u00e9rica<\/span><\/strong><\/h3>\n\n\n\n<iframe loading=\"lazy\" width=\"600\" height=\"600\" src=\"https:\/\/embed.windy.com\/embed2.html?lat=-22.675&amp;lon=-60.205&amp;detailLat=49.476&amp;detailLon=11.048&amp;width=600&amp;height=600&amp;zoom=4&amp;level=surface&amp;overlay=capAlert&amp;product=ecmwf&amp;menu=&amp;message=true&amp;marker=true&amp;calendar=now&amp;pressure=&amp;type=map&amp;location=coordinates&amp;detail=&amp;metricWind=default&amp;metricTemp=default&amp;radarRange=-1\" frameborder=\"0\"><\/iframe>\n<\/div>\n<\/div>\n\n\n<h2>&nbsp;<\/h2>\n<h2 style=\"text-align: center;\"><span style=\"color: #f59800;\"><b>\u00bfD\u00f3nde habr\u00e1 viento? &#8211; As\u00ed se lee el radar de tormentas:<\/b><\/span><\/h2>\n<p><span style=\"font-weight: 400;\">El mapa de tormentas muestra la fuerza del viento en km\/h y la direcci\u00f3n del viento mediante l\u00edneas de calado blancas y din\u00e1micas. La longitud y la velocidad de estas l\u00edneas de calado indican la fuerza del viento. Tambi\u00e9n puede leer la fuerza del viento utilizando la coloraci\u00f3n del mapa: Mientras que las zonas de color azul-verde cubren las velocidades de hasta 35 km\/h, las zonas de color rojo-morado indican <a href=\"https:\/\/weather-radar-live.com\/es\/tornado\/\"><strong><span style=\"color: #f59800;\">la velocidad del viento<\/span><\/strong><\/a> (40 km\/h y m\u00e1s). De este modo, nuestro radar de tormentas le ofrece una visi\u00f3n general de las velocidades actuales del viento en diferentes regiones en cualquier momento.<\/span><\/p>","protected":false},"excerpt":{"rendered":"<p>Borrasca: su previsi\u00f3n actual y fiable de tiempo severo Con nuestro radar de borrascas, puede ver r\u00e1pidamente si debe esperar tiempo severo en su regi\u00f3n. No importa si se encuentra en Espa\u00f1a, en Estados Unidos, Canad\u00e1, Europa u otros pa\u00edses: Con nuestra previsi\u00f3n de tormentas y el mapa de borrascas obtendr\u00e1 informaci\u00f3n sobre el intensidad &#8230; <a title=\"Borrasca\" class=\"read-more\" href=\"https:\/\/weather-radar-live.com\/es\/borrascas\/\" aria-label=\"Leer m\u00e1s sobre Borrasca\">Leer m\u00e1s<\/a><\/p>\n","protected":false},"author":1,"featured_media":2758,"parent":0,"menu_order":0,"comment_status":"closed","ping_status":"closed","template":"","meta":{"footnotes":""},"class_list":["post-514","page","type-page","status-publish","has-post-thumbnail"],"yoast_head":"<!-- This site is optimized with the Yoast SEO plugin v27.5 - https:\/\/yoast.com\/product\/yoast-seo-wordpress\/ -->\n<title>Borrascas y previsi\u00f3n de borrascas EN VIVO \u26a1 \u00bfD\u00f3nde hay tormentas?<\/title>\n<meta name=\"description\" content=\"Radar de borrascas + previsi\u00f3n EN VIVO: Averigua si te afecta una borrascas \u2714\ufe0f \u00a1mapa de tormentas actual! \u26a1\" \/>\n<meta name=\"robots\" content=\"index, follow, max-snippet:-1, max-image-preview:large, max-video-preview:-1\" \/>\n<link rel=\"canonical\" href=\"https:\/\/weather-radar-live.com\/es\/borrascas\/\" \/>\n<meta property=\"og:locale\" content=\"es_ES\" \/>\n<meta property=\"og:type\" content=\"article\" \/>\n<meta property=\"og:title\" content=\"Borrascas y previsi\u00f3n de borrascas EN VIVO \u26a1 \u00bfD\u00f3nde hay tormentas?\" \/>\n<meta property=\"og:description\" content=\"Radar de borrascas + previsi\u00f3n EN VIVO: Averigua si te afecta una borrascas \u2714\ufe0f \u00a1mapa de tormentas actual! \u26a1\" \/>\n<meta property=\"og:url\" content=\"https:\/\/weather-radar-live.com\/es\/borrascas\/\" \/>\n<meta property=\"og:site_name\" content=\"weather-radar-live.com\" \/>\n<meta property=\"article:modified_time\" content=\"2022-02-10T12:28:26+00:00\" \/>\n<meta property=\"og:image\" content=\"https:\/\/weather-radar-live.com\/wp-content\/uploads\/2021\/02\/Storm-radar.jpg\" \/>\n\t<meta property=\"og:image:width\" content=\"1897\" \/>\n\t<meta property=\"og:image:height\" content=\"458\" \/>\n\t<meta property=\"og:image:type\" content=\"image\/jpeg\" \/>\n<meta name=\"twitter:card\" content=\"summary_large_image\" \/>\n<meta name=\"twitter:label1\" content=\"Tiempo de lectura\" \/>\n\t<meta name=\"twitter:data1\" content=\"4 minutos\" \/>\n<script type=\"application\/ld+json\" class=\"yoast-schema-graph\">{\"@context\":\"https:\\\/\\\/schema.org\",\"@graph\":[{\"@type\":\"WebPage\",\"@id\":\"https:\\\/\\\/weather-radar-live.com\\\/es\\\/borrascas\\\/\",\"url\":\"https:\\\/\\\/weather-radar-live.com\\\/es\\\/borrascas\\\/\",\"name\":\"Borrascas y previsi\u00f3n de borrascas EN VIVO \u26a1 \u00bfD\u00f3nde hay tormentas?\",\"isPartOf\":{\"@id\":\"https:\\\/\\\/weather-radar-live.com\\\/#website\"},\"primaryImageOfPage\":{\"@id\":\"https:\\\/\\\/weather-radar-live.com\\\/es\\\/borrascas\\\/#primaryimage\"},\"image\":{\"@id\":\"https:\\\/\\\/weather-radar-live.com\\\/es\\\/borrascas\\\/#primaryimage\"},\"thumbnailUrl\":\"https:\\\/\\\/weather-radar-live.com\\\/wp-content\\\/uploads\\\/2021\\\/02\\\/Storm-radar.jpg\",\"datePublished\":\"2021-06-02T14:00:48+00:00\",\"dateModified\":\"2022-02-10T12:28:26+00:00\",\"description\":\"Radar de borrascas + previsi\u00f3n EN VIVO: Averigua si te afecta una borrascas \u2714\ufe0f \u00a1mapa de tormentas actual! \u26a1\",\"breadcrumb\":{\"@id\":\"https:\\\/\\\/weather-radar-live.com\\\/es\\\/borrascas\\\/#breadcrumb\"},\"inLanguage\":\"es\",\"potentialAction\":[{\"@type\":\"ReadAction\",\"target\":[\"https:\\\/\\\/weather-radar-live.com\\\/es\\\/borrascas\\\/\"]}]},{\"@type\":\"ImageObject\",\"inLanguage\":\"es\",\"@id\":\"https:\\\/\\\/weather-radar-live.com\\\/es\\\/borrascas\\\/#primaryimage\",\"url\":\"https:\\\/\\\/weather-radar-live.com\\\/wp-content\\\/uploads\\\/2021\\\/02\\\/Storm-radar.jpg\",\"contentUrl\":\"https:\\\/\\\/weather-radar-live.com\\\/wp-content\\\/uploads\\\/2021\\\/02\\\/Storm-radar.jpg\",\"width\":1897,\"height\":458},{\"@type\":\"BreadcrumbList\",\"@id\":\"https:\\\/\\\/weather-radar-live.com\\\/es\\\/borrascas\\\/#breadcrumb\",\"itemListElement\":[{\"@type\":\"ListItem\",\"position\":1,\"name\":\"Weather Radar Live\",\"item\":\"https:\\\/\\\/weather-radar-live.com\\\/es\\\/\"},{\"@type\":\"ListItem\",\"position\":2,\"name\":\"Borrasca\"}]},{\"@type\":\"WebSite\",\"@id\":\"https:\\\/\\\/weather-radar-live.com\\\/#website\",\"url\":\"https:\\\/\\\/weather-radar-live.com\\\/\",\"name\":\"weather-radar-live.com\",\"description\":\"Your weather and sky radar.\",\"publisher\":{\"@id\":\"https:\\\/\\\/weather-radar-live.com\\\/#organization\"},\"potentialAction\":[{\"@type\":\"SearchAction\",\"target\":{\"@type\":\"EntryPoint\",\"urlTemplate\":\"https:\\\/\\\/weather-radar-live.com\\\/?s={search_term_string}\"},\"query-input\":{\"@type\":\"PropertyValueSpecification\",\"valueRequired\":true,\"valueName\":\"search_term_string\"}}],\"inLanguage\":\"es\"},{\"@type\":\"Organization\",\"@id\":\"https:\\\/\\\/weather-radar-live.com\\\/#organization\",\"name\":\"weather-radar-live.com\",\"url\":\"https:\\\/\\\/weather-radar-live.com\\\/\",\"logo\":{\"@type\":\"ImageObject\",\"inLanguage\":\"es\",\"@id\":\"https:\\\/\\\/weather-radar-live.com\\\/#\\\/schema\\\/logo\\\/image\\\/\",\"url\":\"https:\\\/\\\/weather-radar-live.com\\\/wp-content\\\/uploads\\\/2022\\\/03\\\/cropped-WRL2503.png\",\"contentUrl\":\"https:\\\/\\\/weather-radar-live.com\\\/wp-content\\\/uploads\\\/2022\\\/03\\\/cropped-WRL2503.png\",\"width\":1920,\"height\":555,\"caption\":\"weather-radar-live.com\"},\"image\":{\"@id\":\"https:\\\/\\\/weather-radar-live.com\\\/#\\\/schema\\\/logo\\\/image\\\/\"}}]}<\/script>\n<!-- \/ Yoast SEO plugin. -->","yoast_head_json":{"title":"Borrascas y previsi\u00f3n de borrascas EN VIVO \u26a1 \u00bfD\u00f3nde hay tormentas?","description":"Radar de borrascas + previsi\u00f3n EN VIVO: Averigua si te afecta una borrascas \u2714\ufe0f \u00a1mapa de tormentas actual! \u26a1","robots":{"index":"index","follow":"follow","max-snippet":"max-snippet:-1","max-image-preview":"max-image-preview:large","max-video-preview":"max-video-preview:-1"},"canonical":"https:\/\/weather-radar-live.com\/es\/borrascas\/","og_locale":"es_ES","og_type":"article","og_title":"Borrascas y previsi\u00f3n de borrascas EN VIVO \u26a1 \u00bfD\u00f3nde hay tormentas?","og_description":"Radar de borrascas + previsi\u00f3n EN VIVO: Averigua si te afecta una borrascas \u2714\ufe0f \u00a1mapa de tormentas actual! \u26a1","og_url":"https:\/\/weather-radar-live.com\/es\/borrascas\/","og_site_name":"weather-radar-live.com","article_modified_time":"2022-02-10T12:28:26+00:00","og_image":[{"width":1897,"height":458,"url":"https:\/\/weather-radar-live.com\/wp-content\/uploads\/2021\/02\/Storm-radar.jpg","type":"image\/jpeg"}],"twitter_card":"summary_large_image","twitter_misc":{"Tiempo de lectura":"4 minutos"},"schema":{"@context":"https:\/\/schema.org","@graph":[{"@type":"WebPage","@id":"https:\/\/weather-radar-live.com\/es\/borrascas\/","url":"https:\/\/weather-radar-live.com\/es\/borrascas\/","name":"Borrascas y previsi\u00f3n de borrascas EN VIVO \u26a1 \u00bfD\u00f3nde hay tormentas?","isPartOf":{"@id":"https:\/\/weather-radar-live.com\/#website"},"primaryImageOfPage":{"@id":"https:\/\/weather-radar-live.com\/es\/borrascas\/#primaryimage"},"image":{"@id":"https:\/\/weather-radar-live.com\/es\/borrascas\/#primaryimage"},"thumbnailUrl":"https:\/\/weather-radar-live.com\/wp-content\/uploads\/2021\/02\/Storm-radar.jpg","datePublished":"2021-06-02T14:00:48+00:00","dateModified":"2022-02-10T12:28:26+00:00","description":"Radar de borrascas + previsi\u00f3n EN VIVO: Averigua si te afecta una borrascas \u2714\ufe0f \u00a1mapa de tormentas actual! \u26a1","breadcrumb":{"@id":"https:\/\/weather-radar-live.com\/es\/borrascas\/#breadcrumb"},"inLanguage":"es","potentialAction":[{"@type":"ReadAction","target":["https:\/\/weather-radar-live.com\/es\/borrascas\/"]}]},{"@type":"ImageObject","inLanguage":"es","@id":"https:\/\/weather-radar-live.com\/es\/borrascas\/#primaryimage","url":"https:\/\/weather-radar-live.com\/wp-content\/uploads\/2021\/02\/Storm-radar.jpg","contentUrl":"https:\/\/weather-radar-live.com\/wp-content\/uploads\/2021\/02\/Storm-radar.jpg","width":1897,"height":458},{"@type":"BreadcrumbList","@id":"https:\/\/weather-radar-live.com\/es\/borrascas\/#breadcrumb","itemListElement":[{"@type":"ListItem","position":1,"name":"Weather Radar Live","item":"https:\/\/weather-radar-live.com\/es\/"},{"@type":"ListItem","position":2,"name":"Borrasca"}]},{"@type":"WebSite","@id":"https:\/\/weather-radar-live.com\/#website","url":"https:\/\/weather-radar-live.com\/","name":"weather-radar-live.com","description":"Your weather and sky radar.","publisher":{"@id":"https:\/\/weather-radar-live.com\/#organization"},"potentialAction":[{"@type":"SearchAction","target":{"@type":"EntryPoint","urlTemplate":"https:\/\/weather-radar-live.com\/?s={search_term_string}"},"query-input":{"@type":"PropertyValueSpecification","valueRequired":true,"valueName":"search_term_string"}}],"inLanguage":"es"},{"@type":"Organization","@id":"https:\/\/weather-radar-live.com\/#organization","name":"weather-radar-live.com","url":"https:\/\/weather-radar-live.com\/","logo":{"@type":"ImageObject","inLanguage":"es","@id":"https:\/\/weather-radar-live.com\/#\/schema\/logo\/image\/","url":"https:\/\/weather-radar-live.com\/wp-content\/uploads\/2022\/03\/cropped-WRL2503.png","contentUrl":"https:\/\/weather-radar-live.com\/wp-content\/uploads\/2022\/03\/cropped-WRL2503.png","width":1920,"height":555,"caption":"weather-radar-live.com"},"image":{"@id":"https:\/\/weather-radar-live.com\/#\/schema\/logo\/image\/"}}]}},"_links":{"self":[{"href":"https:\/\/weather-radar-live.com\/es\/wp-json\/wp\/v2\/pages\/514","targetHints":{"allow":["GET"]}}],"collection":[{"href":"https:\/\/weather-radar-live.com\/es\/wp-json\/wp\/v2\/pages"}],"about":[{"href":"https:\/\/weather-radar-live.com\/es\/wp-json\/wp\/v2\/types\/page"}],"author":[{"embeddable":true,"href":"https:\/\/weather-radar-live.com\/es\/wp-json\/wp\/v2\/users\/1"}],"replies":[{"embeddable":true,"href":"https:\/\/weather-radar-live.com\/es\/wp-json\/wp\/v2\/comments?post=514"}],"version-history":[{"count":9,"href":"https:\/\/weather-radar-live.com\/es\/wp-json\/wp\/v2\/pages\/514\/revisions"}],"predecessor-version":[{"id":3120,"href":"https:\/\/weather-radar-live.com\/es\/wp-json\/wp\/v2\/pages\/514\/revisions\/3120"}],"wp:featuredmedia":[{"embeddable":true,"href":"https:\/\/weather-radar-live.com\/es\/wp-json\/wp\/v2\/media\/2758"}],"wp:attachment":[{"href":"https:\/\/weather-radar-live.com\/es\/wp-json\/wp\/v2\/media?parent=514"}],"curies":[{"name":"wp","href":"https:\/\/api.w.org\/{rel}","templated":true}]}}