{"id":5091,"date":"2022-07-19T15:50:50","date_gmt":"2022-07-19T13:50:50","guid":{"rendered":"https:\/\/weather-radar-live.com\/?page_id=5091"},"modified":"2022-08-03T09:25:28","modified_gmt":"2022-08-03T07:25:28","slug":"webcam-sierra-nevada","status":"publish","type":"page","link":"https:\/\/weather-radar-live.com\/es\/webcam\/espana\/webcam-sierra-nevada\/","title":{"rendered":"Webcam Sierra Nevada"},"content":{"rendered":"<div id=\"weath-2343489976\" class=\"weath-vor-dem-inhalt weath-entity-placement\" style=\"margin-top: 15px;margin-right: 25px;margin-bottom: 40px;margin-left: 25px;\"><script async src=\"\/\/pagead2.googlesyndication.com\/pagead\/js\/adsbygoogle.js?client=ca-pub-8960936133935804\" crossorigin=\"anonymous\"><\/script><ins class=\"adsbygoogle\" style=\"display:block;\" data-ad-client=\"ca-pub-8960936133935804\" \ndata-ad-slot=\"6172817020\" \ndata-ad-format=\"auto\"><\/ins>\n<script> \n(adsbygoogle = window.adsbygoogle || []).push({}); \n<\/script>\n<\/div>\n<div class=\"wp-block-cover alignfull is-light\"><span aria-hidden=\"true\" class=\"wp-block-cover__gradient-background has-background-dim\"><\/span><img decoding=\"async\" class=\"wp-block-cover__image-background wp-image-342\" alt=\"Webcam Sierra Nevada\n\" src=\"https:\/\/weather-radar-live.com\/wp-content\/uploads\/2021\/06\/sam-schooler-E9aetBe2w40-unsplash-e1622554814366.jpg\" data-object-fit=\"cover\"\/><div class=\"wp-block-cover__inner-container is-layout-flow wp-block-cover-is-layout-flow\">\n<h2 class=\"has-text-align-center heading wp-block-heading\" id=\"webcam-fort-mahon\" style=\"font-size:40px\"><strong><mark style=\"background-color:rgba(0, 0, 0, 0)\" class=\"has-inline-color has-base-3-color\">WEBCAM <\/mark><\/strong><br><strong><mark style=\"background-color:rgba(0, 0, 0, 0)\" class=\"has-inline-color has-base-3-color\">SIERRA NEVADA<\/mark><\/strong><\/h2>\n<\/div><\/div>\n\n\n<div class=\"yoast-breadcrumbs\"><span><span><a href=\"https:\/\/weather-radar-live.com\/es\/\">Weather Radar Live<\/a><\/span> \u00bb <span><a href=\"https:\/\/weather-radar-live.com\/es\/webcam\/\">C\u00e1mara web<\/a><\/span> \u00bb <span><a href=\"https:\/\/weather-radar-live.com\/es\/webcam\/espana\/\">Espa\u00f1a<\/a><\/span> \u00bb <span class=\"breadcrumb_last\" aria-current=\"page\"><strong>Webcam Sierra Nevada<\/strong><\/span><\/span><\/div>\n\n\n<h2 class=\"has-text-align-center wp-block-heading\" id=\"webcam-fort-mahon\"><strong>Webcam Sierra Nevada<\/strong><\/h2>\n\n\n\n<p>Sierra Nevada est\u00e1 situada en el sur de Espa\u00f1a dentro de la regi\u00f3n de Andaluc\u00eda. Como parte de la Cordillera B\u00e9tica, es la cordillera m\u00e1s alta de la Pen\u00ednsula Ib\u00e9rica. La cordillera recibi\u00f3 su nombre (en espa\u00f1ol, \u00abmonta\u00f1as nevadas\u00bb) por la sorprendente cobertura de las monta\u00f1as con nieve entre los meses de noviembre y mayo. Este fascinante espect\u00e1culo puede verse en todo su esplendor en nuestra webcam de Sierra Nevada. Partiendo de los picos m\u00e1s altos con una altitud de hasta 3.482 metros, algunas laderas empinadas llegan hasta la costa mediterr\u00e1nea y hasta el mar. El agua de deshielo abastece a muchos pueblos de los alrededores, por lo que las monta\u00f1as tambi\u00e9n sirven para la poblaci\u00f3n adem\u00e1s de ser una atracci\u00f3n geogr\u00e1fica.<\/p>\n\n\n\n<p>Dentro del parque nacional del mismo nombre, el n\u00famero de visitantes ha ido aumentando desde su apertura y ha alcanzado niveles superiores a los 700.000 visitantes. Como atracci\u00f3n tur\u00edstica, la zona rural destaca por su encanto paisaj\u00edstico, que nuestra webcam retrata muy bien. Otra de las principales fuentes de ingresos de la poblaci\u00f3n local es la agricultura, especializada en el cultivo de vino y almendras en la regi\u00f3n, y la ganader\u00eda con ovejas y cabras. Por \u00faltimo, cabe mencionar el jam\u00f3n de pata negra, que se mantiene en estado semisalvaje en la regi\u00f3n.<\/p><div id=\"weath-1733161844\" class=\"weath-inhalt_2 weath-entity-placement\" style=\"margin-top: 15px;margin-right: 25px;margin-bottom: 35px;margin-left: 25px;\"><script async src=\"\/\/pagead2.googlesyndication.com\/pagead\/js\/adsbygoogle.js?client=ca-pub-8960936133935804\" crossorigin=\"anonymous\"><\/script><ins class=\"adsbygoogle\" style=\"display:block;\" data-ad-client=\"ca-pub-8960936133935804\" \ndata-ad-slot=\"1963584050\" \ndata-ad-format=\"auto\"><\/ins>\n<script> \n(adsbygoogle = window.adsbygoogle || []).push({}); \n<\/script>\n<\/div>\n\n\n\n<div class=\"wp-block-columns is-layout-flex wp-container-core-columns-is-layout-9d6595d7 wp-block-columns-is-layout-flex\">\n<div class=\"wp-block-column webcam-column is-layout-flow wp-block-column-is-layout-flow\">\n<h3 class=\"has-text-align-center wp-block-heading\"> \ud83d\udd34 <strong>Webcam<strong><strong><strong> <strong>Sierra Nevada<\/strong><\/strong><\/strong><\/strong><\/strong> &#8211; Zona de esqu\u00ed<\/h3>\n\n\n\n<a name=\"windy-webcam-timelapse-player\" data-id=\"1217496489\" data-play=\"day\" href=\"https:\/\/windy.com\/webcams\/1217496489\" target=\"_blank\" rel=\"noopener\">Monachil: Sierra Nevada Estaci\u00f3n esqu\u00ed<\/a><script async=\"\" type=\"text\/javascript\" src=\"https:\/\/webcams.windy.com\/webcams\/public\/embed\/script\/player.js\"><\/script>\n<\/div>\n\n\n\n<div class=\"wp-block-column webcam-column is-layout-flow wp-block-column-is-layout-flow\">\n<h3 class=\"has-text-align-center wp-block-heading\"> \ud83d\udd34 <strong>Webcam <strong><strong><strong><strong>Sierra Nevada<\/strong><\/strong><\/strong><\/strong><\/strong> &#8211; Salida<\/h3>\n\n\n\n<a name=\"windy-webcam-timelapse-player\" data-id=\"1349988616\" data-play=\"day\" href=\"https:\/\/windy.com\/webcams\/1349988616\" target=\"_blank\" rel=\"noopener\">Monachil: Sierra Nevada<\/a><script async=\"\" type=\"text\/javascript\" src=\"https:\/\/webcams.windy.com\/webcams\/public\/embed\/script\/player.js\"><\/script>\n<\/div>\n<\/div>\n\n\n\n<div class=\"wp-block-columns is-layout-flex wp-container-core-columns-is-layout-9d6595d7 wp-block-columns-is-layout-flex\">\n<div class=\"wp-block-column webcam-column is-layout-flow wp-block-column-is-layout-flow\">\n<h3 class=\"has-text-align-center wp-block-heading\"> \ud83d\udd34 <strong>Webcam<strong><strong><strong> <strong>Sierra Nevada<\/strong><\/strong><\/strong><\/strong><\/strong> &#8211; Monachil<\/h3>\n\n\n\n<a name=\"windy-webcam-timelapse-player\" data-id=\"1602016037\" data-play=\"day\" href=\"https:\/\/windy.com\/webcams\/1602016037\" target=\"_blank\" rel=\"noopener\">Monachil &#8216; Norte<\/a><script async=\"\" type=\"text\/javascript\" src=\"https:\/\/webcams.windy.com\/webcams\/public\/embed\/script\/player.js\"><\/script>\n<\/div>\n\n\n\n<div class=\"wp-block-column webcam-column is-layout-flow wp-block-column-is-layout-flow\">\n<h3 class=\"has-text-align-center wp-block-heading\"> \ud83d\udd34 <strong>Webcam <strong><strong><strong><strong>Sierra Nevada<\/strong><\/strong><\/strong><\/strong><\/strong> &#8211; Monta\u00f1a<\/h3>\n\n\n\n<a name=\"windy-webcam-timelapse-player\" data-id=\"1349988613\" data-play=\"day\" href=\"https:\/\/windy.com\/webcams\/1349988613\" target=\"_blank\" rel=\"noopener\">Monachil: Sierra Nevada 6<\/a><script async=\"\" type=\"text\/javascript\" src=\"https:\/\/webcams.windy.com\/webcams\/public\/embed\/script\/player.js\"><\/script>\n<\/div>\n<\/div>\n\n\n\n<h2 class=\"wp-block-heading\" id=\"fort-mahon-today\"><strong>Radar meteorol\u00f3gico de Sierra Nevada &#8211; El tiempo en Sierra Nevada<\/strong><\/h2>\n\n\n\n<p>Nuestra webcam de Sierra Nevada le ofrece siempre una visi\u00f3n \u00f3ptima de los acontecimientos meteorol\u00f3gicos actuales. Esto le permite prepararse para el d\u00eda de la mejor manera posible, ya sea que est\u00e9 planeando una caminata, esquiar u otra excursi\u00f3n. Adem\u00e1s de las im\u00e1genes en directo, nuestro radar meteorol\u00f3gico ofrece una visi\u00f3n general de la previsi\u00f3n y de los pr\u00f3ximos rayos de sol o de las precipitaciones m\u00e1s raras. Observe directamente si se acaba de acumular m\u00e1s nieve en las cumbres o si las horas de sol prometen una vista lejana \u00f3ptima.<\/p>\n\n\n\n<div class=\"wp-block-columns is-layout-flex wp-container-core-columns-is-layout-9d6595d7 wp-block-columns-is-layout-flex\">\n<div class=\"wp-block-column is-layout-flow wp-block-column-is-layout-flow\" style=\"flex-basis:75%\">\n<iframe loading=\"lazy\" width=\"1300\" height=\"502\" src=\"https:\/\/embed.windy.com\/embed2.html?lat=37.070&amp;lon=-3.441&amp;detailLat=37.070&amp;detailLon=-3.441&amp;width=1300&amp;height=502&amp;zoom=11&amp;level=surface&amp;overlay=rain&amp;product=ecmwf&amp;menu=&amp;message=&amp;marker=&amp;calendar=now&amp;pressure=&amp;type=map&amp;location=coordinates&amp;detail=&amp;metricWind=default&amp;metricTemp=default&amp;radarRange=-1\" frameborder=\"0\"><\/iframe>\n<\/div>\n\n\n\n<div class=\"wp-block-column is-layout-flow wp-block-column-is-layout-flow\" style=\"flex-basis:25%\">\n<a class=\"weatherwidget-io\" href=\"https:\/\/forecast7.com\/es\/37d09n3d40\/sierra-nevada\/\" data-label_1=\"SIERRA NEVADA\" data-theme=\"original\">SIERRA NEVADA<\/a>\n<script>\n!function(d,s,id){var js,fjs=d.getElementsByTagName(s)[0];if(!d.getElementById(id)){js=d.createElement(s);js.id=id;js.src='https:\/\/weatherwidget.io\/js\/widget.min.js';fjs.parentNode.insertBefore(js,fjs);}}(document,'script','weatherwidget-io-js');\n<\/script>\n<\/div>\n<\/div>\n\n\n\n<h2 class=\"wp-block-heading\" id=\"fort-mahon-weather\"><strong>El clima en Sierra Nevada<\/strong><\/h2>\n\n\n\n<p>Debido a la ubicaci\u00f3n monta\u00f1osa de Sierra Nevada en el subtr\u00f3pico, es dif\u00edcil determinar un clima uniforme porque las temperaturas var\u00edan mucho con la altitud. Cuanto m\u00e1s se adentre en las monta\u00f1as, m\u00e1s fresco ser\u00e1 el clima. Por ejemplo, Pradollano tiene temperaturas m\u00ednimas por debajo de los cero grados cent\u00edgrados desde noviembre hasta abril, que es de donde procede la nieve. En verano, las temperaturas suben hasta los 25 grados cent\u00edgrados y las noches permanecen frescas. Durante este tiempo, uno puede beneficiarse de hasta 15 horas de sol, lo que resulta en una precipitaci\u00f3n de unos 25 mil\u00edmetros. Esta cifra se eleva a 100 mil\u00edmetros en los meses de invierno.<\/p>\n\n\n\n<h2 class=\"wp-block-heading\"><strong>Atracciones en Sierra Nevada<\/strong><\/h2>\n\n\n\n<p>La Sierra Nevada es conocida por sus picos cubiertos de nieve, lo que la convierte en una gran atracci\u00f3n para el esqu\u00ed y las raquetas de nieve. Sin embargo, tambi\u00e9n es posible realizar excursiones de senderismo por las regiones monta\u00f1osas en los meses m\u00e1s soleados de la primavera o el verano, que pueden complementarse de forma excelente con visitas a los conocidos pueblos blancos. Si no hay m\u00e1s atracciones en las monta\u00f1as, tambi\u00e9n hay excursiones a las ciudades m\u00e1s grandes de Granada y Almer\u00eda.<\/p>\n","protected":false},"excerpt":{"rendered":"<p>Webcam Sierra Nevada Sierra Nevada est\u00e1 situada en el sur de Espa\u00f1a dentro de la regi\u00f3n de Andaluc\u00eda. Como parte de la Cordillera B\u00e9tica, es la cordillera m\u00e1s alta de la Pen\u00ednsula Ib\u00e9rica. La cordillera recibi\u00f3 su nombre (en espa\u00f1ol, \u00abmonta\u00f1as nevadas\u00bb) por la sorprendente cobertura de las monta\u00f1as con nieve entre los meses de &#8230; <a title=\"Webcam Sierra Nevada\" class=\"read-more\" href=\"https:\/\/weather-radar-live.com\/es\/webcam\/espana\/webcam-sierra-nevada\/\" aria-label=\"Leer m\u00e1s sobre Webcam Sierra Nevada\">Leer m\u00e1s<\/a><\/p>\n","protected":false},"author":1,"featured_media":5035,"parent":4352,"menu_order":0,"comment_status":"closed","ping_status":"closed","template":"","meta":{"footnotes":""},"class_list":["post-5091","page","type-page","status-publish","has-post-thumbnail"],"yoast_head":"<!-- This site is optimized with the Yoast SEO plugin v27.5 - https:\/\/yoast.com\/product\/yoast-seo-wordpress\/ -->\n<title>Webcam Sierra Nevada \u2192 \u00a1M\u00edralo en directo!<\/title>\n<meta name=\"description\" content=\"Webcam Sierra Nevada | \u00a1Livecam de Sierra Nevada! \u2705 \u00a1Actualizada para ti en tiempo real! \u2705 \u00a1Previsi\u00f3n meteorol\u00f3gica actual!\" \/>\n<meta name=\"robots\" content=\"index, follow, max-snippet:-1, max-image-preview:large, max-video-preview:-1\" \/>\n<link rel=\"canonical\" href=\"https:\/\/weather-radar-live.com\/es\/webcam\/espana\/webcam-sierra-nevada\/\" \/>\n<meta property=\"og:locale\" content=\"es_ES\" \/>\n<meta property=\"og:type\" content=\"article\" \/>\n<meta property=\"og:title\" content=\"Webcam Sierra Nevada \u2192 \u00a1M\u00edralo en directo!\" \/>\n<meta property=\"og:description\" content=\"Webcam Sierra Nevada | \u00a1Livecam de Sierra Nevada! \u2705 \u00a1Actualizada para ti en tiempo real! \u2705 \u00a1Previsi\u00f3n meteorol\u00f3gica actual!\" \/>\n<meta property=\"og:url\" content=\"https:\/\/weather-radar-live.com\/es\/webcam\/espana\/webcam-sierra-nevada\/\" \/>\n<meta property=\"og:site_name\" content=\"weather-radar-live.com\" \/>\n<meta property=\"article:modified_time\" content=\"2022-08-03T07:25:28+00:00\" \/>\n<meta property=\"og:image\" content=\"https:\/\/weather-radar-live.com\/wp-content\/uploads\/2022\/07\/Webcam-Sierra-Nevada-e1658218397839.png\" \/>\n\t<meta property=\"og:image:width\" content=\"397\" \/>\n\t<meta property=\"og:image:height\" content=\"206\" \/>\n\t<meta property=\"og:image:type\" content=\"image\/png\" \/>\n<meta name=\"twitter:card\" content=\"summary_large_image\" \/>\n<meta name=\"twitter:label1\" content=\"Tiempo de lectura\" \/>\n\t<meta name=\"twitter:data1\" content=\"3 minutos\" \/>\n<script type=\"application\/ld+json\" class=\"yoast-schema-graph\">{\"@context\":\"https:\\\/\\\/schema.org\",\"@graph\":[{\"@type\":\"WebPage\",\"@id\":\"https:\\\/\\\/weather-radar-live.com\\\/es\\\/webcam\\\/espana\\\/webcam-sierra-nevada\\\/\",\"url\":\"https:\\\/\\\/weather-radar-live.com\\\/es\\\/webcam\\\/espana\\\/webcam-sierra-nevada\\\/\",\"name\":\"Webcam Sierra Nevada \u2192 \u00a1M\u00edralo en directo!\",\"isPartOf\":{\"@id\":\"https:\\\/\\\/weather-radar-live.com\\\/#website\"},\"primaryImageOfPage\":{\"@id\":\"https:\\\/\\\/weather-radar-live.com\\\/es\\\/webcam\\\/espana\\\/webcam-sierra-nevada\\\/#primaryimage\"},\"image\":{\"@id\":\"https:\\\/\\\/weather-radar-live.com\\\/es\\\/webcam\\\/espana\\\/webcam-sierra-nevada\\\/#primaryimage\"},\"thumbnailUrl\":\"https:\\\/\\\/weather-radar-live.com\\\/wp-content\\\/uploads\\\/2022\\\/07\\\/Webcam-Sierra-Nevada-e1658218397839.png\",\"datePublished\":\"2022-07-19T13:50:50+00:00\",\"dateModified\":\"2022-08-03T07:25:28+00:00\",\"description\":\"Webcam Sierra Nevada | \u00a1Livecam de Sierra Nevada! \u2705 \u00a1Actualizada para ti en tiempo real! \u2705 \u00a1Previsi\u00f3n meteorol\u00f3gica actual!\",\"breadcrumb\":{\"@id\":\"https:\\\/\\\/weather-radar-live.com\\\/es\\\/webcam\\\/espana\\\/webcam-sierra-nevada\\\/#breadcrumb\"},\"inLanguage\":\"es\",\"potentialAction\":[{\"@type\":\"ReadAction\",\"target\":[\"https:\\\/\\\/weather-radar-live.com\\\/es\\\/webcam\\\/espana\\\/webcam-sierra-nevada\\\/\"]}]},{\"@type\":\"ImageObject\",\"inLanguage\":\"es\",\"@id\":\"https:\\\/\\\/weather-radar-live.com\\\/es\\\/webcam\\\/espana\\\/webcam-sierra-nevada\\\/#primaryimage\",\"url\":\"https:\\\/\\\/weather-radar-live.com\\\/wp-content\\\/uploads\\\/2022\\\/07\\\/Webcam-Sierra-Nevada-e1658218397839.png\",\"contentUrl\":\"https:\\\/\\\/weather-radar-live.com\\\/wp-content\\\/uploads\\\/2022\\\/07\\\/Webcam-Sierra-Nevada-e1658218397839.png\",\"width\":397,\"height\":206,\"caption\":\"Webcam Sierra Nevada\"},{\"@type\":\"BreadcrumbList\",\"@id\":\"https:\\\/\\\/weather-radar-live.com\\\/es\\\/webcam\\\/espana\\\/webcam-sierra-nevada\\\/#breadcrumb\",\"itemListElement\":[{\"@type\":\"ListItem\",\"position\":1,\"name\":\"Weather Radar Live\",\"item\":\"https:\\\/\\\/weather-radar-live.com\\\/es\\\/\"},{\"@type\":\"ListItem\",\"position\":2,\"name\":\"C\u00e1mara web\",\"item\":\"https:\\\/\\\/weather-radar-live.com\\\/es\\\/webcam\\\/\"},{\"@type\":\"ListItem\",\"position\":3,\"name\":\"Espa\u00f1a\",\"item\":\"https:\\\/\\\/weather-radar-live.com\\\/es\\\/webcam\\\/espana\\\/\"},{\"@type\":\"ListItem\",\"position\":4,\"name\":\"Webcam Sierra Nevada\"}]},{\"@type\":\"WebSite\",\"@id\":\"https:\\\/\\\/weather-radar-live.com\\\/#website\",\"url\":\"https:\\\/\\\/weather-radar-live.com\\\/\",\"name\":\"weather-radar-live.com\",\"description\":\"Your weather and sky radar.\",\"publisher\":{\"@id\":\"https:\\\/\\\/weather-radar-live.com\\\/#organization\"},\"potentialAction\":[{\"@type\":\"SearchAction\",\"target\":{\"@type\":\"EntryPoint\",\"urlTemplate\":\"https:\\\/\\\/weather-radar-live.com\\\/?s={search_term_string}\"},\"query-input\":{\"@type\":\"PropertyValueSpecification\",\"valueRequired\":true,\"valueName\":\"search_term_string\"}}],\"inLanguage\":\"es\"},{\"@type\":\"Organization\",\"@id\":\"https:\\\/\\\/weather-radar-live.com\\\/#organization\",\"name\":\"weather-radar-live.com\",\"url\":\"https:\\\/\\\/weather-radar-live.com\\\/\",\"logo\":{\"@type\":\"ImageObject\",\"inLanguage\":\"es\",\"@id\":\"https:\\\/\\\/weather-radar-live.com\\\/#\\\/schema\\\/logo\\\/image\\\/\",\"url\":\"https:\\\/\\\/weather-radar-live.com\\\/wp-content\\\/uploads\\\/2022\\\/03\\\/cropped-WRL2503.png\",\"contentUrl\":\"https:\\\/\\\/weather-radar-live.com\\\/wp-content\\\/uploads\\\/2022\\\/03\\\/cropped-WRL2503.png\",\"width\":1920,\"height\":555,\"caption\":\"weather-radar-live.com\"},\"image\":{\"@id\":\"https:\\\/\\\/weather-radar-live.com\\\/#\\\/schema\\\/logo\\\/image\\\/\"}}]}<\/script>\n<!-- \/ Yoast SEO plugin. -->","yoast_head_json":{"title":"Webcam Sierra Nevada \u2192 \u00a1M\u00edralo en directo!","description":"Webcam Sierra Nevada | \u00a1Livecam de Sierra Nevada! \u2705 \u00a1Actualizada para ti en tiempo real! \u2705 \u00a1Previsi\u00f3n meteorol\u00f3gica actual!","robots":{"index":"index","follow":"follow","max-snippet":"max-snippet:-1","max-image-preview":"max-image-preview:large","max-video-preview":"max-video-preview:-1"},"canonical":"https:\/\/weather-radar-live.com\/es\/webcam\/espana\/webcam-sierra-nevada\/","og_locale":"es_ES","og_type":"article","og_title":"Webcam Sierra Nevada \u2192 \u00a1M\u00edralo en directo!","og_description":"Webcam Sierra Nevada | \u00a1Livecam de Sierra Nevada! \u2705 \u00a1Actualizada para ti en tiempo real! \u2705 \u00a1Previsi\u00f3n meteorol\u00f3gica actual!","og_url":"https:\/\/weather-radar-live.com\/es\/webcam\/espana\/webcam-sierra-nevada\/","og_site_name":"weather-radar-live.com","article_modified_time":"2022-08-03T07:25:28+00:00","og_image":[{"width":397,"height":206,"url":"https:\/\/weather-radar-live.com\/wp-content\/uploads\/2022\/07\/Webcam-Sierra-Nevada-e1658218397839.png","type":"image\/png"}],"twitter_card":"summary_large_image","twitter_misc":{"Tiempo de lectura":"3 minutos"},"schema":{"@context":"https:\/\/schema.org","@graph":[{"@type":"WebPage","@id":"https:\/\/weather-radar-live.com\/es\/webcam\/espana\/webcam-sierra-nevada\/","url":"https:\/\/weather-radar-live.com\/es\/webcam\/espana\/webcam-sierra-nevada\/","name":"Webcam Sierra Nevada \u2192 \u00a1M\u00edralo en directo!","isPartOf":{"@id":"https:\/\/weather-radar-live.com\/#website"},"primaryImageOfPage":{"@id":"https:\/\/weather-radar-live.com\/es\/webcam\/espana\/webcam-sierra-nevada\/#primaryimage"},"image":{"@id":"https:\/\/weather-radar-live.com\/es\/webcam\/espana\/webcam-sierra-nevada\/#primaryimage"},"thumbnailUrl":"https:\/\/weather-radar-live.com\/wp-content\/uploads\/2022\/07\/Webcam-Sierra-Nevada-e1658218397839.png","datePublished":"2022-07-19T13:50:50+00:00","dateModified":"2022-08-03T07:25:28+00:00","description":"Webcam Sierra Nevada | \u00a1Livecam de Sierra Nevada! \u2705 \u00a1Actualizada para ti en tiempo real! \u2705 \u00a1Previsi\u00f3n meteorol\u00f3gica actual!","breadcrumb":{"@id":"https:\/\/weather-radar-live.com\/es\/webcam\/espana\/webcam-sierra-nevada\/#breadcrumb"},"inLanguage":"es","potentialAction":[{"@type":"ReadAction","target":["https:\/\/weather-radar-live.com\/es\/webcam\/espana\/webcam-sierra-nevada\/"]}]},{"@type":"ImageObject","inLanguage":"es","@id":"https:\/\/weather-radar-live.com\/es\/webcam\/espana\/webcam-sierra-nevada\/#primaryimage","url":"https:\/\/weather-radar-live.com\/wp-content\/uploads\/2022\/07\/Webcam-Sierra-Nevada-e1658218397839.png","contentUrl":"https:\/\/weather-radar-live.com\/wp-content\/uploads\/2022\/07\/Webcam-Sierra-Nevada-e1658218397839.png","width":397,"height":206,"caption":"Webcam Sierra Nevada"},{"@type":"BreadcrumbList","@id":"https:\/\/weather-radar-live.com\/es\/webcam\/espana\/webcam-sierra-nevada\/#breadcrumb","itemListElement":[{"@type":"ListItem","position":1,"name":"Weather Radar Live","item":"https:\/\/weather-radar-live.com\/es\/"},{"@type":"ListItem","position":2,"name":"C\u00e1mara web","item":"https:\/\/weather-radar-live.com\/es\/webcam\/"},{"@type":"ListItem","position":3,"name":"Espa\u00f1a","item":"https:\/\/weather-radar-live.com\/es\/webcam\/espana\/"},{"@type":"ListItem","position":4,"name":"Webcam Sierra Nevada"}]},{"@type":"WebSite","@id":"https:\/\/weather-radar-live.com\/#website","url":"https:\/\/weather-radar-live.com\/","name":"weather-radar-live.com","description":"Your weather and sky radar.","publisher":{"@id":"https:\/\/weather-radar-live.com\/#organization"},"potentialAction":[{"@type":"SearchAction","target":{"@type":"EntryPoint","urlTemplate":"https:\/\/weather-radar-live.com\/?s={search_term_string}"},"query-input":{"@type":"PropertyValueSpecification","valueRequired":true,"valueName":"search_term_string"}}],"inLanguage":"es"},{"@type":"Organization","@id":"https:\/\/weather-radar-live.com\/#organization","name":"weather-radar-live.com","url":"https:\/\/weather-radar-live.com\/","logo":{"@type":"ImageObject","inLanguage":"es","@id":"https:\/\/weather-radar-live.com\/#\/schema\/logo\/image\/","url":"https:\/\/weather-radar-live.com\/wp-content\/uploads\/2022\/03\/cropped-WRL2503.png","contentUrl":"https:\/\/weather-radar-live.com\/wp-content\/uploads\/2022\/03\/cropped-WRL2503.png","width":1920,"height":555,"caption":"weather-radar-live.com"},"image":{"@id":"https:\/\/weather-radar-live.com\/#\/schema\/logo\/image\/"}}]}},"_links":{"self":[{"href":"https:\/\/weather-radar-live.com\/es\/wp-json\/wp\/v2\/pages\/5091","targetHints":{"allow":["GET"]}}],"collection":[{"href":"https:\/\/weather-radar-live.com\/es\/wp-json\/wp\/v2\/pages"}],"about":[{"href":"https:\/\/weather-radar-live.com\/es\/wp-json\/wp\/v2\/types\/page"}],"author":[{"embeddable":true,"href":"https:\/\/weather-radar-live.com\/es\/wp-json\/wp\/v2\/users\/1"}],"replies":[{"embeddable":true,"href":"https:\/\/weather-radar-live.com\/es\/wp-json\/wp\/v2\/comments?post=5091"}],"version-history":[{"count":3,"href":"https:\/\/weather-radar-live.com\/es\/wp-json\/wp\/v2\/pages\/5091\/revisions"}],"predecessor-version":[{"id":6099,"href":"https:\/\/weather-radar-live.com\/es\/wp-json\/wp\/v2\/pages\/5091\/revisions\/6099"}],"up":[{"embeddable":true,"href":"https:\/\/weather-radar-live.com\/es\/wp-json\/wp\/v2\/pages\/4352"}],"wp:featuredmedia":[{"embeddable":true,"href":"https:\/\/weather-radar-live.com\/es\/wp-json\/wp\/v2\/media\/5035"}],"wp:attachment":[{"href":"https:\/\/weather-radar-live.com\/es\/wp-json\/wp\/v2\/media?parent=5091"}],"curies":[{"name":"wp","href":"https:\/\/api.w.org\/{rel}","templated":true}]}}