{"id":4520,"date":"2022-05-12T14:17:46","date_gmt":"2022-05-12T12:17:46","guid":{"rendered":"https:\/\/weather-radar-live.com\/webcam\/francia\/webcam-la-clusaz\/"},"modified":"2022-07-15T14:05:35","modified_gmt":"2022-07-15T12:05:35","slug":"webcam-la-clusaz","status":"publish","type":"page","link":"https:\/\/weather-radar-live.com\/es\/webcam\/francia\/webcam-la-clusaz\/","title":{"rendered":"Webcam La Clusaz"},"content":{"rendered":"<div id=\"weath-3690510579\" class=\"weath-vor-dem-inhalt weath-entity-placement\" style=\"margin-top: 15px;margin-right: 25px;margin-bottom: 40px;margin-left: 25px;\"><script async src=\"\/\/pagead2.googlesyndication.com\/pagead\/js\/adsbygoogle.js?client=ca-pub-8960936133935804\" crossorigin=\"anonymous\"><\/script><ins class=\"adsbygoogle\" style=\"display:block;\" data-ad-client=\"ca-pub-8960936133935804\" \ndata-ad-slot=\"6172817020\" \ndata-ad-format=\"auto\"><\/ins>\n<script> \n(adsbygoogle = window.adsbygoogle || []).push({}); \n<\/script>\n<\/div>\n<div class=\"wp-block-cover alignfull is-light\"><span aria-hidden=\"true\" class=\"wp-block-cover__gradient-background has-background-dim\"><\/span><img decoding=\"async\" class=\"wp-block-cover__image-background wp-image-342\" alt=\"Webcam La Clusaz\" src=\"https:\/\/weather-radar-live.com\/wp-content\/uploads\/2021\/06\/sam-schooler-E9aetBe2w40-unsplash-e1622554814366.jpg\" data-object-fit=\"cover\"\/><div class=\"wp-block-cover__inner-container is-layout-flow wp-block-cover-is-layout-flow\">\n<h2 class=\"has-text-align-center heading wp-block-heading\" id=\"webcam-fort-mahon\" style=\"font-size:40px\"><strong><mark style=\"background-color:rgba(0, 0, 0, 0)\" class=\"has-inline-color has-base-3-color\">WEBCAM <\/mark><\/strong><br><strong><mark style=\"background-color:rgba(0, 0, 0, 0)\" class=\"has-inline-color has-base-3-color\"><strong>LA CLUSAZ<\/strong><\/mark><\/strong><\/h2>\n<\/div><\/div>\n\n\n<div class=\"yoast-breadcrumbs\"><span><span><a href=\"https:\/\/weather-radar-live.com\/es\/\">Weather Radar Live<\/a><\/span> \u00bb <span><a href=\"https:\/\/weather-radar-live.com\/es\/webcam\/\">C\u00e1mara web<\/a><\/span> \u00bb <span><a href=\"https:\/\/weather-radar-live.com\/es\/webcam\/francia\/\">Francia<\/a><\/span> \u00bb <span class=\"breadcrumb_last\" aria-current=\"page\"><strong>Webcam La Clusaz<\/strong><\/span><\/span><\/div>\n\n\n<h2 class=\"has-text-align-center wp-block-heading\" id=\"webcam-fort-mahon\"><strong>Webcam <strong>La Clusaz <\/strong><\/strong><\/h2>\n\n\n\n<p>La Clusaz est\u00e1 situada en la encrucijada de Europa. Es un encantador pueblo de monta\u00f1a cuya arquitectura tradicional ha conservado toda su belleza. La Clusaz es un t\u00edpico pero acogedor pueblo de monta\u00f1a en los Alpes. Desde Ginebra (1 hora) es f\u00e1cilmente accesible y a un corto trayecto de Calais. Es una estaci\u00f3n de esqu\u00ed internacional que ofrece una amplia gama de terrenos. Se ha mejorado el centro del pueblo para hacerlo m\u00e1s accesible a los peatones.<\/p>\n\n\n\n<p>Como parte de la primera \u00abbarrera natural\u00bb de los Alpes, el macizo de Aravis en La Clusaz ofrece algunas de las mejores condiciones de nieve de Francia. Con nuestra c\u00e1mara web en directo podr\u00e1 comprobar el tiempo actual en La Clusaz. Adem\u00e1s, puede ver las condiciones de la nieve y otras cosas relacionadas con el tiempo y ayudarle a decidir si es apropiado planear un viaje aqu\u00ed o no.<\/p><div id=\"weath-1143135363\" class=\"weath-inhalt_2 weath-entity-placement\" style=\"margin-top: 15px;margin-right: 25px;margin-bottom: 35px;margin-left: 25px;\"><script async src=\"\/\/pagead2.googlesyndication.com\/pagead\/js\/adsbygoogle.js?client=ca-pub-8960936133935804\" crossorigin=\"anonymous\"><\/script><ins class=\"adsbygoogle\" style=\"display:block;\" data-ad-client=\"ca-pub-8960936133935804\" \ndata-ad-slot=\"1963584050\" \ndata-ad-format=\"auto\"><\/ins>\n<script> \n(adsbygoogle = window.adsbygoogle || []).push({}); \n<\/script>\n<\/div>\n\n\n\n<div class=\"wp-block-columns is-layout-flex wp-container-core-columns-is-layout-9d6595d7 wp-block-columns-is-layout-flex\">\n<div class=\"wp-block-column webcam-column is-layout-flow wp-block-column-is-layout-flow\">\n<h3 class=\"has-text-align-center wp-block-heading\"> \ud83d\udd34 <strong>Webcam <strong><strong>La Clusaz<\/strong><\/strong><\/strong> &#8211; Sur<\/h3>\n\n\n\n<a name=\"windy-webcam-timelapse-player\" data-id=\"1646053165\" data-play=\"day\" href=\"https:\/\/windy.com\/webcams\/1646053165\" target=\"_blank\" rel=\"noopener\">La Clusaz &#8216; S\u00fcd<\/a><script async=\"\" type=\"text\/javascript\" src=\"https:\/\/webcams.windy.com\/webcams\/public\/embed\/script\/player.js\"><\/script>\n<\/div>\n<\/div>\n\n\n\n<div class=\"wp-block-columns is-layout-flex wp-container-core-columns-is-layout-9d6595d7 wp-block-columns-is-layout-flex\">\n<div class=\"wp-block-column webcam-column is-layout-flow wp-block-column-is-layout-flow\">\n<h3 class=\"has-text-align-center wp-block-heading\"> \ud83d\udd34 <strong>Webcam <strong><strong>La Clusaz<\/strong><\/strong><\/strong> &#8211; Centre Village<\/h3>\n\n\n\n<a name=\"windy-webcam-timelapse-player\" data-id=\"1263120814\" data-play=\"day\" href=\"https:\/\/windy.com\/webcams\/1263120814\" target=\"_blank\" rel=\"noopener\">La Clusaz : Vista panor\u00e1mica del centro del pueblo<\/a><script async=\"\" type=\"text\/javascript\" src=\"https:\/\/webcams.windy.com\/webcams\/public\/embed\/script\/player.js\"><\/script>\n<\/div>\n\n\n\n<div class=\"wp-block-column webcam-column is-layout-flow wp-block-column-is-layout-flow\">\n<h3 class=\"has-text-align-center live-emoji wp-block-heading\"> \ud83d\udd34 <strong>Webcam <strong><strong>La Clusaz<\/strong><\/strong><\/strong> &#8211; Pista de esqu\u00ed<\/h3>\n\n\n\n<a name=\"windy-webcam-timelapse-player\" data-id=\"1584649787\" data-play=\"day\" href=\"https:\/\/windy.com\/webcams\/1584649787\" target=\"_blank\" rel=\"noopener\">La Clusaz<\/a><script async=\"\" type=\"text\/javascript\" src=\"https:\/\/webcams.windy.com\/webcams\/public\/embed\/script\/player.js\"><\/script>\n<\/div>\n<\/div>\n\n\n\n<h2 class=\"wp-block-heading\" id=\"fort-mahon-today\"><strong>Radar meteorol\u00f3gico La Clusaz &#8211; <\/strong> <strong>El tiempo en La Clusaz <\/strong><\/h2>\n\n\n\n<p>Obtenga aqu\u00ed actualizaciones en directo y previsiones meteorol\u00f3gicas para La Clusaz. El radar meteorol\u00f3gico en directo ofrece a los practicantes de snowboard, a los esquiadores y a otras personas una visi\u00f3n clara de <a href=\"https:\/\/weather-radar-live.com\/es\/mapa-de-nieve\/\"><strong>nevadas<\/strong><\/a> el <a href=\"https:\/\/weather-radar-live.com\/es\/tormenta\/\"><strong>tormentas el\u00e9ctricas<\/strong><\/a> el <a href=\"https:\/\/weather-radar-live.com\/es\/mapa-de-nubes\/\"><strong>cobertura de nubes<\/strong><\/a> y <strong><a href=\"https:\/\/weather-radar-live.com\/es\/radar-lluvia\/\">precipitaci\u00f3n<\/a> <\/strong>y el <a href=\"https:\/\/weather-radar-live.com\/es\/tornado\/\"><strong>tornados<\/strong><\/a>. Es bastante f\u00e1cil navegar por el mapa para ver las condiciones meteorol\u00f3gicas. S\u00f3lo tiene que hacer clic en una vista de la c\u00e1mara web y desplazarse hacia abajo para ver los cambios de tiempo en La Clusaz en diferentes momentos.<\/p>\n\n\n\n<div class=\"wp-block-columns is-layout-flex wp-container-core-columns-is-layout-9d6595d7 wp-block-columns-is-layout-flex\">\n<div class=\"wp-block-column is-layout-flow wp-block-column-is-layout-flow\" style=\"flex-basis:75%\">\n<iframe loading=\"lazy\" width=\"1300\" height=\"502\" src=\"https:\/\/embed.windy.com\/embed2.html?lat=45.905&amp;lon=6.373&amp;detailLat=45.905&amp;detailLon=6.373&amp;width=1300&amp;height=508&amp;zoom=11&amp;level=surface&amp;overlay=wind&amp;product=ecmwf&amp;menu=&amp;message=&amp;marker=&amp;calendar=now&amp;pressure=&amp;type=map&amp;location=coordinates&amp;detail=&amp;metricWind=default&amp;metricTemp=default&amp;radarRange=-1\" frameborder=\"0\"><\/iframe>\n<\/div>\n\n\n\n<div class=\"wp-block-column is-layout-flow wp-block-column-is-layout-flow\" style=\"flex-basis:25%\">\n<a class=\"weatherwidget-io\" href=\"https:\/\/forecast7.com\/es\/45d906d42\/la-clusaz\/\" data-label_1=\"LA CLUSAZ\" data-font=\"Roboto\" data-theme=\"original\">LA CLUSAZ<\/a>\n<script>\n!function(d,s,id){var js,fjs=d.getElementsByTagName(s)[0];if(!d.getElementById(id)){js=d.createElement(s);js.id=id;js.src='https:\/\/weatherwidget.io\/js\/widget.min.js';fjs.parentNode.insertBefore(js,fjs);}}(document,'script','weatherwidget-io-js') ;\n<\/script>\n<\/div>\n<\/div>\n\n\n\n<h2 class=\"wp-block-heading\" id=\"fort-mahon-weather\"><strong>El clima en La Clusaz <\/strong><\/h2>\n\n\n\n<p>La Clusaz est\u00e1 situada en el extremo noroeste de los Alpes, por lo que su clima est\u00e1 influenciado principalmente por el oc\u00e9ano Atl\u00e1ntico. Por ello, recibe mucha nieve en las alturas, pero tambi\u00e9n est\u00e1 expuesta a un mayor riesgo de lluvia en los niveles inferiores. La Clusaz tiene un clima templado y fr\u00edo y experimenta importantes precipitaciones incluso en los meses m\u00e1s secos.<\/p>\n\n\n\n<p><strong>Temperatura <\/strong><\/p>\n\n\n\n<p>Las temperaturas en La Clusaz suelen alcanzar los 4,9\u00b0C o 40,8\u00b0F.<\/p>\n\n\n\n<p><strong>Precipitaci\u00f3n <\/strong><\/p>\n\n\n\n<p>La precipitaci\u00f3n media anual es de 1734 mil\u00edmetros.<\/p>\n\n\n\n<p><strong>Fiabilidad de la nieve <\/strong><\/p>\n\n\n\n<p>Aunque La Clusaz tiene una gran producci\u00f3n de nieve, las pistas inferiores pueden deteriorarse con un tiempo m\u00e1s suave. Normalmente es mejor esquiar en el sector m\u00e1s alto y septentrional de la zona de esqu\u00ed, La Balme, hasta finales de abril.<\/p>\n\n\n\n<p>Eche un vistazo al \u00edndice de fiabilidad de la nieve en La Clusaz:<\/p>\n\n\n\n<p>\u25cf Cobertura general de la nieve: 3\/5<\/p>\n\n\n\n<p>\u25cf Cobertura de nieve a nivel de la estaci\u00f3n: 2\/5<\/p>\n\n\n\n<p>\u25cf Calidad de la nieve en la parte superior de la pista : 3,5\/5<\/p>\n\n\n\n<p>\u25cf Calidad de la nieve en la parte inferior de la pendiente: 2\/5<\/p>\n\n\n\n<p>\u25cf Potencial de polvo : 3\/5<\/p>\n\n\n\n<h2 class=\"wp-block-heading\"><strong>Estaci\u00f3n de esqu\u00ed de <strong>La Clusaz <\/strong><\/strong><\/h2>\n\n\n\n<p>Como una de las zonas m\u00e1s famosas de los Alpes, la estaci\u00f3n de esqu\u00ed de Val d&#8217;Is\u00e8re tiene la mejor calidad de nieve de los Alpes. Tiene una alta proporci\u00f3n de pistas de esqu\u00ed de altura. La combinaci\u00f3n de glaciares y una gran variedad de pistas de nieve segura hacen de esta regi\u00f3n de Europa un destino \u00fanico para una larga temporada de esqu\u00ed. A 1850 metros sobre el nivel del mar, es la mayor estaci\u00f3n de nieve de Europa. Sus pendientes van de 1785 a 3300 m y sus pistas tienen 150 km de longitud. Muchas de las pistas de Val d&#8217;Isere son bastante empinadas y pueden estar abarrotadas cuando hay mucho tr\u00e1fico. Se puede pasar toda la vida esquiando y haciendo snowboard en este vasto y desafiante terreno; s\u00f3lo hay que abrirse paso entre las multitudes.<\/p>\n","protected":false},"excerpt":{"rendered":"<p>Webcam La Clusaz La Clusaz est\u00e1 situada en la encrucijada de Europa. Es un encantador pueblo de monta\u00f1a cuya arquitectura tradicional ha conservado toda su belleza. La Clusaz es un t\u00edpico pero acogedor pueblo de monta\u00f1a en los Alpes. Desde Ginebra (1 hora) es f\u00e1cilmente accesible y a un corto trayecto de Calais. Es una &#8230; <a title=\"Webcam La Clusaz\" class=\"read-more\" href=\"https:\/\/weather-radar-live.com\/es\/webcam\/francia\/webcam-la-clusaz\/\" aria-label=\"Leer m\u00e1s sobre Webcam La Clusaz\">Leer m\u00e1s<\/a><\/p>\n","protected":false},"author":1,"featured_media":3757,"parent":4181,"menu_order":0,"comment_status":"closed","ping_status":"closed","template":"","meta":{"footnotes":""},"class_list":["post-4520","page","type-page","status-publish","has-post-thumbnail"],"yoast_head":"<!-- This site is optimized with the Yoast SEO plugin v27.5 - https:\/\/yoast.com\/product\/yoast-seo-wordpress\/ -->\n<title>Webcam La Clusaz - weather-radar-live.com<\/title>\n<meta name=\"description\" content=\"Webcam La Clusaz | \u00a1Livecam de La Clusaz ! \u2705 \u00a1Actualizado para ti en tiempo real! \u2705 \u00a1Previsi\u00f3n meteorol\u00f3gica actual!\" \/>\n<meta name=\"robots\" content=\"index, follow, max-snippet:-1, max-image-preview:large, max-video-preview:-1\" \/>\n<link rel=\"canonical\" href=\"https:\/\/weather-radar-live.com\/es\/webcam\/francia\/webcam-la-clusaz\/\" \/>\n<meta property=\"og:locale\" content=\"es_ES\" \/>\n<meta property=\"og:type\" content=\"article\" \/>\n<meta property=\"og:title\" content=\"Webcam La Clusaz - weather-radar-live.com\" \/>\n<meta property=\"og:description\" content=\"Webcam La Clusaz | \u00a1Livecam de La Clusaz ! \u2705 \u00a1Actualizado para ti en tiempo real! \u2705 \u00a1Previsi\u00f3n meteorol\u00f3gica actual!\" \/>\n<meta property=\"og:url\" content=\"https:\/\/weather-radar-live.com\/es\/webcam\/francia\/webcam-la-clusaz\/\" \/>\n<meta property=\"og:site_name\" content=\"weather-radar-live.com\" \/>\n<meta property=\"article:modified_time\" content=\"2022-07-15T12:05:35+00:00\" \/>\n<meta property=\"og:image\" content=\"https:\/\/weather-radar-live.com\/wp-content\/uploads\/2021\/06\/sam-schooler-E9aetBe2w40-unsplash-e1622554814366.jpg\" \/>\n<meta name=\"twitter:card\" content=\"summary_large_image\" \/>\n<meta name=\"twitter:label1\" content=\"Tiempo de lectura\" \/>\n\t<meta name=\"twitter:data1\" content=\"3 minutos\" \/>\n<script type=\"application\/ld+json\" class=\"yoast-schema-graph\">{\"@context\":\"https:\\\/\\\/schema.org\",\"@graph\":[{\"@type\":\"WebPage\",\"@id\":\"https:\\\/\\\/weather-radar-live.com\\\/es\\\/webcam\\\/francia\\\/webcam-la-clusaz\\\/\",\"url\":\"https:\\\/\\\/weather-radar-live.com\\\/es\\\/webcam\\\/francia\\\/webcam-la-clusaz\\\/\",\"name\":\"Webcam La Clusaz - weather-radar-live.com\",\"isPartOf\":{\"@id\":\"https:\\\/\\\/weather-radar-live.com\\\/#website\"},\"primaryImageOfPage\":{\"@id\":\"https:\\\/\\\/weather-radar-live.com\\\/es\\\/webcam\\\/francia\\\/webcam-la-clusaz\\\/#primaryimage\"},\"image\":{\"@id\":\"https:\\\/\\\/weather-radar-live.com\\\/es\\\/webcam\\\/francia\\\/webcam-la-clusaz\\\/#primaryimage\"},\"thumbnailUrl\":\"https:\\\/\\\/weather-radar-live.com\\\/wp-content\\\/uploads\\\/2022\\\/04\\\/Webcams-La-Clusaz_-e1650448216465.jpg\",\"datePublished\":\"2022-05-12T12:17:46+00:00\",\"dateModified\":\"2022-07-15T12:05:35+00:00\",\"description\":\"Webcam La Clusaz | \u00a1Livecam de La Clusaz ! \u2705 \u00a1Actualizado para ti en tiempo real! \u2705 \u00a1Previsi\u00f3n meteorol\u00f3gica actual!\",\"breadcrumb\":{\"@id\":\"https:\\\/\\\/weather-radar-live.com\\\/es\\\/webcam\\\/francia\\\/webcam-la-clusaz\\\/#breadcrumb\"},\"inLanguage\":\"es\",\"potentialAction\":[{\"@type\":\"ReadAction\",\"target\":[\"https:\\\/\\\/weather-radar-live.com\\\/es\\\/webcam\\\/francia\\\/webcam-la-clusaz\\\/\"]}]},{\"@type\":\"ImageObject\",\"inLanguage\":\"es\",\"@id\":\"https:\\\/\\\/weather-radar-live.com\\\/es\\\/webcam\\\/francia\\\/webcam-la-clusaz\\\/#primaryimage\",\"url\":\"https:\\\/\\\/weather-radar-live.com\\\/wp-content\\\/uploads\\\/2022\\\/04\\\/Webcams-La-Clusaz_-e1650448216465.jpg\",\"contentUrl\":\"https:\\\/\\\/weather-radar-live.com\\\/wp-content\\\/uploads\\\/2022\\\/04\\\/Webcams-La-Clusaz_-e1650448216465.jpg\",\"width\":1764,\"height\":883,\"caption\":\"Webcam La Clusaz\"},{\"@type\":\"BreadcrumbList\",\"@id\":\"https:\\\/\\\/weather-radar-live.com\\\/es\\\/webcam\\\/francia\\\/webcam-la-clusaz\\\/#breadcrumb\",\"itemListElement\":[{\"@type\":\"ListItem\",\"position\":1,\"name\":\"Weather Radar Live\",\"item\":\"https:\\\/\\\/weather-radar-live.com\\\/es\\\/\"},{\"@type\":\"ListItem\",\"position\":2,\"name\":\"C\u00e1mara web\",\"item\":\"https:\\\/\\\/weather-radar-live.com\\\/es\\\/webcam\\\/\"},{\"@type\":\"ListItem\",\"position\":3,\"name\":\"Francia\",\"item\":\"https:\\\/\\\/weather-radar-live.com\\\/es\\\/webcam\\\/francia\\\/\"},{\"@type\":\"ListItem\",\"position\":4,\"name\":\"Webcam La Clusaz\"}]},{\"@type\":\"WebSite\",\"@id\":\"https:\\\/\\\/weather-radar-live.com\\\/#website\",\"url\":\"https:\\\/\\\/weather-radar-live.com\\\/\",\"name\":\"weather-radar-live.com\",\"description\":\"Your weather and sky radar.\",\"publisher\":{\"@id\":\"https:\\\/\\\/weather-radar-live.com\\\/#organization\"},\"potentialAction\":[{\"@type\":\"SearchAction\",\"target\":{\"@type\":\"EntryPoint\",\"urlTemplate\":\"https:\\\/\\\/weather-radar-live.com\\\/?s={search_term_string}\"},\"query-input\":{\"@type\":\"PropertyValueSpecification\",\"valueRequired\":true,\"valueName\":\"search_term_string\"}}],\"inLanguage\":\"es\"},{\"@type\":\"Organization\",\"@id\":\"https:\\\/\\\/weather-radar-live.com\\\/#organization\",\"name\":\"weather-radar-live.com\",\"url\":\"https:\\\/\\\/weather-radar-live.com\\\/\",\"logo\":{\"@type\":\"ImageObject\",\"inLanguage\":\"es\",\"@id\":\"https:\\\/\\\/weather-radar-live.com\\\/#\\\/schema\\\/logo\\\/image\\\/\",\"url\":\"https:\\\/\\\/weather-radar-live.com\\\/wp-content\\\/uploads\\\/2022\\\/03\\\/cropped-WRL2503.png\",\"contentUrl\":\"https:\\\/\\\/weather-radar-live.com\\\/wp-content\\\/uploads\\\/2022\\\/03\\\/cropped-WRL2503.png\",\"width\":1920,\"height\":555,\"caption\":\"weather-radar-live.com\"},\"image\":{\"@id\":\"https:\\\/\\\/weather-radar-live.com\\\/#\\\/schema\\\/logo\\\/image\\\/\"}}]}<\/script>\n<!-- \/ Yoast SEO plugin. -->","yoast_head_json":{"title":"Webcam La Clusaz - weather-radar-live.com","description":"Webcam La Clusaz | \u00a1Livecam de La Clusaz ! \u2705 \u00a1Actualizado para ti en tiempo real! \u2705 \u00a1Previsi\u00f3n meteorol\u00f3gica actual!","robots":{"index":"index","follow":"follow","max-snippet":"max-snippet:-1","max-image-preview":"max-image-preview:large","max-video-preview":"max-video-preview:-1"},"canonical":"https:\/\/weather-radar-live.com\/es\/webcam\/francia\/webcam-la-clusaz\/","og_locale":"es_ES","og_type":"article","og_title":"Webcam La Clusaz - weather-radar-live.com","og_description":"Webcam La Clusaz | \u00a1Livecam de La Clusaz ! \u2705 \u00a1Actualizado para ti en tiempo real! \u2705 \u00a1Previsi\u00f3n meteorol\u00f3gica actual!","og_url":"https:\/\/weather-radar-live.com\/es\/webcam\/francia\/webcam-la-clusaz\/","og_site_name":"weather-radar-live.com","article_modified_time":"2022-07-15T12:05:35+00:00","og_image":[{"url":"https:\/\/weather-radar-live.com\/wp-content\/uploads\/2021\/06\/sam-schooler-E9aetBe2w40-unsplash-e1622554814366.jpg","type":"","width":"","height":""}],"twitter_card":"summary_large_image","twitter_misc":{"Tiempo de lectura":"3 minutos"},"schema":{"@context":"https:\/\/schema.org","@graph":[{"@type":"WebPage","@id":"https:\/\/weather-radar-live.com\/es\/webcam\/francia\/webcam-la-clusaz\/","url":"https:\/\/weather-radar-live.com\/es\/webcam\/francia\/webcam-la-clusaz\/","name":"Webcam La Clusaz - weather-radar-live.com","isPartOf":{"@id":"https:\/\/weather-radar-live.com\/#website"},"primaryImageOfPage":{"@id":"https:\/\/weather-radar-live.com\/es\/webcam\/francia\/webcam-la-clusaz\/#primaryimage"},"image":{"@id":"https:\/\/weather-radar-live.com\/es\/webcam\/francia\/webcam-la-clusaz\/#primaryimage"},"thumbnailUrl":"https:\/\/weather-radar-live.com\/wp-content\/uploads\/2022\/04\/Webcams-La-Clusaz_-e1650448216465.jpg","datePublished":"2022-05-12T12:17:46+00:00","dateModified":"2022-07-15T12:05:35+00:00","description":"Webcam La Clusaz | \u00a1Livecam de La Clusaz ! \u2705 \u00a1Actualizado para ti en tiempo real! \u2705 \u00a1Previsi\u00f3n meteorol\u00f3gica actual!","breadcrumb":{"@id":"https:\/\/weather-radar-live.com\/es\/webcam\/francia\/webcam-la-clusaz\/#breadcrumb"},"inLanguage":"es","potentialAction":[{"@type":"ReadAction","target":["https:\/\/weather-radar-live.com\/es\/webcam\/francia\/webcam-la-clusaz\/"]}]},{"@type":"ImageObject","inLanguage":"es","@id":"https:\/\/weather-radar-live.com\/es\/webcam\/francia\/webcam-la-clusaz\/#primaryimage","url":"https:\/\/weather-radar-live.com\/wp-content\/uploads\/2022\/04\/Webcams-La-Clusaz_-e1650448216465.jpg","contentUrl":"https:\/\/weather-radar-live.com\/wp-content\/uploads\/2022\/04\/Webcams-La-Clusaz_-e1650448216465.jpg","width":1764,"height":883,"caption":"Webcam La Clusaz"},{"@type":"BreadcrumbList","@id":"https:\/\/weather-radar-live.com\/es\/webcam\/francia\/webcam-la-clusaz\/#breadcrumb","itemListElement":[{"@type":"ListItem","position":1,"name":"Weather Radar Live","item":"https:\/\/weather-radar-live.com\/es\/"},{"@type":"ListItem","position":2,"name":"C\u00e1mara web","item":"https:\/\/weather-radar-live.com\/es\/webcam\/"},{"@type":"ListItem","position":3,"name":"Francia","item":"https:\/\/weather-radar-live.com\/es\/webcam\/francia\/"},{"@type":"ListItem","position":4,"name":"Webcam La Clusaz"}]},{"@type":"WebSite","@id":"https:\/\/weather-radar-live.com\/#website","url":"https:\/\/weather-radar-live.com\/","name":"weather-radar-live.com","description":"Your weather and sky radar.","publisher":{"@id":"https:\/\/weather-radar-live.com\/#organization"},"potentialAction":[{"@type":"SearchAction","target":{"@type":"EntryPoint","urlTemplate":"https:\/\/weather-radar-live.com\/?s={search_term_string}"},"query-input":{"@type":"PropertyValueSpecification","valueRequired":true,"valueName":"search_term_string"}}],"inLanguage":"es"},{"@type":"Organization","@id":"https:\/\/weather-radar-live.com\/#organization","name":"weather-radar-live.com","url":"https:\/\/weather-radar-live.com\/","logo":{"@type":"ImageObject","inLanguage":"es","@id":"https:\/\/weather-radar-live.com\/#\/schema\/logo\/image\/","url":"https:\/\/weather-radar-live.com\/wp-content\/uploads\/2022\/03\/cropped-WRL2503.png","contentUrl":"https:\/\/weather-radar-live.com\/wp-content\/uploads\/2022\/03\/cropped-WRL2503.png","width":1920,"height":555,"caption":"weather-radar-live.com"},"image":{"@id":"https:\/\/weather-radar-live.com\/#\/schema\/logo\/image\/"}}]}},"_links":{"self":[{"href":"https:\/\/weather-radar-live.com\/es\/wp-json\/wp\/v2\/pages\/4520","targetHints":{"allow":["GET"]}}],"collection":[{"href":"https:\/\/weather-radar-live.com\/es\/wp-json\/wp\/v2\/pages"}],"about":[{"href":"https:\/\/weather-radar-live.com\/es\/wp-json\/wp\/v2\/types\/page"}],"author":[{"embeddable":true,"href":"https:\/\/weather-radar-live.com\/es\/wp-json\/wp\/v2\/users\/1"}],"replies":[{"embeddable":true,"href":"https:\/\/weather-radar-live.com\/es\/wp-json\/wp\/v2\/comments?post=4520"}],"version-history":[{"count":2,"href":"https:\/\/weather-radar-live.com\/es\/wp-json\/wp\/v2\/pages\/4520\/revisions"}],"predecessor-version":[{"id":4553,"href":"https:\/\/weather-radar-live.com\/es\/wp-json\/wp\/v2\/pages\/4520\/revisions\/4553"}],"up":[{"embeddable":true,"href":"https:\/\/weather-radar-live.com\/es\/wp-json\/wp\/v2\/pages\/4181"}],"wp:featuredmedia":[{"embeddable":true,"href":"https:\/\/weather-radar-live.com\/es\/wp-json\/wp\/v2\/media\/3757"}],"wp:attachment":[{"href":"https:\/\/weather-radar-live.com\/es\/wp-json\/wp\/v2\/media?parent=4520"}],"curies":[{"name":"wp","href":"https:\/\/api.w.org\/{rel}","templated":true}]}}