{"id":400,"date":"2021-06-01T16:58:24","date_gmt":"2021-06-01T14:58:24","guid":{"rendered":"https:\/\/weather-radar-live.com\/?page_id=400"},"modified":"2022-07-06T13:10:05","modified_gmt":"2022-07-06T11:10:05","slug":"tormenta","status":"publish","type":"page","link":"https:\/\/weather-radar-live.com\/es\/tormenta\/","title":{"rendered":"Tormenta"},"content":{"rendered":"<div id=\"weath-1317935064\" class=\"weath-vor-dem-inhalt weath-entity-placement\" style=\"margin-top: 15px;margin-right: 25px;margin-bottom: 40px;margin-left: 25px;\"><script async src=\"\/\/pagead2.googlesyndication.com\/pagead\/js\/adsbygoogle.js?client=ca-pub-8960936133935804\" crossorigin=\"anonymous\"><\/script><ins class=\"adsbygoogle\" style=\"display:block;\" data-ad-client=\"ca-pub-8960936133935804\" \ndata-ad-slot=\"6172817020\" \ndata-ad-format=\"auto\"><\/ins>\n<script> \n(adsbygoogle = window.adsbygoogle || []).push({}); \n<\/script>\n<\/div>\n<div class=\"wp-block-cover alignfull\"><span aria-hidden=\"true\" class=\"wp-block-cover__gradient-background has-background-dim\"><\/span><img loading=\"lazy\" decoding=\"async\" width=\"1900\" height=\"460\" class=\"wp-block-cover__image-background wp-image-311\" alt=\"\" src=\"https:\/\/weather-radar-live.com\/wp-content\/uploads\/2021\/06\/josep-castells-5Mh8iz9vqpY-unsplash-scaled-e1622555407316.jpg\" data-object-fit=\"cover\" srcset=\"https:\/\/weather-radar-live.com\/wp-content\/uploads\/2021\/06\/josep-castells-5Mh8iz9vqpY-unsplash-scaled-e1622555407316.jpg 1900w, https:\/\/weather-radar-live.com\/wp-content\/uploads\/2021\/06\/josep-castells-5Mh8iz9vqpY-unsplash-scaled-e1622555407316-300x73.jpg 300w, https:\/\/weather-radar-live.com\/wp-content\/uploads\/2021\/06\/josep-castells-5Mh8iz9vqpY-unsplash-scaled-e1622555407316-1024x248.jpg 1024w, https:\/\/weather-radar-live.com\/wp-content\/uploads\/2021\/06\/josep-castells-5Mh8iz9vqpY-unsplash-scaled-e1622555407316-768x186.jpg 768w, https:\/\/weather-radar-live.com\/wp-content\/uploads\/2021\/06\/josep-castells-5Mh8iz9vqpY-unsplash-scaled-e1622555407316-1536x372.jpg 1536w\" sizes=\"auto, (max-width: 1900px) 100vw, 1900px\" \/><div class=\"wp-block-cover__inner-container is-layout-flow wp-block-cover-is-layout-flow\">\n<h2 class=\"has-text-align-center heading wp-block-heading\" style=\"font-size:50px\"><strong><span style=\"color:#ffde00\" class=\"has-inline-color\">TORMENTA<\/span> &#8211; MAPA DE RAYOS<\/strong><\/h2>\n<\/div><\/div>\n\n\n<h2 style=\"text-align: center;\"><span style=\"color: #ffde00;\"><strong>Tormentas ac<span style=\"color: #ffde00;\">tu<\/span>ales &#8211; <\/strong><\/span><span style=\"color: #ffde00;\"><strong>Mapa de rayos &nbsp;<\/strong><\/span><\/h2>\n<p>Apenas hay nada <strong><a href=\"https:\/\/weather-radar-live.com\/es\/\" target=\"_blank\" rel=\"noopener noreferrer\">fen\u00f3meno meteorol\u00f3gico<\/a><\/strong> que nos excite tanto como los <a href=\"https:\/\/www.sciencelearn.org.nz\/resources\/239-lightning-explained\"><strong>truenos y los rel\u00e1mpagos<\/strong><\/a>. Desde la antig\u00fcedad, el ser humano ha tratado de desentra\u00f1ar el trasfondo de este fen\u00f3meno. Pero, por desgracia, todav\u00eda hay mucho sobre este fen\u00f3meno natural que sigue siendo esquivo hasta hoy.<\/p>\n<p>\u00bfDesea averiguar d\u00f3nde est\u00e1 cayendo un rayo actualmente? \u00bfO simplemente averiguar si se ver\u00e1 afectado por una tormenta el\u00e9ctrica en breve? Entonces deber\u00eda utilizar nuestro mapa de tormentas y rayos para Espa\u00f1a! Le proporciona informaci\u00f3n precisa sobre los truenos y rel\u00e1mpagos en su regi\u00f3n y se actualiza cada segundo!<\/p><div id=\"weath-3944053522\" class=\"weath-inhalt_2 weath-entity-placement\" style=\"margin-top: 15px;margin-right: 25px;margin-bottom: 35px;margin-left: 25px;\"><script async src=\"\/\/pagead2.googlesyndication.com\/pagead\/js\/adsbygoogle.js?client=ca-pub-8960936133935804\" crossorigin=\"anonymous\"><\/script><ins class=\"adsbygoogle\" style=\"display:block;\" data-ad-client=\"ca-pub-8960936133935804\" \ndata-ad-slot=\"1963584050\" \ndata-ad-format=\"auto\"><\/ins>\n<script> \n(adsbygoogle = window.adsbygoogle || []).push({}); \n<\/script>\n<\/div>\n\n\n<div class=\"wp-block-columns is-layout-flex wp-container-core-columns-is-layout-9d6595d7 wp-block-columns-is-layout-flex\">\n<div class=\"wp-block-column is-layout-flow wp-block-column-is-layout-flow\">\n<h3 class=\"has-text-align-center wp-block-heading\"><strong><span style=\"color:#ffde00\" class=\"has-inline-color\"><strong>Tormenta<\/strong> &#8211; Espa\u00f1a<\/span><\/strong><\/h3>\n\n\n\n<iframe loading=\"lazy\" width=\"600\" height=\"600\" src=\"https:\/\/embed.windy.com\/embed2.html?lat=39.758&amp;lon=-3.142&amp;detailLat=49.476&amp;detailLon=11.048&amp;width=600&amp;height=600&amp;zoom=6&amp;level=surface&amp;overlay=radar&amp;product=ecmwf&amp;menu=&amp;message=&amp;marker=true&amp;calendar=now&amp;pressure=&amp;type=map&amp;location=coordinates&amp;detail=&amp;metricWind=default&amp;metricTemp=default&amp;radarRange=-1\" frameborder=\"0\"><\/iframe>\n\n\n\n<div style=\"height:15px\" aria-hidden=\"true\" class=\"wp-block-spacer\"><\/div>\n<\/div>\n\n\n\n<div class=\"wp-block-column is-layout-flow wp-block-column-is-layout-flow\">\n<h3 class=\"has-text-align-center wp-block-heading\"><strong><span style=\"color:#ffde00\" class=\"has-inline-color\"><strong>Tormenta<\/strong> &#8211; <strong>Sudam\u00e9rica<\/strong><\/span><\/strong><\/h3>\n\n\n\n<iframe loading=\"lazy\" width=\"600\" height=\"600\" src=\"https:\/\/embed.windy.com\/embed2.html?lat=-22.675&amp;lon=-60.205&amp;detailLat=49.476&amp;detailLon=11.048&amp;width=600&amp;height=600&amp;zoom=4&amp;level=surface&amp;overlay=radar&amp;product=radar&amp;menu=&amp;message=&amp;marker=true&amp;calendar=now&amp;pressure=&amp;type=map&amp;location=coordinates&amp;detail=&amp;metricWind=default&amp;metricTemp=default&amp;radarRange=-1\" frameborder=\"0\"><\/iframe>\n\n\n\n<div style=\"height:15px\" aria-hidden=\"true\" class=\"wp-block-spacer\"><\/div>\n<\/div>\n<\/div>\n\n\n\n<p class=\"has-text-align-center sub-radar\"><sup>Las tormentas el\u00e9ctricas y los rayos se indican con un s\u00edmbolo de rayo. Dependiendo de la fuerza, se muestran en azul (precipitaciones d\u00e9biles), verde, amarillo, naranja (precipitaciones moderadas), rojo o morado (precipitaciones muy fuertes).<\/sup><\/p>\n\n\n<h2 style=\"text-align: center;\"><span style=\"color: #ffde00;\"><strong>Seguimiento del frente de rayos actual &#8211; C\u00f3mo leer el mapa de rayos:<\/strong><\/span><\/h2>\n<p><img loading=\"lazy\" decoding=\"async\" class=\"alignright wp-image-80\" src=\"https:\/\/weather-radar-live.com\/wp-content\/uploads\/2021\/02\/Lightning-strike-map-radar-explanation-300x213.png\" alt=\"Explicaci\u00f3n del mapa de rayos del radar\" width=\"175\" height=\"124\" srcset=\"https:\/\/weather-radar-live.com\/wp-content\/uploads\/2021\/02\/Lightning-strike-map-radar-explanation-300x213.png 300w, https:\/\/weather-radar-live.com\/wp-content\/uploads\/2021\/02\/Lightning-strike-map-radar-explanation.png 600w\" sizes=\"auto, (max-width: 175px) 100vw, 175px\" \/>El mapa de rayos le muestra las <strong><a href=\"https:\/\/meteoglosario.aemet.es\/es\/termino\/196_tormenta\" target=\"_blank\" rel=\"noopener\">tormentas<\/a><\/strong> el\u00e9ctricas actuales en color. La fuerza de la tormenta el\u00e9ctrica se mide con la ayuda de <strong><span style=\"color: #1950fe;\"><a style=\"color: #1950fe;\" href=\"https:\/\/weather-radar-live.com\/es\/radar-lluvia\/\" target=\"_blank\" rel=\"noopener noreferrer\">precipitaci\u00f3n<\/a><\/span><\/strong> como tambi\u00e9n con nuestro <a href=\"https:\/\/weather-radar-live.com\/es\/borrascas\/\" target=\"_blank\" rel=\"noopener noreferrer\"><strong>radar de tormentas<\/strong><\/a>. El color azul o verde indica una tormenta el\u00e9ctrica relativamente d\u00e9bil o una precipitaci\u00f3n d\u00e9bil.<\/p>\n<p>Se aconseja precauci\u00f3n en caso de coloraci\u00f3n amarilla, naranja, roja y, sobre todo, p\u00farpura:<\/p>\n<p>Un frente de rayos de este tipo implica un claro riesgo de tiempo severo. En el mapa de rayos, tambi\u00e9n puede ver peque\u00f1os destellos de rayos, que se indican con un breve destello blanco. Cada uno de estos destellos se\u00f1ala un \u00fanico <a href=\"https:\/\/www.weather.gov\/safety\/lightning-science-overview\">rayo<\/a>.<\/p>\n<p><img loading=\"lazy\" decoding=\"async\" class=\"alignleft wp-image-89\" src=\"https:\/\/weather-radar-live.com\/wp-content\/uploads\/2021\/02\/cursor.png\" alt=\"mapa de rayos del cursor\" width=\"80\" height=\"80\">Para visualizar el curso temporal y la direcci\u00f3n del frente del rayo, basta con hacer clic en el s\u00edmbolo del cursor. As\u00ed podr\u00e1 ver exactamente c\u00f3mo se ha desarrollado la tormenta el\u00e9ctrica en las \u00faltimas horas y minutos e inferir hacia d\u00f3nde se desplazar\u00e1 la tormenta.<\/p>\n<p><\/p>\n<h2><span style=\"color: #ffde00;\"><strong>Esto es lo que debe saber sobre las tormentas el\u00e9ctricas y el radar de rayos<\/strong><\/span><\/h2>\n<p><img loading=\"lazy\" decoding=\"async\" class=\"alignleft wp-image-81 size-full\" src=\"https:\/\/weather-radar-live.com\/wp-content\/uploads\/2021\/02\/Lightning-strike-map-lightning-strike.jpg\" alt=\"Mapa de los rayos\" width=\"300\" height=\"199\">La gran ventaja de nuestro mapa de rayos es que las tormentas y <strong><a href=\"https:\/\/www.colescba.org.ar\/portal\/caja-de-seguridad-social1\/atencion-de-la-salud\/recomendaciones-de-salud\/251-rayos-y-centellas.html\" target=\"_blank\" rel=\"noopener\">los rayos<\/a><\/strong> se muestran con un retraso muy corto. La t\u00e9cnica de medici\u00f3n del radar de rayos contribuye de forma decisiva a ello: Cada rayo o rel\u00e1mpago emite una onda electromagn\u00e9tica que se propaga a lo largo de cientos de kil\u00f3metros. Esta onda llega a diferentes estaciones de radar a la velocidad de la luz. Gracias a los diferentes tiempos de llegada (en el rango de los milisegundos) de la onda electromagn\u00e9tica, se pueden extraer conclusiones precisas sobre el lugar del impacto y la fuerza del rayo.<\/p>\n<p><strong>Esto le permite localizar usted mismo los rayos \u00aben vivo\u00bb y en \u00abtiempo real\u00bb.<\/strong><\/p>\n<p><\/p>\n<h2><span style=\"color: #ffde00;\"><strong>\u00bfC\u00f3mo se forman las tormentas el\u00e9ctricas?<\/strong><\/span><\/h2>\n<p>Los motores que impulsan una tormenta el\u00e9ctrica son la alta radiaci\u00f3n solar, la evaporaci\u00f3n del agua y la consiguiente formaci\u00f3n de una nube (m\u00e1s sobre la formaci\u00f3n de nubes <strong><a href=\"https:\/\/weather-radar-live.com\/es\/mapa-de-nubes\/\">aqu\u00ed<\/a><\/strong>). La fricci\u00f3n de las mol\u00e9culas de agua en la nube crea una alta tensi\u00f3n el\u00e9ctrica, que se equilibra con la descarga de un rayo. Esta descarga puede producirse tanto por el impacto de un rayo en el suelo como en otra nube.<\/p>\n<p><strong>Y por cierto:<\/strong><\/p>\n<p>El trueno se produce por la repentina expansi\u00f3n del aire en el entorno inmediato del rayo &#8211; \u00a1puede alcanzar temperaturas de hasta 30.000 grados Celsius y s\u00f3lo tiene unos pocos cent\u00edmetros de espesor!<\/p>\n<p><\/p>\n<h2 style=\"text-align: center;\"><span style=\"color: #ffde00;\"><strong>Los rel\u00e1mpagos: \u00bfc\u00f3mo se comportan?<\/strong><\/span><\/h2>\n<p style=\"text-align: center;\"><span style=\"color: #ffde00;\"><strong>140 kil\u00f3metros&#8230;<\/strong><\/span><\/p>\n<p style=\"text-align: center;\"><span style=\"color: #ffde00;\"><strong>es la longitud del rayo m\u00e1s largo jam\u00e1s medido.<\/strong><\/span><\/p>\n<p>Por lo general, debe buscar un refugio lo m\u00e1s r\u00e1pidamente posible a la primera se\u00f1al de tormenta, ya que los rayos pueden viajar muchos kil\u00f3metros. Por lo tanto, hay peligro incluso antes de que la tormenta el\u00e9ctrica est\u00e9 cerca. El lugar m\u00e1s seguro para esconderse durante una tormenta el\u00e9ctrica es una casa o un veh\u00edculo. Si est\u00e1 al aire libre durante una tormenta el\u00e9ctrica, aseg\u00farese de mantenerse alejado de los \u00e1rboles, las colinas, los lagos y los r\u00edos. Los postes el\u00e9ctricos tambi\u00e9n son objetivos populares para los rayos, por lo que tambi\u00e9n debe mantenerse alejado de ellos. Lo ideal es encontrar un hueco seco, agacharse y rodear las piernas con los brazos. Lo mejor es permanecer de puntillas. De este modo, en caso de impacto en las inmediaciones, usted ofrece la menor superficie para que el rayo caiga y evita que fluyan grandes tensiones por su cuerpo.<\/p>\n<p><\/p>\n<h2 style=\"text-align: center;\"><span style=\"color: #ffde00;\"><strong>La distancia de la tormenta el\u00e9ctrica<\/strong><\/span><\/h2>\n<p style=\"text-align: center;\"><span style=\"color: #ffde00;\"><strong>330 metros por segundo&#8230;.<\/strong><\/span><\/p>\n<p style=\"text-align: center;\"><span style=\"color: #ffde00;\"><strong>es la velocidad a la que se mueven los truenos hacia usted.<\/strong><\/span><\/p>\n<p>Si es consciente de esto, medir la distancia ser\u00e1 un juego de ni\u00f1os para usted. S\u00f3lo tiene que contar los segundos que transcurren entre el rayo y el trueno. A continuaci\u00f3n, divida el n\u00famero de segundos por tres y habr\u00e1 calculado la distancia a la tormenta el\u00e9ctrica en kil\u00f3metros:<\/p>\n<p>Ejemplo: entre el rel\u00e1mpago y el trueno pasan 12 segundos &#8211; 12 segundos divididos por 3 es igual a 4 &#8211; eso significa que la tormenta el\u00e9ctrica est\u00e1 a 4 kil\u00f3metros de distancia.<\/p>\n\n\n<p><\/p>\n","protected":false},"excerpt":{"rendered":"<p>Tormentas actuales &#8211; Mapa de rayos &nbsp; Apenas hay nada fen\u00f3meno meteorol\u00f3gico que nos excite tanto como los truenos y los rel\u00e1mpagos. Desde la antig\u00fcedad, el ser humano ha tratado de desentra\u00f1ar el trasfondo de este fen\u00f3meno. Pero, por desgracia, todav\u00eda hay mucho sobre este fen\u00f3meno natural que sigue siendo esquivo hasta hoy. \u00bfDesea averiguar &#8230; <a title=\"Tormenta\" class=\"read-more\" href=\"https:\/\/weather-radar-live.com\/es\/tormenta\/\" aria-label=\"Leer m\u00e1s sobre Tormenta\">Leer m\u00e1s<\/a><\/p>\n","protected":false},"author":1,"featured_media":2888,"parent":0,"menu_order":0,"comment_status":"closed","ping_status":"closed","template":"","meta":{"footnotes":""},"class_list":["post-400","page","type-page","status-publish","has-post-thumbnail"],"yoast_head":"<!-- This site is optimized with the Yoast SEO plugin v27.6 - https:\/\/yoast.com\/product\/yoast-seo-wordpress\/ -->\n<title>Mapa de rayos \u26a1 \u00bfD\u00f3nde est\u00e1n las tormentas? \u2714\ufe0f<\/title>\n<meta name=\"description\" content=\"Tormento EN VIVO: \u2714 \u00a1Encuentra las tormentas el\u00e9ctricas actuales cerca con el mapa de rayos ahora! \u2714\ufe0f \u00a1Previsi\u00f3n de tormentas el\u00e9ctricas para la regi\u00f3n! \u26a1\" \/>\n<meta name=\"robots\" content=\"index, follow, max-snippet:-1, max-image-preview:large, max-video-preview:-1\" \/>\n<link rel=\"canonical\" href=\"https:\/\/weather-radar-live.com\/es\/tormenta\/\" \/>\n<meta property=\"og:locale\" content=\"es_ES\" \/>\n<meta property=\"og:type\" content=\"article\" \/>\n<meta property=\"og:title\" content=\"Mapa de rayos \u26a1 \u00bfD\u00f3nde est\u00e1n las tormentas? \u2714\ufe0f\" \/>\n<meta property=\"og:description\" content=\"Tormento EN VIVO: \u2714 \u00a1Encuentra las tormentas el\u00e9ctricas actuales cerca con el mapa de rayos ahora! \u2714\ufe0f \u00a1Previsi\u00f3n de tormentas el\u00e9ctricas para la regi\u00f3n! \u26a1\" \/>\n<meta property=\"og:url\" content=\"https:\/\/weather-radar-live.com\/es\/tormenta\/\" \/>\n<meta property=\"og:site_name\" content=\"weather-radar-live.com\" \/>\n<meta property=\"article:modified_time\" content=\"2022-07-06T11:10:05+00:00\" \/>\n<meta property=\"og:image\" content=\"https:\/\/weather-radar-live.com\/wp-content\/uploads\/2021\/02\/Lightning-strike-map.jpg\" \/>\n\t<meta property=\"og:image:width\" content=\"1897\" \/>\n\t<meta property=\"og:image:height\" content=\"458\" \/>\n\t<meta property=\"og:image:type\" content=\"image\/jpeg\" \/>\n<meta name=\"twitter:card\" content=\"summary_large_image\" \/>\n<meta name=\"twitter:label1\" content=\"Tiempo de lectura\" \/>\n\t<meta name=\"twitter:data1\" content=\"5 minutos\" \/>\n<script type=\"application\/ld+json\" class=\"yoast-schema-graph\">{\"@context\":\"https:\\\/\\\/schema.org\",\"@graph\":[{\"@type\":\"WebPage\",\"@id\":\"https:\\\/\\\/weather-radar-live.com\\\/es\\\/tormenta\\\/\",\"url\":\"https:\\\/\\\/weather-radar-live.com\\\/es\\\/tormenta\\\/\",\"name\":\"Mapa de rayos \u26a1 \u00bfD\u00f3nde est\u00e1n las tormentas? \u2714\ufe0f\",\"isPartOf\":{\"@id\":\"https:\\\/\\\/weather-radar-live.com\\\/#website\"},\"primaryImageOfPage\":{\"@id\":\"https:\\\/\\\/weather-radar-live.com\\\/es\\\/tormenta\\\/#primaryimage\"},\"image\":{\"@id\":\"https:\\\/\\\/weather-radar-live.com\\\/es\\\/tormenta\\\/#primaryimage\"},\"thumbnailUrl\":\"https:\\\/\\\/weather-radar-live.com\\\/wp-content\\\/uploads\\\/2021\\\/02\\\/Lightning-strike-map.jpg\",\"datePublished\":\"2021-06-01T14:58:24+00:00\",\"dateModified\":\"2022-07-06T11:10:05+00:00\",\"description\":\"Tormento EN VIVO: \u2714 \u00a1Encuentra las tormentas el\u00e9ctricas actuales cerca con el mapa de rayos ahora! \u2714\ufe0f \u00a1Previsi\u00f3n de tormentas el\u00e9ctricas para la regi\u00f3n! \u26a1\",\"breadcrumb\":{\"@id\":\"https:\\\/\\\/weather-radar-live.com\\\/es\\\/tormenta\\\/#breadcrumb\"},\"inLanguage\":\"es\",\"potentialAction\":[{\"@type\":\"ReadAction\",\"target\":[\"https:\\\/\\\/weather-radar-live.com\\\/es\\\/tormenta\\\/\"]}]},{\"@type\":\"ImageObject\",\"inLanguage\":\"es\",\"@id\":\"https:\\\/\\\/weather-radar-live.com\\\/es\\\/tormenta\\\/#primaryimage\",\"url\":\"https:\\\/\\\/weather-radar-live.com\\\/wp-content\\\/uploads\\\/2021\\\/02\\\/Lightning-strike-map.jpg\",\"contentUrl\":\"https:\\\/\\\/weather-radar-live.com\\\/wp-content\\\/uploads\\\/2021\\\/02\\\/Lightning-strike-map.jpg\",\"width\":1897,\"height\":458},{\"@type\":\"BreadcrumbList\",\"@id\":\"https:\\\/\\\/weather-radar-live.com\\\/es\\\/tormenta\\\/#breadcrumb\",\"itemListElement\":[{\"@type\":\"ListItem\",\"position\":1,\"name\":\"Weather Radar Live\",\"item\":\"https:\\\/\\\/weather-radar-live.com\\\/es\\\/\"},{\"@type\":\"ListItem\",\"position\":2,\"name\":\"Tormenta\"}]},{\"@type\":\"WebSite\",\"@id\":\"https:\\\/\\\/weather-radar-live.com\\\/#website\",\"url\":\"https:\\\/\\\/weather-radar-live.com\\\/\",\"name\":\"weather-radar-live.com\",\"description\":\"Your weather and sky radar.\",\"publisher\":{\"@id\":\"https:\\\/\\\/weather-radar-live.com\\\/#organization\"},\"potentialAction\":[{\"@type\":\"SearchAction\",\"target\":{\"@type\":\"EntryPoint\",\"urlTemplate\":\"https:\\\/\\\/weather-radar-live.com\\\/?s={search_term_string}\"},\"query-input\":{\"@type\":\"PropertyValueSpecification\",\"valueRequired\":true,\"valueName\":\"search_term_string\"}}],\"inLanguage\":\"es\"},{\"@type\":\"Organization\",\"@id\":\"https:\\\/\\\/weather-radar-live.com\\\/#organization\",\"name\":\"weather-radar-live.com\",\"url\":\"https:\\\/\\\/weather-radar-live.com\\\/\",\"logo\":{\"@type\":\"ImageObject\",\"inLanguage\":\"es\",\"@id\":\"https:\\\/\\\/weather-radar-live.com\\\/#\\\/schema\\\/logo\\\/image\\\/\",\"url\":\"https:\\\/\\\/weather-radar-live.com\\\/wp-content\\\/uploads\\\/2022\\\/03\\\/cropped-WRL2503.png\",\"contentUrl\":\"https:\\\/\\\/weather-radar-live.com\\\/wp-content\\\/uploads\\\/2022\\\/03\\\/cropped-WRL2503.png\",\"width\":1920,\"height\":555,\"caption\":\"weather-radar-live.com\"},\"image\":{\"@id\":\"https:\\\/\\\/weather-radar-live.com\\\/#\\\/schema\\\/logo\\\/image\\\/\"}}]}<\/script>\n<!-- \/ Yoast SEO plugin. -->","yoast_head_json":{"title":"Mapa de rayos \u26a1 \u00bfD\u00f3nde est\u00e1n las tormentas? \u2714\ufe0f","description":"Tormento EN VIVO: \u2714 \u00a1Encuentra las tormentas el\u00e9ctricas actuales cerca con el mapa de rayos ahora! \u2714\ufe0f \u00a1Previsi\u00f3n de tormentas el\u00e9ctricas para la regi\u00f3n! \u26a1","robots":{"index":"index","follow":"follow","max-snippet":"max-snippet:-1","max-image-preview":"max-image-preview:large","max-video-preview":"max-video-preview:-1"},"canonical":"https:\/\/weather-radar-live.com\/es\/tormenta\/","og_locale":"es_ES","og_type":"article","og_title":"Mapa de rayos \u26a1 \u00bfD\u00f3nde est\u00e1n las tormentas? \u2714\ufe0f","og_description":"Tormento EN VIVO: \u2714 \u00a1Encuentra las tormentas el\u00e9ctricas actuales cerca con el mapa de rayos ahora! \u2714\ufe0f \u00a1Previsi\u00f3n de tormentas el\u00e9ctricas para la regi\u00f3n! \u26a1","og_url":"https:\/\/weather-radar-live.com\/es\/tormenta\/","og_site_name":"weather-radar-live.com","article_modified_time":"2022-07-06T11:10:05+00:00","og_image":[{"width":1897,"height":458,"url":"https:\/\/weather-radar-live.com\/wp-content\/uploads\/2021\/02\/Lightning-strike-map.jpg","type":"image\/jpeg"}],"twitter_card":"summary_large_image","twitter_misc":{"Tiempo de lectura":"5 minutos"},"schema":{"@context":"https:\/\/schema.org","@graph":[{"@type":"WebPage","@id":"https:\/\/weather-radar-live.com\/es\/tormenta\/","url":"https:\/\/weather-radar-live.com\/es\/tormenta\/","name":"Mapa de rayos \u26a1 \u00bfD\u00f3nde est\u00e1n las tormentas? \u2714\ufe0f","isPartOf":{"@id":"https:\/\/weather-radar-live.com\/#website"},"primaryImageOfPage":{"@id":"https:\/\/weather-radar-live.com\/es\/tormenta\/#primaryimage"},"image":{"@id":"https:\/\/weather-radar-live.com\/es\/tormenta\/#primaryimage"},"thumbnailUrl":"https:\/\/weather-radar-live.com\/wp-content\/uploads\/2021\/02\/Lightning-strike-map.jpg","datePublished":"2021-06-01T14:58:24+00:00","dateModified":"2022-07-06T11:10:05+00:00","description":"Tormento EN VIVO: \u2714 \u00a1Encuentra las tormentas el\u00e9ctricas actuales cerca con el mapa de rayos ahora! \u2714\ufe0f \u00a1Previsi\u00f3n de tormentas el\u00e9ctricas para la regi\u00f3n! \u26a1","breadcrumb":{"@id":"https:\/\/weather-radar-live.com\/es\/tormenta\/#breadcrumb"},"inLanguage":"es","potentialAction":[{"@type":"ReadAction","target":["https:\/\/weather-radar-live.com\/es\/tormenta\/"]}]},{"@type":"ImageObject","inLanguage":"es","@id":"https:\/\/weather-radar-live.com\/es\/tormenta\/#primaryimage","url":"https:\/\/weather-radar-live.com\/wp-content\/uploads\/2021\/02\/Lightning-strike-map.jpg","contentUrl":"https:\/\/weather-radar-live.com\/wp-content\/uploads\/2021\/02\/Lightning-strike-map.jpg","width":1897,"height":458},{"@type":"BreadcrumbList","@id":"https:\/\/weather-radar-live.com\/es\/tormenta\/#breadcrumb","itemListElement":[{"@type":"ListItem","position":1,"name":"Weather Radar Live","item":"https:\/\/weather-radar-live.com\/es\/"},{"@type":"ListItem","position":2,"name":"Tormenta"}]},{"@type":"WebSite","@id":"https:\/\/weather-radar-live.com\/#website","url":"https:\/\/weather-radar-live.com\/","name":"weather-radar-live.com","description":"Your weather and sky radar.","publisher":{"@id":"https:\/\/weather-radar-live.com\/#organization"},"potentialAction":[{"@type":"SearchAction","target":{"@type":"EntryPoint","urlTemplate":"https:\/\/weather-radar-live.com\/?s={search_term_string}"},"query-input":{"@type":"PropertyValueSpecification","valueRequired":true,"valueName":"search_term_string"}}],"inLanguage":"es"},{"@type":"Organization","@id":"https:\/\/weather-radar-live.com\/#organization","name":"weather-radar-live.com","url":"https:\/\/weather-radar-live.com\/","logo":{"@type":"ImageObject","inLanguage":"es","@id":"https:\/\/weather-radar-live.com\/#\/schema\/logo\/image\/","url":"https:\/\/weather-radar-live.com\/wp-content\/uploads\/2022\/03\/cropped-WRL2503.png","contentUrl":"https:\/\/weather-radar-live.com\/wp-content\/uploads\/2022\/03\/cropped-WRL2503.png","width":1920,"height":555,"caption":"weather-radar-live.com"},"image":{"@id":"https:\/\/weather-radar-live.com\/#\/schema\/logo\/image\/"}}]}},"_links":{"self":[{"href":"https:\/\/weather-radar-live.com\/es\/wp-json\/wp\/v2\/pages\/400","targetHints":{"allow":["GET"]}}],"collection":[{"href":"https:\/\/weather-radar-live.com\/es\/wp-json\/wp\/v2\/pages"}],"about":[{"href":"https:\/\/weather-radar-live.com\/es\/wp-json\/wp\/v2\/types\/page"}],"author":[{"embeddable":true,"href":"https:\/\/weather-radar-live.com\/es\/wp-json\/wp\/v2\/users\/1"}],"replies":[{"embeddable":true,"href":"https:\/\/weather-radar-live.com\/es\/wp-json\/wp\/v2\/comments?post=400"}],"version-history":[{"count":9,"href":"https:\/\/weather-radar-live.com\/es\/wp-json\/wp\/v2\/pages\/400\/revisions"}],"predecessor-version":[{"id":4129,"href":"https:\/\/weather-radar-live.com\/es\/wp-json\/wp\/v2\/pages\/400\/revisions\/4129"}],"wp:featuredmedia":[{"embeddable":true,"href":"https:\/\/weather-radar-live.com\/es\/wp-json\/wp\/v2\/media\/2888"}],"wp:attachment":[{"href":"https:\/\/weather-radar-live.com\/es\/wp-json\/wp\/v2\/media?parent=400"}],"curies":[{"name":"wp","href":"https:\/\/api.w.org\/{rel}","templated":true}]}}