{"id":1843,"date":"2021-11-17T14:52:57","date_gmt":"2021-11-17T13:52:57","guid":{"rendered":"https:\/\/weather-radar-live.com\/?page_id=1843"},"modified":"2021-12-13T15:48:32","modified_gmt":"2021-12-13T14:48:32","slug":"nivel-del-mar","status":"publish","type":"page","link":"https:\/\/weather-radar-live.com\/es\/nivel-del-mar\/","title":{"rendered":"Nivel del mar"},"content":{"rendered":"<div id=\"weath-1066406594\" class=\"weath-vor-dem-inhalt weath-entity-placement\" style=\"margin-top: 15px;margin-right: 25px;margin-bottom: 40px;margin-left: 25px;\"><script async src=\"\/\/pagead2.googlesyndication.com\/pagead\/js\/adsbygoogle.js?client=ca-pub-8960936133935804\" crossorigin=\"anonymous\"><\/script><ins class=\"adsbygoogle\" style=\"display:block;\" data-ad-client=\"ca-pub-8960936133935804\" \ndata-ad-slot=\"6172817020\" \ndata-ad-format=\"auto\"><\/ins>\n<script> \n(adsbygoogle = window.adsbygoogle || []).push({}); \n<\/script>\n<\/div>\n<div class=\"wp-block-cover alignfull has-background-dim-30 has-background-dim\"><img decoding=\"async\" class=\"wp-block-cover__image-background wp-image-5153\" alt=\"\" src=\"https:\/\/da-oben.de\/wp-content\/uploads\/2021\/11\/iceberg-g251906e1e_1920.jpg\" style=\"object-position:66% 63%\" data-object-fit=\"cover\" data-object-position=\"66% 63%\"\/><div class=\"wp-block-cover__inner-container is-layout-flow wp-block-cover-is-layout-flow\">\n<h2 class=\"has-text-align-center heading wp-block-heading\" style=\"font-size:60px\"><strong><span class=\"has-inline-color has-base-3-color\">NIVEL DEL MAR<\/span><\/strong><\/h2>\n<\/div><\/div>\n\n\n<h2 style=\"text-align: center;\"><span style=\"color: #1950fe;\"><b>Nivel del mar &#8211; \u00bfQu\u00e9 altura tiene el mar?<\/b><\/span><\/h2>\n<p>Durante m\u00e1s de cien a\u00f1os se ha medido y evaluado el nivel del mar en todo el mundo. A partir de estos registros, se ha establecido que el nivel del mar est\u00e1 subiendo en todo el mundo una media de unos 3,3 mil\u00edmetros al a\u00f1o. Pero, \u00bfqu\u00e9 significa eso para nuestro planeta? \u00bfY qu\u00e9 es exactamente el nivel del mar?<\/p>\n<p>El nivel del mar es la altura del mar, que tambi\u00e9n se llama NN. Pero el nivel del mar no es el mismo en todas partes, sino todo lo contrario Dependiendo del lugar del mundo donde se realicen las mediciones, los valores var\u00edan mucho. Aunque todos los oc\u00e9anos del mundo est\u00e1n conectados, las diferentes influencias del medio ambiente y la naturaleza tienen un efecto directo en el nivel respectivo del mar. Como la mayor\u00eda de los lugares mantienen sus propias mediciones, existen innumerables niveles del mar en el mundo.<\/p><div id=\"weath-3512452478\" class=\"weath-inhalt_2 weath-entity-placement\" style=\"margin-top: 15px;margin-right: 25px;margin-bottom: 35px;margin-left: 25px;\"><script async src=\"\/\/pagead2.googlesyndication.com\/pagead\/js\/adsbygoogle.js?client=ca-pub-8960936133935804\" crossorigin=\"anonymous\"><\/script><ins class=\"adsbygoogle\" style=\"display:block;\" data-ad-client=\"ca-pub-8960936133935804\" \ndata-ad-slot=\"1963584050\" \ndata-ad-format=\"auto\"><\/ins>\n<script> \n(adsbygoogle = window.adsbygoogle || []).push({}); \n<\/script>\n<\/div>\n<p>Sin embargo, los cient\u00edficos han podido establecer una conexi\u00f3n mundial: El nivel del mar aumenta anualmente en todo el mundo. Si la subida del nivel del agua se acelerara como consecuencia del calentamiento global, esto podr\u00eda tener graves consecuencias para muchas zonas costeras.<\/p>\n\n\n<iframe loading=\"lazy\" width=\"1300\" height=\"600\" src=\"https:\/\/coastal.climatecentral.org\/map\/5\/7.2079\/55.6671\/?theme=water_level&amp;map_type=water_level_above_mhhw&amp;basemap=roadmap&amp;contiguous=true&amp;elevation_model=best_available&amp;refresh=true&amp;water_level=0.0&amp;water_unit=m\" scrolling=\"no\"><\/iframe>\n\n\n\n<p class=\"has-text-align-center\"><sup>El mapa muestra el nivel del mar a un nivel de agua mayor. En el lado izquierdo (vista m\u00f3vil: rueda dentada superior derecha) puede ajustar el aumento del nivel del mar. Esto le permite saber qu\u00e9 zonas est\u00e1n afectadas por las inundaciones.<\/sup><\/p>\n\n\n\n<div style=\"height:40px\" aria-hidden=\"true\" class=\"wp-block-spacer\"><\/div>\n\n\n<h2 style=\"text-align: center;\"><span style=\"color: #1950fe;\"><b>\u00bfD\u00f3nde hay inundaciones? \u00bfQu\u00e9 costas est\u00e1n afectadas? Puede averiguarlo en el mapa del nivel del mar:<\/b><\/span><\/h2>\n<p>Con la ayuda del mapa del nivel del mar, podr\u00e1 ver las regiones costeras que podr\u00edan verse afectadas por las <a href=\"https:\/\/www.ready.gov\/es\/inundaciones\" target=\"_blank\" rel=\"noopener\"><strong>inundaciones<\/strong><\/a>. En funci\u00f3n de la subida del nivel del mar, los lugares en riesgo est\u00e1n marcados en rojo. Todo lo marcado en rojo en el mapa est\u00e1 por debajo de la superficie del agua.<\/p>\n<p><img loading=\"lazy\" decoding=\"async\" class=\"alignleft wp-image-5158\" src=\"https:\/\/da-oben.de\/wp-content\/uploads\/2021\/11\/belowwaterlevel.jpg\" alt=\"Por debajo del nivel del agua\" width=\"168\" height=\"50\" \/>Incluso con un nivel del mar local de 0,0 metros, pueden indicarse inundaciones debido a la combinaci\u00f3n de la subida del nivel del mar, las mareas y el oleaje<\/p>\n<p>La altura de la superficie del agua mostrada por encima de la l\u00ednea de gu\u00eda local, se denomina nivel del agua. La \u00abdirectriz\u00bb se refiere a la media hist\u00f3rica reciente del nivel diario m\u00e1s alto de la marea local o de la l\u00ednea media de la marea alta.<\/p>\n<p>Si maneja el mapa desde un ordenador, puede acceder a los ajustes en la parte izquierda del mapa. En la vista m\u00f3vil, tiene una rueda dentada para seleccionar en la parte superior derecha de la pantalla, que abre el men\u00fa de ajustes<\/p>\n<p>\u00a0<\/p>\n<h2 style=\"text-align: center;\"><span style=\"color: #1950fe;\"><b>Esto es lo que debe saber sobre el nivel del mar:<\/b><\/span><\/h2>\n<h3><span style=\"color: #1950fe;\"><strong>\u00bfC\u00f3mo se mide el nivel del mar?<\/strong><\/span><\/h3>\n<p>El nivel del agua del mar se registra desde el siglo XIX. En aquella \u00e9poca, se utilizaban ciertos medidores para evaluar el nivel del agua. Sin embargo, seg\u00fan el estado actual de la ciencia, estos medidores son demasiado inexactos. Hoy en d\u00eda, las influencias que afectan al cambio constante del nivel del mar son gestionadas por las mediciones m\u00e1s precisas de los sat\u00e9lites. Los sat\u00e9lites registran todos los datos desde una altura de m\u00e1s de 250 kil\u00f3metros para obtener resultados precisos.<\/p>\n<p>Influencias como las mareas, las corrientes oce\u00e1nicas, el viento y la atracci\u00f3n gravitatoria de la Tierra desempe\u00f1an un papel importante en las mediciones.<\/p>\n<h3><span style=\"color: #f59800;\"><strong><span style=\"color: #1950fe;\">\u00bfD\u00f3nde est\u00e1 el nivel del mar?<\/span><br \/><\/strong><\/span><\/h3>\n<p>La altura del mar var\u00eda constantemente y tambi\u00e9n es diferente en distintos lugares del mundo. La mayor\u00eda de los lugares utilizan sus propios marcadores para indicar su altura media<\/p>\n<h3><span style=\"color: #1950fe;\"><strong>\u00bfD\u00f3nde est\u00e1 el punto cero del nivel del mar?<\/strong><\/span><\/h3>\n<p>A menudo, se eligen ciertos puntos centrales de los lugares para indicar la altitud. Podr\u00eda tratarse, por ejemplo, de estaciones de tren, mercados, iglesias y otros lugares del centro. Para la altura de las masas de agua, se indica la cota media del nivel del agua.<\/p>\n<h3><span style=\"color: #1950fe;\"><strong>\u00bfCu\u00e1l es el m\u00e1ximo nivel del mar que puede subir?<\/strong><\/span><\/h3>\n<p>Seg\u00fan los investigadores, la superficie del mar ha subido m\u00e1s r\u00e1pido s\u00f3lo en el siglo XX que en cualquier otro periodo de los \u00faltimos 3000 a\u00f1os. No se sabe con exactitud qu\u00e9 altura alcanzar\u00e1 el agua en un futuro pr\u00f3ximo, ya que el calentamiento global desempe\u00f1a un papel fundamental en la subida del nivel del mar en la actualidad. Seg\u00fan las mediciones actuales, el nivel del mar podr\u00eda subir m\u00e1s de un metro en 2100.<\/p>\n<p>\u00a0<\/p>\n\n\n<div class=\"wp-block-cover alignfull has-background-dim-70 has-background-dim\"><img decoding=\"async\" class=\"wp-block-cover__image-background wp-image-5153\" alt=\"\" src=\"https:\/\/da-oben.de\/wp-content\/uploads\/2021\/11\/iceberg-g251906e1e_1920.jpg\" data-object-fit=\"cover\"\/><div class=\"wp-block-cover__inner-container is-layout-flow wp-block-cover-is-layout-flow\">\n<p><\/p>\n\n\n\n<p class=\"has-text-align-center\" id=\"Teppichklopfen\" style=\"font-size:35px\"><strong><strong><span class=\"has-inline-color has-base-3-color\"><strong><strong>V\u00cdDEOS sobre el nivel del mar y el calentamiento global<\/strong><\/strong><\/span><\/strong><\/strong><\/p>\n\n\n\n<div class=\"wp-block-columns is-layout-flex wp-container-core-columns-is-layout-9d6595d7 wp-block-columns-is-layout-flex\">\n<div class=\"wp-block-column is-layout-flow wp-block-column-is-layout-flow\" style=\"flex-basis:25%\"><\/div>\n\n\n\n<div class=\"wp-block-column is-layout-flow wp-block-column-is-layout-flow\" style=\"flex-basis:50%\"><\/div>\n\n\n\n<div class=\"wp-block-column is-layout-flow wp-block-column-is-layout-flow\" style=\"flex-basis:25%\"><\/div>\n<\/div>\n\n\n\n<div class=\"wp-block-columns is-layout-flex wp-container-core-columns-is-layout-9d6595d7 wp-block-columns-is-layout-flex\">\n<div class=\"wp-block-column is-layout-flow wp-block-column-is-layout-flow\">\n<figure class=\"wp-block-embed is-type-video is-provider-youtube wp-block-embed-youtube wp-embed-aspect-16-9 wp-has-aspect-ratio\"><div class=\"wp-block-embed__wrapper\">\n<iframe loading=\"lazy\" title=\"How Earth Would Look If All The Ice Melted\" width=\"1200\" height=\"675\" src=\"https:\/\/www.youtube.com\/embed\/VbiRNT_gWUQ?feature=oembed\" frameborder=\"0\" allow=\"accelerometer; autoplay; clipboard-write; encrypted-media; gyroscope; picture-in-picture\" allowfullscreen><\/iframe>\n<\/div><\/figure>\n<\/div>\n\n\n\n<div class=\"wp-block-column is-layout-flow wp-block-column-is-layout-flow\">\n<figure class=\"wp-block-embed is-type-video is-provider-youtube wp-block-embed-youtube wp-embed-aspect-16-9 wp-has-aspect-ratio\"><div class=\"wp-block-embed__wrapper\">\n<iframe loading=\"lazy\" title=\"This is what sea level rise will do to coastal cities\" width=\"1200\" height=\"675\" src=\"https:\/\/www.youtube.com\/embed\/6tesHVSZJOg?feature=oembed\" frameborder=\"0\" allow=\"accelerometer; autoplay; clipboard-write; encrypted-media; gyroscope; picture-in-picture\" allowfullscreen><\/iframe>\n<\/div><\/figure>\n<\/div>\n<\/div>\n<\/div><\/div>\n\n\n<h3>&nbsp;<\/h3>\n<h3><span style=\"color: #1950fe;\"><strong>\u00bfQu\u00e9 ocurre cuando sube el nivel del mar? <\/strong><\/span><\/h3>\n<p>El constante aumento de la superficie del mar supone una amenaza a largo plazo para muchas ciudades y pa\u00edses costeros. En nuestro mapa del nivel del mar encontrar\u00e1 una representaci\u00f3n exacta de las consecuencias que supondr\u00eda una subida de la altura correspondiente para los respectivos lugares.<\/p>\n<p>El h\u00e1bitat de las personas y los animales que viven en las costas ser\u00e1 engullido por el mar. As\u00ed, la gente tendr\u00e1 que abandonar sus hogares y trasladarse a zonas geogr\u00e1ficamente m\u00e1s altas.<\/p>\n<p>Incluso las islas est\u00e1n desapareciendo gradualmente del mapa: si el nivel del mar sube un metro m\u00e1s, el 80% de la tierra quedar\u00e1 <a href=\"https:\/\/www.proteccioncivil.es\/coordinacion\/gestion-de-riesgos\/hidrologicos\/inundaciones\" target=\"_blank\" rel=\"noopener\"><strong>inundada por el agua<\/strong><\/a>.<\/p>\n<h3><span style=\"color: #1950fe;\"><strong>\u00bfQu\u00e9 altura alcanzar\u00e1 el agua si se derrite todo el hielo?<\/strong><\/span><\/h3>\n<p>Actualmente hay m\u00e1s de cinco millones de millas c\u00fabicas de hielo en la Tierra. Si esta enorme cantidad se derritiera de los polos y de las cimas de las monta\u00f1as, el nivel global del mar subir\u00eda \u00a1unos 66 metros! Las consecuencias de un cambio as\u00ed ser\u00edan incalculables para la humanidad.<\/p>","protected":false},"excerpt":{"rendered":"<p>Nivel del mar &#8211; \u00bfQu\u00e9 altura tiene el mar? Durante m\u00e1s de cien a\u00f1os se ha medido y evaluado el nivel del mar en todo el mundo. A partir de estos registros, se ha establecido que el nivel del mar est\u00e1 subiendo en todo el mundo una media de unos 3,3 mil\u00edmetros al a\u00f1o. Pero, &#8230; <a title=\"Nivel del mar\" class=\"read-more\" href=\"https:\/\/weather-radar-live.com\/es\/nivel-del-mar\/\" aria-label=\"Leer m\u00e1s sobre Nivel del mar\">Leer m\u00e1s<\/a><\/p>\n","protected":false},"author":1,"featured_media":0,"parent":0,"menu_order":0,"comment_status":"closed","ping_status":"closed","template":"","meta":{"footnotes":""},"class_list":["post-1843","page","type-page","status-publish"],"yoast_head":"<!-- This site is optimized with the Yoast SEO plugin v27.3 - https:\/\/yoast.com\/product\/yoast-seo-wordpress\/ -->\n<title>El nivel del mar en la actualidad \ud83c\udf0a Mapa del nivel del mar<\/title>\n<meta name=\"description\" content=\"\u00bfCu\u00e1l es el nivel del mar? \ud83c\udf0a \u00bfD\u00f3nde hay inundaciones? \u00a1Vea ahora nuestro mapa del nivel del mar \u2714\ufe0f y vea la altura del agua!\" \/>\n<meta name=\"robots\" content=\"index, follow, max-snippet:-1, max-image-preview:large, max-video-preview:-1\" \/>\n<link rel=\"canonical\" href=\"https:\/\/weather-radar-live.com\/es\/nivel-del-mar\/\" \/>\n<meta property=\"og:locale\" content=\"es_ES\" \/>\n<meta property=\"og:type\" content=\"article\" \/>\n<meta property=\"og:title\" content=\"El nivel del mar en la actualidad \ud83c\udf0a Mapa del nivel del mar\" \/>\n<meta property=\"og:description\" content=\"\u00bfCu\u00e1l es el nivel del mar? \ud83c\udf0a \u00bfD\u00f3nde hay inundaciones? \u00a1Vea ahora nuestro mapa del nivel del mar \u2714\ufe0f y vea la altura del agua!\" \/>\n<meta property=\"og:url\" content=\"https:\/\/weather-radar-live.com\/es\/nivel-del-mar\/\" \/>\n<meta property=\"og:site_name\" content=\"weather-radar-live.com\" \/>\n<meta property=\"article:modified_time\" content=\"2021-12-13T14:48:32+00:00\" \/>\n<meta property=\"og:image\" content=\"https:\/\/da-oben.de\/wp-content\/uploads\/2021\/11\/iceberg-g251906e1e_1920.jpg\" \/>\n<meta name=\"twitter:card\" content=\"summary_large_image\" \/>\n<meta name=\"twitter:label1\" content=\"Tiempo de lectura\" \/>\n\t<meta name=\"twitter:data1\" content=\"5 minutos\" \/>\n<script type=\"application\/ld+json\" class=\"yoast-schema-graph\">{\"@context\":\"https:\\\/\\\/schema.org\",\"@graph\":[{\"@type\":\"WebPage\",\"@id\":\"https:\\\/\\\/weather-radar-live.com\\\/es\\\/nivel-del-mar\\\/\",\"url\":\"https:\\\/\\\/weather-radar-live.com\\\/es\\\/nivel-del-mar\\\/\",\"name\":\"El nivel del mar en la actualidad \ud83c\udf0a Mapa del nivel del mar\",\"isPartOf\":{\"@id\":\"https:\\\/\\\/weather-radar-live.com\\\/#website\"},\"primaryImageOfPage\":{\"@id\":\"https:\\\/\\\/weather-radar-live.com\\\/es\\\/nivel-del-mar\\\/#primaryimage\"},\"image\":{\"@id\":\"https:\\\/\\\/weather-radar-live.com\\\/es\\\/nivel-del-mar\\\/#primaryimage\"},\"thumbnailUrl\":\"https:\\\/\\\/da-oben.de\\\/wp-content\\\/uploads\\\/2021\\\/11\\\/iceberg-g251906e1e_1920.jpg\",\"datePublished\":\"2021-11-17T13:52:57+00:00\",\"dateModified\":\"2021-12-13T14:48:32+00:00\",\"description\":\"\u00bfCu\u00e1l es el nivel del mar? \ud83c\udf0a \u00bfD\u00f3nde hay inundaciones? \u00a1Vea ahora nuestro mapa del nivel del mar \u2714\ufe0f y vea la altura del agua!\",\"breadcrumb\":{\"@id\":\"https:\\\/\\\/weather-radar-live.com\\\/es\\\/nivel-del-mar\\\/#breadcrumb\"},\"inLanguage\":\"es\",\"potentialAction\":[{\"@type\":\"ReadAction\",\"target\":[\"https:\\\/\\\/weather-radar-live.com\\\/es\\\/nivel-del-mar\\\/\"]}]},{\"@type\":\"ImageObject\",\"inLanguage\":\"es\",\"@id\":\"https:\\\/\\\/weather-radar-live.com\\\/es\\\/nivel-del-mar\\\/#primaryimage\",\"url\":\"https:\\\/\\\/da-oben.de\\\/wp-content\\\/uploads\\\/2021\\\/11\\\/iceberg-g251906e1e_1920.jpg\",\"contentUrl\":\"https:\\\/\\\/da-oben.de\\\/wp-content\\\/uploads\\\/2021\\\/11\\\/iceberg-g251906e1e_1920.jpg\"},{\"@type\":\"BreadcrumbList\",\"@id\":\"https:\\\/\\\/weather-radar-live.com\\\/es\\\/nivel-del-mar\\\/#breadcrumb\",\"itemListElement\":[{\"@type\":\"ListItem\",\"position\":1,\"name\":\"Weather Radar Live\",\"item\":\"https:\\\/\\\/weather-radar-live.com\\\/es\\\/\"},{\"@type\":\"ListItem\",\"position\":2,\"name\":\"Nivel del mar\"}]},{\"@type\":\"WebSite\",\"@id\":\"https:\\\/\\\/weather-radar-live.com\\\/#website\",\"url\":\"https:\\\/\\\/weather-radar-live.com\\\/\",\"name\":\"weather-radar-live.com\",\"description\":\"Your weather and sky radar.\",\"publisher\":{\"@id\":\"https:\\\/\\\/weather-radar-live.com\\\/#organization\"},\"potentialAction\":[{\"@type\":\"SearchAction\",\"target\":{\"@type\":\"EntryPoint\",\"urlTemplate\":\"https:\\\/\\\/weather-radar-live.com\\\/?s={search_term_string}\"},\"query-input\":{\"@type\":\"PropertyValueSpecification\",\"valueRequired\":true,\"valueName\":\"search_term_string\"}}],\"inLanguage\":\"es\"},{\"@type\":\"Organization\",\"@id\":\"https:\\\/\\\/weather-radar-live.com\\\/#organization\",\"name\":\"weather-radar-live.com\",\"url\":\"https:\\\/\\\/weather-radar-live.com\\\/\",\"logo\":{\"@type\":\"ImageObject\",\"inLanguage\":\"es\",\"@id\":\"https:\\\/\\\/weather-radar-live.com\\\/#\\\/schema\\\/logo\\\/image\\\/\",\"url\":\"https:\\\/\\\/weather-radar-live.com\\\/wp-content\\\/uploads\\\/2022\\\/03\\\/cropped-WRL2503.png\",\"contentUrl\":\"https:\\\/\\\/weather-radar-live.com\\\/wp-content\\\/uploads\\\/2022\\\/03\\\/cropped-WRL2503.png\",\"width\":1920,\"height\":555,\"caption\":\"weather-radar-live.com\"},\"image\":{\"@id\":\"https:\\\/\\\/weather-radar-live.com\\\/#\\\/schema\\\/logo\\\/image\\\/\"}}]}<\/script>\n<!-- \/ Yoast SEO plugin. -->","yoast_head_json":{"title":"El nivel del mar en la actualidad \ud83c\udf0a Mapa del nivel del mar","description":"\u00bfCu\u00e1l es el nivel del mar? \ud83c\udf0a \u00bfD\u00f3nde hay inundaciones? \u00a1Vea ahora nuestro mapa del nivel del mar \u2714\ufe0f y vea la altura del agua!","robots":{"index":"index","follow":"follow","max-snippet":"max-snippet:-1","max-image-preview":"max-image-preview:large","max-video-preview":"max-video-preview:-1"},"canonical":"https:\/\/weather-radar-live.com\/es\/nivel-del-mar\/","og_locale":"es_ES","og_type":"article","og_title":"El nivel del mar en la actualidad \ud83c\udf0a Mapa del nivel del mar","og_description":"\u00bfCu\u00e1l es el nivel del mar? \ud83c\udf0a \u00bfD\u00f3nde hay inundaciones? \u00a1Vea ahora nuestro mapa del nivel del mar \u2714\ufe0f y vea la altura del agua!","og_url":"https:\/\/weather-radar-live.com\/es\/nivel-del-mar\/","og_site_name":"weather-radar-live.com","article_modified_time":"2021-12-13T14:48:32+00:00","og_image":[{"url":"https:\/\/da-oben.de\/wp-content\/uploads\/2021\/11\/iceberg-g251906e1e_1920.jpg","type":"","width":"","height":""}],"twitter_card":"summary_large_image","twitter_misc":{"Tiempo de lectura":"5 minutos"},"schema":{"@context":"https:\/\/schema.org","@graph":[{"@type":"WebPage","@id":"https:\/\/weather-radar-live.com\/es\/nivel-del-mar\/","url":"https:\/\/weather-radar-live.com\/es\/nivel-del-mar\/","name":"El nivel del mar en la actualidad \ud83c\udf0a Mapa del nivel del mar","isPartOf":{"@id":"https:\/\/weather-radar-live.com\/#website"},"primaryImageOfPage":{"@id":"https:\/\/weather-radar-live.com\/es\/nivel-del-mar\/#primaryimage"},"image":{"@id":"https:\/\/weather-radar-live.com\/es\/nivel-del-mar\/#primaryimage"},"thumbnailUrl":"https:\/\/da-oben.de\/wp-content\/uploads\/2021\/11\/iceberg-g251906e1e_1920.jpg","datePublished":"2021-11-17T13:52:57+00:00","dateModified":"2021-12-13T14:48:32+00:00","description":"\u00bfCu\u00e1l es el nivel del mar? \ud83c\udf0a \u00bfD\u00f3nde hay inundaciones? \u00a1Vea ahora nuestro mapa del nivel del mar \u2714\ufe0f y vea la altura del agua!","breadcrumb":{"@id":"https:\/\/weather-radar-live.com\/es\/nivel-del-mar\/#breadcrumb"},"inLanguage":"es","potentialAction":[{"@type":"ReadAction","target":["https:\/\/weather-radar-live.com\/es\/nivel-del-mar\/"]}]},{"@type":"ImageObject","inLanguage":"es","@id":"https:\/\/weather-radar-live.com\/es\/nivel-del-mar\/#primaryimage","url":"https:\/\/da-oben.de\/wp-content\/uploads\/2021\/11\/iceberg-g251906e1e_1920.jpg","contentUrl":"https:\/\/da-oben.de\/wp-content\/uploads\/2021\/11\/iceberg-g251906e1e_1920.jpg"},{"@type":"BreadcrumbList","@id":"https:\/\/weather-radar-live.com\/es\/nivel-del-mar\/#breadcrumb","itemListElement":[{"@type":"ListItem","position":1,"name":"Weather Radar Live","item":"https:\/\/weather-radar-live.com\/es\/"},{"@type":"ListItem","position":2,"name":"Nivel del mar"}]},{"@type":"WebSite","@id":"https:\/\/weather-radar-live.com\/#website","url":"https:\/\/weather-radar-live.com\/","name":"weather-radar-live.com","description":"Your weather and sky radar.","publisher":{"@id":"https:\/\/weather-radar-live.com\/#organization"},"potentialAction":[{"@type":"SearchAction","target":{"@type":"EntryPoint","urlTemplate":"https:\/\/weather-radar-live.com\/?s={search_term_string}"},"query-input":{"@type":"PropertyValueSpecification","valueRequired":true,"valueName":"search_term_string"}}],"inLanguage":"es"},{"@type":"Organization","@id":"https:\/\/weather-radar-live.com\/#organization","name":"weather-radar-live.com","url":"https:\/\/weather-radar-live.com\/","logo":{"@type":"ImageObject","inLanguage":"es","@id":"https:\/\/weather-radar-live.com\/#\/schema\/logo\/image\/","url":"https:\/\/weather-radar-live.com\/wp-content\/uploads\/2022\/03\/cropped-WRL2503.png","contentUrl":"https:\/\/weather-radar-live.com\/wp-content\/uploads\/2022\/03\/cropped-WRL2503.png","width":1920,"height":555,"caption":"weather-radar-live.com"},"image":{"@id":"https:\/\/weather-radar-live.com\/#\/schema\/logo\/image\/"}}]}},"_links":{"self":[{"href":"https:\/\/weather-radar-live.com\/es\/wp-json\/wp\/v2\/pages\/1843","targetHints":{"allow":["GET"]}}],"collection":[{"href":"https:\/\/weather-radar-live.com\/es\/wp-json\/wp\/v2\/pages"}],"about":[{"href":"https:\/\/weather-radar-live.com\/es\/wp-json\/wp\/v2\/types\/page"}],"author":[{"embeddable":true,"href":"https:\/\/weather-radar-live.com\/es\/wp-json\/wp\/v2\/users\/1"}],"replies":[{"embeddable":true,"href":"https:\/\/weather-radar-live.com\/es\/wp-json\/wp\/v2\/comments?post=1843"}],"version-history":[{"count":7,"href":"https:\/\/weather-radar-live.com\/es\/wp-json\/wp\/v2\/pages\/1843\/revisions"}],"predecessor-version":[{"id":2332,"href":"https:\/\/weather-radar-live.com\/es\/wp-json\/wp\/v2\/pages\/1843\/revisions\/2332"}],"wp:attachment":[{"href":"https:\/\/weather-radar-live.com\/es\/wp-json\/wp\/v2\/media?parent=1843"}],"curies":[{"name":"wp","href":"https:\/\/api.w.org\/{rel}","templated":true}]}}