{"id":8002,"date":"2024-11-30T19:14:31","date_gmt":"2024-11-30T18:14:31","guid":{"rendered":"https:\/\/weather-radar-live.com\/starry-sky\/"},"modified":"2024-11-30T19:23:06","modified_gmt":"2024-11-30T18:23:06","slug":"stjernehimlen","status":"publish","type":"page","link":"https:\/\/weather-radar-live.com\/da\/stjernehimlen\/","title":{"rendered":"Stjernehimmel"},"content":{"rendered":"<div id=\"weath-1738074220\" class=\"weath-vor-dem-inhalt weath-entity-placement\" style=\"margin-top: 15px;margin-right: 25px;margin-bottom: 40px;margin-left: 25px;\"><script async src=\"\/\/pagead2.googlesyndication.com\/pagead\/js\/adsbygoogle.js?client=ca-pub-8960936133935804\" crossorigin=\"anonymous\"><\/script><ins class=\"adsbygoogle\" style=\"display:block;\" data-ad-client=\"ca-pub-8960936133935804\" \ndata-ad-slot=\"6172817020\" \ndata-ad-format=\"auto\"><\/ins>\n<script> \n(adsbygoogle = window.adsbygoogle || []).push({}); \n<\/script>\n<\/div>\n<div class=\"wp-block-cover alignfull\"><span aria-hidden=\"true\" class=\"wp-block-cover__background has-black-background-color has-background-dim-60 has-background-dim\"><\/span><video class=\"wp-block-cover__video-background intrinsic-ignore\" autoplay muted loop playsinline src=\"https:\/\/weather-radar-live.com\/wp-content\/uploads\/2024\/11\/Starry-sky-header-background.mp4\" data-object-fit=\"cover\"><\/video><div class=\"wp-block-cover__inner-container is-layout-flow wp-block-cover-is-layout-flow\">\n<h2 class=\"wp-block-heading has-text-align-center heading has-text-color has-link-color wp-elements-c48cb51c068eab503852ec5c87cb3ad3\" style=\"color:#00ffbb;font-size:50px\"><strong>STJERNE<\/strong><br><span class=\"has-inline-color has-white-color\"><strong>HIMMEL<\/strong><\/span><\/h2>\n<\/div><\/div>\n\n\n\n<h1 class=\"wp-block-heading has-text-align-center has-text-color has-link-color wp-elements-97952047e3a7ff309220a0c903c7999c\" style=\"color:#00ffbb\"><strong>Stjernehimmel<\/strong><\/h1>\n\n\n\n<p>Stjernehimlen har fascineret mennesker i tusinder af \u00e5r. Den klare nattehimmel byder ikke kun p\u00e5 en imponerende udsigt til stjerner, planeter og galakser, men v\u00e6kker ogs\u00e5 nysgerrighed om universets hemmeligheder. Men hvordan ser stjernehimlen ud i dag, og hvad kan man opdage p\u00e5 himlen?<\/p>\n\n\n\n<p>Hver aften, n\u00e5r solen forsvinder under horisonten, afsl\u00f8rer stjernehimlen sin fulde sk\u00f8nhed. Stjerner, der er millioner af lys\u00e5r v\u00e6k, begynder at skinne og fremkalder en imponerende kulisse, der inviterer dig til at dr\u00f8mme og forundres. Is\u00e6r p\u00e5 klare aftener, v\u00e6k fra byens distraherende lys, afsl\u00f8res himlens sande pragt. Tag et kig p\u00e5 himmelbillederne nu!<\/p><div id=\"weath-3833496184\" class=\"weath-inhalt_2 weath-entity-placement\" style=\"margin-top: 15px;margin-right: 25px;margin-bottom: 35px;margin-left: 25px;\"><script async src=\"\/\/pagead2.googlesyndication.com\/pagead\/js\/adsbygoogle.js?client=ca-pub-8960936133935804\" crossorigin=\"anonymous\"><\/script><ins class=\"adsbygoogle\" style=\"display:block;\" data-ad-client=\"ca-pub-8960936133935804\" \ndata-ad-slot=\"1963584050\" \ndata-ad-format=\"auto\"><\/ins>\n<script> \n(adsbygoogle = window.adsbygoogle || []).push({}); \n<\/script>\n<\/div>\n\n\n\n<div class=\"wp-block-columns is-layout-flex wp-container-core-columns-is-layout-9d6595d7 wp-block-columns-is-layout-flex\">\n<div class=\"wp-block-column is-layout-flow wp-block-column-is-layout-flow\" style=\"flex-basis:75%\">\n<!--- Source code beginning --->\n\t\t\n\t<!--- Terms of Use: The contained links and texts in the source code\n\tmay not be removed, otherwise the right of use expires. \n\tIn case of desired deviations please contact by mail. \n\tMail address on the homepage.\n\t\t\n\tA free service from https:\/\/www.Der-Mond.de\/ --->\n\n\n\t<img decoding=\"async\" border=0 src=\"https:\/\/www.der-mond.de\/feature\/sternenhimmel.php?version=1&#038;karten=3&#038;ueberschrift=Stjernehimlen+i+dag+i+Danmark&#038;schriftschnitt=0&#038;beschriftung_sternkarte=1&#038;schriftart=Roboto&#038;schriftgroesse=12&#038;groesse=1980&#038;spalten=1&#038;trans=0&#038;grafikformat=0&#038;scro=0&#038;scgr=0&#038;scbl=0&#038;hiro=255&#038;higr=255&#038;hibl=255&#038;lang=en&#038;grafik=1\" alt=\"The moon - mysterious companion of our earth\" style=\"max-width: 100%\">\n\n\n<br>\n\nA service of <a href=\"https:\/\/www.der-mond.de\/\" target=\"_blank\">www.Der-Mond.de<\/a>\n\n<!--- End of source code --->\n<\/div>\n\n\n\n<div class=\"wp-block-column is-layout-flow wp-block-column-is-layout-flow\" style=\"flex-basis:25%\">\n<p>P\u00e5 det indlejrede stjernekort kan du se en detaljeret gengivelse af nattehimlen, som den ser ud for dig i aften. Denne type kort viser himmellegemerne i en cirkul\u00e6r projektion, som afbilder himlen, som om du kiggede direkte opad.<\/p>\n\n\n\n<h3 class=\"wp-block-heading\"><strong>Orientering p\u00e5 stjernehimlen<\/strong><\/h3>\n\n\n\n<p>Kardinalpunkterne som nord (N), \u00f8st (E), syd (S) og vest (W) er markeret p\u00e5 kortets kanter, hvilket g\u00f8r det lettere for dig at finde vej rundt p\u00e5 himlen. P\u00e5 den m\u00e5de kan du hurtigt finde ud af, hvor bestemte stjernebilleder eller planeter befinder sig ved at bruge disse retninger som vejledning.<\/p>\n\n\n\n<p>P\u00e5 stjernekortet kan du se stjernebillederne, hvis placering kan variere i l\u00f8bet af \u00e5ret. Det viser ogs\u00e5 m\u00e5nens bane hen over nattehimlen og de planeter, der i \u00f8jeblikket er synlige i vores solsystem. <\/p>\n\n\n\n<p><strong>Med dette kort i bagagen ved du nu, hvor hvert stjernebillede befinder sig, og du kan overraske dine k\u00e6re!<\/strong><\/p>\n<\/div>\n<\/div>\n\n\n\n<div style=\"height:30px\" aria-hidden=\"true\" class=\"wp-block-spacer\"><\/div>\n\n\n\n<h2 class=\"wp-block-heading\"><strong>Stjernehimlens magi<\/strong><\/h2>\n\n\n\n<div class=\"wp-block-columns is-layout-flex wp-container-core-columns-is-layout-9d6595d7 wp-block-columns-is-layout-flex\">\n<div class=\"wp-block-column is-layout-flow wp-block-column-is-layout-flow\">\n<p>Hver nat skinner vores stjerner i ny pragt. Men is\u00e6r i byomr\u00e5der bliver synet af stjernerne ofte forstyrret af et ubehageligt f\u00e6nomen &#8211; <strong><a href=\"https:\/\/weather-radar-live.com\/da\/lysforurening\/\">lysforurening<\/a><\/strong>. Lyskilder fra gadelamper, biler og bygninger skygger for de fine detaljer p\u00e5 nattehimlen. Hvis du vil opleve stjernehimlen i al sin pragt i dag, b\u00f8r du derfor tage til steder, der ligger langt v\u00e6k fra byernes lys. Nogle regioner tilbyder endda s\u00e6rlige <a href=\"https:\/\/darksky.org\/what-we-do\/international-dark-sky-places\/all-places\/\"><strong>&#8220;dark sky&#8221;-parker<\/strong><\/a>, hvor man kan se stjernerne n\u00e6sten uforstyrret.<\/p>\n\n\n\n<h3 class=\"wp-block-heading\"><strong>Stjernehimlen i dag: Hvad kan du se?<\/strong><\/h3>\n\n\n\n<p>Konstellationerne varierer fra \u00e5rstid til \u00e5rstid. P\u00e5 sommerhimlen kan man f.eks. se det markante stjernebillede Skorpionen, mens vinterhimlen er domineret af Orion og den store hund. <\/p>\n\n\n\n<p>Men uanset \u00e5rstiden er det altid v\u00e6rd at tage et kig p\u00e5 himlen &#8211; selv med det blotte \u00f8je kan man se mange stjerner og planeter!<\/p>\n\n\n\n<p>Ud over de klassiske konstellationer giver s\u00e6rlige begivenheder som meteorstr\u00f8mme eller planeternes synlighed fascinerende observationsmuligheder. M\u00e5nens faser spiller ogs\u00e5 en vigtig rolle. En <strong><a href=\"https:\/\/weather-radar-live.com\/da\/maanekalender\/\">m\u00e5nekalender<\/a><\/strong> hj\u00e6lper dig med at finde det ideelle tidspunkt for dine himmelobservationer.<\/p>\n\n\n\n<p>Forholdene er bedst ved nym\u00e5ne, da m\u00e5nelyset er minimalt i denne fase og derfor ikke forringer dit udsyn til stjernerne.<\/p>\n<\/div>\n\n\n\n<div class=\"wp-block-column is-layout-flow wp-block-column-is-layout-flow\">\n<figure class=\"wp-block-image size-large shadow-box\"><img loading=\"lazy\" decoding=\"async\" width=\"771\" height=\"1024\" src=\"https:\/\/weather-radar-live.com\/wp-content\/uploads\/2024\/11\/The-starry-sky-over-the-city-with-light-pollution-771x1024.png\" alt=\"Stjernehimlen over byen med lysforurening.\" class=\"wp-image-7813\" srcset=\"https:\/\/weather-radar-live.com\/wp-content\/uploads\/2024\/11\/The-starry-sky-over-the-city-with-light-pollution-771x1024.png 771w, https:\/\/weather-radar-live.com\/wp-content\/uploads\/2024\/11\/The-starry-sky-over-the-city-with-light-pollution-226x300.png 226w, https:\/\/weather-radar-live.com\/wp-content\/uploads\/2024\/11\/The-starry-sky-over-the-city-with-light-pollution-768x1020.png 768w, https:\/\/weather-radar-live.com\/wp-content\/uploads\/2024\/11\/The-starry-sky-over-the-city-with-light-pollution.png 928w\" sizes=\"auto, (max-width: 771px) 100vw, 771px\" \/><\/figure>\n\n\n\n<p class=\"has-small-font-size\">Desv\u00e6rre er der ikke meget tilbage af vores stjernehimmel i byomr\u00e5derne! Men en lille tur p\u00e5 landet har aldrig skadet nogen, vel?<\/p>\n<\/div>\n<\/div>\n\n\n\n<h2 class=\"wp-block-heading\"><strong>Nattehimlen til dine egne fire v\u00e6gge: projektorer til stjernehimlen<\/strong><\/h2>\n\n\n\n<p>Hvis du vil nyde stjernehimlen uanset vejrforhold eller lysforurening, er der et moderne alternativ: <strong>stjernehimmelprojektorer<\/strong>. Disse praktiske apparater bringer nattehimlen direkte ind i din stue. Uanset om du vil fascinere dine b\u00f8rn eller slappe af, f\u00e5r en projektor stjernehimlen til at fremst\u00e5 med imponerende klarhed.<\/p>\n\n\n\n<p>Moderne stjernehimmelprojektorer tilbyder en forbl\u00f8ffende detaljeringsgrad. De projicerer ikke kun simple konstellationer, men simulerer endda stjernernes blinken eller himmellegemernes bev\u00e6gelse. Nogle modeller er s\u00e5 pr\u00e6cise, at de kan vise det aktuelle stjernebillede, s\u00e5 du kan opleve <strong>stjernehimlen<\/strong> hjemme hos dig selv i <strong>dag<\/strong>.<\/p>\n\n\n\n<p>At bruge en stjernehimmelprojektor giver ikke kun afslapning, men ogs\u00e5 en p\u00e6dagogisk komponent. Is\u00e6r for b\u00f8rn er det en god m\u00e5de at l\u00e6re mere om universet og de forskellige stjernebilleder uden at skulle vente p\u00e5 den perfekte nat.<\/p>\n\n\n\n<h2 class=\"wp-block-heading\"><strong>Tips til stjernekiggeri<\/strong><\/h2>\n\n\n\n<p>For at f\u00e5 det bedste ud af <strong>stjernekiggeriet i dag<\/strong> b\u00f8r du f\u00f8lge nogle f\u00e5, enkle grundregler. F\u00f8rst og fremmest er det vigtigt at tjekke vejret &#8211; en klar nat uden skyer er det bedste tidspunkt at nyde himlen i al sin pragt. Hvis du bor i en storby, skal du finde et sted med s\u00e5 lidt lysforurening som muligt, f.eks. en n\u00e6rliggende park eller et landligt sted.<\/p>\n\n\n\n<p>Det kan ogs\u00e5 v\u00e6re nyttigt at finde ud af, om der er s\u00e6rlige begivenheder p\u00e5 nattehimlen p\u00e5 forh\u00e5nd. Onlinev\u00e6rkt\u00f8jer og apps som m\u00e5nekalendere eller stjernekigger-apps giver dig et realtidsbillede af himlen og viser dig, hvilke stjerner, planeter eller satellitter der er synlige i \u00f8jeblikket. Stjernekort, b\u00e5de analoge og digitale, hj\u00e6lper dig ogs\u00e5 med at bevare overblikket og s\u00f8ge specifikt efter bestemte himmellegemer.<\/p>\n","protected":false},"excerpt":{"rendered":"<p>Stjernehimmel Stjernehimlen har fascineret mennesker i tusinder af \u00e5r. Den klare nattehimmel byder ikke kun p\u00e5 en imponerende udsigt til stjerner, planeter og galakser, men v\u00e6kker ogs\u00e5 nysgerrighed om universets hemmeligheder. Men hvordan ser stjernehimlen ud i dag, og hvad kan man opdage p\u00e5 himlen? Hver aften, n\u00e5r solen forsvinder under horisonten, afsl\u00f8rer stjernehimlen sin &#8230; <a title=\"Stjernehimmel\" class=\"read-more\" href=\"https:\/\/weather-radar-live.com\/da\/stjernehimlen\/\" aria-label=\"Read more about Stjernehimmel\">L\u00e6s mere <\/a><\/p>\n","protected":false},"author":1,"featured_media":0,"parent":0,"menu_order":0,"comment_status":"closed","ping_status":"closed","template":"","meta":{"footnotes":""},"class_list":["post-8002","page","type-page","status-publish"],"yoast_head":"<!-- This site is optimized with the Yoast SEO plugin v27.5 - https:\/\/yoast.com\/product\/yoast-seo-wordpress\/ -->\n<title>Oplev stjernehimlen i dag! \u2728<\/title>\n<meta name=\"description\" content=\"Vil du v\u00e6re med til at opdage dagens stjernehimmel? Hvilke konstellationer kan ses hvor i dag? \ud83e\udd81\ud83e\udddc\u200d\u2642\ufe0f\ud83e\udd80\" \/>\n<meta name=\"robots\" content=\"index, follow, max-snippet:-1, max-image-preview:large, max-video-preview:-1\" \/>\n<link rel=\"canonical\" href=\"https:\/\/weather-radar-live.com\/da\/stjernehimlen\/\" \/>\n<meta property=\"og:locale\" content=\"da_DK\" \/>\n<meta property=\"og:type\" content=\"article\" \/>\n<meta property=\"og:title\" content=\"Oplev stjernehimlen i dag! \u2728\" \/>\n<meta property=\"og:description\" content=\"Vil du v\u00e6re med til at opdage dagens stjernehimmel? Hvilke konstellationer kan ses hvor i dag? \ud83e\udd81\ud83e\udddc\u200d\u2642\ufe0f\ud83e\udd80\" \/>\n<meta property=\"og:url\" content=\"https:\/\/weather-radar-live.com\/da\/stjernehimlen\/\" \/>\n<meta property=\"og:site_name\" content=\"weather-radar-live.com\" \/>\n<meta property=\"article:modified_time\" content=\"2024-11-30T18:23:06+00:00\" \/>\n<meta property=\"og:image\" content=\"https:\/\/www.der-mond.de\/feature\/sternenhimmel.php?version=1&karten=3&ueberschrift=Stjernehimlen+i+dag+i+Danmark&schriftschnitt=0&beschriftung_sternkarte=1&schriftart=Roboto&schriftgroesse=12&groesse=1980&spalten=1&trans=0&grafikformat=0&scro=0&scgr=0&scbl=0&hiro=255&higr=255&hibl=255&lang=en&grafik=1\" \/>\n<meta name=\"twitter:card\" content=\"summary_large_image\" \/>\n<meta name=\"twitter:label1\" content=\"Estimeret l\u00e6setid\" \/>\n\t<meta name=\"twitter:data1\" content=\"4 minutter\" \/>\n<script type=\"application\/ld+json\" class=\"yoast-schema-graph\">{\"@context\":\"https:\\\/\\\/schema.org\",\"@graph\":[{\"@type\":\"WebPage\",\"@id\":\"https:\\\/\\\/weather-radar-live.com\\\/da\\\/stjernehimlen\\\/\",\"url\":\"https:\\\/\\\/weather-radar-live.com\\\/da\\\/stjernehimlen\\\/\",\"name\":\"Oplev stjernehimlen i dag! \u2728\",\"isPartOf\":{\"@id\":\"https:\\\/\\\/weather-radar-live.com\\\/#website\"},\"primaryImageOfPage\":{\"@id\":\"https:\\\/\\\/weather-radar-live.com\\\/da\\\/stjernehimlen\\\/#primaryimage\"},\"image\":{\"@id\":\"https:\\\/\\\/weather-radar-live.com\\\/da\\\/stjernehimlen\\\/#primaryimage\"},\"thumbnailUrl\":\"https:\\\/\\\/www.der-mond.de\\\/feature\\\/sternenhimmel.php?version=1&karten=3&ueberschrift=Stjernehimlen+i+dag+i+Danmark&schriftschnitt=0&beschriftung_sternkarte=1&schriftart=Roboto&schriftgroesse=12&groesse=1980&spalten=1&trans=0&grafikformat=0&scro=0&scgr=0&scbl=0&hiro=255&higr=255&hibl=255&lang=en&grafik=1\",\"datePublished\":\"2024-11-30T18:14:31+00:00\",\"dateModified\":\"2024-11-30T18:23:06+00:00\",\"description\":\"Vil du v\u00e6re med til at opdage dagens stjernehimmel? Hvilke konstellationer kan ses hvor i dag? \ud83e\udd81\ud83e\udddc\u200d\u2642\ufe0f\ud83e\udd80\",\"breadcrumb\":{\"@id\":\"https:\\\/\\\/weather-radar-live.com\\\/da\\\/stjernehimlen\\\/#breadcrumb\"},\"inLanguage\":\"da-DK\",\"potentialAction\":[{\"@type\":\"ReadAction\",\"target\":[\"https:\\\/\\\/weather-radar-live.com\\\/da\\\/stjernehimlen\\\/\"]}]},{\"@type\":\"ImageObject\",\"inLanguage\":\"da-DK\",\"@id\":\"https:\\\/\\\/weather-radar-live.com\\\/da\\\/stjernehimlen\\\/#primaryimage\",\"url\":\"https:\\\/\\\/www.der-mond.de\\\/feature\\\/sternenhimmel.php?version=1&karten=3&ueberschrift=Stjernehimlen+i+dag+i+Danmark&schriftschnitt=0&beschriftung_sternkarte=1&schriftart=Roboto&schriftgroesse=12&groesse=1980&spalten=1&trans=0&grafikformat=0&scro=0&scgr=0&scbl=0&hiro=255&higr=255&hibl=255&lang=en&grafik=1\",\"contentUrl\":\"https:\\\/\\\/www.der-mond.de\\\/feature\\\/sternenhimmel.php?version=1&karten=3&ueberschrift=Stjernehimlen+i+dag+i+Danmark&schriftschnitt=0&beschriftung_sternkarte=1&schriftart=Roboto&schriftgroesse=12&groesse=1980&spalten=1&trans=0&grafikformat=0&scro=0&scgr=0&scbl=0&hiro=255&higr=255&hibl=255&lang=en&grafik=1\"},{\"@type\":\"BreadcrumbList\",\"@id\":\"https:\\\/\\\/weather-radar-live.com\\\/da\\\/stjernehimlen\\\/#breadcrumb\",\"itemListElement\":[{\"@type\":\"ListItem\",\"position\":1,\"name\":\"Weather Radar Live\",\"item\":\"https:\\\/\\\/weather-radar-live.com\\\/da\\\/\"},{\"@type\":\"ListItem\",\"position\":2,\"name\":\"Stjernehimmel\"}]},{\"@type\":\"WebSite\",\"@id\":\"https:\\\/\\\/weather-radar-live.com\\\/#website\",\"url\":\"https:\\\/\\\/weather-radar-live.com\\\/\",\"name\":\"weather-radar-live.com\",\"description\":\"Your weather and sky radar.\",\"publisher\":{\"@id\":\"https:\\\/\\\/weather-radar-live.com\\\/#organization\"},\"potentialAction\":[{\"@type\":\"SearchAction\",\"target\":{\"@type\":\"EntryPoint\",\"urlTemplate\":\"https:\\\/\\\/weather-radar-live.com\\\/?s={search_term_string}\"},\"query-input\":{\"@type\":\"PropertyValueSpecification\",\"valueRequired\":true,\"valueName\":\"search_term_string\"}}],\"inLanguage\":\"da-DK\"},{\"@type\":\"Organization\",\"@id\":\"https:\\\/\\\/weather-radar-live.com\\\/#organization\",\"name\":\"weather-radar-live.com\",\"url\":\"https:\\\/\\\/weather-radar-live.com\\\/\",\"logo\":{\"@type\":\"ImageObject\",\"inLanguage\":\"da-DK\",\"@id\":\"https:\\\/\\\/weather-radar-live.com\\\/#\\\/schema\\\/logo\\\/image\\\/\",\"url\":\"https:\\\/\\\/weather-radar-live.com\\\/wp-content\\\/uploads\\\/2022\\\/03\\\/cropped-WRL2503.png\",\"contentUrl\":\"https:\\\/\\\/weather-radar-live.com\\\/wp-content\\\/uploads\\\/2022\\\/03\\\/cropped-WRL2503.png\",\"width\":1920,\"height\":555,\"caption\":\"weather-radar-live.com\"},\"image\":{\"@id\":\"https:\\\/\\\/weather-radar-live.com\\\/#\\\/schema\\\/logo\\\/image\\\/\"}}]}<\/script>\n<!-- \/ Yoast SEO plugin. -->","yoast_head_json":{"title":"Oplev stjernehimlen i dag! \u2728","description":"Vil du v\u00e6re med til at opdage dagens stjernehimmel? Hvilke konstellationer kan ses hvor i dag? \ud83e\udd81\ud83e\udddc\u200d\u2642\ufe0f\ud83e\udd80","robots":{"index":"index","follow":"follow","max-snippet":"max-snippet:-1","max-image-preview":"max-image-preview:large","max-video-preview":"max-video-preview:-1"},"canonical":"https:\/\/weather-radar-live.com\/da\/stjernehimlen\/","og_locale":"da_DK","og_type":"article","og_title":"Oplev stjernehimlen i dag! \u2728","og_description":"Vil du v\u00e6re med til at opdage dagens stjernehimmel? Hvilke konstellationer kan ses hvor i dag? \ud83e\udd81\ud83e\udddc\u200d\u2642\ufe0f\ud83e\udd80","og_url":"https:\/\/weather-radar-live.com\/da\/stjernehimlen\/","og_site_name":"weather-radar-live.com","article_modified_time":"2024-11-30T18:23:06+00:00","og_image":[{"url":"https:\/\/www.der-mond.de\/feature\/sternenhimmel.php?version=1&karten=3&ueberschrift=Stjernehimlen+i+dag+i+Danmark&schriftschnitt=0&beschriftung_sternkarte=1&schriftart=Roboto&schriftgroesse=12&groesse=1980&spalten=1&trans=0&grafikformat=0&scro=0&scgr=0&scbl=0&hiro=255&higr=255&hibl=255&lang=en&grafik=1","type":"","width":"","height":""}],"twitter_card":"summary_large_image","twitter_misc":{"Estimeret l\u00e6setid":"4 minutter"},"schema":{"@context":"https:\/\/schema.org","@graph":[{"@type":"WebPage","@id":"https:\/\/weather-radar-live.com\/da\/stjernehimlen\/","url":"https:\/\/weather-radar-live.com\/da\/stjernehimlen\/","name":"Oplev stjernehimlen i dag! \u2728","isPartOf":{"@id":"https:\/\/weather-radar-live.com\/#website"},"primaryImageOfPage":{"@id":"https:\/\/weather-radar-live.com\/da\/stjernehimlen\/#primaryimage"},"image":{"@id":"https:\/\/weather-radar-live.com\/da\/stjernehimlen\/#primaryimage"},"thumbnailUrl":"https:\/\/www.der-mond.de\/feature\/sternenhimmel.php?version=1&karten=3&ueberschrift=Stjernehimlen+i+dag+i+Danmark&schriftschnitt=0&beschriftung_sternkarte=1&schriftart=Roboto&schriftgroesse=12&groesse=1980&spalten=1&trans=0&grafikformat=0&scro=0&scgr=0&scbl=0&hiro=255&higr=255&hibl=255&lang=en&grafik=1","datePublished":"2024-11-30T18:14:31+00:00","dateModified":"2024-11-30T18:23:06+00:00","description":"Vil du v\u00e6re med til at opdage dagens stjernehimmel? Hvilke konstellationer kan ses hvor i dag? \ud83e\udd81\ud83e\udddc\u200d\u2642\ufe0f\ud83e\udd80","breadcrumb":{"@id":"https:\/\/weather-radar-live.com\/da\/stjernehimlen\/#breadcrumb"},"inLanguage":"da-DK","potentialAction":[{"@type":"ReadAction","target":["https:\/\/weather-radar-live.com\/da\/stjernehimlen\/"]}]},{"@type":"ImageObject","inLanguage":"da-DK","@id":"https:\/\/weather-radar-live.com\/da\/stjernehimlen\/#primaryimage","url":"https:\/\/www.der-mond.de\/feature\/sternenhimmel.php?version=1&karten=3&ueberschrift=Stjernehimlen+i+dag+i+Danmark&schriftschnitt=0&beschriftung_sternkarte=1&schriftart=Roboto&schriftgroesse=12&groesse=1980&spalten=1&trans=0&grafikformat=0&scro=0&scgr=0&scbl=0&hiro=255&higr=255&hibl=255&lang=en&grafik=1","contentUrl":"https:\/\/www.der-mond.de\/feature\/sternenhimmel.php?version=1&karten=3&ueberschrift=Stjernehimlen+i+dag+i+Danmark&schriftschnitt=0&beschriftung_sternkarte=1&schriftart=Roboto&schriftgroesse=12&groesse=1980&spalten=1&trans=0&grafikformat=0&scro=0&scgr=0&scbl=0&hiro=255&higr=255&hibl=255&lang=en&grafik=1"},{"@type":"BreadcrumbList","@id":"https:\/\/weather-radar-live.com\/da\/stjernehimlen\/#breadcrumb","itemListElement":[{"@type":"ListItem","position":1,"name":"Weather Radar Live","item":"https:\/\/weather-radar-live.com\/da\/"},{"@type":"ListItem","position":2,"name":"Stjernehimmel"}]},{"@type":"WebSite","@id":"https:\/\/weather-radar-live.com\/#website","url":"https:\/\/weather-radar-live.com\/","name":"weather-radar-live.com","description":"Your weather and sky radar.","publisher":{"@id":"https:\/\/weather-radar-live.com\/#organization"},"potentialAction":[{"@type":"SearchAction","target":{"@type":"EntryPoint","urlTemplate":"https:\/\/weather-radar-live.com\/?s={search_term_string}"},"query-input":{"@type":"PropertyValueSpecification","valueRequired":true,"valueName":"search_term_string"}}],"inLanguage":"da-DK"},{"@type":"Organization","@id":"https:\/\/weather-radar-live.com\/#organization","name":"weather-radar-live.com","url":"https:\/\/weather-radar-live.com\/","logo":{"@type":"ImageObject","inLanguage":"da-DK","@id":"https:\/\/weather-radar-live.com\/#\/schema\/logo\/image\/","url":"https:\/\/weather-radar-live.com\/wp-content\/uploads\/2022\/03\/cropped-WRL2503.png","contentUrl":"https:\/\/weather-radar-live.com\/wp-content\/uploads\/2022\/03\/cropped-WRL2503.png","width":1920,"height":555,"caption":"weather-radar-live.com"},"image":{"@id":"https:\/\/weather-radar-live.com\/#\/schema\/logo\/image\/"}}]}},"_links":{"self":[{"href":"https:\/\/weather-radar-live.com\/da\/wp-json\/wp\/v2\/pages\/8002","targetHints":{"allow":["GET"]}}],"collection":[{"href":"https:\/\/weather-radar-live.com\/da\/wp-json\/wp\/v2\/pages"}],"about":[{"href":"https:\/\/weather-radar-live.com\/da\/wp-json\/wp\/v2\/types\/page"}],"author":[{"embeddable":true,"href":"https:\/\/weather-radar-live.com\/da\/wp-json\/wp\/v2\/users\/1"}],"replies":[{"embeddable":true,"href":"https:\/\/weather-radar-live.com\/da\/wp-json\/wp\/v2\/comments?post=8002"}],"version-history":[{"count":2,"href":"https:\/\/weather-radar-live.com\/da\/wp-json\/wp\/v2\/pages\/8002\/revisions"}],"predecessor-version":[{"id":8012,"href":"https:\/\/weather-radar-live.com\/da\/wp-json\/wp\/v2\/pages\/8002\/revisions\/8012"}],"wp:attachment":[{"href":"https:\/\/weather-radar-live.com\/da\/wp-json\/wp\/v2\/media?parent=8002"}],"curies":[{"name":"wp","href":"https:\/\/api.w.org\/{rel}","templated":true}]}}