{"id":7921,"date":"2024-11-30T18:00:23","date_gmt":"2024-11-30T17:00:23","guid":{"rendered":"https:\/\/weather-radar-live.com\/lichtverschmutzung\/"},"modified":"2024-11-30T19:05:37","modified_gmt":"2024-11-30T18:05:37","slug":"lysforurening","status":"publish","type":"page","link":"https:\/\/weather-radar-live.com\/da\/lysforurening\/","title":{"rendered":"Lysforurening"},"content":{"rendered":"<div id=\"weath-3272673985\" class=\"weath-vor-dem-inhalt weath-entity-placement\" style=\"margin-top: 15px;margin-right: 25px;margin-bottom: 40px;margin-left: 25px;\"><script async src=\"\/\/pagead2.googlesyndication.com\/pagead\/js\/adsbygoogle.js?client=ca-pub-8960936133935804\" crossorigin=\"anonymous\"><\/script><ins class=\"adsbygoogle\" style=\"display:block;\" data-ad-client=\"ca-pub-8960936133935804\" \ndata-ad-slot=\"6172817020\" \ndata-ad-format=\"auto\"><\/ins>\n<script> \n(adsbygoogle = window.adsbygoogle || []).push({}); \n<\/script>\n<\/div>\n<div class=\"wp-block-cover alignfull is-light\"><span aria-hidden=\"true\" class=\"wp-block-cover__background has-contrast-background-color has-background-dim-40 has-background-dim\"><\/span><video class=\"wp-block-cover__video-background intrinsic-ignore\" autoplay muted loop playsinline src=\"https:\/\/weather-radar-live.com\/wp-content\/uploads\/2024\/11\/Light-Pollution-City.mp4\" data-object-fit=\"cover\"><\/video><div class=\"wp-block-cover__inner-container is-layout-flow wp-block-cover-is-layout-flow\">\n<h2 class=\"wp-block-heading has-text-align-center heading\" style=\"font-size:60px\"><strong><mark style=\"background-color:rgba(0, 0, 0, 0);color:#ffde00\" class=\"has-inline-color\">LYS<\/mark><\/strong><br><strong><mark style=\"background-color:rgba(0, 0, 0, 0)\" class=\"has-inline-color has-white-color\">FORURENING<\/mark><\/strong><\/h2>\n<\/div><\/div>\n\n\n<div class=\"yoast-breadcrumbs\"><span><span><a href=\"https:\/\/weather-radar-live.com\/da\/\">Weather Radar Live<\/a><\/span> \u00bb <span class=\"breadcrumb_last\" aria-current=\"page\"><strong>Lysforurening<\/strong><\/span><\/span><\/div>\n\n\n<h2 class=\"wp-block-heading has-text-align-center\"><strong><mark style=\"background-color:rgba(0, 0, 0, 0);color:#ffde00\" class=\"has-inline-color\">Lysforurening &#8211; aktuel lysforurening i mit omr\u00e5de?<\/mark><\/strong> <\/h2>\n\n\n\n<p>Lysforurening, lyssmog, lysforurening eller lysforurening &#8211; alle disse udtryk beskriver et problem, der er blevet mere relevant og h\u00f8rt i de senere \u00e5r: Vi taler om den kunstige lysning af nattehimlen. Ved f\u00f8rste \u00f8jekast lyder det m\u00e5ske ikke s\u00e6rlig dramatisk. <\/p>\n\n\n\n<p>Men ved n\u00e6rmere eftersyn bliver det hurtigt klart, at lysforurening ogs\u00e5 hurtigt kan blive et problem, der kan forstyrre mere end bare vores syn p\u00e5 stjernehimlen. Vil du vide, om du i \u00f8jeblikket er p\u00e5virket af lysforurening? S\u00e5 tag et kig p\u00e5 lysforureningskortet nu!<\/p><div id=\"weath-229437631\" class=\"weath-inhalt_2 weath-entity-placement\" style=\"margin-top: 15px;margin-right: 25px;margin-bottom: 35px;margin-left: 25px;\"><script async src=\"\/\/pagead2.googlesyndication.com\/pagead\/js\/adsbygoogle.js?client=ca-pub-8960936133935804\" crossorigin=\"anonymous\"><\/script><ins class=\"adsbygoogle\" style=\"display:block;\" data-ad-client=\"ca-pub-8960936133935804\" \ndata-ad-slot=\"1963584050\" \ndata-ad-format=\"auto\"><\/ins>\n<script> \n(adsbygoogle = window.adsbygoogle || []).push({}); \n<\/script>\n<\/div>\n\n\n\n<iframe loading=\"lazy\" id=\"Lichtverschmutzung\" width=\"1300\" height=\"480\" src=\"https:\/\/www.lightpollutionmap.info\/#zoom=1&#038;lat=12&#038;lon=-86&#038;layers=B0FFFFFFFTFFFFFFFFFFF\" frameborder=\"0\"><\/iframe>\n\n\n\n<p class=\"has-text-align-center\"><sub>Lysforureningskortet viser dig omr\u00e5der med h\u00f8j lysforurening i forskellige farver. Vi forklarer, hvilken farve der betyder hvad.<\/sub><\/p>\n\n\n\n<h2 class=\"wp-block-heading\"><strong>S\u00e5dan fortolker du lysforureningskortet:<\/strong><\/h2>\n\n\n\n<p>Du kan se mange forskellige farver p\u00e5 lysforureningskortet. Disse farver giver dig et pr\u00e6cist indblik i, hvor du kan forvente lysforurening. <strong>Farveskalaen kan fortolkes p\u00e5 f\u00f8lgende m\u00e5de:<\/strong><\/p>\n\n\n\n<ul class=\"wp-block-list\">\n<li>Farverne m\u00f8rkegr\u00e5, lysegr\u00e5, m\u00f8rkebl\u00e5 og lysebl\u00e5 indikerer meget lav lysforurening. Du vil is\u00e6r finde disse omr\u00e5der over <a href=\"https:\/\/weather-radar-live.com\/da\/havniveau\/\">havomr\u00e5der<\/a> eller p\u00e5 \u00e5bent hav.<\/li>\n\n\n\n<li>Farverne gr\u00f8n, gul og orange indikerer let til moderat lysforurening.<\/li>\n\n\n\n<li>R\u00f8d, violet og hvid angiver omr\u00e5der med st\u00e6rk til meget st\u00e6rk lysforurening. Sandsynligheden for at kunne se stjerner inden for dette omr\u00e5de er meget lav.<\/li>\n<\/ul>\n\n\n\n<h2 class=\"wp-block-heading\"><a href=\"https:\/\/emojipedia.org\/light-bulb\/\"><br><\/a>\ud83d\udca1 <strong>Hvad du skal vide om lysforurening!<\/strong><\/h2>\n\n\n\n<div class=\"wp-block-columns is-layout-flex wp-container-core-columns-is-layout-9d6595d7 wp-block-columns-is-layout-flex\">\n<div class=\"wp-block-column is-layout-flow wp-block-column-is-layout-flow\">\n<figure class=\"wp-block-image size-full\"><img loading=\"lazy\" decoding=\"async\" width=\"640\" height=\"760\" src=\"https:\/\/weather-radar-live.com\/wp-content\/uploads\/2024\/11\/Lichtverschmutzung-ist-auch-auserhalb-der-Stadt-sichtbar.jpg\" alt=\"Lysforurening uden for byer.\" class=\"wp-image-7978\" srcset=\"https:\/\/weather-radar-live.com\/wp-content\/uploads\/2024\/11\/Lichtverschmutzung-ist-auch-auserhalb-der-Stadt-sichtbar.jpg 640w, https:\/\/weather-radar-live.com\/wp-content\/uploads\/2024\/11\/Lichtverschmutzung-ist-auch-auserhalb-der-Stadt-sichtbar-253x300.jpg 253w\" sizes=\"auto, (max-width: 640px) 100vw, 640px\" \/><figcaption class=\"wp-element-caption\">Selv mindre byer kan for\u00e5rsage lysforurening i det omkringliggende omr\u00e5de. (Foto: <a href=\"https:\/\/www.pexels.com\/de-de\/foto\/schwarze-betonstrasse-wahrend-der-nacht-412026\/\" rel=\"nofollow\">pexels.com<\/a> | <a href=\"https:\/\/www.pexels.com\/de-de\/@tomas-anunziata-129267\/\" rel=\"nofollow\">Tomas Anunziata<\/a>)<\/figcaption><\/figure>\n<\/div>\n\n\n\n<div class=\"wp-block-column is-layout-flow wp-block-column-is-layout-flow\">\n<h2 class=\"wp-block-heading\"><strong>Indholdsfortegnelse<\/strong><\/h2>\n\n\n\n<p class=\"has-medium-font-size\"><strong><a href=\"#Definition-og-oprindelse-af-lysforurening\">Definition og oprindelse af lysforurening<\/a><\/strong><\/p>\n\n\n\n<ul class=\"wp-block-list\">\n<li><a href=\"#Hvad-er-lysforurening?---Lysforurening-forklaret-enkelt!\">Hvad er lysforurening? &#8211; Lysforurening forklaret enkelt!<\/a><\/li>\n\n\n\n<li><a href=\"#Hvordan-opst\u00e5r-lysforurening?\">Hvordan opst\u00e5r lysforurening?<\/a><\/li>\n<\/ul>\n\n\n\n<p class=\"has-medium-font-size\"><strong><a href=\"#Virkninger-af-lysforurening\">Effekter af lysforurening<\/a><\/strong><\/p>\n\n\n\n<ul class=\"wp-block-list\">\n<li><a href=\"#Hvorfor-er-lysforurening-d\u00e5rligt?\">Hvorfor er lysforurening d\u00e5rligt?<\/a><\/li>\n\n\n\n<li><a href=\"#Hvem-tager-s\u00e6rligt-skade-af-lysforurening?\">Hvem tager is\u00e6r skade af lysforurening?<\/a><\/li>\n<\/ul>\n\n\n\n<p class=\"has-medium-font-size\"><strong><a href=\"#Undg\u00e5else-af-lysforurening\">S\u00e5dan undg\u00e5r du lysforurening<\/a><\/strong><\/p>\n\n\n\n<ul class=\"wp-block-list\">\n<li><a href=\"#Eksempler-p\u00e5-lysforurening\">Eksempler p\u00e5 lysforurening<\/a><\/li>\n\n\n\n<li><a href=\"#Findes-der-love-om-lysforurening?\">Findes der love om lysforurening?<\/a><\/li>\n\n\n\n<li><a href=\"#Hvordan-kan-jeg-undg\u00e5-lysforurening?\">Hvordan kan jeg undg\u00e5 lysforurening?<\/a><\/li>\n<\/ul>\n\n\n\n<p class=\"has-medium-font-size\"><strong><a href=\"#At-g\u00f8re-lysforurening-h\u00e5ndgribelig\">G\u00f8r lysforurening h\u00e5ndgribelig<\/a><\/strong><\/p>\n\n\n\n<ul class=\"wp-block-list\">\n<li><a href=\"#Hvordan-m\u00e5ler-man-lysforurening?\">Hvordan m\u00e5ler man lysforurening?<\/a><\/li>\n\n\n\n<li><a href=\"#Hvor-er-lysforureningen-mindst?\">Hvor er lysforureningen lavest?<\/a><\/li>\n<\/ul>\n<\/div>\n<\/div>\n\n\n\n<p>Nu hvor vi har introduceret dig til lysforureningskortet, vil vi gerne se n\u00e6rmere p\u00e5 emnet lysforurening og besvare de vigtigste sp\u00f8rgsm\u00e5l. M\u00e5ske kan du ogs\u00e5 genkende et eller to sp\u00f8rgsm\u00e5l, som du allerede har stillet dig selv om lysforurening.<\/p>\n\n\n\n<h2 class=\"wp-block-heading\" id=\"Definition-og-oprindelse-af-lysforurening\">\ud83d\udccd <strong>Definition og oprindelse af lysforurening<\/strong><\/h2>\n\n\n\n<h3 class=\"wp-block-heading\" id=\"Hvad-er-lysforurening?---Lysforurening-forklaret-enkelt!\"><strong>Hvad er lysforurening? &#8211; Lysforurening forklaret enkelt!<\/strong><\/h3>\n\n\n\n<p>F\u00f8r vi ser n\u00e6rmere p\u00e5 emnet lysforurening og dets konsekvenser, skal vi f\u00f8rst forst\u00e5, hvad lysforurening helt pr\u00e6cist er. Hvad er lysforurening enkelt forklaret? Lysforurening, lysforurening eller lyssmog beskriver den kunstige lysning af nattehimlen ved brug af menneskeskabte lyskilder som projekt\u00f8rer, lanterner eller andre belysningskilder.<\/p>\n\n\n\n<h3 class=\"wp-block-heading\" id=\"Hvordan-opst\u00e5r-lysforurening?\"><strong>Hvordan opst\u00e5r lysforurening?<\/strong><\/h3>\n\n\n\n<p>Lysforurening for\u00e5rsages af en kunstig lyskilde og atmosf\u00e6ren. N\u00e5r lyset udsendes, og lysstr\u00e5lingen n\u00e5r atmosf\u00e6ren, spredes denne str\u00e5ling der. Resultatet er en storstilet belysning af nattehimlen over lyskilden(e). Store omr\u00e5der med lysforurening opst\u00e5r is\u00e6r, n\u00e5r der er mange individuelle, st\u00e6rke lyskilder rettet mod himlen.<\/p>\n\n\n\n<h2 class=\"wp-block-heading\" id=\"Virkninger-af-lysforurening\"><strong>\ud83d\udccdVirkninger af lysforurening<\/strong><\/h2>\n\n\n\n<h3 class=\"wp-block-heading\" id=\"Hvorfor-er-lysforurening-d\u00e5rligt?\"><strong>Hvorfor er lysforurening d\u00e5rligt?<\/strong><\/h3>\n\n\n\n<p>Ved f\u00f8rste \u00f8jekast lyder forurening for\u00e5rsaget af kunstigt lys ikke s\u00e6rlig tragisk. F\u00f8rst ved n\u00e6rmere eftersyn bliver det klart, hvorfor lysforurening kan blive et reelt problem. Den kunstige lysstr\u00e5ling p\u00e5 himlen g\u00f8r det meget sv\u00e6rere eller n\u00e6sten umuligt at se stjernerne. For nogle af os, der kun af og til kigger op p\u00e5 nattehimlen, vil det sikkert ikke v\u00e6re et stort problem. Men der er is\u00e6r \u00e9n faggruppe, hvis arbejde p\u00e5virkes af lysforureningen. Men mere om det om et \u00f8jeblik.<\/p>\n\n\n\n<p>Kunstige lyskilder kan have en negativ indvirkning p\u00e5 mennesker om natten. Overdreven eksponering for lys forhindrer f.eks. produktionen af s\u00f8vnhormonet melatonin og g\u00f8r det sv\u00e6rere for os at sove. Men kunstigt lys p\u00e5virker ogs\u00e5 i stigende grad dyreverdenen: Det har is\u00e6r betydning for nataktive fugle og insekter, hvis evne til at finde vej bliver forstyrret af lyset.<\/p>\n\n\n\n<h3 class=\"wp-block-heading\" id=\"Hvem-tager-s\u00e6rligt-skade-af-lysforurening?\"><strong>Hvem tager s\u00e6rligt skade af lysforurening?<\/strong><\/h3>\n\n\n\n<p>Vi taler her om astronomer, hvis observationer og resultater udg\u00f8r et vigtigt bidrag til forskningen i universet og (astro)fysikken. Under p\u00e5virkning af lysforurening er det umuligt for dem at studere rummet med teleskoper eller tage brugbare billeder af rummet til videre forskning. Is\u00e6r lysende satellitter kan forstyrre langtidseksponerede billeder af rummet eller endda g\u00f8re dem helt ubrugelige. Derfor placeres observatorier eller store reflektorteleskoper i stigende grad p\u00e5 fjerntliggende steder for at reducere lysindfaldet til et minimum.<\/p>\n\n\n\n<h2 class=\"wp-block-heading\" id=\"Undg\u00e5else-af-lysforurening\"><strong>\ud83d\udccdUndg\u00e5else af lysforurening<\/strong><\/h2>\n\n\n\n<h3 class=\"wp-block-heading\" id=\"Eksempler-p\u00e5-lysforurening\"><strong>Eksempler p\u00e5 lysforurening<\/strong><\/h3>\n\n\n\n<p>De fleste kilder til lysforurening befinder sig p\u00e5 jorden. Gadelygter, bygningsbelysning, projekt\u00f8rer og industriel belysning er de vigtigste bidragydere til lyssmog.<\/p>\n\n\n\n<p>Uden for jordoverfladen er <a href=\"https:\/\/weather-radar-live.com\/da\/satellite-map\/\">satellitter<\/a>, <a href=\"https:\/\/weather-radar-live.com\/da\/flyradar\/\">fly<\/a> og andre luftfart\u00f8jer som f.eks. helikoptere de vigtigste kilder til lysemissioner.<\/p>\n\n\n\n<h3 class=\"wp-block-heading\" id=\"Findes-der-love-om-lysforurening?\"><strong>Findes der love om lysforurening?<\/strong><\/h3>\n\n\n\n<p>Med sin indvirkning p\u00e5 mennesker og natur kan lysforurening helt sikkert regnes som milj\u00f8forurening. I lang tid var der dog ingen love, der regulerede udsendelsen af lys. Men nu findes der love i forskellige lande, som regulerer lysudslippet mere pr\u00e6cist.<\/p>\n\n\n\n<h3 class=\"wp-block-heading\" id=\"Hvordan-kan-jeg-undg\u00e5-lysforurening?\"><strong>Hvordan kan jeg undg\u00e5 lysforurening?<\/strong><\/h3>\n\n\n\n<p>Vi kan alle selv g\u00f8re noget for at reducere lysforureningen. N\u00e5r vi bruger lyskilder indend\u00f8rs og udend\u00f8rs, b\u00f8r vi altid sp\u00f8rge os selv, om der virkelig er brug for lyset. Vi b\u00f8r ogs\u00e5 s\u00f8rge for, at lyskilden er placeret og justeret p\u00e5 en s\u00e5dan m\u00e5de, at den kun oplyser det anvendelige omr\u00e5de. Sidst, men ikke mindst, skal lyspunktets h\u00f8jde altid indstilles s\u00e5 lavt som muligt.<\/p>\n\n\n\n<h2 class=\"wp-block-heading\" id=\"At-g\u00f8re-lysforurening-h\u00e5ndgribelig\"><strong>\ud83d\udccdAt g\u00f8re lysforurening h\u00e5ndgribelig<\/strong><\/h2>\n\n\n\n<h3 class=\"wp-block-heading\" id=\"Hvordan-m\u00e5ler-man-lysforurening?\"><strong>Hvordan m\u00e5ler man lysforurening?<\/strong><\/h3>\n\n\n\n<p>Styrken af lysforurening m\u00e5les ved hj\u00e6lp af enheden &#8220;SQM&#8221;. Oversat betyder denne forkortelse Sky Quality Meter. Enheden angiver graden af lysforurening pr. buesekund p\u00e5 nattehimlen. Et buesekund er en vinkelm\u00e5leenhed, der svarer til 1\/3600 af en grad. Bortle-skalaen er ogs\u00e5 velegnet til at vurdere lysemissioner.<\/p>\n\n\n\n<p>Jo h\u00f8jere Sky Quality Meter er, jo st\u00f8rre er lyseksponeringen. Det modsatte g\u00e6lder for Bortle-skalaen. F\u00f8lgende tabel giver et godt overblik over, hvordan SQM og Bortle kan fortolkes.<\/p>\n\n\n\n<figure class=\"wp-block-table\"><table><tbody><tr><td><strong>SQM<\/strong><\/td><td><strong>Bortle<\/strong><\/td><td><strong>Beskrivelse<\/strong><\/td><\/tr><tr><td>18.0<\/td><td>8<\/td><td>Byhimmel, n\u00e6sten ingen stjerner synlige<\/td><\/tr><tr><td>18.3<\/td><td>7<\/td><td>Forstadshimmel med tendens til byhimmel, kun meget f\u00e5 stjerner synlige<\/td><\/tr><tr><td>18.8<\/td><td>6<\/td><td>Lys forstadshimmel med oplyst himmel, M\u00e6lkevejen er ikke synlig<\/td><\/tr><tr><td>19.8<\/td><td>5<\/td><td>Forstadshimmel med knap synlig M\u00e6lkevej<\/td><\/tr><tr><td>20.9<\/td><td>4<\/td><td>Nattehimmel med tendens til forstadshimmel, skyer i zenitlyset<\/td><\/tr><tr><td>21.4<\/td><td>3<\/td><td>landlig nattehimmel, lyse skyer i horisonten p\u00e5 grund af lys<\/td><\/tr><tr><td>21.6<\/td><td>2<\/td><td>Meget m\u00f8rk nattehimmel uden m\u00e6rkbare lysemissioner<\/td><\/tr><tr><td>21.85<\/td><td>1<\/td><td>Helt m\u00f8rk nattehimmel uden p\u00e5virkning fra lyskilder<\/td><\/tr><\/tbody><\/table><\/figure>\n\n\n\n<h3 class=\"wp-block-heading\" id=\"Hvor-er-lysforureningen-mindst?\"><strong>Hvor er lysforureningen mindst?<\/strong><\/h3>\n\n\n\n<p>For at svare pr\u00e6cist p\u00e5 dette sp\u00f8rgsm\u00e5l skal du kigge p\u00e5 lysforureningskortet. Kig efter gr\u00e5, bl\u00e5 eller gr\u00f8nne omr\u00e5der. Inden for disse omr\u00e5der kan du forvente et minimum af lyssmog.<\/p>\n","protected":false},"excerpt":{"rendered":"<p>Lysforurening &#8211; aktuel lysforurening i mit omr\u00e5de? Lysforurening, lyssmog, lysforurening eller lysforurening &#8211; alle disse udtryk beskriver et problem, der er blevet mere relevant og h\u00f8rt i de senere \u00e5r: Vi taler om den kunstige lysning af nattehimlen. Ved f\u00f8rste \u00f8jekast lyder det m\u00e5ske ikke s\u00e6rlig dramatisk. Men ved n\u00e6rmere eftersyn bliver det hurtigt klart, &#8230; <a title=\"Lysforurening\" class=\"read-more\" href=\"https:\/\/weather-radar-live.com\/da\/lysforurening\/\" aria-label=\"Read more about Lysforurening\">L\u00e6s mere <\/a><\/p>\n","protected":false},"author":1,"featured_media":0,"parent":0,"menu_order":0,"comment_status":"closed","ping_status":"closed","template":"","meta":{"footnotes":""},"class_list":["post-7921","page","type-page","status-publish"],"yoast_head":"<!-- This site is optimized with the Yoast SEO plugin v27.5 - https:\/\/yoast.com\/product\/yoast-seo-wordpress\/ -->\n<title>Lysforurening og aktuelt kort over lysforurening<\/title>\n<meta name=\"description\" content=\"Hvad er lysforurening? Hvor kan du forvente lysforurening i \u00f8jeblikket? Alt, hvad du har brug for at vide om lysforurening!\" \/>\n<meta name=\"robots\" content=\"index, follow, max-snippet:-1, max-image-preview:large, max-video-preview:-1\" \/>\n<link rel=\"canonical\" href=\"https:\/\/weather-radar-live.com\/da\/lysforurening\/\" \/>\n<meta property=\"og:locale\" content=\"da_DK\" \/>\n<meta property=\"og:type\" content=\"article\" \/>\n<meta property=\"og:title\" content=\"Lysforurening og aktuelt kort over lysforurening\" \/>\n<meta property=\"og:description\" content=\"Hvad er lysforurening? Hvor kan du forvente lysforurening i \u00f8jeblikket? Alt, hvad du har brug for at vide om lysforurening!\" \/>\n<meta property=\"og:url\" content=\"https:\/\/weather-radar-live.com\/da\/lysforurening\/\" \/>\n<meta property=\"og:site_name\" content=\"weather-radar-live.com\" \/>\n<meta property=\"article:modified_time\" content=\"2024-11-30T18:05:37+00:00\" \/>\n<meta property=\"og:image\" content=\"https:\/\/weather-radar-live.com\/wp-content\/uploads\/2024\/11\/Lichtverschmutzung-ist-auch-auserhalb-der-Stadt-sichtbar.jpg\" \/>\n\t<meta property=\"og:image:width\" content=\"640\" \/>\n\t<meta property=\"og:image:height\" content=\"760\" \/>\n\t<meta property=\"og:image:type\" content=\"image\/jpeg\" \/>\n<meta name=\"twitter:card\" content=\"summary_large_image\" \/>\n<meta name=\"twitter:label1\" content=\"Estimeret l\u00e6setid\" \/>\n\t<meta name=\"twitter:data1\" content=\"5 minutter\" \/>\n<script type=\"application\/ld+json\" class=\"yoast-schema-graph\">{\"@context\":\"https:\\\/\\\/schema.org\",\"@graph\":[{\"@type\":\"WebPage\",\"@id\":\"https:\\\/\\\/weather-radar-live.com\\\/da\\\/lysforurening\\\/\",\"url\":\"https:\\\/\\\/weather-radar-live.com\\\/da\\\/lysforurening\\\/\",\"name\":\"Lysforurening og aktuelt kort over lysforurening\",\"isPartOf\":{\"@id\":\"https:\\\/\\\/weather-radar-live.com\\\/#website\"},\"primaryImageOfPage\":{\"@id\":\"https:\\\/\\\/weather-radar-live.com\\\/da\\\/lysforurening\\\/#primaryimage\"},\"image\":{\"@id\":\"https:\\\/\\\/weather-radar-live.com\\\/da\\\/lysforurening\\\/#primaryimage\"},\"thumbnailUrl\":\"https:\\\/\\\/weather-radar-live.com\\\/wp-content\\\/uploads\\\/2024\\\/11\\\/Lichtverschmutzung-ist-auch-auserhalb-der-Stadt-sichtbar.jpg\",\"datePublished\":\"2024-11-30T17:00:23+00:00\",\"dateModified\":\"2024-11-30T18:05:37+00:00\",\"description\":\"Hvad er lysforurening? Hvor kan du forvente lysforurening i \u00f8jeblikket? Alt, hvad du har brug for at vide om lysforurening!\",\"breadcrumb\":{\"@id\":\"https:\\\/\\\/weather-radar-live.com\\\/da\\\/lysforurening\\\/#breadcrumb\"},\"inLanguage\":\"da-DK\",\"potentialAction\":[{\"@type\":\"ReadAction\",\"target\":[\"https:\\\/\\\/weather-radar-live.com\\\/da\\\/lysforurening\\\/\"]}]},{\"@type\":\"ImageObject\",\"inLanguage\":\"da-DK\",\"@id\":\"https:\\\/\\\/weather-radar-live.com\\\/da\\\/lysforurening\\\/#primaryimage\",\"url\":\"https:\\\/\\\/weather-radar-live.com\\\/wp-content\\\/uploads\\\/2024\\\/11\\\/Lichtverschmutzung-ist-auch-auserhalb-der-Stadt-sichtbar.jpg\",\"contentUrl\":\"https:\\\/\\\/weather-radar-live.com\\\/wp-content\\\/uploads\\\/2024\\\/11\\\/Lichtverschmutzung-ist-auch-auserhalb-der-Stadt-sichtbar.jpg\"},{\"@type\":\"BreadcrumbList\",\"@id\":\"https:\\\/\\\/weather-radar-live.com\\\/da\\\/lysforurening\\\/#breadcrumb\",\"itemListElement\":[{\"@type\":\"ListItem\",\"position\":1,\"name\":\"Weather Radar Live\",\"item\":\"https:\\\/\\\/weather-radar-live.com\\\/da\\\/\"},{\"@type\":\"ListItem\",\"position\":2,\"name\":\"Lysforurening\"}]},{\"@type\":\"WebSite\",\"@id\":\"https:\\\/\\\/weather-radar-live.com\\\/#website\",\"url\":\"https:\\\/\\\/weather-radar-live.com\\\/\",\"name\":\"weather-radar-live.com\",\"description\":\"Your weather and sky radar.\",\"publisher\":{\"@id\":\"https:\\\/\\\/weather-radar-live.com\\\/#organization\"},\"potentialAction\":[{\"@type\":\"SearchAction\",\"target\":{\"@type\":\"EntryPoint\",\"urlTemplate\":\"https:\\\/\\\/weather-radar-live.com\\\/?s={search_term_string}\"},\"query-input\":{\"@type\":\"PropertyValueSpecification\",\"valueRequired\":true,\"valueName\":\"search_term_string\"}}],\"inLanguage\":\"da-DK\"},{\"@type\":\"Organization\",\"@id\":\"https:\\\/\\\/weather-radar-live.com\\\/#organization\",\"name\":\"weather-radar-live.com\",\"url\":\"https:\\\/\\\/weather-radar-live.com\\\/\",\"logo\":{\"@type\":\"ImageObject\",\"inLanguage\":\"da-DK\",\"@id\":\"https:\\\/\\\/weather-radar-live.com\\\/#\\\/schema\\\/logo\\\/image\\\/\",\"url\":\"https:\\\/\\\/weather-radar-live.com\\\/wp-content\\\/uploads\\\/2022\\\/03\\\/cropped-WRL2503.png\",\"contentUrl\":\"https:\\\/\\\/weather-radar-live.com\\\/wp-content\\\/uploads\\\/2022\\\/03\\\/cropped-WRL2503.png\",\"width\":1920,\"height\":555,\"caption\":\"weather-radar-live.com\"},\"image\":{\"@id\":\"https:\\\/\\\/weather-radar-live.com\\\/#\\\/schema\\\/logo\\\/image\\\/\"}}]}<\/script>\n<!-- \/ Yoast SEO plugin. -->","yoast_head_json":{"title":"Lysforurening og aktuelt kort over lysforurening","description":"Hvad er lysforurening? Hvor kan du forvente lysforurening i \u00f8jeblikket? Alt, hvad du har brug for at vide om lysforurening!","robots":{"index":"index","follow":"follow","max-snippet":"max-snippet:-1","max-image-preview":"max-image-preview:large","max-video-preview":"max-video-preview:-1"},"canonical":"https:\/\/weather-radar-live.com\/da\/lysforurening\/","og_locale":"da_DK","og_type":"article","og_title":"Lysforurening og aktuelt kort over lysforurening","og_description":"Hvad er lysforurening? Hvor kan du forvente lysforurening i \u00f8jeblikket? Alt, hvad du har brug for at vide om lysforurening!","og_url":"https:\/\/weather-radar-live.com\/da\/lysforurening\/","og_site_name":"weather-radar-live.com","article_modified_time":"2024-11-30T18:05:37+00:00","og_image":[{"width":640,"height":760,"url":"https:\/\/weather-radar-live.com\/wp-content\/uploads\/2024\/11\/Lichtverschmutzung-ist-auch-auserhalb-der-Stadt-sichtbar.jpg","type":"image\/jpeg"}],"twitter_card":"summary_large_image","twitter_misc":{"Estimeret l\u00e6setid":"5 minutter"},"schema":{"@context":"https:\/\/schema.org","@graph":[{"@type":"WebPage","@id":"https:\/\/weather-radar-live.com\/da\/lysforurening\/","url":"https:\/\/weather-radar-live.com\/da\/lysforurening\/","name":"Lysforurening og aktuelt kort over lysforurening","isPartOf":{"@id":"https:\/\/weather-radar-live.com\/#website"},"primaryImageOfPage":{"@id":"https:\/\/weather-radar-live.com\/da\/lysforurening\/#primaryimage"},"image":{"@id":"https:\/\/weather-radar-live.com\/da\/lysforurening\/#primaryimage"},"thumbnailUrl":"https:\/\/weather-radar-live.com\/wp-content\/uploads\/2024\/11\/Lichtverschmutzung-ist-auch-auserhalb-der-Stadt-sichtbar.jpg","datePublished":"2024-11-30T17:00:23+00:00","dateModified":"2024-11-30T18:05:37+00:00","description":"Hvad er lysforurening? Hvor kan du forvente lysforurening i \u00f8jeblikket? Alt, hvad du har brug for at vide om lysforurening!","breadcrumb":{"@id":"https:\/\/weather-radar-live.com\/da\/lysforurening\/#breadcrumb"},"inLanguage":"da-DK","potentialAction":[{"@type":"ReadAction","target":["https:\/\/weather-radar-live.com\/da\/lysforurening\/"]}]},{"@type":"ImageObject","inLanguage":"da-DK","@id":"https:\/\/weather-radar-live.com\/da\/lysforurening\/#primaryimage","url":"https:\/\/weather-radar-live.com\/wp-content\/uploads\/2024\/11\/Lichtverschmutzung-ist-auch-auserhalb-der-Stadt-sichtbar.jpg","contentUrl":"https:\/\/weather-radar-live.com\/wp-content\/uploads\/2024\/11\/Lichtverschmutzung-ist-auch-auserhalb-der-Stadt-sichtbar.jpg"},{"@type":"BreadcrumbList","@id":"https:\/\/weather-radar-live.com\/da\/lysforurening\/#breadcrumb","itemListElement":[{"@type":"ListItem","position":1,"name":"Weather Radar Live","item":"https:\/\/weather-radar-live.com\/da\/"},{"@type":"ListItem","position":2,"name":"Lysforurening"}]},{"@type":"WebSite","@id":"https:\/\/weather-radar-live.com\/#website","url":"https:\/\/weather-radar-live.com\/","name":"weather-radar-live.com","description":"Your weather and sky radar.","publisher":{"@id":"https:\/\/weather-radar-live.com\/#organization"},"potentialAction":[{"@type":"SearchAction","target":{"@type":"EntryPoint","urlTemplate":"https:\/\/weather-radar-live.com\/?s={search_term_string}"},"query-input":{"@type":"PropertyValueSpecification","valueRequired":true,"valueName":"search_term_string"}}],"inLanguage":"da-DK"},{"@type":"Organization","@id":"https:\/\/weather-radar-live.com\/#organization","name":"weather-radar-live.com","url":"https:\/\/weather-radar-live.com\/","logo":{"@type":"ImageObject","inLanguage":"da-DK","@id":"https:\/\/weather-radar-live.com\/#\/schema\/logo\/image\/","url":"https:\/\/weather-radar-live.com\/wp-content\/uploads\/2022\/03\/cropped-WRL2503.png","contentUrl":"https:\/\/weather-radar-live.com\/wp-content\/uploads\/2022\/03\/cropped-WRL2503.png","width":1920,"height":555,"caption":"weather-radar-live.com"},"image":{"@id":"https:\/\/weather-radar-live.com\/#\/schema\/logo\/image\/"}}]}},"_links":{"self":[{"href":"https:\/\/weather-radar-live.com\/da\/wp-json\/wp\/v2\/pages\/7921","targetHints":{"allow":["GET"]}}],"collection":[{"href":"https:\/\/weather-radar-live.com\/da\/wp-json\/wp\/v2\/pages"}],"about":[{"href":"https:\/\/weather-radar-live.com\/da\/wp-json\/wp\/v2\/types\/page"}],"author":[{"embeddable":true,"href":"https:\/\/weather-radar-live.com\/da\/wp-json\/wp\/v2\/users\/1"}],"replies":[{"embeddable":true,"href":"https:\/\/weather-radar-live.com\/da\/wp-json\/wp\/v2\/comments?post=7921"}],"version-history":[{"count":4,"href":"https:\/\/weather-radar-live.com\/da\/wp-json\/wp\/v2\/pages\/7921\/revisions"}],"predecessor-version":[{"id":7988,"href":"https:\/\/weather-radar-live.com\/da\/wp-json\/wp\/v2\/pages\/7921\/revisions\/7988"}],"wp:attachment":[{"href":"https:\/\/weather-radar-live.com\/da\/wp-json\/wp\/v2\/media?parent=7921"}],"curies":[{"name":"wp","href":"https:\/\/api.w.org\/{rel}","templated":true}]}}