{"id":7410,"date":"2022-08-26T23:08:58","date_gmt":"2022-08-26T21:08:58","guid":{"rendered":"https:\/\/weather-radar-live.com\/?page_id=7410"},"modified":"2022-08-26T23:10:01","modified_gmt":"2022-08-26T21:10:01","slug":"webcam-madonna-di-campiglio","status":"publish","type":"page","link":"https:\/\/weather-radar-live.com\/da\/webcam\/italien\/webcam-madonna-di-campiglio\/","title":{"rendered":"Webcam Madonna di Campiglio"},"content":{"rendered":"<div id=\"weath-18088278\" class=\"weath-vor-dem-inhalt weath-entity-placement\" style=\"margin-top: 15px;margin-right: 25px;margin-bottom: 40px;margin-left: 25px;\"><script async src=\"\/\/pagead2.googlesyndication.com\/pagead\/js\/adsbygoogle.js?client=ca-pub-8960936133935804\" crossorigin=\"anonymous\"><\/script><ins class=\"adsbygoogle\" style=\"display:block;\" data-ad-client=\"ca-pub-8960936133935804\" \ndata-ad-slot=\"6172817020\" \ndata-ad-format=\"auto\"><\/ins>\n<script> \n(adsbygoogle = window.adsbygoogle || []).push({}); \n<\/script>\n<\/div>\n<div class=\"wp-block-cover alignfull is-light\"><span aria-hidden=\"true\" class=\"wp-block-cover__gradient-background has-background-dim\"><\/span><img decoding=\"async\" class=\"wp-block-cover__image-background wp-image-342\" alt=\"Webcam Madonna di Campiglio\" src=\"https:\/\/weather-radar-live.com\/wp-content\/uploads\/2021\/06\/sam-schooler-E9aetBe2w40-unsplash-e1622554814366.jpg\" data-object-fit=\"cover\"\/><div class=\"wp-block-cover__inner-container is-layout-flow wp-block-cover-is-layout-flow\">\n<h2 class=\"has-text-align-center heading wp-block-heading\" id=\"webcam-fort-mahon\" style=\"font-size:40px;text-transform:uppercase\"><strong><mark style=\"background-color:rgba(0, 0, 0, 0)\" class=\"has-inline-color has-base-3-color\">WEBCAM <\/mark><\/strong><br><strong><mark style=\"background-color:rgba(0, 0, 0, 0)\" class=\"has-inline-color has-base-3-color\">MADONNA DI CAMPIGLIO<\/mark><\/strong><\/h2>\n<\/div><\/div>\n\n\n<div class=\"yoast-breadcrumbs\"><span><span><a href=\"https:\/\/weather-radar-live.com\/da\/\">Weather Radar Live<\/a><\/span> \u00bb <span><a href=\"https:\/\/weather-radar-live.com\/da\/webcam\/\">Webcam<\/a><\/span> \u00bb <span><a href=\"https:\/\/weather-radar-live.com\/da\/webcam\/italien\/\">Italien<\/a><\/span> \u00bb <span class=\"breadcrumb_last\" aria-current=\"page\"><strong>Webcam Madonna di Campiglio<\/strong><\/span><\/span><\/div>\n\n\n<h2 class=\"has-text-align-center wp-block-heading\" id=\"webcam-fort-mahon\"><strong>Webcam Madonna di Campiglio<\/strong><\/h2>\n\n\n\n<p>Byen Madonna di Campiglio ligger 60 km nord i luftlinje fra Gardas\u00f8en og 30 km nordvest fra Trento. Mellem Brentagruppen og den gletscherd\u00e6kkede Adamello-Presanella-gruppe ligger den italienske by i det maleriske dalbassin beskyttet mod nordenvinden i 1.550 meters h\u00f8jde. Fordyb dig i byens betagende bjerglandskab med vores webcam Madonna di Campiglio og overbevis dig selv om det dr\u00f8mmeagtige panorama.<\/p>\n\n\n\n<p>Takket v\u00e6re sin unikke beliggenhed midt i Brenta Dolomitterne, som er blevet erkl\u00e6ret UNESCO&#8217;s verdensarvsliste, bliver Madonna di Campiglio ogs\u00e5 ofte omtalt som Dolomitternes perle. Tag p\u00e5 en tur til UNESCO&#8217;s Brenta Dolomitterne og lad dig fortrylles af den unikke flora og fauna midt i et smukt bjerglandskab.<\/p><div id=\"weath-2202650826\" class=\"weath-inhalt_2 weath-entity-placement\" style=\"margin-top: 15px;margin-right: 25px;margin-bottom: 35px;margin-left: 25px;\"><script async src=\"\/\/pagead2.googlesyndication.com\/pagead\/js\/adsbygoogle.js?client=ca-pub-8960936133935804\" crossorigin=\"anonymous\"><\/script><ins class=\"adsbygoogle\" style=\"display:block;\" data-ad-client=\"ca-pub-8960936133935804\" \ndata-ad-slot=\"1963584050\" \ndata-ad-format=\"auto\"><\/ins>\n<script> \n(adsbygoogle = window.adsbygoogle || []).push({}); \n<\/script>\n<\/div>\n\n\n\n<div class=\"wp-block-columns is-layout-flex wp-container-core-columns-is-layout-9d6595d7 wp-block-columns-is-layout-flex\">\n<div class=\"wp-block-column webcam-column is-layout-flow wp-block-column-is-layout-flow\">\n<h3 class=\"has-text-align-center wp-block-heading\"> \ud83d\udd34 <strong>Webcam<\/strong> <strong><strong><strong>Madonna di Campiglio<\/strong><\/strong><\/strong> &#8211; Passo Grost\u00e8<\/h3>\n\n\n\n<a name=\"windy-webcam-timelapse-player\" data-id=\"1450743056\" data-play=\"day\" href=\"https:\/\/windy.com\/webcams\/1450743056\" target=\"_blank\" rel=\"noopener\">Madonna di Campiglio: Grost\u00e8 stolelift &#8211; dalstation, Dolomiti di Brenta<\/a><script async=\"\" type=\"text\/javascript\" src=\"https:\/\/webcams.windy.com\/webcams\/public\/embed\/script\/player.js\"><\/script>\n<\/div>\n\n\n\n<div class=\"wp-block-column webcam-column is-layout-flow wp-block-column-is-layout-flow\">\n<h3 class=\"has-text-align-center wp-block-heading\"> \ud83d\udd34 <strong>Webcam Madonna di Campiglio<\/strong> &#8211; dalstation<\/h3>\n\n\n\n<a name=\"windy-webcam-timelapse-player\" data-id=\"1452643909\" data-play=\"day\" href=\"https:\/\/windy.com\/webcams\/1452643909\" target=\"_blank\" rel=\"noopener\">Madonna di Campiglio: Grost\u00e8 stolelift &#8211; dalstation<\/a><script async=\"\" type=\"text\/javascript\" src=\"https:\/\/webcams.windy.com\/webcams\/public\/embed\/script\/player.js\"><\/script>\n<\/div>\n<\/div>\n\n\n\n<div class=\"wp-block-columns is-layout-flex wp-container-core-columns-is-layout-9d6595d7 wp-block-columns-is-layout-flex\">\n<div class=\"wp-block-column webcam-column is-layout-flow wp-block-column-is-layout-flow\">\n<h3 class=\"has-text-align-center wp-block-heading\"> \ud83d\udd34 <strong>Webcam<\/strong> <strong><strong><strong>Madonna di Campiglio<\/strong><\/strong><\/strong> &#8211; Rifugio Graffer<\/h3>\n\n\n\n<a name=\"windy-webcam-timelapse-player\" data-id=\"1447891873\" data-play=\"day\" href=\"https:\/\/windy.com\/webcams\/1447891873\" target=\"_blank\" rel=\"noopener\">Madonna di Campiglio: Grost\u00e8 stolelift &#8211; dalstation, Rifugio Graffer<\/a><script async=\"\" type=\"text\/javascript\" src=\"https:\/\/webcams.windy.com\/webcams\/public\/embed\/script\/player.js\"><\/script>\n<\/div>\n\n\n\n<div class=\"wp-block-column webcam-column is-layout-flow wp-block-column-is-layout-flow\">\n<h3 class=\"has-text-align-center wp-block-heading\"> \ud83d\udd34 <strong>Webcam Madonna di Campiglio<\/strong> &#8211; Groste<\/h3>\n\n\n\n<a name=\"windy-webcam-timelapse-player\" data-id=\"1592498103\" data-play=\"day\" href=\"https:\/\/windy.com\/webcams\/1592498103\" target=\"_blank\" rel=\"noopener\">Tre Ville: Madonna di Campiglio &#8211; Groste<\/a><script async=\"\" type=\"text\/javascript\" src=\"https:\/\/webcams.windy.com\/webcams\/public\/embed\/script\/player.js\"><\/script>\n<\/div>\n<\/div>\n\n\n\n<div class=\"wp-block-columns is-layout-flex wp-container-core-columns-is-layout-9d6595d7 wp-block-columns-is-layout-flex\">\n<div class=\"wp-block-column is-layout-flow wp-block-column-is-layout-flow\" style=\"flex-basis:25%\"><\/div>\n\n\n\n<div class=\"wp-block-column webcam-column is-layout-flow wp-block-column-is-layout-flow\">\n<h3 class=\"has-text-align-center wp-block-heading\"> \ud83d\udd34 <strong>Webcam <strong><strong><strong>Madonna di Campiglio<\/strong><\/strong><\/strong><\/strong> &#8211; Snowpark<\/h3>\n\n\n\n<a name=\"windy-webcam-timelapse-player\" data-id=\"1320675976\" data-play=\"day\" href=\"https:\/\/windy.com\/webcams\/1320675976\" target=\"_blank\" rel=\"noopener\">Pinzolo: Snowpark Madonna di Campiglio: Snowpark Madonna di Campiglio<\/a><script async=\"\" type=\"text\/javascript\" src=\"https:\/\/webcams.windy.com\/webcams\/public\/embed\/script\/player.js\"><\/script>\n<\/div>\n\n\n\n<div class=\"wp-block-column is-layout-flow wp-block-column-is-layout-flow\" style=\"flex-basis:25%\"><\/div>\n<\/div>\n\n\n\n<h2 class=\"wp-block-heading\" id=\"fort-mahon-today\"><strong>Vejrradar Madonna di Campiglio &#8211; Vejret i Madonna di Campiglio<\/strong><\/h2>\n\n\n\n<p>Med vores webcam Madonna di Campiglio vil du blive informeret i realtid om de aktuelle vejrforhold p\u00e5 stedet. Live-billederne fra vores webcams suppleres af vores vejrradar, som giver dig yderligere oplysninger om den aktuelle vejrudsigt og nedb\u00f8rsomr\u00e5der. Alle nedb\u00f8rsomr\u00e5der er markeret i forskellige farver afh\u00e6ngigt af deres intensitet. Bl\u00e5 og gr\u00f8nne omr\u00e5der indikerer lav nedb\u00f8r, mens lilla og r\u00f8de omr\u00e5der st\u00e5r for kraftig nedb\u00f8r med muligt stormpotentiale. Desuden viser vejrradaren dig alle tordenvejr med sm\u00e5 lynsymboler. S\u00e5 med vores vejrradar og webcams ved du altid det bedste om de aktuelle vejrforhold i Madonna di Campiglio.<\/p>\n\n\n\n<div class=\"wp-block-columns is-layout-flex wp-container-core-columns-is-layout-9d6595d7 wp-block-columns-is-layout-flex\">\n<div class=\"wp-block-column is-layout-flow wp-block-column-is-layout-flow\" style=\"flex-basis:75%\">\n<iframe loading=\"lazy\" width=\"1300\" height=\"502\" src=\"https:\/\/embed.windy.com\/embed2.html?lat=46.219&amp;lon=10.785&amp;detailLat=46.219&amp;detailLon=10.785&amp;width=1300&amp;height=502&amp;zoom=11&amp;level=surface&amp;overlay=rain&amp;product=ecmwf&amp;menu=&amp;message=&amp;marker=&amp;calendar=now&amp;pressure=&amp;type=map&amp;location=coordinates&amp;detail=&amp;metricWind=default&amp;metricTemp=default&amp;radarRange=-1\" frameborder=\"0\"><\/iframe>\n<\/div>\n\n\n\n<div class=\"wp-block-column is-layout-flow wp-block-column-is-layout-flow\" style=\"flex-basis:25%\">\n<a class=\"weatherwidget-io\" href=\"https:\/\/forecast7.com\/da\/46d2310d83\/madonna-di-campiglio\/\" data-label_1=\"MADONNA DI CAMPIGLIO\" data-theme=\"original\" >MADONNA DI CAMPIGLIO<\/a>\n<script>\n!function(d,s,id){var js,fjs=d.getElementsByTagName(s)[0];if(!d.getElementById(id)){js=d.createElement(s);js.id=id;js.src='https:\/\/weatherwidget.io\/js\/widget.min.js';fjs.parentNode.insertBefore(js,fjs);}}(document,'script','weatherwidget-io-js');\n<\/script>\n<\/div>\n<\/div>\n\n\n\n<h2 class=\"wp-block-heading\" id=\"fort-mahon-weather\"><strong>Klimaet i Madonna di Campiglio<\/strong><\/h2>\n\n\n\n<p>Madonna di Campiglio er kendetegnet ved sit kontinentale klima med en gennemsnitlig \u00e5rlig temperatur p\u00e5 9 \u00b0C. I sommerm\u00e5nederne bliver det behageligt varmt, med en gennemsnitlig maksimumstemperatur i juli p\u00e5 20 \u00b0C. Vinterm\u00e5nederne er derimod kolde, med temperaturer her, der falder til et gennemsnit p\u00e5 -1 \u00b0C i januar. Nedb\u00f8ren er ca. 731 mm om \u00e5ret, og det er i m\u00e5nederne fra juni til september, at nedb\u00f8ren er lavest. Da det desuden er meget mildt og behageligt i denne periode, er dette det bedste tidspunkt at rejse p\u00e5.<\/p>\n\n\n\n<h2 class=\"wp-block-heading\"><strong>Sev\u00e6rdigheder i Madonna di Campiglio<\/strong><\/h2>\n\n\n\n<p>Takket v\u00e6re de mange vintersportsfaciliteter er Madonna di Campiglio et popul\u00e6rt feriested for alle vintersportsentusiaster. Det st\u00f8rste skiomr\u00e5de i Trentino-regionen venter p\u00e5 dig midt i de storsl\u00e5ede Brenta Dolomitterne. Du f\u00e5r en uforglemmelig udsigt med panoramavognen Pinzolo-Camiglio-Expressen, som forbinder skiomr\u00e5derne i Madonna di Campiglio med de n\u00e6rliggende skispor i Pinzolo og Folgarida-Marilleva. Gl\u00e6d dig til 100 velpr\u00e6parerede pister med en l\u00e6ngde p\u00e5 over 150 km samt fem sneparker, der lover dig en uforglemmelig vinterferie i sneen. Men ogs\u00e5 om sommeren har Madonna di Campiglio alt det at byde p\u00e5, som sportsmandens hjerte beg\u00e6rer. Nyd det fantastiske bjergpanorama p\u00e5 de mange vandrestier og mountainbikeruter, eller udfordr sp\u00e6ndingen ved paragliding og rafting.<\/p>\n","protected":false},"excerpt":{"rendered":"<p>Webcam Madonna di Campiglio Byen Madonna di Campiglio ligger 60 km nord i luftlinje fra Gardas\u00f8en og 30 km nordvest fra Trento. Mellem Brentagruppen og den gletscherd\u00e6kkede Adamello-Presanella-gruppe ligger den italienske by i det maleriske dalbassin beskyttet mod nordenvinden i 1.550 meters h\u00f8jde. Fordyb dig i byens betagende bjerglandskab med vores webcam Madonna di Campiglio &#8230; <a title=\"Webcam Madonna di Campiglio\" class=\"read-more\" href=\"https:\/\/weather-radar-live.com\/da\/webcam\/italien\/webcam-madonna-di-campiglio\/\" aria-label=\"Read more about Webcam Madonna di Campiglio\">L\u00e6s mere <\/a><\/p>\n","protected":false},"author":1,"featured_media":7399,"parent":4306,"menu_order":0,"comment_status":"closed","ping_status":"closed","template":"","meta":{"footnotes":""},"class_list":["post-7410","page","type-page","status-publish","has-post-thumbnail"],"yoast_head":"<!-- This site is optimized with the Yoast SEO plugin v27.5 - https:\/\/yoast.com\/product\/yoast-seo-wordpress\/ -->\n<title>Webcam Madonna di Campiglio \u2192 Se det live!<\/title>\n<meta name=\"description\" content=\"Webcam Madonna di Campiglio | Livecam fra Madonna di Campiglio! \u2705 Opdateret for dig i realtid! \u2705 Aktuel vejrudsigt!\" \/>\n<meta name=\"robots\" content=\"index, follow, max-snippet:-1, max-image-preview:large, max-video-preview:-1\" \/>\n<link rel=\"canonical\" href=\"https:\/\/weather-radar-live.com\/da\/webcam\/italien\/webcam-madonna-di-campiglio\/\" \/>\n<meta property=\"og:locale\" content=\"da_DK\" \/>\n<meta property=\"og:type\" content=\"article\" \/>\n<meta property=\"og:title\" content=\"Webcam Madonna di Campiglio \u2192 Se det live!\" \/>\n<meta property=\"og:description\" content=\"Webcam Madonna di Campiglio | Livecam fra Madonna di Campiglio! \u2705 Opdateret for dig i realtid! \u2705 Aktuel vejrudsigt!\" \/>\n<meta property=\"og:url\" content=\"https:\/\/weather-radar-live.com\/da\/webcam\/italien\/webcam-madonna-di-campiglio\/\" \/>\n<meta property=\"og:site_name\" content=\"weather-radar-live.com\" \/>\n<meta property=\"article:modified_time\" content=\"2022-08-26T21:10:01+00:00\" \/>\n<meta property=\"og:image\" content=\"https:\/\/weather-radar-live.com\/wp-content\/uploads\/2022\/08\/Webcam-Madonna-di-Campiglio-e1661500782182.jpg\" \/>\n\t<meta property=\"og:image:width\" content=\"1908\" \/>\n\t<meta property=\"og:image:height\" content=\"722\" \/>\n\t<meta property=\"og:image:type\" content=\"image\/jpeg\" \/>\n<meta name=\"twitter:card\" content=\"summary_large_image\" \/>\n<meta name=\"twitter:label1\" content=\"Estimeret l\u00e6setid\" \/>\n\t<meta name=\"twitter:data1\" content=\"3 minutter\" \/>\n<script type=\"application\/ld+json\" class=\"yoast-schema-graph\">{\"@context\":\"https:\\\/\\\/schema.org\",\"@graph\":[{\"@type\":\"WebPage\",\"@id\":\"https:\\\/\\\/weather-radar-live.com\\\/da\\\/webcam\\\/italien\\\/webcam-madonna-di-campiglio\\\/\",\"url\":\"https:\\\/\\\/weather-radar-live.com\\\/da\\\/webcam\\\/italien\\\/webcam-madonna-di-campiglio\\\/\",\"name\":\"Webcam Madonna di Campiglio \u2192 Se det live!\",\"isPartOf\":{\"@id\":\"https:\\\/\\\/weather-radar-live.com\\\/#website\"},\"primaryImageOfPage\":{\"@id\":\"https:\\\/\\\/weather-radar-live.com\\\/da\\\/webcam\\\/italien\\\/webcam-madonna-di-campiglio\\\/#primaryimage\"},\"image\":{\"@id\":\"https:\\\/\\\/weather-radar-live.com\\\/da\\\/webcam\\\/italien\\\/webcam-madonna-di-campiglio\\\/#primaryimage\"},\"thumbnailUrl\":\"https:\\\/\\\/weather-radar-live.com\\\/wp-content\\\/uploads\\\/2022\\\/08\\\/Webcam-Madonna-di-Campiglio-e1661500782182.jpg\",\"datePublished\":\"2022-08-26T21:08:58+00:00\",\"dateModified\":\"2022-08-26T21:10:01+00:00\",\"description\":\"Webcam Madonna di Campiglio | Livecam fra Madonna di Campiglio! \u2705 Opdateret for dig i realtid! \u2705 Aktuel vejrudsigt!\",\"breadcrumb\":{\"@id\":\"https:\\\/\\\/weather-radar-live.com\\\/da\\\/webcam\\\/italien\\\/webcam-madonna-di-campiglio\\\/#breadcrumb\"},\"inLanguage\":\"da-DK\",\"potentialAction\":[{\"@type\":\"ReadAction\",\"target\":[\"https:\\\/\\\/weather-radar-live.com\\\/da\\\/webcam\\\/italien\\\/webcam-madonna-di-campiglio\\\/\"]}]},{\"@type\":\"ImageObject\",\"inLanguage\":\"da-DK\",\"@id\":\"https:\\\/\\\/weather-radar-live.com\\\/da\\\/webcam\\\/italien\\\/webcam-madonna-di-campiglio\\\/#primaryimage\",\"url\":\"https:\\\/\\\/weather-radar-live.com\\\/wp-content\\\/uploads\\\/2022\\\/08\\\/Webcam-Madonna-di-Campiglio-e1661500782182.jpg\",\"contentUrl\":\"https:\\\/\\\/weather-radar-live.com\\\/wp-content\\\/uploads\\\/2022\\\/08\\\/Webcam-Madonna-di-Campiglio-e1661500782182.jpg\",\"width\":1908,\"height\":722,\"caption\":\"Webcam Madonna di Campiglio\"},{\"@type\":\"BreadcrumbList\",\"@id\":\"https:\\\/\\\/weather-radar-live.com\\\/da\\\/webcam\\\/italien\\\/webcam-madonna-di-campiglio\\\/#breadcrumb\",\"itemListElement\":[{\"@type\":\"ListItem\",\"position\":1,\"name\":\"Weather Radar Live\",\"item\":\"https:\\\/\\\/weather-radar-live.com\\\/da\\\/\"},{\"@type\":\"ListItem\",\"position\":2,\"name\":\"Webcam\",\"item\":\"https:\\\/\\\/weather-radar-live.com\\\/da\\\/webcam\\\/\"},{\"@type\":\"ListItem\",\"position\":3,\"name\":\"Italien\",\"item\":\"https:\\\/\\\/weather-radar-live.com\\\/da\\\/webcam\\\/italien\\\/\"},{\"@type\":\"ListItem\",\"position\":4,\"name\":\"Webcam Madonna di Campiglio\"}]},{\"@type\":\"WebSite\",\"@id\":\"https:\\\/\\\/weather-radar-live.com\\\/#website\",\"url\":\"https:\\\/\\\/weather-radar-live.com\\\/\",\"name\":\"weather-radar-live.com\",\"description\":\"Your weather and sky radar.\",\"publisher\":{\"@id\":\"https:\\\/\\\/weather-radar-live.com\\\/#organization\"},\"potentialAction\":[{\"@type\":\"SearchAction\",\"target\":{\"@type\":\"EntryPoint\",\"urlTemplate\":\"https:\\\/\\\/weather-radar-live.com\\\/?s={search_term_string}\"},\"query-input\":{\"@type\":\"PropertyValueSpecification\",\"valueRequired\":true,\"valueName\":\"search_term_string\"}}],\"inLanguage\":\"da-DK\"},{\"@type\":\"Organization\",\"@id\":\"https:\\\/\\\/weather-radar-live.com\\\/#organization\",\"name\":\"weather-radar-live.com\",\"url\":\"https:\\\/\\\/weather-radar-live.com\\\/\",\"logo\":{\"@type\":\"ImageObject\",\"inLanguage\":\"da-DK\",\"@id\":\"https:\\\/\\\/weather-radar-live.com\\\/#\\\/schema\\\/logo\\\/image\\\/\",\"url\":\"https:\\\/\\\/weather-radar-live.com\\\/wp-content\\\/uploads\\\/2022\\\/03\\\/cropped-WRL2503.png\",\"contentUrl\":\"https:\\\/\\\/weather-radar-live.com\\\/wp-content\\\/uploads\\\/2022\\\/03\\\/cropped-WRL2503.png\",\"width\":1920,\"height\":555,\"caption\":\"weather-radar-live.com\"},\"image\":{\"@id\":\"https:\\\/\\\/weather-radar-live.com\\\/#\\\/schema\\\/logo\\\/image\\\/\"}}]}<\/script>\n<!-- \/ Yoast SEO plugin. -->","yoast_head_json":{"title":"Webcam Madonna di Campiglio \u2192 Se det live!","description":"Webcam Madonna di Campiglio | Livecam fra Madonna di Campiglio! \u2705 Opdateret for dig i realtid! \u2705 Aktuel vejrudsigt!","robots":{"index":"index","follow":"follow","max-snippet":"max-snippet:-1","max-image-preview":"max-image-preview:large","max-video-preview":"max-video-preview:-1"},"canonical":"https:\/\/weather-radar-live.com\/da\/webcam\/italien\/webcam-madonna-di-campiglio\/","og_locale":"da_DK","og_type":"article","og_title":"Webcam Madonna di Campiglio \u2192 Se det live!","og_description":"Webcam Madonna di Campiglio | Livecam fra Madonna di Campiglio! \u2705 Opdateret for dig i realtid! \u2705 Aktuel vejrudsigt!","og_url":"https:\/\/weather-radar-live.com\/da\/webcam\/italien\/webcam-madonna-di-campiglio\/","og_site_name":"weather-radar-live.com","article_modified_time":"2022-08-26T21:10:01+00:00","og_image":[{"width":1908,"height":722,"url":"https:\/\/weather-radar-live.com\/wp-content\/uploads\/2022\/08\/Webcam-Madonna-di-Campiglio-e1661500782182.jpg","type":"image\/jpeg"}],"twitter_card":"summary_large_image","twitter_misc":{"Estimeret l\u00e6setid":"3 minutter"},"schema":{"@context":"https:\/\/schema.org","@graph":[{"@type":"WebPage","@id":"https:\/\/weather-radar-live.com\/da\/webcam\/italien\/webcam-madonna-di-campiglio\/","url":"https:\/\/weather-radar-live.com\/da\/webcam\/italien\/webcam-madonna-di-campiglio\/","name":"Webcam Madonna di Campiglio \u2192 Se det live!","isPartOf":{"@id":"https:\/\/weather-radar-live.com\/#website"},"primaryImageOfPage":{"@id":"https:\/\/weather-radar-live.com\/da\/webcam\/italien\/webcam-madonna-di-campiglio\/#primaryimage"},"image":{"@id":"https:\/\/weather-radar-live.com\/da\/webcam\/italien\/webcam-madonna-di-campiglio\/#primaryimage"},"thumbnailUrl":"https:\/\/weather-radar-live.com\/wp-content\/uploads\/2022\/08\/Webcam-Madonna-di-Campiglio-e1661500782182.jpg","datePublished":"2022-08-26T21:08:58+00:00","dateModified":"2022-08-26T21:10:01+00:00","description":"Webcam Madonna di Campiglio | Livecam fra Madonna di Campiglio! \u2705 Opdateret for dig i realtid! \u2705 Aktuel vejrudsigt!","breadcrumb":{"@id":"https:\/\/weather-radar-live.com\/da\/webcam\/italien\/webcam-madonna-di-campiglio\/#breadcrumb"},"inLanguage":"da-DK","potentialAction":[{"@type":"ReadAction","target":["https:\/\/weather-radar-live.com\/da\/webcam\/italien\/webcam-madonna-di-campiglio\/"]}]},{"@type":"ImageObject","inLanguage":"da-DK","@id":"https:\/\/weather-radar-live.com\/da\/webcam\/italien\/webcam-madonna-di-campiglio\/#primaryimage","url":"https:\/\/weather-radar-live.com\/wp-content\/uploads\/2022\/08\/Webcam-Madonna-di-Campiglio-e1661500782182.jpg","contentUrl":"https:\/\/weather-radar-live.com\/wp-content\/uploads\/2022\/08\/Webcam-Madonna-di-Campiglio-e1661500782182.jpg","width":1908,"height":722,"caption":"Webcam Madonna di Campiglio"},{"@type":"BreadcrumbList","@id":"https:\/\/weather-radar-live.com\/da\/webcam\/italien\/webcam-madonna-di-campiglio\/#breadcrumb","itemListElement":[{"@type":"ListItem","position":1,"name":"Weather Radar Live","item":"https:\/\/weather-radar-live.com\/da\/"},{"@type":"ListItem","position":2,"name":"Webcam","item":"https:\/\/weather-radar-live.com\/da\/webcam\/"},{"@type":"ListItem","position":3,"name":"Italien","item":"https:\/\/weather-radar-live.com\/da\/webcam\/italien\/"},{"@type":"ListItem","position":4,"name":"Webcam Madonna di Campiglio"}]},{"@type":"WebSite","@id":"https:\/\/weather-radar-live.com\/#website","url":"https:\/\/weather-radar-live.com\/","name":"weather-radar-live.com","description":"Your weather and sky radar.","publisher":{"@id":"https:\/\/weather-radar-live.com\/#organization"},"potentialAction":[{"@type":"SearchAction","target":{"@type":"EntryPoint","urlTemplate":"https:\/\/weather-radar-live.com\/?s={search_term_string}"},"query-input":{"@type":"PropertyValueSpecification","valueRequired":true,"valueName":"search_term_string"}}],"inLanguage":"da-DK"},{"@type":"Organization","@id":"https:\/\/weather-radar-live.com\/#organization","name":"weather-radar-live.com","url":"https:\/\/weather-radar-live.com\/","logo":{"@type":"ImageObject","inLanguage":"da-DK","@id":"https:\/\/weather-radar-live.com\/#\/schema\/logo\/image\/","url":"https:\/\/weather-radar-live.com\/wp-content\/uploads\/2022\/03\/cropped-WRL2503.png","contentUrl":"https:\/\/weather-radar-live.com\/wp-content\/uploads\/2022\/03\/cropped-WRL2503.png","width":1920,"height":555,"caption":"weather-radar-live.com"},"image":{"@id":"https:\/\/weather-radar-live.com\/#\/schema\/logo\/image\/"}}]}},"_links":{"self":[{"href":"https:\/\/weather-radar-live.com\/da\/wp-json\/wp\/v2\/pages\/7410","targetHints":{"allow":["GET"]}}],"collection":[{"href":"https:\/\/weather-radar-live.com\/da\/wp-json\/wp\/v2\/pages"}],"about":[{"href":"https:\/\/weather-radar-live.com\/da\/wp-json\/wp\/v2\/types\/page"}],"author":[{"embeddable":true,"href":"https:\/\/weather-radar-live.com\/da\/wp-json\/wp\/v2\/users\/1"}],"replies":[{"embeddable":true,"href":"https:\/\/weather-radar-live.com\/da\/wp-json\/wp\/v2\/comments?post=7410"}],"version-history":[{"count":2,"href":"https:\/\/weather-radar-live.com\/da\/wp-json\/wp\/v2\/pages\/7410\/revisions"}],"predecessor-version":[{"id":7422,"href":"https:\/\/weather-radar-live.com\/da\/wp-json\/wp\/v2\/pages\/7410\/revisions\/7422"}],"up":[{"embeddable":true,"href":"https:\/\/weather-radar-live.com\/da\/wp-json\/wp\/v2\/pages\/4306"}],"wp:featuredmedia":[{"embeddable":true,"href":"https:\/\/weather-radar-live.com\/da\/wp-json\/wp\/v2\/media\/7399"}],"wp:attachment":[{"href":"https:\/\/weather-radar-live.com\/da\/wp-json\/wp\/v2\/media?parent=7410"}],"curies":[{"name":"wp","href":"https:\/\/api.w.org\/{rel}","templated":true}]}}