{"id":6572,"date":"2022-08-11T15:02:19","date_gmt":"2022-08-11T13:02:19","guid":{"rendered":"https:\/\/weather-radar-live.com\/?page_id=6572"},"modified":"2022-08-11T15:04:02","modified_gmt":"2022-08-11T13:04:02","slug":"webcam-stelvio","status":"publish","type":"page","link":"https:\/\/weather-radar-live.com\/da\/webcam\/italien\/webcam-stelvio\/","title":{"rendered":"Webcam Stelvio"},"content":{"rendered":"<div id=\"weath-1647089832\" class=\"weath-vor-dem-inhalt weath-entity-placement\" style=\"margin-top: 15px;margin-right: 25px;margin-bottom: 40px;margin-left: 25px;\"><script async src=\"\/\/pagead2.googlesyndication.com\/pagead\/js\/adsbygoogle.js?client=ca-pub-8960936133935804\" crossorigin=\"anonymous\"><\/script><ins class=\"adsbygoogle\" style=\"display:block;\" data-ad-client=\"ca-pub-8960936133935804\" \ndata-ad-slot=\"6172817020\" \ndata-ad-format=\"auto\"><\/ins>\n<script> \n(adsbygoogle = window.adsbygoogle || []).push({}); \n<\/script>\n<\/div>\n<div class=\"wp-block-cover alignfull is-light\"><span aria-hidden=\"true\" class=\"wp-block-cover__gradient-background has-background-dim\"><\/span><img decoding=\"async\" class=\"wp-block-cover__image-background wp-image-342\" alt=\"Webcam Stelvio\n\" src=\"https:\/\/weather-radar-live.com\/wp-content\/uploads\/2021\/06\/sam-schooler-E9aetBe2w40-unsplash-e1622554814366.jpg\" data-object-fit=\"cover\"\/><div class=\"wp-block-cover__inner-container is-layout-flow wp-block-cover-is-layout-flow\">\n<h2 class=\"has-text-align-center heading wp-block-heading\" id=\"webcam-fort-mahon\" style=\"font-size:40px\"><strong><mark style=\"background-color:rgba(0, 0, 0, 0)\" class=\"has-inline-color has-base-3-color\">WEBCAM <\/mark><\/strong><br><strong><mark style=\"background-color:rgba(0, 0, 0, 0)\" class=\"has-inline-color has-base-3-color\">STELVIO<\/mark><\/strong><\/h2>\n<\/div><\/div>\n\n\n<div class=\"yoast-breadcrumbs\"><span><span><a href=\"https:\/\/weather-radar-live.com\/da\/\">Weather Radar Live<\/a><\/span> \u00bb <span><a href=\"https:\/\/weather-radar-live.com\/da\/webcam\/\">Webcam<\/a><\/span> \u00bb <span><a href=\"https:\/\/weather-radar-live.com\/da\/webcam\/italien\/\">Italien<\/a><\/span> \u00bb <span class=\"breadcrumb_last\" aria-current=\"page\"><strong>Webcam Stelvio<\/strong><\/span><\/span><\/div>\n\n\n<h2 class=\"has-text-align-center wp-block-heading\" id=\"webcam-fort-mahon\"><strong>Webcam Stelvio<\/strong><\/h2>\n\n\n\n<p>Bjergpasset Passo dello Stelvio, ogs\u00e5 kendt som Stelvio-passet, ligger i Ortler-alperne og forbinder byen Bormio i Lombardiet med byen Prad i Sydtyrol. Samtidig er Passo dello Stelvio med sine 2 757 h\u00f8jdemeter ikke blot den h\u00f8jeste pasvej i Italien, men ogs\u00e5 den n\u00e6sth\u00f8jeste pasvej i Alperne efter Col de I&#8217;Iseran. Oplev det unikke bjergpas med vores webcam Stelvio og bliv imponeret af de betagende billeder i realtid.<\/p>\n\n\n\n<p>Passo dello Stelvio bliver ogs\u00e5 ofte omtalt som bjergpassernes dronning eller Europas h\u00f8jeste tivoli. I hvilket omfang disse betegnelser rent faktisk g\u00e6lder for passet, er helt op til din vurdering.<\/p><div id=\"weath-1063467727\" class=\"weath-inhalt_2 weath-entity-placement\" style=\"margin-top: 15px;margin-right: 25px;margin-bottom: 35px;margin-left: 25px;\"><script async src=\"\/\/pagead2.googlesyndication.com\/pagead\/js\/adsbygoogle.js?client=ca-pub-8960936133935804\" crossorigin=\"anonymous\"><\/script><ins class=\"adsbygoogle\" style=\"display:block;\" data-ad-client=\"ca-pub-8960936133935804\" \ndata-ad-slot=\"1963584050\" \ndata-ad-format=\"auto\"><\/ins>\n<script> \n(adsbygoogle = window.adsbygoogle || []).push({}); \n<\/script>\n<\/div>\n\n\n\n<div class=\"wp-block-columns is-layout-flex wp-container-core-columns-is-layout-9d6595d7 wp-block-columns-is-layout-flex\">\n<div class=\"wp-block-column webcam-column is-layout-flow wp-block-column-is-layout-flow\">\n<h3 class=\"has-text-align-center wp-block-heading\"> \ud83d\udd34 <strong>Webcam<\/strong> <strong>Stelvio-<\/strong> Passo dello Stelvio<\/h3>\n\n\n\n<a name=\"windy-webcam-timelapse-player\" data-id=\"1462286437\" data-play=\"day\" href=\"https:\/\/windy.com\/webcams\/1462286437\" target=\"_blank\" rel=\"noopener\">Orme i Valtellina: Stelvio &#8211; Passo dello Stelvio<\/a><script async=\"\" type=\"text\/javascript\" src=\"https:\/\/webcams.windy.com\/webcams\/public\/embed\/script\/player.js\"><\/script>\n<\/div>\n\n\n\n<div class=\"wp-block-column webcam-column is-layout-flow wp-block-column-is-layout-flow\">\n<h3 class=\"has-text-align-center wp-block-heading\"> \ud83d\udd34 <strong>Webcam Stelvio<\/strong> &#8211; syd<\/h3>\n\n\n\n<a name=\"windy-webcam-timelapse-player\" data-id=\"1462286446\" data-play=\"day\" href=\"https:\/\/windy.com\/webcams\/1462286446\" target=\"_blank\" rel=\"noopener\">Orme i Valtellina: Stelvio &#8211; Passo dello Stelvio<\/a><script async=\"\" type=\"text\/javascript\" src=\"https:\/\/webcams.windy.com\/webcams\/public\/embed\/script\/player.js\"><\/script>\n<\/div>\n<\/div>\n\n\n\n<div class=\"wp-block-columns is-layout-flex wp-container-core-columns-is-layout-9d6595d7 wp-block-columns-is-layout-flex\">\n<div class=\"wp-block-column webcam-column is-layout-flow wp-block-column-is-layout-flow\">\n<h3 class=\"has-text-align-center wp-block-heading\"> \ud83d\udd34 <strong>Webcam<\/strong> <strong>Stelvio<\/strong> &#8211; Worms i Valtellina<\/h3>\n\n\n\n<a name=\"windy-webcam-timelapse-player\" data-id=\"1462286441\" data-play=\"day\" href=\"https:\/\/windy.com\/webcams\/1462286441\" target=\"_blank\" rel=\"noopener\">Worms i Valtellina: Stelvio &#8211; Passo dello Stelvio<\/a><script async=\"\" type=\"text\/javascript\" src=\"https:\/\/webcams.windy.com\/webcams\/public\/embed\/script\/player.js\"><\/script>\n<\/div>\n\n\n\n<div class=\"wp-block-column webcam-column is-layout-flow wp-block-column-is-layout-flow\">\n<h3 class=\"has-text-align-center wp-block-heading\"> \ud83d\udd34 <strong>Webcam Stelvio<\/strong> &#8211; Stelvio<\/h3>\n\n\n\n<a name=\"windy-webcam-timelapse-player\" data-id=\"1203067603\" data-play=\"day\" href=\"https:\/\/windy.com\/webcams\/1203067603\" target=\"_blank\" rel=\"noopener\">Stilfs<\/a><script async=\"\" type=\"text\/javascript\" src=\"https:\/\/webcams.windy.com\/webcams\/public\/embed\/script\/player.js\"><\/script>\n<\/div>\n<\/div>\n\n\n\n<div class=\"wp-block-columns is-layout-flex wp-container-core-columns-is-layout-9d6595d7 wp-block-columns-is-layout-flex\">\n<div class=\"wp-block-column webcam-column is-layout-flow wp-block-column-is-layout-flow\">\n<h3 class=\"has-text-align-center wp-block-heading\"> \ud83d\udd34 <strong>Webcam<strong> Stelvio<\/strong><\/strong> &#8211; Skr\u00e5ning<\/h3>\n\n\n\n<a name=\"windy-webcam-timelapse-player\" data-id=\"1203067577\" data-play=\"day\" href=\"https:\/\/windy.com\/webcams\/1203067577\" target=\"_blank\" rel=\"noopener\">Stilfs: LIVRIO &#8211; Passo &#8211; PISTE sci estivo<\/a><script async=\"\" type=\"text\/javascript\" src=\"https:\/\/webcams.windy.com\/webcams\/public\/embed\/script\/player.js\"><\/script>\n<\/div>\n\n\n\n<div class=\"wp-block-column webcam-column is-layout-flow wp-block-column-is-layout-flow\">\n<h3 class=\"has-text-align-center wp-block-heading\"> \ud83d\udd34 <strong>Webcam Stelvio<\/strong> &#8211; Center<\/h3>\n\n\n\n<a name=\"windy-webcam-timelapse-player\" data-id=\"1347450910\" data-play=\"day\" href=\"https:\/\/windy.com\/webcams\/1347450910\" target=\"_blank\" rel=\"noopener\">Stilfs: Passo dello<\/a><script async=\"\" type=\"text\/javascript\" src=\"https:\/\/webcams.windy.com\/webcams\/public\/embed\/script\/player.js\"><\/script>\n<\/div>\n<\/div>\n\n\n\n<div class=\"wp-block-columns is-layout-flex wp-container-core-columns-is-layout-9d6595d7 wp-block-columns-is-layout-flex\">\n<div class=\"wp-block-column webcam-column is-layout-flow wp-block-column-is-layout-flow\">\n<h3 class=\"has-text-align-center wp-block-heading\"> \ud83d\udd34 <strong>Webcam Stelvio<\/strong> &#8211; Terrazza Pirovano<\/h3>\n\n\n\n<a name=\"windy-webcam-timelapse-player\" data-id=\"1399533446\" data-play=\"day\" href=\"https:\/\/windy.com\/webcams\/1399533446\" target=\"_blank\" rel=\"noopener\">Stilfs: Terrazza Pirovano<\/a><script async=\"\" type=\"text\/javascript\" src=\"https:\/\/webcams.windy.com\/webcams\/public\/embed\/script\/player.js\"><\/script>\n<\/div>\n\n\n\n<div class=\"wp-block-column webcam-column is-layout-flow wp-block-column-is-layout-flow\">\n<h3 class=\"has-text-align-center wp-block-heading\"> \ud83d\udd34 <strong>Webcam Stelvio<\/strong> &#8211; Nord<\/h3>\n\n\n\n<a name=\"windy-webcam-timelapse-player\" data-id=\"1203094581\" data-play=\"day\" href=\"https:\/\/windy.com\/webcams\/1203094581\" target=\"_blank\" rel=\"noopener\">Stilfs: PASSO &#8211; WEBCAM<\/a><script async=\"\" type=\"text\/javascript\" src=\"https:\/\/webcams.windy.com\/webcams\/public\/embed\/script\/player.js\"><\/script>\n<\/div>\n<\/div>\n\n\n\n<h2 class=\"wp-block-heading\" id=\"fort-mahon-today\"><strong>Vejrradar Stelvio &#8211; Vejret i Stelvio<\/strong><\/h2>\n\n\n\n<p>Vores webcam Stelvio holder dig i realtid v\u00e6rdifulde oplysninger om de aktuelle vejrforhold p\u00e5 stedet. Disse omfattende vejrinformationer suppleres af vores vejrradar, som ikke kun viser dig en opdateret vejrudsigt, men ogs\u00e5 de aktuelle nedb\u00f8rsomr\u00e5der. Alle nedb\u00f8rsomr\u00e5der er markeret i forskellige farver afh\u00e6ngigt af deres intensitet. Bl\u00e5 og gr\u00f8nne omr\u00e5der indikerer lav nedb\u00f8r, mens lilla og r\u00f8de omr\u00e5der st\u00e5r for kraftigere nedb\u00f8r med muligt potentiale for voldsomt vejr. Derudover viser vores vejrradar dig ogs\u00e5 alle aktuelle tordenvejr med et lille lynsymbol. S\u00e5 med vores webcam og vejrradar er du altid velinformeret om de aktuelle vejrforhold i Stelvio.<\/p>\n\n\n\n<div class=\"wp-block-columns is-layout-flex wp-container-core-columns-is-layout-9d6595d7 wp-block-columns-is-layout-flex\">\n<div class=\"wp-block-column is-layout-flow wp-block-column-is-layout-flow\" style=\"flex-basis:75%\">\n<iframe loading=\"lazy\" width=\"1300\" height=\"502\" src=\"https:\/\/embed.windy.com\/embed2.html?lat=46.529&amp;lon=10.439&amp;detailLat=46.529&amp;detailLon=10.439&amp;width=1300&amp;height=502&amp;zoom=11&amp;level=surface&amp;overlay=rain&amp;product=ecmwf&amp;menu=&amp;message=&amp;marker=&amp;calendar=now&amp;pressure=&amp;type=map&amp;location=coordinates&amp;detail=&amp;metricWind=default&amp;metricTemp=default&amp;radarRange=-1\" frameborder=\"0\"><\/iframe>\n<\/div>\n\n\n\n<div class=\"wp-block-column is-layout-flow wp-block-column-is-layout-flow\" style=\"flex-basis:25%\">\n<a class=\"weatherwidget-io\" href=\"https:\/\/forecast7.com\/da\/46d6010d54\/stilfs\/\" data-label_1=\"STELVIO\" data-theme=\"original\" >STELVIO<\/a>\n<script>\n!function(d,s,id){var js,fjs=d.getElementsByTagName(s)[0];if(!d.getElementById(id)){js=d.createElement(s);js.id=id;js.src='https:\/\/weatherwidget.io\/js\/widget.min.js';fjs.parentNode.insertBefore(js,fjs);}}(document,'script','weatherwidget-io-js');\n<\/script>\n<\/div>\n<\/div>\n\n\n\n<h2 class=\"wp-block-heading\" id=\"fort-mahon-weather\"><strong>Klimaet i Stelvio<\/strong><\/h2>\n\n\n\n<p>Stelvio tilh\u00f8rer klimazonen de mellemste breddegrader og er kendetegnet ved sit kontinentale klima. Den gennemsnitlige \u00e5rlige temperatur her er 18 \u00b0C med en gennemsnitlig solskinstid p\u00e5 5 timer om dagen. I sommerm\u00e5nederne stiger temperaturerne, s\u00e5 de h\u00f8jeste v\u00e6rdier her er i gennemsnit 29 \u00b0C i juli. Om vinteren derimod falder temperaturerne igen betydeligt, og januar er den koldeste m\u00e5ned med et gennemsnit p\u00e5 -10 \u00b0C.<\/p>\n\n\n\n<h2 class=\"wp-block-heading\"><strong>Sev\u00e6rdigheder i Stelvio<\/strong><\/h2>\n\n\n\n<p>Passo dello Stelvio-vejen er asfalteret overalt og er \u00e5ben for trafik mellem maj og november. I disse m\u00e5neder er der meget travlt, fordi de 48 h\u00e5rn\u00e5lesving p\u00e5 passet is\u00e6r tiltr\u00e6kker motorcyklister. S\u00e5ledes finder hvert \u00e5r i den f\u00f8rste uge af juli det internationale m\u00f8de sted her, hvor hundredvis af motorcyklister samles. Men ogs\u00e5 for bilister er pasvejen med sine storsl\u00e5ede omgivelser og det storsl\u00e5ede bjergpanorama midt i Alperne en k\u00f8retur v\u00e6rd. Passo dello Stelvio ligger nemlig i den maleriske nationalpark Stilfser Joch, indrammet af Ortler-massivets toppe. En \u00e6gte udfordring venter alle cykelentusiaster p\u00e5 Passo dello Stelvio. Is\u00e6r p\u00e5 den bilfrie cykeldag bliver Stelvio-passet et popul\u00e6rt m\u00e5l for landevejscyklister.<\/p>\n","protected":false},"excerpt":{"rendered":"<p>Webcam Stelvio Bjergpasset Passo dello Stelvio, ogs\u00e5 kendt som Stelvio-passet, ligger i Ortler-alperne og forbinder byen Bormio i Lombardiet med byen Prad i Sydtyrol. Samtidig er Passo dello Stelvio med sine 2 757 h\u00f8jdemeter ikke blot den h\u00f8jeste pasvej i Italien, men ogs\u00e5 den n\u00e6sth\u00f8jeste pasvej i Alperne efter Col de I&#8217;Iseran. Oplev det unikke &#8230; <a title=\"Webcam Stelvio\" class=\"read-more\" href=\"https:\/\/weather-radar-live.com\/da\/webcam\/italien\/webcam-stelvio\/\" aria-label=\"Read more about Webcam Stelvio\">L\u00e6s mere <\/a><\/p>\n","protected":false},"author":1,"featured_media":6508,"parent":4306,"menu_order":0,"comment_status":"closed","ping_status":"closed","template":"","meta":{"footnotes":""},"class_list":["post-6572","page","type-page","status-publish","has-post-thumbnail"],"yoast_head":"<!-- This site is optimized with the Yoast SEO plugin v27.3 - https:\/\/yoast.com\/product\/yoast-seo-wordpress\/ -->\n<title>Webcam Stelvio \u2192 Se det live!<\/title>\n<meta name=\"description\" content=\"Webcam Stelvio | Livecam af Stelvio! \u2705 Opdateret for dig i realtid! \u2705 Aktuel vejrudsigt!\" \/>\n<meta name=\"robots\" content=\"index, follow, max-snippet:-1, max-image-preview:large, max-video-preview:-1\" \/>\n<link rel=\"canonical\" href=\"https:\/\/weather-radar-live.com\/da\/webcam\/italien\/webcam-stelvio\/\" \/>\n<meta property=\"og:locale\" content=\"da_DK\" \/>\n<meta property=\"og:type\" content=\"article\" \/>\n<meta property=\"og:title\" content=\"Webcam Stelvio \u2192 Se det live!\" \/>\n<meta property=\"og:description\" content=\"Webcam Stelvio | Livecam af Stelvio! \u2705 Opdateret for dig i realtid! \u2705 Aktuel vejrudsigt!\" \/>\n<meta property=\"og:url\" content=\"https:\/\/weather-radar-live.com\/da\/webcam\/italien\/webcam-stelvio\/\" \/>\n<meta property=\"og:site_name\" content=\"weather-radar-live.com\" \/>\n<meta property=\"article:modified_time\" content=\"2022-08-11T13:04:02+00:00\" \/>\n<meta property=\"og:image\" content=\"https:\/\/weather-radar-live.com\/wp-content\/uploads\/2022\/08\/Webcam-Stelvio-e1660149388700.jpg\" \/>\n\t<meta property=\"og:image:width\" content=\"1895\" \/>\n\t<meta property=\"og:image:height\" content=\"735\" \/>\n\t<meta property=\"og:image:type\" content=\"image\/jpeg\" \/>\n<meta name=\"twitter:card\" content=\"summary_large_image\" \/>\n<meta name=\"twitter:label1\" content=\"Estimeret l\u00e6setid\" \/>\n\t<meta name=\"twitter:data1\" content=\"3 minutter\" \/>\n<script type=\"application\/ld+json\" class=\"yoast-schema-graph\">{\"@context\":\"https:\\\/\\\/schema.org\",\"@graph\":[{\"@type\":\"WebPage\",\"@id\":\"https:\\\/\\\/weather-radar-live.com\\\/da\\\/webcam\\\/italien\\\/webcam-stelvio\\\/\",\"url\":\"https:\\\/\\\/weather-radar-live.com\\\/da\\\/webcam\\\/italien\\\/webcam-stelvio\\\/\",\"name\":\"Webcam Stelvio \u2192 Se det live!\",\"isPartOf\":{\"@id\":\"https:\\\/\\\/weather-radar-live.com\\\/#website\"},\"primaryImageOfPage\":{\"@id\":\"https:\\\/\\\/weather-radar-live.com\\\/da\\\/webcam\\\/italien\\\/webcam-stelvio\\\/#primaryimage\"},\"image\":{\"@id\":\"https:\\\/\\\/weather-radar-live.com\\\/da\\\/webcam\\\/italien\\\/webcam-stelvio\\\/#primaryimage\"},\"thumbnailUrl\":\"https:\\\/\\\/weather-radar-live.com\\\/wp-content\\\/uploads\\\/2022\\\/08\\\/Webcam-Stelvio-e1660149388700.jpg\",\"datePublished\":\"2022-08-11T13:02:19+00:00\",\"dateModified\":\"2022-08-11T13:04:02+00:00\",\"description\":\"Webcam Stelvio | Livecam af Stelvio! \u2705 Opdateret for dig i realtid! \u2705 Aktuel vejrudsigt!\",\"breadcrumb\":{\"@id\":\"https:\\\/\\\/weather-radar-live.com\\\/da\\\/webcam\\\/italien\\\/webcam-stelvio\\\/#breadcrumb\"},\"inLanguage\":\"da-DK\",\"potentialAction\":[{\"@type\":\"ReadAction\",\"target\":[\"https:\\\/\\\/weather-radar-live.com\\\/da\\\/webcam\\\/italien\\\/webcam-stelvio\\\/\"]}]},{\"@type\":\"ImageObject\",\"inLanguage\":\"da-DK\",\"@id\":\"https:\\\/\\\/weather-radar-live.com\\\/da\\\/webcam\\\/italien\\\/webcam-stelvio\\\/#primaryimage\",\"url\":\"https:\\\/\\\/weather-radar-live.com\\\/wp-content\\\/uploads\\\/2022\\\/08\\\/Webcam-Stelvio-e1660149388700.jpg\",\"contentUrl\":\"https:\\\/\\\/weather-radar-live.com\\\/wp-content\\\/uploads\\\/2022\\\/08\\\/Webcam-Stelvio-e1660149388700.jpg\",\"width\":1895,\"height\":735,\"caption\":\"Webcam Stelvio\"},{\"@type\":\"BreadcrumbList\",\"@id\":\"https:\\\/\\\/weather-radar-live.com\\\/da\\\/webcam\\\/italien\\\/webcam-stelvio\\\/#breadcrumb\",\"itemListElement\":[{\"@type\":\"ListItem\",\"position\":1,\"name\":\"Weather Radar Live\",\"item\":\"https:\\\/\\\/weather-radar-live.com\\\/da\\\/\"},{\"@type\":\"ListItem\",\"position\":2,\"name\":\"Webcam\",\"item\":\"https:\\\/\\\/weather-radar-live.com\\\/da\\\/webcam\\\/\"},{\"@type\":\"ListItem\",\"position\":3,\"name\":\"Italien\",\"item\":\"https:\\\/\\\/weather-radar-live.com\\\/da\\\/webcam\\\/italien\\\/\"},{\"@type\":\"ListItem\",\"position\":4,\"name\":\"Webcam Stelvio\"}]},{\"@type\":\"WebSite\",\"@id\":\"https:\\\/\\\/weather-radar-live.com\\\/#website\",\"url\":\"https:\\\/\\\/weather-radar-live.com\\\/\",\"name\":\"weather-radar-live.com\",\"description\":\"Your weather and sky radar.\",\"publisher\":{\"@id\":\"https:\\\/\\\/weather-radar-live.com\\\/#organization\"},\"potentialAction\":[{\"@type\":\"SearchAction\",\"target\":{\"@type\":\"EntryPoint\",\"urlTemplate\":\"https:\\\/\\\/weather-radar-live.com\\\/?s={search_term_string}\"},\"query-input\":{\"@type\":\"PropertyValueSpecification\",\"valueRequired\":true,\"valueName\":\"search_term_string\"}}],\"inLanguage\":\"da-DK\"},{\"@type\":\"Organization\",\"@id\":\"https:\\\/\\\/weather-radar-live.com\\\/#organization\",\"name\":\"weather-radar-live.com\",\"url\":\"https:\\\/\\\/weather-radar-live.com\\\/\",\"logo\":{\"@type\":\"ImageObject\",\"inLanguage\":\"da-DK\",\"@id\":\"https:\\\/\\\/weather-radar-live.com\\\/#\\\/schema\\\/logo\\\/image\\\/\",\"url\":\"https:\\\/\\\/weather-radar-live.com\\\/wp-content\\\/uploads\\\/2022\\\/03\\\/cropped-WRL2503.png\",\"contentUrl\":\"https:\\\/\\\/weather-radar-live.com\\\/wp-content\\\/uploads\\\/2022\\\/03\\\/cropped-WRL2503.png\",\"width\":1920,\"height\":555,\"caption\":\"weather-radar-live.com\"},\"image\":{\"@id\":\"https:\\\/\\\/weather-radar-live.com\\\/#\\\/schema\\\/logo\\\/image\\\/\"}}]}<\/script>\n<!-- \/ Yoast SEO plugin. -->","yoast_head_json":{"title":"Webcam Stelvio \u2192 Se det live!","description":"Webcam Stelvio | Livecam af Stelvio! \u2705 Opdateret for dig i realtid! \u2705 Aktuel vejrudsigt!","robots":{"index":"index","follow":"follow","max-snippet":"max-snippet:-1","max-image-preview":"max-image-preview:large","max-video-preview":"max-video-preview:-1"},"canonical":"https:\/\/weather-radar-live.com\/da\/webcam\/italien\/webcam-stelvio\/","og_locale":"da_DK","og_type":"article","og_title":"Webcam Stelvio \u2192 Se det live!","og_description":"Webcam Stelvio | Livecam af Stelvio! \u2705 Opdateret for dig i realtid! \u2705 Aktuel vejrudsigt!","og_url":"https:\/\/weather-radar-live.com\/da\/webcam\/italien\/webcam-stelvio\/","og_site_name":"weather-radar-live.com","article_modified_time":"2022-08-11T13:04:02+00:00","og_image":[{"width":1895,"height":735,"url":"https:\/\/weather-radar-live.com\/wp-content\/uploads\/2022\/08\/Webcam-Stelvio-e1660149388700.jpg","type":"image\/jpeg"}],"twitter_card":"summary_large_image","twitter_misc":{"Estimeret l\u00e6setid":"3 minutter"},"schema":{"@context":"https:\/\/schema.org","@graph":[{"@type":"WebPage","@id":"https:\/\/weather-radar-live.com\/da\/webcam\/italien\/webcam-stelvio\/","url":"https:\/\/weather-radar-live.com\/da\/webcam\/italien\/webcam-stelvio\/","name":"Webcam Stelvio \u2192 Se det live!","isPartOf":{"@id":"https:\/\/weather-radar-live.com\/#website"},"primaryImageOfPage":{"@id":"https:\/\/weather-radar-live.com\/da\/webcam\/italien\/webcam-stelvio\/#primaryimage"},"image":{"@id":"https:\/\/weather-radar-live.com\/da\/webcam\/italien\/webcam-stelvio\/#primaryimage"},"thumbnailUrl":"https:\/\/weather-radar-live.com\/wp-content\/uploads\/2022\/08\/Webcam-Stelvio-e1660149388700.jpg","datePublished":"2022-08-11T13:02:19+00:00","dateModified":"2022-08-11T13:04:02+00:00","description":"Webcam Stelvio | Livecam af Stelvio! \u2705 Opdateret for dig i realtid! \u2705 Aktuel vejrudsigt!","breadcrumb":{"@id":"https:\/\/weather-radar-live.com\/da\/webcam\/italien\/webcam-stelvio\/#breadcrumb"},"inLanguage":"da-DK","potentialAction":[{"@type":"ReadAction","target":["https:\/\/weather-radar-live.com\/da\/webcam\/italien\/webcam-stelvio\/"]}]},{"@type":"ImageObject","inLanguage":"da-DK","@id":"https:\/\/weather-radar-live.com\/da\/webcam\/italien\/webcam-stelvio\/#primaryimage","url":"https:\/\/weather-radar-live.com\/wp-content\/uploads\/2022\/08\/Webcam-Stelvio-e1660149388700.jpg","contentUrl":"https:\/\/weather-radar-live.com\/wp-content\/uploads\/2022\/08\/Webcam-Stelvio-e1660149388700.jpg","width":1895,"height":735,"caption":"Webcam Stelvio"},{"@type":"BreadcrumbList","@id":"https:\/\/weather-radar-live.com\/da\/webcam\/italien\/webcam-stelvio\/#breadcrumb","itemListElement":[{"@type":"ListItem","position":1,"name":"Weather Radar Live","item":"https:\/\/weather-radar-live.com\/da\/"},{"@type":"ListItem","position":2,"name":"Webcam","item":"https:\/\/weather-radar-live.com\/da\/webcam\/"},{"@type":"ListItem","position":3,"name":"Italien","item":"https:\/\/weather-radar-live.com\/da\/webcam\/italien\/"},{"@type":"ListItem","position":4,"name":"Webcam Stelvio"}]},{"@type":"WebSite","@id":"https:\/\/weather-radar-live.com\/#website","url":"https:\/\/weather-radar-live.com\/","name":"weather-radar-live.com","description":"Your weather and sky radar.","publisher":{"@id":"https:\/\/weather-radar-live.com\/#organization"},"potentialAction":[{"@type":"SearchAction","target":{"@type":"EntryPoint","urlTemplate":"https:\/\/weather-radar-live.com\/?s={search_term_string}"},"query-input":{"@type":"PropertyValueSpecification","valueRequired":true,"valueName":"search_term_string"}}],"inLanguage":"da-DK"},{"@type":"Organization","@id":"https:\/\/weather-radar-live.com\/#organization","name":"weather-radar-live.com","url":"https:\/\/weather-radar-live.com\/","logo":{"@type":"ImageObject","inLanguage":"da-DK","@id":"https:\/\/weather-radar-live.com\/#\/schema\/logo\/image\/","url":"https:\/\/weather-radar-live.com\/wp-content\/uploads\/2022\/03\/cropped-WRL2503.png","contentUrl":"https:\/\/weather-radar-live.com\/wp-content\/uploads\/2022\/03\/cropped-WRL2503.png","width":1920,"height":555,"caption":"weather-radar-live.com"},"image":{"@id":"https:\/\/weather-radar-live.com\/#\/schema\/logo\/image\/"}}]}},"_links":{"self":[{"href":"https:\/\/weather-radar-live.com\/da\/wp-json\/wp\/v2\/pages\/6572","targetHints":{"allow":["GET"]}}],"collection":[{"href":"https:\/\/weather-radar-live.com\/da\/wp-json\/wp\/v2\/pages"}],"about":[{"href":"https:\/\/weather-radar-live.com\/da\/wp-json\/wp\/v2\/types\/page"}],"author":[{"embeddable":true,"href":"https:\/\/weather-radar-live.com\/da\/wp-json\/wp\/v2\/users\/1"}],"replies":[{"embeddable":true,"href":"https:\/\/weather-radar-live.com\/da\/wp-json\/wp\/v2\/comments?post=6572"}],"version-history":[{"count":2,"href":"https:\/\/weather-radar-live.com\/da\/wp-json\/wp\/v2\/pages\/6572\/revisions"}],"predecessor-version":[{"id":6585,"href":"https:\/\/weather-radar-live.com\/da\/wp-json\/wp\/v2\/pages\/6572\/revisions\/6585"}],"up":[{"embeddable":true,"href":"https:\/\/weather-radar-live.com\/da\/wp-json\/wp\/v2\/pages\/4306"}],"wp:featuredmedia":[{"embeddable":true,"href":"https:\/\/weather-radar-live.com\/da\/wp-json\/wp\/v2\/media\/6508"}],"wp:attachment":[{"href":"https:\/\/weather-radar-live.com\/da\/wp-json\/wp\/v2\/media?parent=6572"}],"curies":[{"name":"wp","href":"https:\/\/api.w.org\/{rel}","templated":true}]}}