{"id":6275,"date":"2022-08-04T20:47:57","date_gmt":"2022-08-04T18:47:57","guid":{"rendered":"https:\/\/weather-radar-live.com\/?page_id=6275"},"modified":"2022-08-04T21:07:36","modified_gmt":"2022-08-04T19:07:36","slug":"webcam-abetone","status":"publish","type":"page","link":"https:\/\/weather-radar-live.com\/da\/webcam\/italien\/webcam-abetone\/","title":{"rendered":"Webcam Abetone"},"content":{"rendered":"<div id=\"weath-1983782469\" class=\"weath-vor-dem-inhalt weath-entity-placement\" style=\"margin-top: 15px;margin-right: 25px;margin-bottom: 40px;margin-left: 25px;\"><script async src=\"\/\/pagead2.googlesyndication.com\/pagead\/js\/adsbygoogle.js?client=ca-pub-8960936133935804\" crossorigin=\"anonymous\"><\/script><ins class=\"adsbygoogle\" style=\"display:block;\" data-ad-client=\"ca-pub-8960936133935804\" \ndata-ad-slot=\"6172817020\" \ndata-ad-format=\"auto\"><\/ins>\n<script> \n(adsbygoogle = window.adsbygoogle || []).push({}); \n<\/script>\n<\/div>\n<div class=\"wp-block-cover alignfull is-light\"><span aria-hidden=\"true\" class=\"wp-block-cover__gradient-background has-background-dim\"><\/span><img decoding=\"async\" class=\"wp-block-cover__image-background wp-image-342\" alt=\"Webcam Abetone\n\" src=\"https:\/\/weather-radar-live.com\/wp-content\/uploads\/2021\/06\/sam-schooler-E9aetBe2w40-unsplash-e1622554814366.jpg\" data-object-fit=\"cover\"\/><div class=\"wp-block-cover__inner-container is-layout-flow wp-block-cover-is-layout-flow\">\n<h2 class=\"has-text-align-center heading wp-block-heading\" id=\"webcam-fort-mahon\" style=\"font-size:40px\"><strong><mark style=\"background-color:rgba(0, 0, 0, 0)\" class=\"has-inline-color has-base-3-color\">WEBCAM <\/mark><\/strong><br><strong><mark style=\"background-color:rgba(0, 0, 0, 0)\" class=\"has-inline-color has-base-3-color\">ABETONE<\/mark><\/strong><\/h2>\n<\/div><\/div>\n\n\n<div class=\"yoast-breadcrumbs\"><span><span><a href=\"https:\/\/weather-radar-live.com\/da\/\">Weather Radar Live<\/a><\/span> \u00bb <span><a href=\"https:\/\/weather-radar-live.com\/da\/webcam\/\">Webcam<\/a><\/span> \u00bb <span><a href=\"https:\/\/weather-radar-live.com\/da\/webcam\/italien\/\">Italien<\/a><\/span> \u00bb <span class=\"breadcrumb_last\" aria-current=\"page\"><strong>Webcam Abetone<\/strong><\/span><\/span><\/div>\n\n\n<h2 class=\"has-text-align-center wp-block-heading\" id=\"webcam-fort-mahon\"><strong>Webcam Abetone<\/strong><\/h2>\n\n\n\n<p>Den overskuelige landsby Abetone med 700 indbyggere ligger p\u00e5 den nordlige gr\u00e6nse af Toscana. Men byen har meget mere at byde p\u00e5 end bare sol, strand og hav. For Abetone har et stort vintersportsomr\u00e5de, som byder sine bes\u00f8gende velkommen med talrige langrendsl\u00f8jper og lifte. F\u00e5 et f\u00f8rste indtryk af den alsidige by med webcam Abetone, og lad dig inspirere af de alsidige sportsmuligheder.<\/p>\n\n\n\n<p>Oplev det st\u00f8rste skisportssted i det centrale Italien, der ligger i hjertet af Montagna Pistoiese, et paradis for vintersportsentusiaster og aktive ferieg\u00e6ster. Midt i en fantastisk natur og talrige naturparker vil du her opleve et betagende bjergpanorama, der indbyder til afslapning og sport b\u00e5de om vinteren og om sommeren.<\/p><div id=\"weath-1785311862\" class=\"weath-inhalt_2 weath-entity-placement\" style=\"margin-top: 15px;margin-right: 25px;margin-bottom: 35px;margin-left: 25px;\"><script async src=\"\/\/pagead2.googlesyndication.com\/pagead\/js\/adsbygoogle.js?client=ca-pub-8960936133935804\" crossorigin=\"anonymous\"><\/script><ins class=\"adsbygoogle\" style=\"display:block;\" data-ad-client=\"ca-pub-8960936133935804\" \ndata-ad-slot=\"1963584050\" \ndata-ad-format=\"auto\"><\/ins>\n<script> \n(adsbygoogle = window.adsbygoogle || []).push({}); \n<\/script>\n<\/div>\n\n\n\n<div class=\"wp-block-columns is-layout-flex wp-container-core-columns-is-layout-9d6595d7 wp-block-columns-is-layout-flex\">\n<div class=\"wp-block-column webcam-column is-layout-flow wp-block-column-is-layout-flow\">\n<h3 class=\"has-text-align-center wp-block-heading\"> \ud83d\udd34 <strong>Webcam<\/strong> <strong>Abetone<\/strong> &#8211; Nord\u00f8st<\/h3>\n\n\n\n<a name=\"windy-webcam-timelapse-player\" data-id=\"1609329335\" data-play=\"day\" href=\"https:\/\/windy.com\/webcams\/1609329335\" target=\"_blank\" rel=\"noopener\">Abetone Cutigliano &#8216; Nord\u00f8st<\/a><script async=\"\" type=\"text\/javascript\" src=\"https:\/\/webcams.windy.com\/webcams\/public\/embed\/script\/player.js\"><\/script>\n<\/div>\n\n\n\n<div class=\"wp-block-column webcam-column is-layout-flow wp-block-column-is-layout-flow\">\n<h3 class=\"has-text-align-center wp-block-heading\"> \ud83d\udd34 <strong>Webcam Abetone<\/strong> &#8211; Via Val di Luce<\/h3>\n\n\n\n<a name=\"windy-webcam-timelapse-player\" data-id=\"1582187405\" data-play=\"day\" href=\"https:\/\/windy.com\/webcams\/1582187405\" target=\"_blank\" rel=\"noopener\">Abetone Cutigliano: Via Val di Luce &#8211; Abetone<\/a><script async=\"\" type=\"text\/javascript\" src=\"https:\/\/webcams.windy.com\/webcams\/public\/embed\/script\/player.js\"><\/script>\n<\/div>\n<\/div>\n\n\n\n<div class=\"wp-block-columns is-layout-flex wp-container-core-columns-is-layout-9d6595d7 wp-block-columns-is-layout-flex\">\n<div class=\"wp-block-column webcam-column is-layout-flow wp-block-column-is-layout-flow\">\n<h3 class=\"has-text-align-center wp-block-heading\"> \ud83d\udd34 <strong>Webcam<\/strong> <strong>Abetone<\/strong> &#8211; Via Val di Luce (nord)<\/h3>\n\n\n\n<a name=\"windy-webcam-timelapse-player\" data-id=\"1638158265\" data-play=\"day\" href=\"https:\/\/windy.com\/webcams\/1638158265\" target=\"_blank\" rel=\"noopener\">Abetone Cutigliano &#8216; Nord: Via Val di Luce<\/a><script async=\"\" type=\"text\/javascript\" src=\"https:\/\/webcams.windy.com\/webcams\/public\/embed\/script\/player.js\"><\/script>\n<\/div>\n\n\n\n<div class=\"wp-block-column webcam-column is-layout-flow wp-block-column-is-layout-flow\">\n<h3 class=\"has-text-align-center wp-block-heading\"> \ud83d\udd34 <strong>Webcam <strong><strong><strong>Abetone<\/strong><\/strong><\/strong><\/strong> &#8211; Via Val di Luce (syd) <\/h3>\n\n\n\n<a name=\"windy-webcam-timelapse-player\" data-id=\"1651049363\" data-play=\"day\" href=\"https:\/\/windy.com\/webcams\/1651049363\" target=\"_blank\" rel=\"noopener\">Abetone Cutigliano &#8216; Syd: Via Val di Luce<\/a><script async=\"\" type=\"text\/javascript\" src=\"https:\/\/webcams.windy.com\/webcams\/public\/embed\/script\/player.js\"><\/script>\n<\/div>\n<\/div>\n\n\n\n<div class=\"wp-block-columns is-layout-flex wp-container-core-columns-is-layout-9d6595d7 wp-block-columns-is-layout-flex\">\n<div class=\"wp-block-column webcam-column is-layout-flow wp-block-column-is-layout-flow\">\n<h3 class=\"has-text-align-center wp-block-heading\"> \ud83d\udd34 <strong>Webcam<strong> Abetone &#8211;<\/strong><\/strong> Via Val di Luce (syd\u00f8st)<\/h3>\n\n\n\n<a name=\"windy-webcam-timelapse-player\" data-id=\"1633083125\" data-play=\"day\" href=\"https:\/\/windy.com\/webcams\/1633083125\" target=\"_blank\" rel=\"noopener\">Abetone Cutigliano &#8216; Syd\u00f8st: Monte Gomito &#8211; Via Val di Luce<\/a><script async=\"\" type=\"text\/javascript\" src=\"https:\/\/webcams.windy.com\/webcams\/public\/embed\/script\/player.js\"><\/script>\n<\/div>\n\n\n\n<div class=\"wp-block-column webcam-column is-layout-flow wp-block-column-is-layout-flow\">\n<h3 class=\"has-text-align-center wp-block-heading\"> \ud83d\udd34 <strong>Webcam <strong><strong><strong><strong><strong><strong><strong>Abetone<\/strong><\/strong><\/strong><\/strong> <\/strong><\/strong><\/strong><\/strong> &#8211; (nord\u00f8st)<\/h3>\n\n\n\n<a name=\"windy-webcam-timelapse-player\" data-id=\"1638976612\" data-play=\"day\" href=\"https:\/\/windy.com\/webcams\/1638976612\" target=\"_blank\" rel=\"noopener\">Abetone Cutigliano &#8216; Nord\u00f8st<\/a><script async=\"\" type=\"text\/javascript\" src=\"https:\/\/webcams.windy.com\/webcams\/public\/embed\/script\/player.js\"><\/script>\n<\/div>\n<\/div>\n\n\n\n<div class=\"wp-block-columns is-layout-flex wp-container-core-columns-is-layout-9d6595d7 wp-block-columns-is-layout-flex\">\n<div class=\"wp-block-column webcam-column is-layout-flow wp-block-column-is-layout-flow\">\n<h3 class=\"has-text-align-center wp-block-heading\"> \ud83d\udd34 <strong>Webcam <strong><strong><strong>Abetone<\/strong><\/strong><\/strong><\/strong> &#8211; Passo di Annibale<\/h3>\n\n\n\n<a name=\"windy-webcam-timelapse-player\" data-id=\"1654407814\" data-play=\"day\" href=\"https:\/\/windy.com\/webcams\/1654407814\" target=\"_blank\" rel=\"noopener\">Abetone Cutigliano &#8216; Syd: Passo di Annibale<\/a><script async=\"\" type=\"text\/javascript\" src=\"https:\/\/webcams.windy.com\/webcams\/public\/embed\/script\/player.js\"><\/script>\n<\/div>\n\n\n\n<div class=\"wp-block-column webcam-column is-layout-flow wp-block-column-is-layout-flow\">\n<h3 class=\"has-text-align-center wp-block-heading\"> \ud83d\udd34 <strong>Webcam Abetone<\/strong> &#8211; Val di Luce (Piazza Centrale)<\/h3>\n\n\n\n<iframe loading=\"lazy\" width=\"560\" height=\"315\" src=\"https:\/\/www.youtube.com\/embed\/8ySM57gHETU\" title=\"YouTube video player\" frameborder=\"0\" allow=\"accelerometer; autoplay; clipboard-write; encrypted-media; gyroscope; picture-in-picture\" allowfullscreen=\"\"><\/iframe>\n<\/div>\n<\/div>\n\n\n\n<h2 class=\"wp-block-heading\" id=\"fort-mahon-today\"><strong>Vejrradar Abetone &#8211; Vejret i Abetone<\/strong><\/h2>\n\n\n\n<p>Med vores webcam Abetone kan du f\u00f8lge med i de aktuelle vejrforhold i byen i realtid. Derudover tilbyder vi dig en vejrradar, s\u00e5 du kan holde dig orienteret om den aktuelle vejrudsigt samt nedb\u00f8rsomr\u00e5derne. Afh\u00e6ngigt af nedb\u00f8rens intensitet er disse markeret med en anden farve p\u00e5 kortet. Bl\u00e5 og gr\u00f8nne omr\u00e5der indikerer lave nedb\u00f8rsm\u00e6ngder. Lilla og r\u00f8de omr\u00e5der st\u00e5r derimod for kraftig nedb\u00f8r med muligt potentielt voldsomt vejr. Desuden er tordenvejr angivet med sm\u00e5 lynsymboler i vejrradaren. Takket v\u00e6re disse omfattende baggrundsoplysninger fra vores webcam og vejrradar er du altid velinformeret om de aktuelle vejrforhold i Abetone.<\/p>\n\n\n\n<div class=\"wp-block-columns is-layout-flex wp-container-core-columns-is-layout-9d6595d7 wp-block-columns-is-layout-flex\">\n<div class=\"wp-block-column is-layout-flow wp-block-column-is-layout-flow\" style=\"flex-basis:75%\">\n<iframe loading=\"lazy\" width=\"1300\" height=\"502\" src=\"https:\/\/embed.windy.com\/embed2.html?lat=44.144&amp;lon=10.639&amp;detailLat=44.144&amp;detailLon=10.639&amp;width=1300&amp;height=502&amp;zoom=11&amp;level=surface&amp;overlay=rain&amp;product=ecmwf&amp;menu=&amp;message=&amp;marker=&amp;calendar=now&amp;pressure=&amp;type=map&amp;location=coordinates&amp;detail=&amp;metricWind=default&amp;metricTemp=default&amp;radarRange=-1\" frameborder=\"0\"><\/iframe>\n<\/div>\n\n\n\n<div class=\"wp-block-column is-layout-flow wp-block-column-is-layout-flow\" style=\"flex-basis:25%\">\n<a class=\"weatherwidget-io\" href=\"https:\/\/forecast7.com\/da\/44d1410d66\/abetone\/\" data-label_1=\"ABETONE\" data-theme=\"original\">ABETONE<\/a>\n<script>\n!function(d,s,id){var js,fjs=d.getElementsByTagName(s)[0];if(!d.getElementById(id)){js=d.createElement(s);js.id=id;js.src='https:\/\/weatherwidget.io\/js\/widget.min.js';fjs.parentNode.insertBefore(js,fjs);}}(document,'script','weatherwidget-io-js');\n<\/script>\n<\/div>\n<\/div>\n\n\n\n<h2 class=\"wp-block-heading\" id=\"fort-mahon-weather\"><strong>Klimaet i Abetone<\/strong><\/h2>\n\n\n\n<p>Abetone er kendetegnet ved et varmt og tempereret klima. Den gennemsnitlige \u00e5rlige temperatur er 9.6 \u00b0C, med juli som den varmeste m\u00e5ned med en gennemsnitlig temperatur p\u00e5 18.9 \u00b0C. Den koldeste m\u00e5ned er januar, med temperaturer i gennemsnit 1.1 \u00b0C. Generelt har byen meget nedb\u00f8r, s\u00e5 der er et \u00e5rligt gennemsnit p\u00e5 omkring 1318 mm nedb\u00f8r. November er den m\u00e5ned med mest nedb\u00f8r, med et gennemsnit p\u00e5 153 mm, og august er den m\u00e5ned med mindst nedb\u00f8r, med ca. 81 mm.<\/p>\n\n\n\n<h2 class=\"wp-block-heading\"><strong>Sev\u00e6rdigheder i Abetone<\/strong><\/h2>\n\n\n\n<p>I l\u00f8bet af det sidste \u00e5rhundrede er Abetones popularitet som vinter- og sommersportsdestination vokset betydeligt. Om vinteren venter et stort skiomr\u00e5de her med omkring 30 pister, der har en samlet l\u00e6ngde p\u00e5 50 km. De historisk ber\u00f8mte pister som Selletta, Riva og Fivizzani er ogs\u00e5 inkluderet i Abetones skiomr\u00e5de. Men byen er ikke kun et bes\u00f8g v\u00e6rd i vinterm\u00e5nederne. Takket v\u00e6re dens h\u00f8jde p\u00e5 ca. 1.400 meter er temperaturerne behageligt milde i sommerm\u00e5nederne, hvor aktive ferieg\u00e6ster kan nyde den friske bjergluft og det fantastiske bjergpanorama p\u00e5 en udstrakt vandretur. S\u00e5 du vil blive bel\u00f8nnet med en betagende udsigt p\u00e5 en klatretur til Monte Cimone, Monte Gomito eller Libro Aperto. Desuden vil mountainbikere og cyklister f\u00e5 deres penge for pengene under en sprudlende cykeltur gennem det fascinerende landskab i det nordlige Toscana. En vellykket afslutning p\u00e5 en dag fuld af sport kan findes p\u00e5 byens utallige restauranter, som vil fork\u00e6le dig med typiske lokale specialiteter.<\/p>\n","protected":false},"excerpt":{"rendered":"<p>Webcam Abetone Den overskuelige landsby Abetone med 700 indbyggere ligger p\u00e5 den nordlige gr\u00e6nse af Toscana. Men byen har meget mere at byde p\u00e5 end bare sol, strand og hav. For Abetone har et stort vintersportsomr\u00e5de, som byder sine bes\u00f8gende velkommen med talrige langrendsl\u00f8jper og lifte. F\u00e5 et f\u00f8rste indtryk af den alsidige by med &#8230; <a title=\"Webcam Abetone\" class=\"read-more\" href=\"https:\/\/weather-radar-live.com\/da\/webcam\/italien\/webcam-abetone\/\" aria-label=\"Read more about Webcam Abetone\">L\u00e6s mere <\/a><\/p>\n","protected":false},"author":1,"featured_media":6054,"parent":4306,"menu_order":0,"comment_status":"closed","ping_status":"closed","template":"","meta":{"footnotes":""},"class_list":["post-6275","page","type-page","status-publish","has-post-thumbnail"],"yoast_head":"<!-- This site is optimized with the Yoast SEO plugin v27.5 - https:\/\/yoast.com\/product\/yoast-seo-wordpress\/ -->\n<title>Webcam Abetone \u2192 Se det live!<\/title>\n<meta name=\"description\" content=\"Webcam Abetone | Livecam i Abetone! \u2705 Opdateret for dig i realtid! \u2705 Aktuel vejrudsigt!\" \/>\n<meta name=\"robots\" content=\"index, follow, max-snippet:-1, max-image-preview:large, max-video-preview:-1\" \/>\n<link rel=\"canonical\" href=\"https:\/\/weather-radar-live.com\/da\/webcam\/italien\/webcam-abetone\/\" \/>\n<meta property=\"og:locale\" content=\"da_DK\" \/>\n<meta property=\"og:type\" content=\"article\" \/>\n<meta property=\"og:title\" content=\"Webcam Abetone \u2192 Se det live!\" \/>\n<meta property=\"og:description\" content=\"Webcam Abetone | Livecam i Abetone! \u2705 Opdateret for dig i realtid! \u2705 Aktuel vejrudsigt!\" \/>\n<meta property=\"og:url\" content=\"https:\/\/weather-radar-live.com\/da\/webcam\/italien\/webcam-abetone\/\" \/>\n<meta property=\"og:site_name\" content=\"weather-radar-live.com\" \/>\n<meta property=\"article:modified_time\" content=\"2022-08-04T19:07:36+00:00\" \/>\n<meta property=\"og:image\" content=\"https:\/\/weather-radar-live.com\/wp-content\/uploads\/2022\/08\/Webcam-Abetone-e1659464523391.jpg\" \/>\n\t<meta property=\"og:image:width\" content=\"1912\" \/>\n\t<meta property=\"og:image:height\" content=\"931\" \/>\n\t<meta property=\"og:image:type\" content=\"image\/jpeg\" \/>\n<meta name=\"twitter:card\" content=\"summary_large_image\" \/>\n<meta name=\"twitter:label1\" content=\"Estimeret l\u00e6setid\" \/>\n\t<meta name=\"twitter:data1\" content=\"3 minutter\" \/>\n<script type=\"application\/ld+json\" class=\"yoast-schema-graph\">{\"@context\":\"https:\\\/\\\/schema.org\",\"@graph\":[{\"@type\":\"WebPage\",\"@id\":\"https:\\\/\\\/weather-radar-live.com\\\/da\\\/webcam\\\/italien\\\/webcam-abetone\\\/\",\"url\":\"https:\\\/\\\/weather-radar-live.com\\\/da\\\/webcam\\\/italien\\\/webcam-abetone\\\/\",\"name\":\"Webcam Abetone \u2192 Se det live!\",\"isPartOf\":{\"@id\":\"https:\\\/\\\/weather-radar-live.com\\\/#website\"},\"primaryImageOfPage\":{\"@id\":\"https:\\\/\\\/weather-radar-live.com\\\/da\\\/webcam\\\/italien\\\/webcam-abetone\\\/#primaryimage\"},\"image\":{\"@id\":\"https:\\\/\\\/weather-radar-live.com\\\/da\\\/webcam\\\/italien\\\/webcam-abetone\\\/#primaryimage\"},\"thumbnailUrl\":\"https:\\\/\\\/weather-radar-live.com\\\/wp-content\\\/uploads\\\/2022\\\/08\\\/Webcam-Abetone-e1659464523391.jpg\",\"datePublished\":\"2022-08-04T18:47:57+00:00\",\"dateModified\":\"2022-08-04T19:07:36+00:00\",\"description\":\"Webcam Abetone | Livecam i Abetone! \u2705 Opdateret for dig i realtid! \u2705 Aktuel vejrudsigt!\",\"breadcrumb\":{\"@id\":\"https:\\\/\\\/weather-radar-live.com\\\/da\\\/webcam\\\/italien\\\/webcam-abetone\\\/#breadcrumb\"},\"inLanguage\":\"da-DK\",\"potentialAction\":[{\"@type\":\"ReadAction\",\"target\":[\"https:\\\/\\\/weather-radar-live.com\\\/da\\\/webcam\\\/italien\\\/webcam-abetone\\\/\"]}]},{\"@type\":\"ImageObject\",\"inLanguage\":\"da-DK\",\"@id\":\"https:\\\/\\\/weather-radar-live.com\\\/da\\\/webcam\\\/italien\\\/webcam-abetone\\\/#primaryimage\",\"url\":\"https:\\\/\\\/weather-radar-live.com\\\/wp-content\\\/uploads\\\/2022\\\/08\\\/Webcam-Abetone-e1659464523391.jpg\",\"contentUrl\":\"https:\\\/\\\/weather-radar-live.com\\\/wp-content\\\/uploads\\\/2022\\\/08\\\/Webcam-Abetone-e1659464523391.jpg\",\"width\":1912,\"height\":931,\"caption\":\"Webcam Abetone\"},{\"@type\":\"BreadcrumbList\",\"@id\":\"https:\\\/\\\/weather-radar-live.com\\\/da\\\/webcam\\\/italien\\\/webcam-abetone\\\/#breadcrumb\",\"itemListElement\":[{\"@type\":\"ListItem\",\"position\":1,\"name\":\"Weather Radar Live\",\"item\":\"https:\\\/\\\/weather-radar-live.com\\\/da\\\/\"},{\"@type\":\"ListItem\",\"position\":2,\"name\":\"Webcam\",\"item\":\"https:\\\/\\\/weather-radar-live.com\\\/da\\\/webcam\\\/\"},{\"@type\":\"ListItem\",\"position\":3,\"name\":\"Italien\",\"item\":\"https:\\\/\\\/weather-radar-live.com\\\/da\\\/webcam\\\/italien\\\/\"},{\"@type\":\"ListItem\",\"position\":4,\"name\":\"Webcam Abetone\"}]},{\"@type\":\"WebSite\",\"@id\":\"https:\\\/\\\/weather-radar-live.com\\\/#website\",\"url\":\"https:\\\/\\\/weather-radar-live.com\\\/\",\"name\":\"weather-radar-live.com\",\"description\":\"Your weather and sky radar.\",\"publisher\":{\"@id\":\"https:\\\/\\\/weather-radar-live.com\\\/#organization\"},\"potentialAction\":[{\"@type\":\"SearchAction\",\"target\":{\"@type\":\"EntryPoint\",\"urlTemplate\":\"https:\\\/\\\/weather-radar-live.com\\\/?s={search_term_string}\"},\"query-input\":{\"@type\":\"PropertyValueSpecification\",\"valueRequired\":true,\"valueName\":\"search_term_string\"}}],\"inLanguage\":\"da-DK\"},{\"@type\":\"Organization\",\"@id\":\"https:\\\/\\\/weather-radar-live.com\\\/#organization\",\"name\":\"weather-radar-live.com\",\"url\":\"https:\\\/\\\/weather-radar-live.com\\\/\",\"logo\":{\"@type\":\"ImageObject\",\"inLanguage\":\"da-DK\",\"@id\":\"https:\\\/\\\/weather-radar-live.com\\\/#\\\/schema\\\/logo\\\/image\\\/\",\"url\":\"https:\\\/\\\/weather-radar-live.com\\\/wp-content\\\/uploads\\\/2022\\\/03\\\/cropped-WRL2503.png\",\"contentUrl\":\"https:\\\/\\\/weather-radar-live.com\\\/wp-content\\\/uploads\\\/2022\\\/03\\\/cropped-WRL2503.png\",\"width\":1920,\"height\":555,\"caption\":\"weather-radar-live.com\"},\"image\":{\"@id\":\"https:\\\/\\\/weather-radar-live.com\\\/#\\\/schema\\\/logo\\\/image\\\/\"}}]}<\/script>\n<!-- \/ Yoast SEO plugin. -->","yoast_head_json":{"title":"Webcam Abetone \u2192 Se det live!","description":"Webcam Abetone | Livecam i Abetone! \u2705 Opdateret for dig i realtid! \u2705 Aktuel vejrudsigt!","robots":{"index":"index","follow":"follow","max-snippet":"max-snippet:-1","max-image-preview":"max-image-preview:large","max-video-preview":"max-video-preview:-1"},"canonical":"https:\/\/weather-radar-live.com\/da\/webcam\/italien\/webcam-abetone\/","og_locale":"da_DK","og_type":"article","og_title":"Webcam Abetone \u2192 Se det live!","og_description":"Webcam Abetone | Livecam i Abetone! \u2705 Opdateret for dig i realtid! \u2705 Aktuel vejrudsigt!","og_url":"https:\/\/weather-radar-live.com\/da\/webcam\/italien\/webcam-abetone\/","og_site_name":"weather-radar-live.com","article_modified_time":"2022-08-04T19:07:36+00:00","og_image":[{"width":1912,"height":931,"url":"https:\/\/weather-radar-live.com\/wp-content\/uploads\/2022\/08\/Webcam-Abetone-e1659464523391.jpg","type":"image\/jpeg"}],"twitter_card":"summary_large_image","twitter_misc":{"Estimeret l\u00e6setid":"3 minutter"},"schema":{"@context":"https:\/\/schema.org","@graph":[{"@type":"WebPage","@id":"https:\/\/weather-radar-live.com\/da\/webcam\/italien\/webcam-abetone\/","url":"https:\/\/weather-radar-live.com\/da\/webcam\/italien\/webcam-abetone\/","name":"Webcam Abetone \u2192 Se det live!","isPartOf":{"@id":"https:\/\/weather-radar-live.com\/#website"},"primaryImageOfPage":{"@id":"https:\/\/weather-radar-live.com\/da\/webcam\/italien\/webcam-abetone\/#primaryimage"},"image":{"@id":"https:\/\/weather-radar-live.com\/da\/webcam\/italien\/webcam-abetone\/#primaryimage"},"thumbnailUrl":"https:\/\/weather-radar-live.com\/wp-content\/uploads\/2022\/08\/Webcam-Abetone-e1659464523391.jpg","datePublished":"2022-08-04T18:47:57+00:00","dateModified":"2022-08-04T19:07:36+00:00","description":"Webcam Abetone | Livecam i Abetone! \u2705 Opdateret for dig i realtid! \u2705 Aktuel vejrudsigt!","breadcrumb":{"@id":"https:\/\/weather-radar-live.com\/da\/webcam\/italien\/webcam-abetone\/#breadcrumb"},"inLanguage":"da-DK","potentialAction":[{"@type":"ReadAction","target":["https:\/\/weather-radar-live.com\/da\/webcam\/italien\/webcam-abetone\/"]}]},{"@type":"ImageObject","inLanguage":"da-DK","@id":"https:\/\/weather-radar-live.com\/da\/webcam\/italien\/webcam-abetone\/#primaryimage","url":"https:\/\/weather-radar-live.com\/wp-content\/uploads\/2022\/08\/Webcam-Abetone-e1659464523391.jpg","contentUrl":"https:\/\/weather-radar-live.com\/wp-content\/uploads\/2022\/08\/Webcam-Abetone-e1659464523391.jpg","width":1912,"height":931,"caption":"Webcam Abetone"},{"@type":"BreadcrumbList","@id":"https:\/\/weather-radar-live.com\/da\/webcam\/italien\/webcam-abetone\/#breadcrumb","itemListElement":[{"@type":"ListItem","position":1,"name":"Weather Radar Live","item":"https:\/\/weather-radar-live.com\/da\/"},{"@type":"ListItem","position":2,"name":"Webcam","item":"https:\/\/weather-radar-live.com\/da\/webcam\/"},{"@type":"ListItem","position":3,"name":"Italien","item":"https:\/\/weather-radar-live.com\/da\/webcam\/italien\/"},{"@type":"ListItem","position":4,"name":"Webcam Abetone"}]},{"@type":"WebSite","@id":"https:\/\/weather-radar-live.com\/#website","url":"https:\/\/weather-radar-live.com\/","name":"weather-radar-live.com","description":"Your weather and sky radar.","publisher":{"@id":"https:\/\/weather-radar-live.com\/#organization"},"potentialAction":[{"@type":"SearchAction","target":{"@type":"EntryPoint","urlTemplate":"https:\/\/weather-radar-live.com\/?s={search_term_string}"},"query-input":{"@type":"PropertyValueSpecification","valueRequired":true,"valueName":"search_term_string"}}],"inLanguage":"da-DK"},{"@type":"Organization","@id":"https:\/\/weather-radar-live.com\/#organization","name":"weather-radar-live.com","url":"https:\/\/weather-radar-live.com\/","logo":{"@type":"ImageObject","inLanguage":"da-DK","@id":"https:\/\/weather-radar-live.com\/#\/schema\/logo\/image\/","url":"https:\/\/weather-radar-live.com\/wp-content\/uploads\/2022\/03\/cropped-WRL2503.png","contentUrl":"https:\/\/weather-radar-live.com\/wp-content\/uploads\/2022\/03\/cropped-WRL2503.png","width":1920,"height":555,"caption":"weather-radar-live.com"},"image":{"@id":"https:\/\/weather-radar-live.com\/#\/schema\/logo\/image\/"}}]}},"_links":{"self":[{"href":"https:\/\/weather-radar-live.com\/da\/wp-json\/wp\/v2\/pages\/6275","targetHints":{"allow":["GET"]}}],"collection":[{"href":"https:\/\/weather-radar-live.com\/da\/wp-json\/wp\/v2\/pages"}],"about":[{"href":"https:\/\/weather-radar-live.com\/da\/wp-json\/wp\/v2\/types\/page"}],"author":[{"embeddable":true,"href":"https:\/\/weather-radar-live.com\/da\/wp-json\/wp\/v2\/users\/1"}],"replies":[{"embeddable":true,"href":"https:\/\/weather-radar-live.com\/da\/wp-json\/wp\/v2\/comments?post=6275"}],"version-history":[{"count":4,"href":"https:\/\/weather-radar-live.com\/da\/wp-json\/wp\/v2\/pages\/6275\/revisions"}],"predecessor-version":[{"id":6303,"href":"https:\/\/weather-radar-live.com\/da\/wp-json\/wp\/v2\/pages\/6275\/revisions\/6303"}],"up":[{"embeddable":true,"href":"https:\/\/weather-radar-live.com\/da\/wp-json\/wp\/v2\/pages\/4306"}],"wp:featuredmedia":[{"embeddable":true,"href":"https:\/\/weather-radar-live.com\/da\/wp-json\/wp\/v2\/media\/6054"}],"wp:attachment":[{"href":"https:\/\/weather-radar-live.com\/da\/wp-json\/wp\/v2\/media?parent=6275"}],"curies":[{"name":"wp","href":"https:\/\/api.w.org\/{rel}","templated":true}]}}