{"id":6185,"date":"2022-08-02T21:33:39","date_gmt":"2022-08-02T19:33:39","guid":{"rendered":"https:\/\/weather-radar-live.com\/webcam\/italien\/webcam-livigno\/"},"modified":"2022-08-03T14:03:54","modified_gmt":"2022-08-03T12:03:54","slug":"webcam-livigno","status":"publish","type":"page","link":"https:\/\/weather-radar-live.com\/da\/webcam\/italien\/webcam-livigno\/","title":{"rendered":"Webcam Livigno"},"content":{"rendered":"<div id=\"weath-3495076580\" class=\"weath-vor-dem-inhalt weath-entity-placement\" style=\"margin-top: 15px;margin-right: 25px;margin-bottom: 40px;margin-left: 25px;\"><script async src=\"\/\/pagead2.googlesyndication.com\/pagead\/js\/adsbygoogle.js?client=ca-pub-8960936133935804\" crossorigin=\"anonymous\"><\/script><ins class=\"adsbygoogle\" style=\"display:block;\" data-ad-client=\"ca-pub-8960936133935804\" \ndata-ad-slot=\"6172817020\" \ndata-ad-format=\"auto\"><\/ins>\n<script> \n(adsbygoogle = window.adsbygoogle || []).push({}); \n<\/script>\n<\/div>\n<div class=\"wp-block-cover alignfull is-light\"><span aria-hidden=\"true\" class=\"wp-block-cover__gradient-background has-background-dim\"><\/span><img decoding=\"async\" class=\"wp-block-cover__image-background wp-image-342\" alt=\"Webcam Livigno\n\" src=\"https:\/\/weather-radar-live.com\/wp-content\/uploads\/2021\/06\/sam-schooler-E9aetBe2w40-unsplash-e1622554814366.jpg\" data-object-fit=\"cover\"\/><div class=\"wp-block-cover__inner-container is-layout-flow wp-block-cover-is-layout-flow\">\n<h2 class=\"has-text-align-center heading wp-block-heading\" id=\"webcam-fort-mahon\" style=\"font-size:40px\"><strong><mark style=\"background-color:rgba(0, 0, 0, 0)\" class=\"has-inline-color has-base-3-color\">WEBCAM <\/mark><\/strong><br><strong><mark style=\"background-color:rgba(0, 0, 0, 0)\" class=\"has-inline-color has-base-3-color\">LIVIGNO<\/mark><\/strong><\/h2>\n<\/div><\/div>\n\n\n<div class=\"yoast-breadcrumbs\"><span><span><a href=\"https:\/\/weather-radar-live.com\/da\/\">Weather Radar Live<\/a><\/span> \u00bb <span><a href=\"https:\/\/weather-radar-live.com\/da\/webcam\/\">Webcam<\/a><\/span> \u00bb <span><a href=\"https:\/\/weather-radar-live.com\/da\/webcam\/italien\/\">Italien<\/a><\/span> \u00bb <span class=\"breadcrumb_last\" aria-current=\"page\"><strong>Webcam Livigno<\/strong><\/span><\/span><\/div>\n\n\n<h2 class=\"has-text-align-center wp-block-heading\" id=\"webcam-fort-mahon\"><strong>Webcam Livigno<\/strong><\/h2>\n\n\n\n<p>Den italienske by Livigno med sine ca. 6700 indbyggere ligger i provinsen Sondrio i midten af Lombardiet. I en h\u00f8jde af 1816 meter er byen omgivet af et betagende bjergpanorama af Livigno-alperne. Oplev byen med vores webcam Livigno og f\u00e5 den alpine atmosf\u00e6re i realtid hjem til dig.<\/p>\n\n\n\n<p>Livigno med sit fantastiske bjerglandskab har dog ikke kun noget at tilbyde sportsentusiaster \u00e5ret rundt. Shoppingentusiaster kan ogs\u00e5 k\u00f8be parfume, tobaksvarer, alkohol og br\u00e6ndstoffer her efter hjertens lyst &#8211; og toldfrit.<\/p><div id=\"weath-2673779965\" class=\"weath-inhalt_2 weath-entity-placement\" style=\"margin-top: 15px;margin-right: 25px;margin-bottom: 35px;margin-left: 25px;\"><script async src=\"\/\/pagead2.googlesyndication.com\/pagead\/js\/adsbygoogle.js?client=ca-pub-8960936133935804\" crossorigin=\"anonymous\"><\/script><ins class=\"adsbygoogle\" style=\"display:block;\" data-ad-client=\"ca-pub-8960936133935804\" \ndata-ad-slot=\"1963584050\" \ndata-ad-format=\"auto\"><\/ins>\n<script> \n(adsbygoogle = window.adsbygoogle || []).push({}); \n<\/script>\n<\/div>\n\n\n\n<div class=\"wp-block-columns is-layout-flex wp-container-core-columns-is-layout-9d6595d7 wp-block-columns-is-layout-flex\">\n<div class=\"wp-block-column webcam-column is-layout-flow wp-block-column-is-layout-flow\">\n<h3 class=\"has-text-align-center wp-block-heading\"> \ud83d\udd34 <strong>Webcam<\/strong> <strong>Livigno<\/strong> &#8211; Mottolino<\/h3>\n\n\n\n<a name=\"windy-webcam-timelapse-player\" data-id=\"1574634890\" data-play=\"day\" href=\"https:\/\/windy.com\/webcams\/1574634890\" target=\"_blank\" rel=\"noopener\">Luwin: Mottolino<\/a><script async=\"\" type=\"text\/javascript\" src=\"https:\/\/webcams.windy.com\/webcams\/public\/embed\/script\/player.js\"><\/script>\n<\/div>\n\n\n\n<div class=\"wp-block-column webcam-column is-layout-flow wp-block-column-is-layout-flow\">\n<h3 class=\"has-text-align-center wp-block-heading\"> \ud83d\udd34 <strong>Webcam Livigno<\/strong> &#8211; Skr\u00e5ning<\/h3>\n\n\n\n<a name=\"windy-webcam-timelapse-player\" data-id=\"1199737029\" data-play=\"day\" href=\"https:\/\/windy.com\/webcams\/1199737029\" target=\"_blank\" rel=\"noopener\">Luwin: Piste<\/a><script async=\"\" type=\"text\/javascript\" src=\"https:\/\/webcams.windy.com\/webcams\/public\/embed\/script\/player.js\"><\/script>\n<\/div>\n<\/div>\n\n\n\n<div class=\"wp-block-columns is-layout-flex wp-container-core-columns-is-layout-9d6595d7 wp-block-columns-is-layout-flex\">\n<div class=\"wp-block-column webcam-column is-layout-flow wp-block-column-is-layout-flow\">\n<h3 class=\"has-text-align-center wp-block-heading\"> \ud83d\udd34 <strong>Webcam<\/strong> <strong>Livigno<\/strong> &#8211; Center<\/h3>\n\n\n\n<a name=\"windy-webcam-timelapse-player\" data-id=\"1636048457\" data-play=\"day\" href=\"https:\/\/windy.com\/webcams\/1636048457\" target=\"_blank\" rel=\"noopener\">Luwin<\/a><script async=\"\" type=\"text\/javascript\" src=\"https:\/\/webcams.windy.com\/webcams\/public\/embed\/script\/player.js\"><\/script>\n<\/div>\n\n\n\n<div class=\"wp-block-column webcam-column is-layout-flow wp-block-column-is-layout-flow\">\n<h3 class=\"has-text-align-center wp-block-heading\"> \ud83d\udd34 <strong>Webcam Livigno<\/strong> &#8211; By <\/h3>\n\n\n\n<a name=\"windy-webcam-timelapse-player\" data-id=\"1633360282\" data-play=\"day\" href=\"https:\/\/windy.com\/webcams\/1633360282\" target=\"_blank\" rel=\"noopener\">Luwin<\/a><script async=\"\" type=\"text\/javascript\" src=\"https:\/\/webcams.windy.com\/webcams\/public\/embed\/script\/player.js\"><\/script>\n<\/div>\n<\/div>\n\n\n\n<div class=\"wp-block-columns is-layout-flex wp-container-core-columns-is-layout-9d6595d7 wp-block-columns-is-layout-flex\">\n<div class=\"wp-block-column webcam-column is-layout-flow wp-block-column-is-layout-flow\">\n<h3 class=\"has-text-align-center wp-block-heading\"> \ud83d\udd34 <strong>Webcam Livigno<\/strong> <strong><strong> &#8211;<\/strong><\/strong> Nord<\/h3>\n\n\n\n<a name=\"windy-webcam-timelapse-player\" data-id=\"1199736353\" data-play=\"day\" href=\"https:\/\/windy.com\/webcams\/1199736353\" target=\"_blank\" rel=\"noopener\">Luwin: WEBCAM &#8211; nord<\/a><script async=\"\" type=\"text\/javascript\" src=\"https:\/\/webcams.windy.com\/webcams\/public\/embed\/script\/player.js\"><\/script>\n<\/div>\n\n\n\n<div class=\"wp-block-column webcam-column is-layout-flow wp-block-column-is-layout-flow\">\n<h3 class=\"has-text-align-center wp-block-heading\"> \ud83d\udd34 <strong>Webcam Livigno<\/strong> &#8211; Vest<\/h3>\n\n\n\n<a name=\"windy-webcam-timelapse-player\" data-id=\"1462285961\" data-play=\"day\" href=\"https:\/\/windy.com\/webcams\/1462285961\" target=\"_blank\" rel=\"noopener\">Luwin<\/a><script async=\"\" type=\"text\/javascript\" src=\"https:\/\/webcams.windy.com\/webcams\/public\/embed\/script\/player.js\"><\/script>\n<\/div>\n<\/div>\n\n\n\n<div class=\"wp-block-columns is-layout-flex wp-container-core-columns-is-layout-9d6595d7 wp-block-columns-is-layout-flex\">\n<div class=\"wp-block-column webcam-column is-layout-flow wp-block-column-is-layout-flow\">\n<h3 class=\"has-text-align-center wp-block-heading\"> \ud83d\udd34 <strong>Webcam Livigno<\/strong> &#8211; Carosello 3000<\/h3>\n\n\n\n<a name=\"windy-webcam-timelapse-player\" data-id=\"1332090499\" data-play=\"day\" href=\"https:\/\/windy.com\/webcams\/1332090499\" target=\"_blank\" rel=\"noopener\">Luwin: Carosello 3000 &#8211; Polvere &#8211; Park<\/a><script async=\"\" type=\"text\/javascript\" src=\"https:\/\/webcams.windy.com\/webcams\/public\/embed\/script\/player.js\"><\/script>\n<\/div>\n\n\n\n<div class=\"wp-block-column webcam-column is-layout-flow wp-block-column-is-layout-flow\">\n<h3 class=\"has-text-align-center wp-block-heading\"> \ud83d\udd34 <strong>Webcam Livigno<\/strong> &#8211; Syd<\/h3>\n\n\n\n<a name=\"windy-webcam-timelapse-player\" data-id=\"1632490921\" data-play=\"day\" href=\"https:\/\/windy.com\/webcams\/1632490921\" target=\"_blank\" rel=\"noopener\">Luwin &#8216; Syd: Livigno Italien<\/a><script async=\"\" type=\"text\/javascript\" src=\"https:\/\/webcams.windy.com\/webcams\/public\/embed\/script\/player.js\"><\/script>\n<\/div>\n<\/div>\n\n\n\n<h2 class=\"wp-block-heading\" id=\"fort-mahon-today\"><strong>Vejrradar Livigno &#8211; Vejret i Livigno<\/strong><\/h2>\n\n\n\n<p>Find ud af de aktuelle vejrforhold i Livigno med vores webcam Livigno i realtid. For at give dig mere nyttig information om vejret i Livigno, tilbyder vi ogs\u00e5 en vejrradar. Denne indeholder ikke kun den aktuelle vejrudsigt for byen, men viser dig ogs\u00e5 alle nedb\u00f8rsomr\u00e5der med deres intensitet. Omr\u00e5der, der er fremh\u00e6vet med bl\u00e5 og gr\u00f8n, angiver nedb\u00f8rsomr\u00e5der med lave nedb\u00f8rsm\u00e6ngder. Omr\u00e5der, der er fremh\u00e6vet med lilla og r\u00f8dt, st\u00e5r derimod for kraftig nedb\u00f8r med et muligt voldsomt vejrpotentiale. Tordenvejr vises ogs\u00e5 med sm\u00e5 lynsymboler i vejrradaren. S\u00e5 med vores vejrradar og webcams f\u00e5r du alle vigtige oplysninger om de aktuelle vejrforhold i Livigno.<\/p>\n\n\n\n<div class=\"wp-block-columns is-layout-flex wp-container-core-columns-is-layout-9d6595d7 wp-block-columns-is-layout-flex\">\n<div class=\"wp-block-column is-layout-flow wp-block-column-is-layout-flow\" style=\"flex-basis:75%\">\n<iframe loading=\"lazy\" width=\"1300\" height=\"502\" src=\"https:\/\/embed.windy.com\/embed2.html?lat=46.530&amp;lon=10.136&amp;detailLat=46.540&amp;detailLon=10.111&amp;width=1300&amp;height=502&amp;zoom=11&amp;level=surface&amp;overlay=radar&amp;product=radar&amp;menu=&amp;message=&amp;marker=&amp;calendar=now&amp;pressure=&amp;type=map&amp;location=coordinates&amp;detail=&amp;metricWind=default&amp;metricTemp=default&amp;radarRange=-1\" frameborder=\"0\"><\/iframe>\n<\/div>\n\n\n\n<div class=\"wp-block-column is-layout-flow wp-block-column-is-layout-flow\" style=\"flex-basis:25%\">\n<a class=\"weatherwidget-io\" href=\"https:\/\/forecast7.com\/da\/46d5410d14\/livigno\/\" data-label_1=\"LIVIGNO\" data-font=\"Roboto\" data-theme=\"original\">LIVIGNO<\/a>\n<script>\n!function(d,s,id){var js,fjs=d.getElementsByTagName(s)[0];if(!d.getElementById(id)){js=d.createElement(s);js.id=id;js.src='https:\/\/weatherwidget.io\/js\/widget.min.js';fjs.parentNode.insertBefore(js,fjs);}}(document,'script','weatherwidget-io-js');\n<\/script>\n<\/div>\n<\/div>\n\n\n\n<h2 class=\"wp-block-heading\" id=\"fort-mahon-weather\"><strong>Klimaet i Livigno<\/strong><\/h2>\n\n\n\n<p>Abetone er kendetegnet ved et varmt og tempereret klima. Den gennemsnitlige \u00e5rlige temperatur er 9,6 \u00b0C, med juli som den varmeste m\u00e5ned med en Livigno er kendetegnet ved tundraklima, s\u00e5 det er ret koldt, men forholdsvis t\u00f8rt hele \u00e5ret. Den gennemsnitlige \u00e5rlige temperatur her er 3 \u00b0C. Juli er den varmeste m\u00e5ned med sine gennemsnit 14 \u00b0C, mens januar er den koldeste m\u00e5ned med omkring -6 \u00b0. Nedb\u00f8ren er ret lav i Livigno, s\u00e5 det er t\u00f8rt 117 dage om \u00e5ret, og den \u00e5rlige nedb\u00f8r er 807 mm.<\/p>\n\n\n\n<h2 class=\"wp-block-heading\"><strong>Sev\u00e6rdigheder i Livigno<\/strong><\/h2>\n\n\n\n<p>Livigno byder sportsentusiaster velkommen hele \u00e5ret rundt. Om vinteren venter der et fortryllende vinterlandskab med sned\u00e6kkede dale og uber\u00f8rt natur, som du kan opleve p\u00e5 en sprudlende sneskovandring eller p\u00e5 en langrendstur p\u00e5 ski. Hvis du foretr\u00e6kker det lidt hurtigere, kan du st\u00e5 p\u00e5 ski eller snowboard ned ad Alperne. Her venter 33 topmoderne lifte p\u00e5 dig, der forbinder de varierede pister med en samlet l\u00e6ngde p\u00e5 115 km. Om sommeren venter Alperne p\u00e5 dig med talrige vandrestier, der \u00e5bner et utroligt bjergpanorama ikke kun for vandrere, men ogs\u00e5 for mountainbikere. H\u00f8jt oppe kan du tage p\u00e5 paragliding eller sportsklatring, som regionen ogs\u00e5 er kendt for. En anden oplevelse er shopping i byen. Fordi Livigno er et toldfrit omr\u00e5de i EU, kan du shoppe momsfrit i Livigno. For den rette forfriskning efter eller under shoppingturen byder byens mange restauranter p\u00e5 velsmagende specialiteter fra det typiske k\u00f8kken i landet.<\/p>\n","protected":false},"excerpt":{"rendered":"<p>Webcam Livigno Den italienske by Livigno med sine ca. 6700 indbyggere ligger i provinsen Sondrio i midten af Lombardiet. I en h\u00f8jde af 1816 meter er byen omgivet af et betagende bjergpanorama af Livigno-alperne. Oplev byen med vores webcam Livigno og f\u00e5 den alpine atmosf\u00e6re i realtid hjem til dig. Livigno med sit fantastiske bjerglandskab &#8230; <a title=\"Webcam Livigno\" class=\"read-more\" href=\"https:\/\/weather-radar-live.com\/da\/webcam\/italien\/webcam-livigno\/\" aria-label=\"Read more about Webcam Livigno\">L\u00e6s mere <\/a><\/p>\n","protected":false},"author":1,"featured_media":6080,"parent":4306,"menu_order":0,"comment_status":"closed","ping_status":"closed","template":"","meta":{"footnotes":""},"class_list":["post-6185","page","type-page","status-publish","has-post-thumbnail"],"yoast_head":"<!-- This site is optimized with the Yoast SEO plugin v27.3 - https:\/\/yoast.com\/product\/yoast-seo-wordpress\/ -->\n<title>Webcam Livigno \u2192 Se live!<\/title>\n<meta name=\"description\" content=\"Webcam Livigno | Live Webcam af Livigno! \u2705 Opdateret for dig i realtid! \u2705 Aktuel vejrudsigt!\" \/>\n<meta name=\"robots\" content=\"index, follow, max-snippet:-1, max-image-preview:large, max-video-preview:-1\" \/>\n<link rel=\"canonical\" href=\"https:\/\/weather-radar-live.com\/da\/webcam\/italien\/webcam-livigno\/\" \/>\n<meta property=\"og:locale\" content=\"da_DK\" \/>\n<meta property=\"og:type\" content=\"article\" \/>\n<meta property=\"og:title\" content=\"Webcam Livigno \u2192 Se live!\" \/>\n<meta property=\"og:description\" content=\"Webcam Livigno | Live Webcam af Livigno! \u2705 Opdateret for dig i realtid! \u2705 Aktuel vejrudsigt!\" \/>\n<meta property=\"og:url\" content=\"https:\/\/weather-radar-live.com\/da\/webcam\/italien\/webcam-livigno\/\" \/>\n<meta property=\"og:site_name\" content=\"weather-radar-live.com\" \/>\n<meta property=\"article:modified_time\" content=\"2022-08-03T12:03:54+00:00\" \/>\n<meta property=\"og:image\" content=\"https:\/\/weather-radar-live.com\/wp-content\/uploads\/2022\/08\/Webcam-Luwin.jpg\" \/>\n\t<meta property=\"og:image:width\" content=\"1756\" \/>\n\t<meta property=\"og:image:height\" content=\"954\" \/>\n\t<meta property=\"og:image:type\" content=\"image\/jpeg\" \/>\n<meta name=\"twitter:card\" content=\"summary_large_image\" \/>\n<meta name=\"twitter:label1\" content=\"Estimeret l\u00e6setid\" \/>\n\t<meta name=\"twitter:data1\" content=\"3 minutter\" \/>\n<script type=\"application\/ld+json\" class=\"yoast-schema-graph\">{\"@context\":\"https:\\\/\\\/schema.org\",\"@graph\":[{\"@type\":\"WebPage\",\"@id\":\"https:\\\/\\\/weather-radar-live.com\\\/da\\\/webcam\\\/italien\\\/webcam-livigno\\\/\",\"url\":\"https:\\\/\\\/weather-radar-live.com\\\/da\\\/webcam\\\/italien\\\/webcam-livigno\\\/\",\"name\":\"Webcam Livigno \u2192 Se live!\",\"isPartOf\":{\"@id\":\"https:\\\/\\\/weather-radar-live.com\\\/#website\"},\"primaryImageOfPage\":{\"@id\":\"https:\\\/\\\/weather-radar-live.com\\\/da\\\/webcam\\\/italien\\\/webcam-livigno\\\/#primaryimage\"},\"image\":{\"@id\":\"https:\\\/\\\/weather-radar-live.com\\\/da\\\/webcam\\\/italien\\\/webcam-livigno\\\/#primaryimage\"},\"thumbnailUrl\":\"https:\\\/\\\/weather-radar-live.com\\\/wp-content\\\/uploads\\\/2022\\\/08\\\/Webcam-Luwin.jpg\",\"datePublished\":\"2022-08-02T19:33:39+00:00\",\"dateModified\":\"2022-08-03T12:03:54+00:00\",\"description\":\"Webcam Livigno | Live Webcam af Livigno! \u2705 Opdateret for dig i realtid! \u2705 Aktuel vejrudsigt!\",\"breadcrumb\":{\"@id\":\"https:\\\/\\\/weather-radar-live.com\\\/da\\\/webcam\\\/italien\\\/webcam-livigno\\\/#breadcrumb\"},\"inLanguage\":\"da-DK\",\"potentialAction\":[{\"@type\":\"ReadAction\",\"target\":[\"https:\\\/\\\/weather-radar-live.com\\\/da\\\/webcam\\\/italien\\\/webcam-livigno\\\/\"]}]},{\"@type\":\"ImageObject\",\"inLanguage\":\"da-DK\",\"@id\":\"https:\\\/\\\/weather-radar-live.com\\\/da\\\/webcam\\\/italien\\\/webcam-livigno\\\/#primaryimage\",\"url\":\"https:\\\/\\\/weather-radar-live.com\\\/wp-content\\\/uploads\\\/2022\\\/08\\\/Webcam-Luwin.jpg\",\"contentUrl\":\"https:\\\/\\\/weather-radar-live.com\\\/wp-content\\\/uploads\\\/2022\\\/08\\\/Webcam-Luwin.jpg\",\"width\":1756,\"height\":954,\"caption\":\"Webcam - Livigno\"},{\"@type\":\"BreadcrumbList\",\"@id\":\"https:\\\/\\\/weather-radar-live.com\\\/da\\\/webcam\\\/italien\\\/webcam-livigno\\\/#breadcrumb\",\"itemListElement\":[{\"@type\":\"ListItem\",\"position\":1,\"name\":\"Weather Radar Live\",\"item\":\"https:\\\/\\\/weather-radar-live.com\\\/da\\\/\"},{\"@type\":\"ListItem\",\"position\":2,\"name\":\"Webcam\",\"item\":\"https:\\\/\\\/weather-radar-live.com\\\/da\\\/webcam\\\/\"},{\"@type\":\"ListItem\",\"position\":3,\"name\":\"Italien\",\"item\":\"https:\\\/\\\/weather-radar-live.com\\\/da\\\/webcam\\\/italien\\\/\"},{\"@type\":\"ListItem\",\"position\":4,\"name\":\"Webcam Livigno\"}]},{\"@type\":\"WebSite\",\"@id\":\"https:\\\/\\\/weather-radar-live.com\\\/#website\",\"url\":\"https:\\\/\\\/weather-radar-live.com\\\/\",\"name\":\"weather-radar-live.com\",\"description\":\"Your weather and sky radar.\",\"publisher\":{\"@id\":\"https:\\\/\\\/weather-radar-live.com\\\/#organization\"},\"potentialAction\":[{\"@type\":\"SearchAction\",\"target\":{\"@type\":\"EntryPoint\",\"urlTemplate\":\"https:\\\/\\\/weather-radar-live.com\\\/?s={search_term_string}\"},\"query-input\":{\"@type\":\"PropertyValueSpecification\",\"valueRequired\":true,\"valueName\":\"search_term_string\"}}],\"inLanguage\":\"da-DK\"},{\"@type\":\"Organization\",\"@id\":\"https:\\\/\\\/weather-radar-live.com\\\/#organization\",\"name\":\"weather-radar-live.com\",\"url\":\"https:\\\/\\\/weather-radar-live.com\\\/\",\"logo\":{\"@type\":\"ImageObject\",\"inLanguage\":\"da-DK\",\"@id\":\"https:\\\/\\\/weather-radar-live.com\\\/#\\\/schema\\\/logo\\\/image\\\/\",\"url\":\"https:\\\/\\\/weather-radar-live.com\\\/wp-content\\\/uploads\\\/2022\\\/03\\\/cropped-WRL2503.png\",\"contentUrl\":\"https:\\\/\\\/weather-radar-live.com\\\/wp-content\\\/uploads\\\/2022\\\/03\\\/cropped-WRL2503.png\",\"width\":1920,\"height\":555,\"caption\":\"weather-radar-live.com\"},\"image\":{\"@id\":\"https:\\\/\\\/weather-radar-live.com\\\/#\\\/schema\\\/logo\\\/image\\\/\"}}]}<\/script>\n<!-- \/ Yoast SEO plugin. -->","yoast_head_json":{"title":"Webcam Livigno \u2192 Se live!","description":"Webcam Livigno | Live Webcam af Livigno! \u2705 Opdateret for dig i realtid! \u2705 Aktuel vejrudsigt!","robots":{"index":"index","follow":"follow","max-snippet":"max-snippet:-1","max-image-preview":"max-image-preview:large","max-video-preview":"max-video-preview:-1"},"canonical":"https:\/\/weather-radar-live.com\/da\/webcam\/italien\/webcam-livigno\/","og_locale":"da_DK","og_type":"article","og_title":"Webcam Livigno \u2192 Se live!","og_description":"Webcam Livigno | Live Webcam af Livigno! \u2705 Opdateret for dig i realtid! \u2705 Aktuel vejrudsigt!","og_url":"https:\/\/weather-radar-live.com\/da\/webcam\/italien\/webcam-livigno\/","og_site_name":"weather-radar-live.com","article_modified_time":"2022-08-03T12:03:54+00:00","og_image":[{"width":1756,"height":954,"url":"https:\/\/weather-radar-live.com\/wp-content\/uploads\/2022\/08\/Webcam-Luwin.jpg","type":"image\/jpeg"}],"twitter_card":"summary_large_image","twitter_misc":{"Estimeret l\u00e6setid":"3 minutter"},"schema":{"@context":"https:\/\/schema.org","@graph":[{"@type":"WebPage","@id":"https:\/\/weather-radar-live.com\/da\/webcam\/italien\/webcam-livigno\/","url":"https:\/\/weather-radar-live.com\/da\/webcam\/italien\/webcam-livigno\/","name":"Webcam Livigno \u2192 Se live!","isPartOf":{"@id":"https:\/\/weather-radar-live.com\/#website"},"primaryImageOfPage":{"@id":"https:\/\/weather-radar-live.com\/da\/webcam\/italien\/webcam-livigno\/#primaryimage"},"image":{"@id":"https:\/\/weather-radar-live.com\/da\/webcam\/italien\/webcam-livigno\/#primaryimage"},"thumbnailUrl":"https:\/\/weather-radar-live.com\/wp-content\/uploads\/2022\/08\/Webcam-Luwin.jpg","datePublished":"2022-08-02T19:33:39+00:00","dateModified":"2022-08-03T12:03:54+00:00","description":"Webcam Livigno | Live Webcam af Livigno! \u2705 Opdateret for dig i realtid! \u2705 Aktuel vejrudsigt!","breadcrumb":{"@id":"https:\/\/weather-radar-live.com\/da\/webcam\/italien\/webcam-livigno\/#breadcrumb"},"inLanguage":"da-DK","potentialAction":[{"@type":"ReadAction","target":["https:\/\/weather-radar-live.com\/da\/webcam\/italien\/webcam-livigno\/"]}]},{"@type":"ImageObject","inLanguage":"da-DK","@id":"https:\/\/weather-radar-live.com\/da\/webcam\/italien\/webcam-livigno\/#primaryimage","url":"https:\/\/weather-radar-live.com\/wp-content\/uploads\/2022\/08\/Webcam-Luwin.jpg","contentUrl":"https:\/\/weather-radar-live.com\/wp-content\/uploads\/2022\/08\/Webcam-Luwin.jpg","width":1756,"height":954,"caption":"Webcam - Livigno"},{"@type":"BreadcrumbList","@id":"https:\/\/weather-radar-live.com\/da\/webcam\/italien\/webcam-livigno\/#breadcrumb","itemListElement":[{"@type":"ListItem","position":1,"name":"Weather Radar Live","item":"https:\/\/weather-radar-live.com\/da\/"},{"@type":"ListItem","position":2,"name":"Webcam","item":"https:\/\/weather-radar-live.com\/da\/webcam\/"},{"@type":"ListItem","position":3,"name":"Italien","item":"https:\/\/weather-radar-live.com\/da\/webcam\/italien\/"},{"@type":"ListItem","position":4,"name":"Webcam Livigno"}]},{"@type":"WebSite","@id":"https:\/\/weather-radar-live.com\/#website","url":"https:\/\/weather-radar-live.com\/","name":"weather-radar-live.com","description":"Your weather and sky radar.","publisher":{"@id":"https:\/\/weather-radar-live.com\/#organization"},"potentialAction":[{"@type":"SearchAction","target":{"@type":"EntryPoint","urlTemplate":"https:\/\/weather-radar-live.com\/?s={search_term_string}"},"query-input":{"@type":"PropertyValueSpecification","valueRequired":true,"valueName":"search_term_string"}}],"inLanguage":"da-DK"},{"@type":"Organization","@id":"https:\/\/weather-radar-live.com\/#organization","name":"weather-radar-live.com","url":"https:\/\/weather-radar-live.com\/","logo":{"@type":"ImageObject","inLanguage":"da-DK","@id":"https:\/\/weather-radar-live.com\/#\/schema\/logo\/image\/","url":"https:\/\/weather-radar-live.com\/wp-content\/uploads\/2022\/03\/cropped-WRL2503.png","contentUrl":"https:\/\/weather-radar-live.com\/wp-content\/uploads\/2022\/03\/cropped-WRL2503.png","width":1920,"height":555,"caption":"weather-radar-live.com"},"image":{"@id":"https:\/\/weather-radar-live.com\/#\/schema\/logo\/image\/"}}]}},"_links":{"self":[{"href":"https:\/\/weather-radar-live.com\/da\/wp-json\/wp\/v2\/pages\/6185","targetHints":{"allow":["GET"]}}],"collection":[{"href":"https:\/\/weather-radar-live.com\/da\/wp-json\/wp\/v2\/pages"}],"about":[{"href":"https:\/\/weather-radar-live.com\/da\/wp-json\/wp\/v2\/types\/page"}],"author":[{"embeddable":true,"href":"https:\/\/weather-radar-live.com\/da\/wp-json\/wp\/v2\/users\/1"}],"replies":[{"embeddable":true,"href":"https:\/\/weather-radar-live.com\/da\/wp-json\/wp\/v2\/comments?post=6185"}],"version-history":[{"count":4,"href":"https:\/\/weather-radar-live.com\/da\/wp-json\/wp\/v2\/pages\/6185\/revisions"}],"predecessor-version":[{"id":6225,"href":"https:\/\/weather-radar-live.com\/da\/wp-json\/wp\/v2\/pages\/6185\/revisions\/6225"}],"up":[{"embeddable":true,"href":"https:\/\/weather-radar-live.com\/da\/wp-json\/wp\/v2\/pages\/4306"}],"wp:featuredmedia":[{"embeddable":true,"href":"https:\/\/weather-radar-live.com\/da\/wp-json\/wp\/v2\/media\/6080"}],"wp:attachment":[{"href":"https:\/\/weather-radar-live.com\/da\/wp-json\/wp\/v2\/media?parent=6185"}],"curies":[{"name":"wp","href":"https:\/\/api.w.org\/{rel}","templated":true}]}}