{"id":6133,"date":"2022-07-27T20:31:29","date_gmt":"2022-07-27T18:31:29","guid":{"rendered":"https:\/\/weather-radar-live.com\/webcam\/italien\/webcam-camigliatello\/"},"modified":"2022-08-03T13:02:52","modified_gmt":"2022-08-03T11:02:52","slug":"webcam-camigliatello","status":"publish","type":"page","link":"https:\/\/weather-radar-live.com\/da\/webcam\/italien\/webcam-camigliatello\/","title":{"rendered":"Webcam Camigliatello"},"content":{"rendered":"<div id=\"weath-2986608429\" class=\"weath-vor-dem-inhalt weath-entity-placement\" style=\"margin-top: 15px;margin-right: 25px;margin-bottom: 40px;margin-left: 25px;\"><script async src=\"\/\/pagead2.googlesyndication.com\/pagead\/js\/adsbygoogle.js?client=ca-pub-8960936133935804\" crossorigin=\"anonymous\"><\/script><ins class=\"adsbygoogle\" style=\"display:block;\" data-ad-client=\"ca-pub-8960936133935804\" \ndata-ad-slot=\"6172817020\" \ndata-ad-format=\"auto\"><\/ins>\n<script> \n(adsbygoogle = window.adsbygoogle || []).push({}); \n<\/script>\n<\/div>\n<div class=\"wp-block-cover alignfull is-light\"><span aria-hidden=\"true\" class=\"wp-block-cover__gradient-background has-background-dim\"><\/span><img decoding=\"async\" class=\"wp-block-cover__image-background wp-image-342\" alt=\"Webcam Camigliatello\" src=\"https:\/\/weather-radar-live.com\/wp-content\/uploads\/2021\/06\/sam-schooler-E9aetBe2w40-unsplash-e1622554814366.jpg\" data-object-fit=\"cover\"\/><div class=\"wp-block-cover__inner-container is-layout-flow wp-block-cover-is-layout-flow\">\n<h2 class=\"has-text-align-center heading wp-block-heading\" id=\"webcam-fort-mahon\" style=\"font-size:40px\"><strong><mark style=\"background-color:rgba(0, 0, 0, 0)\" class=\"has-inline-color has-base-3-color\">WEBCAM <\/mark><\/strong><br><strong><mark style=\"background-color:rgba(0, 0, 0, 0)\" class=\"has-inline-color has-base-3-color\">CAMIGLIATELLO<\/mark><\/strong><\/h2>\n<\/div><\/div>\n\n\n<div class=\"yoast-breadcrumbs\"><span><span><a href=\"https:\/\/weather-radar-live.com\/da\/\">Weather Radar Live<\/a><\/span> \u00bb <span><a href=\"https:\/\/weather-radar-live.com\/da\/webcam\/\">Webcam<\/a><\/span> \u00bb <span><a href=\"https:\/\/weather-radar-live.com\/da\/webcam\/italien\/\">Italien<\/a><\/span> \u00bb <span class=\"breadcrumb_last\" aria-current=\"page\"><strong>Webcam Camigliatello<\/strong><\/span><\/span><\/div>\n\n\n<h2 class=\"has-text-align-center wp-block-heading\" id=\"webcam-fort-mahon\"><strong>Webcam Camigliatello<\/strong><\/h2>\n\n\n\n<p>Skisportsstedet Camigliatello ligger i den calabriske provins Cosenza. Der er 4,3 kilometer pister til r\u00e5dighed til skil\u00f8b og snowboarding. Desuden finder du i Camigliatello lifte (gondoler og stolelifte), der bringer dig til de h\u00f8jere beliggende omr\u00e5der. Det calabriske vintersportsomr\u00e5de ligger i en h\u00f8jde p\u00e5 mellem 1.378 og 1.785 meter. Skis\u00e6sonen i Camigliatello starter i begyndelsen af februar og varer normalt til slutningen af april. Du finder 28 procent bl\u00e5 pister og 72 procent r\u00f8de pister. Den l\u00e6ngste nedk\u00f8rsel, du kan lave, er 1 kilometer. Med vores webcam Camigliatello kan du deltage i travlheden p\u00e5 pisterne i realtid. Men ogs\u00e5 i sommerm\u00e5nederne er Camigliatello altid en tur v\u00e6rd. Det smukke bjergmassiv med sine frodige gr\u00f8nne alpearealer indbyder til vandreture og afslapning.<\/p>\n\n\n\n<p>Provinsen Cosenza, hvor skisportsstedet Camigliatello ligger, blev grundlagt i det 4. \u00e5rhundrede f.Kr. af Brutti-stammen. Selv i dag kan du finde spor af bruttierne, n\u00e5r du rejser i denne region. Beliggende ved foden af Sila-bjergene er dette paradis defineret af de to floder Crati og Busento, som l\u00f8ber sammen her. Desuden ligger dette vidunderlige omr\u00e5de meget centralt i forhold til de store italienske metropoler. P\u00e5 ca. 95 kilometer kan du n\u00e5 Catanzaro, og Napoli ligger ca. 315 kilometer v\u00e6k. Hvis du planl\u00e6gger en ferie i denne region, kan du ogs\u00e5 stole p\u00e5 offentlig transport. Cosenza og Camigliatello er meget nemme at n\u00e5 med dem, s\u00e5 du kan lade bilen st\u00e5 i garagen derhjemme og g\u00f8re noget for milj\u00f8et.<\/p><div id=\"weath-1371219410\" class=\"weath-inhalt_2 weath-entity-placement\" style=\"margin-top: 15px;margin-right: 25px;margin-bottom: 35px;margin-left: 25px;\"><script async src=\"\/\/pagead2.googlesyndication.com\/pagead\/js\/adsbygoogle.js?client=ca-pub-8960936133935804\" crossorigin=\"anonymous\"><\/script><ins class=\"adsbygoogle\" style=\"display:block;\" data-ad-client=\"ca-pub-8960936133935804\" \ndata-ad-slot=\"1963584050\" \ndata-ad-format=\"auto\"><\/ins>\n<script> \n(adsbygoogle = window.adsbygoogle || []).push({}); \n<\/script>\n<\/div>\n\n\n\n<div class=\"wp-block-columns is-layout-flex wp-container-core-columns-is-layout-9d6595d7 wp-block-columns-is-layout-flex\">\n<div class=\"wp-block-column webcam-column is-layout-flow wp-block-column-is-layout-flow\">\n<h3 class=\"has-text-align-center live-emoji wp-block-heading\"> \ud83d\udd34 <strong>Webcam Camigliatello<\/strong> &#8211; Spezzano della Sila <\/h3>\n\n\n\n<a name=\"windy-webcam-timelapse-player\" data-id=\"1646056997\" data-play=\"day\" href=\"https:\/\/windy.com\/webcams\/1646056997\" target=\"_blank\" rel=\"noopener\">Spezzano della Sila<\/a><script async=\"\" type=\"text\/javascript\" src=\"https:\/\/webcams.windy.com\/webcams\/public\/embed\/script\/player.js\"><\/script>\n<\/div>\n<\/div>\n\n\n\n<h2 class=\"wp-block-heading\" id=\"fort-mahon-today\"><strong>Vejrradar Camigliatello &#8211; Vejret i Camigliatello<\/strong><\/h2>\n\n\n\n<p>Webcam Camigliatello giver dig ikke kun et godt overblik over vejret gennem livebilleder, men ogs\u00e5 en s\u00e6rlig vejrradar. Med vejrradaren er du altid opdateret med vejret i Camigliatello. Radaren p\u00e5 webkameraet viser de omr\u00e5der, hvor der falder nedb\u00f8r, i forskellige farver. De gr\u00f8nne og bl\u00e5 nuancer angiver, at der kun forventes let nedb\u00f8r. Lilla og r\u00f8dt repr\u00e6senterer derimod meget store m\u00e6ngder nedb\u00f8r. Hvis der forventes et tordenvejr, viser vejrradaren et lille lynsymbol.<\/p>\n\n\n\n<div class=\"wp-block-columns is-layout-flex wp-container-core-columns-is-layout-9d6595d7 wp-block-columns-is-layout-flex\">\n<div class=\"wp-block-column is-layout-flow wp-block-column-is-layout-flow\" style=\"flex-basis:75%\">\n<iframe loading=\"lazy\" width=\"1300\" height=\"502\" src=\"https:\/\/embed.windy.com\/embed2.html?lat=39.329&amp;lon=16.504&amp;detailLat=39.340&amp;detailLon=16.438&amp;width=1300&amp;height=502&amp;zoom=11&amp;level=surface&amp;overlay=radar&amp;product=radar&amp;menu=&amp;message=&amp;marker=&amp;calendar=now&amp;pressure=&amp;type=map&amp;location=coordinates&amp;detail=&amp;metricWind=default&amp;metricTemp=default&amp;radarRange=-1\" frameborder=\"0\"><\/iframe>\n<\/div>\n\n\n\n<div class=\"wp-block-column is-layout-flow wp-block-column-is-layout-flow\" style=\"flex-basis:25%\">\n<a class=\"weatherwidget-io\" href=\"https:\/\/forecast7.com\/da\/39d3416d45\/camigliatello-silano\/\" data-label_1=\"CAMIGLIATELLO SILANO\" data-font=\"Roboto\" data-theme=\"original\" >CAMIGLIATELLO SILANO<\/a>\n<script>\n!function(d,s,id){var js,fjs=d.getElementsByTagName(s)[0];if(!d.getElementById(id)){js=d.createElement(s);js.id=id;js.src='https:\/\/weatherwidget.io\/js\/widget.min.js';fjs.parentNode.insertBefore(js,fjs);}}(document,'script','weatherwidget-io-js');\n<\/script>\n<\/div>\n<\/div>\n\n\n\n<h2 class=\"wp-block-heading\" id=\"fort-mahon-weather\"><strong>Klimaet i Camigliatello<\/strong><\/h2>\n\n\n\n<p>Klimaet i Camigliatello er tempereret og varmt. Der er betydelig nedb\u00f8r hele \u00e5ret, fortrinsvis sne om vinteren. Den gennemsnitlige \u00e5rlige temperatur i Camigliatello er omkring 13 \u00b0C. Om vinteren er temperaturen ca. 5 \u00b0C og om sommeren ca. 26 \u00b0C. Nedb\u00f8ren, fordelt over et \u00e5r, er p\u00e5 ca. 1 206 mm. August er den m\u00e5ned med mindst nedb\u00f8r i denne region, nemlig 53 mm.<\/p>\n\n\n\n<h2 class=\"wp-block-heading\"><strong>Sev\u00e6rdigheder i Camigliatello<\/strong><\/h2>\n\n\n\n<p>Gran Canaria byder p\u00e5 en r\u00e6kke interessante attraktioner for enhver ferieg\u00e6ster. Solens venner vil finde god stemning, fest og fantastiske sandstrande. Muligheder for vandsport, dykning og dybhavsfiskeri kan ogs\u00e5 findes her. Fans af arkitektur vil finde talrige eksempler p\u00e5 klassisk aEn sev\u00e6rdighed, man ikke m\u00e5 g\u00e5 glip af, er Treno della Sila. Den historiske bjergbane, der tr\u00e6kkes af et damplokomotiv, vil lade dig nyde den smukke natur. Du b\u00f8r ogs\u00e5 have bes\u00f8gt Mercatino Camigliatello mindst \u00e9n gang. P\u00e5 gademarkedet finder du mange dejlige ting fra regionen. Er du m\u00e5ske vild med mountainbiking? S\u00e5 er et bes\u00f8g p\u00e5 Hitinero et must for dig.<\/p>\n","protected":false},"excerpt":{"rendered":"<p>Webcam Camigliatello Skisportsstedet Camigliatello ligger i den calabriske provins Cosenza. Der er 4,3 kilometer pister til r\u00e5dighed til skil\u00f8b og snowboarding. Desuden finder du i Camigliatello lifte (gondoler og stolelifte), der bringer dig til de h\u00f8jere beliggende omr\u00e5der. Det calabriske vintersportsomr\u00e5de ligger i en h\u00f8jde p\u00e5 mellem 1.378 og 1.785 meter. Skis\u00e6sonen i Camigliatello starter &#8230; <a title=\"Webcam Camigliatello\" class=\"read-more\" href=\"https:\/\/weather-radar-live.com\/da\/webcam\/italien\/webcam-camigliatello\/\" aria-label=\"Read more about Webcam Camigliatello\">L\u00e6s mere <\/a><\/p>\n","protected":false},"author":1,"featured_media":6066,"parent":4306,"menu_order":0,"comment_status":"closed","ping_status":"closed","template":"","meta":{"footnotes":""},"class_list":["post-6133","page","type-page","status-publish","has-post-thumbnail"],"yoast_head":"<!-- This site is optimized with the Yoast SEO plugin v27.5 - https:\/\/yoast.com\/product\/yoast-seo-wordpress\/ -->\n<title>Webcam Camigliatello \u2192 Se live!<\/title>\n<meta name=\"description\" content=\"Webcam Camigliatello | Live Webcam af Camigliatello! \u2705 Opdateret for dig i realtid! \u2705 Aktuel vejrudsigt!\" \/>\n<meta name=\"robots\" content=\"index, follow, max-snippet:-1, max-image-preview:large, max-video-preview:-1\" \/>\n<link rel=\"canonical\" href=\"https:\/\/weather-radar-live.com\/da\/webcam\/italien\/webcam-camigliatello\/\" \/>\n<meta property=\"og:locale\" content=\"da_DK\" \/>\n<meta property=\"og:type\" content=\"article\" \/>\n<meta property=\"og:title\" content=\"Webcam Camigliatello \u2192 Se live!\" \/>\n<meta property=\"og:description\" content=\"Webcam Camigliatello | Live Webcam af Camigliatello! \u2705 Opdateret for dig i realtid! \u2705 Aktuel vejrudsigt!\" \/>\n<meta property=\"og:url\" content=\"https:\/\/weather-radar-live.com\/da\/webcam\/italien\/webcam-camigliatello\/\" \/>\n<meta property=\"og:site_name\" content=\"weather-radar-live.com\" \/>\n<meta property=\"article:modified_time\" content=\"2022-08-03T11:02:52+00:00\" \/>\n<meta property=\"og:image\" content=\"https:\/\/weather-radar-live.com\/wp-content\/uploads\/2022\/08\/Webcam-Camigliatello-e1659465297401.jpg\" \/>\n\t<meta property=\"og:image:width\" content=\"1911\" \/>\n\t<meta property=\"og:image:height\" content=\"931\" \/>\n\t<meta property=\"og:image:type\" content=\"image\/jpeg\" \/>\n<meta name=\"twitter:card\" content=\"summary_large_image\" \/>\n<meta name=\"twitter:label1\" content=\"Estimeret l\u00e6setid\" \/>\n\t<meta name=\"twitter:data1\" content=\"3 minutter\" \/>\n<script type=\"application\/ld+json\" class=\"yoast-schema-graph\">{\"@context\":\"https:\\\/\\\/schema.org\",\"@graph\":[{\"@type\":\"WebPage\",\"@id\":\"https:\\\/\\\/weather-radar-live.com\\\/da\\\/webcam\\\/italien\\\/webcam-camigliatello\\\/\",\"url\":\"https:\\\/\\\/weather-radar-live.com\\\/da\\\/webcam\\\/italien\\\/webcam-camigliatello\\\/\",\"name\":\"Webcam Camigliatello \u2192 Se live!\",\"isPartOf\":{\"@id\":\"https:\\\/\\\/weather-radar-live.com\\\/#website\"},\"primaryImageOfPage\":{\"@id\":\"https:\\\/\\\/weather-radar-live.com\\\/da\\\/webcam\\\/italien\\\/webcam-camigliatello\\\/#primaryimage\"},\"image\":{\"@id\":\"https:\\\/\\\/weather-radar-live.com\\\/da\\\/webcam\\\/italien\\\/webcam-camigliatello\\\/#primaryimage\"},\"thumbnailUrl\":\"https:\\\/\\\/weather-radar-live.com\\\/wp-content\\\/uploads\\\/2022\\\/08\\\/Webcam-Camigliatello-e1659465297401.jpg\",\"datePublished\":\"2022-07-27T18:31:29+00:00\",\"dateModified\":\"2022-08-03T11:02:52+00:00\",\"description\":\"Webcam Camigliatello | Live Webcam af Camigliatello! \u2705 Opdateret for dig i realtid! \u2705 Aktuel vejrudsigt!\",\"breadcrumb\":{\"@id\":\"https:\\\/\\\/weather-radar-live.com\\\/da\\\/webcam\\\/italien\\\/webcam-camigliatello\\\/#breadcrumb\"},\"inLanguage\":\"da-DK\",\"potentialAction\":[{\"@type\":\"ReadAction\",\"target\":[\"https:\\\/\\\/weather-radar-live.com\\\/da\\\/webcam\\\/italien\\\/webcam-camigliatello\\\/\"]}]},{\"@type\":\"ImageObject\",\"inLanguage\":\"da-DK\",\"@id\":\"https:\\\/\\\/weather-radar-live.com\\\/da\\\/webcam\\\/italien\\\/webcam-camigliatello\\\/#primaryimage\",\"url\":\"https:\\\/\\\/weather-radar-live.com\\\/wp-content\\\/uploads\\\/2022\\\/08\\\/Webcam-Camigliatello-e1659465297401.jpg\",\"contentUrl\":\"https:\\\/\\\/weather-radar-live.com\\\/wp-content\\\/uploads\\\/2022\\\/08\\\/Webcam-Camigliatello-e1659465297401.jpg\",\"width\":1911,\"height\":931,\"caption\":\"Webcam Camigliatello\"},{\"@type\":\"BreadcrumbList\",\"@id\":\"https:\\\/\\\/weather-radar-live.com\\\/da\\\/webcam\\\/italien\\\/webcam-camigliatello\\\/#breadcrumb\",\"itemListElement\":[{\"@type\":\"ListItem\",\"position\":1,\"name\":\"Weather Radar Live\",\"item\":\"https:\\\/\\\/weather-radar-live.com\\\/da\\\/\"},{\"@type\":\"ListItem\",\"position\":2,\"name\":\"Webcam\",\"item\":\"https:\\\/\\\/weather-radar-live.com\\\/da\\\/webcam\\\/\"},{\"@type\":\"ListItem\",\"position\":3,\"name\":\"Italien\",\"item\":\"https:\\\/\\\/weather-radar-live.com\\\/da\\\/webcam\\\/italien\\\/\"},{\"@type\":\"ListItem\",\"position\":4,\"name\":\"Webcam Camigliatello\"}]},{\"@type\":\"WebSite\",\"@id\":\"https:\\\/\\\/weather-radar-live.com\\\/#website\",\"url\":\"https:\\\/\\\/weather-radar-live.com\\\/\",\"name\":\"weather-radar-live.com\",\"description\":\"Your weather and sky radar.\",\"publisher\":{\"@id\":\"https:\\\/\\\/weather-radar-live.com\\\/#organization\"},\"potentialAction\":[{\"@type\":\"SearchAction\",\"target\":{\"@type\":\"EntryPoint\",\"urlTemplate\":\"https:\\\/\\\/weather-radar-live.com\\\/?s={search_term_string}\"},\"query-input\":{\"@type\":\"PropertyValueSpecification\",\"valueRequired\":true,\"valueName\":\"search_term_string\"}}],\"inLanguage\":\"da-DK\"},{\"@type\":\"Organization\",\"@id\":\"https:\\\/\\\/weather-radar-live.com\\\/#organization\",\"name\":\"weather-radar-live.com\",\"url\":\"https:\\\/\\\/weather-radar-live.com\\\/\",\"logo\":{\"@type\":\"ImageObject\",\"inLanguage\":\"da-DK\",\"@id\":\"https:\\\/\\\/weather-radar-live.com\\\/#\\\/schema\\\/logo\\\/image\\\/\",\"url\":\"https:\\\/\\\/weather-radar-live.com\\\/wp-content\\\/uploads\\\/2022\\\/03\\\/cropped-WRL2503.png\",\"contentUrl\":\"https:\\\/\\\/weather-radar-live.com\\\/wp-content\\\/uploads\\\/2022\\\/03\\\/cropped-WRL2503.png\",\"width\":1920,\"height\":555,\"caption\":\"weather-radar-live.com\"},\"image\":{\"@id\":\"https:\\\/\\\/weather-radar-live.com\\\/#\\\/schema\\\/logo\\\/image\\\/\"}}]}<\/script>\n<!-- \/ Yoast SEO plugin. -->","yoast_head_json":{"title":"Webcam Camigliatello \u2192 Se live!","description":"Webcam Camigliatello | Live Webcam af Camigliatello! \u2705 Opdateret for dig i realtid! \u2705 Aktuel vejrudsigt!","robots":{"index":"index","follow":"follow","max-snippet":"max-snippet:-1","max-image-preview":"max-image-preview:large","max-video-preview":"max-video-preview:-1"},"canonical":"https:\/\/weather-radar-live.com\/da\/webcam\/italien\/webcam-camigliatello\/","og_locale":"da_DK","og_type":"article","og_title":"Webcam Camigliatello \u2192 Se live!","og_description":"Webcam Camigliatello | Live Webcam af Camigliatello! \u2705 Opdateret for dig i realtid! \u2705 Aktuel vejrudsigt!","og_url":"https:\/\/weather-radar-live.com\/da\/webcam\/italien\/webcam-camigliatello\/","og_site_name":"weather-radar-live.com","article_modified_time":"2022-08-03T11:02:52+00:00","og_image":[{"width":1911,"height":931,"url":"https:\/\/weather-radar-live.com\/wp-content\/uploads\/2022\/08\/Webcam-Camigliatello-e1659465297401.jpg","type":"image\/jpeg"}],"twitter_card":"summary_large_image","twitter_misc":{"Estimeret l\u00e6setid":"3 minutter"},"schema":{"@context":"https:\/\/schema.org","@graph":[{"@type":"WebPage","@id":"https:\/\/weather-radar-live.com\/da\/webcam\/italien\/webcam-camigliatello\/","url":"https:\/\/weather-radar-live.com\/da\/webcam\/italien\/webcam-camigliatello\/","name":"Webcam Camigliatello \u2192 Se live!","isPartOf":{"@id":"https:\/\/weather-radar-live.com\/#website"},"primaryImageOfPage":{"@id":"https:\/\/weather-radar-live.com\/da\/webcam\/italien\/webcam-camigliatello\/#primaryimage"},"image":{"@id":"https:\/\/weather-radar-live.com\/da\/webcam\/italien\/webcam-camigliatello\/#primaryimage"},"thumbnailUrl":"https:\/\/weather-radar-live.com\/wp-content\/uploads\/2022\/08\/Webcam-Camigliatello-e1659465297401.jpg","datePublished":"2022-07-27T18:31:29+00:00","dateModified":"2022-08-03T11:02:52+00:00","description":"Webcam Camigliatello | Live Webcam af Camigliatello! \u2705 Opdateret for dig i realtid! \u2705 Aktuel vejrudsigt!","breadcrumb":{"@id":"https:\/\/weather-radar-live.com\/da\/webcam\/italien\/webcam-camigliatello\/#breadcrumb"},"inLanguage":"da-DK","potentialAction":[{"@type":"ReadAction","target":["https:\/\/weather-radar-live.com\/da\/webcam\/italien\/webcam-camigliatello\/"]}]},{"@type":"ImageObject","inLanguage":"da-DK","@id":"https:\/\/weather-radar-live.com\/da\/webcam\/italien\/webcam-camigliatello\/#primaryimage","url":"https:\/\/weather-radar-live.com\/wp-content\/uploads\/2022\/08\/Webcam-Camigliatello-e1659465297401.jpg","contentUrl":"https:\/\/weather-radar-live.com\/wp-content\/uploads\/2022\/08\/Webcam-Camigliatello-e1659465297401.jpg","width":1911,"height":931,"caption":"Webcam Camigliatello"},{"@type":"BreadcrumbList","@id":"https:\/\/weather-radar-live.com\/da\/webcam\/italien\/webcam-camigliatello\/#breadcrumb","itemListElement":[{"@type":"ListItem","position":1,"name":"Weather Radar Live","item":"https:\/\/weather-radar-live.com\/da\/"},{"@type":"ListItem","position":2,"name":"Webcam","item":"https:\/\/weather-radar-live.com\/da\/webcam\/"},{"@type":"ListItem","position":3,"name":"Italien","item":"https:\/\/weather-radar-live.com\/da\/webcam\/italien\/"},{"@type":"ListItem","position":4,"name":"Webcam Camigliatello"}]},{"@type":"WebSite","@id":"https:\/\/weather-radar-live.com\/#website","url":"https:\/\/weather-radar-live.com\/","name":"weather-radar-live.com","description":"Your weather and sky radar.","publisher":{"@id":"https:\/\/weather-radar-live.com\/#organization"},"potentialAction":[{"@type":"SearchAction","target":{"@type":"EntryPoint","urlTemplate":"https:\/\/weather-radar-live.com\/?s={search_term_string}"},"query-input":{"@type":"PropertyValueSpecification","valueRequired":true,"valueName":"search_term_string"}}],"inLanguage":"da-DK"},{"@type":"Organization","@id":"https:\/\/weather-radar-live.com\/#organization","name":"weather-radar-live.com","url":"https:\/\/weather-radar-live.com\/","logo":{"@type":"ImageObject","inLanguage":"da-DK","@id":"https:\/\/weather-radar-live.com\/#\/schema\/logo\/image\/","url":"https:\/\/weather-radar-live.com\/wp-content\/uploads\/2022\/03\/cropped-WRL2503.png","contentUrl":"https:\/\/weather-radar-live.com\/wp-content\/uploads\/2022\/03\/cropped-WRL2503.png","width":1920,"height":555,"caption":"weather-radar-live.com"},"image":{"@id":"https:\/\/weather-radar-live.com\/#\/schema\/logo\/image\/"}}]}},"_links":{"self":[{"href":"https:\/\/weather-radar-live.com\/da\/wp-json\/wp\/v2\/pages\/6133","targetHints":{"allow":["GET"]}}],"collection":[{"href":"https:\/\/weather-radar-live.com\/da\/wp-json\/wp\/v2\/pages"}],"about":[{"href":"https:\/\/weather-radar-live.com\/da\/wp-json\/wp\/v2\/types\/page"}],"author":[{"embeddable":true,"href":"https:\/\/weather-radar-live.com\/da\/wp-json\/wp\/v2\/users\/1"}],"replies":[{"embeddable":true,"href":"https:\/\/weather-radar-live.com\/da\/wp-json\/wp\/v2\/comments?post=6133"}],"version-history":[{"count":2,"href":"https:\/\/weather-radar-live.com\/da\/wp-json\/wp\/v2\/pages\/6133\/revisions"}],"predecessor-version":[{"id":6148,"href":"https:\/\/weather-radar-live.com\/da\/wp-json\/wp\/v2\/pages\/6133\/revisions\/6148"}],"up":[{"embeddable":true,"href":"https:\/\/weather-radar-live.com\/da\/wp-json\/wp\/v2\/pages\/4306"}],"wp:featuredmedia":[{"embeddable":true,"href":"https:\/\/weather-radar-live.com\/da\/wp-json\/wp\/v2\/media\/6066"}],"wp:attachment":[{"href":"https:\/\/weather-radar-live.com\/da\/wp-json\/wp\/v2\/media?parent=6133"}],"curies":[{"name":"wp","href":"https:\/\/api.w.org\/{rel}","templated":true}]}}