{"id":5672,"date":"2022-07-22T14:13:42","date_gmt":"2022-07-22T12:13:42","guid":{"rendered":"https:\/\/weather-radar-live.com\/?page_id=5672"},"modified":"2022-07-22T14:15:21","modified_gmt":"2022-07-22T12:15:21","slug":"webcam-madrid","status":"publish","type":"page","link":"https:\/\/weather-radar-live.com\/da\/webcam\/spanien\/webcam-madrid\/","title":{"rendered":"Webcam Madrid"},"content":{"rendered":"<div id=\"weath-3105089085\" class=\"weath-vor-dem-inhalt weath-entity-placement\" style=\"margin-top: 15px;margin-right: 25px;margin-bottom: 40px;margin-left: 25px;\"><script async src=\"\/\/pagead2.googlesyndication.com\/pagead\/js\/adsbygoogle.js?client=ca-pub-8960936133935804\" crossorigin=\"anonymous\"><\/script><ins class=\"adsbygoogle\" style=\"display:block;\" data-ad-client=\"ca-pub-8960936133935804\" \ndata-ad-slot=\"6172817020\" \ndata-ad-format=\"auto\"><\/ins>\n<script> \n(adsbygoogle = window.adsbygoogle || []).push({}); \n<\/script>\n<\/div>\n<div class=\"wp-block-cover alignfull is-light\"><span aria-hidden=\"true\" class=\"wp-block-cover__gradient-background has-background-dim\"><\/span><img decoding=\"async\" class=\"wp-block-cover__image-background wp-image-342\" alt=\"Webcam Madrid\" src=\"https:\/\/weather-radar-live.com\/wp-content\/uploads\/2021\/06\/sam-schooler-E9aetBe2w40-unsplash-e1622554814366.jpg\" data-object-fit=\"cover\"\/><div class=\"wp-block-cover__inner-container is-layout-flow wp-block-cover-is-layout-flow\">\n<h2 class=\"has-text-align-center heading wp-block-heading\" id=\"webcam-fort-mahon\" style=\"font-size:40px\"><strong><mark style=\"background-color:rgba(0, 0, 0, 0)\" class=\"has-inline-color has-base-3-color\">WEBCAM <\/mark><\/strong><br><strong><mark style=\"background-color:rgba(0, 0, 0, 0)\" class=\"has-inline-color has-base-3-color\">MADRID<\/mark><\/strong><\/h2>\n<\/div><\/div>\n\n\n<div class=\"yoast-breadcrumbs\"><span><span><a href=\"https:\/\/weather-radar-live.com\/da\/\">Weather Radar Live<\/a><\/span> \u00bb <span><a href=\"https:\/\/weather-radar-live.com\/da\/webcam\/\">Webcam<\/a><\/span> \u00bb <span><a href=\"https:\/\/weather-radar-live.com\/da\/webcam\/spanien\/\">Spanien<\/a><\/span> \u00bb <span class=\"breadcrumb_last\" aria-current=\"page\"><strong>Webcam Madrid<\/strong><\/span><\/span><\/div>\n\n\n<h2 class=\"has-text-align-center wp-block-heading\" id=\"webcam-fort-mahon\"><strong>Webcam Madrid<\/strong><\/h2>\n\n\n\n<p>Madrid, Spaniens hovedstad, har v\u00e6ret landets centrum i \u00e5rhundreder. Ikke kun geografisk, men ogs\u00e5 kulturelt og politisk. Med 3,2 millioner indbyggere er det ogs\u00e5 den st\u00f8rste by i Spanien. Madrid har ganske enkelt alt, hvad der er v\u00e6rd at leve for b\u00e5de beboere og turister. Sev\u00e6rdigheder, der er v\u00e6rd at se, m\u00f8der god mad og masser af kultur. Derfor kommer omkring 5,5 millioner mennesker til den spanske hovedstad hvert \u00e5r. Vi har placeret vores webcam Madrid p\u00e5 stedet, s\u00e5 du kan tage et kig p\u00e5 metropolen d\u00f8gnet rundt.<\/p>\n\n\n\n<p>Madrid ligger i en h\u00f8jde p\u00e5 667 meter over havets overflade. Det g\u00f8r den spanske metropol til den h\u00f8jest beliggende hovedstad i Den Europ\u00e6iske Union. To af de mest ber\u00f8mte fodboldklubber i Europa ligger ogs\u00e5 i Madrid, udover Real Madrid ogs\u00e5 Atl\u00e9tico Madrid. En interessant skik, som du vil st\u00f8de p\u00e5, n\u00e5r du bes\u00f8ger hovedstaden, er tidspunktet for middagen. I Madrid serveres middagen nemlig normalt ikke f\u00f8r kl. 21.30. P\u00e5 den anden side begynder tiden for vin, aperitif eller sangria allerede kl. 20:00.<\/p><div id=\"weath-952970317\" class=\"weath-inhalt_2 weath-entity-placement\" style=\"margin-top: 15px;margin-right: 25px;margin-bottom: 35px;margin-left: 25px;\"><script async src=\"\/\/pagead2.googlesyndication.com\/pagead\/js\/adsbygoogle.js?client=ca-pub-8960936133935804\" crossorigin=\"anonymous\"><\/script><ins class=\"adsbygoogle\" style=\"display:block;\" data-ad-client=\"ca-pub-8960936133935804\" \ndata-ad-slot=\"1963584050\" \ndata-ad-format=\"auto\"><\/ins>\n<script> \n(adsbygoogle = window.adsbygoogle || []).push({}); \n<\/script>\n<\/div>\n\n\n\n<div class=\"wp-block-columns is-layout-flex wp-container-core-columns-is-layout-9d6595d7 wp-block-columns-is-layout-flex\">\n<div class=\"wp-block-column webcam-column is-layout-flow wp-block-column-is-layout-flow\">\n<h3 class=\"has-text-align-center wp-block-heading\"> \ud83d\udd34 <strong>Webcam<strong><strong><strong> <\/strong><\/strong><\/strong>Madrid<\/strong> &#8211; Las Acacias <\/h3>\n\n\n\n<a name=\"windy-webcam-timelapse-player\" data-id=\"1606332967\" data-play=\"day\" href=\"https:\/\/windy.com\/webcams\/1606332967\" target=\"_blank\" rel=\"noopener\">Las Acacias: PIRAMIDES<\/a><script async=\"\" type=\"text\/javascript\" src=\"https:\/\/webcams.windy.com\/webcams\/public\/embed\/script\/player.js\"><\/script>\n<\/div>\n\n\n\n<div class=\"wp-block-column webcam-column is-layout-flow wp-block-column-is-layout-flow\">\n<h3 class=\"has-text-align-center wp-block-heading\"> \ud83d\udd34 <strong><strong>Webcam<strong><strong><strong> <\/strong><\/strong><\/strong>Madrid<\/strong><\/strong> &#8211; Delicias<\/h3>\n\n\n\n<a name=\"windy-webcam-timelapse-player\" data-id=\"1606333185\" data-play=\"day\" href=\"https:\/\/windy.com\/webcams\/1606333185\" target=\"_blank\" rel=\"noopener\">Delicias: BEATA MARIA DE JESUS<\/a><script async=\"\" type=\"text\/javascript\" src=\"https:\/\/webcams.windy.com\/webcams\/public\/embed\/script\/player.js\"><\/script>\n<\/div>\n<\/div>\n\n\n\n<div class=\"wp-block-columns is-layout-flex wp-container-core-columns-is-layout-9d6595d7 wp-block-columns-is-layout-flex\">\n<div class=\"wp-block-column webcam-column is-layout-flow wp-block-column-is-layout-flow\">\n<h3 class=\"has-text-align-center wp-block-heading\"> \ud83d\udd34 <strong><strong>Webcam<strong><strong><strong> <\/strong><\/strong><\/strong>Madrid<\/strong><\/strong> &#8211; Center<\/h3>\n\n\n\n<a name=\"windy-webcam-timelapse-player\" data-id=\"1649677128\" data-play=\"day\" href=\"https:\/\/windy.com\/webcams\/1649677128\" target=\"_blank\" rel=\"noopener\">Madrid<\/a><script async=\"\" type=\"text\/javascript\" src=\"https:\/\/webcams.windy.com\/webcams\/public\/embed\/script\/player.js\"><\/script>\n<\/div>\n\n\n\n<div class=\"wp-block-column webcam-column is-layout-flow wp-block-column-is-layout-flow\">\n<h3 class=\"has-text-align-center wp-block-heading\"> \ud83d\udd34 <strong><strong>Webcam<strong><strong><strong> <\/strong><\/strong><\/strong>Madrid<\/strong><\/strong> &#8211; Colon<\/h3>\n\n\n\n<a name=\"windy-webcam-timelapse-player\" data-id=\"1586452675\" data-play=\"day\" href=\"https:\/\/windy.com\/webcams\/1586452675\" target=\"_blank\" rel=\"noopener\">Madrid: COLON<\/a><script async=\"\" type=\"text\/javascript\" src=\"https:\/\/webcams.windy.com\/webcams\/public\/embed\/script\/player.js\"><\/script>\n<\/div>\n<\/div>\n\n\n\n<div class=\"wp-block-columns is-layout-flex wp-container-core-columns-is-layout-9d6595d7 wp-block-columns-is-layout-flex\">\n<div class=\"wp-block-column webcam-column is-layout-flow wp-block-column-is-layout-flow\">\n<h3 class=\"has-text-align-center wp-block-heading\"> \ud83d\udd34 <strong><strong>Webcam<strong><strong><strong> <\/strong><\/strong><\/strong>Madrid<\/strong><\/strong> &#8211; San Juan de la Cruz<\/h3>\n\n\n\n<a name=\"windy-webcam-timelapse-player\" data-id=\"1606332765\" data-play=\"day\" href=\"https:\/\/windy.com\/webcams\/1606332765\" target=\"_blank\" rel=\"noopener\">Rios Rosas: SAN JUAN DE LA CRUZ<\/a><script async=\"\" type=\"text\/javascript\" src=\"https:\/\/webcams.windy.com\/webcams\/public\/embed\/script\/player.js\"><\/script>\n<\/div>\n\n\n\n<div class=\"wp-block-column webcam-column is-layout-flow wp-block-column-is-layout-flow\">\n<h3 class=\"has-text-align-center wp-block-heading\"> \ud83d\udd34 <strong><strong>Webcam<strong><strong><strong> <\/strong><\/strong><\/strong>Madrid<\/strong><\/strong> &#8211; Faro Moncloa<\/h3>\n\n\n\n<a name=\"windy-webcam-timelapse-player\" data-id=\"1606333010\" data-play=\"day\" href=\"https:\/\/windy.com\/webcams\/1606333010\" target=\"_blank\" rel=\"noopener\">Gaztambide: FARO MONCLOA &#8211; A6<\/a><script async=\"\" type=\"text\/javascript\" src=\"https:\/\/webcams.windy.com\/webcams\/public\/embed\/script\/player.js\"><\/script>\n<\/div>\n<\/div>\n\n\n\n<div class=\"wp-block-columns is-layout-flex wp-container-core-columns-is-layout-9d6595d7 wp-block-columns-is-layout-flex\">\n<div class=\"wp-block-column webcam-column is-layout-flow wp-block-column-is-layout-flow\">\n<h3 class=\"has-text-align-center wp-block-heading\"> \ud83d\udd34 <strong><strong>Webcam<strong><strong><strong> <\/strong><\/strong><\/strong>Madrid<\/strong><\/strong> &#8211; Strand<\/h3>\n\n\n\n<a name=\"windy-webcam-timelapse-player\" data-id=\"1606332777\" data-play=\"day\" href=\"https:\/\/windy.com\/webcams\/1606332777\" target=\"_blank\" rel=\"noopener\">Palacio: PUENTE DE SEGOVIA<\/a><script async=\"\" type=\"text\/javascript\" src=\"https:\/\/webcams.windy.com\/webcams\/public\/embed\/script\/player.js\"><\/script>\n<\/div>\n\n\n\n<div class=\"wp-block-column webcam-column is-layout-flow wp-block-column-is-layout-flow\">\n<h3 class=\"has-text-align-center wp-block-heading\"> \ud83d\udd34 <strong><strong>Webcam<strong><strong><strong> <\/strong><\/strong><\/strong>Madrid<\/strong><\/strong> &#8211; Cibeles<\/h3>\n\n\n\n<a name=\"windy-webcam-timelapse-player\" data-id=\"1586373287\" data-play=\"day\" href=\"https:\/\/windy.com\/webcams\/1586373287\" target=\"_blank\" rel=\"noopener\">Madrid: CIBELES<\/a><script async=\"\" type=\"text\/javascript\" src=\"https:\/\/webcams.windy.com\/webcams\/public\/embed\/script\/player.js\"><\/script>\n<\/div>\n<\/div>\n\n\n\n<div class=\"wp-block-columns is-layout-flex wp-container-core-columns-is-layout-9d6595d7 wp-block-columns-is-layout-flex\">\n<div class=\"wp-block-column webcam-column is-layout-flow wp-block-column-is-layout-flow\">\n<h3 class=\"has-text-align-center wp-block-heading\"> \ud83d\udd34 <strong><strong>Webcam<strong><strong><strong> <\/strong><\/strong><\/strong>Madrid<\/strong><\/strong> &#8211; Gran Via<\/h3>\n\n\n\n<a name=\"windy-webcam-timelapse-player\" data-id=\"1606333728\" data-play=\"day\" href=\"https:\/\/windy.com\/webcams\/1606333728\" target=\"_blank\" rel=\"noopener\">Palacio: GRAN VIA &#8211; SAN BERNARDO<\/a><script async=\"\" type=\"text\/javascript\" src=\"https:\/\/webcams.windy.com\/webcams\/public\/embed\/script\/player.js\"><\/script>\n<\/div>\n\n\n\n<div class=\"wp-block-column webcam-column is-layout-flow wp-block-column-is-layout-flow\">\n<h3 class=\"has-text-align-center wp-block-heading\"> \ud83d\udd34 <strong><strong>Webcam<strong><strong><strong> <\/strong><\/strong><\/strong>Madrid<\/strong><\/strong> &#8211; Castellana<\/h3>\n\n\n\n<a name=\"windy-webcam-timelapse-player\" data-id=\"1606333173\" data-play=\"day\" href=\"https:\/\/windy.com\/webcams\/1606333173\" target=\"_blank\" rel=\"noopener\">Castellana: MARQUES DE SALAMANCA<\/a><script async=\"\" type=\"text\/javascript\" src=\"https:\/\/webcams.windy.com\/webcams\/public\/embed\/script\/player.js\"><\/script>\n<\/div>\n<\/div>\n\n\n\n<h2 class=\"wp-block-heading\" id=\"fort-mahon-today\"><strong>Vejrradar Madrid &#8211; Vejret i Madrid<\/strong><\/h2>\n\n\n\n<p>Er du interesseret i det lokale vejr? Vores webcam i Madrid garanterer dig nyttige oplysninger. Tag dig tid til at se alle relevante data om regn, tordenvejr, sne og vejrudsigt. Farvede mark\u00f8rer giver dig oplysninger om vejrforholdene i den spanske hovedstad. Mens bl\u00e5 og gr\u00f8nne omr\u00e5der indikerer moderat nedb\u00f8r, indikerer r\u00f8de og lilla farvede omr\u00e5der h\u00f8j intensitet. Tordenvejr er vist med sm\u00e5 lynsymboler. Du er ogs\u00e5 velkommen til at tage et kig p\u00e5 vejrudsigten i Madrid.<\/p>\n\n\n\n<div class=\"wp-block-columns is-layout-flex wp-container-core-columns-is-layout-9d6595d7 wp-block-columns-is-layout-flex\">\n<div class=\"wp-block-column is-layout-flow wp-block-column-is-layout-flow\" style=\"flex-basis:75%\">\n<iframe loading=\"lazy\" width=\"1300\" height=\"502\" src=\"https:\/\/embed.windy.com\/embed2.html?lat=40.420&amp;lon=-3.757&amp;detailLat=40.420&amp;detailLon=-3.757&amp;width=1300&amp;height=502&amp;zoom=11&amp;level=surface&amp;overlay=rain&amp;product=ecmwf&amp;menu=&amp;message=&amp;marker=&amp;calendar=now&amp;pressure=&amp;type=map&amp;location=coordinates&amp;detail=&amp;metricWind=default&amp;metricTemp=default&amp;radarRange=-1\" frameborder=\"0\"><\/iframe>\n<\/div>\n\n\n\n<div class=\"wp-block-column is-layout-flow wp-block-column-is-layout-flow\" style=\"flex-basis:25%\">\n<a class=\"weatherwidget-io\" href=\"https:\/\/forecast7.com\/da\/40d42n3d70\/madrid\/\" data-label_1=\"MADRID\" data-theme=\"original\" >MADRID<\/a>\n<script>\n!function(d,s,id){var js,fjs=d.getElementsByTagName(s)[0];if(!d.getElementById(id)){js=d.createElement(s);js.id=id;js.src='https:\/\/weatherwidget.io\/js\/widget.min.js';fjs.parentNode.insertBefore(js,fjs);}}(document,'script','weatherwidget-io-js');\n<\/script>\n<\/div>\n<\/div>\n\n\n\n<h2 class=\"wp-block-heading\" id=\"fort-mahon-weather\"><strong><strong>Klimaet i Madrid<\/strong><\/strong><\/h2>\n\n\n\n<p>P\u00e5 grund af sin centrale beliggenhed i Spanien ligger Madrid i den kontinentale klimazone. Derfor er somrene varme og t\u00f8rre, og vintrene kolde og til tider frostklare. Is\u00e6r fra december til februar falder gennemsnitstemperaturen til 6\u00b0 Celsius. Dermed kan der forekomme frost. Det bliver varmere fra marts og frem. Temperaturen stiger i gennemsnit til 18\u00b0 Celsius. Men antallet af regnvejrsdage stiger ogs\u00e5. Fra marts til maj falder der i gennemsnit 9 nedb\u00f8rsdage. I perioden fra juni til august n\u00e5r temperaturen sine h\u00f8jeste v\u00e6rdier. Op til 40\u00b0 Celsius giver en varm og t\u00f8r sommer. Selv om natten falder temperaturen sj\u00e6ldent under 30\u00b0. Om efter\u00e5ret viser termometeret igen 18\u00b0 Celsius i gennemsnit.<\/p>\n\n\n\n<h2 class=\"wp-block-heading\"><strong>Sev\u00e6rdigheder i Madrid<\/strong><\/h2>\n\n\n\n<p>Sev\u00e6rdigheder, der er v\u00e6rd at se, er der et hav af i Madrid. Der er en attraktion for enhver ferierejsende. Fodboldfans vil nyde det ber\u00f8mte Estadio Santiago Bernab\u00e9u, Real Madrids hjemmebane. Over 80.000 bes\u00f8gende kan f\u00e5 plads i arenaen. Det kongelige palads er en imponerende og storsl\u00e5et bygning, der har fortryllet bes\u00f8gende siden slutningen af det 18. \u00e5rhundrede. If\u00f8lge Guinness Book of Records ligger verdens \u00e6ldste restaurant ogs\u00e5 i Madrid. Sobrino de Bot\u00edn har fork\u00e6let sine g\u00e6ster siden 1725. Vores webcam i Madrid giver dig en fortryllende udsigt over byen.<\/p>\n","protected":false},"excerpt":{"rendered":"<p>Webcam Madrid Madrid, Spaniens hovedstad, har v\u00e6ret landets centrum i \u00e5rhundreder. Ikke kun geografisk, men ogs\u00e5 kulturelt og politisk. Med 3,2 millioner indbyggere er det ogs\u00e5 den st\u00f8rste by i Spanien. Madrid har ganske enkelt alt, hvad der er v\u00e6rd at leve for b\u00e5de beboere og turister. Sev\u00e6rdigheder, der er v\u00e6rd at se, m\u00f8der god &#8230; <a title=\"Webcam Madrid\" class=\"read-more\" href=\"https:\/\/weather-radar-live.com\/da\/webcam\/spanien\/webcam-madrid\/\" aria-label=\"Read more about Webcam Madrid\">L\u00e6s mere <\/a><\/p>\n","protected":false},"author":1,"featured_media":5946,"parent":4345,"menu_order":0,"comment_status":"closed","ping_status":"closed","template":"","meta":{"footnotes":""},"class_list":["post-5672","page","type-page","status-publish","has-post-thumbnail"],"yoast_head":"<!-- This site is optimized with the Yoast SEO plugin v27.6 - https:\/\/yoast.com\/product\/yoast-seo-wordpress\/ -->\n<title>Webcam Madrid \u2192 Se den live!<\/title>\n<meta name=\"description\" content=\"Webcam Madrid | Livecam i Madrid! \u2705 Opdateret for dig i realtid! \u2705 Aktuel vejrudsigt!\" \/>\n<meta name=\"robots\" content=\"index, follow, max-snippet:-1, max-image-preview:large, max-video-preview:-1\" \/>\n<link rel=\"canonical\" href=\"https:\/\/weather-radar-live.com\/da\/webcam\/spanien\/webcam-madrid\/\" \/>\n<meta property=\"og:locale\" content=\"da_DK\" \/>\n<meta property=\"og:type\" content=\"article\" \/>\n<meta property=\"og:title\" content=\"Webcam Madrid \u2192 Se den live!\" \/>\n<meta property=\"og:description\" content=\"Webcam Madrid | Livecam i Madrid! \u2705 Opdateret for dig i realtid! \u2705 Aktuel vejrudsigt!\" \/>\n<meta property=\"og:url\" content=\"https:\/\/weather-radar-live.com\/da\/webcam\/spanien\/webcam-madrid\/\" \/>\n<meta property=\"og:site_name\" content=\"weather-radar-live.com\" \/>\n<meta property=\"article:modified_time\" content=\"2022-07-22T12:15:21+00:00\" \/>\n<meta property=\"og:image\" content=\"https:\/\/weather-radar-live.com\/wp-content\/uploads\/2022\/07\/Webcam-Sierra-Nevada-e1658218397839.png\" \/>\n\t<meta property=\"og:image:width\" content=\"397\" \/>\n\t<meta property=\"og:image:height\" content=\"206\" \/>\n\t<meta property=\"og:image:type\" content=\"image\/png\" \/>\n<meta name=\"twitter:card\" content=\"summary_large_image\" \/>\n<meta name=\"twitter:label1\" content=\"Estimeret l\u00e6setid\" \/>\n\t<meta name=\"twitter:data1\" content=\"3 minutter\" \/>\n<script type=\"application\/ld+json\" class=\"yoast-schema-graph\">{\"@context\":\"https:\\\/\\\/schema.org\",\"@graph\":[{\"@type\":\"WebPage\",\"@id\":\"https:\\\/\\\/weather-radar-live.com\\\/da\\\/webcam\\\/spanien\\\/webcam-madrid\\\/\",\"url\":\"https:\\\/\\\/weather-radar-live.com\\\/da\\\/webcam\\\/spanien\\\/webcam-madrid\\\/\",\"name\":\"Webcam Madrid \u2192 Se den live!\",\"isPartOf\":{\"@id\":\"https:\\\/\\\/weather-radar-live.com\\\/#website\"},\"primaryImageOfPage\":{\"@id\":\"https:\\\/\\\/weather-radar-live.com\\\/da\\\/webcam\\\/spanien\\\/webcam-madrid\\\/#primaryimage\"},\"image\":{\"@id\":\"https:\\\/\\\/weather-radar-live.com\\\/da\\\/webcam\\\/spanien\\\/webcam-madrid\\\/#primaryimage\"},\"thumbnailUrl\":\"https:\\\/\\\/weather-radar-live.com\\\/wp-content\\\/uploads\\\/2022\\\/07\\\/Webcam-Madrid-e1658759569817.jpg\",\"datePublished\":\"2022-07-22T12:13:42+00:00\",\"dateModified\":\"2022-07-22T12:15:21+00:00\",\"description\":\"Webcam Madrid | Livecam i Madrid! \u2705 Opdateret for dig i realtid! \u2705 Aktuel vejrudsigt!\",\"breadcrumb\":{\"@id\":\"https:\\\/\\\/weather-radar-live.com\\\/da\\\/webcam\\\/spanien\\\/webcam-madrid\\\/#breadcrumb\"},\"inLanguage\":\"da-DK\",\"potentialAction\":[{\"@type\":\"ReadAction\",\"target\":[\"https:\\\/\\\/weather-radar-live.com\\\/da\\\/webcam\\\/spanien\\\/webcam-madrid\\\/\"]}]},{\"@type\":\"ImageObject\",\"inLanguage\":\"da-DK\",\"@id\":\"https:\\\/\\\/weather-radar-live.com\\\/da\\\/webcam\\\/spanien\\\/webcam-madrid\\\/#primaryimage\",\"url\":\"https:\\\/\\\/weather-radar-live.com\\\/wp-content\\\/uploads\\\/2022\\\/07\\\/Webcam-Madrid-e1658759569817.jpg\",\"contentUrl\":\"https:\\\/\\\/weather-radar-live.com\\\/wp-content\\\/uploads\\\/2022\\\/07\\\/Webcam-Madrid-e1658759569817.jpg\",\"width\":416,\"height\":225,\"caption\":\"Webcam Madrid\"},{\"@type\":\"BreadcrumbList\",\"@id\":\"https:\\\/\\\/weather-radar-live.com\\\/da\\\/webcam\\\/spanien\\\/webcam-madrid\\\/#breadcrumb\",\"itemListElement\":[{\"@type\":\"ListItem\",\"position\":1,\"name\":\"Weather Radar Live\",\"item\":\"https:\\\/\\\/weather-radar-live.com\\\/da\\\/\"},{\"@type\":\"ListItem\",\"position\":2,\"name\":\"Webcam\",\"item\":\"https:\\\/\\\/weather-radar-live.com\\\/da\\\/webcam\\\/\"},{\"@type\":\"ListItem\",\"position\":3,\"name\":\"Spanien\",\"item\":\"https:\\\/\\\/weather-radar-live.com\\\/da\\\/webcam\\\/spanien\\\/\"},{\"@type\":\"ListItem\",\"position\":4,\"name\":\"Webcam Madrid\"}]},{\"@type\":\"WebSite\",\"@id\":\"https:\\\/\\\/weather-radar-live.com\\\/#website\",\"url\":\"https:\\\/\\\/weather-radar-live.com\\\/\",\"name\":\"weather-radar-live.com\",\"description\":\"Your weather and sky radar.\",\"publisher\":{\"@id\":\"https:\\\/\\\/weather-radar-live.com\\\/#organization\"},\"potentialAction\":[{\"@type\":\"SearchAction\",\"target\":{\"@type\":\"EntryPoint\",\"urlTemplate\":\"https:\\\/\\\/weather-radar-live.com\\\/?s={search_term_string}\"},\"query-input\":{\"@type\":\"PropertyValueSpecification\",\"valueRequired\":true,\"valueName\":\"search_term_string\"}}],\"inLanguage\":\"da-DK\"},{\"@type\":\"Organization\",\"@id\":\"https:\\\/\\\/weather-radar-live.com\\\/#organization\",\"name\":\"weather-radar-live.com\",\"url\":\"https:\\\/\\\/weather-radar-live.com\\\/\",\"logo\":{\"@type\":\"ImageObject\",\"inLanguage\":\"da-DK\",\"@id\":\"https:\\\/\\\/weather-radar-live.com\\\/#\\\/schema\\\/logo\\\/image\\\/\",\"url\":\"https:\\\/\\\/weather-radar-live.com\\\/wp-content\\\/uploads\\\/2022\\\/03\\\/cropped-WRL2503.png\",\"contentUrl\":\"https:\\\/\\\/weather-radar-live.com\\\/wp-content\\\/uploads\\\/2022\\\/03\\\/cropped-WRL2503.png\",\"width\":1920,\"height\":555,\"caption\":\"weather-radar-live.com\"},\"image\":{\"@id\":\"https:\\\/\\\/weather-radar-live.com\\\/#\\\/schema\\\/logo\\\/image\\\/\"}}]}<\/script>\n<!-- \/ Yoast SEO plugin. -->","yoast_head_json":{"title":"Webcam Madrid \u2192 Se den live!","description":"Webcam Madrid | Livecam i Madrid! \u2705 Opdateret for dig i realtid! \u2705 Aktuel vejrudsigt!","robots":{"index":"index","follow":"follow","max-snippet":"max-snippet:-1","max-image-preview":"max-image-preview:large","max-video-preview":"max-video-preview:-1"},"canonical":"https:\/\/weather-radar-live.com\/da\/webcam\/spanien\/webcam-madrid\/","og_locale":"da_DK","og_type":"article","og_title":"Webcam Madrid \u2192 Se den live!","og_description":"Webcam Madrid | Livecam i Madrid! \u2705 Opdateret for dig i realtid! \u2705 Aktuel vejrudsigt!","og_url":"https:\/\/weather-radar-live.com\/da\/webcam\/spanien\/webcam-madrid\/","og_site_name":"weather-radar-live.com","article_modified_time":"2022-07-22T12:15:21+00:00","og_image":[{"width":397,"height":206,"url":"https:\/\/weather-radar-live.com\/wp-content\/uploads\/2022\/07\/Webcam-Sierra-Nevada-e1658218397839.png","type":"image\/png"}],"twitter_card":"summary_large_image","twitter_misc":{"Estimeret l\u00e6setid":"3 minutter"},"schema":{"@context":"https:\/\/schema.org","@graph":[{"@type":"WebPage","@id":"https:\/\/weather-radar-live.com\/da\/webcam\/spanien\/webcam-madrid\/","url":"https:\/\/weather-radar-live.com\/da\/webcam\/spanien\/webcam-madrid\/","name":"Webcam Madrid \u2192 Se den live!","isPartOf":{"@id":"https:\/\/weather-radar-live.com\/#website"},"primaryImageOfPage":{"@id":"https:\/\/weather-radar-live.com\/da\/webcam\/spanien\/webcam-madrid\/#primaryimage"},"image":{"@id":"https:\/\/weather-radar-live.com\/da\/webcam\/spanien\/webcam-madrid\/#primaryimage"},"thumbnailUrl":"https:\/\/weather-radar-live.com\/wp-content\/uploads\/2022\/07\/Webcam-Madrid-e1658759569817.jpg","datePublished":"2022-07-22T12:13:42+00:00","dateModified":"2022-07-22T12:15:21+00:00","description":"Webcam Madrid | Livecam i Madrid! \u2705 Opdateret for dig i realtid! \u2705 Aktuel vejrudsigt!","breadcrumb":{"@id":"https:\/\/weather-radar-live.com\/da\/webcam\/spanien\/webcam-madrid\/#breadcrumb"},"inLanguage":"da-DK","potentialAction":[{"@type":"ReadAction","target":["https:\/\/weather-radar-live.com\/da\/webcam\/spanien\/webcam-madrid\/"]}]},{"@type":"ImageObject","inLanguage":"da-DK","@id":"https:\/\/weather-radar-live.com\/da\/webcam\/spanien\/webcam-madrid\/#primaryimage","url":"https:\/\/weather-radar-live.com\/wp-content\/uploads\/2022\/07\/Webcam-Madrid-e1658759569817.jpg","contentUrl":"https:\/\/weather-radar-live.com\/wp-content\/uploads\/2022\/07\/Webcam-Madrid-e1658759569817.jpg","width":416,"height":225,"caption":"Webcam Madrid"},{"@type":"BreadcrumbList","@id":"https:\/\/weather-radar-live.com\/da\/webcam\/spanien\/webcam-madrid\/#breadcrumb","itemListElement":[{"@type":"ListItem","position":1,"name":"Weather Radar Live","item":"https:\/\/weather-radar-live.com\/da\/"},{"@type":"ListItem","position":2,"name":"Webcam","item":"https:\/\/weather-radar-live.com\/da\/webcam\/"},{"@type":"ListItem","position":3,"name":"Spanien","item":"https:\/\/weather-radar-live.com\/da\/webcam\/spanien\/"},{"@type":"ListItem","position":4,"name":"Webcam Madrid"}]},{"@type":"WebSite","@id":"https:\/\/weather-radar-live.com\/#website","url":"https:\/\/weather-radar-live.com\/","name":"weather-radar-live.com","description":"Your weather and sky radar.","publisher":{"@id":"https:\/\/weather-radar-live.com\/#organization"},"potentialAction":[{"@type":"SearchAction","target":{"@type":"EntryPoint","urlTemplate":"https:\/\/weather-radar-live.com\/?s={search_term_string}"},"query-input":{"@type":"PropertyValueSpecification","valueRequired":true,"valueName":"search_term_string"}}],"inLanguage":"da-DK"},{"@type":"Organization","@id":"https:\/\/weather-radar-live.com\/#organization","name":"weather-radar-live.com","url":"https:\/\/weather-radar-live.com\/","logo":{"@type":"ImageObject","inLanguage":"da-DK","@id":"https:\/\/weather-radar-live.com\/#\/schema\/logo\/image\/","url":"https:\/\/weather-radar-live.com\/wp-content\/uploads\/2022\/03\/cropped-WRL2503.png","contentUrl":"https:\/\/weather-radar-live.com\/wp-content\/uploads\/2022\/03\/cropped-WRL2503.png","width":1920,"height":555,"caption":"weather-radar-live.com"},"image":{"@id":"https:\/\/weather-radar-live.com\/#\/schema\/logo\/image\/"}}]}},"_links":{"self":[{"href":"https:\/\/weather-radar-live.com\/da\/wp-json\/wp\/v2\/pages\/5672","targetHints":{"allow":["GET"]}}],"collection":[{"href":"https:\/\/weather-radar-live.com\/da\/wp-json\/wp\/v2\/pages"}],"about":[{"href":"https:\/\/weather-radar-live.com\/da\/wp-json\/wp\/v2\/types\/page"}],"author":[{"embeddable":true,"href":"https:\/\/weather-radar-live.com\/da\/wp-json\/wp\/v2\/users\/1"}],"replies":[{"embeddable":true,"href":"https:\/\/weather-radar-live.com\/da\/wp-json\/wp\/v2\/comments?post=5672"}],"version-history":[{"count":2,"href":"https:\/\/weather-radar-live.com\/da\/wp-json\/wp\/v2\/pages\/5672\/revisions"}],"predecessor-version":[{"id":5685,"href":"https:\/\/weather-radar-live.com\/da\/wp-json\/wp\/v2\/pages\/5672\/revisions\/5685"}],"up":[{"embeddable":true,"href":"https:\/\/weather-radar-live.com\/da\/wp-json\/wp\/v2\/pages\/4345"}],"wp:featuredmedia":[{"embeddable":true,"href":"https:\/\/weather-radar-live.com\/da\/wp-json\/wp\/v2\/media\/5946"}],"wp:attachment":[{"href":"https:\/\/weather-radar-live.com\/da\/wp-json\/wp\/v2\/media?parent=5672"}],"curies":[{"name":"wp","href":"https:\/\/api.w.org\/{rel}","templated":true}]}}