{"id":5501,"date":"2022-04-20T15:27:59","date_gmt":"2022-04-20T13:27:59","guid":{"rendered":"https:\/\/weather-radar-live.com\/webcam\/frankrig\/webcam-seignosse\/"},"modified":"2022-07-20T15:22:27","modified_gmt":"2022-07-20T13:22:27","slug":"webcam-seignosse","status":"publish","type":"page","link":"https:\/\/weather-radar-live.com\/da\/webcam\/frankrig\/webcam-seignosse\/","title":{"rendered":"Webcam Seignosse"},"content":{"rendered":"<div id=\"weath-272435517\" class=\"weath-vor-dem-inhalt weath-entity-placement\" style=\"margin-top: 15px;margin-right: 25px;margin-bottom: 40px;margin-left: 25px;\"><script async src=\"\/\/pagead2.googlesyndication.com\/pagead\/js\/adsbygoogle.js?client=ca-pub-8960936133935804\" crossorigin=\"anonymous\"><\/script><ins class=\"adsbygoogle\" style=\"display:block;\" data-ad-client=\"ca-pub-8960936133935804\" \ndata-ad-slot=\"6172817020\" \ndata-ad-format=\"auto\"><\/ins>\n<script> \n(adsbygoogle = window.adsbygoogle || []).push({}); \n<\/script>\n<\/div>\n<div class=\"wp-block-cover alignfull is-light\"><span aria-hidden=\"true\" class=\"wp-block-cover__gradient-background has-background-dim\"><\/span><img decoding=\"async\" class=\"wp-block-cover__image-background wp-image-342\" alt=\"Webcam Seignosse\" src=\"https:\/\/weather-radar-live.com\/wp-content\/uploads\/2021\/06\/sam-schooler-E9aetBe2w40-unsplash-e1622554814366.jpg\" data-object-fit=\"cover\"\/><div class=\"wp-block-cover__inner-container is-layout-flow wp-block-cover-is-layout-flow\">\n<h2 class=\"has-text-align-center heading wp-block-heading\" id=\"webcam-fort-mahon\" style=\"font-size:40px\"><mark style=\"font-weight: bold; background-color: rgba(0, 0, 0, 0);\" class=\"has-inline-color has-base-3-color\"><strong>WEBCAM <\/strong><\/mark><b><br><\/b><mark style=\"background-color:rgba(0, 0, 0, 0)\" class=\"has-inline-color has-base-3-color\"><strong>SEIGNOSSE<\/strong><\/mark><\/h2>\n<\/div><\/div>\n\n\n<div class=\"yoast-breadcrumbs\"><span><span><a href=\"https:\/\/weather-radar-live.com\/da\/\">Weather Radar Live<\/a><\/span> \u00bb <span><a href=\"https:\/\/weather-radar-live.com\/da\/webcam\/\">Webcam<\/a><\/span> \u00bb <span><a href=\"https:\/\/weather-radar-live.com\/da\/webcam\/frankrig\/\">Frankrig<\/a><\/span> \u00bb <span class=\"breadcrumb_last\" aria-current=\"page\"><strong>Webcam Seignosse<\/strong><\/span><\/span><\/div>\n\n\n<h2 class=\"has-text-align-center wp-block-heading\" id=\"webcam-fort-mahon\"><strong>Webcam <strong>Seignosse<\/strong><\/strong><\/h2>\n\n\n\n<p>Seignosse er beliggende mellem Landes skoven og Maremne i regionen New Aquitaine. Seignosse Oc\u00e9an, en klassificeret badeby, giver adgang til Atlanterhavet. Byen er ber\u00f8mt for sine surfspots, og den ligger t\u00e6t p\u00e5 Hossegor. Stedet er en spektakul\u00e6r legeplads for trail og l\u00f8beentusiaster med over 40 km afm\u00e6rkede stier. Siden begyndelsen af sommers\u00e6sonen har det udviklet sig til en stor turistattraktion med en varm familiestemning. <\/p>\n\n\n\n<p>Omr\u00e5det er d\u00e6kket af fyrretr\u00e6er og egetr\u00e6er, beskyttet af sandklitter mod havets brusen. Seignosse har et stort vandland kaldet Atlantic Park. Denne rekreative park ligger i &#8220;departementet&#8221; Landes. Der er en unik atmosf\u00e6re i Seignosse, som er venlig og k\u00f8lig. Undrer du dig over hvad er det gennemsnitlige vejr id Seignosse i en m\u00e5ned, dens klima, og dens ber\u00f8mte beliggenhed? Her har vi givet dig de oplysninger, du \u00f8nsker at vide. Lad os finde ud af det!<\/p><div id=\"weath-1503020688\" class=\"weath-inhalt_2 weath-entity-placement\" style=\"margin-top: 15px;margin-right: 25px;margin-bottom: 35px;margin-left: 25px;\"><script async src=\"\/\/pagead2.googlesyndication.com\/pagead\/js\/adsbygoogle.js?client=ca-pub-8960936133935804\" crossorigin=\"anonymous\"><\/script><ins class=\"adsbygoogle\" style=\"display:block;\" data-ad-client=\"ca-pub-8960936133935804\" \ndata-ad-slot=\"1963584050\" \ndata-ad-format=\"auto\"><\/ins>\n<script> \n(adsbygoogle = window.adsbygoogle || []).push({}); \n<\/script>\n<\/div>\n\n\n\n<h3 class=\"has-text-align-center wp-block-heading\">\ud83d\udd34 <strong>Webcam Seignosse<\/strong><\/h3>\n\n\n\n<a name=\"windy-webcam-timelapse-player\" data-id=\"1620452597\" data-play=\"day\" href=\"https:\/\/windy.com\/webcams\/1620452597\" target=\"_blank\" rel=\"noopener\">Seignosse<\/a><script async=\"\" type=\"text\/javascript\" src=\"https:\/\/webcams.windy.com\/webcams\/public\/embed\/script\/player.js\"><\/script>\n\n\n\n<h2 class=\"wp-block-heading\" id=\"fort-mahon-today\"><strong><strong>Vejrradar Seignosse &#8211; Vejret i Seignosse<\/strong><\/strong><\/h2>\n\n\n\n<p><strong><a href=\"https:\/\/weather-radar-live.com\/da\/\">Vejrradar Live<\/a><\/strong> indsamler signaler og viser data relateret til <strong><a href=\"https:\/\/weather-radar-live.com\/da\/skyer-radar\/\">skyd\u00e6kke<\/a><\/strong>, <strong><a href=\"https:\/\/weather-radar-live.com\/da\/tornado-radar\/\">tornadoer<\/a><\/strong>, <strong><a href=\"https:\/\/weather-radar-live.com\/da\/regnradar\/\">nedb\u00f8r<\/a><\/strong>, og <strong><a href=\"https:\/\/weather-radar-live.com\/da\/lyn-radar\/\">tordenvejr <\/a><\/strong>i realtid. Vi giver dig et overblik over vejret og g\u00f8r det muligt for dig at forudsige, hvordan vejret vil v\u00e6re i de n\u00e6ste par timer. Du kan desuden zoome ind eller ud ved at klikke p\u00e5 tegnene + eller -, der findes i \u00f8verste h\u00f8jre hj\u00f8rne. F\u00e5 de seneste opdateringer og vejrudsigter for at f\u00e5 de relevante oplysninger.<\/p>\n\n\n\n<div class=\"wp-block-columns is-layout-flex wp-container-core-columns-is-layout-9d6595d7 wp-block-columns-is-layout-flex\">\n<div class=\"wp-block-column is-layout-flow wp-block-column-is-layout-flow\" style=\"flex-basis:75%\">\n<iframe loading=\"lazy\" width=\"1300\" height=\"502\" src=\"https:\/\/embed.windy.com\/embed2.html?lat=43.710&amp;lon=-1.846&amp;detailLat=43.710&amp;detailLon=-1.846&amp;width=1300&amp;height=502&amp;zoom=10&amp;level=surface&amp;overlay=wind&amp;product=ecmwf&amp;menu=&amp;message=&amp;marker=&amp;calendar=now&amp;pressure=&amp;type=map&amp;location=coordinates&amp;detail=&amp;metricWind=default&amp;metricTemp=default&amp;radarRange=-1\" frameborder=\"0\"><\/iframe>\n<\/div>\n\n\n\n<div class=\"wp-block-column is-layout-flow wp-block-column-is-layout-flow\" style=\"flex-basis:25%\">\n<a class=\"weatherwidget-io\" href=\"https:\/\/forecast7.com\/da\/43d69n1d38\/seignosse\/\" data-label_1=\"SEIGNOSSE\" data-font=\"Roboto\" data-theme=\"original\" >SEIGNOSSE<\/a>\n<script>\n!function(d,s,id){var js,fjs=d.getElementsByTagName(s)[0];if(!d.getElementById(id)){js=d.createElement(s);js.id=id;js.src='https:\/\/weatherwidget.io\/js\/widget.min.js';fjs.parentNode.insertBefore(js,fjs);}}(document,'script','weatherwidget-io-js');\n<\/script>\n<\/div>\n<\/div>\n\n\n\n<h2 class=\"wp-block-heading\" id=\"fort-mahon-weather\"><strong><strong>Klimaet i Seignosse<\/strong><\/strong><\/h2>\n\n\n\n<p>Seignosse har et varmt og tempereret klima. Der falder hyppige regnskyl, selv i de t\u00f8rreste m\u00e5neder. K\u00f6ppen- og Geiger-klassifikationen for denne lokalitet er Cfb. Fra maj til oktober er vejret behageligt eller varmt i Seignosse uden kraftig nedb\u00f8r. Den h\u00f8jeste gennemsnitlige temperatur i Seignosse er 27 \u00b0C i august og den laveste er 10 \u00b0C i januar.<\/p>\n\n\n\n<p><strong>Temperatur <\/strong><\/p>\n\n\n\n<p>Den gennemsnitlige temperatur er 14.5 \u00b0C eller 58.2 \u00b0F i Seignosse.<\/p>\n\n\n\n<p><strong>Nedb\u00f8r <\/strong><\/p>\n\n\n\n<p>Omkring 42,1 inches nedb\u00f8r falder her \u00e5rligt.<\/p>\n\n\n\n<p><strong>Luftfugtighed <\/strong><\/p>\n\n\n\n<p>I januar, den relative luftfugtighed er den h\u00f8jeste (79.56%). September har den laveste relative luftfugtighed (71,55 %).<\/p>\n\n\n\n<p><strong>UV-indeks<\/strong><\/p>\n\n\n\n<p>I Seignosse er det gennemsnitlige UV-indeks 4.<\/p>\n\n\n\n<p><strong>Sky<\/strong><\/p>\n\n\n\n<p>Seignosses gennemsnitlige procentdel af skyd\u00e6kke \u00e6ndrer sig betydeligt i l\u00f8bet af \u00e5ret.<\/p>\n\n\n\n<p>I Seignosse har juli m\u00e5ned i gennemsnit \u00e5rets klareste himmel, idet himlen enten er helt klar eller delvist overskyet 76 % af tiden.<\/p>\n\n\n\n<p>Seignosse har det mest overskyet vejr i januar, hvor der er mest overskyet 59% af tiden.<\/p>\n\n\n\n<h2 class=\"wp-block-heading\"><strong><strong>Les Bourdaines-stranden<\/strong><\/strong><\/h2>\n\n\n\n<p>I Acquitaine er Les Bourdaines en strand, der er udsat for b\u00f8lger og arbejder hele \u00e5ret rundt. De bedste vinde bl\u00e6ser fra \u00f8st. Vindb\u00f8lger og fjerne bundb\u00f8lger kan skabe b\u00f8lger, men den bedste b\u00f8lgeretning er fra vest. Det er bedst at surfe p\u00e5 Seignosse &#8211; Les Bourdaines om efter\u00e5ret og oftest i oktober, n\u00e5r b\u00f8lgerne er konstante og rene (rideable swell med let\/aflandsvind). Det er et af de bedste fritidsspots i Seignosse. Denne strand er kendt for sin betagende udsigt og sine surfskoler.<\/p>\n","protected":false},"excerpt":{"rendered":"<p>Webcam Seignosse Seignosse er beliggende mellem Landes skoven og Maremne i regionen New Aquitaine. Seignosse Oc\u00e9an, en klassificeret badeby, giver adgang til Atlanterhavet. Byen er ber\u00f8mt for sine surfspots, og den ligger t\u00e6t p\u00e5 Hossegor. Stedet er en spektakul\u00e6r legeplads for trail og l\u00f8beentusiaster med over 40 km afm\u00e6rkede stier. Siden begyndelsen af sommers\u00e6sonen har &#8230; <a title=\"Webcam Seignosse\" class=\"read-more\" href=\"https:\/\/weather-radar-live.com\/da\/webcam\/frankrig\/webcam-seignosse\/\" aria-label=\"Read more about Webcam Seignosse\">L\u00e6s mere <\/a><\/p>\n","protected":false},"author":1,"featured_media":3806,"parent":4175,"menu_order":0,"comment_status":"closed","ping_status":"closed","template":"","meta":{"footnotes":""},"class_list":["post-5501","page","type-page","status-publish","has-post-thumbnail"],"yoast_head":"<!-- This site is optimized with the Yoast SEO plugin v27.5 - https:\/\/yoast.com\/product\/yoast-seo-wordpress\/ -->\n<title>Webcam Seignosse \u2192 Se det live!<\/title>\n<meta name=\"description\" content=\"Webcam Seignosse | Webcam af Seignosse! \u2705 Opdateret for dig i realtid! \u2705 Aktuel vejrudsigt!\" \/>\n<meta name=\"robots\" content=\"index, follow, max-snippet:-1, max-image-preview:large, max-video-preview:-1\" \/>\n<link rel=\"canonical\" href=\"https:\/\/weather-radar-live.com\/da\/webcam\/frankrig\/webcam-seignosse\/\" \/>\n<meta property=\"og:locale\" content=\"da_DK\" \/>\n<meta property=\"og:type\" content=\"article\" \/>\n<meta property=\"og:title\" content=\"Webcam Seignosse \u2192 Se det live!\" \/>\n<meta property=\"og:description\" content=\"Webcam Seignosse | Webcam af Seignosse! \u2705 Opdateret for dig i realtid! \u2705 Aktuel vejrudsigt!\" \/>\n<meta property=\"og:url\" content=\"https:\/\/weather-radar-live.com\/da\/webcam\/frankrig\/webcam-seignosse\/\" \/>\n<meta property=\"og:site_name\" content=\"weather-radar-live.com\" \/>\n<meta property=\"article:modified_time\" content=\"2022-07-20T13:22:27+00:00\" \/>\n<meta property=\"og:image\" content=\"https:\/\/weather-radar-live.com\/wp-content\/uploads\/2022\/04\/Webcams-Seignosse-e1650461886397.jpg\" \/>\n\t<meta property=\"og:image:width\" content=\"1757\" \/>\n\t<meta property=\"og:image:height\" content=\"951\" \/>\n\t<meta property=\"og:image:type\" content=\"image\/jpeg\" \/>\n<meta name=\"twitter:card\" content=\"summary_large_image\" \/>\n<meta name=\"twitter:label1\" content=\"Estimeret l\u00e6setid\" \/>\n\t<meta name=\"twitter:data1\" content=\"3 minutter\" \/>\n<script type=\"application\/ld+json\" class=\"yoast-schema-graph\">{\"@context\":\"https:\\\/\\\/schema.org\",\"@graph\":[{\"@type\":\"WebPage\",\"@id\":\"https:\\\/\\\/weather-radar-live.com\\\/da\\\/webcam\\\/frankrig\\\/webcam-seignosse\\\/\",\"url\":\"https:\\\/\\\/weather-radar-live.com\\\/da\\\/webcam\\\/frankrig\\\/webcam-seignosse\\\/\",\"name\":\"Webcam Seignosse \u2192 Se det live!\",\"isPartOf\":{\"@id\":\"https:\\\/\\\/weather-radar-live.com\\\/#website\"},\"primaryImageOfPage\":{\"@id\":\"https:\\\/\\\/weather-radar-live.com\\\/da\\\/webcam\\\/frankrig\\\/webcam-seignosse\\\/#primaryimage\"},\"image\":{\"@id\":\"https:\\\/\\\/weather-radar-live.com\\\/da\\\/webcam\\\/frankrig\\\/webcam-seignosse\\\/#primaryimage\"},\"thumbnailUrl\":\"https:\\\/\\\/weather-radar-live.com\\\/wp-content\\\/uploads\\\/2022\\\/04\\\/Webcams-Seignosse-e1650461886397.jpg\",\"datePublished\":\"2022-04-20T13:27:59+00:00\",\"dateModified\":\"2022-07-20T13:22:27+00:00\",\"description\":\"Webcam Seignosse | Webcam af Seignosse! \u2705 Opdateret for dig i realtid! \u2705 Aktuel vejrudsigt!\",\"breadcrumb\":{\"@id\":\"https:\\\/\\\/weather-radar-live.com\\\/da\\\/webcam\\\/frankrig\\\/webcam-seignosse\\\/#breadcrumb\"},\"inLanguage\":\"da-DK\",\"potentialAction\":[{\"@type\":\"ReadAction\",\"target\":[\"https:\\\/\\\/weather-radar-live.com\\\/da\\\/webcam\\\/frankrig\\\/webcam-seignosse\\\/\"]}]},{\"@type\":\"ImageObject\",\"inLanguage\":\"da-DK\",\"@id\":\"https:\\\/\\\/weather-radar-live.com\\\/da\\\/webcam\\\/frankrig\\\/webcam-seignosse\\\/#primaryimage\",\"url\":\"https:\\\/\\\/weather-radar-live.com\\\/wp-content\\\/uploads\\\/2022\\\/04\\\/Webcams-Seignosse-e1650461886397.jpg\",\"contentUrl\":\"https:\\\/\\\/weather-radar-live.com\\\/wp-content\\\/uploads\\\/2022\\\/04\\\/Webcams-Seignosse-e1650461886397.jpg\",\"width\":1757,\"height\":951,\"caption\":\"Webcams - Seignosse\"},{\"@type\":\"BreadcrumbList\",\"@id\":\"https:\\\/\\\/weather-radar-live.com\\\/da\\\/webcam\\\/frankrig\\\/webcam-seignosse\\\/#breadcrumb\",\"itemListElement\":[{\"@type\":\"ListItem\",\"position\":1,\"name\":\"Weather Radar Live\",\"item\":\"https:\\\/\\\/weather-radar-live.com\\\/da\\\/\"},{\"@type\":\"ListItem\",\"position\":2,\"name\":\"Webcam\",\"item\":\"https:\\\/\\\/weather-radar-live.com\\\/da\\\/webcam\\\/\"},{\"@type\":\"ListItem\",\"position\":3,\"name\":\"Frankrig\",\"item\":\"https:\\\/\\\/weather-radar-live.com\\\/da\\\/webcam\\\/frankrig\\\/\"},{\"@type\":\"ListItem\",\"position\":4,\"name\":\"Webcam Seignosse\"}]},{\"@type\":\"WebSite\",\"@id\":\"https:\\\/\\\/weather-radar-live.com\\\/#website\",\"url\":\"https:\\\/\\\/weather-radar-live.com\\\/\",\"name\":\"weather-radar-live.com\",\"description\":\"Your weather and sky radar.\",\"publisher\":{\"@id\":\"https:\\\/\\\/weather-radar-live.com\\\/#organization\"},\"potentialAction\":[{\"@type\":\"SearchAction\",\"target\":{\"@type\":\"EntryPoint\",\"urlTemplate\":\"https:\\\/\\\/weather-radar-live.com\\\/?s={search_term_string}\"},\"query-input\":{\"@type\":\"PropertyValueSpecification\",\"valueRequired\":true,\"valueName\":\"search_term_string\"}}],\"inLanguage\":\"da-DK\"},{\"@type\":\"Organization\",\"@id\":\"https:\\\/\\\/weather-radar-live.com\\\/#organization\",\"name\":\"weather-radar-live.com\",\"url\":\"https:\\\/\\\/weather-radar-live.com\\\/\",\"logo\":{\"@type\":\"ImageObject\",\"inLanguage\":\"da-DK\",\"@id\":\"https:\\\/\\\/weather-radar-live.com\\\/#\\\/schema\\\/logo\\\/image\\\/\",\"url\":\"https:\\\/\\\/weather-radar-live.com\\\/wp-content\\\/uploads\\\/2022\\\/03\\\/cropped-WRL2503.png\",\"contentUrl\":\"https:\\\/\\\/weather-radar-live.com\\\/wp-content\\\/uploads\\\/2022\\\/03\\\/cropped-WRL2503.png\",\"width\":1920,\"height\":555,\"caption\":\"weather-radar-live.com\"},\"image\":{\"@id\":\"https:\\\/\\\/weather-radar-live.com\\\/#\\\/schema\\\/logo\\\/image\\\/\"}}]}<\/script>\n<!-- \/ Yoast SEO plugin. -->","yoast_head_json":{"title":"Webcam Seignosse \u2192 Se det live!","description":"Webcam Seignosse | Webcam af Seignosse! \u2705 Opdateret for dig i realtid! \u2705 Aktuel vejrudsigt!","robots":{"index":"index","follow":"follow","max-snippet":"max-snippet:-1","max-image-preview":"max-image-preview:large","max-video-preview":"max-video-preview:-1"},"canonical":"https:\/\/weather-radar-live.com\/da\/webcam\/frankrig\/webcam-seignosse\/","og_locale":"da_DK","og_type":"article","og_title":"Webcam Seignosse \u2192 Se det live!","og_description":"Webcam Seignosse | Webcam af Seignosse! \u2705 Opdateret for dig i realtid! \u2705 Aktuel vejrudsigt!","og_url":"https:\/\/weather-radar-live.com\/da\/webcam\/frankrig\/webcam-seignosse\/","og_site_name":"weather-radar-live.com","article_modified_time":"2022-07-20T13:22:27+00:00","og_image":[{"width":1757,"height":951,"url":"https:\/\/weather-radar-live.com\/wp-content\/uploads\/2022\/04\/Webcams-Seignosse-e1650461886397.jpg","type":"image\/jpeg"}],"twitter_card":"summary_large_image","twitter_misc":{"Estimeret l\u00e6setid":"3 minutter"},"schema":{"@context":"https:\/\/schema.org","@graph":[{"@type":"WebPage","@id":"https:\/\/weather-radar-live.com\/da\/webcam\/frankrig\/webcam-seignosse\/","url":"https:\/\/weather-radar-live.com\/da\/webcam\/frankrig\/webcam-seignosse\/","name":"Webcam Seignosse \u2192 Se det live!","isPartOf":{"@id":"https:\/\/weather-radar-live.com\/#website"},"primaryImageOfPage":{"@id":"https:\/\/weather-radar-live.com\/da\/webcam\/frankrig\/webcam-seignosse\/#primaryimage"},"image":{"@id":"https:\/\/weather-radar-live.com\/da\/webcam\/frankrig\/webcam-seignosse\/#primaryimage"},"thumbnailUrl":"https:\/\/weather-radar-live.com\/wp-content\/uploads\/2022\/04\/Webcams-Seignosse-e1650461886397.jpg","datePublished":"2022-04-20T13:27:59+00:00","dateModified":"2022-07-20T13:22:27+00:00","description":"Webcam Seignosse | Webcam af Seignosse! \u2705 Opdateret for dig i realtid! \u2705 Aktuel vejrudsigt!","breadcrumb":{"@id":"https:\/\/weather-radar-live.com\/da\/webcam\/frankrig\/webcam-seignosse\/#breadcrumb"},"inLanguage":"da-DK","potentialAction":[{"@type":"ReadAction","target":["https:\/\/weather-radar-live.com\/da\/webcam\/frankrig\/webcam-seignosse\/"]}]},{"@type":"ImageObject","inLanguage":"da-DK","@id":"https:\/\/weather-radar-live.com\/da\/webcam\/frankrig\/webcam-seignosse\/#primaryimage","url":"https:\/\/weather-radar-live.com\/wp-content\/uploads\/2022\/04\/Webcams-Seignosse-e1650461886397.jpg","contentUrl":"https:\/\/weather-radar-live.com\/wp-content\/uploads\/2022\/04\/Webcams-Seignosse-e1650461886397.jpg","width":1757,"height":951,"caption":"Webcams - Seignosse"},{"@type":"BreadcrumbList","@id":"https:\/\/weather-radar-live.com\/da\/webcam\/frankrig\/webcam-seignosse\/#breadcrumb","itemListElement":[{"@type":"ListItem","position":1,"name":"Weather Radar Live","item":"https:\/\/weather-radar-live.com\/da\/"},{"@type":"ListItem","position":2,"name":"Webcam","item":"https:\/\/weather-radar-live.com\/da\/webcam\/"},{"@type":"ListItem","position":3,"name":"Frankrig","item":"https:\/\/weather-radar-live.com\/da\/webcam\/frankrig\/"},{"@type":"ListItem","position":4,"name":"Webcam Seignosse"}]},{"@type":"WebSite","@id":"https:\/\/weather-radar-live.com\/#website","url":"https:\/\/weather-radar-live.com\/","name":"weather-radar-live.com","description":"Your weather and sky radar.","publisher":{"@id":"https:\/\/weather-radar-live.com\/#organization"},"potentialAction":[{"@type":"SearchAction","target":{"@type":"EntryPoint","urlTemplate":"https:\/\/weather-radar-live.com\/?s={search_term_string}"},"query-input":{"@type":"PropertyValueSpecification","valueRequired":true,"valueName":"search_term_string"}}],"inLanguage":"da-DK"},{"@type":"Organization","@id":"https:\/\/weather-radar-live.com\/#organization","name":"weather-radar-live.com","url":"https:\/\/weather-radar-live.com\/","logo":{"@type":"ImageObject","inLanguage":"da-DK","@id":"https:\/\/weather-radar-live.com\/#\/schema\/logo\/image\/","url":"https:\/\/weather-radar-live.com\/wp-content\/uploads\/2022\/03\/cropped-WRL2503.png","contentUrl":"https:\/\/weather-radar-live.com\/wp-content\/uploads\/2022\/03\/cropped-WRL2503.png","width":1920,"height":555,"caption":"weather-radar-live.com"},"image":{"@id":"https:\/\/weather-radar-live.com\/#\/schema\/logo\/image\/"}}]}},"_links":{"self":[{"href":"https:\/\/weather-radar-live.com\/da\/wp-json\/wp\/v2\/pages\/5501","targetHints":{"allow":["GET"]}}],"collection":[{"href":"https:\/\/weather-radar-live.com\/da\/wp-json\/wp\/v2\/pages"}],"about":[{"href":"https:\/\/weather-radar-live.com\/da\/wp-json\/wp\/v2\/types\/page"}],"author":[{"embeddable":true,"href":"https:\/\/weather-radar-live.com\/da\/wp-json\/wp\/v2\/users\/1"}],"replies":[{"embeddable":true,"href":"https:\/\/weather-radar-live.com\/da\/wp-json\/wp\/v2\/comments?post=5501"}],"version-history":[{"count":1,"href":"https:\/\/weather-radar-live.com\/da\/wp-json\/wp\/v2\/pages\/5501\/revisions"}],"predecessor-version":[{"id":5510,"href":"https:\/\/weather-radar-live.com\/da\/wp-json\/wp\/v2\/pages\/5501\/revisions\/5510"}],"up":[{"embeddable":true,"href":"https:\/\/weather-radar-live.com\/da\/wp-json\/wp\/v2\/pages\/4175"}],"wp:featuredmedia":[{"embeddable":true,"href":"https:\/\/weather-radar-live.com\/da\/wp-json\/wp\/v2\/media\/3806"}],"wp:attachment":[{"href":"https:\/\/weather-radar-live.com\/da\/wp-json\/wp\/v2\/media?parent=5501"}],"curies":[{"name":"wp","href":"https:\/\/api.w.org\/{rel}","templated":true}]}}