{"id":5416,"date":"2022-04-20T08:23:01","date_gmt":"2022-04-20T06:23:01","guid":{"rendered":"https:\/\/weather-radar-live.com\/webcam\/frankrig\/webcam-sancy\/"},"modified":"2022-07-20T14:30:16","modified_gmt":"2022-07-20T12:30:16","slug":"webcam-sancy","status":"publish","type":"page","link":"https:\/\/weather-radar-live.com\/da\/webcam\/frankrig\/webcam-sancy\/","title":{"rendered":"Webcam Sancy"},"content":{"rendered":"<div id=\"weath-2817513568\" class=\"weath-vor-dem-inhalt weath-entity-placement\" style=\"margin-top: 15px;margin-right: 25px;margin-bottom: 40px;margin-left: 25px;\"><script async src=\"\/\/pagead2.googlesyndication.com\/pagead\/js\/adsbygoogle.js?client=ca-pub-8960936133935804\" crossorigin=\"anonymous\"><\/script><ins class=\"adsbygoogle\" style=\"display:block;\" data-ad-client=\"ca-pub-8960936133935804\" \ndata-ad-slot=\"6172817020\" \ndata-ad-format=\"auto\"><\/ins>\n<script> \n(adsbygoogle = window.adsbygoogle || []).push({}); \n<\/script>\n<\/div>\n<div class=\"wp-block-cover alignfull is-light\"><span aria-hidden=\"true\" class=\"wp-block-cover__gradient-background has-background-dim\"><\/span><img decoding=\"async\" class=\"wp-block-cover__image-background wp-image-342\" alt=\"Webcam Sancy\" src=\"https:\/\/weather-radar-live.com\/wp-content\/uploads\/2021\/06\/sam-schooler-E9aetBe2w40-unsplash-e1622554814366.jpg\" data-object-fit=\"cover\"\/><div class=\"wp-block-cover__inner-container is-layout-flow wp-block-cover-is-layout-flow\">\n<h2 class=\"has-text-align-center heading wp-block-heading\" id=\"webcam-fort-mahon\" style=\"font-size:40px\"><strong><mark style=\"background-color:rgba(0, 0, 0, 0)\" class=\"has-inline-color has-base-3-color\">WEBCAM <\/mark><br><mark style=\"background-color:rgba(0, 0, 0, 0)\" class=\"has-inline-color has-base-3-color\">SANCY<\/mark><\/strong><\/h2>\n<\/div><\/div>\n\n\n<div class=\"yoast-breadcrumbs\"><span><span><a href=\"https:\/\/weather-radar-live.com\/da\/\">Weather Radar Live<\/a><\/span> \u00bb <span><a href=\"https:\/\/weather-radar-live.com\/da\/webcam\/\">Webcam<\/a><\/span> \u00bb <span><a href=\"https:\/\/weather-radar-live.com\/da\/webcam\/frankrig\/\">Frankrig<\/a><\/span> \u00bb <span class=\"breadcrumb_last\" aria-current=\"page\"><strong>Webcam Sancy<\/strong><\/span><\/span><\/div>\n\n\n<h2 class=\"has-text-align-center wp-block-heading\" id=\"webcam-fort-mahon\"><strong>Webcam Sancy<\/strong><\/h2>\n\n\n\n<p>Sancy er et lille sted i Frankrig beliggende i Grand-Est regionen og Meurthe-et-Moselle departementet. Den ligger i regionen Bourgogne og hovedstaden i Bourgogne er Dijon. Sidstn\u00e6vnte ligger ca. 121 miles eller 195 km fra Sancy. Sancy ligger omkring 117 miles eller 188 km fra Frankrigs hovedstad, Paris. Puy de Sancy er den h\u00f8jeste top i Massif Central. Sancy, der er kendt som &#8220;Korsbjerget&#8221;, var en stratovulkan, der oph\u00f8rte med at v\u00e6re aktiv for 220.000 \u00e5r siden. Lad os tage et kig p\u00e5 webcam Sancy!<\/p>\n\n\n\n<p>Resultatet af vulkanudbrud, lavastr\u00f8mme, gletsjere og erosion f\u00f8rte til dette utrolige relief, hvilket g\u00f8r det til et sted, der er et bes\u00f8g v\u00e6rd. Puy de Sancy er 6.184 fod eller 1.885 m lang. Der blev bygget sv\u00e6vebaner i 1936 for at forbinde Mont-Dore og en af n\u00e5lene i bunden af toppen. Fra Puy de Sancy forgrener der sig fire dale: Chaudefour, Biche, Fontaine Sal\u00e9e og Dordogne. I den nordlige del af dalen l\u00f8ber to vandl\u00f8b, Dore og Dogne, sammen og danner Dordogne, som l\u00f8ber gennem Mont-Dore og ud i Gironde-mundingen. Hvis du \u00f8nsker at bes\u00f8ge Sancy, er den bedste tid fra juni til september. For yderligere oplysninger om vejr og klima kan du se nedenst\u00e5ende afsnit om vejret Radar og klimaet i Sancy.<\/p><div id=\"weath-2738475207\" class=\"weath-inhalt_2 weath-entity-placement\" style=\"margin-top: 15px;margin-right: 25px;margin-bottom: 35px;margin-left: 25px;\"><script async src=\"\/\/pagead2.googlesyndication.com\/pagead\/js\/adsbygoogle.js?client=ca-pub-8960936133935804\" crossorigin=\"anonymous\"><\/script><ins class=\"adsbygoogle\" style=\"display:block;\" data-ad-client=\"ca-pub-8960936133935804\" \ndata-ad-slot=\"1963584050\" \ndata-ad-format=\"auto\"><\/ins>\n<script> \n(adsbygoogle = window.adsbygoogle || []).push({}); \n<\/script>\n<\/div>\n\n\n\n<h3 class=\"has-text-align-center wp-block-heading\">\ud83d\udd34 <strong>Webcam Sancy<\/strong> Mountain Peak (Panorama)<\/h3>\n\n\n\n<iframe src=\"https:\/\/app.webcam-hd.com\/mont-dore\/sommet\" style=\"width: 100%; height: 400px; border: none;\" allowfullscreen=\"\"><\/iframe>\n\n\n\n<p><\/p>\n\n\n\n<h3 class=\"has-text-align-center wp-block-heading\">\ud83d\udd34 <strong>Webcam Sancy<\/strong> Valley (Panorama)<\/h3>\n\n\n\n<iframe src=\"https:\/\/app.webcam-hd.com\/superbesse\/superbesse_ecole\" style=\"width: 100%; height: 400px; border: none;\" allowfullscreen=\"\"><\/iframe>\n\n\n\n<p class=\"has-text-align-center\"><strong><sup>Med et museklik (smartphone: skift visningen ved blot at trykke p\u00e5) kan du flytte webcam&#8217;et i den retning, du \u00f8nsker. Ved at dreje p\u00e5 musehjulet eller zoome med fingrene kan du zoome ind p\u00e5 webkameraet. Alternativt kan du ogs\u00e5 bruge knapperne til dette form\u00e5l.<\/sup><\/strong><\/p>\n\n\n\n<div class=\"wp-block-columns is-layout-flex wp-container-core-columns-is-layout-9d6595d7 wp-block-columns-is-layout-flex\">\n<div class=\"wp-block-column webcam-column is-layout-flow wp-block-column-is-layout-flow\">\n<h3 class=\"has-text-align-center wp-block-heading\"><strong> \ud83d\udd34 Webcam Sancy<\/strong> Super Bresse<\/h3>\n\n\n\n<a name=\"windy-webcam-timelapse-player\" data-id=\"1484135784\" data-play=\"day\" href=\"https:\/\/windy.com\/webcams\/1484135784\" target=\"_blank\" rel=\"noopener\">Super Besse: Panoramique<\/a><script async=\"\" type=\"text\/javascript\" src=\"https:\/\/webcams.windy.com\/webcams\/public\/embed\/script\/player.js\"><\/script>\n<\/div>\n\n\n\n<div class=\"wp-block-column webcam-column is-layout-flow wp-block-column-is-layout-flow\">\n<h3 class=\"has-text-align-center live-emoji wp-block-heading\"><strong> \ud83d\udd34 Webcam Sancy<\/strong> Mont Dore<\/h3>\n\n\n\n<figure class=\"wp-block-embed is-type-video is-provider-youtube wp-block-embed-youtube wp-embed-aspect-16-9 wp-has-aspect-ratio\"><div class=\"wp-block-embed__wrapper\">\n<iframe loading=\"lazy\" title=\"Mont-Dore : Live\" width=\"1200\" height=\"675\" src=\"https:\/\/www.youtube.com\/embed\/cOXPs4cRbgA?feature=oembed\" frameborder=\"0\" allow=\"accelerometer; autoplay; clipboard-write; encrypted-media; gyroscope; picture-in-picture\" allowfullscreen><\/iframe>\n<\/div><\/figure>\n<\/div>\n<\/div>\n\n\n\n<h2 class=\"wp-block-heading\" id=\"fort-mahon-today\"><strong><strong>Vejr Radar Sancy &#8211; Vejret i Sancy<\/strong><\/strong><\/h2>\n\n\n\n<p>Beliggenheden og de fremherskende <a href=\"https:\/\/weather-radar-live.com\/da\/storm-radar\/\">vinde<\/a>, der kommer mod Sancy, er skyld i d\u00e5rligt vejr fra januar til april og oktober til december. Du b\u00f8r m\u00e5ske udforske dette sted, n\u00e5r vejret er behageligt. <a href=\"https:\/\/weather-radar-live.com\/da\/\">Weather Radar Live<\/a> hj\u00e6lper dig med at navigere i vejret. Fra <a href=\"https:\/\/weather-radar-live.com\/da\/skyer-radar\/\">skyd\u00e6kke<\/a> til <a href=\"https:\/\/weather-radar-live.com\/da\/lyn-radar\/\">tordenvejr<\/a>, nedb\u00f8r til <a href=\"https:\/\/weather-radar-live.com\/da\/tornado-radar\/\">tornadoer<\/a> analyserer den alle detaljer for at give dig n\u00f8jagtige oplysninger. Du kan zoome ind eller ud for at n\u00e5 det n\u00f8jagtige sted eller for at kende vejr\u00e6ndringerne i detaljer. S\u00e5 hold dig selv opdateret om vejret og f\u00e5 vejrudsigten med det samme.<\/p>\n\n\n\n<div class=\"wp-block-columns is-layout-flex wp-container-core-columns-is-layout-9d6595d7 wp-block-columns-is-layout-flex\">\n<div class=\"wp-block-column is-layout-flow wp-block-column-is-layout-flow\" style=\"flex-basis:75%\">\n<iframe loading=\"lazy\" width=\"1300\" height=\"502\" src=\"https:\/\/embed.windy.com\/embed2.html?lat=45.542&amp;lon=2.802&amp;detailLat=49.476&amp;detailLon=11.048&amp;width=1300&amp;height=502&amp;zoom=11&amp;level=surface&amp;overlay=radar&amp;product=radar&amp;menu=&amp;message=&amp;marker=&amp;calendar=now&amp;pressure=&amp;type=map&amp;location=coordinates&amp;detail=&amp;metricWind=default&amp;metricTemp=default&amp;radarRange=-1\" frameborder=\"0\"><\/iframe>\n<\/div>\n\n\n\n<div class=\"wp-block-column is-layout-flow wp-block-column-is-layout-flow\" style=\"flex-basis:25%\">\n<a class=\"weatherwidget-io\" href=\"https:\/\/forecast7.com\/da\/48d892d96\/sancy\/\" data-label_1=\"SANCY\" data-font=\"Roboto\" data-theme=\"original\" >SANCY<\/a>\n<script>\n!function(d,s,id){var js,fjs=d.getElementsByTagName(s)[0];if(!d.getElementById(id)){js=d.createElement(s);js.id=id;js.src='https:\/\/weatherwidget.io\/js\/widget.min.js';fjs.parentNode.insertBefore(js,fjs);}}(document,'script','weatherwidget-io-js');\n<\/script>\n<\/div>\n<\/div>\n\n\n\n<h2 class=\"wp-block-heading\" id=\"fort-mahon-weather\"><strong><strong>Klimaet i Sancy<\/strong><\/strong><\/h2>\n\n\n\n<p>If\u00f8lge K\u00f6ppen-Geiger-klassifikationen har Puy de Sancy et varmt sommerklima og et tempereret oceanisk klima. Lad os udforske de klimatiske \u00e6ndringer i Sancy.<\/p>\n\n\n\n<p><strong>Temperatur <\/strong><\/p>\n\n\n\n<p>I Puy de Sancy varierer den maksimale temperatur fra 4 \u00b0C i januar til 23 \u00b0C i august (gennemsnitlig maksimal temperatur p\u00e5 14 \u00b0C).<\/p>\n\n\n\n<p><strong>Nedb\u00f8r <\/strong><\/p>\n\n\n\n<p>Der falder mindst 73 mm i september og h\u00f8jst 152 mm i maj, med en \u00e5rlig nedb\u00f8rsm\u00e6ngde p\u00e5 1290 mm i alt.<\/p>\n\n\n\n<p><strong>Luftfugtighed <\/strong><\/p>\n\n\n\n<p>Den gennemsnitlige luftfugtighed ligger p\u00e5 ca. 91 % hele \u00e5ret.<\/p>\n\n\n\n<h2 class=\"wp-block-heading\"><strong>Super-Besse Skisportssted<\/strong><\/h2>\n\n\n\n<p>P\u00e5 den sydvestlige skr\u00e5ning af Sancy ligger endnu et skisportssted, Super-Besse, der tilbyder 125 km langrend og 43 km nedk\u00f8rselsspor. Det er det perfekte sted for eventyrlige udend\u00f8rsaktiviteter som vandreture og bjergbestigning. Flere skilifter og sv\u00e6vebaner k\u00f8rer op ad bjergets nordlige og sydlige skr\u00e5ninger, hvilket g\u00f8r skr\u00e5ningerne perfekte til skil\u00f8b.<\/p>\n\n\n\n<p>P\u00e5 120 km spor kan langrendsl\u00f8bere navigere mellem funklende bjergs\u00f8er. Skisportsomr\u00e5det nyder godt af meget solskin p\u00e5 grund af sin sydlige orientering, hvilket er s\u00e6rligt v\u00e6rdsat for at give regionens kolde vintre og h\u00e5rde vinde. Super Besse tilbyder natskil\u00f8b p\u00e5 oplyste pister samt snesko, k\u00e6lkning og endda biathlonbaner.<\/p>\n","protected":false},"excerpt":{"rendered":"<p>Webcam Sancy Sancy er et lille sted i Frankrig beliggende i Grand-Est regionen og Meurthe-et-Moselle departementet. Den ligger i regionen Bourgogne og hovedstaden i Bourgogne er Dijon. Sidstn\u00e6vnte ligger ca. 121 miles eller 195 km fra Sancy. Sancy ligger omkring 117 miles eller 188 km fra Frankrigs hovedstad, Paris. Puy de Sancy er den h\u00f8jeste &#8230; <a title=\"Webcam Sancy\" class=\"read-more\" href=\"https:\/\/weather-radar-live.com\/da\/webcam\/frankrig\/webcam-sancy\/\" aria-label=\"Read more about Webcam Sancy\">L\u00e6s mere <\/a><\/p>\n","protected":false},"author":1,"featured_media":3732,"parent":4175,"menu_order":0,"comment_status":"closed","ping_status":"closed","template":"","meta":{"footnotes":""},"class_list":["post-5416","page","type-page","status-publish","has-post-thumbnail"],"yoast_head":"<!-- This site is optimized with the Yoast SEO plugin v27.3 - https:\/\/yoast.com\/product\/yoast-seo-wordpress\/ -->\n<title>Webcam Sancy \u2192 Se det live!<\/title>\n<meta name=\"description\" content=\"Webcam Sancy | Webcam af Sancy! \u2705 Opdateret for dig i realtid! \u2705 Aktuel vejrudsigt!\" \/>\n<meta name=\"robots\" content=\"index, follow, max-snippet:-1, max-image-preview:large, max-video-preview:-1\" \/>\n<link rel=\"canonical\" href=\"https:\/\/weather-radar-live.com\/da\/webcam\/frankrig\/webcam-sancy\/\" \/>\n<meta property=\"og:locale\" content=\"da_DK\" \/>\n<meta property=\"og:type\" content=\"article\" \/>\n<meta property=\"og:title\" content=\"Webcam Sancy \u2192 Se det live!\" \/>\n<meta property=\"og:description\" content=\"Webcam Sancy | Webcam af Sancy! \u2705 Opdateret for dig i realtid! \u2705 Aktuel vejrudsigt!\" \/>\n<meta property=\"og:url\" content=\"https:\/\/weather-radar-live.com\/da\/webcam\/frankrig\/webcam-sancy\/\" \/>\n<meta property=\"og:site_name\" content=\"weather-radar-live.com\" \/>\n<meta property=\"article:modified_time\" content=\"2022-07-20T12:30:16+00:00\" \/>\n<meta property=\"og:image\" content=\"https:\/\/weather-radar-live.com\/wp-content\/uploads\/2022\/04\/Webcam-Sancy-e1650441653692.png\" \/>\n\t<meta property=\"og:image:width\" content=\"1366\" \/>\n\t<meta property=\"og:image:height\" content=\"768\" \/>\n\t<meta property=\"og:image:type\" content=\"image\/png\" \/>\n<meta name=\"twitter:card\" content=\"summary_large_image\" \/>\n<meta name=\"twitter:label1\" content=\"Estimeret l\u00e6setid\" \/>\n\t<meta name=\"twitter:data1\" content=\"3 minutter\" \/>\n<script type=\"application\/ld+json\" class=\"yoast-schema-graph\">{\"@context\":\"https:\\\/\\\/schema.org\",\"@graph\":[{\"@type\":\"WebPage\",\"@id\":\"https:\\\/\\\/weather-radar-live.com\\\/da\\\/webcam\\\/frankrig\\\/webcam-sancy\\\/\",\"url\":\"https:\\\/\\\/weather-radar-live.com\\\/da\\\/webcam\\\/frankrig\\\/webcam-sancy\\\/\",\"name\":\"Webcam Sancy \u2192 Se det live!\",\"isPartOf\":{\"@id\":\"https:\\\/\\\/weather-radar-live.com\\\/#website\"},\"primaryImageOfPage\":{\"@id\":\"https:\\\/\\\/weather-radar-live.com\\\/da\\\/webcam\\\/frankrig\\\/webcam-sancy\\\/#primaryimage\"},\"image\":{\"@id\":\"https:\\\/\\\/weather-radar-live.com\\\/da\\\/webcam\\\/frankrig\\\/webcam-sancy\\\/#primaryimage\"},\"thumbnailUrl\":\"https:\\\/\\\/weather-radar-live.com\\\/wp-content\\\/uploads\\\/2022\\\/04\\\/Webcam-Sancy-e1650441653692.png\",\"datePublished\":\"2022-04-20T06:23:01+00:00\",\"dateModified\":\"2022-07-20T12:30:16+00:00\",\"description\":\"Webcam Sancy | Webcam af Sancy! \u2705 Opdateret for dig i realtid! \u2705 Aktuel vejrudsigt!\",\"breadcrumb\":{\"@id\":\"https:\\\/\\\/weather-radar-live.com\\\/da\\\/webcam\\\/frankrig\\\/webcam-sancy\\\/#breadcrumb\"},\"inLanguage\":\"da-DK\",\"potentialAction\":[{\"@type\":\"ReadAction\",\"target\":[\"https:\\\/\\\/weather-radar-live.com\\\/da\\\/webcam\\\/frankrig\\\/webcam-sancy\\\/\"]}]},{\"@type\":\"ImageObject\",\"inLanguage\":\"da-DK\",\"@id\":\"https:\\\/\\\/weather-radar-live.com\\\/da\\\/webcam\\\/frankrig\\\/webcam-sancy\\\/#primaryimage\",\"url\":\"https:\\\/\\\/weather-radar-live.com\\\/wp-content\\\/uploads\\\/2022\\\/04\\\/Webcam-Sancy-e1650441653692.png\",\"contentUrl\":\"https:\\\/\\\/weather-radar-live.com\\\/wp-content\\\/uploads\\\/2022\\\/04\\\/Webcam-Sancy-e1650441653692.png\",\"width\":1366,\"height\":768,\"caption\":\"Webcam Sancy\"},{\"@type\":\"BreadcrumbList\",\"@id\":\"https:\\\/\\\/weather-radar-live.com\\\/da\\\/webcam\\\/frankrig\\\/webcam-sancy\\\/#breadcrumb\",\"itemListElement\":[{\"@type\":\"ListItem\",\"position\":1,\"name\":\"Weather Radar Live\",\"item\":\"https:\\\/\\\/weather-radar-live.com\\\/da\\\/\"},{\"@type\":\"ListItem\",\"position\":2,\"name\":\"Webcam\",\"item\":\"https:\\\/\\\/weather-radar-live.com\\\/da\\\/webcam\\\/\"},{\"@type\":\"ListItem\",\"position\":3,\"name\":\"Frankrig\",\"item\":\"https:\\\/\\\/weather-radar-live.com\\\/da\\\/webcam\\\/frankrig\\\/\"},{\"@type\":\"ListItem\",\"position\":4,\"name\":\"Webcam Sancy\"}]},{\"@type\":\"WebSite\",\"@id\":\"https:\\\/\\\/weather-radar-live.com\\\/#website\",\"url\":\"https:\\\/\\\/weather-radar-live.com\\\/\",\"name\":\"weather-radar-live.com\",\"description\":\"Your weather and sky radar.\",\"publisher\":{\"@id\":\"https:\\\/\\\/weather-radar-live.com\\\/#organization\"},\"potentialAction\":[{\"@type\":\"SearchAction\",\"target\":{\"@type\":\"EntryPoint\",\"urlTemplate\":\"https:\\\/\\\/weather-radar-live.com\\\/?s={search_term_string}\"},\"query-input\":{\"@type\":\"PropertyValueSpecification\",\"valueRequired\":true,\"valueName\":\"search_term_string\"}}],\"inLanguage\":\"da-DK\"},{\"@type\":\"Organization\",\"@id\":\"https:\\\/\\\/weather-radar-live.com\\\/#organization\",\"name\":\"weather-radar-live.com\",\"url\":\"https:\\\/\\\/weather-radar-live.com\\\/\",\"logo\":{\"@type\":\"ImageObject\",\"inLanguage\":\"da-DK\",\"@id\":\"https:\\\/\\\/weather-radar-live.com\\\/#\\\/schema\\\/logo\\\/image\\\/\",\"url\":\"https:\\\/\\\/weather-radar-live.com\\\/wp-content\\\/uploads\\\/2022\\\/03\\\/cropped-WRL2503.png\",\"contentUrl\":\"https:\\\/\\\/weather-radar-live.com\\\/wp-content\\\/uploads\\\/2022\\\/03\\\/cropped-WRL2503.png\",\"width\":1920,\"height\":555,\"caption\":\"weather-radar-live.com\"},\"image\":{\"@id\":\"https:\\\/\\\/weather-radar-live.com\\\/#\\\/schema\\\/logo\\\/image\\\/\"}}]}<\/script>\n<!-- \/ Yoast SEO plugin. -->","yoast_head_json":{"title":"Webcam Sancy \u2192 Se det live!","description":"Webcam Sancy | Webcam af Sancy! \u2705 Opdateret for dig i realtid! \u2705 Aktuel vejrudsigt!","robots":{"index":"index","follow":"follow","max-snippet":"max-snippet:-1","max-image-preview":"max-image-preview:large","max-video-preview":"max-video-preview:-1"},"canonical":"https:\/\/weather-radar-live.com\/da\/webcam\/frankrig\/webcam-sancy\/","og_locale":"da_DK","og_type":"article","og_title":"Webcam Sancy \u2192 Se det live!","og_description":"Webcam Sancy | Webcam af Sancy! \u2705 Opdateret for dig i realtid! \u2705 Aktuel vejrudsigt!","og_url":"https:\/\/weather-radar-live.com\/da\/webcam\/frankrig\/webcam-sancy\/","og_site_name":"weather-radar-live.com","article_modified_time":"2022-07-20T12:30:16+00:00","og_image":[{"width":1366,"height":768,"url":"https:\/\/weather-radar-live.com\/wp-content\/uploads\/2022\/04\/Webcam-Sancy-e1650441653692.png","type":"image\/png"}],"twitter_card":"summary_large_image","twitter_misc":{"Estimeret l\u00e6setid":"3 minutter"},"schema":{"@context":"https:\/\/schema.org","@graph":[{"@type":"WebPage","@id":"https:\/\/weather-radar-live.com\/da\/webcam\/frankrig\/webcam-sancy\/","url":"https:\/\/weather-radar-live.com\/da\/webcam\/frankrig\/webcam-sancy\/","name":"Webcam Sancy \u2192 Se det live!","isPartOf":{"@id":"https:\/\/weather-radar-live.com\/#website"},"primaryImageOfPage":{"@id":"https:\/\/weather-radar-live.com\/da\/webcam\/frankrig\/webcam-sancy\/#primaryimage"},"image":{"@id":"https:\/\/weather-radar-live.com\/da\/webcam\/frankrig\/webcam-sancy\/#primaryimage"},"thumbnailUrl":"https:\/\/weather-radar-live.com\/wp-content\/uploads\/2022\/04\/Webcam-Sancy-e1650441653692.png","datePublished":"2022-04-20T06:23:01+00:00","dateModified":"2022-07-20T12:30:16+00:00","description":"Webcam Sancy | Webcam af Sancy! \u2705 Opdateret for dig i realtid! \u2705 Aktuel vejrudsigt!","breadcrumb":{"@id":"https:\/\/weather-radar-live.com\/da\/webcam\/frankrig\/webcam-sancy\/#breadcrumb"},"inLanguage":"da-DK","potentialAction":[{"@type":"ReadAction","target":["https:\/\/weather-radar-live.com\/da\/webcam\/frankrig\/webcam-sancy\/"]}]},{"@type":"ImageObject","inLanguage":"da-DK","@id":"https:\/\/weather-radar-live.com\/da\/webcam\/frankrig\/webcam-sancy\/#primaryimage","url":"https:\/\/weather-radar-live.com\/wp-content\/uploads\/2022\/04\/Webcam-Sancy-e1650441653692.png","contentUrl":"https:\/\/weather-radar-live.com\/wp-content\/uploads\/2022\/04\/Webcam-Sancy-e1650441653692.png","width":1366,"height":768,"caption":"Webcam Sancy"},{"@type":"BreadcrumbList","@id":"https:\/\/weather-radar-live.com\/da\/webcam\/frankrig\/webcam-sancy\/#breadcrumb","itemListElement":[{"@type":"ListItem","position":1,"name":"Weather Radar Live","item":"https:\/\/weather-radar-live.com\/da\/"},{"@type":"ListItem","position":2,"name":"Webcam","item":"https:\/\/weather-radar-live.com\/da\/webcam\/"},{"@type":"ListItem","position":3,"name":"Frankrig","item":"https:\/\/weather-radar-live.com\/da\/webcam\/frankrig\/"},{"@type":"ListItem","position":4,"name":"Webcam Sancy"}]},{"@type":"WebSite","@id":"https:\/\/weather-radar-live.com\/#website","url":"https:\/\/weather-radar-live.com\/","name":"weather-radar-live.com","description":"Your weather and sky radar.","publisher":{"@id":"https:\/\/weather-radar-live.com\/#organization"},"potentialAction":[{"@type":"SearchAction","target":{"@type":"EntryPoint","urlTemplate":"https:\/\/weather-radar-live.com\/?s={search_term_string}"},"query-input":{"@type":"PropertyValueSpecification","valueRequired":true,"valueName":"search_term_string"}}],"inLanguage":"da-DK"},{"@type":"Organization","@id":"https:\/\/weather-radar-live.com\/#organization","name":"weather-radar-live.com","url":"https:\/\/weather-radar-live.com\/","logo":{"@type":"ImageObject","inLanguage":"da-DK","@id":"https:\/\/weather-radar-live.com\/#\/schema\/logo\/image\/","url":"https:\/\/weather-radar-live.com\/wp-content\/uploads\/2022\/03\/cropped-WRL2503.png","contentUrl":"https:\/\/weather-radar-live.com\/wp-content\/uploads\/2022\/03\/cropped-WRL2503.png","width":1920,"height":555,"caption":"weather-radar-live.com"},"image":{"@id":"https:\/\/weather-radar-live.com\/#\/schema\/logo\/image\/"}}]}},"_links":{"self":[{"href":"https:\/\/weather-radar-live.com\/da\/wp-json\/wp\/v2\/pages\/5416","targetHints":{"allow":["GET"]}}],"collection":[{"href":"https:\/\/weather-radar-live.com\/da\/wp-json\/wp\/v2\/pages"}],"about":[{"href":"https:\/\/weather-radar-live.com\/da\/wp-json\/wp\/v2\/types\/page"}],"author":[{"embeddable":true,"href":"https:\/\/weather-radar-live.com\/da\/wp-json\/wp\/v2\/users\/1"}],"replies":[{"embeddable":true,"href":"https:\/\/weather-radar-live.com\/da\/wp-json\/wp\/v2\/comments?post=5416"}],"version-history":[{"count":1,"href":"https:\/\/weather-radar-live.com\/da\/wp-json\/wp\/v2\/pages\/5416\/revisions"}],"predecessor-version":[{"id":5427,"href":"https:\/\/weather-radar-live.com\/da\/wp-json\/wp\/v2\/pages\/5416\/revisions\/5427"}],"up":[{"embeddable":true,"href":"https:\/\/weather-radar-live.com\/da\/wp-json\/wp\/v2\/pages\/4175"}],"wp:featuredmedia":[{"embeddable":true,"href":"https:\/\/weather-radar-live.com\/da\/wp-json\/wp\/v2\/media\/3732"}],"wp:attachment":[{"href":"https:\/\/weather-radar-live.com\/da\/wp-json\/wp\/v2\/media?parent=5416"}],"curies":[{"name":"wp","href":"https:\/\/api.w.org\/{rel}","templated":true}]}}