{"id":5400,"date":"2022-07-20T14:30:26","date_gmt":"2022-07-20T12:30:26","guid":{"rendered":"https:\/\/weather-radar-live.com\/?page_id=5400"},"modified":"2022-07-20T14:32:08","modified_gmt":"2022-07-20T12:32:08","slug":"webcam-maspalomas","status":"publish","type":"page","link":"https:\/\/weather-radar-live.com\/da\/webcam\/spanien\/webcam-maspalomas\/","title":{"rendered":"Webcam Maspalomas"},"content":{"rendered":"<div id=\"weath-3112657221\" class=\"weath-vor-dem-inhalt weath-entity-placement\" style=\"margin-top: 15px;margin-right: 25px;margin-bottom: 40px;margin-left: 25px;\"><script async src=\"\/\/pagead2.googlesyndication.com\/pagead\/js\/adsbygoogle.js?client=ca-pub-8960936133935804\" crossorigin=\"anonymous\"><\/script><ins class=\"adsbygoogle\" style=\"display:block;\" data-ad-client=\"ca-pub-8960936133935804\" \ndata-ad-slot=\"6172817020\" \ndata-ad-format=\"auto\"><\/ins>\n<script> \n(adsbygoogle = window.adsbygoogle || []).push({}); \n<\/script>\n<\/div>\n<div class=\"wp-block-cover alignfull is-light\"><span aria-hidden=\"true\" class=\"wp-block-cover__gradient-background has-background-dim\"><\/span><img decoding=\"async\" class=\"wp-block-cover__image-background wp-image-342\" alt=\"Webcam Maspalomas\n\" src=\"https:\/\/weather-radar-live.com\/wp-content\/uploads\/2021\/06\/sam-schooler-E9aetBe2w40-unsplash-e1622554814366.jpg\" data-object-fit=\"cover\"\/><div class=\"wp-block-cover__inner-container is-layout-flow wp-block-cover-is-layout-flow\">\n<h2 class=\"has-text-align-center heading wp-block-heading\" id=\"webcam-fort-mahon\" style=\"font-size:40px\"><strong><mark style=\"background-color:rgba(0, 0, 0, 0)\" class=\"has-inline-color has-base-3-color\">WEBCAM <\/mark><\/strong><br><strong><mark style=\"background-color:rgba(0, 0, 0, 0)\" class=\"has-inline-color has-base-3-color\">MASPALOMAS<\/mark><\/strong><\/h2>\n<\/div><\/div>\n\n\n<div class=\"yoast-breadcrumbs\"><span><span><a href=\"https:\/\/weather-radar-live.com\/da\/\">Weather Radar Live<\/a><\/span> \u00bb <span><a href=\"https:\/\/weather-radar-live.com\/da\/webcam\/\">Webcam<\/a><\/span> \u00bb <span><a href=\"https:\/\/weather-radar-live.com\/da\/webcam\/spanien\/\">Spanien<\/a><\/span> \u00bb <span class=\"breadcrumb_last\" aria-current=\"page\"><strong>Webcam Maspalomas<\/strong><\/span><\/span><\/div>\n\n\n<h2 class=\"has-text-align-center wp-block-heading\" id=\"webcam-fort-mahon\"><strong>Webcam Maspalomas<\/strong><\/h2>\n\n\n\n<p>I den sydlige del af Gran Canaria, en af de kanariske \u00f8er, der h\u00f8rer til Spanien i Atlanterhavet, ligger feriebyen Maspalomas. Tag et kig rundt med webcam Maspalomas. Karakteristisk er klitlandskabet, som best\u00e5r af knust koral og muslingekalk og optager omkring tolv kvadratkilometer af \u00f8en. Dette h\u00f8rer til et naturreservat, som anses for at v\u00e6re s\u00e6rligt v\u00e6rdifuldt.<\/p>\n\n\n\n<p>De g\u00e6stfrie \u00f8boere er helt indstillet p\u00e5 dig og dine feriebehov. Du vil f\u00e5 et behageligt ophold i de mange moderne feriesteder eller lejligheder og nyde din ferie ved hj\u00e6lp af stedets infrastruktur, der er orienteret mod din rekreation. Du kan tilbringe din dag p\u00e5 stranden. Selv fans af nudisme kan nyde solen og vandet uforstyrret i nudistzonen. Du kan ogs\u00e5 tage p\u00e5 opdagelsesrejse til ferieboligens indre eller udforske omgivelserne. En oplevelse, som du vil beholde i s\u00e6rlig erindring, er en tur p\u00e5 kamel gennem det \u00f8rkenagtige omr\u00e5de med sandklitter.<\/p><div id=\"weath-655912607\" class=\"weath-inhalt_2 weath-entity-placement\" style=\"margin-top: 15px;margin-right: 25px;margin-bottom: 35px;margin-left: 25px;\"><script async src=\"\/\/pagead2.googlesyndication.com\/pagead\/js\/adsbygoogle.js?client=ca-pub-8960936133935804\" crossorigin=\"anonymous\"><\/script><ins class=\"adsbygoogle\" style=\"display:block;\" data-ad-client=\"ca-pub-8960936133935804\" \ndata-ad-slot=\"1963584050\" \ndata-ad-format=\"auto\"><\/ins>\n<script> \n(adsbygoogle = window.adsbygoogle || []).push({}); \n<\/script>\n<\/div>\n\n\n\n<div class=\"wp-block-columns is-layout-flex wp-container-core-columns-is-layout-9d6595d7 wp-block-columns-is-layout-flex\">\n<div class=\"wp-block-column webcam-column is-layout-flow wp-block-column-is-layout-flow\">\n<h3 class=\"has-text-align-center wp-block-heading\"> \ud83d\udd34 <strong>Webcam<strong><strong><strong> <\/strong><\/strong><\/strong>Maspalomas<\/strong> &#8211; Naturreservat klitterne<\/h3>\n\n\n\n<a name=\"windy-webcam-timelapse-player\" data-id=\"1587975578\" data-play=\"day\" href=\"https:\/\/windy.com\/webcams\/1587975578\" target=\"_blank\" rel=\"noopener\">San Bartolome de Tirajana: Naturreservat af klitter i Maspalomas &#8211; Playa Del Ingl\u00e9s<\/a><script async=\"\" type=\"text\/javascript\" src=\"https:\/\/webcams.windy.com\/webcams\/public\/embed\/script\/player.js\"><\/script>\n<\/div>\n\n\n\n<div class=\"wp-block-column webcam-column is-layout-flow wp-block-column-is-layout-flow\">\n<h3 class=\"has-text-align-center wp-block-heading\"> \ud83d\udd34 <strong>Webcam <strong><strong><strong><strong>Maspalomas<\/strong><\/strong><\/strong><\/strong><\/strong> &#8211; Fyrt\u00e5rn<\/h3>\n\n\n\n<a name=\"windy-webcam-timelapse-player\" data-id=\"1635699375\" data-play=\"day\" href=\"https:\/\/windy.com\/webcams\/1635699375\" target=\"_blank\" rel=\"noopener\">San Bartolome de Tirajana<\/a><script async=\"\" type=\"text\/javascript\" src=\"https:\/\/webcams.windy.com\/webcams\/public\/embed\/script\/player.js\"><\/script>\n<\/div>\n<\/div>\n\n\n\n<div class=\"wp-block-columns is-layout-flex wp-container-core-columns-is-layout-9d6595d7 wp-block-columns-is-layout-flex\">\n<div class=\"wp-block-column webcam-column is-layout-flow wp-block-column-is-layout-flow\">\n<h3 class=\"has-text-align-center wp-block-heading\"> \ud83d\udd34 <strong>Webcam<strong><strong><strong> <strong>Maspalomas<\/strong><\/strong><\/strong><\/strong><\/strong> &#8211; Indk\u00f8bscenter<\/h3>\n\n\n\n<a name=\"windy-webcam-timelapse-player\" data-id=\"1573216797\" data-play=\"day\" href=\"https:\/\/windy.com\/webcams\/1573216797\" target=\"_blank\" rel=\"noopener\">San Bartolome de Tirajana: Yumbo Shopping Centre<\/a><script async=\"\" type=\"text\/javascript\" src=\"https:\/\/webcams.windy.com\/webcams\/public\/embed\/script\/player.js\"><\/script>\n<\/div>\n\n\n\n<div class=\"wp-block-column webcam-column is-layout-flow wp-block-column-is-layout-flow\">\n<h3 class=\"has-text-align-center wp-block-heading\"> \ud83d\udd34 <strong>Webcam <strong><strong><strong><strong>Maspalomas<\/strong><\/strong><\/strong><\/strong><\/strong> &#8211; Strand<\/h3>\n\n\n\n<a name=\"windy-webcam-timelapse-player\" data-id=\"1645098191\" data-play=\"day\" href=\"https:\/\/windy.com\/webcams\/1645098191\" target=\"_blank\" rel=\"noopener\">San Bartolome de Tirajana<\/a><script async=\"\" type=\"text\/javascript\" src=\"https:\/\/webcams.windy.com\/webcams\/public\/embed\/script\/player.js\"><\/script>\n<\/div>\n<\/div>\n\n\n\n<h2 class=\"wp-block-heading\" id=\"fort-mahon-today\"><strong>Vejr Radar Maspalomas<\/strong> <strong>&#8211; Vejret i Maspalomas<\/strong><\/h2>\n\n\n\n<p>Med webcam Maspalomas kan du se, hvor dejligt vejret er p\u00e5 dette dr\u00f8mmeferieomr\u00e5de. Hvis det skulle regne, kan du vurdere intensiteten, repr\u00e6senteret ved forskellige farver. Gr\u00f8n og bl\u00e5 st\u00e5r for en lav nedb\u00f8rsm\u00e6ngde, r\u00f8d og lilla for en h\u00f8j nedb\u00f8rsm\u00e6ngde. Du f\u00e5r ogs\u00e5 vist vindens styrke og retning og f\u00e5r en p\u00e5lidelig vejrudsigt.<\/p>\n\n\n\n<div class=\"wp-block-columns is-layout-flex wp-container-core-columns-is-layout-9d6595d7 wp-block-columns-is-layout-flex\">\n<div class=\"wp-block-column is-layout-flow wp-block-column-is-layout-flow\" style=\"flex-basis:75%\">\n<iframe loading=\"lazy\" width=\"1300\" height=\"502\" src=\"https:\/\/embed.windy.com\/embed2.html?lat=27.753&amp;lon=-15.623&amp;detailLat=27.753&amp;detailLon=-15.623&amp;width=1300&amp;height=502&amp;zoom=11&amp;level=surface&amp;overlay=rain&amp;product=ecmwf&amp;menu=&amp;message=&amp;marker=&amp;calendar=now&amp;pressure=&amp;type=map&amp;location=coordinates&amp;detail=&amp;metricWind=default&amp;metricTemp=default&amp;radarRange=-1\" frameborder=\"0\"><\/iframe>\n<\/div>\n\n\n\n<div class=\"wp-block-column is-layout-flow wp-block-column-is-layout-flow\" style=\"flex-basis:25%\">\n<a class=\"weatherwidget-io\" href=\"https:\/\/forecast7.com\/da\/27d76n15d59\/maspalomas\/\" data-label_1=\"MASPALOMAS\" data-theme=\"original\" >MASPALOMAS<\/a>\n<script>\n!function(d,s,id){var js,fjs=d.getElementsByTagName(s)[0];if(!d.getElementById(id)){js=d.createElement(s);js.id=id;js.src='https:\/\/weatherwidget.io\/js\/widget.min.js';fjs.parentNode.insertBefore(js,fjs);}}(document,'script','weatherwidget-io-js');\n<\/script>\n<\/div>\n<\/div>\n\n\n\n<h2 class=\"wp-block-heading\" id=\"fort-mahon-weather\"><strong>Klimaet i Maspalomas<\/strong><\/h2>\n\n\n\n<p>Maspalomas har en gennemsnitlig \u00e5rlig temperatur p\u00e5 mellem 19,5 og 21,7 grader Celsius og har et tempereret maritimt klima hele \u00e5ret rundt. Den maksimale temperatur i august er kun 26 grader Celsius, og selv i januar er det stadig mindst 14 grader Celsius. Vandtemperaturen i Atlanterhavet ved Maspalomas er mellem 19 og 22 grader Celsius. Solen skinner ca. ni timer om dagen om sommeren og stadig ca. fem timer om dagen i vinterm\u00e5nederne. I gennemsnit regner det otte dage om m\u00e5neden, mindst i juni p\u00e5 ca. fire dage og mest i oktober og november p\u00e5 ca. elleve dage hver. Nedb\u00f8rsm\u00e6ngden er ret lav og udg\u00f8r kun 76 millimeter p\u00e5 hele \u00e5ret. Til sammenligning er den ca. ti gange h\u00f8jere i Tyskland.<\/p>\n\n\n\n<h2 class=\"wp-block-heading\"><strong>Sev\u00e6rdigheder i Maspalomas<\/strong><\/h2>\n\n\n\n<p>Et popul\u00e6rt vartegn er det 56 meter h\u00f8je fyrt\u00e5rn Faro de Maspalomas i bydelen El Oasis, som blev bygget i slutningen af det 19. \u00e5rhundrede. Inden du bes\u00f8ger det historiske bygningsv\u00e6rk, kan du k\u00f8le dig ned i vandet i springvandet med bronzestatuen, der forestiller en mand p\u00e5 et monster, eller i skyggen under et af tr\u00e6erne i palmelunden. P\u00e5 restauranterne rundt omkring kan du nyde l\u00e6kkert tilberedt mad og kigge efter souvenirs til dig selv og gaver til dine venner i de k\u00e6rligt drevne butikker. Hvis du g\u00e5r et par skridt videre, kommer du til lagunen, som her kaldes &#8220;Charca&#8221;. Dette er hvileplads for tr\u00e6kfugle, der forts\u00e6tter deres rejse fra Europa til Afrika.<\/p>\n","protected":false},"excerpt":{"rendered":"<p>Webcam Maspalomas I den sydlige del af Gran Canaria, en af de kanariske \u00f8er, der h\u00f8rer til Spanien i Atlanterhavet, ligger feriebyen Maspalomas. Tag et kig rundt med webcam Maspalomas. Karakteristisk er klitlandskabet, som best\u00e5r af knust koral og muslingekalk og optager omkring tolv kvadratkilometer af \u00f8en. Dette h\u00f8rer til et naturreservat, som anses for &#8230; <a title=\"Webcam Maspalomas\" class=\"read-more\" href=\"https:\/\/weather-radar-live.com\/da\/webcam\/spanien\/webcam-maspalomas\/\" aria-label=\"Read more about Webcam Maspalomas\">L\u00e6s mere <\/a><\/p>\n","protected":false},"author":1,"featured_media":5216,"parent":4345,"menu_order":0,"comment_status":"closed","ping_status":"closed","template":"","meta":{"footnotes":""},"class_list":["post-5400","page","type-page","status-publish","has-post-thumbnail"],"yoast_head":"<!-- This site is optimized with the Yoast SEO plugin v27.5 - https:\/\/yoast.com\/product\/yoast-seo-wordpress\/ -->\n<title>Webcam Maspalomas \u2192 Se det live!<\/title>\n<meta name=\"description\" content=\"Webcam Maspalomas | Livecam fra Maspalomas! \u2705 Opdateret for dig i realtid! \u2705 Aktuel vejrudsigt!\" \/>\n<meta name=\"robots\" content=\"index, follow, max-snippet:-1, max-image-preview:large, max-video-preview:-1\" \/>\n<link rel=\"canonical\" href=\"https:\/\/weather-radar-live.com\/da\/webcam\/spanien\/webcam-maspalomas\/\" \/>\n<meta property=\"og:locale\" content=\"da_DK\" \/>\n<meta property=\"og:type\" content=\"article\" \/>\n<meta property=\"og:title\" content=\"Webcam Maspalomas \u2192 Se det live!\" \/>\n<meta property=\"og:description\" content=\"Webcam Maspalomas | Livecam fra Maspalomas! \u2705 Opdateret for dig i realtid! \u2705 Aktuel vejrudsigt!\" \/>\n<meta property=\"og:url\" content=\"https:\/\/weather-radar-live.com\/da\/webcam\/spanien\/webcam-maspalomas\/\" \/>\n<meta property=\"og:site_name\" content=\"weather-radar-live.com\" \/>\n<meta property=\"article:modified_time\" content=\"2022-07-20T12:32:08+00:00\" \/>\n<meta property=\"og:image\" content=\"https:\/\/weather-radar-live.com\/wp-content\/uploads\/2022\/07\/Webcam-Sierra-Nevada-e1658218397839.png\" \/>\n\t<meta property=\"og:image:width\" content=\"397\" \/>\n\t<meta property=\"og:image:height\" content=\"206\" \/>\n\t<meta property=\"og:image:type\" content=\"image\/png\" \/>\n<meta name=\"twitter:card\" content=\"summary_large_image\" \/>\n<meta name=\"twitter:label1\" content=\"Estimeret l\u00e6setid\" \/>\n\t<meta name=\"twitter:data1\" content=\"3 minutter\" \/>\n<script type=\"application\/ld+json\" class=\"yoast-schema-graph\">{\"@context\":\"https:\\\/\\\/schema.org\",\"@graph\":[{\"@type\":\"WebPage\",\"@id\":\"https:\\\/\\\/weather-radar-live.com\\\/da\\\/webcam\\\/spanien\\\/webcam-maspalomas\\\/\",\"url\":\"https:\\\/\\\/weather-radar-live.com\\\/da\\\/webcam\\\/spanien\\\/webcam-maspalomas\\\/\",\"name\":\"Webcam Maspalomas \u2192 Se det live!\",\"isPartOf\":{\"@id\":\"https:\\\/\\\/weather-radar-live.com\\\/#website\"},\"primaryImageOfPage\":{\"@id\":\"https:\\\/\\\/weather-radar-live.com\\\/da\\\/webcam\\\/spanien\\\/webcam-maspalomas\\\/#primaryimage\"},\"image\":{\"@id\":\"https:\\\/\\\/weather-radar-live.com\\\/da\\\/webcam\\\/spanien\\\/webcam-maspalomas\\\/#primaryimage\"},\"thumbnailUrl\":\"https:\\\/\\\/weather-radar-live.com\\\/wp-content\\\/uploads\\\/2022\\\/07\\\/Webcam-Maspalomas--e1658242894564.jpg\",\"datePublished\":\"2022-07-20T12:30:26+00:00\",\"dateModified\":\"2022-07-20T12:32:08+00:00\",\"description\":\"Webcam Maspalomas | Livecam fra Maspalomas! \u2705 Opdateret for dig i realtid! \u2705 Aktuel vejrudsigt!\",\"breadcrumb\":{\"@id\":\"https:\\\/\\\/weather-radar-live.com\\\/da\\\/webcam\\\/spanien\\\/webcam-maspalomas\\\/#breadcrumb\"},\"inLanguage\":\"da-DK\",\"potentialAction\":[{\"@type\":\"ReadAction\",\"target\":[\"https:\\\/\\\/weather-radar-live.com\\\/da\\\/webcam\\\/spanien\\\/webcam-maspalomas\\\/\"]}]},{\"@type\":\"ImageObject\",\"inLanguage\":\"da-DK\",\"@id\":\"https:\\\/\\\/weather-radar-live.com\\\/da\\\/webcam\\\/spanien\\\/webcam-maspalomas\\\/#primaryimage\",\"url\":\"https:\\\/\\\/weather-radar-live.com\\\/wp-content\\\/uploads\\\/2022\\\/07\\\/Webcam-Maspalomas--e1658242894564.jpg\",\"contentUrl\":\"https:\\\/\\\/weather-radar-live.com\\\/wp-content\\\/uploads\\\/2022\\\/07\\\/Webcam-Maspalomas--e1658242894564.jpg\",\"width\":1916,\"height\":933,\"caption\":\"Webcam Maspalomas\"},{\"@type\":\"BreadcrumbList\",\"@id\":\"https:\\\/\\\/weather-radar-live.com\\\/da\\\/webcam\\\/spanien\\\/webcam-maspalomas\\\/#breadcrumb\",\"itemListElement\":[{\"@type\":\"ListItem\",\"position\":1,\"name\":\"Weather Radar Live\",\"item\":\"https:\\\/\\\/weather-radar-live.com\\\/da\\\/\"},{\"@type\":\"ListItem\",\"position\":2,\"name\":\"Webcam\",\"item\":\"https:\\\/\\\/weather-radar-live.com\\\/da\\\/webcam\\\/\"},{\"@type\":\"ListItem\",\"position\":3,\"name\":\"Spanien\",\"item\":\"https:\\\/\\\/weather-radar-live.com\\\/da\\\/webcam\\\/spanien\\\/\"},{\"@type\":\"ListItem\",\"position\":4,\"name\":\"Webcam Maspalomas\"}]},{\"@type\":\"WebSite\",\"@id\":\"https:\\\/\\\/weather-radar-live.com\\\/#website\",\"url\":\"https:\\\/\\\/weather-radar-live.com\\\/\",\"name\":\"weather-radar-live.com\",\"description\":\"Your weather and sky radar.\",\"publisher\":{\"@id\":\"https:\\\/\\\/weather-radar-live.com\\\/#organization\"},\"potentialAction\":[{\"@type\":\"SearchAction\",\"target\":{\"@type\":\"EntryPoint\",\"urlTemplate\":\"https:\\\/\\\/weather-radar-live.com\\\/?s={search_term_string}\"},\"query-input\":{\"@type\":\"PropertyValueSpecification\",\"valueRequired\":true,\"valueName\":\"search_term_string\"}}],\"inLanguage\":\"da-DK\"},{\"@type\":\"Organization\",\"@id\":\"https:\\\/\\\/weather-radar-live.com\\\/#organization\",\"name\":\"weather-radar-live.com\",\"url\":\"https:\\\/\\\/weather-radar-live.com\\\/\",\"logo\":{\"@type\":\"ImageObject\",\"inLanguage\":\"da-DK\",\"@id\":\"https:\\\/\\\/weather-radar-live.com\\\/#\\\/schema\\\/logo\\\/image\\\/\",\"url\":\"https:\\\/\\\/weather-radar-live.com\\\/wp-content\\\/uploads\\\/2022\\\/03\\\/cropped-WRL2503.png\",\"contentUrl\":\"https:\\\/\\\/weather-radar-live.com\\\/wp-content\\\/uploads\\\/2022\\\/03\\\/cropped-WRL2503.png\",\"width\":1920,\"height\":555,\"caption\":\"weather-radar-live.com\"},\"image\":{\"@id\":\"https:\\\/\\\/weather-radar-live.com\\\/#\\\/schema\\\/logo\\\/image\\\/\"}}]}<\/script>\n<!-- \/ Yoast SEO plugin. -->","yoast_head_json":{"title":"Webcam Maspalomas \u2192 Se det live!","description":"Webcam Maspalomas | Livecam fra Maspalomas! \u2705 Opdateret for dig i realtid! \u2705 Aktuel vejrudsigt!","robots":{"index":"index","follow":"follow","max-snippet":"max-snippet:-1","max-image-preview":"max-image-preview:large","max-video-preview":"max-video-preview:-1"},"canonical":"https:\/\/weather-radar-live.com\/da\/webcam\/spanien\/webcam-maspalomas\/","og_locale":"da_DK","og_type":"article","og_title":"Webcam Maspalomas \u2192 Se det live!","og_description":"Webcam Maspalomas | Livecam fra Maspalomas! \u2705 Opdateret for dig i realtid! \u2705 Aktuel vejrudsigt!","og_url":"https:\/\/weather-radar-live.com\/da\/webcam\/spanien\/webcam-maspalomas\/","og_site_name":"weather-radar-live.com","article_modified_time":"2022-07-20T12:32:08+00:00","og_image":[{"width":397,"height":206,"url":"https:\/\/weather-radar-live.com\/wp-content\/uploads\/2022\/07\/Webcam-Sierra-Nevada-e1658218397839.png","type":"image\/png"}],"twitter_card":"summary_large_image","twitter_misc":{"Estimeret l\u00e6setid":"3 minutter"},"schema":{"@context":"https:\/\/schema.org","@graph":[{"@type":"WebPage","@id":"https:\/\/weather-radar-live.com\/da\/webcam\/spanien\/webcam-maspalomas\/","url":"https:\/\/weather-radar-live.com\/da\/webcam\/spanien\/webcam-maspalomas\/","name":"Webcam Maspalomas \u2192 Se det live!","isPartOf":{"@id":"https:\/\/weather-radar-live.com\/#website"},"primaryImageOfPage":{"@id":"https:\/\/weather-radar-live.com\/da\/webcam\/spanien\/webcam-maspalomas\/#primaryimage"},"image":{"@id":"https:\/\/weather-radar-live.com\/da\/webcam\/spanien\/webcam-maspalomas\/#primaryimage"},"thumbnailUrl":"https:\/\/weather-radar-live.com\/wp-content\/uploads\/2022\/07\/Webcam-Maspalomas--e1658242894564.jpg","datePublished":"2022-07-20T12:30:26+00:00","dateModified":"2022-07-20T12:32:08+00:00","description":"Webcam Maspalomas | Livecam fra Maspalomas! \u2705 Opdateret for dig i realtid! \u2705 Aktuel vejrudsigt!","breadcrumb":{"@id":"https:\/\/weather-radar-live.com\/da\/webcam\/spanien\/webcam-maspalomas\/#breadcrumb"},"inLanguage":"da-DK","potentialAction":[{"@type":"ReadAction","target":["https:\/\/weather-radar-live.com\/da\/webcam\/spanien\/webcam-maspalomas\/"]}]},{"@type":"ImageObject","inLanguage":"da-DK","@id":"https:\/\/weather-radar-live.com\/da\/webcam\/spanien\/webcam-maspalomas\/#primaryimage","url":"https:\/\/weather-radar-live.com\/wp-content\/uploads\/2022\/07\/Webcam-Maspalomas--e1658242894564.jpg","contentUrl":"https:\/\/weather-radar-live.com\/wp-content\/uploads\/2022\/07\/Webcam-Maspalomas--e1658242894564.jpg","width":1916,"height":933,"caption":"Webcam Maspalomas"},{"@type":"BreadcrumbList","@id":"https:\/\/weather-radar-live.com\/da\/webcam\/spanien\/webcam-maspalomas\/#breadcrumb","itemListElement":[{"@type":"ListItem","position":1,"name":"Weather Radar Live","item":"https:\/\/weather-radar-live.com\/da\/"},{"@type":"ListItem","position":2,"name":"Webcam","item":"https:\/\/weather-radar-live.com\/da\/webcam\/"},{"@type":"ListItem","position":3,"name":"Spanien","item":"https:\/\/weather-radar-live.com\/da\/webcam\/spanien\/"},{"@type":"ListItem","position":4,"name":"Webcam Maspalomas"}]},{"@type":"WebSite","@id":"https:\/\/weather-radar-live.com\/#website","url":"https:\/\/weather-radar-live.com\/","name":"weather-radar-live.com","description":"Your weather and sky radar.","publisher":{"@id":"https:\/\/weather-radar-live.com\/#organization"},"potentialAction":[{"@type":"SearchAction","target":{"@type":"EntryPoint","urlTemplate":"https:\/\/weather-radar-live.com\/?s={search_term_string}"},"query-input":{"@type":"PropertyValueSpecification","valueRequired":true,"valueName":"search_term_string"}}],"inLanguage":"da-DK"},{"@type":"Organization","@id":"https:\/\/weather-radar-live.com\/#organization","name":"weather-radar-live.com","url":"https:\/\/weather-radar-live.com\/","logo":{"@type":"ImageObject","inLanguage":"da-DK","@id":"https:\/\/weather-radar-live.com\/#\/schema\/logo\/image\/","url":"https:\/\/weather-radar-live.com\/wp-content\/uploads\/2022\/03\/cropped-WRL2503.png","contentUrl":"https:\/\/weather-radar-live.com\/wp-content\/uploads\/2022\/03\/cropped-WRL2503.png","width":1920,"height":555,"caption":"weather-radar-live.com"},"image":{"@id":"https:\/\/weather-radar-live.com\/#\/schema\/logo\/image\/"}}]}},"_links":{"self":[{"href":"https:\/\/weather-radar-live.com\/da\/wp-json\/wp\/v2\/pages\/5400","targetHints":{"allow":["GET"]}}],"collection":[{"href":"https:\/\/weather-radar-live.com\/da\/wp-json\/wp\/v2\/pages"}],"about":[{"href":"https:\/\/weather-radar-live.com\/da\/wp-json\/wp\/v2\/types\/page"}],"author":[{"embeddable":true,"href":"https:\/\/weather-radar-live.com\/da\/wp-json\/wp\/v2\/users\/1"}],"replies":[{"embeddable":true,"href":"https:\/\/weather-radar-live.com\/da\/wp-json\/wp\/v2\/comments?post=5400"}],"version-history":[{"count":2,"href":"https:\/\/weather-radar-live.com\/da\/wp-json\/wp\/v2\/pages\/5400\/revisions"}],"predecessor-version":[{"id":5432,"href":"https:\/\/weather-radar-live.com\/da\/wp-json\/wp\/v2\/pages\/5400\/revisions\/5432"}],"up":[{"embeddable":true,"href":"https:\/\/weather-radar-live.com\/da\/wp-json\/wp\/v2\/pages\/4345"}],"wp:featuredmedia":[{"embeddable":true,"href":"https:\/\/weather-radar-live.com\/da\/wp-json\/wp\/v2\/media\/5216"}],"wp:attachment":[{"href":"https:\/\/weather-radar-live.com\/da\/wp-json\/wp\/v2\/media?parent=5400"}],"curies":[{"name":"wp","href":"https:\/\/api.w.org\/{rel}","templated":true}]}}