{"id":5385,"date":"2022-04-20T14:43:08","date_gmt":"2022-04-20T12:43:08","guid":{"rendered":"https:\/\/weather-radar-live.com\/webcam\/frankrig\/webcam-saint-malo\/"},"modified":"2022-07-20T14:17:39","modified_gmt":"2022-07-20T12:17:39","slug":"webcam-saint-malo","status":"publish","type":"page","link":"https:\/\/weather-radar-live.com\/da\/webcam\/frankrig\/webcam-saint-malo\/","title":{"rendered":"Webcam Saint-Malo"},"content":{"rendered":"<div id=\"weath-823938265\" class=\"weath-vor-dem-inhalt weath-entity-placement\" style=\"margin-top: 15px;margin-right: 25px;margin-bottom: 40px;margin-left: 25px;\"><script async src=\"\/\/pagead2.googlesyndication.com\/pagead\/js\/adsbygoogle.js?client=ca-pub-8960936133935804\" crossorigin=\"anonymous\"><\/script><ins class=\"adsbygoogle\" style=\"display:block;\" data-ad-client=\"ca-pub-8960936133935804\" \ndata-ad-slot=\"6172817020\" \ndata-ad-format=\"auto\"><\/ins>\n<script> \n(adsbygoogle = window.adsbygoogle || []).push({}); \n<\/script>\n<\/div>\n<div class=\"wp-block-cover alignfull is-light\"><span aria-hidden=\"true\" class=\"wp-block-cover__gradient-background has-background-dim\"><\/span><img decoding=\"async\" class=\"wp-block-cover__image-background wp-image-342\" alt=\"Webcam Saint-Malo\" src=\"https:\/\/weather-radar-live.com\/wp-content\/uploads\/2021\/06\/sam-schooler-E9aetBe2w40-unsplash-e1622554814366.jpg\" data-object-fit=\"cover\"\/><div class=\"wp-block-cover__inner-container is-layout-flow wp-block-cover-is-layout-flow\">\n<h2 class=\"has-text-align-center heading wp-block-heading\" id=\"webcam-fort-mahon\" style=\"font-size:40px\"><strong><mark style=\"background-color:rgba(0, 0, 0, 0)\" class=\"has-inline-color has-base-3-color\">WEBCAM <\/mark><\/strong><br><strong><mark style=\"background-color:rgba(0, 0, 0, 0)\" class=\"has-inline-color has-base-3-color\"><strong>SAINT-MALO<\/strong><\/mark><\/strong><\/h2>\n<\/div><\/div>\n\n\n<div class=\"yoast-breadcrumbs\"><span><span><a href=\"https:\/\/weather-radar-live.com\/da\/\">Weather Radar Live<\/a><\/span> \u00bb <span><a href=\"https:\/\/weather-radar-live.com\/da\/webcam\/\">Webcam<\/a><\/span> \u00bb <span><a href=\"https:\/\/weather-radar-live.com\/da\/webcam\/frankrig\/\">Frankrig<\/a><\/span> \u00bb <span class=\"breadcrumb_last\" aria-current=\"page\"><strong>Webcam Saint-Malo<\/strong><\/span><\/span><\/div>\n\n\n<h2 class=\"has-text-align-center wp-block-heading\" id=\"webcam-fort-mahon\"><strong>Webcam <strong>Saint-Malo<\/strong><\/strong><\/h2>\n\n\n\n<p>Saint-Malo er en historisk havneby i det nordvestlige Frankrig, i Ille-et-Vilaine departementet i Bretagne. Den ligger p\u00e5 den h\u00f8jre bred af Rance-flodens flodmunding ved den engelske kanal. En gammel d\u00e6mning og en all\u00e9 forbinder den gamle ommurede by med fastlandet, der sp\u00e6nder over den indre havn. Byen har traditionelt v\u00e6ret et centrum for s\u00f8farende eventyrere og har stadig en romantisk atmosf\u00e6re med et v\u00e6ld af sejlb\u00e5de og charmerende arkitektur. Saint-Malo er Bretagnes mest bes\u00f8gte sted med masser af steder, der skal bes\u00f8ges, og fantastiske udsigter. Saint-Malos bedste \u00e5rstid er mellem midten af maj og midten af september, da det er den mildeste og mest solrige tid p\u00e5 \u00e5ret. I disse m\u00e5neder kan det stadig v\u00e6re k\u00f8ligt om natten, s\u00e5 det er en god id\u00e9 at pakke en sweater eller sweatshirt og en let jakke.<\/p>\n\n\n\n<div class=\"wp-block-columns is-layout-flex wp-container-core-columns-is-layout-9d6595d7 wp-block-columns-is-layout-flex\">\n<div class=\"wp-block-column webcam-column is-layout-flow wp-block-column-is-layout-flow\">\n<h3 class=\"has-text-align-center live-emoji wp-block-heading\"> \ud83d\udd34 <strong>Webcam Saint-Malo <\/strong>Port<\/h3>\n\n\n\n<a name=\"windy-webcam-timelapse-player\" data-id=\"1595978700\" data-play=\"day\" href=\"https:\/\/windy.com\/webcams\/1595978700\" target=\"_blank\" rel=\"noopener\">Saint-Malo: Le Port<\/a><script async=\"\" type=\"text\/javascript\" src=\"https:\/\/webcams.windy.com\/webcams\/public\/embed\/script\/player.js\"><\/script>\n\n\n\n<p><\/p>\n\n\n\n<div class=\"wp-block-columns is-layout-flex wp-container-core-columns-is-layout-9d6595d7 wp-block-columns-is-layout-flex\">\n<div class=\"wp-block-column webcam-column is-layout-flow wp-block-column-is-layout-flow\">\n<h3 class=\"has-text-align-center live-emoji wp-block-heading\"><strong> \ud83d\udd34 Webcam Saint-Malo<\/strong> Oversigt<\/h3>\n\n\n\n<figure class=\"wp-block-embed is-type-video is-provider-youtube wp-block-embed-youtube wp-embed-aspect-16-9 wp-has-aspect-ratio\"><div class=\"wp-block-embed__wrapper\">\n<iframe loading=\"lazy\" title=\"Webcam Saint-Malo\" width=\"1200\" height=\"675\" src=\"https:\/\/www.youtube.com\/embed\/J3xg6-S2bFU?feature=oembed\" frameborder=\"0\" allow=\"accelerometer; autoplay; clipboard-write; encrypted-media; gyroscope; picture-in-picture\" allowfullscreen><\/iframe>\n<\/div><\/figure>\n<\/div>\n\n\n\n<div class=\"wp-block-column is-layout-flow wp-block-column-is-layout-flow\">\n<h3 class=\"has-text-align-center wp-block-heading\"><strong> \ud83d\udd34 Webcam Saint Malo<\/strong><\/h3>\n\n\n\n<a name=\"windy-webcam-timelapse-player\" data-id=\"1558958067\" data-play=\"day\" href=\"https:\/\/windy.com\/webcams\/1558958067\" target=\"_blank\" rel=\"noopener\">Saint-Malo: Les _ Forts<\/a><script async=\"\" type=\"text\/javascript\" src=\"https:\/\/webcams.windy.com\/webcams\/public\/embed\/script\/player.js\"><\/script>\n<\/div>\n<\/div>\n\n\n\n<div class=\"wp-block-columns webcam-spalte is-layout-flex wp-container-core-columns-is-layout-9d6595d7 wp-block-columns-is-layout-flex\">\n<div class=\"wp-block-column is-layout-flow wp-block-column-is-layout-flow\">\n<h3 class=\"has-text-align-center wp-block-heading\"><strong> \ud83d\udd34 Webcam Saint-Malo<\/strong> Village<\/h3>\n\n\n\n<figure class=\"wp-block-embed is-type-video is-provider-youtube wp-block-embed-youtube wp-embed-aspect-16-9 wp-has-aspect-ratio\"><div class=\"wp-block-embed__wrapper\">\n<iframe loading=\"lazy\" title=\"Webcam Saint-Malo\" width=\"1200\" height=\"675\" src=\"https:\/\/www.youtube.com\/embed\/J3xg6-S2bFU?feature=oembed\" frameborder=\"0\" allow=\"accelerometer; autoplay; clipboard-write; encrypted-media; gyroscope; picture-in-picture\" allowfullscreen><\/iframe>\n<\/div><\/figure>\n<\/div>\n\n\n\n<div class=\"wp-block-column is-layout-flow wp-block-column-is-layout-flow\">\n<h3 class=\"has-text-align-center wp-block-heading\"><strong> \ud83d\udd34 Webcam Saint-Malo <\/strong>Port <\/h3>\n\n\n\n<figure class=\"wp-block-embed is-type-video is-provider-youtube wp-block-embed-youtube wp-embed-aspect-16-9 wp-has-aspect-ratio\"><div class=\"wp-block-embed__wrapper\">\n<iframe loading=\"lazy\" title=\"Webcam Saint-Malo - Le Port\" width=\"1200\" height=\"675\" src=\"https:\/\/www.youtube.com\/embed\/p6nAlz4_bdI?feature=oembed\" frameborder=\"0\" allow=\"accelerometer; autoplay; clipboard-write; encrypted-media; gyroscope; picture-in-picture\" allowfullscreen><\/iframe>\n<\/div><\/figure>\n<\/div>\n<\/div>\n<\/div>\n<\/div>\n\n\n\n<h2 class=\"wp-block-heading\" id=\"fort-mahon-today\"><strong>Vejrradar Saint-Malo<\/strong> &#8211; <strong>Vejret i Saint-Malo<\/strong><\/h2>\n\n\n\n<p>Ved hj\u00e6lp af <a href=\"https:\/\/weather-radar-live.com\/da\/\">vejrradaren Live<\/a> kan du se <a href=\"https:\/\/weather-radar-live.com\/da\/skyer-radar\/\">skyer<\/a>, <a href=\"https:\/\/weather-radar-live.com\/da\/regnradar\/\">nedb\u00f8r<\/a>, <a href=\"https:\/\/weather-radar-live.com\/da\/tornado-radar\/\">tornadoer<\/a>, <a href=\"https:\/\/weather-radar-live.com\/da\/lyn-radar\/\">tordenvejr<\/a> og meget mere i realtid. At f\u00e5 disse oplysninger hj\u00e6lper dig med at planl\u00e6gge turen p\u00e5 det rigtige tidspunkt og f\u00e5 dig opdateret med det aktuelle vejr og vejrudsigten. Desuden kan du se billeder af de generelle vejrforhold. Og ved hj\u00e6lp af + eller &#8211; \u00f8verst til h\u00f8jre kan du flytte det \u00f8nskede omr\u00e5de.<\/p><div id=\"weath-587193602\" class=\"weath-inhalt_2 weath-entity-placement\" style=\"margin-top: 15px;margin-right: 25px;margin-bottom: 35px;margin-left: 25px;\"><script async src=\"\/\/pagead2.googlesyndication.com\/pagead\/js\/adsbygoogle.js?client=ca-pub-8960936133935804\" crossorigin=\"anonymous\"><\/script><ins class=\"adsbygoogle\" style=\"display:block;\" data-ad-client=\"ca-pub-8960936133935804\" \ndata-ad-slot=\"1963584050\" \ndata-ad-format=\"auto\"><\/ins>\n<script> \n(adsbygoogle = window.adsbygoogle || []).push({}); \n<\/script>\n<\/div>\n\n\n\n<div class=\"wp-block-columns is-layout-flex wp-container-core-columns-is-layout-9d6595d7 wp-block-columns-is-layout-flex\">\n<div class=\"wp-block-column is-layout-flow wp-block-column-is-layout-flow\" style=\"flex-basis:75%\">\n<iframe loading=\"lazy\" width=\"1300\" height=\"502\" src=\"https:\/\/embed.windy.com\/embed2.html?lat=48.651&amp;lon=-3.671&amp;detailLat=48.651&amp;detailLon=-3.671&amp;width=1300&amp;height=502&amp;zoom=8&amp;level=surface&amp;overlay=wind&amp;product=ecmwf&amp;menu=&amp;message=&amp;marker=&amp;calendar=now&amp;pressure=&amp;type=map&amp;location=coordinates&amp;detail=&amp;metricWind=default&amp;metricTemp=default&amp;radarRange=-1\" frameborder=\"0\"><\/iframe>\n<\/div>\n\n\n\n<div class=\"wp-block-column is-layout-flow wp-block-column-is-layout-flow\" style=\"flex-basis:25%\">\n<a class=\"weatherwidget-io\" href=\"https:\/\/forecast7.com\/da\/48d65n2d03\/st-malo\/\" data-label_1=\"SAINT-MALO\" data-font=\"Roboto\" data-theme=\"original\">SAINT-MALO<\/a>\n<script>\n!function(d,s,id){var js,fjs=d.getElementsByTagName(s)[0];if(!d.getElementById(id)){js=d.createElement(s);js.id=id;js.src='https:\/\/weatherwidget.io\/js\/widget.min.js';fjs.parentNode.insertBefore(js,fjs);}}(document,'script','weatherwidget-io-js');\n<\/script>\n<\/div>\n<\/div>\n\n\n\n<h2 class=\"wp-block-heading\" id=\"fort-mahon-weather\"><strong><strong>Klimaet i Saint-Malo<\/strong><\/strong><\/h2>\n\n\n\n<p>Saint-Malo har et oceanisk klima hele \u00e5ret rundt &#8211; k\u00f8ligt og v\u00e5dt, men is\u00e6r bl\u00e6sende og regnfuldt om efter\u00e5ret og vinteren. Om sommeren er der masser af solskin.<\/p>\n\n\n\n<p>Byen ligger langs den nordlige kyst af Bretagne, i det nordvestlige Frankrig. Beliggende i Saint-Malo-bugten ligger Storbritanniens Kanal\u00f8er.<\/p>\n\n\n\n<p>Her er vintervejret mildere end i resten af Nordfrankrig p\u00e5 grund af havstr\u00f8mme og de fremherskende vinde fra syd. Tv\u00e6rtimod er himlen ofte overskyet, luftfugtigheden er h\u00f8j, og vinden er moderat til kraftig til tider, ligesom der er kraftig nedb\u00f8r.<\/p>\n\n\n\n<p><strong>Temperatur <\/strong><\/p>\n\n\n\n<p>I januar er den gennemsnitlige temperatur 6,5 \u00b0C eller 43,7 \u00b0F, og i juli og august er den 18 \u00b0C eller 64,5 \u00b0F.<\/p>\n\n\n\n<p><strong>Nedb\u00f8r <\/strong><\/p>\n\n\n\n<p>der falder 780 millimeter nedb\u00f8r om \u00e5ret. I den t\u00f8rreste m\u00e5ned, dvs. i juli, er det 40 mm eller 1,6 tommer, og i den v\u00e5deste m\u00e5ned, november, er det 95 mm eller 3,7 tommer. Regns\u00e6sonen varer fra oktober til marts.<\/p>\n\n\n\n<p><strong>Luftfugtighed <\/strong><\/p>\n\n\n\n<p>Januar registrerer den h\u00f8jeste relative luftfugtighed (82,13 %). I september er den relative luftfugtighed den laveste (75,53 %).<\/p>\n\n\n\n<h2 class=\"wp-block-heading\"><strong><strong>La Cour La Hussaye<\/strong> <\/strong><\/h2>\n\n\n\n<p>I hjertet af Saint-Malo ligger et eventyrligt t\u00e5rn ved navn La Cour La Hussaye. Mange gamle postkort fra byen omtaler det som &#8220;hertuginde Annes hus&#8221; Det er angiveligt den \u00e6ldste bygning i byen, Maison Hussaye. P\u00e5 trods af at t\u00e5rnet blev bygget i det 15. \u00e5rhundrede, blev det revet ned og genopbygget \u00e5rhundreder senere. Huset og t\u00e5rnet undgik p\u00e5 en eller anden m\u00e5de at blive \u00f8delagt under slaget om byen i 1944, selv om meget af byen blev \u00f8delagt. Den har en unik silhuet takket v\u00e6re facaderne og t\u00e5rnene, der rejser sig op fra dens bef\u00e6stning. Du kan nyde en vidunderlig udsigt fra dens brystv\u00e6rnsgang!<\/p>\n","protected":false},"excerpt":{"rendered":"<p>Webcam Saint-Malo Saint-Malo er en historisk havneby i det nordvestlige Frankrig, i Ille-et-Vilaine departementet i Bretagne. Den ligger p\u00e5 den h\u00f8jre bred af Rance-flodens flodmunding ved den engelske kanal. En gammel d\u00e6mning og en all\u00e9 forbinder den gamle ommurede by med fastlandet, der sp\u00e6nder over den indre havn. Byen har traditionelt v\u00e6ret et centrum for &#8230; <a title=\"Webcam Saint-Malo\" class=\"read-more\" href=\"https:\/\/weather-radar-live.com\/da\/webcam\/frankrig\/webcam-saint-malo\/\" aria-label=\"Read more about Webcam Saint-Malo\">L\u00e6s mere <\/a><\/p>\n","protected":false},"author":1,"featured_media":3784,"parent":4175,"menu_order":0,"comment_status":"closed","ping_status":"closed","template":"","meta":{"footnotes":""},"class_list":["post-5385","page","type-page","status-publish","has-post-thumbnail"],"yoast_head":"<!-- This site is optimized with the Yoast SEO plugin v27.5 - https:\/\/yoast.com\/product\/yoast-seo-wordpress\/ -->\n<title>Webcam Saint-Malo \u2192 Se det live!<\/title>\n<meta name=\"description\" content=\"Webcam Saint-Malo | Webcam i Saint-Malo! \u2705 Opdateret for dig i realtid! \u2705 Aktuel vejrudsigt!\" \/>\n<meta name=\"robots\" content=\"index, follow, max-snippet:-1, max-image-preview:large, max-video-preview:-1\" \/>\n<link rel=\"canonical\" href=\"https:\/\/weather-radar-live.com\/da\/webcam\/frankrig\/webcam-saint-malo\/\" \/>\n<meta property=\"og:locale\" content=\"da_DK\" \/>\n<meta property=\"og:type\" content=\"article\" \/>\n<meta property=\"og:title\" content=\"Webcam Saint-Malo \u2192 Se det live!\" \/>\n<meta property=\"og:description\" content=\"Webcam Saint-Malo | Webcam i Saint-Malo! \u2705 Opdateret for dig i realtid! \u2705 Aktuel vejrudsigt!\" \/>\n<meta property=\"og:url\" content=\"https:\/\/weather-radar-live.com\/da\/webcam\/frankrig\/webcam-saint-malo\/\" \/>\n<meta property=\"og:site_name\" content=\"weather-radar-live.com\" \/>\n<meta property=\"article:modified_time\" content=\"2022-07-20T12:17:39+00:00\" \/>\n<meta property=\"og:image\" content=\"https:\/\/weather-radar-live.com\/wp-content\/uploads\/2022\/04\/Webcams-Saint-Malo.jpg\" \/>\n\t<meta property=\"og:image:width\" content=\"1762\" \/>\n\t<meta property=\"og:image:height\" content=\"953\" \/>\n\t<meta property=\"og:image:type\" content=\"image\/jpeg\" \/>\n<meta name=\"twitter:card\" content=\"summary_large_image\" \/>\n<meta name=\"twitter:label1\" content=\"Estimeret l\u00e6setid\" \/>\n\t<meta name=\"twitter:data1\" content=\"3 minutter\" \/>\n<script type=\"application\/ld+json\" class=\"yoast-schema-graph\">{\"@context\":\"https:\\\/\\\/schema.org\",\"@graph\":[{\"@type\":\"WebPage\",\"@id\":\"https:\\\/\\\/weather-radar-live.com\\\/da\\\/webcam\\\/frankrig\\\/webcam-saint-malo\\\/\",\"url\":\"https:\\\/\\\/weather-radar-live.com\\\/da\\\/webcam\\\/frankrig\\\/webcam-saint-malo\\\/\",\"name\":\"Webcam Saint-Malo \u2192 Se det live!\",\"isPartOf\":{\"@id\":\"https:\\\/\\\/weather-radar-live.com\\\/#website\"},\"primaryImageOfPage\":{\"@id\":\"https:\\\/\\\/weather-radar-live.com\\\/da\\\/webcam\\\/frankrig\\\/webcam-saint-malo\\\/#primaryimage\"},\"image\":{\"@id\":\"https:\\\/\\\/weather-radar-live.com\\\/da\\\/webcam\\\/frankrig\\\/webcam-saint-malo\\\/#primaryimage\"},\"thumbnailUrl\":\"https:\\\/\\\/weather-radar-live.com\\\/wp-content\\\/uploads\\\/2022\\\/04\\\/Webcams-Saint-Malo.jpg\",\"datePublished\":\"2022-04-20T12:43:08+00:00\",\"dateModified\":\"2022-07-20T12:17:39+00:00\",\"description\":\"Webcam Saint-Malo | Webcam i Saint-Malo! \u2705 Opdateret for dig i realtid! \u2705 Aktuel vejrudsigt!\",\"breadcrumb\":{\"@id\":\"https:\\\/\\\/weather-radar-live.com\\\/da\\\/webcam\\\/frankrig\\\/webcam-saint-malo\\\/#breadcrumb\"},\"inLanguage\":\"da-DK\",\"potentialAction\":[{\"@type\":\"ReadAction\",\"target\":[\"https:\\\/\\\/weather-radar-live.com\\\/da\\\/webcam\\\/frankrig\\\/webcam-saint-malo\\\/\"]}]},{\"@type\":\"ImageObject\",\"inLanguage\":\"da-DK\",\"@id\":\"https:\\\/\\\/weather-radar-live.com\\\/da\\\/webcam\\\/frankrig\\\/webcam-saint-malo\\\/#primaryimage\",\"url\":\"https:\\\/\\\/weather-radar-live.com\\\/wp-content\\\/uploads\\\/2022\\\/04\\\/Webcams-Saint-Malo.jpg\",\"contentUrl\":\"https:\\\/\\\/weather-radar-live.com\\\/wp-content\\\/uploads\\\/2022\\\/04\\\/Webcams-Saint-Malo.jpg\",\"width\":1762,\"height\":953,\"caption\":\"Webcams-Saint-Malo\"},{\"@type\":\"BreadcrumbList\",\"@id\":\"https:\\\/\\\/weather-radar-live.com\\\/da\\\/webcam\\\/frankrig\\\/webcam-saint-malo\\\/#breadcrumb\",\"itemListElement\":[{\"@type\":\"ListItem\",\"position\":1,\"name\":\"Weather Radar Live\",\"item\":\"https:\\\/\\\/weather-radar-live.com\\\/da\\\/\"},{\"@type\":\"ListItem\",\"position\":2,\"name\":\"Webcam\",\"item\":\"https:\\\/\\\/weather-radar-live.com\\\/da\\\/webcam\\\/\"},{\"@type\":\"ListItem\",\"position\":3,\"name\":\"Frankrig\",\"item\":\"https:\\\/\\\/weather-radar-live.com\\\/da\\\/webcam\\\/frankrig\\\/\"},{\"@type\":\"ListItem\",\"position\":4,\"name\":\"Webcam Saint-Malo\"}]},{\"@type\":\"WebSite\",\"@id\":\"https:\\\/\\\/weather-radar-live.com\\\/#website\",\"url\":\"https:\\\/\\\/weather-radar-live.com\\\/\",\"name\":\"weather-radar-live.com\",\"description\":\"Your weather and sky radar.\",\"publisher\":{\"@id\":\"https:\\\/\\\/weather-radar-live.com\\\/#organization\"},\"potentialAction\":[{\"@type\":\"SearchAction\",\"target\":{\"@type\":\"EntryPoint\",\"urlTemplate\":\"https:\\\/\\\/weather-radar-live.com\\\/?s={search_term_string}\"},\"query-input\":{\"@type\":\"PropertyValueSpecification\",\"valueRequired\":true,\"valueName\":\"search_term_string\"}}],\"inLanguage\":\"da-DK\"},{\"@type\":\"Organization\",\"@id\":\"https:\\\/\\\/weather-radar-live.com\\\/#organization\",\"name\":\"weather-radar-live.com\",\"url\":\"https:\\\/\\\/weather-radar-live.com\\\/\",\"logo\":{\"@type\":\"ImageObject\",\"inLanguage\":\"da-DK\",\"@id\":\"https:\\\/\\\/weather-radar-live.com\\\/#\\\/schema\\\/logo\\\/image\\\/\",\"url\":\"https:\\\/\\\/weather-radar-live.com\\\/wp-content\\\/uploads\\\/2022\\\/03\\\/cropped-WRL2503.png\",\"contentUrl\":\"https:\\\/\\\/weather-radar-live.com\\\/wp-content\\\/uploads\\\/2022\\\/03\\\/cropped-WRL2503.png\",\"width\":1920,\"height\":555,\"caption\":\"weather-radar-live.com\"},\"image\":{\"@id\":\"https:\\\/\\\/weather-radar-live.com\\\/#\\\/schema\\\/logo\\\/image\\\/\"}}]}<\/script>\n<!-- \/ Yoast SEO plugin. -->","yoast_head_json":{"title":"Webcam Saint-Malo \u2192 Se det live!","description":"Webcam Saint-Malo | Webcam i Saint-Malo! \u2705 Opdateret for dig i realtid! \u2705 Aktuel vejrudsigt!","robots":{"index":"index","follow":"follow","max-snippet":"max-snippet:-1","max-image-preview":"max-image-preview:large","max-video-preview":"max-video-preview:-1"},"canonical":"https:\/\/weather-radar-live.com\/da\/webcam\/frankrig\/webcam-saint-malo\/","og_locale":"da_DK","og_type":"article","og_title":"Webcam Saint-Malo \u2192 Se det live!","og_description":"Webcam Saint-Malo | Webcam i Saint-Malo! \u2705 Opdateret for dig i realtid! \u2705 Aktuel vejrudsigt!","og_url":"https:\/\/weather-radar-live.com\/da\/webcam\/frankrig\/webcam-saint-malo\/","og_site_name":"weather-radar-live.com","article_modified_time":"2022-07-20T12:17:39+00:00","og_image":[{"width":1762,"height":953,"url":"https:\/\/weather-radar-live.com\/wp-content\/uploads\/2022\/04\/Webcams-Saint-Malo.jpg","type":"image\/jpeg"}],"twitter_card":"summary_large_image","twitter_misc":{"Estimeret l\u00e6setid":"3 minutter"},"schema":{"@context":"https:\/\/schema.org","@graph":[{"@type":"WebPage","@id":"https:\/\/weather-radar-live.com\/da\/webcam\/frankrig\/webcam-saint-malo\/","url":"https:\/\/weather-radar-live.com\/da\/webcam\/frankrig\/webcam-saint-malo\/","name":"Webcam Saint-Malo \u2192 Se det live!","isPartOf":{"@id":"https:\/\/weather-radar-live.com\/#website"},"primaryImageOfPage":{"@id":"https:\/\/weather-radar-live.com\/da\/webcam\/frankrig\/webcam-saint-malo\/#primaryimage"},"image":{"@id":"https:\/\/weather-radar-live.com\/da\/webcam\/frankrig\/webcam-saint-malo\/#primaryimage"},"thumbnailUrl":"https:\/\/weather-radar-live.com\/wp-content\/uploads\/2022\/04\/Webcams-Saint-Malo.jpg","datePublished":"2022-04-20T12:43:08+00:00","dateModified":"2022-07-20T12:17:39+00:00","description":"Webcam Saint-Malo | Webcam i Saint-Malo! \u2705 Opdateret for dig i realtid! \u2705 Aktuel vejrudsigt!","breadcrumb":{"@id":"https:\/\/weather-radar-live.com\/da\/webcam\/frankrig\/webcam-saint-malo\/#breadcrumb"},"inLanguage":"da-DK","potentialAction":[{"@type":"ReadAction","target":["https:\/\/weather-radar-live.com\/da\/webcam\/frankrig\/webcam-saint-malo\/"]}]},{"@type":"ImageObject","inLanguage":"da-DK","@id":"https:\/\/weather-radar-live.com\/da\/webcam\/frankrig\/webcam-saint-malo\/#primaryimage","url":"https:\/\/weather-radar-live.com\/wp-content\/uploads\/2022\/04\/Webcams-Saint-Malo.jpg","contentUrl":"https:\/\/weather-radar-live.com\/wp-content\/uploads\/2022\/04\/Webcams-Saint-Malo.jpg","width":1762,"height":953,"caption":"Webcams-Saint-Malo"},{"@type":"BreadcrumbList","@id":"https:\/\/weather-radar-live.com\/da\/webcam\/frankrig\/webcam-saint-malo\/#breadcrumb","itemListElement":[{"@type":"ListItem","position":1,"name":"Weather Radar Live","item":"https:\/\/weather-radar-live.com\/da\/"},{"@type":"ListItem","position":2,"name":"Webcam","item":"https:\/\/weather-radar-live.com\/da\/webcam\/"},{"@type":"ListItem","position":3,"name":"Frankrig","item":"https:\/\/weather-radar-live.com\/da\/webcam\/frankrig\/"},{"@type":"ListItem","position":4,"name":"Webcam Saint-Malo"}]},{"@type":"WebSite","@id":"https:\/\/weather-radar-live.com\/#website","url":"https:\/\/weather-radar-live.com\/","name":"weather-radar-live.com","description":"Your weather and sky radar.","publisher":{"@id":"https:\/\/weather-radar-live.com\/#organization"},"potentialAction":[{"@type":"SearchAction","target":{"@type":"EntryPoint","urlTemplate":"https:\/\/weather-radar-live.com\/?s={search_term_string}"},"query-input":{"@type":"PropertyValueSpecification","valueRequired":true,"valueName":"search_term_string"}}],"inLanguage":"da-DK"},{"@type":"Organization","@id":"https:\/\/weather-radar-live.com\/#organization","name":"weather-radar-live.com","url":"https:\/\/weather-radar-live.com\/","logo":{"@type":"ImageObject","inLanguage":"da-DK","@id":"https:\/\/weather-radar-live.com\/#\/schema\/logo\/image\/","url":"https:\/\/weather-radar-live.com\/wp-content\/uploads\/2022\/03\/cropped-WRL2503.png","contentUrl":"https:\/\/weather-radar-live.com\/wp-content\/uploads\/2022\/03\/cropped-WRL2503.png","width":1920,"height":555,"caption":"weather-radar-live.com"},"image":{"@id":"https:\/\/weather-radar-live.com\/#\/schema\/logo\/image\/"}}]}},"_links":{"self":[{"href":"https:\/\/weather-radar-live.com\/da\/wp-json\/wp\/v2\/pages\/5385","targetHints":{"allow":["GET"]}}],"collection":[{"href":"https:\/\/weather-radar-live.com\/da\/wp-json\/wp\/v2\/pages"}],"about":[{"href":"https:\/\/weather-radar-live.com\/da\/wp-json\/wp\/v2\/types\/page"}],"author":[{"embeddable":true,"href":"https:\/\/weather-radar-live.com\/da\/wp-json\/wp\/v2\/users\/1"}],"replies":[{"embeddable":true,"href":"https:\/\/weather-radar-live.com\/da\/wp-json\/wp\/v2\/comments?post=5385"}],"version-history":[{"count":1,"href":"https:\/\/weather-radar-live.com\/da\/wp-json\/wp\/v2\/pages\/5385\/revisions"}],"predecessor-version":[{"id":5395,"href":"https:\/\/weather-radar-live.com\/da\/wp-json\/wp\/v2\/pages\/5385\/revisions\/5395"}],"up":[{"embeddable":true,"href":"https:\/\/weather-radar-live.com\/da\/wp-json\/wp\/v2\/pages\/4175"}],"wp:featuredmedia":[{"embeddable":true,"href":"https:\/\/weather-radar-live.com\/da\/wp-json\/wp\/v2\/media\/3784"}],"wp:attachment":[{"href":"https:\/\/weather-radar-live.com\/da\/wp-json\/wp\/v2\/media?parent=5385"}],"curies":[{"name":"wp","href":"https:\/\/api.w.org\/{rel}","templated":true}]}}