{"id":5267,"date":"2022-04-21T13:15:24","date_gmt":"2022-04-21T11:15:24","guid":{"rendered":"https:\/\/weather-radar-live.com\/webcam\/frankrig\/webcam-le-touquet\/"},"modified":"2022-07-20T11:44:28","modified_gmt":"2022-07-20T09:44:28","slug":"webcam-le-touquet","status":"publish","type":"page","link":"https:\/\/weather-radar-live.com\/da\/webcam\/frankrig\/webcam-le-touquet\/","title":{"rendered":"Webcam Le Touquet"},"content":{"rendered":"<div id=\"weath-2070733245\" class=\"weath-vor-dem-inhalt weath-entity-placement\" style=\"margin-top: 15px;margin-right: 25px;margin-bottom: 40px;margin-left: 25px;\"><script async src=\"\/\/pagead2.googlesyndication.com\/pagead\/js\/adsbygoogle.js?client=ca-pub-8960936133935804\" crossorigin=\"anonymous\"><\/script><ins class=\"adsbygoogle\" style=\"display:block;\" data-ad-client=\"ca-pub-8960936133935804\" \ndata-ad-slot=\"6172817020\" \ndata-ad-format=\"auto\"><\/ins>\n<script> \n(adsbygoogle = window.adsbygoogle || []).push({}); \n<\/script>\n<\/div>\n<div class=\"wp-block-cover alignfull is-light\"><span aria-hidden=\"true\" class=\"wp-block-cover__gradient-background has-background-dim\"><\/span><img decoding=\"async\" class=\"wp-block-cover__image-background wp-image-342\" alt=\"Webcam Le Touquet \" src=\"https:\/\/weather-radar-live.com\/wp-content\/uploads\/2021\/06\/sam-schooler-E9aetBe2w40-unsplash-e1622554814366.jpg\" data-object-fit=\"cover\"\/><div class=\"wp-block-cover__inner-container is-layout-flow wp-block-cover-is-layout-flow\">\n<h2 class=\"has-text-align-center heading wp-block-heading\" id=\"webcam-fort-mahon\" style=\"font-size:40px\"><strong><mark style=\"background-color:rgba(0, 0, 0, 0)\" class=\"has-inline-color has-base-3-color\">WEBCAM <\/mark><\/strong><br><strong><mark style=\"background-color:rgba(0, 0, 0, 0)\" class=\"has-inline-color has-base-3-color\"><strong>LE TOUQUET<\/strong><\/mark><\/strong><\/h2>\n<\/div><\/div>\n\n\n<div class=\"yoast-breadcrumbs\"><span><span><a href=\"https:\/\/weather-radar-live.com\/da\/\">Weather Radar Live<\/a><\/span> \u00bb <span><a href=\"https:\/\/weather-radar-live.com\/da\/webcam\/\">Webcam<\/a><\/span> \u00bb <span><a href=\"https:\/\/weather-radar-live.com\/da\/webcam\/frankrig\/\">Frankrig<\/a><\/span> \u00bb <span class=\"breadcrumb_last\" aria-current=\"page\"><strong>Webcam Le Touquet<\/strong><\/span><\/span><\/div>\n\n\n<h2 class=\"has-text-align-center wp-block-heading\" id=\"webcam-fort-mahon\"><strong>Webcam <strong><strong>Le Touquet <\/strong><\/strong><\/strong><\/h2>\n\n\n\n<p>I det nordlige Frankrig, p\u00e5 Opalkysten, ligger badebyen Le Touquet Paris-Plage. Dette majest\u00e6tiske sted blev bygget med en blanding af fransk Belle Epoque og britisk edwardiansk stil. Stedet er hjemsted for smarte butikker, f\u00f8rsteklasses barer og restauranter samt udend\u00f8rsliv. Der er masser af aktiviteter, der kan holde dig besk\u00e6ftiget, lige fra vandsport til historiske golfbaner, ridning i sandklitterne og tennis. Touquet-Paris-Plage er et paradis for shoppere, der giver den fantastiske oplevelse af shopping med utrolige rabatter. Nyd at tage en togtur for at se de smukke t\u00e5rnhuse og skoven. Vil du kende dens vejr, klima og ber\u00f8mte sted, s\u00e5 tag et kig nedenfor.<\/p>\n\n\n\n<div class=\"wp-block-columns is-layout-flex wp-container-core-columns-is-layout-9d6595d7 wp-block-columns-is-layout-flex\">\n<div class=\"wp-block-column webcam-column is-layout-flow wp-block-column-is-layout-flow\">\n<div class=\"wp-block-columns is-layout-flex wp-container-core-columns-is-layout-9d6595d7 wp-block-columns-is-layout-flex\">\n<div class=\"wp-block-column is-layout-flow wp-block-column-is-layout-flow\">\n<h3 class=\"has-text-align-center wp-block-heading\">\ud83d\udd34 <strong>Webcam <strong><strong><strong><strong><strong>Le Touquet<\/strong><\/strong><\/strong><\/strong><\/strong><\/strong> Havudsigt<\/h3>\n\n\n\n<iframe src=\"https:\/\/www.skaping.com\/le-touquet\/poste-central\/vue-mer\" style=\"width: 100%; height: 400px; border: none;\" allowfullscreen=\"\"><\/iframe>\n<\/div>\n\n\n\n<div class=\"wp-block-column is-layout-flow wp-block-column-is-layout-flow\">\n<h3 class=\"has-text-align-center wp-block-heading\"><strong>\ud83d\udd34 <strong>Webcam <strong><strong><strong><strong><strong>Le Touquet<\/strong><\/strong><\/strong><\/strong><\/strong><\/strong> <\/strong>Nordudsigt<\/h3>\n\n\n\n<iframe src=\"https:\/\/www.skaping.com\/le-touquet\/poste-central\/vue-nord\" style=\"width: 100%; height: 400px; border: none;\" allowfullscreen=\"\"><\/iframe>\n<\/div>\n<\/div>\n\n\n\n<div class=\"wp-block-columns is-layout-flex wp-container-core-columns-is-layout-9d6595d7 wp-block-columns-is-layout-flex\">\n<div class=\"wp-block-column is-layout-flow wp-block-column-is-layout-flow\">\n<h3 class=\"has-text-align-center wp-block-heading\"><strong>\ud83d\udd34 <strong>Webcam <strong><strong><strong><strong><strong>Le Touquet<\/strong><\/strong><\/strong><\/strong><\/strong><\/strong> <\/strong>Riding Park <\/h3>\n\n\n\n<iframe src=\"https:\/\/www.skaping.com\/le-touquet\/centre-equestre\" style=\"width: 100%; height: 400px; border: none;\" allowfullscreen=\"\"><\/iframe>\n<\/div>\n\n\n\n<div class=\"wp-block-column is-layout-flow wp-block-column-is-layout-flow\">\n<h3 class=\"has-text-align-center wp-block-heading\"><strong><strong>\ud83d\udd34 <strong>Webcam <strong><strong><strong><strong><strong>Le Touquet<\/strong><\/strong><\/strong><\/strong><\/strong><\/strong> <\/strong><\/strong>Sydlig udsigt<\/h3>\n\n\n\n<iframe src=\"https:\/\/www.skaping.com\/le-touquet\/poste-central\/vue-sud\" style=\"width: 100%; height: 400px; border: none;\" allowfullscreen=\"\"><\/iframe>\n<\/div>\n<\/div>\n\n\n\n<div class=\"wp-block-columns is-layout-flex wp-container-core-columns-is-layout-9d6595d7 wp-block-columns-is-layout-flex\">\n<div class=\"wp-block-column is-layout-flow wp-block-column-is-layout-flow\">\n<h3 class=\"has-text-align-center wp-block-heading\"><strong><strong>\ud83d\udd34 <strong>Webcam <strong><strong><strong><strong><strong>Le Touquet<\/strong><\/strong><\/strong><\/strong><\/strong><\/strong> <\/strong><\/strong>Haverne ved Palais des Congr\u00e8s<\/h3>\n\n\n\n<iframe src=\"https:\/\/www.skaping.com\/le-touquet\/lycee-hotelier\" style=\"width: 100%; height: 400px; border: none;\" allowfullscreen=\"\"><\/iframe>\n<\/div>\n\n\n\n<div class=\"wp-block-column is-layout-flow wp-block-column-is-layout-flow\">\n<h3 class=\"has-text-align-center wp-block-heading\"><strong><strong><strong>\ud83d\udd34 <strong>Webcam <strong><strong><strong><strong><strong>Le Touquet<\/strong><\/strong><\/strong><\/strong><\/strong><\/strong> <\/strong><\/strong><\/strong>Paris-Plage<\/h3>\n\n\n\n<a name=\"windy-webcam-timelapse-player\" data-id=\"1340349687\" data-play=\"day\" href=\"https:\/\/windy.com\/webcams\/1340349687\" target=\"_blank\" rel=\"noopener\">Le Touquet-Paris-Plage: Le Touquet Paris-Plage<\/a><script async=\"\" type=\"text\/javascript\" src=\"https:\/\/webcams.windy.com\/webcams\/public\/embed\/script\/player.js\"><\/script>\n<\/div>\n<\/div>\n<\/div>\n<\/div>\n\n\n\n<h2 class=\"wp-block-heading\" id=\"fort-mahon-today\"><strong>Vejrradar <strong><strong><strong>Le Touquet &#8211; <\/strong><\/strong><\/strong><\/strong> <strong>Vejret i <strong><strong><strong>Le Touquet <\/strong><\/strong><\/strong><\/strong><\/h2>\n\n\n\n<p>Heldigvis er det nemt at f\u00e5 opdateringer om vejret i realtid med vejrradar Le Touquet. Den indsamler signaler og pr\u00e6senterer dem i form af data, der er lette at forst\u00e5. Webkameraet Le Touquet d\u00e6kker vejrforholdene og giver oplysninger relateret til <a href=\"https:\/\/weather-radar-live.com\/da\/skyer-radar\/\">skyd\u00e6kke<\/a>, <a href=\"https:\/\/weather-radar-live.com\/da\/lyn-radar\/\">tordenvejr<\/a>, <a href=\"https:\/\/weather-radar-live.com\/da\/storm-radar\/\">storme<\/a>, <a href=\"https:\/\/weather-radar-live.com\/da\/regnradar\/\">nedb\u00f8r<\/a>, nedb\u00f8r og <a href=\"https:\/\/weather-radar-live.com\/da\/tornado-radar\/\">tornadoer<\/a>. Endvidere viser det dataene i kort og billeder. Du kan nemt scrolle for at se vejret p\u00e5 et bestemt tidspunkt. Hvis du vil have mere detaljerede oplysninger, kan du bruge + eller &#8211; symbolerne \u00f8verst til h\u00f8jre p\u00e5 sk\u00e6rmen.<\/p><div id=\"weath-1526035503\" class=\"weath-inhalt_2 weath-entity-placement\" style=\"margin-top: 15px;margin-right: 25px;margin-bottom: 35px;margin-left: 25px;\"><script async src=\"\/\/pagead2.googlesyndication.com\/pagead\/js\/adsbygoogle.js?client=ca-pub-8960936133935804\" crossorigin=\"anonymous\"><\/script><ins class=\"adsbygoogle\" style=\"display:block;\" data-ad-client=\"ca-pub-8960936133935804\" \ndata-ad-slot=\"1963584050\" \ndata-ad-format=\"auto\"><\/ins>\n<script> \n(adsbygoogle = window.adsbygoogle || []).push({}); \n<\/script>\n<\/div>\n\n\n\n<div class=\"wp-block-columns is-layout-flex wp-container-core-columns-is-layout-9d6595d7 wp-block-columns-is-layout-flex\">\n<div class=\"wp-block-column is-layout-flow wp-block-column-is-layout-flow\" style=\"flex-basis:75%\">\n<iframe loading=\"lazy\" width=\"1300\" height=\"502\" src=\"https:\/\/embed.windy.com\/embed2.html?lat=50.519&amp;lon=1.709&amp;detailLat=50.515&amp;detailLon=1.516&amp;width=1300&amp;height=502&amp;zoom=11&amp;level=surface&amp;overlay=wind&amp;product=ecmwf&amp;menu=&amp;message=&amp;marker=&amp;calendar=now&amp;pressure=&amp;type=map&amp;location=coordinates&amp;detail=&amp;metricWind=default&amp;metricTemp=default&amp;radarRange=-1\" frameborder=\"0\"><\/iframe>\n<\/div>\n\n\n\n<div class=\"wp-block-column is-layout-flow wp-block-column-is-layout-flow\" style=\"flex-basis:25%\">\n<a class=\"weatherwidget-io\" href=\"https:\/\/forecast7.com\/da\/50d521d59\/le-touquet\/\" data-label_1=\"LE TOUQUET-PARIS-PLAGE\" data-font=\"Roboto\" data-theme=\"original\">LE TOUQUET-PARIS-PLAGE<\/a>\n<script>\n!function(d,s,id){var js,fjs=d.getElementsByTagName(s)[0];if(!d.getElementById(id)){js=d.createElement(s);js.id=id;js.src='https:\/\/weatherwidget.io\/js\/widget.min.js';fjs.parentNode.insertBefore(js,fjs);}}(document,'script','weatherwidget-io-js');\n<\/script>\n<\/div>\n<\/div>\n\n\n\n<h2 class=\"wp-block-heading\" id=\"fort-mahon-weather\"><strong>Klimaet i <strong><strong><strong>Le Touquet <\/strong><\/strong><\/strong><\/strong><\/h2>\n\n\n\n<p>K\u00f6ppen og Geiger klassificerer klimaet i denne region som Cfb. Generelt er klimaet i Le Touquet mildt og tempereret. Det regner betydeligt hele \u00e5ret, selv i den t\u00f8rreste m\u00e5ned.<\/p>\n\n\n\n<p><strong>Temperatur <\/strong><\/p>\n\n\n\n<p>I Le Touquet-Paris-Plage er den gennemsnitlige \u00e5rlige temperatur 11.3 \u00b0C eller 52.3 \u00b0F.<\/p>\n\n\n\n<p>Den h\u00f8jeste temperatur i den varmeste m\u00e5ned (august) er 17,9 \u00b0C eller 64,2 \u00b0F.<\/p>\n\n\n\n<p>Den laveste temperatur i januar er 5,2 \u00b0C eller 41,4 \u00b0F.<\/p>\n\n\n\n<p><strong>Nedb\u00f8r <\/strong><\/p>\n\n\n\n<p>Den gennemsnitlige nedb\u00f8r pr. \u00e5r er ca. 38,8 tommer eller 974 mm.<\/p>\n\n\n\n<p><strong>Luftfugtighed <\/strong><\/p>\n\n\n\n<p>Den maksimale relative luftfugtighed er 84,19 % i november. I juli har den laveste relative luftfugtighed, nemlig 74,68 %.<\/p>\n\n\n\n<p><strong>Skyer <\/strong><\/p>\n\n\n\n<p>I juli er skyd\u00e6kket 59 %, og det er fortsat den mest klare m\u00e5ned i \u00e5ret. Det h\u00f8jeste skyd\u00e6kke er i december, hvor himlen er mest overskyet 65 % af tiden.<\/p>\n\n\n\n<p><strong>Nedb\u00f8r <\/strong><\/p>\n\n\n\n<p>Den mest regnfulde m\u00e5ned er november med en gennemsnitlig nedb\u00f8rsm\u00e6ngde p\u00e5 2,6 tommer, mens den er p\u00e5 1,4 tommer i den mindst regnfulde m\u00e5ned, april.<\/p>\n\n\n\n<h2 class=\"wp-block-heading\"><strong>Le Touquet Strand<\/strong><\/h2>\n\n\n\n<p>Stranden er en af Le Touquets mest popul\u00e6re attraktioner. Stranden er bred og har det reneste og bl\u00f8deste sand. Den ligger kun 30 km fra Boulogne ved Den Engelske Kanal, med en hestev\u00e6ddel\u00f8bsbane, fint sand og en skovkl\u00e6dt baggrund. Pr\u00f8v at g\u00e5 en tur rundt i omr\u00e5det, stop ind p\u00e5 en af caf\u00e9erne eller f\u00e5 en is, mens du er der. Der er ideelle steder at slappe af i solen med s\u00e5 meget plads til at strejfe rundt. Hvis du vil have en betagende udsigt over landskabet og kysten, kan du bestige fyrt\u00e5rnets 274 trin. Du kan g\u00e5 langs kysten og de sandede stier omgivet af frodig vegetation.<\/p>\n","protected":false},"excerpt":{"rendered":"<p>Webcam Le Touquet I det nordlige Frankrig, p\u00e5 Opalkysten, ligger badebyen Le Touquet Paris-Plage. Dette majest\u00e6tiske sted blev bygget med en blanding af fransk Belle Epoque og britisk edwardiansk stil. Stedet er hjemsted for smarte butikker, f\u00f8rsteklasses barer og restauranter samt udend\u00f8rsliv. Der er masser af aktiviteter, der kan holde dig besk\u00e6ftiget, lige fra vandsport &#8230; <a title=\"Webcam Le Touquet\" class=\"read-more\" href=\"https:\/\/weather-radar-live.com\/da\/webcam\/frankrig\/webcam-le-touquet\/\" aria-label=\"Read more about Webcam Le Touquet\">L\u00e6s mere <\/a><\/p>\n","protected":false},"author":1,"featured_media":3886,"parent":4175,"menu_order":0,"comment_status":"closed","ping_status":"closed","template":"","meta":{"footnotes":""},"class_list":["post-5267","page","type-page","status-publish","has-post-thumbnail"],"yoast_head":"<!-- This site is optimized with the Yoast SEO plugin v27.5 - https:\/\/yoast.com\/product\/yoast-seo-wordpress\/ -->\n<title>Webcam Le Touquet \u2192 Se det live!<\/title>\n<meta name=\"description\" content=\"Webcam Le Touquet | Webcam i Le Touquet ! \u2705 Opdateret for dig i realtid! \u2705 Aktuel vejrudsigt!\" \/>\n<meta name=\"robots\" content=\"index, follow, max-snippet:-1, max-image-preview:large, max-video-preview:-1\" \/>\n<link rel=\"canonical\" href=\"https:\/\/weather-radar-live.com\/da\/webcam\/frankrig\/webcam-le-touquet\/\" \/>\n<meta property=\"og:locale\" content=\"da_DK\" \/>\n<meta property=\"og:type\" content=\"article\" \/>\n<meta property=\"og:title\" content=\"Webcam Le Touquet \u2192 Se det live!\" \/>\n<meta property=\"og:description\" content=\"Webcam Le Touquet | Webcam i Le Touquet ! \u2705 Opdateret for dig i realtid! \u2705 Aktuel vejrudsigt!\" \/>\n<meta property=\"og:url\" content=\"https:\/\/weather-radar-live.com\/da\/webcam\/frankrig\/webcam-le-touquet\/\" \/>\n<meta property=\"og:site_name\" content=\"weather-radar-live.com\" \/>\n<meta property=\"article:modified_time\" content=\"2022-07-20T09:44:28+00:00\" \/>\n<meta property=\"og:image\" content=\"https:\/\/weather-radar-live.com\/wp-content\/uploads\/2022\/04\/Webcam-Le-Touquet-e1650541692890.jpg\" \/>\n\t<meta property=\"og:image:width\" content=\"1920\" \/>\n\t<meta property=\"og:image:height\" content=\"934\" \/>\n\t<meta property=\"og:image:type\" content=\"image\/jpeg\" \/>\n<meta name=\"twitter:card\" content=\"summary_large_image\" \/>\n<meta name=\"twitter:label1\" content=\"Estimeret l\u00e6setid\" \/>\n\t<meta name=\"twitter:data1\" content=\"3 minutter\" \/>\n<script type=\"application\/ld+json\" class=\"yoast-schema-graph\">{\"@context\":\"https:\\\/\\\/schema.org\",\"@graph\":[{\"@type\":\"WebPage\",\"@id\":\"https:\\\/\\\/weather-radar-live.com\\\/da\\\/webcam\\\/frankrig\\\/webcam-le-touquet\\\/\",\"url\":\"https:\\\/\\\/weather-radar-live.com\\\/da\\\/webcam\\\/frankrig\\\/webcam-le-touquet\\\/\",\"name\":\"Webcam Le Touquet \u2192 Se det live!\",\"isPartOf\":{\"@id\":\"https:\\\/\\\/weather-radar-live.com\\\/#website\"},\"primaryImageOfPage\":{\"@id\":\"https:\\\/\\\/weather-radar-live.com\\\/da\\\/webcam\\\/frankrig\\\/webcam-le-touquet\\\/#primaryimage\"},\"image\":{\"@id\":\"https:\\\/\\\/weather-radar-live.com\\\/da\\\/webcam\\\/frankrig\\\/webcam-le-touquet\\\/#primaryimage\"},\"thumbnailUrl\":\"https:\\\/\\\/weather-radar-live.com\\\/wp-content\\\/uploads\\\/2022\\\/04\\\/Webcam-Le-Touquet-e1650541692890.jpg\",\"datePublished\":\"2022-04-21T11:15:24+00:00\",\"dateModified\":\"2022-07-20T09:44:28+00:00\",\"description\":\"Webcam Le Touquet | Webcam i Le Touquet ! \u2705 Opdateret for dig i realtid! \u2705 Aktuel vejrudsigt!\",\"breadcrumb\":{\"@id\":\"https:\\\/\\\/weather-radar-live.com\\\/da\\\/webcam\\\/frankrig\\\/webcam-le-touquet\\\/#breadcrumb\"},\"inLanguage\":\"da-DK\",\"potentialAction\":[{\"@type\":\"ReadAction\",\"target\":[\"https:\\\/\\\/weather-radar-live.com\\\/da\\\/webcam\\\/frankrig\\\/webcam-le-touquet\\\/\"]}]},{\"@type\":\"ImageObject\",\"inLanguage\":\"da-DK\",\"@id\":\"https:\\\/\\\/weather-radar-live.com\\\/da\\\/webcam\\\/frankrig\\\/webcam-le-touquet\\\/#primaryimage\",\"url\":\"https:\\\/\\\/weather-radar-live.com\\\/wp-content\\\/uploads\\\/2022\\\/04\\\/Webcam-Le-Touquet-e1650541692890.jpg\",\"contentUrl\":\"https:\\\/\\\/weather-radar-live.com\\\/wp-content\\\/uploads\\\/2022\\\/04\\\/Webcam-Le-Touquet-e1650541692890.jpg\",\"width\":1920,\"height\":934,\"caption\":\"Webcam Le Touquet\"},{\"@type\":\"BreadcrumbList\",\"@id\":\"https:\\\/\\\/weather-radar-live.com\\\/da\\\/webcam\\\/frankrig\\\/webcam-le-touquet\\\/#breadcrumb\",\"itemListElement\":[{\"@type\":\"ListItem\",\"position\":1,\"name\":\"Weather Radar Live\",\"item\":\"https:\\\/\\\/weather-radar-live.com\\\/da\\\/\"},{\"@type\":\"ListItem\",\"position\":2,\"name\":\"Webcam\",\"item\":\"https:\\\/\\\/weather-radar-live.com\\\/da\\\/webcam\\\/\"},{\"@type\":\"ListItem\",\"position\":3,\"name\":\"Frankrig\",\"item\":\"https:\\\/\\\/weather-radar-live.com\\\/da\\\/webcam\\\/frankrig\\\/\"},{\"@type\":\"ListItem\",\"position\":4,\"name\":\"Webcam Le Touquet\"}]},{\"@type\":\"WebSite\",\"@id\":\"https:\\\/\\\/weather-radar-live.com\\\/#website\",\"url\":\"https:\\\/\\\/weather-radar-live.com\\\/\",\"name\":\"weather-radar-live.com\",\"description\":\"Your weather and sky radar.\",\"publisher\":{\"@id\":\"https:\\\/\\\/weather-radar-live.com\\\/#organization\"},\"potentialAction\":[{\"@type\":\"SearchAction\",\"target\":{\"@type\":\"EntryPoint\",\"urlTemplate\":\"https:\\\/\\\/weather-radar-live.com\\\/?s={search_term_string}\"},\"query-input\":{\"@type\":\"PropertyValueSpecification\",\"valueRequired\":true,\"valueName\":\"search_term_string\"}}],\"inLanguage\":\"da-DK\"},{\"@type\":\"Organization\",\"@id\":\"https:\\\/\\\/weather-radar-live.com\\\/#organization\",\"name\":\"weather-radar-live.com\",\"url\":\"https:\\\/\\\/weather-radar-live.com\\\/\",\"logo\":{\"@type\":\"ImageObject\",\"inLanguage\":\"da-DK\",\"@id\":\"https:\\\/\\\/weather-radar-live.com\\\/#\\\/schema\\\/logo\\\/image\\\/\",\"url\":\"https:\\\/\\\/weather-radar-live.com\\\/wp-content\\\/uploads\\\/2022\\\/03\\\/cropped-WRL2503.png\",\"contentUrl\":\"https:\\\/\\\/weather-radar-live.com\\\/wp-content\\\/uploads\\\/2022\\\/03\\\/cropped-WRL2503.png\",\"width\":1920,\"height\":555,\"caption\":\"weather-radar-live.com\"},\"image\":{\"@id\":\"https:\\\/\\\/weather-radar-live.com\\\/#\\\/schema\\\/logo\\\/image\\\/\"}}]}<\/script>\n<!-- \/ Yoast SEO plugin. -->","yoast_head_json":{"title":"Webcam Le Touquet \u2192 Se det live!","description":"Webcam Le Touquet | Webcam i Le Touquet ! \u2705 Opdateret for dig i realtid! \u2705 Aktuel vejrudsigt!","robots":{"index":"index","follow":"follow","max-snippet":"max-snippet:-1","max-image-preview":"max-image-preview:large","max-video-preview":"max-video-preview:-1"},"canonical":"https:\/\/weather-radar-live.com\/da\/webcam\/frankrig\/webcam-le-touquet\/","og_locale":"da_DK","og_type":"article","og_title":"Webcam Le Touquet \u2192 Se det live!","og_description":"Webcam Le Touquet | Webcam i Le Touquet ! \u2705 Opdateret for dig i realtid! \u2705 Aktuel vejrudsigt!","og_url":"https:\/\/weather-radar-live.com\/da\/webcam\/frankrig\/webcam-le-touquet\/","og_site_name":"weather-radar-live.com","article_modified_time":"2022-07-20T09:44:28+00:00","og_image":[{"width":1920,"height":934,"url":"https:\/\/weather-radar-live.com\/wp-content\/uploads\/2022\/04\/Webcam-Le-Touquet-e1650541692890.jpg","type":"image\/jpeg"}],"twitter_card":"summary_large_image","twitter_misc":{"Estimeret l\u00e6setid":"3 minutter"},"schema":{"@context":"https:\/\/schema.org","@graph":[{"@type":"WebPage","@id":"https:\/\/weather-radar-live.com\/da\/webcam\/frankrig\/webcam-le-touquet\/","url":"https:\/\/weather-radar-live.com\/da\/webcam\/frankrig\/webcam-le-touquet\/","name":"Webcam Le Touquet \u2192 Se det live!","isPartOf":{"@id":"https:\/\/weather-radar-live.com\/#website"},"primaryImageOfPage":{"@id":"https:\/\/weather-radar-live.com\/da\/webcam\/frankrig\/webcam-le-touquet\/#primaryimage"},"image":{"@id":"https:\/\/weather-radar-live.com\/da\/webcam\/frankrig\/webcam-le-touquet\/#primaryimage"},"thumbnailUrl":"https:\/\/weather-radar-live.com\/wp-content\/uploads\/2022\/04\/Webcam-Le-Touquet-e1650541692890.jpg","datePublished":"2022-04-21T11:15:24+00:00","dateModified":"2022-07-20T09:44:28+00:00","description":"Webcam Le Touquet | Webcam i Le Touquet ! \u2705 Opdateret for dig i realtid! \u2705 Aktuel vejrudsigt!","breadcrumb":{"@id":"https:\/\/weather-radar-live.com\/da\/webcam\/frankrig\/webcam-le-touquet\/#breadcrumb"},"inLanguage":"da-DK","potentialAction":[{"@type":"ReadAction","target":["https:\/\/weather-radar-live.com\/da\/webcam\/frankrig\/webcam-le-touquet\/"]}]},{"@type":"ImageObject","inLanguage":"da-DK","@id":"https:\/\/weather-radar-live.com\/da\/webcam\/frankrig\/webcam-le-touquet\/#primaryimage","url":"https:\/\/weather-radar-live.com\/wp-content\/uploads\/2022\/04\/Webcam-Le-Touquet-e1650541692890.jpg","contentUrl":"https:\/\/weather-radar-live.com\/wp-content\/uploads\/2022\/04\/Webcam-Le-Touquet-e1650541692890.jpg","width":1920,"height":934,"caption":"Webcam Le Touquet"},{"@type":"BreadcrumbList","@id":"https:\/\/weather-radar-live.com\/da\/webcam\/frankrig\/webcam-le-touquet\/#breadcrumb","itemListElement":[{"@type":"ListItem","position":1,"name":"Weather Radar Live","item":"https:\/\/weather-radar-live.com\/da\/"},{"@type":"ListItem","position":2,"name":"Webcam","item":"https:\/\/weather-radar-live.com\/da\/webcam\/"},{"@type":"ListItem","position":3,"name":"Frankrig","item":"https:\/\/weather-radar-live.com\/da\/webcam\/frankrig\/"},{"@type":"ListItem","position":4,"name":"Webcam Le Touquet"}]},{"@type":"WebSite","@id":"https:\/\/weather-radar-live.com\/#website","url":"https:\/\/weather-radar-live.com\/","name":"weather-radar-live.com","description":"Your weather and sky radar.","publisher":{"@id":"https:\/\/weather-radar-live.com\/#organization"},"potentialAction":[{"@type":"SearchAction","target":{"@type":"EntryPoint","urlTemplate":"https:\/\/weather-radar-live.com\/?s={search_term_string}"},"query-input":{"@type":"PropertyValueSpecification","valueRequired":true,"valueName":"search_term_string"}}],"inLanguage":"da-DK"},{"@type":"Organization","@id":"https:\/\/weather-radar-live.com\/#organization","name":"weather-radar-live.com","url":"https:\/\/weather-radar-live.com\/","logo":{"@type":"ImageObject","inLanguage":"da-DK","@id":"https:\/\/weather-radar-live.com\/#\/schema\/logo\/image\/","url":"https:\/\/weather-radar-live.com\/wp-content\/uploads\/2022\/03\/cropped-WRL2503.png","contentUrl":"https:\/\/weather-radar-live.com\/wp-content\/uploads\/2022\/03\/cropped-WRL2503.png","width":1920,"height":555,"caption":"weather-radar-live.com"},"image":{"@id":"https:\/\/weather-radar-live.com\/#\/schema\/logo\/image\/"}}]}},"_links":{"self":[{"href":"https:\/\/weather-radar-live.com\/da\/wp-json\/wp\/v2\/pages\/5267","targetHints":{"allow":["GET"]}}],"collection":[{"href":"https:\/\/weather-radar-live.com\/da\/wp-json\/wp\/v2\/pages"}],"about":[{"href":"https:\/\/weather-radar-live.com\/da\/wp-json\/wp\/v2\/types\/page"}],"author":[{"embeddable":true,"href":"https:\/\/weather-radar-live.com\/da\/wp-json\/wp\/v2\/users\/1"}],"replies":[{"embeddable":true,"href":"https:\/\/weather-radar-live.com\/da\/wp-json\/wp\/v2\/comments?post=5267"}],"version-history":[{"count":1,"href":"https:\/\/weather-radar-live.com\/da\/wp-json\/wp\/v2\/pages\/5267\/revisions"}],"predecessor-version":[{"id":5279,"href":"https:\/\/weather-radar-live.com\/da\/wp-json\/wp\/v2\/pages\/5267\/revisions\/5279"}],"up":[{"embeddable":true,"href":"https:\/\/weather-radar-live.com\/da\/wp-json\/wp\/v2\/pages\/4175"}],"wp:featuredmedia":[{"embeddable":true,"href":"https:\/\/weather-radar-live.com\/da\/wp-json\/wp\/v2\/media\/3886"}],"wp:attachment":[{"href":"https:\/\/weather-radar-live.com\/da\/wp-json\/wp\/v2\/media?parent=5267"}],"curies":[{"name":"wp","href":"https:\/\/api.w.org\/{rel}","templated":true}]}}