{"id":5153,"date":"2022-07-19T16:42:17","date_gmt":"2022-07-19T14:42:17","guid":{"rendered":"https:\/\/weather-radar-live.com\/?page_id=5153"},"modified":"2022-07-19T16:44:06","modified_gmt":"2022-07-19T14:44:06","slug":"webcam-le-lavandou","status":"publish","type":"page","link":"https:\/\/weather-radar-live.com\/da\/webcam\/frankrig\/webcam-le-lavandou\/","title":{"rendered":"Webcam Le Lavandou"},"content":{"rendered":"<div id=\"weath-309064324\" class=\"weath-vor-dem-inhalt weath-entity-placement\" style=\"margin-top: 15px;margin-right: 25px;margin-bottom: 40px;margin-left: 25px;\"><script async src=\"\/\/pagead2.googlesyndication.com\/pagead\/js\/adsbygoogle.js?client=ca-pub-8960936133935804\" crossorigin=\"anonymous\"><\/script><ins class=\"adsbygoogle\" style=\"display:block;\" data-ad-client=\"ca-pub-8960936133935804\" \ndata-ad-slot=\"6172817020\" \ndata-ad-format=\"auto\"><\/ins>\n<script> \n(adsbygoogle = window.adsbygoogle || []).push({}); \n<\/script>\n<\/div>\n<div class=\"wp-block-cover alignfull is-light\"><span aria-hidden=\"true\" class=\"wp-block-cover__gradient-background has-background-dim\"><\/span><img decoding=\"async\" class=\"wp-block-cover__image-background wp-image-342\" alt=\"Webcam Le Lavandou\" src=\"https:\/\/weather-radar-live.com\/wp-content\/uploads\/2021\/06\/sam-schooler-E9aetBe2w40-unsplash-e1622554814366.jpg\" data-object-fit=\"cover\"\/><div class=\"wp-block-cover__inner-container is-layout-flow wp-block-cover-is-layout-flow\">\n<h2 class=\"has-text-align-center heading wp-block-heading\" id=\"webcam-fort-mahon\" style=\"font-size:40px\"><strong><mark style=\"background-color:rgba(0, 0, 0, 0)\" class=\"has-inline-color has-base-3-color\">WEBCAM <\/mark><br><mark style=\"background-color:rgba(0, 0, 0, 0)\" class=\"has-inline-color has-base-3-color\">LE LAVANDOU<\/mark><\/strong><\/h2>\n<\/div><\/div>\n\n\n<div class=\"yoast-breadcrumbs\"><span><span><a href=\"https:\/\/weather-radar-live.com\/da\/\">Weather Radar Live<\/a><\/span> \u00bb <span><a href=\"https:\/\/weather-radar-live.com\/da\/webcam\/\">Webcam<\/a><\/span> \u00bb <span><a href=\"https:\/\/weather-radar-live.com\/da\/webcam\/frankrig\/\">Frankrig<\/a><\/span> \u00bb <span class=\"breadcrumb_last\" aria-current=\"page\"><strong>Webcam Le Lavandou<\/strong><\/span><\/span><\/div>\n\n\n<h2 class=\"has-text-align-center wp-block-heading\" id=\"webcam-fort-mahon\"><strong>Webcam <strong>Le Lavandou<\/strong><\/strong><\/h2>\n\n\n\n<p>Le Lavandou, en kommune i departementet Var, er en smuk lille by i det syd\u00f8stlige Frankrig. Et par kilometer \u00f8st for Bormes-Les-Mimosas ligger denne lille by i regionen Provence-Alpes-C\u00f4te d&#8217;Azur. La Lavandou har sit navn fra lavendelplanten, der vokser i det provencalske landskab. Det er et smukt sted fyldt med planter og blomster, som ligger p\u00e5 en bakke over hovedbyen. Du kan ogs\u00e5 bes\u00f8ge Presqu&#8217;ile de Giens og de meget charmerende \u00celes d&#8217;Hy\u00e8res vest for Hy\u00e8res, en af vores yndlingsbyer langs den sydlige kyst i Provence <\/p>\n\n\n\n<p>Hvis I leder efter aktiviteter i varmt vejr p\u00e5 Le Lavandou, kan I nyde mange aktiviteter fra slutningen af juni til slutningen af august. Er du nysgerrig efter at kende vejret og klimaet i Le Lavandou? Her finder du oplysninger om Le Lavandous vejr og klima. Tag et kig nedenfor:<\/p><div id=\"weath-1341885884\" class=\"weath-inhalt_2 weath-entity-placement\" style=\"margin-top: 15px;margin-right: 25px;margin-bottom: 35px;margin-left: 25px;\"><script async src=\"\/\/pagead2.googlesyndication.com\/pagead\/js\/adsbygoogle.js?client=ca-pub-8960936133935804\" crossorigin=\"anonymous\"><\/script><ins class=\"adsbygoogle\" style=\"display:block;\" data-ad-client=\"ca-pub-8960936133935804\" \ndata-ad-slot=\"1963584050\" \ndata-ad-format=\"auto\"><\/ins>\n<script> \n(adsbygoogle = window.adsbygoogle || []).push({}); \n<\/script>\n<\/div>\n\n\n\n<h3 class=\"has-text-align-center wp-block-heading\">\ud83d\udd34 <strong>Webcam <strong><strong>Le Lavandou<\/strong><\/strong><\/strong> La Fosette<\/h3>\n\n\n\n<figure class=\"wp-block-embed is-type-video is-provider-youtube wp-block-embed-youtube wp-embed-aspect-16-9 wp-has-aspect-ratio\"><div class=\"wp-block-embed__wrapper\">\n<iframe loading=\"lazy\" title=\"Webcam Le Lavandou - La Fossette\" width=\"1200\" height=\"675\" src=\"https:\/\/www.youtube.com\/embed\/pB9oozpY3Cw?feature=oembed\" frameborder=\"0\" allow=\"accelerometer; autoplay; clipboard-write; encrypted-media; gyroscope; picture-in-picture\" allowfullscreen><\/iframe>\n<\/div><\/figure>\n\n\n\n<div style=\"height:25px\" aria-hidden=\"true\" class=\"wp-block-spacer\"><\/div>\n\n\n\n<h2 class=\"wp-block-heading\" id=\"fort-mahon-today\"><strong><strong>Vejrradar <strong><strong>Le Lavandou<\/strong><\/strong> &#8211; Vejret <strong><strong>Le Lavandou<\/strong><\/strong><\/strong><\/strong><\/h2>\n\n\n\n<p> Weather Radar Live har webcams, der giver dig detaljerede oplysninger om <a href=\"https:\/\/weather-radar-live.com\/da\/skyer-radar\/\">skyd\u00e6kke<\/a>, nedb\u00f8r, <a href=\"https:\/\/weather-radar-live.com\/da\/tornado-radar\/\">tornadoer<\/a> og <a href=\"https:\/\/weather-radar-live.com\/da\/lyn-radar\/\">tordenvejr<\/a>. Den indsamler signaler og registrerer nedb\u00f8r og andre faktorer og viser dem derefter p\u00e5 kort og grafer. S\u00e5 hvis du \u00f8nsker at f\u00e5 <a href=\"https:\/\/weather-radar-live.com\/da\/\">vejropdateringer<\/a> i realtid eller \u00f8nsker at vide, om vejrforholdene er egnede til at planl\u00e6gge en tur eller ej, har webcam Le Lavandou dig d\u00e6kket ind.<\/p>\n\n\n\n<div class=\"wp-block-columns is-layout-flex wp-container-core-columns-is-layout-9d6595d7 wp-block-columns-is-layout-flex\">\n<div class=\"wp-block-column is-layout-flow wp-block-column-is-layout-flow\" style=\"flex-basis:75%\">\n<iframe loading=\"lazy\" width=\"1300\" height=\"502\" src=\"https:\/\/embed.windy.com\/embed2.html?lat=43.122&amp;lon=6.460&amp;detailLat=43.124&amp;detailLon=6.370&amp;width=1300&amp;height=502&amp;zoom=11&amp;level=surface&amp;overlay=wind&amp;product=ecmwf&amp;menu=&amp;message=&amp;marker=&amp;calendar=now&amp;pressure=&amp;type=map&amp;location=coordinates&amp;detail=&amp;metricWind=default&amp;metricTemp=default&amp;radarRange=-1\" frameborder=\"0\"><\/iframe>\n<\/div>\n\n\n\n<div class=\"wp-block-column is-layout-flow wp-block-column-is-layout-flow\" style=\"flex-basis:25%\">\n<a class=\"weatherwidget-io\" href=\"https:\/\/forecast7.com\/da\/43d146d37\/le-lavandou\/\" data-label_1=\"LE LAVANDOU\" data-theme=\"original\" >LE LAVANDOU<\/a>\n<script>\n!function(d,s,id){var js,fjs=d.getElementsByTagName(s)[0];if(!d.getElementById(id)){js=d.createElement(s);js.id=id;js.src='https:\/\/weatherwidget.io\/js\/widget.min.js';fjs.parentNode.insertBefore(js,fjs);}}(document,'script','weatherwidget-io-js');\n<\/script>\n<\/div>\n<\/div>\n\n\n\n<h2 class=\"wp-block-heading\"><strong>Klimaet i Le Lavandou <\/strong><\/h2>\n\n\n\n<p>Le Lavandou er beliggende p\u00e5 den nordlige halvkugle. Le Lavandou nyder godt af et varmt og tempereret klima. I Le Lavandou er vintrene meget mere regnfulde end somrene.<\/p>\n\n\n\n<p><strong>Temperatur <\/strong><\/p>\n\n\n\n<p>I Juli, den gennemsnitlige temperatur er 24.39 \u00b0C eller 75.8 \u00b0F. Vintertemperaturerne ligger i gennemsnit p\u00e5 7.0 \u00b0C i januar. S\u00e5ledes er den gennemsnitlige temperatur i Le Lavandou 15.0 \u00b0C eller 59.0 \u00b0F <\/p>\n\n\n\n<p><strong>Nedb\u00f8r <\/strong><\/p>\n\n\n\n<p>Den \u00e5rlige nedb\u00f8r er omkring 28,3 tommer eller 718 mm <\/p>\n\n\n\n<p><strong>Luftfugtighed <\/strong><\/p>\n\n\n\n<p>November har den h\u00f8jeste relative luftfugtighed 74,29 %, mens den i juli er den laveste dvs. 52,09 %.<\/p>\n\n\n\n<p><strong>Solskin <\/strong><\/p>\n\n\n\n<p>Med en gennemsnitlig daglig solskinstime p\u00e5 13,03 er juli den m\u00e5ned med mest solskin i Le Lavandou. Det samlede antal solskinstimer i juli er 404,03 <\/p>\n\n\n\n<p>Januar har de f\u00e6rreste solskinstimer dvs. 192,7 timer <\/p>\n\n\n\n<p><strong>UV-indeks<\/strong><\/p>\n\n\n\n<p>UV-indekset i Le Lavandou er 5.<\/p>\n\n\n\n<h2 class=\"wp-block-heading\"><strong>Le Lavandou Beach Resort <\/strong><\/h2>\n\n\n\n<p>Denne brede sandstrand er et velkendt feriested, der har tre travle lystb\u00e5dehavne. I sommerm\u00e5nederne bliver byen ret livlig med glitrende lys for dem, der \u00f8nsker at nyde nattelivet. Der tilbydes ogs\u00e5 b\u00e5dture, som tager dig til Fort de Bregan\u00e7on i Bormes (sommerresidens for republikkens pr\u00e6sident) eller til Saint Tropez langs Var-kysten. Du kan nyde en stor strand med sand, en lille bugt, der er intakt i denne vilde strand. Der er en meget omfattende havn i Le Lavandou \u00f8st for stranden. Her f\u00e5r du forn\u00f8jelsen af at k\u00f8re i traditionelle fiskerb\u00e5de og andre sm\u00e5 b\u00e5de. I hele den gamle bydel og langs strandpromenaden er der mange restauranter og caf\u00e9er.<\/p>\n","protected":false},"excerpt":{"rendered":"<p>Webcam Le Lavandou Le Lavandou, en kommune i departementet Var, er en smuk lille by i det syd\u00f8stlige Frankrig. Et par kilometer \u00f8st for Bormes-Les-Mimosas ligger denne lille by i regionen Provence-Alpes-C\u00f4te d&#8217;Azur. La Lavandou har sit navn fra lavendelplanten, der vokser i det provencalske landskab. Det er et smukt sted fyldt med planter og &#8230; <a title=\"Webcam Le Lavandou\" class=\"read-more\" href=\"https:\/\/weather-radar-live.com\/da\/webcam\/frankrig\/webcam-le-lavandou\/\" aria-label=\"Read more about Webcam Le Lavandou\">L\u00e6s mere <\/a><\/p>\n","protected":false},"author":1,"featured_media":3897,"parent":4175,"menu_order":0,"comment_status":"closed","ping_status":"closed","template":"","meta":{"footnotes":""},"class_list":["post-5153","page","type-page","status-publish","has-post-thumbnail"],"yoast_head":"<!-- This site is optimized with the Yoast SEO plugin v27.5 - https:\/\/yoast.com\/product\/yoast-seo-wordpress\/ -->\n<title>Webcam Le Lavandou \u2192 Se det live!<\/title>\n<meta name=\"description\" content=\"Webcam Le Lavandou | Livecam p\u00e5 Le Lavandou! \u2705 Opdateret for dig i realtid! \u2705 Aktuel vejrudsigt!\" \/>\n<meta name=\"robots\" content=\"index, follow, max-snippet:-1, max-image-preview:large, max-video-preview:-1\" \/>\n<link rel=\"canonical\" href=\"https:\/\/weather-radar-live.com\/da\/webcam\/frankrig\/webcam-le-lavandou\/\" \/>\n<meta property=\"og:locale\" content=\"da_DK\" \/>\n<meta property=\"og:type\" content=\"article\" \/>\n<meta property=\"og:title\" content=\"Webcam Le Lavandou \u2192 Se det live!\" \/>\n<meta property=\"og:description\" content=\"Webcam Le Lavandou | Livecam p\u00e5 Le Lavandou! \u2705 Opdateret for dig i realtid! \u2705 Aktuel vejrudsigt!\" \/>\n<meta property=\"og:url\" content=\"https:\/\/weather-radar-live.com\/da\/webcam\/frankrig\/webcam-le-lavandou\/\" \/>\n<meta property=\"og:site_name\" content=\"weather-radar-live.com\" \/>\n<meta property=\"article:modified_time\" content=\"2022-07-19T14:44:06+00:00\" \/>\n<meta property=\"og:image\" content=\"https:\/\/weather-radar-live.com\/wp-content\/uploads\/2022\/04\/Webcam-Le-Lavandou--e1650541821630.jpg\" \/>\n\t<meta property=\"og:image:width\" content=\"1920\" \/>\n\t<meta property=\"og:image:height\" content=\"870\" \/>\n\t<meta property=\"og:image:type\" content=\"image\/jpeg\" \/>\n<meta name=\"twitter:card\" content=\"summary_large_image\" \/>\n<meta name=\"twitter:label1\" content=\"Estimeret l\u00e6setid\" \/>\n\t<meta name=\"twitter:data1\" content=\"3 minutter\" \/>\n<script type=\"application\/ld+json\" class=\"yoast-schema-graph\">{\"@context\":\"https:\\\/\\\/schema.org\",\"@graph\":[{\"@type\":\"WebPage\",\"@id\":\"https:\\\/\\\/weather-radar-live.com\\\/da\\\/webcam\\\/frankrig\\\/webcam-le-lavandou\\\/\",\"url\":\"https:\\\/\\\/weather-radar-live.com\\\/da\\\/webcam\\\/frankrig\\\/webcam-le-lavandou\\\/\",\"name\":\"Webcam Le Lavandou \u2192 Se det live!\",\"isPartOf\":{\"@id\":\"https:\\\/\\\/weather-radar-live.com\\\/#website\"},\"primaryImageOfPage\":{\"@id\":\"https:\\\/\\\/weather-radar-live.com\\\/da\\\/webcam\\\/frankrig\\\/webcam-le-lavandou\\\/#primaryimage\"},\"image\":{\"@id\":\"https:\\\/\\\/weather-radar-live.com\\\/da\\\/webcam\\\/frankrig\\\/webcam-le-lavandou\\\/#primaryimage\"},\"thumbnailUrl\":\"https:\\\/\\\/weather-radar-live.com\\\/wp-content\\\/uploads\\\/2022\\\/04\\\/Webcam-Le-Lavandou--e1650541821630.jpg\",\"datePublished\":\"2022-07-19T14:42:17+00:00\",\"dateModified\":\"2022-07-19T14:44:06+00:00\",\"description\":\"Webcam Le Lavandou | Livecam p\u00e5 Le Lavandou! \u2705 Opdateret for dig i realtid! \u2705 Aktuel vejrudsigt!\",\"breadcrumb\":{\"@id\":\"https:\\\/\\\/weather-radar-live.com\\\/da\\\/webcam\\\/frankrig\\\/webcam-le-lavandou\\\/#breadcrumb\"},\"inLanguage\":\"da-DK\",\"potentialAction\":[{\"@type\":\"ReadAction\",\"target\":[\"https:\\\/\\\/weather-radar-live.com\\\/da\\\/webcam\\\/frankrig\\\/webcam-le-lavandou\\\/\"]}]},{\"@type\":\"ImageObject\",\"inLanguage\":\"da-DK\",\"@id\":\"https:\\\/\\\/weather-radar-live.com\\\/da\\\/webcam\\\/frankrig\\\/webcam-le-lavandou\\\/#primaryimage\",\"url\":\"https:\\\/\\\/weather-radar-live.com\\\/wp-content\\\/uploads\\\/2022\\\/04\\\/Webcam-Le-Lavandou--e1650541821630.jpg\",\"contentUrl\":\"https:\\\/\\\/weather-radar-live.com\\\/wp-content\\\/uploads\\\/2022\\\/04\\\/Webcam-Le-Lavandou--e1650541821630.jpg\",\"width\":1920,\"height\":870,\"caption\":\"Webcam Le Lavandou\"},{\"@type\":\"BreadcrumbList\",\"@id\":\"https:\\\/\\\/weather-radar-live.com\\\/da\\\/webcam\\\/frankrig\\\/webcam-le-lavandou\\\/#breadcrumb\",\"itemListElement\":[{\"@type\":\"ListItem\",\"position\":1,\"name\":\"Weather Radar Live\",\"item\":\"https:\\\/\\\/weather-radar-live.com\\\/da\\\/\"},{\"@type\":\"ListItem\",\"position\":2,\"name\":\"Webcam\",\"item\":\"https:\\\/\\\/weather-radar-live.com\\\/da\\\/webcam\\\/\"},{\"@type\":\"ListItem\",\"position\":3,\"name\":\"Frankrig\",\"item\":\"https:\\\/\\\/weather-radar-live.com\\\/da\\\/webcam\\\/frankrig\\\/\"},{\"@type\":\"ListItem\",\"position\":4,\"name\":\"Webcam Le Lavandou\"}]},{\"@type\":\"WebSite\",\"@id\":\"https:\\\/\\\/weather-radar-live.com\\\/#website\",\"url\":\"https:\\\/\\\/weather-radar-live.com\\\/\",\"name\":\"weather-radar-live.com\",\"description\":\"Your weather and sky radar.\",\"publisher\":{\"@id\":\"https:\\\/\\\/weather-radar-live.com\\\/#organization\"},\"potentialAction\":[{\"@type\":\"SearchAction\",\"target\":{\"@type\":\"EntryPoint\",\"urlTemplate\":\"https:\\\/\\\/weather-radar-live.com\\\/?s={search_term_string}\"},\"query-input\":{\"@type\":\"PropertyValueSpecification\",\"valueRequired\":true,\"valueName\":\"search_term_string\"}}],\"inLanguage\":\"da-DK\"},{\"@type\":\"Organization\",\"@id\":\"https:\\\/\\\/weather-radar-live.com\\\/#organization\",\"name\":\"weather-radar-live.com\",\"url\":\"https:\\\/\\\/weather-radar-live.com\\\/\",\"logo\":{\"@type\":\"ImageObject\",\"inLanguage\":\"da-DK\",\"@id\":\"https:\\\/\\\/weather-radar-live.com\\\/#\\\/schema\\\/logo\\\/image\\\/\",\"url\":\"https:\\\/\\\/weather-radar-live.com\\\/wp-content\\\/uploads\\\/2022\\\/03\\\/cropped-WRL2503.png\",\"contentUrl\":\"https:\\\/\\\/weather-radar-live.com\\\/wp-content\\\/uploads\\\/2022\\\/03\\\/cropped-WRL2503.png\",\"width\":1920,\"height\":555,\"caption\":\"weather-radar-live.com\"},\"image\":{\"@id\":\"https:\\\/\\\/weather-radar-live.com\\\/#\\\/schema\\\/logo\\\/image\\\/\"}}]}<\/script>\n<!-- \/ Yoast SEO plugin. -->","yoast_head_json":{"title":"Webcam Le Lavandou \u2192 Se det live!","description":"Webcam Le Lavandou | Livecam p\u00e5 Le Lavandou! \u2705 Opdateret for dig i realtid! \u2705 Aktuel vejrudsigt!","robots":{"index":"index","follow":"follow","max-snippet":"max-snippet:-1","max-image-preview":"max-image-preview:large","max-video-preview":"max-video-preview:-1"},"canonical":"https:\/\/weather-radar-live.com\/da\/webcam\/frankrig\/webcam-le-lavandou\/","og_locale":"da_DK","og_type":"article","og_title":"Webcam Le Lavandou \u2192 Se det live!","og_description":"Webcam Le Lavandou | Livecam p\u00e5 Le Lavandou! \u2705 Opdateret for dig i realtid! \u2705 Aktuel vejrudsigt!","og_url":"https:\/\/weather-radar-live.com\/da\/webcam\/frankrig\/webcam-le-lavandou\/","og_site_name":"weather-radar-live.com","article_modified_time":"2022-07-19T14:44:06+00:00","og_image":[{"width":1920,"height":870,"url":"https:\/\/weather-radar-live.com\/wp-content\/uploads\/2022\/04\/Webcam-Le-Lavandou--e1650541821630.jpg","type":"image\/jpeg"}],"twitter_card":"summary_large_image","twitter_misc":{"Estimeret l\u00e6setid":"3 minutter"},"schema":{"@context":"https:\/\/schema.org","@graph":[{"@type":"WebPage","@id":"https:\/\/weather-radar-live.com\/da\/webcam\/frankrig\/webcam-le-lavandou\/","url":"https:\/\/weather-radar-live.com\/da\/webcam\/frankrig\/webcam-le-lavandou\/","name":"Webcam Le Lavandou \u2192 Se det live!","isPartOf":{"@id":"https:\/\/weather-radar-live.com\/#website"},"primaryImageOfPage":{"@id":"https:\/\/weather-radar-live.com\/da\/webcam\/frankrig\/webcam-le-lavandou\/#primaryimage"},"image":{"@id":"https:\/\/weather-radar-live.com\/da\/webcam\/frankrig\/webcam-le-lavandou\/#primaryimage"},"thumbnailUrl":"https:\/\/weather-radar-live.com\/wp-content\/uploads\/2022\/04\/Webcam-Le-Lavandou--e1650541821630.jpg","datePublished":"2022-07-19T14:42:17+00:00","dateModified":"2022-07-19T14:44:06+00:00","description":"Webcam Le Lavandou | Livecam p\u00e5 Le Lavandou! \u2705 Opdateret for dig i realtid! \u2705 Aktuel vejrudsigt!","breadcrumb":{"@id":"https:\/\/weather-radar-live.com\/da\/webcam\/frankrig\/webcam-le-lavandou\/#breadcrumb"},"inLanguage":"da-DK","potentialAction":[{"@type":"ReadAction","target":["https:\/\/weather-radar-live.com\/da\/webcam\/frankrig\/webcam-le-lavandou\/"]}]},{"@type":"ImageObject","inLanguage":"da-DK","@id":"https:\/\/weather-radar-live.com\/da\/webcam\/frankrig\/webcam-le-lavandou\/#primaryimage","url":"https:\/\/weather-radar-live.com\/wp-content\/uploads\/2022\/04\/Webcam-Le-Lavandou--e1650541821630.jpg","contentUrl":"https:\/\/weather-radar-live.com\/wp-content\/uploads\/2022\/04\/Webcam-Le-Lavandou--e1650541821630.jpg","width":1920,"height":870,"caption":"Webcam Le Lavandou"},{"@type":"BreadcrumbList","@id":"https:\/\/weather-radar-live.com\/da\/webcam\/frankrig\/webcam-le-lavandou\/#breadcrumb","itemListElement":[{"@type":"ListItem","position":1,"name":"Weather Radar Live","item":"https:\/\/weather-radar-live.com\/da\/"},{"@type":"ListItem","position":2,"name":"Webcam","item":"https:\/\/weather-radar-live.com\/da\/webcam\/"},{"@type":"ListItem","position":3,"name":"Frankrig","item":"https:\/\/weather-radar-live.com\/da\/webcam\/frankrig\/"},{"@type":"ListItem","position":4,"name":"Webcam Le Lavandou"}]},{"@type":"WebSite","@id":"https:\/\/weather-radar-live.com\/#website","url":"https:\/\/weather-radar-live.com\/","name":"weather-radar-live.com","description":"Your weather and sky radar.","publisher":{"@id":"https:\/\/weather-radar-live.com\/#organization"},"potentialAction":[{"@type":"SearchAction","target":{"@type":"EntryPoint","urlTemplate":"https:\/\/weather-radar-live.com\/?s={search_term_string}"},"query-input":{"@type":"PropertyValueSpecification","valueRequired":true,"valueName":"search_term_string"}}],"inLanguage":"da-DK"},{"@type":"Organization","@id":"https:\/\/weather-radar-live.com\/#organization","name":"weather-radar-live.com","url":"https:\/\/weather-radar-live.com\/","logo":{"@type":"ImageObject","inLanguage":"da-DK","@id":"https:\/\/weather-radar-live.com\/#\/schema\/logo\/image\/","url":"https:\/\/weather-radar-live.com\/wp-content\/uploads\/2022\/03\/cropped-WRL2503.png","contentUrl":"https:\/\/weather-radar-live.com\/wp-content\/uploads\/2022\/03\/cropped-WRL2503.png","width":1920,"height":555,"caption":"weather-radar-live.com"},"image":{"@id":"https:\/\/weather-radar-live.com\/#\/schema\/logo\/image\/"}}]}},"_links":{"self":[{"href":"https:\/\/weather-radar-live.com\/da\/wp-json\/wp\/v2\/pages\/5153","targetHints":{"allow":["GET"]}}],"collection":[{"href":"https:\/\/weather-radar-live.com\/da\/wp-json\/wp\/v2\/pages"}],"about":[{"href":"https:\/\/weather-radar-live.com\/da\/wp-json\/wp\/v2\/types\/page"}],"author":[{"embeddable":true,"href":"https:\/\/weather-radar-live.com\/da\/wp-json\/wp\/v2\/users\/1"}],"replies":[{"embeddable":true,"href":"https:\/\/weather-radar-live.com\/da\/wp-json\/wp\/v2\/comments?post=5153"}],"version-history":[{"count":2,"href":"https:\/\/weather-radar-live.com\/da\/wp-json\/wp\/v2\/pages\/5153\/revisions"}],"predecessor-version":[{"id":5172,"href":"https:\/\/weather-radar-live.com\/da\/wp-json\/wp\/v2\/pages\/5153\/revisions\/5172"}],"up":[{"embeddable":true,"href":"https:\/\/weather-radar-live.com\/da\/wp-json\/wp\/v2\/pages\/4175"}],"wp:featuredmedia":[{"embeddable":true,"href":"https:\/\/weather-radar-live.com\/da\/wp-json\/wp\/v2\/media\/3897"}],"wp:attachment":[{"href":"https:\/\/weather-radar-live.com\/da\/wp-json\/wp\/v2\/media?parent=5153"}],"curies":[{"name":"wp","href":"https:\/\/api.w.org\/{rel}","templated":true}]}}