{"id":4696,"date":"2022-07-18T16:48:56","date_gmt":"2022-07-18T14:48:56","guid":{"rendered":"https:\/\/weather-radar-live.com\/?page_id=4696"},"modified":"2022-07-19T07:39:10","modified_gmt":"2022-07-19T05:39:10","slug":"webcam-peniscola","status":"publish","type":"page","link":"https:\/\/weather-radar-live.com\/da\/webcam\/spanien\/webcam-peniscola\/","title":{"rendered":"Webcam Pe\u00f1iscola"},"content":{"rendered":"<div id=\"weath-401204230\" class=\"weath-vor-dem-inhalt weath-entity-placement\" style=\"margin-top: 15px;margin-right: 25px;margin-bottom: 40px;margin-left: 25px;\"><script async src=\"\/\/pagead2.googlesyndication.com\/pagead\/js\/adsbygoogle.js?client=ca-pub-8960936133935804\" crossorigin=\"anonymous\"><\/script><ins class=\"adsbygoogle\" style=\"display:block;\" data-ad-client=\"ca-pub-8960936133935804\" \ndata-ad-slot=\"6172817020\" \ndata-ad-format=\"auto\"><\/ins>\n<script> \n(adsbygoogle = window.adsbygoogle || []).push({}); \n<\/script>\n<\/div>\n<div class=\"wp-block-cover alignfull is-light\"><span aria-hidden=\"true\" class=\"wp-block-cover__gradient-background has-background-dim\"><\/span><img decoding=\"async\" class=\"wp-block-cover__image-background wp-image-342\" alt=\"Webcam Pe\u00f1iscola\" src=\"https:\/\/weather-radar-live.com\/wp-content\/uploads\/2021\/06\/sam-schooler-E9aetBe2w40-unsplash-e1622554814366.jpg\" data-object-fit=\"cover\"\/><div class=\"wp-block-cover__inner-container is-layout-flow wp-block-cover-is-layout-flow\">\n<h2 class=\"has-text-align-center heading wp-block-heading\" id=\"webcam-fort-mahon\" style=\"font-size:40px\"><strong><mark style=\"background-color:rgba(0, 0, 0, 0)\" class=\"has-inline-color has-base-3-color\">WEBCAM <\/mark><\/strong><br><strong><mark style=\"background-color:rgba(0, 0, 0, 0)\" class=\"has-inline-color has-base-3-color\">PE\u00d1ISCOLA<\/mark><\/strong><\/h2>\n<\/div><\/div>\n\n\n<div class=\"yoast-breadcrumbs\"><span><span><a href=\"https:\/\/weather-radar-live.com\/da\/\">Weather Radar Live<\/a><\/span> \u00bb <span><a href=\"https:\/\/weather-radar-live.com\/da\/webcam\/\">Webcam<\/a><\/span> \u00bb <span><a href=\"https:\/\/weather-radar-live.com\/da\/webcam\/spanien\/\">Spanien<\/a><\/span> \u00bb <span class=\"breadcrumb_last\" aria-current=\"page\"><strong>Webcam Pe\u00f1iscola<\/strong><\/span><\/span><\/div>\n\n\n<h2 class=\"has-text-align-center wp-block-heading\" id=\"webcam-fort-mahon\"><strong>Webcam Pe\u00f1iscola<\/strong><\/h2>\n\n\n\n<p>Den spanske kystby Pe\u00f1iscola med sine 8.000 indbyggere ligger i provinsen Castell\u00f3n i den nordlige del af Valencia. Den gamle bydel ligger malerisk p\u00e5 en 64 meter h\u00f8j klippe i havet, hvor der p\u00e5 toppen af den ligger et gammelt slot. Den blev bygget mellem 1294 og 1307 af Tempelridderordenen. Lad dig imponere af den unikke charme i den historiske gamle bydel med vores webcam Pe\u00f1iscola, og g\u00e5 p\u00e5 en sp\u00e6ndende opdagelsestur gennem byens smalle gader.<\/p>\n\n\n\n<p>Under slottet ligger h\u00f8je hvide huse rundt om klippen og danner Pe\u00f1iscolas historiske centrum, som er omgivet af en tyk bymur. Dette st\u00e5r i kontrast til turistkvarterets all\u00e9er og nybyggede gader.<\/p><div id=\"weath-25981692\" class=\"weath-inhalt_2 weath-entity-placement\" style=\"margin-top: 15px;margin-right: 25px;margin-bottom: 35px;margin-left: 25px;\"><script async src=\"\/\/pagead2.googlesyndication.com\/pagead\/js\/adsbygoogle.js?client=ca-pub-8960936133935804\" crossorigin=\"anonymous\"><\/script><ins class=\"adsbygoogle\" style=\"display:block;\" data-ad-client=\"ca-pub-8960936133935804\" \ndata-ad-slot=\"1963584050\" \ndata-ad-format=\"auto\"><\/ins>\n<script> \n(adsbygoogle = window.adsbygoogle || []).push({}); \n<\/script>\n<\/div>\n\n\n\n<div class=\"wp-block-columns is-layout-flex wp-container-core-columns-is-layout-9d6595d7 wp-block-columns-is-layout-flex\">\n<div class=\"wp-block-column webcam-column is-layout-flow wp-block-column-is-layout-flow\">\n<h3 class=\"has-text-align-center live-emoji wp-block-heading\">\ud83d\udd34 <strong>Webcam Pe\u00f1iscola<\/strong> Beach <\/h3>\n\n\n\n<a name=\"windy-webcam-timelapse-player\" data-id=\"1206064909\" data-play=\"day\" href=\"https:\/\/windy.com\/webcams\/1206064909\" target=\"_blank\" rel=\"noopener\">Peniscola<\/a><script async=\"\" type=\"text\/javascript\" src=\"https:\/\/webcams.windy.com\/webcams\/public\/embed\/script\/player.js\"><\/script>\n<\/div>\n<\/div>\n\n\n\n<h3 class=\"has-text-align-center live-emoji wp-block-heading\"> \ud83d\udd34 <strong>Webcam <strong>Pe\u00f1iscola<\/strong><\/strong> Slot<\/h3>\n\n\n\n<a name=\"windy-webcam-timelapse-player\" data-id=\"1629234914\" data-play=\"day\" href=\"https:\/\/windy.com\/webcams\/1629234914\" target=\"_blank\" rel=\"noopener\">Peniscola: Peniscola Slot<\/a><script async=\"\" type=\"text\/javascript\" src=\"https:\/\/webcams.windy.com\/webcams\/public\/embed\/script\/player.js\"><\/script>\n\n\n\n<h2 class=\"wp-block-heading\" id=\"fort-mahon-today\"><strong>Vejrradar Pe\u00f1iscola &#8211; Vejret i Pe\u00f1iscola<\/strong><\/h2>\n\n\n\n<p>F\u00f8lg med i realtid i vejret i denne kystby med vores webcam Pe\u00f1iscola. Yderligere vigtige oplysninger om vejret i Pe\u00f1iscola finder du p\u00e5 vores vejrradar. Den indeholder ikke kun den aktuelle vejrudsigt for byen, men informerer dig ogs\u00e5 om nedb\u00f8rsomr\u00e5derne. Afh\u00e6ngigt af intensiteten er nedb\u00f8rsomr\u00e5derne markeret med forskellige farver. Bl\u00e5 og gr\u00f8nne omr\u00e5der repr\u00e6senterer nedb\u00f8rsomr\u00e5der med lave nedb\u00f8rsm\u00e6ngder. Lilla og r\u00f8de omr\u00e5der angiver derimod kraftig nedb\u00f8r med risiko for voldsomt vejr. Desuden vises tordenvejr ogs\u00e5 med sm\u00e5 lynsymboler i vejrradaren. S\u00e5 du er altid informeret om de aktuelle vejrforhold i Pe\u00f1iscola med vores webcam og vejrradar.<\/p>\n\n\n\n<div class=\"wp-block-columns is-layout-flex wp-container-core-columns-is-layout-9d6595d7 wp-block-columns-is-layout-flex\">\n<div class=\"wp-block-column is-layout-flow wp-block-column-is-layout-flow\" style=\"flex-basis:75%\">\n<iframe loading=\"lazy\" width=\"1300\" height=\"502\" src=\"https:\/\/embed.windy.com\/embed2.html?lat=40.365&amp;lon=0.378&amp;detailLat=40.365&amp;detailLon=0.378&amp;width=1300&amp;height=502&amp;zoom=11&amp;level=surface&amp;overlay=rain&amp;product=ecmwf&amp;menu=&amp;message=&amp;marker=&amp;calendar=now&amp;pressure=&amp;type=map&amp;location=coordinates&amp;detail=&amp;metricWind=default&amp;metricTemp=default&amp;radarRange=-1\" frameborder=\"0\"><\/iframe>\n<\/div>\n\n\n\n<div class=\"wp-block-column is-layout-flow wp-block-column-is-layout-flow\" style=\"flex-basis:25%\">\n<a class=\"weatherwidget-io\" href=\"https:\/\/forecast7.com\/da\/40d370d39\/peniscola\/\" data-label_1=\"PENISCOLA\" data-theme=\"original\">PENISCOLA<\/a>\n<script>\n!function(d,s,id){var js,fjs=d.getElementsByTagName(s)[0];if(!d.getElementById(id)){js=d.createElement(s);js.id=id;js.src='https:\/\/weatherwidget.io\/js\/widget.min.js';fjs.parentNode.insertBefore(js,fjs);}}(document,'script','weatherwidget-io-js');\n<\/script>\n<\/div>\n<\/div>\n\n\n\n<h2 class=\"wp-block-heading\" id=\"fort-mahon-weather\"><strong>Klimaet i Pe\u00f1iscola<\/strong><\/h2>\n\n\n\n<p>Klimaet i den spanske by Pe\u00f1iscola er bestemt af middelhavsklimaet. Den gennemsnitlige \u00e5rlige temperatur her er p\u00e5 20 \u00b0C med varme, t\u00f8rre somre og milde vintre. De h\u00f8jeste temperaturer ligger i gennemsnit p\u00e5 28 \u00b0C i juli og falder til 13 \u00b0C i gennemsnit i januar om vinteren. Generelt er Pe\u00f1iscola meget solrigt og t\u00f8rt med omkring 300 solskinsdage, hvilket resulterer i en gennemsnitlig \u00e5rlig nedb\u00f8rsm\u00e6ngde p\u00e5 219 mm.<\/p>\n\n\n\n<h2 class=\"wp-block-heading\"><strong>Sev\u00e6rdigheder i Pe\u00f1iscola<\/strong><\/h2>\n\n\n\n<p>Tag p\u00e5 en sp\u00e6ndende opdagelsestur gennem den historiske gamle bydel i Pe\u00f1iscola. Her venter der ud over sognekirken Santa Maria og kapellet Virgen de la Ermitana adskillige restauranter og souvenirbutikker i de smalle gader. De lange sandstrande omkring byen byder p\u00e5 en forfriskende dukkert i Middelhavet. Syd for Pe\u00f1iscola, i naturparken Sierra de Irta, kan man finde et landskabsskifte fra den t\u00e6t bebyggede kystby syd for Pe\u00f1iscola. Dette er en af de f\u00e5 kyststr\u00e6kninger i omr\u00e5det, der stadig er uspoleret. Vi anbefaler ogs\u00e5 det bjergrige bagland i El Maestrat, som venter p\u00e5 dig med smuk natur og sm\u00e5 landsbyer i en landlig atmosf\u00e6re.<\/p>\n","protected":false},"excerpt":{"rendered":"<p>Webcam Pe\u00f1iscola Den spanske kystby Pe\u00f1iscola med sine 8.000 indbyggere ligger i provinsen Castell\u00f3n i den nordlige del af Valencia. Den gamle bydel ligger malerisk p\u00e5 en 64 meter h\u00f8j klippe i havet, hvor der p\u00e5 toppen af den ligger et gammelt slot. Den blev bygget mellem 1294 og 1307 af Tempelridderordenen. Lad dig imponere &#8230; <a title=\"Webcam Pe\u00f1iscola\" class=\"read-more\" href=\"https:\/\/weather-radar-live.com\/da\/webcam\/spanien\/webcam-peniscola\/\" aria-label=\"Read more about Webcam Pe\u00f1iscola\">L\u00e6s mere <\/a><\/p>\n","protected":false},"author":1,"featured_media":4994,"parent":4345,"menu_order":0,"comment_status":"closed","ping_status":"closed","template":"","meta":{"footnotes":""},"class_list":["post-4696","page","type-page","status-publish","has-post-thumbnail"],"yoast_head":"<!-- This site is optimized with the Yoast SEO plugin v27.5 - https:\/\/yoast.com\/product\/yoast-seo-wordpress\/ -->\n<title>Webcam Pe\u00f1iscola \u2192 Se det live!<\/title>\n<meta name=\"description\" content=\"Webcam Pe\u00f1iscola | Livecam i Pe\u00f1iscola! \u2705 Opdateret for dig i realtid! \u2705 Aktuel vejrudsigt!\" \/>\n<meta name=\"robots\" content=\"index, follow, max-snippet:-1, max-image-preview:large, max-video-preview:-1\" \/>\n<link rel=\"canonical\" href=\"https:\/\/weather-radar-live.com\/da\/webcam\/spanien\/webcam-peniscola\/\" \/>\n<meta property=\"og:locale\" content=\"da_DK\" \/>\n<meta property=\"og:type\" content=\"article\" \/>\n<meta property=\"og:title\" content=\"Webcam Pe\u00f1iscola \u2192 Se det live!\" \/>\n<meta property=\"og:description\" content=\"Webcam Pe\u00f1iscola | Livecam i Pe\u00f1iscola! \u2705 Opdateret for dig i realtid! \u2705 Aktuel vejrudsigt!\" \/>\n<meta property=\"og:url\" content=\"https:\/\/weather-radar-live.com\/da\/webcam\/spanien\/webcam-peniscola\/\" \/>\n<meta property=\"og:site_name\" content=\"weather-radar-live.com\" \/>\n<meta property=\"article:modified_time\" content=\"2022-07-19T05:39:10+00:00\" \/>\n<meta property=\"og:image\" content=\"https:\/\/weather-radar-live.com\/wp-content\/uploads\/2021\/06\/sam-schooler-E9aetBe2w40-unsplash-e1622554814366.jpg\" \/>\n<meta name=\"twitter:card\" content=\"summary_large_image\" \/>\n<meta name=\"twitter:label1\" content=\"Estimeret l\u00e6setid\" \/>\n\t<meta name=\"twitter:data1\" content=\"2 minutter\" \/>\n<script type=\"application\/ld+json\" class=\"yoast-schema-graph\">{\"@context\":\"https:\\\/\\\/schema.org\",\"@graph\":[{\"@type\":\"WebPage\",\"@id\":\"https:\\\/\\\/weather-radar-live.com\\\/da\\\/webcam\\\/spanien\\\/webcam-peniscola\\\/\",\"url\":\"https:\\\/\\\/weather-radar-live.com\\\/da\\\/webcam\\\/spanien\\\/webcam-peniscola\\\/\",\"name\":\"Webcam Pe\u00f1iscola \u2192 Se det live!\",\"isPartOf\":{\"@id\":\"https:\\\/\\\/weather-radar-live.com\\\/#website\"},\"primaryImageOfPage\":{\"@id\":\"https:\\\/\\\/weather-radar-live.com\\\/da\\\/webcam\\\/spanien\\\/webcam-peniscola\\\/#primaryimage\"},\"image\":{\"@id\":\"https:\\\/\\\/weather-radar-live.com\\\/da\\\/webcam\\\/spanien\\\/webcam-peniscola\\\/#primaryimage\"},\"thumbnailUrl\":\"https:\\\/\\\/weather-radar-live.com\\\/wp-content\\\/uploads\\\/2022\\\/07\\\/Webcam-Peniscola-e1658218266492.png\",\"datePublished\":\"2022-07-18T14:48:56+00:00\",\"dateModified\":\"2022-07-19T05:39:10+00:00\",\"description\":\"Webcam Pe\u00f1iscola | Livecam i Pe\u00f1iscola! \u2705 Opdateret for dig i realtid! \u2705 Aktuel vejrudsigt!\",\"breadcrumb\":{\"@id\":\"https:\\\/\\\/weather-radar-live.com\\\/da\\\/webcam\\\/spanien\\\/webcam-peniscola\\\/#breadcrumb\"},\"inLanguage\":\"da-DK\",\"potentialAction\":[{\"@type\":\"ReadAction\",\"target\":[\"https:\\\/\\\/weather-radar-live.com\\\/da\\\/webcam\\\/spanien\\\/webcam-peniscola\\\/\"]}]},{\"@type\":\"ImageObject\",\"inLanguage\":\"da-DK\",\"@id\":\"https:\\\/\\\/weather-radar-live.com\\\/da\\\/webcam\\\/spanien\\\/webcam-peniscola\\\/#primaryimage\",\"url\":\"https:\\\/\\\/weather-radar-live.com\\\/wp-content\\\/uploads\\\/2022\\\/07\\\/Webcam-Peniscola-e1658218266492.png\",\"contentUrl\":\"https:\\\/\\\/weather-radar-live.com\\\/wp-content\\\/uploads\\\/2022\\\/07\\\/Webcam-Peniscola-e1658218266492.png\",\"width\":838,\"height\":527,\"caption\":\"Webcam Peniscola\"},{\"@type\":\"BreadcrumbList\",\"@id\":\"https:\\\/\\\/weather-radar-live.com\\\/da\\\/webcam\\\/spanien\\\/webcam-peniscola\\\/#breadcrumb\",\"itemListElement\":[{\"@type\":\"ListItem\",\"position\":1,\"name\":\"Weather Radar Live\",\"item\":\"https:\\\/\\\/weather-radar-live.com\\\/da\\\/\"},{\"@type\":\"ListItem\",\"position\":2,\"name\":\"Webcam\",\"item\":\"https:\\\/\\\/weather-radar-live.com\\\/da\\\/webcam\\\/\"},{\"@type\":\"ListItem\",\"position\":3,\"name\":\"Spanien\",\"item\":\"https:\\\/\\\/weather-radar-live.com\\\/da\\\/webcam\\\/spanien\\\/\"},{\"@type\":\"ListItem\",\"position\":4,\"name\":\"Webcam Pe\u00f1iscola\"}]},{\"@type\":\"WebSite\",\"@id\":\"https:\\\/\\\/weather-radar-live.com\\\/#website\",\"url\":\"https:\\\/\\\/weather-radar-live.com\\\/\",\"name\":\"weather-radar-live.com\",\"description\":\"Your weather and sky radar.\",\"publisher\":{\"@id\":\"https:\\\/\\\/weather-radar-live.com\\\/#organization\"},\"potentialAction\":[{\"@type\":\"SearchAction\",\"target\":{\"@type\":\"EntryPoint\",\"urlTemplate\":\"https:\\\/\\\/weather-radar-live.com\\\/?s={search_term_string}\"},\"query-input\":{\"@type\":\"PropertyValueSpecification\",\"valueRequired\":true,\"valueName\":\"search_term_string\"}}],\"inLanguage\":\"da-DK\"},{\"@type\":\"Organization\",\"@id\":\"https:\\\/\\\/weather-radar-live.com\\\/#organization\",\"name\":\"weather-radar-live.com\",\"url\":\"https:\\\/\\\/weather-radar-live.com\\\/\",\"logo\":{\"@type\":\"ImageObject\",\"inLanguage\":\"da-DK\",\"@id\":\"https:\\\/\\\/weather-radar-live.com\\\/#\\\/schema\\\/logo\\\/image\\\/\",\"url\":\"https:\\\/\\\/weather-radar-live.com\\\/wp-content\\\/uploads\\\/2022\\\/03\\\/cropped-WRL2503.png\",\"contentUrl\":\"https:\\\/\\\/weather-radar-live.com\\\/wp-content\\\/uploads\\\/2022\\\/03\\\/cropped-WRL2503.png\",\"width\":1920,\"height\":555,\"caption\":\"weather-radar-live.com\"},\"image\":{\"@id\":\"https:\\\/\\\/weather-radar-live.com\\\/#\\\/schema\\\/logo\\\/image\\\/\"}}]}<\/script>\n<!-- \/ Yoast SEO plugin. -->","yoast_head_json":{"title":"Webcam Pe\u00f1iscola \u2192 Se det live!","description":"Webcam Pe\u00f1iscola | Livecam i Pe\u00f1iscola! \u2705 Opdateret for dig i realtid! \u2705 Aktuel vejrudsigt!","robots":{"index":"index","follow":"follow","max-snippet":"max-snippet:-1","max-image-preview":"max-image-preview:large","max-video-preview":"max-video-preview:-1"},"canonical":"https:\/\/weather-radar-live.com\/da\/webcam\/spanien\/webcam-peniscola\/","og_locale":"da_DK","og_type":"article","og_title":"Webcam Pe\u00f1iscola \u2192 Se det live!","og_description":"Webcam Pe\u00f1iscola | Livecam i Pe\u00f1iscola! \u2705 Opdateret for dig i realtid! \u2705 Aktuel vejrudsigt!","og_url":"https:\/\/weather-radar-live.com\/da\/webcam\/spanien\/webcam-peniscola\/","og_site_name":"weather-radar-live.com","article_modified_time":"2022-07-19T05:39:10+00:00","og_image":[{"url":"https:\/\/weather-radar-live.com\/wp-content\/uploads\/2021\/06\/sam-schooler-E9aetBe2w40-unsplash-e1622554814366.jpg","type":"","width":"","height":""}],"twitter_card":"summary_large_image","twitter_misc":{"Estimeret l\u00e6setid":"2 minutter"},"schema":{"@context":"https:\/\/schema.org","@graph":[{"@type":"WebPage","@id":"https:\/\/weather-radar-live.com\/da\/webcam\/spanien\/webcam-peniscola\/","url":"https:\/\/weather-radar-live.com\/da\/webcam\/spanien\/webcam-peniscola\/","name":"Webcam Pe\u00f1iscola \u2192 Se det live!","isPartOf":{"@id":"https:\/\/weather-radar-live.com\/#website"},"primaryImageOfPage":{"@id":"https:\/\/weather-radar-live.com\/da\/webcam\/spanien\/webcam-peniscola\/#primaryimage"},"image":{"@id":"https:\/\/weather-radar-live.com\/da\/webcam\/spanien\/webcam-peniscola\/#primaryimage"},"thumbnailUrl":"https:\/\/weather-radar-live.com\/wp-content\/uploads\/2022\/07\/Webcam-Peniscola-e1658218266492.png","datePublished":"2022-07-18T14:48:56+00:00","dateModified":"2022-07-19T05:39:10+00:00","description":"Webcam Pe\u00f1iscola | Livecam i Pe\u00f1iscola! \u2705 Opdateret for dig i realtid! \u2705 Aktuel vejrudsigt!","breadcrumb":{"@id":"https:\/\/weather-radar-live.com\/da\/webcam\/spanien\/webcam-peniscola\/#breadcrumb"},"inLanguage":"da-DK","potentialAction":[{"@type":"ReadAction","target":["https:\/\/weather-radar-live.com\/da\/webcam\/spanien\/webcam-peniscola\/"]}]},{"@type":"ImageObject","inLanguage":"da-DK","@id":"https:\/\/weather-radar-live.com\/da\/webcam\/spanien\/webcam-peniscola\/#primaryimage","url":"https:\/\/weather-radar-live.com\/wp-content\/uploads\/2022\/07\/Webcam-Peniscola-e1658218266492.png","contentUrl":"https:\/\/weather-radar-live.com\/wp-content\/uploads\/2022\/07\/Webcam-Peniscola-e1658218266492.png","width":838,"height":527,"caption":"Webcam Peniscola"},{"@type":"BreadcrumbList","@id":"https:\/\/weather-radar-live.com\/da\/webcam\/spanien\/webcam-peniscola\/#breadcrumb","itemListElement":[{"@type":"ListItem","position":1,"name":"Weather Radar Live","item":"https:\/\/weather-radar-live.com\/da\/"},{"@type":"ListItem","position":2,"name":"Webcam","item":"https:\/\/weather-radar-live.com\/da\/webcam\/"},{"@type":"ListItem","position":3,"name":"Spanien","item":"https:\/\/weather-radar-live.com\/da\/webcam\/spanien\/"},{"@type":"ListItem","position":4,"name":"Webcam Pe\u00f1iscola"}]},{"@type":"WebSite","@id":"https:\/\/weather-radar-live.com\/#website","url":"https:\/\/weather-radar-live.com\/","name":"weather-radar-live.com","description":"Your weather and sky radar.","publisher":{"@id":"https:\/\/weather-radar-live.com\/#organization"},"potentialAction":[{"@type":"SearchAction","target":{"@type":"EntryPoint","urlTemplate":"https:\/\/weather-radar-live.com\/?s={search_term_string}"},"query-input":{"@type":"PropertyValueSpecification","valueRequired":true,"valueName":"search_term_string"}}],"inLanguage":"da-DK"},{"@type":"Organization","@id":"https:\/\/weather-radar-live.com\/#organization","name":"weather-radar-live.com","url":"https:\/\/weather-radar-live.com\/","logo":{"@type":"ImageObject","inLanguage":"da-DK","@id":"https:\/\/weather-radar-live.com\/#\/schema\/logo\/image\/","url":"https:\/\/weather-radar-live.com\/wp-content\/uploads\/2022\/03\/cropped-WRL2503.png","contentUrl":"https:\/\/weather-radar-live.com\/wp-content\/uploads\/2022\/03\/cropped-WRL2503.png","width":1920,"height":555,"caption":"weather-radar-live.com"},"image":{"@id":"https:\/\/weather-radar-live.com\/#\/schema\/logo\/image\/"}}]}},"_links":{"self":[{"href":"https:\/\/weather-radar-live.com\/da\/wp-json\/wp\/v2\/pages\/4696","targetHints":{"allow":["GET"]}}],"collection":[{"href":"https:\/\/weather-radar-live.com\/da\/wp-json\/wp\/v2\/pages"}],"about":[{"href":"https:\/\/weather-radar-live.com\/da\/wp-json\/wp\/v2\/types\/page"}],"author":[{"embeddable":true,"href":"https:\/\/weather-radar-live.com\/da\/wp-json\/wp\/v2\/users\/1"}],"replies":[{"embeddable":true,"href":"https:\/\/weather-radar-live.com\/da\/wp-json\/wp\/v2\/comments?post=4696"}],"version-history":[{"count":3,"href":"https:\/\/weather-radar-live.com\/da\/wp-json\/wp\/v2\/pages\/4696\/revisions"}],"predecessor-version":[{"id":4871,"href":"https:\/\/weather-radar-live.com\/da\/wp-json\/wp\/v2\/pages\/4696\/revisions\/4871"}],"up":[{"embeddable":true,"href":"https:\/\/weather-radar-live.com\/da\/wp-json\/wp\/v2\/pages\/4345"}],"wp:featuredmedia":[{"embeddable":true,"href":"https:\/\/weather-radar-live.com\/da\/wp-json\/wp\/v2\/media\/4994"}],"wp:attachment":[{"href":"https:\/\/weather-radar-live.com\/da\/wp-json\/wp\/v2\/media?parent=4696"}],"curies":[{"name":"wp","href":"https:\/\/api.w.org\/{rel}","templated":true}]}}