{"id":4579,"date":"2022-07-18T15:05:43","date_gmt":"2022-07-18T13:05:43","guid":{"rendered":"https:\/\/weather-radar-live.com\/?page_id=4579"},"modified":"2022-07-19T07:46:35","modified_gmt":"2022-07-19T05:46:35","slug":"webcam-el-palmar","status":"publish","type":"page","link":"https:\/\/weather-radar-live.com\/da\/webcam\/spanien\/webcam-el-palmar\/","title":{"rendered":"Webcam El Palmar"},"content":{"rendered":"<div id=\"weath-1092814908\" class=\"weath-vor-dem-inhalt weath-entity-placement\" style=\"margin-top: 15px;margin-right: 25px;margin-bottom: 40px;margin-left: 25px;\"><script async src=\"\/\/pagead2.googlesyndication.com\/pagead\/js\/adsbygoogle.js?client=ca-pub-8960936133935804\" crossorigin=\"anonymous\"><\/script><ins class=\"adsbygoogle\" style=\"display:block;\" data-ad-client=\"ca-pub-8960936133935804\" \ndata-ad-slot=\"6172817020\" \ndata-ad-format=\"auto\"><\/ins>\n<script> \n(adsbygoogle = window.adsbygoogle || []).push({}); \n<\/script>\n<\/div>\n<div class=\"wp-block-cover alignfull is-light\"><span aria-hidden=\"true\" class=\"wp-block-cover__gradient-background has-background-dim\"><\/span><img decoding=\"async\" class=\"wp-block-cover__image-background wp-image-342\" alt=\"Webcam El Palmar\" src=\"https:\/\/weather-radar-live.com\/wp-content\/uploads\/2021\/06\/sam-schooler-E9aetBe2w40-unsplash-e1622554814366.jpg\" data-object-fit=\"cover\"\/><div class=\"wp-block-cover__inner-container is-layout-flow wp-block-cover-is-layout-flow\">\n<h2 class=\"has-text-align-center heading wp-block-heading\" id=\"webcam-fort-mahon\" style=\"font-size:40px\"><strong><mark style=\"background-color:rgba(0, 0, 0, 0)\" class=\"has-inline-color has-base-3-color\">WEBCAM <\/mark><\/strong><br><strong><mark style=\"background-color:rgba(0, 0, 0, 0)\" class=\"has-inline-color has-base-3-color\">EL PALMAR<\/mark><\/strong><\/h2>\n<\/div><\/div>\n\n\n<div class=\"yoast-breadcrumbs\"><span><span><a href=\"https:\/\/weather-radar-live.com\/da\/\">Weather Radar Live<\/a><\/span> \u00bb <span><a href=\"https:\/\/weather-radar-live.com\/da\/webcam\/\">Webcam<\/a><\/span> \u00bb <span><a href=\"https:\/\/weather-radar-live.com\/da\/webcam\/spanien\/\">Spanien<\/a><\/span> \u00bb <span class=\"breadcrumb_last\" aria-current=\"page\"><strong>Webcam El Palmar<\/strong><\/span><\/span><\/div>\n\n\n<h2 class=\"has-text-align-center wp-block-heading\" id=\"webcam-fort-mahon\"><strong>Webcam El Palmar<\/strong><\/h2>\n\n\n\n<p>Den lille strandby El Palmar de Vejer ligger i den sydvestlige del af Spanien og er en del af Vejer de la Frontera. Med sine 909 indbyggere er det ikke en stor by, men byder alligevel p\u00e5 gode muligheder for at opleve den spanske livsstil og lade sj\u00e6len dingle. Med vores El Palmar webcam har du den perfekte mulighed for at nyde den spanske sol, allerede inden du bes\u00f8ger byen. Ud over turismen ved havet er landbruget med hvede og roer samt kv\u00e6gopdr\u00e6t p\u00e5 de store enge med palmer en stor del af indbyggernes levebr\u00f8d.<\/p>\n\n\n\n<p>Med sin beliggenhed t\u00e6t p\u00e5 Gibraltarstr\u00e6det lever byen af turismen med h\u00f8js\u00e6son for kystrestauranter med lokal gastronomi i juli og august. P\u00e5 grund af de bl\u00e6sende forhold er El Palmar de Vejer is\u00e6r popul\u00e6r blandt vandsportsentusiaster, som begejstrer andre bes\u00f8gende med deres tricks under windsurfing eller kitesurfing. Is\u00e6r for entusiastiske surfere er vores webcam El Palmar velegnet til at tjekke forholdene p\u00e5 stedet, inden turen g\u00e5r til vandet.<\/p><div id=\"weath-1533356939\" class=\"weath-inhalt_2 weath-entity-placement\" style=\"margin-top: 15px;margin-right: 25px;margin-bottom: 35px;margin-left: 25px;\"><script async src=\"\/\/pagead2.googlesyndication.com\/pagead\/js\/adsbygoogle.js?client=ca-pub-8960936133935804\" crossorigin=\"anonymous\"><\/script><ins class=\"adsbygoogle\" style=\"display:block;\" data-ad-client=\"ca-pub-8960936133935804\" \ndata-ad-slot=\"1963584050\" \ndata-ad-format=\"auto\"><\/ins>\n<script> \n(adsbygoogle = window.adsbygoogle || []).push({}); \n<\/script>\n<\/div>\n\n\n\n<div class=\"wp-block-columns is-layout-flex wp-container-core-columns-is-layout-9d6595d7 wp-block-columns-is-layout-flex\">\n<div class=\"wp-block-column webcam-column is-layout-flow wp-block-column-is-layout-flow\">\n<h3 class=\"has-text-align-center live-emoji wp-block-heading\">\ud83d\udd34 <strong>Webcam El Palmar<\/strong> <\/h3>\n\n\n\n<a name=\"windy-webcam-timelapse-player\" data-id=\"1647526115\" data-play=\"day\" href=\"https:\/\/windy.com\/webcams\/1647526115\" target=\"_blank\" rel=\"noopener\">Vejer de la Frontera: El Palmar de Vejer<\/a><script async=\"\" type=\"text\/javascript\" src=\"https:\/\/webcams.windy.com\/webcams\/public\/embed\/script\/player.js\"><\/script>\n<\/div>\n<\/div>\n\n\n\n<div class=\"wp-block-columns is-layout-flex wp-container-core-columns-is-layout-9d6595d7 wp-block-columns-is-layout-flex\">\n<div class=\"wp-block-column webcam-column is-layout-flow wp-block-column-is-layout-flow\">\n<h3 class=\"has-text-align-center wp-block-heading\">\ud83d\udd34 <strong>Webcam El Palmar<\/strong> Vejer de la Frontera<\/h3>\n\n\n\n<a name=\"windy-webcam-timelapse-player\" data-id=\"1649182447\" data-play=\"day\" href=\"https:\/\/windy.com\/webcams\/1649182447\" target=\"_blank\" rel=\"noopener\">Vejer de la Frontera<\/a><script async=\"\" type=\"text\/javascript\" src=\"https:\/\/webcams.windy.com\/webcams\/public\/embed\/script\/player.js\"><\/script>\n<\/div>\n<\/div>\n\n\n\n<h2 class=\"wp-block-heading\" id=\"fort-mahon-today\"><strong>Vejrradar El Palmar &#8211; Vejret i El Palmar<\/strong><\/h2>\n\n\n\n<p>Vores webcam tilbyder en af de bedste m\u00e5der at tjekke vejret i El Palmar p\u00e5. Udsigten over byen og det omkringliggende omr\u00e5de viser straks, hvordan vejrforholdene er p\u00e5 stranden. Dette er et meget vigtigt kriterium for mange vandsportsud\u00f8vere for den videre planl\u00e6gning af dagen, og det kan g\u00f8res komfortabelt fra sofaen ved hj\u00e6lp af vores live-billeder. Gennem vores vejrradar bliver du ogs\u00e5 altid advaret i tilf\u00e6lde af pludselige storme.<\/p>\n\n\n\n<div class=\"wp-block-columns is-layout-flex wp-container-core-columns-is-layout-9d6595d7 wp-block-columns-is-layout-flex\">\n<div class=\"wp-block-column is-layout-flow wp-block-column-is-layout-flow\" style=\"flex-basis:75%\">\n<iframe loading=\"lazy\" width=\"1300\" height=\"502\" src=\"https:\/\/embed.windy.com\/embed2.html?lat=36.205&amp;lon=-5.925&amp;detailLat=36.234&amp;detailLon=-6.124&amp;width=1300&amp;height=502&amp;zoom=11&amp;level=surface&amp;overlay=rain&amp;product=ecmwf&amp;menu=&amp;message=&amp;marker=&amp;calendar=now&amp;pressure=&amp;type=map&amp;location=coordinates&amp;detail=&amp;metricWind=default&amp;metricTemp=default&amp;radarRange=-1\" frameborder=\"0\"><\/iframe>\n<\/div>\n\n\n\n<div class=\"wp-block-column is-layout-flow wp-block-column-is-layout-flow\" style=\"flex-basis:25%\">\n<a class=\"weatherwidget-io\" href=\"https:\/\/forecast7.com\/da\/36d24n6d07\/el-palmar-de-vejer\/\" data-label_1=\"EL PALMAR\" data-theme=\"original\">EL PALMAR<\/a>\n<script>\n!function(d,s,id){var js,fjs=d.getElementsByTagName(s)[0];if(!d.getElementById(id)){js=d.createElement(s);js.id=id;js.src='https:\/\/weatherwidget.io\/js\/widget.min.js';fjs.parentNode.insertBefore(js,fjs);}}(document,'script','weatherwidget-io-js');\n<\/script>\n<\/div>\n<\/div>\n\n\n\n<h2 class=\"wp-block-heading\" id=\"fort-mahon-weather\"><strong>Klimaet i El Palmar<\/strong><\/h2>\n\n\n\n<p>P\u00e5 grund af sin maritime beliggenhed i subtropiske omr\u00e5der er klimaet i Vejer de la Frontera pr\u00e6get af forholdsvis k\u00f8lige somre og varme vintre. Den \u00e5rlige gennemsnitstemperatur er 21 grader, hvilket skyldes den varmeste august m\u00e5ned med 28 grader og den koldeste januar m\u00e5ned med 15 grader. Med en solskinsvarighed p\u00e5 ca. otte timer om dagen viser det allerede, at der er tale om et t\u00f8rt klima med meget lidt nedb\u00f8r. Is\u00e6r i sommerm\u00e5nederne fra juni til august er der i gennemsnit \u00e9n regnvejrsdag med mere end 1 mm nedb\u00f8r pr. m\u00e5ned.<\/p>\n\n\n\n<h2 class=\"wp-block-heading\"><strong>Sev\u00e6rdigheder i El Palmar<\/strong><\/h2>\n\n\n\n<p>Hovedattraktionen i El Palmar de Vejer er byens strand, som str\u00e6kker sig langs otte kilometer af Atlanterhavskysten. Med bl\u00e6sende forhold og Atlanterhavets b\u00f8lger tiltr\u00e6kker den masser af surfere p\u00e5 gode dage i h\u00f8js\u00e6sonen om vinteren og tilbyder et godt sted for alle til at slappe af under mere tempererede forhold om sommeren. I de tilst\u00f8dende restauranter forbliver intet \u00f8nske om fysisk velv\u00e6re uopfyldt. Som en udflugt fra stranden er den n\u00e6rliggende by Cadiz, som ogs\u00e5 er direkte tilg\u00e6ngelig med bus og tilbyder god variation fra afslapningen p\u00e5 stranden.<\/p>\n","protected":false},"excerpt":{"rendered":"<p>Webcam El Palmar Den lille strandby El Palmar de Vejer ligger i den sydvestlige del af Spanien og er en del af Vejer de la Frontera. Med sine 909 indbyggere er det ikke en stor by, men byder alligevel p\u00e5 gode muligheder for at opleve den spanske livsstil og lade sj\u00e6len dingle. Med vores El &#8230; <a title=\"Webcam El Palmar\" class=\"read-more\" href=\"https:\/\/weather-radar-live.com\/da\/webcam\/spanien\/webcam-el-palmar\/\" aria-label=\"Read more about Webcam El Palmar\">L\u00e6s mere <\/a><\/p>\n","protected":false},"author":1,"featured_media":4484,"parent":4345,"menu_order":0,"comment_status":"closed","ping_status":"closed","template":"","meta":{"footnotes":""},"class_list":["post-4579","page","type-page","status-publish","has-post-thumbnail"],"yoast_head":"<!-- This site is optimized with the Yoast SEO plugin v27.4 - https:\/\/yoast.com\/product\/yoast-seo-wordpress\/ -->\n<title>Webcam El Palmar \u2192 \u2192 Se det live!<\/title>\n<meta name=\"description\" content=\"Webcam El Palmar | Livecam fra El Palmar! \u2705 Opdateret for dig i realtid! \u2705 Aktuel vejrudsigt!\" \/>\n<meta name=\"robots\" content=\"index, follow, max-snippet:-1, max-image-preview:large, max-video-preview:-1\" \/>\n<link rel=\"canonical\" href=\"https:\/\/weather-radar-live.com\/da\/webcam\/spanien\/webcam-el-palmar\/\" \/>\n<meta property=\"og:locale\" content=\"da_DK\" \/>\n<meta property=\"og:type\" content=\"article\" \/>\n<meta property=\"og:title\" content=\"Webcam El Palmar \u2192 \u2192 Se det live!\" \/>\n<meta property=\"og:description\" content=\"Webcam El Palmar | Livecam fra El Palmar! \u2705 Opdateret for dig i realtid! \u2705 Aktuel vejrudsigt!\" \/>\n<meta property=\"og:url\" content=\"https:\/\/weather-radar-live.com\/da\/webcam\/spanien\/webcam-el-palmar\/\" \/>\n<meta property=\"og:site_name\" content=\"weather-radar-live.com\" \/>\n<meta property=\"article:modified_time\" content=\"2022-07-19T05:46:35+00:00\" \/>\n<meta property=\"og:image\" content=\"https:\/\/weather-radar-live.com\/wp-content\/uploads\/2021\/06\/sam-schooler-E9aetBe2w40-unsplash-e1622554814366.jpg\" \/>\n<meta name=\"twitter:card\" content=\"summary_large_image\" \/>\n<meta name=\"twitter:label1\" content=\"Estimeret l\u00e6setid\" \/>\n\t<meta name=\"twitter:data1\" content=\"3 minutter\" \/>\n<script type=\"application\/ld+json\" class=\"yoast-schema-graph\">{\"@context\":\"https:\\\/\\\/schema.org\",\"@graph\":[{\"@type\":\"WebPage\",\"@id\":\"https:\\\/\\\/weather-radar-live.com\\\/da\\\/webcam\\\/spanien\\\/webcam-el-palmar\\\/\",\"url\":\"https:\\\/\\\/weather-radar-live.com\\\/da\\\/webcam\\\/spanien\\\/webcam-el-palmar\\\/\",\"name\":\"Webcam El Palmar \u2192 \u2192 Se det live!\",\"isPartOf\":{\"@id\":\"https:\\\/\\\/weather-radar-live.com\\\/#website\"},\"primaryImageOfPage\":{\"@id\":\"https:\\\/\\\/weather-radar-live.com\\\/da\\\/webcam\\\/spanien\\\/webcam-el-palmar\\\/#primaryimage\"},\"image\":{\"@id\":\"https:\\\/\\\/weather-radar-live.com\\\/da\\\/webcam\\\/spanien\\\/webcam-el-palmar\\\/#primaryimage\"},\"thumbnailUrl\":\"https:\\\/\\\/weather-radar-live.com\\\/wp-content\\\/uploads\\\/2022\\\/07\\\/Webcam-El-Palmar-e1657828841110.jpg\",\"datePublished\":\"2022-07-18T13:05:43+00:00\",\"dateModified\":\"2022-07-19T05:46:35+00:00\",\"description\":\"Webcam El Palmar | Livecam fra El Palmar! \u2705 Opdateret for dig i realtid! \u2705 Aktuel vejrudsigt!\",\"breadcrumb\":{\"@id\":\"https:\\\/\\\/weather-radar-live.com\\\/da\\\/webcam\\\/spanien\\\/webcam-el-palmar\\\/#breadcrumb\"},\"inLanguage\":\"da-DK\",\"potentialAction\":[{\"@type\":\"ReadAction\",\"target\":[\"https:\\\/\\\/weather-radar-live.com\\\/da\\\/webcam\\\/spanien\\\/webcam-el-palmar\\\/\"]}]},{\"@type\":\"ImageObject\",\"inLanguage\":\"da-DK\",\"@id\":\"https:\\\/\\\/weather-radar-live.com\\\/da\\\/webcam\\\/spanien\\\/webcam-el-palmar\\\/#primaryimage\",\"url\":\"https:\\\/\\\/weather-radar-live.com\\\/wp-content\\\/uploads\\\/2022\\\/07\\\/Webcam-El-Palmar-e1657828841110.jpg\",\"contentUrl\":\"https:\\\/\\\/weather-radar-live.com\\\/wp-content\\\/uploads\\\/2022\\\/07\\\/Webcam-El-Palmar-e1657828841110.jpg\",\"width\":1749,\"height\":945,\"caption\":\"Webcam El Palmar\"},{\"@type\":\"BreadcrumbList\",\"@id\":\"https:\\\/\\\/weather-radar-live.com\\\/da\\\/webcam\\\/spanien\\\/webcam-el-palmar\\\/#breadcrumb\",\"itemListElement\":[{\"@type\":\"ListItem\",\"position\":1,\"name\":\"Weather Radar Live\",\"item\":\"https:\\\/\\\/weather-radar-live.com\\\/da\\\/\"},{\"@type\":\"ListItem\",\"position\":2,\"name\":\"Webcam\",\"item\":\"https:\\\/\\\/weather-radar-live.com\\\/da\\\/webcam\\\/\"},{\"@type\":\"ListItem\",\"position\":3,\"name\":\"Spanien\",\"item\":\"https:\\\/\\\/weather-radar-live.com\\\/da\\\/webcam\\\/spanien\\\/\"},{\"@type\":\"ListItem\",\"position\":4,\"name\":\"Webcam El Palmar\"}]},{\"@type\":\"WebSite\",\"@id\":\"https:\\\/\\\/weather-radar-live.com\\\/#website\",\"url\":\"https:\\\/\\\/weather-radar-live.com\\\/\",\"name\":\"weather-radar-live.com\",\"description\":\"Your weather and sky radar.\",\"publisher\":{\"@id\":\"https:\\\/\\\/weather-radar-live.com\\\/#organization\"},\"potentialAction\":[{\"@type\":\"SearchAction\",\"target\":{\"@type\":\"EntryPoint\",\"urlTemplate\":\"https:\\\/\\\/weather-radar-live.com\\\/?s={search_term_string}\"},\"query-input\":{\"@type\":\"PropertyValueSpecification\",\"valueRequired\":true,\"valueName\":\"search_term_string\"}}],\"inLanguage\":\"da-DK\"},{\"@type\":\"Organization\",\"@id\":\"https:\\\/\\\/weather-radar-live.com\\\/#organization\",\"name\":\"weather-radar-live.com\",\"url\":\"https:\\\/\\\/weather-radar-live.com\\\/\",\"logo\":{\"@type\":\"ImageObject\",\"inLanguage\":\"da-DK\",\"@id\":\"https:\\\/\\\/weather-radar-live.com\\\/#\\\/schema\\\/logo\\\/image\\\/\",\"url\":\"https:\\\/\\\/weather-radar-live.com\\\/wp-content\\\/uploads\\\/2022\\\/03\\\/cropped-WRL2503.png\",\"contentUrl\":\"https:\\\/\\\/weather-radar-live.com\\\/wp-content\\\/uploads\\\/2022\\\/03\\\/cropped-WRL2503.png\",\"width\":1920,\"height\":555,\"caption\":\"weather-radar-live.com\"},\"image\":{\"@id\":\"https:\\\/\\\/weather-radar-live.com\\\/#\\\/schema\\\/logo\\\/image\\\/\"}}]}<\/script>\n<!-- \/ Yoast SEO plugin. -->","yoast_head_json":{"title":"Webcam El Palmar \u2192 \u2192 Se det live!","description":"Webcam El Palmar | Livecam fra El Palmar! \u2705 Opdateret for dig i realtid! \u2705 Aktuel vejrudsigt!","robots":{"index":"index","follow":"follow","max-snippet":"max-snippet:-1","max-image-preview":"max-image-preview:large","max-video-preview":"max-video-preview:-1"},"canonical":"https:\/\/weather-radar-live.com\/da\/webcam\/spanien\/webcam-el-palmar\/","og_locale":"da_DK","og_type":"article","og_title":"Webcam El Palmar \u2192 \u2192 Se det live!","og_description":"Webcam El Palmar | Livecam fra El Palmar! \u2705 Opdateret for dig i realtid! \u2705 Aktuel vejrudsigt!","og_url":"https:\/\/weather-radar-live.com\/da\/webcam\/spanien\/webcam-el-palmar\/","og_site_name":"weather-radar-live.com","article_modified_time":"2022-07-19T05:46:35+00:00","og_image":[{"url":"https:\/\/weather-radar-live.com\/wp-content\/uploads\/2021\/06\/sam-schooler-E9aetBe2w40-unsplash-e1622554814366.jpg","type":"","width":"","height":""}],"twitter_card":"summary_large_image","twitter_misc":{"Estimeret l\u00e6setid":"3 minutter"},"schema":{"@context":"https:\/\/schema.org","@graph":[{"@type":"WebPage","@id":"https:\/\/weather-radar-live.com\/da\/webcam\/spanien\/webcam-el-palmar\/","url":"https:\/\/weather-radar-live.com\/da\/webcam\/spanien\/webcam-el-palmar\/","name":"Webcam El Palmar \u2192 \u2192 Se det live!","isPartOf":{"@id":"https:\/\/weather-radar-live.com\/#website"},"primaryImageOfPage":{"@id":"https:\/\/weather-radar-live.com\/da\/webcam\/spanien\/webcam-el-palmar\/#primaryimage"},"image":{"@id":"https:\/\/weather-radar-live.com\/da\/webcam\/spanien\/webcam-el-palmar\/#primaryimage"},"thumbnailUrl":"https:\/\/weather-radar-live.com\/wp-content\/uploads\/2022\/07\/Webcam-El-Palmar-e1657828841110.jpg","datePublished":"2022-07-18T13:05:43+00:00","dateModified":"2022-07-19T05:46:35+00:00","description":"Webcam El Palmar | Livecam fra El Palmar! \u2705 Opdateret for dig i realtid! \u2705 Aktuel vejrudsigt!","breadcrumb":{"@id":"https:\/\/weather-radar-live.com\/da\/webcam\/spanien\/webcam-el-palmar\/#breadcrumb"},"inLanguage":"da-DK","potentialAction":[{"@type":"ReadAction","target":["https:\/\/weather-radar-live.com\/da\/webcam\/spanien\/webcam-el-palmar\/"]}]},{"@type":"ImageObject","inLanguage":"da-DK","@id":"https:\/\/weather-radar-live.com\/da\/webcam\/spanien\/webcam-el-palmar\/#primaryimage","url":"https:\/\/weather-radar-live.com\/wp-content\/uploads\/2022\/07\/Webcam-El-Palmar-e1657828841110.jpg","contentUrl":"https:\/\/weather-radar-live.com\/wp-content\/uploads\/2022\/07\/Webcam-El-Palmar-e1657828841110.jpg","width":1749,"height":945,"caption":"Webcam El Palmar"},{"@type":"BreadcrumbList","@id":"https:\/\/weather-radar-live.com\/da\/webcam\/spanien\/webcam-el-palmar\/#breadcrumb","itemListElement":[{"@type":"ListItem","position":1,"name":"Weather Radar Live","item":"https:\/\/weather-radar-live.com\/da\/"},{"@type":"ListItem","position":2,"name":"Webcam","item":"https:\/\/weather-radar-live.com\/da\/webcam\/"},{"@type":"ListItem","position":3,"name":"Spanien","item":"https:\/\/weather-radar-live.com\/da\/webcam\/spanien\/"},{"@type":"ListItem","position":4,"name":"Webcam El Palmar"}]},{"@type":"WebSite","@id":"https:\/\/weather-radar-live.com\/#website","url":"https:\/\/weather-radar-live.com\/","name":"weather-radar-live.com","description":"Your weather and sky radar.","publisher":{"@id":"https:\/\/weather-radar-live.com\/#organization"},"potentialAction":[{"@type":"SearchAction","target":{"@type":"EntryPoint","urlTemplate":"https:\/\/weather-radar-live.com\/?s={search_term_string}"},"query-input":{"@type":"PropertyValueSpecification","valueRequired":true,"valueName":"search_term_string"}}],"inLanguage":"da-DK"},{"@type":"Organization","@id":"https:\/\/weather-radar-live.com\/#organization","name":"weather-radar-live.com","url":"https:\/\/weather-radar-live.com\/","logo":{"@type":"ImageObject","inLanguage":"da-DK","@id":"https:\/\/weather-radar-live.com\/#\/schema\/logo\/image\/","url":"https:\/\/weather-radar-live.com\/wp-content\/uploads\/2022\/03\/cropped-WRL2503.png","contentUrl":"https:\/\/weather-radar-live.com\/wp-content\/uploads\/2022\/03\/cropped-WRL2503.png","width":1920,"height":555,"caption":"weather-radar-live.com"},"image":{"@id":"https:\/\/weather-radar-live.com\/#\/schema\/logo\/image\/"}}]}},"_links":{"self":[{"href":"https:\/\/weather-radar-live.com\/da\/wp-json\/wp\/v2\/pages\/4579","targetHints":{"allow":["GET"]}}],"collection":[{"href":"https:\/\/weather-radar-live.com\/da\/wp-json\/wp\/v2\/pages"}],"about":[{"href":"https:\/\/weather-radar-live.com\/da\/wp-json\/wp\/v2\/types\/page"}],"author":[{"embeddable":true,"href":"https:\/\/weather-radar-live.com\/da\/wp-json\/wp\/v2\/users\/1"}],"replies":[{"embeddable":true,"href":"https:\/\/weather-radar-live.com\/da\/wp-json\/wp\/v2\/comments?post=4579"}],"version-history":[{"count":5,"href":"https:\/\/weather-radar-live.com\/da\/wp-json\/wp\/v2\/pages\/4579\/revisions"}],"predecessor-version":[{"id":4893,"href":"https:\/\/weather-radar-live.com\/da\/wp-json\/wp\/v2\/pages\/4579\/revisions\/4893"}],"up":[{"embeddable":true,"href":"https:\/\/weather-radar-live.com\/da\/wp-json\/wp\/v2\/pages\/4345"}],"wp:featuredmedia":[{"embeddable":true,"href":"https:\/\/weather-radar-live.com\/da\/wp-json\/wp\/v2\/media\/4484"}],"wp:attachment":[{"href":"https:\/\/weather-radar-live.com\/da\/wp-json\/wp\/v2\/media?parent=4579"}],"curies":[{"name":"wp","href":"https:\/\/api.w.org\/{rel}","templated":true}]}}