{"id":4306,"date":"2022-07-06T13:42:59","date_gmt":"2022-07-06T11:42:59","guid":{"rendered":"https:\/\/weather-radar-live.com\/webcam\/italy\/"},"modified":"2022-08-03T14:15:27","modified_gmt":"2022-08-03T12:15:27","slug":"italien","status":"publish","type":"page","link":"https:\/\/weather-radar-live.com\/da\/webcam\/italien\/","title":{"rendered":"Italien"},"content":{"rendered":"<div id=\"weath-1988841345\" class=\"weath-vor-dem-inhalt weath-entity-placement\" style=\"margin-top: 15px;margin-right: 25px;margin-bottom: 40px;margin-left: 25px;\"><script async src=\"\/\/pagead2.googlesyndication.com\/pagead\/js\/adsbygoogle.js?client=ca-pub-8960936133935804\" crossorigin=\"anonymous\"><\/script><ins class=\"adsbygoogle\" style=\"display:block;\" data-ad-client=\"ca-pub-8960936133935804\" \ndata-ad-slot=\"6172817020\" \ndata-ad-format=\"auto\"><\/ins>\n<script> \n(adsbygoogle = window.adsbygoogle || []).push({}); \n<\/script>\n<\/div>\n<div class=\"wp-block-cover alignfull\"><span aria-hidden=\"true\" class=\"has-background-dim-60 wp-block-cover__gradient-background has-background-dim\"><\/span><img decoding=\"async\" class=\"wp-block-cover__image-background wp-image-4210\" alt=\"Italy\" src=\"https:\/\/weather-radar-live.com\/wp-content\/uploads\/2022\/07\/Webcam-Italien-scaled.jpg\" style=\"object-position:47% 38%\" data-object-fit=\"cover\" data-object-position=\"47% 38%\"\/><div class=\"wp-block-cover__inner-container is-layout-flow wp-block-cover-is-layout-flow\">\n<h2 class=\"has-text-align-center heading has-base-3-color has-text-color wp-block-heading\" id=\"france\" style=\"font-size:40px;text-transform:uppercase\"><mark style=\"background-color:rgba(0, 0, 0, 0);color:#ffffff\" class=\"has-inline-color\"><strong>Italien<\/strong><\/mark><\/h2>\n<\/div><\/div>\n\n\n<div class=\"yoast-breadcrumbs\"><span><span><a href=\"https:\/\/weather-radar-live.com\/da\/\">Weather Radar Live<\/a><\/span> \u00bb <span><a href=\"https:\/\/weather-radar-live.com\/da\/webcam\/\">Webcam<\/a><\/span> \u00bb <span class=\"breadcrumb_last\" aria-current=\"page\"><strong>Italien<\/strong><\/span><\/span><\/div>\n\n\n<h2 class=\"has-text-align-center wp-block-heading\" id=\"webcam-1\"><strong>Italien<\/strong><\/h2>\n\n\n\n<p>Fantastiske landskaber, fantastisk vejr og kulinariske l\u00e6kkerier &#8211; n\u00e5r du t\u00e6nker p\u00e5 landet i syd, vil du t\u00e6nke p\u00e5 pr\u00e6cis det og sikkert meget mere. Italien byder p\u00e5 en unik variation af landskaber, som er uden sidestykke i Europa. Smukke Dolomit-bjerglandskaber i nord, smukke strande i syd og p\u00e5 Sicilien samt den imponerende laguneby Venedig: Med vores webcam Italien kan du tage et kig p\u00e5 hele landet!<\/p>\n\n\n\n<p>Webkameraerne giver dig indblik i forskellige byer og turiststeder. P\u00e5 den m\u00e5de kan du til enhver tid f\u00f8lge meget n\u00f8je med i, hvad der sker i landet. Ud over live-cams tilbyder vi dig ogs\u00e5 en matchende vejrradar, som giver dig mulighed for at f\u00e5 et overblik over den aktuelle vejrsituation i landet. Er du klar til at dykke ned i landet Italien?<\/p><div id=\"weath-2808370029\" class=\"weath-inhalt_2 weath-entity-placement\" style=\"margin-top: 15px;margin-right: 25px;margin-bottom: 35px;margin-left: 25px;\"><script async src=\"\/\/pagead2.googlesyndication.com\/pagead\/js\/adsbygoogle.js?client=ca-pub-8960936133935804\" crossorigin=\"anonymous\"><\/script><ins class=\"adsbygoogle\" style=\"display:block;\" data-ad-client=\"ca-pub-8960936133935804\" \ndata-ad-slot=\"1963584050\" \ndata-ad-format=\"auto\"><\/ins>\n<script> \n(adsbygoogle = window.adsbygoogle || []).push({}); \n<\/script>\n<\/div>\n\n\n\n<div class=\"wp-block-columns are-vertically-aligned-center is-layout-flex wp-container-core-columns-is-layout-9d6595d7 wp-block-columns-is-layout-flex\">\n<div class=\"wp-block-column is-vertically-aligned-center is-layout-flow wp-block-column-is-layout-flow\">\n<div class=\"wp-block-cover\" style=\"min-height:140px;aspect-ratio:unset;\"><span aria-hidden=\"true\" class=\"has-background-dim-70 wp-block-cover__gradient-background has-background-dim\"><\/span><img loading=\"lazy\" decoding=\"async\" width=\"411\" height=\"200\" class=\"wp-block-cover__image-background wp-image-6064\" alt=\"Webcam Camigliatello\" src=\"https:\/\/weather-radar-live.com\/wp-content\/uploads\/2022\/08\/Webcam-Camigliatello-e1659465297401.jpg\" style=\"object-position:52% 26%\" data-object-fit=\"cover\" data-object-position=\"52% 26%\"\/><div class=\"wp-block-cover__inner-container is-layout-flow wp-block-cover-is-layout-flow\">\n<p class=\"has-text-align-center has-medium-font-size\" style=\"text-transform:uppercase\"><strong><a href=\"https:\/\/weather-radar-live.com\/da\/webcam\/italien\/webcam-camigliatello\/\"><mark style=\"background-color:rgba(0, 0, 0, 0)\" class=\"has-inline-color has-base-3-color\"><strong>Camigliatello<\/strong><\/mark><\/a><\/strong><\/p>\n<\/div><\/div>\n<\/div>\n\n\n\n<div class=\"wp-block-column is-vertically-aligned-center is-layout-flow wp-block-column-is-layout-flow\">\n<div class=\"wp-block-cover\" style=\"min-height:140px;aspect-ratio:unset;\"><span aria-hidden=\"true\" class=\"has-background-dim-70 wp-block-cover__gradient-background has-background-dim\"><\/span><img loading=\"lazy\" decoding=\"async\" width=\"1756\" height=\"954\" class=\"wp-block-cover__image-background wp-image-6078\" alt=\"Webcam - Livigno\" src=\"https:\/\/weather-radar-live.com\/wp-content\/uploads\/2022\/08\/Webcam-Luwin.jpg\" style=\"object-position:51% 53%\" data-object-fit=\"cover\" data-object-position=\"51% 53%\" srcset=\"https:\/\/weather-radar-live.com\/wp-content\/uploads\/2022\/08\/Webcam-Luwin.jpg 1756w, https:\/\/weather-radar-live.com\/wp-content\/uploads\/2022\/08\/Webcam-Luwin-300x163.jpg 300w, https:\/\/weather-radar-live.com\/wp-content\/uploads\/2022\/08\/Webcam-Luwin-1024x556.jpg 1024w, https:\/\/weather-radar-live.com\/wp-content\/uploads\/2022\/08\/Webcam-Luwin-768x417.jpg 768w, https:\/\/weather-radar-live.com\/wp-content\/uploads\/2022\/08\/Webcam-Luwin-1536x834.jpg 1536w\" sizes=\"auto, (max-width: 1756px) 100vw, 1756px\" \/><div class=\"wp-block-cover__inner-container is-layout-flow wp-block-cover-is-layout-flow\">\n<p class=\"has-text-align-center has-medium-font-size\"><strong><a href=\"https:\/\/weather-radar-live.com\/da\/webcam\/italien\/webcam-livigno\/\"><mark style=\"background-color:rgba(0, 0, 0, 0)\" class=\"has-inline-color has-base-3-color\">LIVIGNO<\/mark><\/a><\/strong><\/p>\n<\/div><\/div>\n<\/div>\n\n\n\n<div class=\"wp-block-column is-vertically-aligned-center is-layout-flow wp-block-column-is-layout-flow\"><\/div>\n<\/div>\n","protected":false},"excerpt":{"rendered":"<p>Italien Fantastiske landskaber, fantastisk vejr og kulinariske l\u00e6kkerier &#8211; n\u00e5r du t\u00e6nker p\u00e5 landet i syd, vil du t\u00e6nke p\u00e5 pr\u00e6cis det og sikkert meget mere. Italien byder p\u00e5 en unik variation af landskaber, som er uden sidestykke i Europa. Smukke Dolomit-bjerglandskaber i nord, smukke strande i syd og p\u00e5 Sicilien samt den imponerende laguneby &#8230; <a title=\"Italien\" class=\"read-more\" href=\"https:\/\/weather-radar-live.com\/da\/webcam\/italien\/\" aria-label=\"Read more about Italien\">L\u00e6s mere <\/a><\/p>\n","protected":false},"author":1,"featured_media":0,"parent":4251,"menu_order":0,"comment_status":"closed","ping_status":"closed","template":"","meta":{"footnotes":""},"class_list":["post-4306","page","type-page","status-publish"],"yoast_head":"<!-- This site is optimized with the Yoast SEO plugin v27.5 - https:\/\/yoast.com\/product\/yoast-seo-wordpress\/ -->\n<title>Live webcams i Italien!<\/title>\n<meta name=\"description\" content=\"Se de aktuelle webcams i Italien nu \u2714\ufe0f Webcams i forskellige steder \u2714\ufe0f I realtid med vejrudsigt!\" \/>\n<meta name=\"robots\" content=\"index, follow, max-snippet:-1, max-image-preview:large, max-video-preview:-1\" \/>\n<link rel=\"canonical\" href=\"https:\/\/weather-radar-live.com\/da\/webcam\/italien\/\" \/>\n<meta property=\"og:locale\" content=\"da_DK\" \/>\n<meta property=\"og:type\" content=\"article\" \/>\n<meta property=\"og:title\" content=\"Live webcams i Italien!\" \/>\n<meta property=\"og:description\" content=\"Se de aktuelle webcams i Italien nu \u2714\ufe0f Webcams i forskellige steder \u2714\ufe0f I realtid med vejrudsigt!\" \/>\n<meta property=\"og:url\" content=\"https:\/\/weather-radar-live.com\/da\/webcam\/italien\/\" \/>\n<meta property=\"og:site_name\" content=\"weather-radar-live.com\" \/>\n<meta property=\"article:modified_time\" content=\"2022-08-03T12:15:27+00:00\" \/>\n<meta property=\"og:image\" content=\"https:\/\/weather-radar-live.com\/wp-content\/uploads\/2022\/07\/Webcam-Italien-scaled.jpg\" \/>\n<meta name=\"twitter:card\" content=\"summary_large_image\" \/>\n<meta name=\"twitter:label1\" content=\"Estimeret l\u00e6setid\" \/>\n\t<meta name=\"twitter:data1\" content=\"2 minutter\" \/>\n<script type=\"application\/ld+json\" class=\"yoast-schema-graph\">{\"@context\":\"https:\\\/\\\/schema.org\",\"@graph\":[{\"@type\":\"WebPage\",\"@id\":\"https:\\\/\\\/weather-radar-live.com\\\/da\\\/webcam\\\/italien\\\/\",\"url\":\"https:\\\/\\\/weather-radar-live.com\\\/da\\\/webcam\\\/italien\\\/\",\"name\":\"Live webcams i Italien!\",\"isPartOf\":{\"@id\":\"https:\\\/\\\/weather-radar-live.com\\\/#website\"},\"primaryImageOfPage\":{\"@id\":\"https:\\\/\\\/weather-radar-live.com\\\/da\\\/webcam\\\/italien\\\/#primaryimage\"},\"image\":{\"@id\":\"https:\\\/\\\/weather-radar-live.com\\\/da\\\/webcam\\\/italien\\\/#primaryimage\"},\"thumbnailUrl\":\"https:\\\/\\\/weather-radar-live.com\\\/wp-content\\\/uploads\\\/2022\\\/07\\\/Webcam-Italien-scaled.jpg\",\"datePublished\":\"2022-07-06T11:42:59+00:00\",\"dateModified\":\"2022-08-03T12:15:27+00:00\",\"description\":\"Se de aktuelle webcams i Italien nu \u2714\ufe0f Webcams i forskellige steder \u2714\ufe0f I realtid med vejrudsigt!\",\"breadcrumb\":{\"@id\":\"https:\\\/\\\/weather-radar-live.com\\\/da\\\/webcam\\\/italien\\\/#breadcrumb\"},\"inLanguage\":\"da-DK\",\"potentialAction\":[{\"@type\":\"ReadAction\",\"target\":[\"https:\\\/\\\/weather-radar-live.com\\\/da\\\/webcam\\\/italien\\\/\"]}]},{\"@type\":\"ImageObject\",\"inLanguage\":\"da-DK\",\"@id\":\"https:\\\/\\\/weather-radar-live.com\\\/da\\\/webcam\\\/italien\\\/#primaryimage\",\"url\":\"https:\\\/\\\/weather-radar-live.com\\\/wp-content\\\/uploads\\\/2022\\\/07\\\/Webcam-Italien-scaled.jpg\",\"contentUrl\":\"https:\\\/\\\/weather-radar-live.com\\\/wp-content\\\/uploads\\\/2022\\\/07\\\/Webcam-Italien-scaled.jpg\"},{\"@type\":\"BreadcrumbList\",\"@id\":\"https:\\\/\\\/weather-radar-live.com\\\/da\\\/webcam\\\/italien\\\/#breadcrumb\",\"itemListElement\":[{\"@type\":\"ListItem\",\"position\":1,\"name\":\"Weather Radar Live\",\"item\":\"https:\\\/\\\/weather-radar-live.com\\\/da\\\/\"},{\"@type\":\"ListItem\",\"position\":2,\"name\":\"Webcam\",\"item\":\"https:\\\/\\\/weather-radar-live.com\\\/da\\\/webcam\\\/\"},{\"@type\":\"ListItem\",\"position\":3,\"name\":\"Italien\"}]},{\"@type\":\"WebSite\",\"@id\":\"https:\\\/\\\/weather-radar-live.com\\\/#website\",\"url\":\"https:\\\/\\\/weather-radar-live.com\\\/\",\"name\":\"weather-radar-live.com\",\"description\":\"Your weather and sky radar.\",\"publisher\":{\"@id\":\"https:\\\/\\\/weather-radar-live.com\\\/#organization\"},\"potentialAction\":[{\"@type\":\"SearchAction\",\"target\":{\"@type\":\"EntryPoint\",\"urlTemplate\":\"https:\\\/\\\/weather-radar-live.com\\\/?s={search_term_string}\"},\"query-input\":{\"@type\":\"PropertyValueSpecification\",\"valueRequired\":true,\"valueName\":\"search_term_string\"}}],\"inLanguage\":\"da-DK\"},{\"@type\":\"Organization\",\"@id\":\"https:\\\/\\\/weather-radar-live.com\\\/#organization\",\"name\":\"weather-radar-live.com\",\"url\":\"https:\\\/\\\/weather-radar-live.com\\\/\",\"logo\":{\"@type\":\"ImageObject\",\"inLanguage\":\"da-DK\",\"@id\":\"https:\\\/\\\/weather-radar-live.com\\\/#\\\/schema\\\/logo\\\/image\\\/\",\"url\":\"https:\\\/\\\/weather-radar-live.com\\\/wp-content\\\/uploads\\\/2022\\\/03\\\/cropped-WRL2503.png\",\"contentUrl\":\"https:\\\/\\\/weather-radar-live.com\\\/wp-content\\\/uploads\\\/2022\\\/03\\\/cropped-WRL2503.png\",\"width\":1920,\"height\":555,\"caption\":\"weather-radar-live.com\"},\"image\":{\"@id\":\"https:\\\/\\\/weather-radar-live.com\\\/#\\\/schema\\\/logo\\\/image\\\/\"}}]}<\/script>\n<!-- \/ Yoast SEO plugin. -->","yoast_head_json":{"title":"Live webcams i Italien!","description":"Se de aktuelle webcams i Italien nu \u2714\ufe0f Webcams i forskellige steder \u2714\ufe0f I realtid med vejrudsigt!","robots":{"index":"index","follow":"follow","max-snippet":"max-snippet:-1","max-image-preview":"max-image-preview:large","max-video-preview":"max-video-preview:-1"},"canonical":"https:\/\/weather-radar-live.com\/da\/webcam\/italien\/","og_locale":"da_DK","og_type":"article","og_title":"Live webcams i Italien!","og_description":"Se de aktuelle webcams i Italien nu \u2714\ufe0f Webcams i forskellige steder \u2714\ufe0f I realtid med vejrudsigt!","og_url":"https:\/\/weather-radar-live.com\/da\/webcam\/italien\/","og_site_name":"weather-radar-live.com","article_modified_time":"2022-08-03T12:15:27+00:00","og_image":[{"url":"https:\/\/weather-radar-live.com\/wp-content\/uploads\/2022\/07\/Webcam-Italien-scaled.jpg","type":"","width":"","height":""}],"twitter_card":"summary_large_image","twitter_misc":{"Estimeret l\u00e6setid":"2 minutter"},"schema":{"@context":"https:\/\/schema.org","@graph":[{"@type":"WebPage","@id":"https:\/\/weather-radar-live.com\/da\/webcam\/italien\/","url":"https:\/\/weather-radar-live.com\/da\/webcam\/italien\/","name":"Live webcams i Italien!","isPartOf":{"@id":"https:\/\/weather-radar-live.com\/#website"},"primaryImageOfPage":{"@id":"https:\/\/weather-radar-live.com\/da\/webcam\/italien\/#primaryimage"},"image":{"@id":"https:\/\/weather-radar-live.com\/da\/webcam\/italien\/#primaryimage"},"thumbnailUrl":"https:\/\/weather-radar-live.com\/wp-content\/uploads\/2022\/07\/Webcam-Italien-scaled.jpg","datePublished":"2022-07-06T11:42:59+00:00","dateModified":"2022-08-03T12:15:27+00:00","description":"Se de aktuelle webcams i Italien nu \u2714\ufe0f Webcams i forskellige steder \u2714\ufe0f I realtid med vejrudsigt!","breadcrumb":{"@id":"https:\/\/weather-radar-live.com\/da\/webcam\/italien\/#breadcrumb"},"inLanguage":"da-DK","potentialAction":[{"@type":"ReadAction","target":["https:\/\/weather-radar-live.com\/da\/webcam\/italien\/"]}]},{"@type":"ImageObject","inLanguage":"da-DK","@id":"https:\/\/weather-radar-live.com\/da\/webcam\/italien\/#primaryimage","url":"https:\/\/weather-radar-live.com\/wp-content\/uploads\/2022\/07\/Webcam-Italien-scaled.jpg","contentUrl":"https:\/\/weather-radar-live.com\/wp-content\/uploads\/2022\/07\/Webcam-Italien-scaled.jpg"},{"@type":"BreadcrumbList","@id":"https:\/\/weather-radar-live.com\/da\/webcam\/italien\/#breadcrumb","itemListElement":[{"@type":"ListItem","position":1,"name":"Weather Radar Live","item":"https:\/\/weather-radar-live.com\/da\/"},{"@type":"ListItem","position":2,"name":"Webcam","item":"https:\/\/weather-radar-live.com\/da\/webcam\/"},{"@type":"ListItem","position":3,"name":"Italien"}]},{"@type":"WebSite","@id":"https:\/\/weather-radar-live.com\/#website","url":"https:\/\/weather-radar-live.com\/","name":"weather-radar-live.com","description":"Your weather and sky radar.","publisher":{"@id":"https:\/\/weather-radar-live.com\/#organization"},"potentialAction":[{"@type":"SearchAction","target":{"@type":"EntryPoint","urlTemplate":"https:\/\/weather-radar-live.com\/?s={search_term_string}"},"query-input":{"@type":"PropertyValueSpecification","valueRequired":true,"valueName":"search_term_string"}}],"inLanguage":"da-DK"},{"@type":"Organization","@id":"https:\/\/weather-radar-live.com\/#organization","name":"weather-radar-live.com","url":"https:\/\/weather-radar-live.com\/","logo":{"@type":"ImageObject","inLanguage":"da-DK","@id":"https:\/\/weather-radar-live.com\/#\/schema\/logo\/image\/","url":"https:\/\/weather-radar-live.com\/wp-content\/uploads\/2022\/03\/cropped-WRL2503.png","contentUrl":"https:\/\/weather-radar-live.com\/wp-content\/uploads\/2022\/03\/cropped-WRL2503.png","width":1920,"height":555,"caption":"weather-radar-live.com"},"image":{"@id":"https:\/\/weather-radar-live.com\/#\/schema\/logo\/image\/"}}]}},"_links":{"self":[{"href":"https:\/\/weather-radar-live.com\/da\/wp-json\/wp\/v2\/pages\/4306","targetHints":{"allow":["GET"]}}],"collection":[{"href":"https:\/\/weather-radar-live.com\/da\/wp-json\/wp\/v2\/pages"}],"about":[{"href":"https:\/\/weather-radar-live.com\/da\/wp-json\/wp\/v2\/types\/page"}],"author":[{"embeddable":true,"href":"https:\/\/weather-radar-live.com\/da\/wp-json\/wp\/v2\/users\/1"}],"replies":[{"embeddable":true,"href":"https:\/\/weather-radar-live.com\/da\/wp-json\/wp\/v2\/comments?post=4306"}],"version-history":[{"count":4,"href":"https:\/\/weather-radar-live.com\/da\/wp-json\/wp\/v2\/pages\/4306\/revisions"}],"predecessor-version":[{"id":6243,"href":"https:\/\/weather-radar-live.com\/da\/wp-json\/wp\/v2\/pages\/4306\/revisions\/6243"}],"up":[{"embeddable":true,"href":"https:\/\/weather-radar-live.com\/da\/wp-json\/wp\/v2\/pages\/4251"}],"wp:attachment":[{"href":"https:\/\/weather-radar-live.com\/da\/wp-json\/wp\/v2\/media?parent=4306"}],"curies":[{"name":"wp","href":"https:\/\/api.w.org\/{rel}","templated":true}]}}