{"id":4251,"date":"2022-02-25T13:48:08","date_gmt":"2022-02-25T12:48:08","guid":{"rendered":"https:\/\/weather-radar-live.com\/webcam\/"},"modified":"2022-07-06T13:58:34","modified_gmt":"2022-07-06T11:58:34","slug":"webcam","status":"publish","type":"page","link":"https:\/\/weather-radar-live.com\/da\/webcam\/","title":{"rendered":"Webcam"},"content":{"rendered":"<div id=\"weath-3159128644\" class=\"weath-vor-dem-inhalt weath-entity-placement\" style=\"margin-top: 15px;margin-right: 25px;margin-bottom: 40px;margin-left: 25px;\"><script async src=\"\/\/pagead2.googlesyndication.com\/pagead\/js\/adsbygoogle.js?client=ca-pub-8960936133935804\" crossorigin=\"anonymous\"><\/script><ins class=\"adsbygoogle\" style=\"display:block;\" data-ad-client=\"ca-pub-8960936133935804\" \ndata-ad-slot=\"6172817020\" \ndata-ad-format=\"auto\"><\/ins>\n<script> \n(adsbygoogle = window.adsbygoogle || []).push({}); \n<\/script>\n<\/div>\n<div class=\"wp-block-cover alignfull\"><span aria-hidden=\"true\" class=\"has-background-dim-60 wp-block-cover__gradient-background has-background-dim\"><\/span><img loading=\"lazy\" decoding=\"async\" width=\"1920\" height=\"507\" class=\"wp-block-cover__image-background wp-image-3218\" alt=\"webcam\" src=\"https:\/\/weather-radar-live.com\/wp-content\/uploads\/2022\/02\/Webcam.jpg\" style=\"object-position:61% 9%\" data-object-fit=\"cover\" data-object-position=\"61% 9%\" srcset=\"https:\/\/weather-radar-live.com\/wp-content\/uploads\/2022\/02\/Webcam.jpg 1920w, https:\/\/weather-radar-live.com\/wp-content\/uploads\/2022\/02\/Webcam-300x79.jpg 300w, https:\/\/weather-radar-live.com\/wp-content\/uploads\/2022\/02\/Webcam-1024x270.jpg 1024w, https:\/\/weather-radar-live.com\/wp-content\/uploads\/2022\/02\/Webcam-768x203.jpg 768w, https:\/\/weather-radar-live.com\/wp-content\/uploads\/2022\/02\/Webcam-1536x406.jpg 1536w\" sizes=\"auto, (max-width: 1920px) 100vw, 1920px\" \/><div class=\"wp-block-cover__inner-container is-layout-flow wp-block-cover-is-layout-flow\">\n<h2 class=\"has-text-align-center heading has-base-3-color has-text-color wp-block-heading\" id=\"webcam\" style=\"font-size:40px\"><mark style=\"background-color:rgba(0, 0, 0, 0);color:#ffffff\" class=\"has-inline-color\"><strong>WEBCAM<\/strong><\/mark><\/h2>\n<\/div><\/div>\n\n\n<div class=\"yoast-breadcrumbs\"><span><span><a href=\"https:\/\/weather-radar-live.com\/da\/\">Weather Radar Live<\/a><\/span> \u00bb <span class=\"breadcrumb_last\" aria-current=\"page\"><strong>Webcam<\/strong><\/span><\/span><\/div>\n\n\n<h2 class=\"has-text-align-center wp-block-heading\" id=\"webcam-1\"><strong>Webcam<\/strong><\/h2>\n\n\n\n<p>Vil du vide, hvordan vejret er der? S\u00e5 b\u00f8r du helt sikkert tage et kig p\u00e5 vores live-webcams! De vil give dig et godt overblik over, hvad der sker lokalt, og om vejradaren, regnradaren, stormradaren og skyradarprognoserne er g\u00e5et i opfyldelse.<\/p>\n\n\n\n<p>Vores webcams d\u00e6kker omr\u00e5der og lande over hele verden. V\u00e6lg i f\u00f8rste trin landet, og du f\u00e5r en oversigt over alle webcams i det p\u00e5g\u00e6ldende land. I det andet trin kan du v\u00e6lge sted eller afgang, og du kommer direkte til den kompakte oversigtsside, hvor vi giver dig et aktuelt webcam.<\/p><div id=\"weath-2933991682\" class=\"weath-inhalt_2 weath-entity-placement\" style=\"margin-top: 15px;margin-right: 25px;margin-bottom: 35px;margin-left: 25px;\"><script async src=\"\/\/pagead2.googlesyndication.com\/pagead\/js\/adsbygoogle.js?client=ca-pub-8960936133935804\" crossorigin=\"anonymous\"><\/script><ins class=\"adsbygoogle\" style=\"display:block;\" data-ad-client=\"ca-pub-8960936133935804\" \ndata-ad-slot=\"1963584050\" \ndata-ad-format=\"auto\"><\/ins>\n<script> \n(adsbygoogle = window.adsbygoogle || []).push({}); \n<\/script>\n<\/div>\n\n\n\n<p><\/p>\n\n\n\n<p><strong>V\u00e6lg nu det rigtige land<\/strong>:<\/p>\n\n\n\n<div class=\"wp-block-columns is-layout-flex wp-container-core-columns-is-layout-9d6595d7 wp-block-columns-is-layout-flex\">\n<div class=\"wp-block-column is-layout-flow wp-block-column-is-layout-flow\">\n<div class=\"wp-block-cover\" style=\"min-height:140px;aspect-ratio:unset;\"><span aria-hidden=\"true\" class=\"has-background-dim-70 wp-block-cover__gradient-background has-background-dim\"><\/span><img loading=\"lazy\" decoding=\"async\" width=\"1920\" height=\"1280\" class=\"wp-block-cover__image-background wp-image-3199\" alt=\"\" src=\"https:\/\/weather-radar-live.com\/wp-content\/uploads\/2022\/02\/France.jpg\" data-object-fit=\"cover\" srcset=\"https:\/\/weather-radar-live.com\/wp-content\/uploads\/2022\/02\/France.jpg 1920w, https:\/\/weather-radar-live.com\/wp-content\/uploads\/2022\/02\/France-300x200.jpg 300w, https:\/\/weather-radar-live.com\/wp-content\/uploads\/2022\/02\/France-1024x683.jpg 1024w, https:\/\/weather-radar-live.com\/wp-content\/uploads\/2022\/02\/France-768x512.jpg 768w, https:\/\/weather-radar-live.com\/wp-content\/uploads\/2022\/02\/France-1536x1024.jpg 1536w\" sizes=\"auto, (max-width: 1920px) 100vw, 1920px\" \/><div class=\"wp-block-cover__inner-container is-layout-flow wp-block-cover-is-layout-flow\">\n<p class=\"has-text-align-center has-base-3-color has-text-color has-medium-font-size\"><a href=\"https:\/\/weather-radar-live.com\/da\/webcam\/frankrig\/\"><mark style=\"background-color:rgba(0, 0, 0, 0)\" class=\"has-inline-color has-base-3-color\"><strong>FRANKRIG<\/strong><\/mark><\/a><\/p>\n<\/div><\/div>\n\n\n\n<p><\/p>\n<\/div>\n\n\n\n<div class=\"wp-block-column is-layout-flow wp-block-column-is-layout-flow\">\n<div class=\"wp-block-cover\" style=\"min-height:140px;aspect-ratio:unset;\"><span aria-hidden=\"true\" class=\"has-background-dim-70 wp-block-cover__gradient-background has-background-dim\"><\/span><img loading=\"lazy\" decoding=\"async\" width=\"1920\" height=\"1080\" class=\"wp-block-cover__image-background wp-image-4210\" alt=\"\" src=\"https:\/\/weather-radar-live.com\/wp-content\/uploads\/2022\/07\/Webcam-Italien-scaled-e1657108126841.jpg\" data-object-fit=\"cover\"\/><div class=\"wp-block-cover__inner-container is-layout-flow wp-block-cover-is-layout-flow\">\n<p class=\"has-text-align-center has-base-3-color has-text-color has-medium-font-size\"><strong><mark style=\"background-color:rgba(0, 0, 0, 0)\" class=\"has-inline-color has-base-3-color\"><a href=\"https:\/\/weather-radar-live.com\/da\/?page_id=4224\"><mark style=\"background-color:rgba(0, 0, 0, 0)\" class=\"has-inline-color has-base-3-color\"><strong>ITALIEN<\/strong><\/mark><\/a><\/mark><\/strong><\/p>\n<\/div><\/div>\n<\/div>\n\n\n\n<div class=\"wp-block-column is-layout-flow wp-block-column-is-layout-flow\">\n<div class=\"wp-block-cover\" style=\"min-height:140px;aspect-ratio:unset;\"><span aria-hidden=\"true\" class=\"has-background-dim-70 wp-block-cover__gradient-background has-background-dim\"><\/span><img loading=\"lazy\" decoding=\"async\" width=\"1920\" height=\"1280\" class=\"wp-block-cover__image-background wp-image-3199\" alt=\"\" src=\"https:\/\/weather-radar-live.com\/wp-content\/uploads\/2022\/02\/France.jpg\" data-object-fit=\"cover\" srcset=\"https:\/\/weather-radar-live.com\/wp-content\/uploads\/2022\/02\/France.jpg 1920w, https:\/\/weather-radar-live.com\/wp-content\/uploads\/2022\/02\/France-300x200.jpg 300w, https:\/\/weather-radar-live.com\/wp-content\/uploads\/2022\/02\/France-1024x683.jpg 1024w, https:\/\/weather-radar-live.com\/wp-content\/uploads\/2022\/02\/France-768x512.jpg 768w, https:\/\/weather-radar-live.com\/wp-content\/uploads\/2022\/02\/France-1536x1024.jpg 1536w\" sizes=\"auto, (max-width: 1920px) 100vw, 1920px\" \/><div class=\"wp-block-cover__inner-container is-layout-flow wp-block-cover-is-layout-flow\">\n<p class=\"has-text-align-center has-base-3-color has-text-color has-medium-font-size\"><strong><mark style=\"background-color:rgba(0, 0, 0, 0)\" class=\"has-inline-color has-base-3-color\"><strong><mark style=\"background-color:rgba(0, 0, 0, 0)\" class=\"has-inline-color has-base-3-color\"><a href=\"https:\/\/weather-radar-live.com\/da\/?page_id=4236\"><mark style=\"background-color:rgba(0, 0, 0, 0)\" class=\"has-inline-color has-base-3-color\"><strong>SPANIEN<\/strong><\/mark><\/a><\/mark><\/strong><\/mark><\/strong><\/p>\n<\/div><\/div>\n<\/div>\n<\/div>\n","protected":false},"excerpt":{"rendered":"<p>Webcam Vil du vide, hvordan vejret er der? S\u00e5 b\u00f8r du helt sikkert tage et kig p\u00e5 vores live-webcams! De vil give dig et godt overblik over, hvad der sker lokalt, og om vejradaren, regnradaren, stormradaren og skyradarprognoserne er g\u00e5et i opfyldelse. Vores webcams d\u00e6kker omr\u00e5der og lande over hele verden. V\u00e6lg i f\u00f8rste trin &#8230; <a title=\"Webcam\" class=\"read-more\" href=\"https:\/\/weather-radar-live.com\/da\/webcam\/\" aria-label=\"Read more about Webcam\">L\u00e6s mere <\/a><\/p>\n","protected":false},"author":1,"featured_media":0,"parent":0,"menu_order":0,"comment_status":"closed","ping_status":"closed","template":"","meta":{"footnotes":""},"class_list":["post-4251","page","type-page","status-publish"],"yoast_head":"<!-- This site is optimized with the Yoast SEO plugin v27.5 - https:\/\/yoast.com\/product\/yoast-seo-wordpress\/ -->\n<title>Live webcams!<\/title>\n<meta name=\"description\" content=\"Se nu de aktuelle webcams \u2714\ufe0f Webcams fra hele verden i forskellige lande \u2714\ufe0f I realtid!\" \/>\n<meta name=\"robots\" content=\"index, follow, max-snippet:-1, max-image-preview:large, max-video-preview:-1\" \/>\n<link rel=\"canonical\" href=\"https:\/\/weather-radar-live.com\/da\/webcam\/\" \/>\n<meta property=\"og:locale\" content=\"da_DK\" \/>\n<meta property=\"og:type\" content=\"article\" \/>\n<meta property=\"og:title\" content=\"Live webcams!\" \/>\n<meta property=\"og:description\" content=\"Se nu de aktuelle webcams \u2714\ufe0f Webcams fra hele verden i forskellige lande \u2714\ufe0f I realtid!\" \/>\n<meta property=\"og:url\" content=\"https:\/\/weather-radar-live.com\/da\/webcam\/\" \/>\n<meta property=\"og:site_name\" content=\"weather-radar-live.com\" \/>\n<meta property=\"article:modified_time\" content=\"2022-07-06T11:58:34+00:00\" \/>\n<meta property=\"og:image\" content=\"https:\/\/weather-radar-live.com\/wp-content\/uploads\/2022\/02\/Webcam.jpg\" \/>\n<meta name=\"twitter:card\" content=\"summary_large_image\" \/>\n<meta name=\"twitter:label1\" content=\"Estimeret l\u00e6setid\" \/>\n\t<meta name=\"twitter:data1\" content=\"2 minutter\" \/>\n<script type=\"application\/ld+json\" class=\"yoast-schema-graph\">{\"@context\":\"https:\\\/\\\/schema.org\",\"@graph\":[{\"@type\":\"WebPage\",\"@id\":\"https:\\\/\\\/weather-radar-live.com\\\/da\\\/webcam\\\/\",\"url\":\"https:\\\/\\\/weather-radar-live.com\\\/da\\\/webcam\\\/\",\"name\":\"Live webcams!\",\"isPartOf\":{\"@id\":\"https:\\\/\\\/weather-radar-live.com\\\/#website\"},\"primaryImageOfPage\":{\"@id\":\"https:\\\/\\\/weather-radar-live.com\\\/da\\\/webcam\\\/#primaryimage\"},\"image\":{\"@id\":\"https:\\\/\\\/weather-radar-live.com\\\/da\\\/webcam\\\/#primaryimage\"},\"thumbnailUrl\":\"https:\\\/\\\/weather-radar-live.com\\\/wp-content\\\/uploads\\\/2022\\\/02\\\/Webcam.jpg\",\"datePublished\":\"2022-02-25T12:48:08+00:00\",\"dateModified\":\"2022-07-06T11:58:34+00:00\",\"description\":\"Se nu de aktuelle webcams \u2714\ufe0f Webcams fra hele verden i forskellige lande \u2714\ufe0f I realtid!\",\"breadcrumb\":{\"@id\":\"https:\\\/\\\/weather-radar-live.com\\\/da\\\/webcam\\\/#breadcrumb\"},\"inLanguage\":\"da-DK\",\"potentialAction\":[{\"@type\":\"ReadAction\",\"target\":[\"https:\\\/\\\/weather-radar-live.com\\\/da\\\/webcam\\\/\"]}]},{\"@type\":\"ImageObject\",\"inLanguage\":\"da-DK\",\"@id\":\"https:\\\/\\\/weather-radar-live.com\\\/da\\\/webcam\\\/#primaryimage\",\"url\":\"https:\\\/\\\/weather-radar-live.com\\\/wp-content\\\/uploads\\\/2022\\\/02\\\/Webcam.jpg\",\"contentUrl\":\"https:\\\/\\\/weather-radar-live.com\\\/wp-content\\\/uploads\\\/2022\\\/02\\\/Webcam.jpg\"},{\"@type\":\"BreadcrumbList\",\"@id\":\"https:\\\/\\\/weather-radar-live.com\\\/da\\\/webcam\\\/#breadcrumb\",\"itemListElement\":[{\"@type\":\"ListItem\",\"position\":1,\"name\":\"Weather Radar Live\",\"item\":\"https:\\\/\\\/weather-radar-live.com\\\/da\\\/\"},{\"@type\":\"ListItem\",\"position\":2,\"name\":\"Webcam\"}]},{\"@type\":\"WebSite\",\"@id\":\"https:\\\/\\\/weather-radar-live.com\\\/#website\",\"url\":\"https:\\\/\\\/weather-radar-live.com\\\/\",\"name\":\"weather-radar-live.com\",\"description\":\"Your weather and sky radar.\",\"publisher\":{\"@id\":\"https:\\\/\\\/weather-radar-live.com\\\/#organization\"},\"potentialAction\":[{\"@type\":\"SearchAction\",\"target\":{\"@type\":\"EntryPoint\",\"urlTemplate\":\"https:\\\/\\\/weather-radar-live.com\\\/?s={search_term_string}\"},\"query-input\":{\"@type\":\"PropertyValueSpecification\",\"valueRequired\":true,\"valueName\":\"search_term_string\"}}],\"inLanguage\":\"da-DK\"},{\"@type\":\"Organization\",\"@id\":\"https:\\\/\\\/weather-radar-live.com\\\/#organization\",\"name\":\"weather-radar-live.com\",\"url\":\"https:\\\/\\\/weather-radar-live.com\\\/\",\"logo\":{\"@type\":\"ImageObject\",\"inLanguage\":\"da-DK\",\"@id\":\"https:\\\/\\\/weather-radar-live.com\\\/#\\\/schema\\\/logo\\\/image\\\/\",\"url\":\"https:\\\/\\\/weather-radar-live.com\\\/wp-content\\\/uploads\\\/2022\\\/03\\\/cropped-WRL2503.png\",\"contentUrl\":\"https:\\\/\\\/weather-radar-live.com\\\/wp-content\\\/uploads\\\/2022\\\/03\\\/cropped-WRL2503.png\",\"width\":1920,\"height\":555,\"caption\":\"weather-radar-live.com\"},\"image\":{\"@id\":\"https:\\\/\\\/weather-radar-live.com\\\/#\\\/schema\\\/logo\\\/image\\\/\"}}]}<\/script>\n<!-- \/ Yoast SEO plugin. -->","yoast_head_json":{"title":"Live webcams!","description":"Se nu de aktuelle webcams \u2714\ufe0f Webcams fra hele verden i forskellige lande \u2714\ufe0f I realtid!","robots":{"index":"index","follow":"follow","max-snippet":"max-snippet:-1","max-image-preview":"max-image-preview:large","max-video-preview":"max-video-preview:-1"},"canonical":"https:\/\/weather-radar-live.com\/da\/webcam\/","og_locale":"da_DK","og_type":"article","og_title":"Live webcams!","og_description":"Se nu de aktuelle webcams \u2714\ufe0f Webcams fra hele verden i forskellige lande \u2714\ufe0f I realtid!","og_url":"https:\/\/weather-radar-live.com\/da\/webcam\/","og_site_name":"weather-radar-live.com","article_modified_time":"2022-07-06T11:58:34+00:00","og_image":[{"url":"https:\/\/weather-radar-live.com\/wp-content\/uploads\/2022\/02\/Webcam.jpg","type":"","width":"","height":""}],"twitter_card":"summary_large_image","twitter_misc":{"Estimeret l\u00e6setid":"2 minutter"},"schema":{"@context":"https:\/\/schema.org","@graph":[{"@type":"WebPage","@id":"https:\/\/weather-radar-live.com\/da\/webcam\/","url":"https:\/\/weather-radar-live.com\/da\/webcam\/","name":"Live webcams!","isPartOf":{"@id":"https:\/\/weather-radar-live.com\/#website"},"primaryImageOfPage":{"@id":"https:\/\/weather-radar-live.com\/da\/webcam\/#primaryimage"},"image":{"@id":"https:\/\/weather-radar-live.com\/da\/webcam\/#primaryimage"},"thumbnailUrl":"https:\/\/weather-radar-live.com\/wp-content\/uploads\/2022\/02\/Webcam.jpg","datePublished":"2022-02-25T12:48:08+00:00","dateModified":"2022-07-06T11:58:34+00:00","description":"Se nu de aktuelle webcams \u2714\ufe0f Webcams fra hele verden i forskellige lande \u2714\ufe0f I realtid!","breadcrumb":{"@id":"https:\/\/weather-radar-live.com\/da\/webcam\/#breadcrumb"},"inLanguage":"da-DK","potentialAction":[{"@type":"ReadAction","target":["https:\/\/weather-radar-live.com\/da\/webcam\/"]}]},{"@type":"ImageObject","inLanguage":"da-DK","@id":"https:\/\/weather-radar-live.com\/da\/webcam\/#primaryimage","url":"https:\/\/weather-radar-live.com\/wp-content\/uploads\/2022\/02\/Webcam.jpg","contentUrl":"https:\/\/weather-radar-live.com\/wp-content\/uploads\/2022\/02\/Webcam.jpg"},{"@type":"BreadcrumbList","@id":"https:\/\/weather-radar-live.com\/da\/webcam\/#breadcrumb","itemListElement":[{"@type":"ListItem","position":1,"name":"Weather Radar Live","item":"https:\/\/weather-radar-live.com\/da\/"},{"@type":"ListItem","position":2,"name":"Webcam"}]},{"@type":"WebSite","@id":"https:\/\/weather-radar-live.com\/#website","url":"https:\/\/weather-radar-live.com\/","name":"weather-radar-live.com","description":"Your weather and sky radar.","publisher":{"@id":"https:\/\/weather-radar-live.com\/#organization"},"potentialAction":[{"@type":"SearchAction","target":{"@type":"EntryPoint","urlTemplate":"https:\/\/weather-radar-live.com\/?s={search_term_string}"},"query-input":{"@type":"PropertyValueSpecification","valueRequired":true,"valueName":"search_term_string"}}],"inLanguage":"da-DK"},{"@type":"Organization","@id":"https:\/\/weather-radar-live.com\/#organization","name":"weather-radar-live.com","url":"https:\/\/weather-radar-live.com\/","logo":{"@type":"ImageObject","inLanguage":"da-DK","@id":"https:\/\/weather-radar-live.com\/#\/schema\/logo\/image\/","url":"https:\/\/weather-radar-live.com\/wp-content\/uploads\/2022\/03\/cropped-WRL2503.png","contentUrl":"https:\/\/weather-radar-live.com\/wp-content\/uploads\/2022\/03\/cropped-WRL2503.png","width":1920,"height":555,"caption":"weather-radar-live.com"},"image":{"@id":"https:\/\/weather-radar-live.com\/#\/schema\/logo\/image\/"}}]}},"_links":{"self":[{"href":"https:\/\/weather-radar-live.com\/da\/wp-json\/wp\/v2\/pages\/4251","targetHints":{"allow":["GET"]}}],"collection":[{"href":"https:\/\/weather-radar-live.com\/da\/wp-json\/wp\/v2\/pages"}],"about":[{"href":"https:\/\/weather-radar-live.com\/da\/wp-json\/wp\/v2\/types\/page"}],"author":[{"embeddable":true,"href":"https:\/\/weather-radar-live.com\/da\/wp-json\/wp\/v2\/users\/1"}],"replies":[{"embeddable":true,"href":"https:\/\/weather-radar-live.com\/da\/wp-json\/wp\/v2\/comments?post=4251"}],"version-history":[{"count":2,"href":"https:\/\/weather-radar-live.com\/da\/wp-json\/wp\/v2\/pages\/4251\/revisions"}],"predecessor-version":[{"id":4263,"href":"https:\/\/weather-radar-live.com\/da\/wp-json\/wp\/v2\/pages\/4251\/revisions\/4263"}],"wp:attachment":[{"href":"https:\/\/weather-radar-live.com\/da\/wp-json\/wp\/v2\/media?parent=4251"}],"curies":[{"name":"wp","href":"https:\/\/api.w.org\/{rel}","templated":true}]}}