{"id":3696,"date":"2022-04-19T14:04:52","date_gmt":"2022-04-19T12:04:52","guid":{"rendered":"https:\/\/weather-radar-live.com\/webcam-la-bresse\/"},"modified":"2022-07-15T13:21:09","modified_gmt":"2022-07-15T11:21:09","slug":"webcam-la-bresse","status":"publish","type":"page","link":"https:\/\/weather-radar-live.com\/da\/webcam\/frankrig\/webcam-la-bresse\/","title":{"rendered":"Webcam La Bresse"},"content":{"rendered":"<div id=\"weath-3755801002\" class=\"weath-vor-dem-inhalt weath-entity-placement\" style=\"margin-top: 15px;margin-right: 25px;margin-bottom: 40px;margin-left: 25px;\"><script async src=\"\/\/pagead2.googlesyndication.com\/pagead\/js\/adsbygoogle.js?client=ca-pub-8960936133935804\" crossorigin=\"anonymous\"><\/script><ins class=\"adsbygoogle\" style=\"display:block;\" data-ad-client=\"ca-pub-8960936133935804\" \ndata-ad-slot=\"6172817020\" \ndata-ad-format=\"auto\"><\/ins>\n<script> \n(adsbygoogle = window.adsbygoogle || []).push({}); \n<\/script>\n<\/div>\n<div class=\"wp-block-cover alignfull is-light\"><span aria-hidden=\"true\" class=\"wp-block-cover__gradient-background has-background-dim\"><\/span><img decoding=\"async\" class=\"wp-block-cover__image-background wp-image-342\" alt=\"Webcam La Bresse\" src=\"https:\/\/weather-radar-live.com\/wp-content\/uploads\/2021\/06\/sam-schooler-E9aetBe2w40-unsplash-e1622554814366.jpg\" data-object-fit=\"cover\"\/><div class=\"wp-block-cover__inner-container is-layout-flow wp-block-cover-is-layout-flow\">\n<h2 class=\"has-text-align-center heading wp-block-heading\" id=\"webcam-fort-mahon\" style=\"font-size:40px\"><strong><mark style=\"background-color:rgba(0, 0, 0, 0)\" class=\"has-inline-color has-base-3-color\">WEBCAM <\/mark><br><mark style=\"background-color:rgba(0, 0, 0, 0)\" class=\"has-inline-color has-base-3-color\">LA BRESSE<\/mark><\/strong><\/h2>\n<\/div><\/div>\n\n\n<div class=\"yoast-breadcrumbs\"><span><span><a href=\"https:\/\/weather-radar-live.com\/da\/\">Weather Radar Live<\/a><\/span> \u00bb <span><a href=\"https:\/\/weather-radar-live.com\/da\/webcam\/\">Webcam<\/a><\/span> \u00bb <span><a href=\"https:\/\/weather-radar-live.com\/da\/webcam\/frankrig\/\">Frankrig<\/a><\/span> \u00bb <span class=\"breadcrumb_last\" aria-current=\"page\"><strong>Webcam La Bresse<\/strong><\/span><\/span><\/div>\n\n\n<h2 class=\"has-text-align-center wp-block-heading\" id=\"webcam-fort-mahon\"><strong>Webcam La Bresse<\/strong><\/h2>\n\n\n\n<p>La Bresse er en kommune og en lille bjergby, der ligger p\u00e5 Vosges-bjerget i Grand Est i det nord\u00f8stlige Frankrig. Omr\u00e5det tiltr\u00e6kker mange bes\u00f8gende og er blevet et sted for skisportssteder og mange udend\u00f8rs aktiviteter. Det ligger i Moselotte-flodens dal i Vosges-regionalparken ca. 45 kilometer vest for Colmar og 55 kilometer nordvest for Mulhouse.<\/p>\n\n\n\n<p>For natur- og dyrelivsinteresserede er La Bresse et af de mest ber\u00f8mte steder i Europa. N\u00e5r du planl\u00e6gger en tur til La Bresse, kan du m\u00e5ske v\u00e6re interesseret i at se live skiforhold. Webcam La Bresse vil give dig de seneste oplysninger. I det n\u00e6ste afsnit vil vi gennemg\u00e5 vejret i la Bresse, klimaet og nogle oplysninger om La Bresse Hohneck Resort.<\/p><div id=\"weath-3412023700\" class=\"weath-inhalt_2 weath-entity-placement\" style=\"margin-top: 15px;margin-right: 25px;margin-bottom: 35px;margin-left: 25px;\"><script async src=\"\/\/pagead2.googlesyndication.com\/pagead\/js\/adsbygoogle.js?client=ca-pub-8960936133935804\" crossorigin=\"anonymous\"><\/script><ins class=\"adsbygoogle\" style=\"display:block;\" data-ad-client=\"ca-pub-8960936133935804\" \ndata-ad-slot=\"1963584050\" \ndata-ad-format=\"auto\"><\/ins>\n<script> \n(adsbygoogle = window.adsbygoogle || []).push({}); \n<\/script>\n<\/div>\n\n\n\n<div class=\"wp-block-columns is-layout-flex wp-container-core-columns-is-layout-9d6595d7 wp-block-columns-is-layout-flex\">\n<div class=\"wp-block-column webcam-column is-layout-flow wp-block-column-is-layout-flow\">\n<h3 class=\"has-text-align-center wp-block-heading\"><strong> \ud83d\udd34 Webcam La Bresse<\/strong> Front de Neige<\/h3>\n\n\n\n<a name=\"windy-webcam-timelapse-player\" data-id=\"1582614103\" data-play=\"day\" href=\"https:\/\/windy.com\/webcams\/1582614103\" target=\"_blank\" rel=\"noopener\">Woll<\/a><script async=\"\" type=\"text\/javascript\" src=\"https:\/\/webcams.windy.com\/webcams\/public\/embed\/script\/player.js\"><\/script>\n<\/div>\n\n\n\n<div class=\"wp-block-column webcam-column is-layout-flow wp-block-column-is-layout-flow\">\n<h3 class=\"has-text-align-center live-emoji wp-block-heading\"><strong> \ud83d\udd34 Webcam La Bresse<\/strong> Petit Artimont<\/h3>\n\n\n\n<a name=\"windy-webcam-timelapse-player\" data-id=\"1582613209\" data-play=\"day\" href=\"https:\/\/windy.com\/webcams\/1582613209\" target=\"_blank\" rel=\"noopener\">Woll &#8216; S\u00fcd: Petit Artimont<\/a><script async=\"\" type=\"text\/javascript\" src=\"https:\/\/webcams.windy.com\/webcams\/public\/embed\/script\/player.js\"><\/script>\n<\/div>\n<\/div>\n\n\n\n<h2 class=\"wp-block-heading\" id=\"fort-mahon-today\"><strong><strong>Vejr Radar La Bresse &#8211; Vejret i La Bresse<\/strong><\/strong><\/h2>\n\n\n\n<p>At f\u00e5 realtidsinformationer relateret til vejropdateringer, <a href=\"https:\/\/weather-radar-live.com\/da\/sne\/\">snem\u00e6ngder<\/a>, <a href=\"https:\/\/weather-radar-live.com\/da\/regnradar\/\">nedb\u00f8r<\/a> og <a href=\"https:\/\/weather-radar-live.com\/da\/storm-radar\/\">uvejr<\/a> er ret ligetil med <a href=\"https:\/\/weather-radar-live.com\/da\/\">Weather Radar<\/a> La Bresse. Webkameraerne i La Bresse kan ses fra en r\u00e6kke forskellige steder, s\u00e5 du kan f\u00e5 et n\u00e6rmere kig p\u00e5 det \u00f8nskede sted. Se webkameraerne i La Bresse med forskellige tidsintervaller ved at klikke p\u00e5 en webcamvisning og rulle gennem billederne. Ved hj\u00e6lp af zoom ind og zoom ud-mulighederne er det desuden nemt at se pr\u00e6cis det sted, du er interesseret i at se.<\/p>\n\n\n\n<div class=\"wp-block-columns is-layout-flex wp-container-core-columns-is-layout-9d6595d7 wp-block-columns-is-layout-flex\">\n<div class=\"wp-block-column is-layout-flow wp-block-column-is-layout-flow\" style=\"flex-basis:75%\">\n<iframe loading=\"lazy\" width=\"1300\" height=\"502\" src=\"https:\/\/embed.windy.com\/embed2.html?lat=48.026&amp;lon=6.989&amp;detailLat=49.476&amp;detailLon=11.048&amp;width=1300&amp;height=508&amp;zoom=11&amp;level=surface&amp;overlay=radar&amp;product=radar&amp;menu=&amp;message=&amp;marker=&amp;calendar=now&amp;pressure=&amp;type=map&amp;location=coordinates&amp;detail=&amp;metricWind=default&amp;metricTemp=default&amp;radarRange=-1\" frameborder=\"0\"><\/iframe>\n<\/div>\n\n\n\n<div class=\"wp-block-column is-layout-flow wp-block-column-is-layout-flow\" style=\"flex-basis:25%\">\n<div align=\"center\"><a class=\"weatherwidget-io\" href=\"https:\/\/forecast7.com\/da\/48d006d87\/la-bresse\/\" data-label_1=\"LA BRESSE\" data-theme=\"original\">LA BRESSE<\/a>\n<script>\n!function(d,s,id){var js,fjs=d.getElementsByTagName(s)[0];if(!d.getElementById(id)){js=d.createElement(s);js.id=id;js.src='https:\/\/weatherwidget.io\/js\/widget.min.js';fjs.parentNode.insertBefore(js,fjs);}}(document,'script','weatherwidget-io-js');\n<\/script><\/div>\n<\/div>\n<\/div>\n\n\n\n<h2 class=\"wp-block-heading\" id=\"fort-mahon-weather\"><strong><strong>Klimaet i La Bresse<\/strong><\/strong><\/h2>\n\n\n\n<p>Klimaet i La Bresse er tempereret og varmt. Den ligger p\u00e5 den nordlige halvkugle. Denne by nyder godt af betydelig nedb\u00f8r. Maj har det h\u00f8jeste antal regnvejrsdage (15,70), mens september har det laveste antal regnvejrsdage (12,27 dage). Her er UV-indekset 3.<\/p>\n\n\n\n<p><strong>Temperatur <\/strong><\/p>\n\n\n\n<p>La Bresse har en gennemsnitlig temperatur p\u00e5 8.0 \u00b0C eller 46.4 \u00b0F.<\/p>\n\n\n\n<p><strong>Nedb\u00f8r <\/strong><\/p>\n\n\n\n<p>Der falder i alt 1256 mm eller 49,4 tommer nedb\u00f8r hvert \u00e5r.<\/p>\n\n\n\n<p><strong>Luftfugtighed <\/strong><\/p>\n\n\n\n<p>I November, er der den h\u00f8jeste relative luftfugtighed dvs. 86.55 %. Den relative luftfugtighed i juli er den laveste og er p\u00e5 69,65 %.<\/p>\n\n\n\n<h2 class=\"wp-block-heading\"><strong><strong>La Bresse Hohneck Resort<\/strong><\/strong><\/h2>\n\n\n\n<p>Skisportsstedet La Bresse Hohneck, der ligger i kommunen La Bresse, er det st\u00f8rste i det nord\u00f8stlige Frankrig samt i Vogeserne. Dette skisportssted ligger i Lorraine i hjertet af den regionale naturpark Ballons des Vosges. Der er 34 spor, 17 skilifter og et slalomstadion. Dette skiomr\u00e5de omfatter 220 hektar og ligger midt i Vosges-skovene, i Kastelberg-sektoren.<\/p>\n\n\n\n<p>Der er masser at lave uden for skil\u00f8b i La Bresse Hohneck, herunder k\u00e6lkning p\u00e5 alle fire \u00e5rstider, et fritidspoolkompleks og en sk\u00f8jtebane. Gamle sten- og kulturinteresserede vil nyde at udforske de n\u00e6rliggende landsbyer for at se den gamle kobbermine, kirken fra det 18. \u00e5rhundrede og forskellige kunstv\u00e6rksteder.<\/p>\n\n\n\n<p>La Bresse Hohneck er det st\u00f8rste oplyste skiomr\u00e5de i Europa og udm\u00e6rker sig ved at tilbyde sine bes\u00f8gende natski. Dette feriested byder p\u00e5 50 kilometer pister, en biathlon-arena, 40 kilometer pister, skihop og endda et sjovt omr\u00e5de for familien.<\/p>\n","protected":false},"excerpt":{"rendered":"<p>Webcam La Bresse La Bresse er en kommune og en lille bjergby, der ligger p\u00e5 Vosges-bjerget i Grand Est i det nord\u00f8stlige Frankrig. Omr\u00e5det tiltr\u00e6kker mange bes\u00f8gende og er blevet et sted for skisportssteder og mange udend\u00f8rs aktiviteter. Det ligger i Moselotte-flodens dal i Vosges-regionalparken ca. 45 kilometer vest for Colmar og 55 kilometer nordvest &#8230; <a title=\"Webcam La Bresse\" class=\"read-more\" href=\"https:\/\/weather-radar-live.com\/da\/webcam\/frankrig\/webcam-la-bresse\/\" aria-label=\"Read more about Webcam La Bresse\">L\u00e6s mere <\/a><\/p>\n","protected":false},"author":1,"featured_media":3657,"parent":4175,"menu_order":0,"comment_status":"closed","ping_status":"closed","template":"","meta":{"footnotes":""},"class_list":["post-3696","page","type-page","status-publish","has-post-thumbnail"],"yoast_head":"<!-- This site is optimized with the Yoast SEO plugin v27.5 - https:\/\/yoast.com\/product\/yoast-seo-wordpress\/ -->\n<title>Webcam La Bresse \u2192 Se det live!<\/title>\n<meta name=\"description\" content=\"Webcam La Bresse | Livecam fra La Bresse! \u2705 Opdateret for dig i realtid! \u2705 Aktuel vejrudsigt!\" \/>\n<meta name=\"robots\" content=\"index, follow, max-snippet:-1, max-image-preview:large, max-video-preview:-1\" \/>\n<link rel=\"canonical\" href=\"https:\/\/weather-radar-live.com\/da\/webcam\/frankrig\/webcam-la-bresse\/\" \/>\n<meta property=\"og:locale\" content=\"da_DK\" \/>\n<meta property=\"og:type\" content=\"article\" \/>\n<meta property=\"og:title\" content=\"Webcam La Bresse \u2192 Se det live!\" \/>\n<meta property=\"og:description\" content=\"Webcam La Bresse | Livecam fra La Bresse! \u2705 Opdateret for dig i realtid! \u2705 Aktuel vejrudsigt!\" \/>\n<meta property=\"og:url\" content=\"https:\/\/weather-radar-live.com\/da\/webcam\/frankrig\/webcam-la-bresse\/\" \/>\n<meta property=\"og:site_name\" content=\"weather-radar-live.com\" \/>\n<meta property=\"article:modified_time\" content=\"2022-07-15T11:21:09+00:00\" \/>\n<meta property=\"og:image\" content=\"https:\/\/weather-radar-live.com\/wp-content\/uploads\/2021\/06\/sam-schooler-E9aetBe2w40-unsplash-e1622554814366.jpg\" \/>\n<meta name=\"twitter:card\" content=\"summary_large_image\" \/>\n<meta name=\"twitter:label1\" content=\"Estimeret l\u00e6setid\" \/>\n\t<meta name=\"twitter:data1\" content=\"3 minutter\" \/>\n<script type=\"application\/ld+json\" class=\"yoast-schema-graph\">{\"@context\":\"https:\\\/\\\/schema.org\",\"@graph\":[{\"@type\":\"WebPage\",\"@id\":\"https:\\\/\\\/weather-radar-live.com\\\/da\\\/webcam\\\/frankrig\\\/webcam-la-bresse\\\/\",\"url\":\"https:\\\/\\\/weather-radar-live.com\\\/da\\\/webcam\\\/frankrig\\\/webcam-la-bresse\\\/\",\"name\":\"Webcam La Bresse \u2192 Se det live!\",\"isPartOf\":{\"@id\":\"https:\\\/\\\/weather-radar-live.com\\\/#website\"},\"primaryImageOfPage\":{\"@id\":\"https:\\\/\\\/weather-radar-live.com\\\/da\\\/webcam\\\/frankrig\\\/webcam-la-bresse\\\/#primaryimage\"},\"image\":{\"@id\":\"https:\\\/\\\/weather-radar-live.com\\\/da\\\/webcam\\\/frankrig\\\/webcam-la-bresse\\\/#primaryimage\"},\"thumbnailUrl\":\"https:\\\/\\\/weather-radar-live.com\\\/wp-content\\\/uploads\\\/2022\\\/04\\\/Webcam-La-Bresse.png\",\"datePublished\":\"2022-04-19T12:04:52+00:00\",\"dateModified\":\"2022-07-15T11:21:09+00:00\",\"description\":\"Webcam La Bresse | Livecam fra La Bresse! \u2705 Opdateret for dig i realtid! \u2705 Aktuel vejrudsigt!\",\"breadcrumb\":{\"@id\":\"https:\\\/\\\/weather-radar-live.com\\\/da\\\/webcam\\\/frankrig\\\/webcam-la-bresse\\\/#breadcrumb\"},\"inLanguage\":\"da-DK\",\"potentialAction\":[{\"@type\":\"ReadAction\",\"target\":[\"https:\\\/\\\/weather-radar-live.com\\\/da\\\/webcam\\\/frankrig\\\/webcam-la-bresse\\\/\"]}]},{\"@type\":\"ImageObject\",\"inLanguage\":\"da-DK\",\"@id\":\"https:\\\/\\\/weather-radar-live.com\\\/da\\\/webcam\\\/frankrig\\\/webcam-la-bresse\\\/#primaryimage\",\"url\":\"https:\\\/\\\/weather-radar-live.com\\\/wp-content\\\/uploads\\\/2022\\\/04\\\/Webcam-La-Bresse.png\",\"contentUrl\":\"https:\\\/\\\/weather-radar-live.com\\\/wp-content\\\/uploads\\\/2022\\\/04\\\/Webcam-La-Bresse.png\",\"width\":299,\"height\":199,\"caption\":\"Webcam-La-Bresse\"},{\"@type\":\"BreadcrumbList\",\"@id\":\"https:\\\/\\\/weather-radar-live.com\\\/da\\\/webcam\\\/frankrig\\\/webcam-la-bresse\\\/#breadcrumb\",\"itemListElement\":[{\"@type\":\"ListItem\",\"position\":1,\"name\":\"Weather Radar Live\",\"item\":\"https:\\\/\\\/weather-radar-live.com\\\/da\\\/\"},{\"@type\":\"ListItem\",\"position\":2,\"name\":\"Webcam\",\"item\":\"https:\\\/\\\/weather-radar-live.com\\\/da\\\/webcam\\\/\"},{\"@type\":\"ListItem\",\"position\":3,\"name\":\"Frankrig\",\"item\":\"https:\\\/\\\/weather-radar-live.com\\\/da\\\/webcam\\\/frankrig\\\/\"},{\"@type\":\"ListItem\",\"position\":4,\"name\":\"Webcam La Bresse\"}]},{\"@type\":\"WebSite\",\"@id\":\"https:\\\/\\\/weather-radar-live.com\\\/#website\",\"url\":\"https:\\\/\\\/weather-radar-live.com\\\/\",\"name\":\"weather-radar-live.com\",\"description\":\"Your weather and sky radar.\",\"publisher\":{\"@id\":\"https:\\\/\\\/weather-radar-live.com\\\/#organization\"},\"potentialAction\":[{\"@type\":\"SearchAction\",\"target\":{\"@type\":\"EntryPoint\",\"urlTemplate\":\"https:\\\/\\\/weather-radar-live.com\\\/?s={search_term_string}\"},\"query-input\":{\"@type\":\"PropertyValueSpecification\",\"valueRequired\":true,\"valueName\":\"search_term_string\"}}],\"inLanguage\":\"da-DK\"},{\"@type\":\"Organization\",\"@id\":\"https:\\\/\\\/weather-radar-live.com\\\/#organization\",\"name\":\"weather-radar-live.com\",\"url\":\"https:\\\/\\\/weather-radar-live.com\\\/\",\"logo\":{\"@type\":\"ImageObject\",\"inLanguage\":\"da-DK\",\"@id\":\"https:\\\/\\\/weather-radar-live.com\\\/#\\\/schema\\\/logo\\\/image\\\/\",\"url\":\"https:\\\/\\\/weather-radar-live.com\\\/wp-content\\\/uploads\\\/2022\\\/03\\\/cropped-WRL2503.png\",\"contentUrl\":\"https:\\\/\\\/weather-radar-live.com\\\/wp-content\\\/uploads\\\/2022\\\/03\\\/cropped-WRL2503.png\",\"width\":1920,\"height\":555,\"caption\":\"weather-radar-live.com\"},\"image\":{\"@id\":\"https:\\\/\\\/weather-radar-live.com\\\/#\\\/schema\\\/logo\\\/image\\\/\"}}]}<\/script>\n<!-- \/ Yoast SEO plugin. -->","yoast_head_json":{"title":"Webcam La Bresse \u2192 Se det live!","description":"Webcam La Bresse | Livecam fra La Bresse! \u2705 Opdateret for dig i realtid! \u2705 Aktuel vejrudsigt!","robots":{"index":"index","follow":"follow","max-snippet":"max-snippet:-1","max-image-preview":"max-image-preview:large","max-video-preview":"max-video-preview:-1"},"canonical":"https:\/\/weather-radar-live.com\/da\/webcam\/frankrig\/webcam-la-bresse\/","og_locale":"da_DK","og_type":"article","og_title":"Webcam La Bresse \u2192 Se det live!","og_description":"Webcam La Bresse | Livecam fra La Bresse! \u2705 Opdateret for dig i realtid! \u2705 Aktuel vejrudsigt!","og_url":"https:\/\/weather-radar-live.com\/da\/webcam\/frankrig\/webcam-la-bresse\/","og_site_name":"weather-radar-live.com","article_modified_time":"2022-07-15T11:21:09+00:00","og_image":[{"url":"https:\/\/weather-radar-live.com\/wp-content\/uploads\/2021\/06\/sam-schooler-E9aetBe2w40-unsplash-e1622554814366.jpg","type":"","width":"","height":""}],"twitter_card":"summary_large_image","twitter_misc":{"Estimeret l\u00e6setid":"3 minutter"},"schema":{"@context":"https:\/\/schema.org","@graph":[{"@type":"WebPage","@id":"https:\/\/weather-radar-live.com\/da\/webcam\/frankrig\/webcam-la-bresse\/","url":"https:\/\/weather-radar-live.com\/da\/webcam\/frankrig\/webcam-la-bresse\/","name":"Webcam La Bresse \u2192 Se det live!","isPartOf":{"@id":"https:\/\/weather-radar-live.com\/#website"},"primaryImageOfPage":{"@id":"https:\/\/weather-radar-live.com\/da\/webcam\/frankrig\/webcam-la-bresse\/#primaryimage"},"image":{"@id":"https:\/\/weather-radar-live.com\/da\/webcam\/frankrig\/webcam-la-bresse\/#primaryimage"},"thumbnailUrl":"https:\/\/weather-radar-live.com\/wp-content\/uploads\/2022\/04\/Webcam-La-Bresse.png","datePublished":"2022-04-19T12:04:52+00:00","dateModified":"2022-07-15T11:21:09+00:00","description":"Webcam La Bresse | Livecam fra La Bresse! \u2705 Opdateret for dig i realtid! \u2705 Aktuel vejrudsigt!","breadcrumb":{"@id":"https:\/\/weather-radar-live.com\/da\/webcam\/frankrig\/webcam-la-bresse\/#breadcrumb"},"inLanguage":"da-DK","potentialAction":[{"@type":"ReadAction","target":["https:\/\/weather-radar-live.com\/da\/webcam\/frankrig\/webcam-la-bresse\/"]}]},{"@type":"ImageObject","inLanguage":"da-DK","@id":"https:\/\/weather-radar-live.com\/da\/webcam\/frankrig\/webcam-la-bresse\/#primaryimage","url":"https:\/\/weather-radar-live.com\/wp-content\/uploads\/2022\/04\/Webcam-La-Bresse.png","contentUrl":"https:\/\/weather-radar-live.com\/wp-content\/uploads\/2022\/04\/Webcam-La-Bresse.png","width":299,"height":199,"caption":"Webcam-La-Bresse"},{"@type":"BreadcrumbList","@id":"https:\/\/weather-radar-live.com\/da\/webcam\/frankrig\/webcam-la-bresse\/#breadcrumb","itemListElement":[{"@type":"ListItem","position":1,"name":"Weather Radar Live","item":"https:\/\/weather-radar-live.com\/da\/"},{"@type":"ListItem","position":2,"name":"Webcam","item":"https:\/\/weather-radar-live.com\/da\/webcam\/"},{"@type":"ListItem","position":3,"name":"Frankrig","item":"https:\/\/weather-radar-live.com\/da\/webcam\/frankrig\/"},{"@type":"ListItem","position":4,"name":"Webcam La Bresse"}]},{"@type":"WebSite","@id":"https:\/\/weather-radar-live.com\/#website","url":"https:\/\/weather-radar-live.com\/","name":"weather-radar-live.com","description":"Your weather and sky radar.","publisher":{"@id":"https:\/\/weather-radar-live.com\/#organization"},"potentialAction":[{"@type":"SearchAction","target":{"@type":"EntryPoint","urlTemplate":"https:\/\/weather-radar-live.com\/?s={search_term_string}"},"query-input":{"@type":"PropertyValueSpecification","valueRequired":true,"valueName":"search_term_string"}}],"inLanguage":"da-DK"},{"@type":"Organization","@id":"https:\/\/weather-radar-live.com\/#organization","name":"weather-radar-live.com","url":"https:\/\/weather-radar-live.com\/","logo":{"@type":"ImageObject","inLanguage":"da-DK","@id":"https:\/\/weather-radar-live.com\/#\/schema\/logo\/image\/","url":"https:\/\/weather-radar-live.com\/wp-content\/uploads\/2022\/03\/cropped-WRL2503.png","contentUrl":"https:\/\/weather-radar-live.com\/wp-content\/uploads\/2022\/03\/cropped-WRL2503.png","width":1920,"height":555,"caption":"weather-radar-live.com"},"image":{"@id":"https:\/\/weather-radar-live.com\/#\/schema\/logo\/image\/"}}]}},"_links":{"self":[{"href":"https:\/\/weather-radar-live.com\/da\/wp-json\/wp\/v2\/pages\/3696","targetHints":{"allow":["GET"]}}],"collection":[{"href":"https:\/\/weather-radar-live.com\/da\/wp-json\/wp\/v2\/pages"}],"about":[{"href":"https:\/\/weather-radar-live.com\/da\/wp-json\/wp\/v2\/types\/page"}],"author":[{"embeddable":true,"href":"https:\/\/weather-radar-live.com\/da\/wp-json\/wp\/v2\/users\/1"}],"replies":[{"embeddable":true,"href":"https:\/\/weather-radar-live.com\/da\/wp-json\/wp\/v2\/comments?post=3696"}],"version-history":[{"count":2,"href":"https:\/\/weather-radar-live.com\/da\/wp-json\/wp\/v2\/pages\/3696\/revisions"}],"predecessor-version":[{"id":4558,"href":"https:\/\/weather-radar-live.com\/da\/wp-json\/wp\/v2\/pages\/3696\/revisions\/4558"}],"up":[{"embeddable":true,"href":"https:\/\/weather-radar-live.com\/da\/wp-json\/wp\/v2\/pages\/4175"}],"wp:featuredmedia":[{"embeddable":true,"href":"https:\/\/weather-radar-live.com\/da\/wp-json\/wp\/v2\/media\/3657"}],"wp:attachment":[{"href":"https:\/\/weather-radar-live.com\/da\/wp-json\/wp\/v2\/media?parent=3696"}],"curies":[{"name":"wp","href":"https:\/\/api.w.org\/{rel}","templated":true}]}}