{"id":1729,"date":"2021-11-17T10:08:20","date_gmt":"2021-11-17T09:08:20","guid":{"rendered":"https:\/\/weather-radar-live.com\/?page_id=1729"},"modified":"2021-11-25T12:58:00","modified_gmt":"2021-11-25T11:58:00","slug":"vulkanudbrud-vulkaner","status":"publish","type":"page","link":"https:\/\/weather-radar-live.com\/da\/vulkanudbrud-vulkaner\/","title":{"rendered":"Vulkanudbrud Vulkaner"},"content":{"rendered":"<div id=\"weath-2119791352\" class=\"weath-vor-dem-inhalt weath-entity-placement\" style=\"margin-top: 15px;margin-right: 25px;margin-bottom: 40px;margin-left: 25px;\"><script async src=\"\/\/pagead2.googlesyndication.com\/pagead\/js\/adsbygoogle.js?client=ca-pub-8960936133935804\" crossorigin=\"anonymous\"><\/script><ins class=\"adsbygoogle\" style=\"display:block;\" data-ad-client=\"ca-pub-8960936133935804\" \ndata-ad-slot=\"6172817020\" \ndata-ad-format=\"auto\"><\/ins>\n<script> \n(adsbygoogle = window.adsbygoogle || []).push({}); \n<\/script>\n<\/div>\n<div class=\"wp-block-cover alignfull has-background-dim\"><img loading=\"lazy\" decoding=\"async\" width=\"1920\" height=\"1440\" class=\"wp-block-cover__image-background wp-image-1261\" alt=\"\" src=\"https:\/\/weather-radar-live.com\/wp-content\/uploads\/2021\/10\/Volcano-erupting.jpg\" data-object-fit=\"cover\" srcset=\"https:\/\/weather-radar-live.com\/wp-content\/uploads\/2021\/10\/Volcano-erupting.jpg 1920w, https:\/\/weather-radar-live.com\/wp-content\/uploads\/2021\/10\/Volcano-erupting-300x225.jpg 300w, https:\/\/weather-radar-live.com\/wp-content\/uploads\/2021\/10\/Volcano-erupting-1024x768.jpg 1024w, https:\/\/weather-radar-live.com\/wp-content\/uploads\/2021\/10\/Volcano-erupting-768x576.jpg 768w, https:\/\/weather-radar-live.com\/wp-content\/uploads\/2021\/10\/Volcano-erupting-1536x1152.jpg 1536w\" sizes=\"auto, (max-width: 1920px) 100vw, 1920px\" \/><div class=\"wp-block-cover__inner-container is-layout-flow wp-block-cover-is-layout-flow\">\n<h2 class=\"has-text-align-center heading wp-block-heading\" style=\"font-size:40px\"><strong><span style=\"color:#f59800\" class=\"has-inline-color\">VULKANUDBRUD<\/span> OG VULKANER<\/strong><\/h2>\n<\/div><\/div>\n\n\n<h2 style=\"text-align: center;\"><span style=\"color: #f59800;\"><b>Aktuelle vulkanudbrud &#8211; Se de aktive vulkaner p\u00e5 vulkankortet<\/b><\/span><\/h2>\n<p>P\u00e5 vores planet findes der et stort antal aktive vulkaner, der er regelm\u00e6ssigt aktive. Ofte er der store udbrud, som kan v\u00e6re ledsaget af en <strong><a href=\"https:\/\/weather-radar-live.com\/da\/jordskaelvs\/\">jordsk\u00e6lv<\/a><\/strong>. Vil du gerne vide, hvor der er aktive vulkaner i verden, og hvor der er vulkanudbrud?<\/p>\n<p>Vores vulkankort viser dig vulkanerne i denne verden. Ved hj\u00e6lp af kortet har du forskellige muligheder for at filtrere vulkanerne. Vi vil g\u00e5 n\u00e6rmere ind p\u00e5 dette om et \u00f8jeblik. Derudover viser vulkankortet dig de seneste jordsk\u00e6lv, der har fundet sted rundt om i verden. Er du klar til at opdage de vulkaner, der er i udbrud i denne verden?<\/p><div id=\"weath-1954944504\" class=\"weath-inhalt_2 weath-entity-placement\" style=\"margin-top: 15px;margin-right: 25px;margin-bottom: 35px;margin-left: 25px;\"><script async src=\"\/\/pagead2.googlesyndication.com\/pagead\/js\/adsbygoogle.js?client=ca-pub-8960936133935804\" crossorigin=\"anonymous\"><\/script><ins class=\"adsbygoogle\" style=\"display:block;\" data-ad-client=\"ca-pub-8960936133935804\" \ndata-ad-slot=\"1963584050\" \ndata-ad-format=\"auto\"><\/ins>\n<script> \n(adsbygoogle = window.adsbygoogle || []).push({}); \n<\/script>\n<\/div>\n\n\n<iframe loading=\"lazy\" id=\"VW_iframe\" width=\"1300px\" height=\"600\" scrolling=\"no\" frameborder=\"0\" marginwidth=\"0\" marginheight=\"0\" src=\"https:\/\/earthquakes.volcanodiscovery.com?hideQuakes=1\"><\/iframe>\n\n\n\n<p class=\"has-text-align-center\"><sup>Kortet vil vise dig trekanter for vulkaner og cirkler for de seneste jordsk\u00e6lv. Hvis du klikker p\u00e5 vulkanen eller jordsk\u00e6lvet med musen (p\u00e5 smartphonen med din finger), f\u00e5r du flere oplysninger om den.<\/sup><\/p>\n\n\n\n<div style=\"height:40px\" aria-hidden=\"true\" class=\"wp-block-spacer\"><\/div>\n\n\n<h2 style=\"text-align: center;\"><span style=\"color: #f59800;\"><b>Hvor er vulkanerne? Er en vulkan i udbrud lige nu? S\u00e5dan kan du l\u00e6se vulkankortet:<\/b><\/span><\/h2>\n<p>P\u00e5 vulkankortet har du mulighed for at filtrere <a href=\"https:\/\/universe.dk\/da\/bliv-klog\/vulkan\" target=\"_blank\" rel=\"noopener\"><strong>vulkaner<\/strong><\/a>. For at g\u00f8re dette finder du forskellige ikoner \u00f8verst p\u00e5 kortet, som du kan bruge til at justere udv\u00e6lgelsen af vulkaner. Hvis du ikke kan se ikonerne, skal du blot klikke eller trykke p\u00e5 det m\u00f8rke vulkanikon. Vi vil kort forklare, hvilket ikon der repr\u00e6senterer hvilket valg:<\/p>\n<p><img loading=\"lazy\" decoding=\"async\" class=\"alignnone\" src=\"https:\/\/www.volcanoesandearthquakes.com\/fileadmin\/voldis\/png\/volcano_level1.png\" alt=\"alle vulkaner, ogs\u00e5 hvilende\" width=\"20\" height=\"20\" \/> Hvis du klikker p\u00e5 det gr\u00f8nne ikon, vil alle vulkaner i denne verden blive vist for dem. Dette udvalg omfatter ogs\u00e5 vulkaner, der ikke har v\u00e6ret aktive i lang tid og har v\u00e6ret i dvale i mange \u00e5r.<\/p>\n<p><img loading=\"lazy\" decoding=\"async\" class=\"alignnone\" src=\"https:\/\/ww2.volcanodiscovery.com\/fileadmin\/voldis\/png\/volcano_level0.png\" alt=\"Udd\u00f8de vulkaner\" width=\"20\" height=\"20\" \/> Hvis alle vulkaner vises p\u00e5 kortet, kan du ogs\u00e5 se dette symbol. Den m\u00f8rke vulkan angiver, at denne vulkan er helt udd\u00f8d og ikke l\u00e6ngere har nogen aktivitet.<\/p>\n<p><img loading=\"lazy\" decoding=\"async\" class=\"alignnone\" style=\"font-size: inherit;\" src=\"https:\/\/www.volcanoesandearthquakes.com\/fileadmin\/voldis\/png\/volcano_level2.png\" alt=\"N\u00e6sten ingen aktive vulkaner\" width=\"20\" height=\"20\" \/> Vulkaner, der vises med gult, er ustabile vulkaner, der har regelm\u00e6ssig og ret svagere aktivitet. Disse vulkaner har dog ikke haft nogen st\u00f8rre udbrud inden for den seneste periode.<\/p>\n<p><img loading=\"lazy\" decoding=\"async\" class=\"alignnone\" src=\"https:\/\/www.volcanoesandearthquakes.com\/fileadmin\/voldis\/png\/volcano_level3.png\" alt=\"Lejlighedsvis aktive vulkaner\" width=\"20\" height=\"20\" \/> For orange vulkaner er der aktuelle advarsler, der tyder p\u00e5 et st\u00f8rre udbrud i den n\u00e6rmeste fremtid. Vulkaner af denne type kan allerede v\u00e6re aktive, men et st\u00f8rre udbrud er endnu ikke sket.<\/p>\n<p><img loading=\"lazy\" decoding=\"async\" class=\"alignnone\" src=\"https:\/\/www.volcanoesandearthquakes.com\/fileadmin\/voldis\/png\/volcano_level4.png\" alt=\"Nuv\u00e6rende vulkaner, der g\u00e5r i udbrud\" width=\"20\" height=\"20\" \/> Stor forsigtighed er p\u00e5kr\u00e6vet for r\u00f8de vulkaner: Her er der i \u00f8jeblikket en faresituation og en aktuel udbrudsadvarsel. Her er der allerede et st\u00f8rre udbrud i gang, som ledsages af farlige lavastr\u00f8mme og store askeskyer.<\/p>\n<p><img loading=\"lazy\" decoding=\"async\" class=\"alignnone wp-image-1271\" src=\"https:\/\/weather-radar-live.com\/wp-content\/uploads\/2021\/10\/Vulkankarte-Kartentypen-300x41.png\" alt=\"Kort over vulkaner Korttyper\" width=\"190\" height=\"26\" srcset=\"https:\/\/weather-radar-live.com\/wp-content\/uploads\/2021\/10\/Vulkankarte-Kartentypen-300x41.png 300w, https:\/\/weather-radar-live.com\/wp-content\/uploads\/2021\/10\/Vulkankarte-Kartentypen.png 413w\" sizes=\"auto, (max-width: 190px) 100vw, 190px\" \/> \u00d8verst til venstre p\u00e5 kortet har du mulighed for at \u00e6ndre kortvisningen. Her kan du v\u00e6lge mellem terr\u00e6n-, satellit-, hybrid-, vej- og jordpladekort.<\/p>\n<p>\u00a0<\/p>\n<h2 style=\"text-align: center;\"><span style=\"color: #f59800;\"><b>Her er, hvad du b\u00f8r vide om vulkaner:<\/b><\/span><\/h2>\n<h3><span style=\"color: #f59800;\"><strong>Hvad er vulkaner?<\/strong><\/span><\/h3>\n<p>Vulkaner er \u00e5bninger i jordskorpen, hvorigennem smeltet lava og lavasten frigives til jordoverfladen. De tillader ogs\u00e5, at aske og gasser fra jordens indre kan slippe ud. Vulkaner dannes for det meste ved gr\u00e6nserne mellem jordpladerne. P\u00e5 grund af pladernes konstante bev\u00e6gelse, som kan v\u00e6re op til et par centimeter om \u00e5ret, er det s\u00e6rligt let for lavaen at n\u00e5 frem til jordoverfladen her.<\/p>\n<h3><span style=\"color: #f59800;\"><strong>Hvordan dannes vulkaner, hvordan dannes de?<\/strong><\/span><\/h3>\n<p>I l\u00f8bet af \u00e5rhundreder ophobes klippestykker og aske i et s\u00e5dant omfang, at der dannes et vulkansk bjerg. Denne form for vulkan kaldes ogs\u00e5 en <strong>stratovulkan<\/strong>. En <strong>skjoldvulkan<\/strong> dannes derimod, n\u00e5r lava str\u00f8mmer ud over en lang periode og afk\u00f8les, hvorved der dannes flade vulkanske landskaber, der ligner et fladt skjold i udseende. Disse kan is\u00e6r findes ofte p\u00e5 Hawaii. Ogs\u00e5 <strong>dattervulkaner<\/strong> er at opdage nu og da. Disse dannes, n\u00e5r en udd\u00f8d vulkan bliver aktiv igen, og der dannes en ny vulkan i det tomme magmakammer (caldera). Et eksempel p\u00e5 en dattervulkan er Vesuv i Napoli i Italien.<\/p>\n<h3><span style=\"color: #f59800;\"><strong>Hvad udl\u00f8ser et vulkanudbrud?<\/strong><\/span><\/h3>\n<p>For at et <strong><a href=\"https:\/\/illvid.dk\/naturen\/vulkaner\" target=\"_blank\" rel=\"noopener\">vulkanudbrud<\/a><\/strong> kan finde sted, skal der v\u00e6re et stort tryk inde i vulkanen. Dette tryk skabes af de h\u00f8je temperaturer inde i jorden og gasserne inde i vulkanen. N\u00e5r temperaturen er h\u00f8j nok, begynder klippen inde i vulkanen at smelte. Den resulterende magma s\u00f8ger derefter sin vej ud.<\/p>\n<h3><span style=\"color: #f59800;\"><strong>Hvordan bryder en vulkan ud?<\/strong><\/span><\/h3>\n<p>I de fleste tilf\u00e6lde udl\u00f8ses alt trykket inde i vulkanen p\u00e5 et enkelt slag p\u00e5 br\u00f8kdelen af et \u00f8jeblik. Det svarer til en champagneflaske, hvor proppen flyver ud. I det \u00f8jeblik g\u00e5r vulkanen i udbrud og sender magma, sten og gasser ud til ydersiden.<\/p>\n<p>\u00a0<\/p>\n\n\n<div class=\"wp-block-cover alignfull has-background-dim-70 has-background-dim\"><img loading=\"lazy\" decoding=\"async\" width=\"1920\" height=\"1440\" class=\"wp-block-cover__image-background wp-image-1261\" alt=\"\" src=\"https:\/\/weather-radar-live.com\/wp-content\/uploads\/2021\/10\/Volcano-erupting.jpg\" data-object-fit=\"cover\" srcset=\"https:\/\/weather-radar-live.com\/wp-content\/uploads\/2021\/10\/Volcano-erupting.jpg 1920w, https:\/\/weather-radar-live.com\/wp-content\/uploads\/2021\/10\/Volcano-erupting-300x225.jpg 300w, https:\/\/weather-radar-live.com\/wp-content\/uploads\/2021\/10\/Volcano-erupting-1024x768.jpg 1024w, https:\/\/weather-radar-live.com\/wp-content\/uploads\/2021\/10\/Volcano-erupting-768x576.jpg 768w, https:\/\/weather-radar-live.com\/wp-content\/uploads\/2021\/10\/Volcano-erupting-1536x1152.jpg 1536w\" sizes=\"auto, (max-width: 1920px) 100vw, 1920px\" \/><div class=\"wp-block-cover__inner-container is-layout-flow wp-block-cover-is-layout-flow\">\n<p><\/p>\n\n\n\n<p class=\"has-text-align-center\" id=\"Teppichklopfen\" style=\"font-size:35px\"><strong><strong>VIDEOS af vulkanudbrud!<\/strong><\/strong><\/p>\n\n\n\n<div class=\"wp-block-columns is-layout-flex wp-container-core-columns-is-layout-9d6595d7 wp-block-columns-is-layout-flex\">\n<div class=\"wp-block-column is-layout-flow wp-block-column-is-layout-flow\" style=\"flex-basis:25%\"><\/div>\n\n\n\n<div class=\"wp-block-column is-layout-flow wp-block-column-is-layout-flow\" style=\"flex-basis:50%\"><\/div>\n\n\n\n<div class=\"wp-block-column is-layout-flow wp-block-column-is-layout-flow\" style=\"flex-basis:25%\"><\/div>\n<\/div>\n\n\n\n<div class=\"wp-block-columns is-layout-flex wp-container-core-columns-is-layout-9d6595d7 wp-block-columns-is-layout-flex\">\n<div class=\"wp-block-column is-layout-flow wp-block-column-is-layout-flow\">\n<figure class=\"wp-block-embed is-type-rich is-provider-handter-indlejring wp-block-embed-handter-indlejring wp-embed-aspect-16-9 wp-has-aspect-ratio\"><div class=\"wp-block-embed__wrapper\">\n<iframe loading=\"lazy\" title=\"Watch the EXACT moment the Stromboli volcano erupted! (03\/July\/2019)\" width=\"1200\" height=\"675\" src=\"https:\/\/www.youtube.com\/embed\/RY44HWeFcow?feature=oembed\" frameborder=\"0\" allow=\"accelerometer; autoplay; clipboard-write; encrypted-media; gyroscope; picture-in-picture\" allowfullscreen><\/iframe>\n<\/div><\/figure>\n<\/div>\n\n\n\n<div class=\"wp-block-column is-layout-flow wp-block-column-is-layout-flow\">\n<figure class=\"wp-block-embed is-type-rich is-provider-handter-indlejring wp-block-embed-handter-indlejring wp-embed-aspect-16-9 wp-has-aspect-ratio\"><div class=\"wp-block-embed__wrapper\">\n<iframe loading=\"lazy\" title=\"Momotombo Volcano Erupting at Night with Several Small Volcanic Lightning Discharges\" width=\"1200\" height=\"675\" src=\"https:\/\/www.youtube.com\/embed\/nArnNjQenkQ?feature=oembed\" frameborder=\"0\" allow=\"accelerometer; autoplay; clipboard-write; encrypted-media; gyroscope; picture-in-picture\" allowfullscreen><\/iframe>\n<\/div><\/figure>\n<\/div>\n<\/div>\n<\/div><\/div>\n\n\n<p><\/p>\n<h3><span style=\"color: #f59800;\"><strong>Hvordan ser en vulkan ud indefra?<\/strong><\/span><\/h3>\n<p>Indersiden af en vulkan best\u00e5r for det meste af flydende sten kaldet magma. N\u00e5r magmaen forlader vulkanen, kaldes den lava. Det f\u00f8lgende drone-billede giver et sp\u00e6ndende indblik i, hvordan en vulkan ser ud indefra:<\/p>\n<h3><span style=\"color: #f59800;\"><strong>Hvilken vulkan er den st\u00f8rste i verden?<\/strong><\/span><\/h3>\n<p>Den st\u00f8rste vulkan i verden er Mauna Loa p\u00e5 Hawaii, som har en h\u00f8jde p\u00e5 4 170 meter over havets overflade. P\u00e5 grund af det faktum, at vulkanen ligger i vandet i en dybde p\u00e5 mere end 5 km, er det den st\u00f8rste vulkan i Wetl med en total h\u00f8jde p\u00e5 n\u00e6sten 10 km. Forresten betyder Mauna Loa bogstaveligt oversat &#8220;Langt bjerg&#8221;. Den h\u00f8jeste vulkan, m\u00e5lt i h\u00f8jden over havets overflade, er Nevado Ojos del Salado, som l\u00f8ber langs gr\u00e6nsen mellem Chile og Argentina og er 6893 m h\u00f8j.<\/p>\n<h3><strong><span style=\"color: #f59800;\">Hvilket vulkanudbrud var det kraftigste?<\/span><\/strong><\/h3>\n<p>Det kraftigste vulkanudbrud i moderne tid fandt sted i Indonesien i april 1815. Vulkanudbruddet med en kraft som flere millioner brintbomber kostede n\u00e6sten 100 000 mennesker livet. Vulkanens eksplosion blev h\u00f8rt n\u00e6sten 2.000 kilometer v\u00e6k og fik gennemsnitstemperaturen til at falde med hele 2 grader det f\u00f8lgende \u00e5r.<\/p>\n<h3><span style=\"color: #f59800;\"><strong>Hvor mange vulkaner er der i verden?<\/strong><\/span><\/h3>\n<p>Der er i \u00f8jeblikket omkring 1 500 aktive vulkaner rundt om i verden. Dette omfatter vulkaner, der har haft et udbrud inden for de sidste 10.000 \u00e5r.<\/p>\n<h3><span style=\"color: #f59800;\"><strong>Hvor mange vulkaner er der i Hawaii?<\/strong><\/span><\/h3>\n<p>Der er indtil videre blevet talt mere end 90 forskellige vulkaner p\u00e5 Hawaii. Vulkanforskere har dog mistanke om, at der kan v\u00e6re mange flere vulkaner der.<\/p>","protected":false},"excerpt":{"rendered":"<p>Aktuelle vulkanudbrud &#8211; Se de aktive vulkaner p\u00e5 vulkankortet P\u00e5 vores planet findes der et stort antal aktive vulkaner, der er regelm\u00e6ssigt aktive. Ofte er der store udbrud, som kan v\u00e6re ledsaget af en jordsk\u00e6lv. Vil du gerne vide, hvor der er aktive vulkaner i verden, og hvor der er vulkanudbrud? Vores vulkankort viser dig &#8230; <a title=\"Vulkanudbrud Vulkaner\" class=\"read-more\" href=\"https:\/\/weather-radar-live.com\/da\/vulkanudbrud-vulkaner\/\" aria-label=\"Read more about Vulkanudbrud Vulkaner\">L\u00e6s mere <\/a><\/p>\n","protected":false},"author":1,"featured_media":0,"parent":0,"menu_order":0,"comment_status":"closed","ping_status":"closed","template":"","meta":{"footnotes":""},"class_list":["post-1729","page","type-page","status-publish"],"yoast_head":"<!-- This site is optimized with the Yoast SEO plugin v27.5 - https:\/\/yoast.com\/product\/yoast-seo-wordpress\/ -->\n<title>Vulkanudbrud LIVE: \ud83c\udf0b Hvor er vulkaner?<\/title>\n<meta name=\"description\" content=\"Vulkanudbrud LIVE p\u00e5 vulkankortet \u2714\ufe0f Se, hvor vulkaner er i udbrud i \u00f8jeblikket, og hvor de andre vulkaner er! \ud83c\udf0b\" \/>\n<meta name=\"robots\" content=\"index, follow, max-snippet:-1, max-image-preview:large, max-video-preview:-1\" \/>\n<link rel=\"canonical\" href=\"https:\/\/weather-radar-live.com\/da\/vulkanudbrud-vulkaner\/\" \/>\n<meta property=\"og:locale\" content=\"da_DK\" \/>\n<meta property=\"og:type\" content=\"article\" \/>\n<meta property=\"og:title\" content=\"Vulkanudbrud LIVE: \ud83c\udf0b Hvor er vulkaner?\" \/>\n<meta property=\"og:description\" content=\"Vulkanudbrud LIVE p\u00e5 vulkankortet \u2714\ufe0f Se, hvor vulkaner er i udbrud i \u00f8jeblikket, og hvor de andre vulkaner er! \ud83c\udf0b\" \/>\n<meta property=\"og:url\" content=\"https:\/\/weather-radar-live.com\/da\/vulkanudbrud-vulkaner\/\" \/>\n<meta property=\"og:site_name\" content=\"weather-radar-live.com\" \/>\n<meta property=\"article:modified_time\" content=\"2021-11-25T11:58:00+00:00\" \/>\n<meta property=\"og:image\" content=\"https:\/\/weather-radar-live.com\/wp-content\/uploads\/2021\/10\/Volcano-erupting.jpg\" \/>\n<meta name=\"twitter:card\" content=\"summary_large_image\" \/>\n<meta name=\"twitter:label1\" content=\"Estimeret l\u00e6setid\" \/>\n\t<meta name=\"twitter:data1\" content=\"6 minutter\" \/>\n<script type=\"application\/ld+json\" class=\"yoast-schema-graph\">{\"@context\":\"https:\\\/\\\/schema.org\",\"@graph\":[{\"@type\":\"WebPage\",\"@id\":\"https:\\\/\\\/weather-radar-live.com\\\/da\\\/vulkanudbrud-vulkaner\\\/\",\"url\":\"https:\\\/\\\/weather-radar-live.com\\\/da\\\/vulkanudbrud-vulkaner\\\/\",\"name\":\"Vulkanudbrud LIVE: \ud83c\udf0b Hvor er vulkaner?\",\"isPartOf\":{\"@id\":\"https:\\\/\\\/weather-radar-live.com\\\/#website\"},\"primaryImageOfPage\":{\"@id\":\"https:\\\/\\\/weather-radar-live.com\\\/da\\\/vulkanudbrud-vulkaner\\\/#primaryimage\"},\"image\":{\"@id\":\"https:\\\/\\\/weather-radar-live.com\\\/da\\\/vulkanudbrud-vulkaner\\\/#primaryimage\"},\"thumbnailUrl\":\"https:\\\/\\\/weather-radar-live.com\\\/wp-content\\\/uploads\\\/2021\\\/10\\\/Volcano-erupting.jpg\",\"datePublished\":\"2021-11-17T09:08:20+00:00\",\"dateModified\":\"2021-11-25T11:58:00+00:00\",\"description\":\"Vulkanudbrud LIVE p\u00e5 vulkankortet \u2714\ufe0f Se, hvor vulkaner er i udbrud i \u00f8jeblikket, og hvor de andre vulkaner er! \ud83c\udf0b\",\"breadcrumb\":{\"@id\":\"https:\\\/\\\/weather-radar-live.com\\\/da\\\/vulkanudbrud-vulkaner\\\/#breadcrumb\"},\"inLanguage\":\"da-DK\",\"potentialAction\":[{\"@type\":\"ReadAction\",\"target\":[\"https:\\\/\\\/weather-radar-live.com\\\/da\\\/vulkanudbrud-vulkaner\\\/\"]}]},{\"@type\":\"ImageObject\",\"inLanguage\":\"da-DK\",\"@id\":\"https:\\\/\\\/weather-radar-live.com\\\/da\\\/vulkanudbrud-vulkaner\\\/#primaryimage\",\"url\":\"https:\\\/\\\/weather-radar-live.com\\\/wp-content\\\/uploads\\\/2021\\\/10\\\/Volcano-erupting.jpg\",\"contentUrl\":\"https:\\\/\\\/weather-radar-live.com\\\/wp-content\\\/uploads\\\/2021\\\/10\\\/Volcano-erupting.jpg\"},{\"@type\":\"BreadcrumbList\",\"@id\":\"https:\\\/\\\/weather-radar-live.com\\\/da\\\/vulkanudbrud-vulkaner\\\/#breadcrumb\",\"itemListElement\":[{\"@type\":\"ListItem\",\"position\":1,\"name\":\"Weather Radar Live\",\"item\":\"https:\\\/\\\/weather-radar-live.com\\\/da\\\/\"},{\"@type\":\"ListItem\",\"position\":2,\"name\":\"Vulkanudbrud Vulkaner\"}]},{\"@type\":\"WebSite\",\"@id\":\"https:\\\/\\\/weather-radar-live.com\\\/#website\",\"url\":\"https:\\\/\\\/weather-radar-live.com\\\/\",\"name\":\"weather-radar-live.com\",\"description\":\"Your weather and sky radar.\",\"publisher\":{\"@id\":\"https:\\\/\\\/weather-radar-live.com\\\/#organization\"},\"potentialAction\":[{\"@type\":\"SearchAction\",\"target\":{\"@type\":\"EntryPoint\",\"urlTemplate\":\"https:\\\/\\\/weather-radar-live.com\\\/?s={search_term_string}\"},\"query-input\":{\"@type\":\"PropertyValueSpecification\",\"valueRequired\":true,\"valueName\":\"search_term_string\"}}],\"inLanguage\":\"da-DK\"},{\"@type\":\"Organization\",\"@id\":\"https:\\\/\\\/weather-radar-live.com\\\/#organization\",\"name\":\"weather-radar-live.com\",\"url\":\"https:\\\/\\\/weather-radar-live.com\\\/\",\"logo\":{\"@type\":\"ImageObject\",\"inLanguage\":\"da-DK\",\"@id\":\"https:\\\/\\\/weather-radar-live.com\\\/#\\\/schema\\\/logo\\\/image\\\/\",\"url\":\"https:\\\/\\\/weather-radar-live.com\\\/wp-content\\\/uploads\\\/2022\\\/03\\\/cropped-WRL2503.png\",\"contentUrl\":\"https:\\\/\\\/weather-radar-live.com\\\/wp-content\\\/uploads\\\/2022\\\/03\\\/cropped-WRL2503.png\",\"width\":1920,\"height\":555,\"caption\":\"weather-radar-live.com\"},\"image\":{\"@id\":\"https:\\\/\\\/weather-radar-live.com\\\/#\\\/schema\\\/logo\\\/image\\\/\"}}]}<\/script>\n<!-- \/ Yoast SEO plugin. -->","yoast_head_json":{"title":"Vulkanudbrud LIVE: \ud83c\udf0b Hvor er vulkaner?","description":"Vulkanudbrud LIVE p\u00e5 vulkankortet \u2714\ufe0f Se, hvor vulkaner er i udbrud i \u00f8jeblikket, og hvor de andre vulkaner er! \ud83c\udf0b","robots":{"index":"index","follow":"follow","max-snippet":"max-snippet:-1","max-image-preview":"max-image-preview:large","max-video-preview":"max-video-preview:-1"},"canonical":"https:\/\/weather-radar-live.com\/da\/vulkanudbrud-vulkaner\/","og_locale":"da_DK","og_type":"article","og_title":"Vulkanudbrud LIVE: \ud83c\udf0b Hvor er vulkaner?","og_description":"Vulkanudbrud LIVE p\u00e5 vulkankortet \u2714\ufe0f Se, hvor vulkaner er i udbrud i \u00f8jeblikket, og hvor de andre vulkaner er! \ud83c\udf0b","og_url":"https:\/\/weather-radar-live.com\/da\/vulkanudbrud-vulkaner\/","og_site_name":"weather-radar-live.com","article_modified_time":"2021-11-25T11:58:00+00:00","og_image":[{"url":"https:\/\/weather-radar-live.com\/wp-content\/uploads\/2021\/10\/Volcano-erupting.jpg","type":"","width":"","height":""}],"twitter_card":"summary_large_image","twitter_misc":{"Estimeret l\u00e6setid":"6 minutter"},"schema":{"@context":"https:\/\/schema.org","@graph":[{"@type":"WebPage","@id":"https:\/\/weather-radar-live.com\/da\/vulkanudbrud-vulkaner\/","url":"https:\/\/weather-radar-live.com\/da\/vulkanudbrud-vulkaner\/","name":"Vulkanudbrud LIVE: \ud83c\udf0b Hvor er vulkaner?","isPartOf":{"@id":"https:\/\/weather-radar-live.com\/#website"},"primaryImageOfPage":{"@id":"https:\/\/weather-radar-live.com\/da\/vulkanudbrud-vulkaner\/#primaryimage"},"image":{"@id":"https:\/\/weather-radar-live.com\/da\/vulkanudbrud-vulkaner\/#primaryimage"},"thumbnailUrl":"https:\/\/weather-radar-live.com\/wp-content\/uploads\/2021\/10\/Volcano-erupting.jpg","datePublished":"2021-11-17T09:08:20+00:00","dateModified":"2021-11-25T11:58:00+00:00","description":"Vulkanudbrud LIVE p\u00e5 vulkankortet \u2714\ufe0f Se, hvor vulkaner er i udbrud i \u00f8jeblikket, og hvor de andre vulkaner er! \ud83c\udf0b","breadcrumb":{"@id":"https:\/\/weather-radar-live.com\/da\/vulkanudbrud-vulkaner\/#breadcrumb"},"inLanguage":"da-DK","potentialAction":[{"@type":"ReadAction","target":["https:\/\/weather-radar-live.com\/da\/vulkanudbrud-vulkaner\/"]}]},{"@type":"ImageObject","inLanguage":"da-DK","@id":"https:\/\/weather-radar-live.com\/da\/vulkanudbrud-vulkaner\/#primaryimage","url":"https:\/\/weather-radar-live.com\/wp-content\/uploads\/2021\/10\/Volcano-erupting.jpg","contentUrl":"https:\/\/weather-radar-live.com\/wp-content\/uploads\/2021\/10\/Volcano-erupting.jpg"},{"@type":"BreadcrumbList","@id":"https:\/\/weather-radar-live.com\/da\/vulkanudbrud-vulkaner\/#breadcrumb","itemListElement":[{"@type":"ListItem","position":1,"name":"Weather Radar Live","item":"https:\/\/weather-radar-live.com\/da\/"},{"@type":"ListItem","position":2,"name":"Vulkanudbrud Vulkaner"}]},{"@type":"WebSite","@id":"https:\/\/weather-radar-live.com\/#website","url":"https:\/\/weather-radar-live.com\/","name":"weather-radar-live.com","description":"Your weather and sky radar.","publisher":{"@id":"https:\/\/weather-radar-live.com\/#organization"},"potentialAction":[{"@type":"SearchAction","target":{"@type":"EntryPoint","urlTemplate":"https:\/\/weather-radar-live.com\/?s={search_term_string}"},"query-input":{"@type":"PropertyValueSpecification","valueRequired":true,"valueName":"search_term_string"}}],"inLanguage":"da-DK"},{"@type":"Organization","@id":"https:\/\/weather-radar-live.com\/#organization","name":"weather-radar-live.com","url":"https:\/\/weather-radar-live.com\/","logo":{"@type":"ImageObject","inLanguage":"da-DK","@id":"https:\/\/weather-radar-live.com\/#\/schema\/logo\/image\/","url":"https:\/\/weather-radar-live.com\/wp-content\/uploads\/2022\/03\/cropped-WRL2503.png","contentUrl":"https:\/\/weather-radar-live.com\/wp-content\/uploads\/2022\/03\/cropped-WRL2503.png","width":1920,"height":555,"caption":"weather-radar-live.com"},"image":{"@id":"https:\/\/weather-radar-live.com\/#\/schema\/logo\/image\/"}}]}},"_links":{"self":[{"href":"https:\/\/weather-radar-live.com\/da\/wp-json\/wp\/v2\/pages\/1729","targetHints":{"allow":["GET"]}}],"collection":[{"href":"https:\/\/weather-radar-live.com\/da\/wp-json\/wp\/v2\/pages"}],"about":[{"href":"https:\/\/weather-radar-live.com\/da\/wp-json\/wp\/v2\/types\/page"}],"author":[{"embeddable":true,"href":"https:\/\/weather-radar-live.com\/da\/wp-json\/wp\/v2\/users\/1"}],"replies":[{"embeddable":true,"href":"https:\/\/weather-radar-live.com\/da\/wp-json\/wp\/v2\/comments?post=1729"}],"version-history":[{"count":4,"href":"https:\/\/weather-radar-live.com\/da\/wp-json\/wp\/v2\/pages\/1729\/revisions"}],"predecessor-version":[{"id":2120,"href":"https:\/\/weather-radar-live.com\/da\/wp-json\/wp\/v2\/pages\/1729\/revisions\/2120"}],"wp:attachment":[{"href":"https:\/\/weather-radar-live.com\/da\/wp-json\/wp\/v2\/media?parent=1729"}],"curies":[{"name":"wp","href":"https:\/\/api.w.org\/{rel}","templated":true}]}}