{"id":1725,"date":"2021-11-17T09:57:33","date_gmt":"2021-11-17T08:57:33","guid":{"rendered":"https:\/\/weather-radar-live.com\/?page_id=1725"},"modified":"2022-07-06T13:13:58","modified_gmt":"2022-07-06T11:13:58","slug":"tornado-radar","status":"publish","type":"page","link":"https:\/\/weather-radar-live.com\/da\/tornado-radar\/","title":{"rendered":"Tornado radar"},"content":{"rendered":"<div id=\"weath-4188488304\" class=\"weath-vor-dem-inhalt weath-entity-placement\" style=\"margin-top: 15px;margin-right: 25px;margin-bottom: 40px;margin-left: 25px;\"><script async src=\"\/\/pagead2.googlesyndication.com\/pagead\/js\/adsbygoogle.js?client=ca-pub-8960936133935804\" crossorigin=\"anonymous\"><\/script><ins class=\"adsbygoogle\" style=\"display:block;\" data-ad-client=\"ca-pub-8960936133935804\" \ndata-ad-slot=\"6172817020\" \ndata-ad-format=\"auto\"><\/ins>\n<script> \n(adsbygoogle = window.adsbygoogle || []).push({}); \n<\/script>\n<\/div>\n<div class=\"wp-block-cover alignfull is-light\"><span aria-hidden=\"true\" class=\"wp-block-cover__gradient-background has-background-dim\"><\/span><img loading=\"lazy\" decoding=\"async\" width=\"1900\" height=\"460\" class=\"wp-block-cover__image-background wp-image-299\" alt=\"\" src=\"https:\/\/weather-radar-live.com\/wp-content\/uploads\/2021\/06\/espen-bierud-W43gm6TD118-unsplash-e1622556005525.jpg\" data-object-fit=\"cover\" srcset=\"https:\/\/weather-radar-live.com\/wp-content\/uploads\/2021\/06\/espen-bierud-W43gm6TD118-unsplash-e1622556005525.jpg 1900w, https:\/\/weather-radar-live.com\/wp-content\/uploads\/2021\/06\/espen-bierud-W43gm6TD118-unsplash-e1622556005525-300x73.jpg 300w, https:\/\/weather-radar-live.com\/wp-content\/uploads\/2021\/06\/espen-bierud-W43gm6TD118-unsplash-e1622556005525-1024x248.jpg 1024w, https:\/\/weather-radar-live.com\/wp-content\/uploads\/2021\/06\/espen-bierud-W43gm6TD118-unsplash-e1622556005525-768x186.jpg 768w, https:\/\/weather-radar-live.com\/wp-content\/uploads\/2021\/06\/espen-bierud-W43gm6TD118-unsplash-e1622556005525-1536x372.jpg 1536w\" sizes=\"auto, (max-width: 1900px) 100vw, 1900px\" \/><div class=\"wp-block-cover__inner-container is-layout-flow wp-block-cover-is-layout-flow\">\n<h2 class=\"has-text-align-center heading wp-block-heading\" style=\"font-size:40px\"><mark style=\"background-color:rgba(0, 0, 0, 0);color:#f59800\" class=\"has-inline-color\"><strong>TORNADO<\/strong><\/mark><mark style=\"background-color:rgba(0, 0, 0, 0);color:#ffde00\" class=\"has-inline-color\"><strong> <\/strong><\/mark><mark style=\"background-color:rgba(0, 0, 0, 0)\" class=\"has-inline-color has-white-color\"><strong>RADAR<\/strong><\/mark><\/h2>\n<\/div><\/div>\n\n\n<h2 style=\"text-align: center;\"><span style=\"color: #f59800;\"><b>Tornado radar &#8211; hvor er tornadoen?<\/b><\/span><\/h2>\n<p><span style=\"font-weight: 400;\">Med vores tornado-tracker kan du p\u00e5 kortet se, hvor tornadoer i \u00f8jeblikket befinder sig i <span style=\"color: #f59800;\"><strong><a style=\"color: #f59800;\" href=\"https:\/\/weather-radar-live.com\/da\/\" target=\"_blank\" rel=\"noopener noreferrer\">region<\/a><\/strong><\/span>. Tornadoradaren d\u00e6kker USA og Canada. Vindstyrken vises p\u00e5 kortet i farver og m\u00e5les i knob. Ogs\u00e5 vindretningen vises for dig gennem hvide vindlinjer.<\/span><\/p>\n<p><span style=\"font-weight: 400;\">Afh\u00e6ngigt af deres styrke kan tornadoer for\u00e5rsage store skader p\u00e5 jorden. Fra nu af skal du regelm\u00e6ssigt kigge p\u00e5 vores tornado-tracker og finde ud af, om der i \u00f8jeblikket forekommer tornadoer i din region. I det f\u00f8lgende vil vi g\u00e5 mere i detaljer om radaren og tornadoer generelt.<\/span><\/p><div id=\"weath-2119667009\" class=\"weath-inhalt_2 weath-entity-placement\" style=\"margin-top: 15px;margin-right: 25px;margin-bottom: 35px;margin-left: 25px;\"><script async src=\"\/\/pagead2.googlesyndication.com\/pagead\/js\/adsbygoogle.js?client=ca-pub-8960936133935804\" crossorigin=\"anonymous\"><\/script><ins class=\"adsbygoogle\" style=\"display:block;\" data-ad-client=\"ca-pub-8960936133935804\" \ndata-ad-slot=\"1963584050\" \ndata-ad-format=\"auto\"><\/ins>\n<script> \n(adsbygoogle = window.adsbygoogle || []).push({}); \n<\/script>\n<\/div>\n\n\n<iframe loading=\"lazy\" width=\"1300\" height=\"600\" src=\"https:\/\/embed.windy.com\/embed2.html?lat=56.164&amp;lon=10.602&amp;detailLat=56.550&amp;detailLon=14.140&amp;width=1300&amp;height=600&amp;zoom=7&amp;level=surface&amp;overlay=gust&amp;product=ecmwf&amp;menu=&amp;message=&amp;marker=&amp;calendar=now&amp;pressure=&amp;type=map&amp;location=coordinates&amp;detail=&amp;metricWind=default&amp;metricTemp=default&amp;radarRange=-1\" frameborder=\"0\"><\/iframe>\n\n\n\n<p><\/p>\n\n\n\n<div class=\"wp-block-columns is-layout-flex wp-container-core-columns-is-layout-9d6595d7 wp-block-columns-is-layout-flex\">\n<div class=\"wp-block-column is-layout-flow wp-block-column-is-layout-flow\">\n<img decoding=\"async\" src=\"https:\/\/www.spc.noaa.gov\/products\/outlook\/day1probotlk_torn.gif\" class=\"tornadoradar-noaa\">\n\n\n\n<p><\/p>\n<\/div>\n\n\n\n<div class=\"wp-block-column is-layout-flow wp-block-column-is-layout-flow\">\n<img decoding=\"async\" src=\"https:\/\/www.spc.noaa.gov\/products\/watch\/validww.png\" class=\"tornadoradar-noaa-2\">\n<\/div>\n<\/div>\n\n\n\n<div style=\"height:30px\" aria-hidden=\"true\" class=\"wp-block-spacer\"><\/div>\n\n\n<h2 style=\"text-align: center;\"><span style=\"color: #f59800;\"><b>S\u00e5dan afl\u00e6ser du tornadoradaren<\/b><\/span><\/h2>\n<p><span style=\"font-weight: 400;\">Vinden vises for dig gennem hvide linjer, der bev\u00e6ger sig p\u00e5 kortet. Hvis disse vindlinjer vises i en snurrende bev\u00e6gelse samt med en orange, r\u00f8d eller lilla farve, skal du forvente en tornado.<\/span><\/p>\n<p>Det andet kort viser den potentielle sandsynlighed for en <a href=\"https:\/\/illvid.dk\/naturen\/vejret\/tornado\" target=\"_blank\" rel=\"noopener\"><strong>tornado<\/strong><\/a> i det p\u00e5g\u00e6ldende omr\u00e5de. Og det tredje kort viser forskellige vejrfare. Tornado-omr\u00e5der er vist med en r\u00f8d farve og tordenvejrsomr\u00e5der med en bl\u00e5 farve.<\/p>\n<p><\/p>\n<h2 style=\"text-align: center;\"><span style=\"color: #f59800;\"><b>Hvad er en tornado?<\/b><\/span><\/h2>\n<p><span style=\"font-weight: 400;\">En tornado er resultatet af roterende luftmasser. Disse luftmasser kan rotere s\u00e5 kraftigt under deres dannelse, at der dannes en lufts\u00f8jle. Denne synlige lufts\u00f8jle kaldes en tornado.<\/span><\/p>\n<p><span style=\"font-weight: 400;\">I lang tid antog man, at tornadoer dannes fra himlen og nedad mod jorden. Denne antagelse er imidlertid blevet modbevist af omfattende forskning udf\u00f8rt af den amerikanske geofysiske union. Det blev opdaget, at tornadoen allerede dannes n\u00e6r jorden, f\u00f8r den begynder at rotere.<\/span><\/p>\n<p><\/p>\n<h2 style=\"text-align: center;\"><span style=\"color: #f59800;\"><b>Hvorn\u00e5r starter tornados\u00e6sonen?<\/b><\/span><\/h2>\n<p><span style=\"font-weight: 400;\">Tornados\u00e6sonen starter i marts og varer indtil slutningen af juli. De fleste tornadoer opst\u00e5r i maj m\u00e5ned. I l\u00f8bet af tornados\u00e6sonen flytter tornado-omr\u00e5dernes tyngdepunkt sig fra syd\u00f8st (Great Plains i Oklahoma) mere og mere mod nord (Illinois og Indiana).<\/span><\/p>\n<p><\/p>\n<h2 style=\"text-align: center;\"><span style=\"color: #f59800;\"><b>Er der en tornado i n\u00e6rheden af mig?<\/b><\/span><\/h2>\n<p><span style=\"font-weight: 400;\">Is\u00e6r i tider med tornados\u00e6son b\u00f8r du v\u00e6re meget opm\u00e6rksom og overv\u00e5ge vejrsituationen regelm\u00e6ssigt. Tornadoer kan for\u00e5rsage alvorlige skader langs deres rute og kan opst\u00e5 meget uventet. S\u00e5 snart der er de f\u00f8rste tegn p\u00e5 en <span style=\"color: #f59800;\"><strong><a style=\"color: #f59800;\" href=\"https:\/\/weather-radar-live.com\/da\/storm-radar\/\" target=\"_blank\" rel=\"noopener noreferrer\">tordenvejr<\/a><\/strong><\/span>, hagl, kraftige vinde og <span style=\"color: #1950fe;\"><strong><a style=\"color: #1950fe;\" href=\"https:\/\/weather-radar-live.com\/da\/regnradar\/\" target=\"_blank\" rel=\"noopener noreferrer\">regn<\/a><\/strong><\/span>, b\u00f8r du ikke fjerne \u00f8jnene fra tornadoopsporingssystemet.<\/span><\/p>\n<p><span style=\"font-weight: 400;\">Hold ogs\u00e5 \u00f8je med himlen og scan den for roterende skyer og skys\u00f8jler. Kig efter st\u00f8vhvirvler p\u00e5 jorden. Disse er ogs\u00e5 en indikator for dannelsen af en tornado. Senest n\u00e5r tornadosirenerne lyder, b\u00f8r du hurtigt bringe dig i sikkerhed.<\/span><\/p>\n<p><\/p>\n<h2 style=\"text-align: center;\"><span style=\"color: #f59800;\"><b>Hvordan dannes tornadoer?<\/b><\/span><\/h2>\n<p><span style=\"font-weight: 400;\">Sammen med orkaner er tornadoer blandt de kraftigste storme i verden og kan n\u00e5 op p\u00e5 vindhastigheder p\u00e5 op til 450 km\/t. Indtil i dag er der ikke blevet forsket grundigt i tornadoernes dannelse. Der er to m\u00e5der, hvorp\u00e5 tornadoer kan dannes.<\/span><\/p>\n<p><span style=\"font-weight: 400;\">Tornadoer kan opst\u00e5 i forbindelse med en supercelle. Dette er en s\u00e6rlig stor og h\u00f8j tordensky. P\u00e5 grund af temperaturforskellene inden for <span style=\"color: #919191;\"><strong><a style=\"color: #919191;\" href=\"https:\/\/weather-radar-live.com\/da\/skyer-radar\/\" target=\"_blank\" rel=\"noopener noreferrer\">sky<\/a><\/strong><\/span>opst\u00e5r der st\u00e6rke op- og nedadg\u00e5ende vinde, hvilket resulterer i en tornado og kraftig nedb\u00f8r. S\u00e6rligt st\u00e6rke tornadoer dannes p\u00e5 denne m\u00e5de.<\/span><\/p>\n<p><span style=\"font-weight: 400;\">Tornadoer kan dog ogs\u00e5 dannes, n\u00e5r to forskellige luftmasser st\u00f8der sammen. Dette tvinger luften til at bev\u00e6ge sig opad og kan f\u00e5 den til at rotere p\u00e5 grund af vinden p\u00e5 jorden.<\/span><\/p>\n<p><\/p>\n<h2 style=\"text-align: center;\"><span style=\"color: #f59800;\"><b>De tornadoklasser<\/b><\/span><\/h2>\n<p><span style=\"font-weight: 400;\">Styrken af tornadoer m\u00e5les ved hj\u00e6lp af <a href=\"https:\/\/www.meteorologiaenred.com\/da\/escala-fujita.html\" target=\"_blank\" rel=\"noopener\"><strong>Fujita-skalaen<\/strong><\/a>. Den d\u00e6kker vindhastigheder fra mindre end 117 km\/t til mere end 419 km\/t. Klassifikationen er som f\u00f8lger:<\/span><\/p>\n<p><strong>F0 (&lt;=117 km\/t)<\/strong><\/p>\n<p><span style=\"font-weight: 400;\">Svage tr\u00e6er rives op, grene beskadiges, og plakater kan v\u00e6ltes.<\/span><\/p>\n<p><strong>F1 (117-180 km\/t)<\/strong><\/p>\n<p><span style=\"font-weight: 400;\">Tagsten kan blive l\u00f8ftet af, biler i bev\u00e6gelse kan blive forskubbet, og campingvogne\/mobiler kan v\u00e6lte.<\/span><\/p>\n<p><strong>F2 (180-252 km\/t)<\/strong><\/p>\n<p><span style=\"font-weight: 400;\">I tilf\u00e6lde af en F2-tornado kan tagene blive afd\u00e6kket, selv st\u00f8rre tr\u00e6er kan blive rykket op og mobilhomes kan blive \u00f8delagt. Sm\u00e5 og lettere genstande kan blive farlige projektiler.<\/span><\/p>\n<p><strong>F3 (252-333 km\/t)<\/strong><\/p>\n<p><span style=\"font-weight: 400;\">St\u00f8rre tage kan blive \u00f8delagt, og tog kan blive l\u00f8ftet ud af deres spor. Lastbiler kan flyttes eller endog v\u00e6lte, og skove kan for det meste blive rykket op med rode.<\/span><\/p>\n<p><strong>F4 (333-419 km\/t)<\/strong><\/p>\n<p><span style=\"font-weight: 400;\">I F4-klassen kan tr\u00e6huse med svag forankring flyttes. Biler kan v\u00e6lte, og tungere genstande kan blive projektiler, der for\u00e5rsager alvorlig skade.<\/span><\/p>\n<p><strong>F5 (&gt;419 km\/h)<\/strong><\/p>\n<p><span style=\"font-weight: 400;\">Tr\u00e6huse rives helt ud af deres fundamenter og \u00f8del\u00e6gges. Huse af beton kan ogs\u00e5 blive alvorligt beskadiget.<\/span><\/p>\n<p><\/p>\n<h2 style=\"text-align: center;\"><span style=\"color: #f59800;\"><b>Hvordan ser en tornado ud?<\/b><\/span><\/h2>\n<p><span style=\"font-weight: 400;\">Tornadoer fremst\u00e5r med et tragtformet luftr\u00f8r. Tykkelsen af dette luftr\u00f8r kan variere afh\u00e6ngigt af intensiteten. I \u00f8vrigt kommer udtrykket tornado fra spansk og betyder noget i retning af &#8220;at sno sig rundt&#8221;.<\/span><\/p>","protected":false},"excerpt":{"rendered":"<p>Tornado radar &#8211; hvor er tornadoen? Med vores tornado-tracker kan du p\u00e5 kortet se, hvor tornadoer i \u00f8jeblikket befinder sig i region. Tornadoradaren d\u00e6kker USA og Canada. Vindstyrken vises p\u00e5 kortet i farver og m\u00e5les i knob. Ogs\u00e5 vindretningen vises for dig gennem hvide vindlinjer. Afh\u00e6ngigt af deres styrke kan tornadoer for\u00e5rsage store skader p\u00e5 &#8230; <a title=\"Tornado radar\" class=\"read-more\" href=\"https:\/\/weather-radar-live.com\/da\/tornado-radar\/\" aria-label=\"Read more about Tornado radar\">L\u00e6s mere <\/a><\/p>\n","protected":false},"author":1,"featured_media":2961,"parent":0,"menu_order":0,"comment_status":"closed","ping_status":"closed","template":"","meta":{"footnotes":""},"class_list":["post-1725","page","type-page","status-publish","has-post-thumbnail"],"yoast_head":"<!-- This site is optimized with the Yoast SEO plugin v27.5 - https:\/\/yoast.com\/product\/yoast-seo-wordpress\/ -->\n<title>Tornado radar LIVE: \u2714\ufe0f Hvor er der tornadoer? \ud83c\udf2a\ufe0f<\/title>\n<meta name=\"description\" content=\"Tornado radar LIVE: V\u00e6lg din by eller region nu og se den seneste radar med tornadoer \u2714\ufe0f Opdateret hvert sekund! \ud83c\udf2a\ufe0f\" \/>\n<meta name=\"robots\" content=\"index, follow, max-snippet:-1, max-image-preview:large, max-video-preview:-1\" \/>\n<link rel=\"canonical\" href=\"https:\/\/weather-radar-live.com\/da\/tornado-radar\/\" \/>\n<meta property=\"og:locale\" content=\"da_DK\" \/>\n<meta property=\"og:type\" content=\"article\" \/>\n<meta property=\"og:title\" content=\"Tornado radar LIVE: \u2714\ufe0f Hvor er der tornadoer? \ud83c\udf2a\ufe0f\" \/>\n<meta property=\"og:description\" content=\"Tornado radar LIVE: V\u00e6lg din by eller region nu og se den seneste radar med tornadoer \u2714\ufe0f Opdateret hvert sekund! \ud83c\udf2a\ufe0f\" \/>\n<meta property=\"og:url\" content=\"https:\/\/weather-radar-live.com\/da\/tornado-radar\/\" \/>\n<meta property=\"og:site_name\" content=\"weather-radar-live.com\" \/>\n<meta property=\"article:modified_time\" content=\"2022-07-06T11:13:58+00:00\" \/>\n<meta property=\"og:image\" content=\"https:\/\/weather-radar-live.com\/wp-content\/uploads\/2021\/02\/Tornado-Radar.jpg\" \/>\n\t<meta property=\"og:image:width\" content=\"1897\" \/>\n\t<meta property=\"og:image:height\" content=\"458\" \/>\n\t<meta property=\"og:image:type\" content=\"image\/jpeg\" \/>\n<meta name=\"twitter:card\" content=\"summary_large_image\" \/>\n<meta name=\"twitter:label1\" content=\"Estimeret l\u00e6setid\" \/>\n\t<meta name=\"twitter:data1\" content=\"4 minutter\" \/>\n<script type=\"application\/ld+json\" class=\"yoast-schema-graph\">{\"@context\":\"https:\\\/\\\/schema.org\",\"@graph\":[{\"@type\":\"WebPage\",\"@id\":\"https:\\\/\\\/weather-radar-live.com\\\/da\\\/tornado-radar\\\/\",\"url\":\"https:\\\/\\\/weather-radar-live.com\\\/da\\\/tornado-radar\\\/\",\"name\":\"Tornado radar LIVE: \u2714\ufe0f Hvor er der tornadoer? \ud83c\udf2a\ufe0f\",\"isPartOf\":{\"@id\":\"https:\\\/\\\/weather-radar-live.com\\\/#website\"},\"primaryImageOfPage\":{\"@id\":\"https:\\\/\\\/weather-radar-live.com\\\/da\\\/tornado-radar\\\/#primaryimage\"},\"image\":{\"@id\":\"https:\\\/\\\/weather-radar-live.com\\\/da\\\/tornado-radar\\\/#primaryimage\"},\"thumbnailUrl\":\"https:\\\/\\\/weather-radar-live.com\\\/wp-content\\\/uploads\\\/2021\\\/02\\\/Tornado-Radar.jpg\",\"datePublished\":\"2021-11-17T08:57:33+00:00\",\"dateModified\":\"2022-07-06T11:13:58+00:00\",\"description\":\"Tornado radar LIVE: V\u00e6lg din by eller region nu og se den seneste radar med tornadoer \u2714\ufe0f Opdateret hvert sekund! \ud83c\udf2a\ufe0f\",\"breadcrumb\":{\"@id\":\"https:\\\/\\\/weather-radar-live.com\\\/da\\\/tornado-radar\\\/#breadcrumb\"},\"inLanguage\":\"da-DK\",\"potentialAction\":[{\"@type\":\"ReadAction\",\"target\":[\"https:\\\/\\\/weather-radar-live.com\\\/da\\\/tornado-radar\\\/\"]}]},{\"@type\":\"ImageObject\",\"inLanguage\":\"da-DK\",\"@id\":\"https:\\\/\\\/weather-radar-live.com\\\/da\\\/tornado-radar\\\/#primaryimage\",\"url\":\"https:\\\/\\\/weather-radar-live.com\\\/wp-content\\\/uploads\\\/2021\\\/02\\\/Tornado-Radar.jpg\",\"contentUrl\":\"https:\\\/\\\/weather-radar-live.com\\\/wp-content\\\/uploads\\\/2021\\\/02\\\/Tornado-Radar.jpg\",\"width\":1897,\"height\":458},{\"@type\":\"BreadcrumbList\",\"@id\":\"https:\\\/\\\/weather-radar-live.com\\\/da\\\/tornado-radar\\\/#breadcrumb\",\"itemListElement\":[{\"@type\":\"ListItem\",\"position\":1,\"name\":\"Weather Radar Live\",\"item\":\"https:\\\/\\\/weather-radar-live.com\\\/da\\\/\"},{\"@type\":\"ListItem\",\"position\":2,\"name\":\"Tornado radar\"}]},{\"@type\":\"WebSite\",\"@id\":\"https:\\\/\\\/weather-radar-live.com\\\/#website\",\"url\":\"https:\\\/\\\/weather-radar-live.com\\\/\",\"name\":\"weather-radar-live.com\",\"description\":\"Your weather and sky radar.\",\"publisher\":{\"@id\":\"https:\\\/\\\/weather-radar-live.com\\\/#organization\"},\"potentialAction\":[{\"@type\":\"SearchAction\",\"target\":{\"@type\":\"EntryPoint\",\"urlTemplate\":\"https:\\\/\\\/weather-radar-live.com\\\/?s={search_term_string}\"},\"query-input\":{\"@type\":\"PropertyValueSpecification\",\"valueRequired\":true,\"valueName\":\"search_term_string\"}}],\"inLanguage\":\"da-DK\"},{\"@type\":\"Organization\",\"@id\":\"https:\\\/\\\/weather-radar-live.com\\\/#organization\",\"name\":\"weather-radar-live.com\",\"url\":\"https:\\\/\\\/weather-radar-live.com\\\/\",\"logo\":{\"@type\":\"ImageObject\",\"inLanguage\":\"da-DK\",\"@id\":\"https:\\\/\\\/weather-radar-live.com\\\/#\\\/schema\\\/logo\\\/image\\\/\",\"url\":\"https:\\\/\\\/weather-radar-live.com\\\/wp-content\\\/uploads\\\/2022\\\/03\\\/cropped-WRL2503.png\",\"contentUrl\":\"https:\\\/\\\/weather-radar-live.com\\\/wp-content\\\/uploads\\\/2022\\\/03\\\/cropped-WRL2503.png\",\"width\":1920,\"height\":555,\"caption\":\"weather-radar-live.com\"},\"image\":{\"@id\":\"https:\\\/\\\/weather-radar-live.com\\\/#\\\/schema\\\/logo\\\/image\\\/\"}}]}<\/script>\n<!-- \/ Yoast SEO plugin. -->","yoast_head_json":{"title":"Tornado radar LIVE: \u2714\ufe0f Hvor er der tornadoer? \ud83c\udf2a\ufe0f","description":"Tornado radar LIVE: V\u00e6lg din by eller region nu og se den seneste radar med tornadoer \u2714\ufe0f Opdateret hvert sekund! \ud83c\udf2a\ufe0f","robots":{"index":"index","follow":"follow","max-snippet":"max-snippet:-1","max-image-preview":"max-image-preview:large","max-video-preview":"max-video-preview:-1"},"canonical":"https:\/\/weather-radar-live.com\/da\/tornado-radar\/","og_locale":"da_DK","og_type":"article","og_title":"Tornado radar LIVE: \u2714\ufe0f Hvor er der tornadoer? \ud83c\udf2a\ufe0f","og_description":"Tornado radar LIVE: V\u00e6lg din by eller region nu og se den seneste radar med tornadoer \u2714\ufe0f Opdateret hvert sekund! \ud83c\udf2a\ufe0f","og_url":"https:\/\/weather-radar-live.com\/da\/tornado-radar\/","og_site_name":"weather-radar-live.com","article_modified_time":"2022-07-06T11:13:58+00:00","og_image":[{"width":1897,"height":458,"url":"https:\/\/weather-radar-live.com\/wp-content\/uploads\/2021\/02\/Tornado-Radar.jpg","type":"image\/jpeg"}],"twitter_card":"summary_large_image","twitter_misc":{"Estimeret l\u00e6setid":"4 minutter"},"schema":{"@context":"https:\/\/schema.org","@graph":[{"@type":"WebPage","@id":"https:\/\/weather-radar-live.com\/da\/tornado-radar\/","url":"https:\/\/weather-radar-live.com\/da\/tornado-radar\/","name":"Tornado radar LIVE: \u2714\ufe0f Hvor er der tornadoer? \ud83c\udf2a\ufe0f","isPartOf":{"@id":"https:\/\/weather-radar-live.com\/#website"},"primaryImageOfPage":{"@id":"https:\/\/weather-radar-live.com\/da\/tornado-radar\/#primaryimage"},"image":{"@id":"https:\/\/weather-radar-live.com\/da\/tornado-radar\/#primaryimage"},"thumbnailUrl":"https:\/\/weather-radar-live.com\/wp-content\/uploads\/2021\/02\/Tornado-Radar.jpg","datePublished":"2021-11-17T08:57:33+00:00","dateModified":"2022-07-06T11:13:58+00:00","description":"Tornado radar LIVE: V\u00e6lg din by eller region nu og se den seneste radar med tornadoer \u2714\ufe0f Opdateret hvert sekund! \ud83c\udf2a\ufe0f","breadcrumb":{"@id":"https:\/\/weather-radar-live.com\/da\/tornado-radar\/#breadcrumb"},"inLanguage":"da-DK","potentialAction":[{"@type":"ReadAction","target":["https:\/\/weather-radar-live.com\/da\/tornado-radar\/"]}]},{"@type":"ImageObject","inLanguage":"da-DK","@id":"https:\/\/weather-radar-live.com\/da\/tornado-radar\/#primaryimage","url":"https:\/\/weather-radar-live.com\/wp-content\/uploads\/2021\/02\/Tornado-Radar.jpg","contentUrl":"https:\/\/weather-radar-live.com\/wp-content\/uploads\/2021\/02\/Tornado-Radar.jpg","width":1897,"height":458},{"@type":"BreadcrumbList","@id":"https:\/\/weather-radar-live.com\/da\/tornado-radar\/#breadcrumb","itemListElement":[{"@type":"ListItem","position":1,"name":"Weather Radar Live","item":"https:\/\/weather-radar-live.com\/da\/"},{"@type":"ListItem","position":2,"name":"Tornado radar"}]},{"@type":"WebSite","@id":"https:\/\/weather-radar-live.com\/#website","url":"https:\/\/weather-radar-live.com\/","name":"weather-radar-live.com","description":"Your weather and sky radar.","publisher":{"@id":"https:\/\/weather-radar-live.com\/#organization"},"potentialAction":[{"@type":"SearchAction","target":{"@type":"EntryPoint","urlTemplate":"https:\/\/weather-radar-live.com\/?s={search_term_string}"},"query-input":{"@type":"PropertyValueSpecification","valueRequired":true,"valueName":"search_term_string"}}],"inLanguage":"da-DK"},{"@type":"Organization","@id":"https:\/\/weather-radar-live.com\/#organization","name":"weather-radar-live.com","url":"https:\/\/weather-radar-live.com\/","logo":{"@type":"ImageObject","inLanguage":"da-DK","@id":"https:\/\/weather-radar-live.com\/#\/schema\/logo\/image\/","url":"https:\/\/weather-radar-live.com\/wp-content\/uploads\/2022\/03\/cropped-WRL2503.png","contentUrl":"https:\/\/weather-radar-live.com\/wp-content\/uploads\/2022\/03\/cropped-WRL2503.png","width":1920,"height":555,"caption":"weather-radar-live.com"},"image":{"@id":"https:\/\/weather-radar-live.com\/#\/schema\/logo\/image\/"}}]}},"_links":{"self":[{"href":"https:\/\/weather-radar-live.com\/da\/wp-json\/wp\/v2\/pages\/1725","targetHints":{"allow":["GET"]}}],"collection":[{"href":"https:\/\/weather-radar-live.com\/da\/wp-json\/wp\/v2\/pages"}],"about":[{"href":"https:\/\/weather-radar-live.com\/da\/wp-json\/wp\/v2\/types\/page"}],"author":[{"embeddable":true,"href":"https:\/\/weather-radar-live.com\/da\/wp-json\/wp\/v2\/users\/1"}],"replies":[{"embeddable":true,"href":"https:\/\/weather-radar-live.com\/da\/wp-json\/wp\/v2\/comments?post=1725"}],"version-history":[{"count":6,"href":"https:\/\/weather-radar-live.com\/da\/wp-json\/wp\/v2\/pages\/1725\/revisions"}],"predecessor-version":[{"id":4153,"href":"https:\/\/weather-radar-live.com\/da\/wp-json\/wp\/v2\/pages\/1725\/revisions\/4153"}],"wp:featuredmedia":[{"embeddable":true,"href":"https:\/\/weather-radar-live.com\/da\/wp-json\/wp\/v2\/media\/2961"}],"wp:attachment":[{"href":"https:\/\/weather-radar-live.com\/da\/wp-json\/wp\/v2\/media?parent=1725"}],"curies":[{"name":"wp","href":"https:\/\/api.w.org\/{rel}","templated":true}]}}