{"id":1718,"date":"2021-11-17T09:13:31","date_gmt":"2021-11-17T08:13:31","guid":{"rendered":"https:\/\/weather-radar-live.com\/?page_id=1718"},"modified":"2022-02-10T13:28:44","modified_gmt":"2022-02-10T12:28:44","slug":"storm-radar","status":"publish","type":"page","link":"https:\/\/weather-radar-live.com\/da\/storm-radar\/","title":{"rendered":"Storm radar"},"content":{"rendered":"<div id=\"weath-114663629\" class=\"weath-vor-dem-inhalt weath-entity-placement\" style=\"margin-top: 15px;margin-right: 25px;margin-bottom: 40px;margin-left: 25px;\"><script async src=\"\/\/pagead2.googlesyndication.com\/pagead\/js\/adsbygoogle.js?client=ca-pub-8960936133935804\" crossorigin=\"anonymous\"><\/script><ins class=\"adsbygoogle\" style=\"display:block;\" data-ad-client=\"ca-pub-8960936133935804\" \ndata-ad-slot=\"6172817020\" \ndata-ad-format=\"auto\"><\/ins>\n<script> \n(adsbygoogle = window.adsbygoogle || []).push({}); \n<\/script>\n<\/div>\n<div class=\"wp-block-cover alignfull has-background-dim\"><img loading=\"lazy\" decoding=\"async\" width=\"1920\" height=\"460\" class=\"wp-block-cover__image-background wp-image-323\" alt=\"\" src=\"https:\/\/weather-radar-live.com\/wp-content\/uploads\/2021\/06\/raychel-sanner-MnnXMvs4cQo-unsplash-scaled-e1622556126284.jpg\" data-object-fit=\"cover\" srcset=\"https:\/\/weather-radar-live.com\/wp-content\/uploads\/2021\/06\/raychel-sanner-MnnXMvs4cQo-unsplash-scaled-e1622556126284.jpg 1920w, https:\/\/weather-radar-live.com\/wp-content\/uploads\/2021\/06\/raychel-sanner-MnnXMvs4cQo-unsplash-scaled-e1622556126284-300x72.jpg 300w, https:\/\/weather-radar-live.com\/wp-content\/uploads\/2021\/06\/raychel-sanner-MnnXMvs4cQo-unsplash-scaled-e1622556126284-1024x245.jpg 1024w, https:\/\/weather-radar-live.com\/wp-content\/uploads\/2021\/06\/raychel-sanner-MnnXMvs4cQo-unsplash-scaled-e1622556126284-768x184.jpg 768w, https:\/\/weather-radar-live.com\/wp-content\/uploads\/2021\/06\/raychel-sanner-MnnXMvs4cQo-unsplash-scaled-e1622556126284-1536x368.jpg 1536w\" sizes=\"auto, (max-width: 1920px) 100vw, 1920px\" \/><div class=\"wp-block-cover__inner-container is-layout-flow wp-block-cover-is-layout-flow\">\n<h2 class=\"has-text-align-center heading wp-block-heading\" style=\"font-size:70px\"><span style=\"color:#f59800\" class=\"has-inline-color\"><strong>STORM<\/strong><\/span> <strong>RADAR<\/strong><\/h2>\n<\/div><\/div>\n\n\n<h2 style=\"text-align: center;\"><span style=\"color: #f59800;\"><b><span style=\"color: #f59800;\">Storm radar<\/span> &#8211; din aktuelle og p\u00e5lidelige prognose for uvejr<\/b><\/span><\/h2>\n<p><span style=\"font-weight: 400;\">Med vores storm radar kan du hurtigt se, om du kan forvente voldsomt vejr i din region. Uanset om det er i Danmark eller i andre lande i verden: Med vores stormprognose og stormkort f\u00e5r du oplysninger om <strong><span style=\"color: #f59800;\"><a style=\"color: #f59800;\" href=\"https:\/\/weather-radar-live.com\/da\/\" target=\"_blank\" rel=\"noopener noreferrer\">stormstyrke<\/a><\/span><\/strong> (m\u00e5lt af <span style=\"color: #1950fe;\"><strong><a style=\"color: #1950fe;\" href=\"https:\/\/weather-radar-live.com\/da\/regnradar\/\" target=\"_blank\" rel=\"noopener noreferrer\">regnintensitet<\/a><\/strong><\/span>), st\u00f8rrelsen, antallet af forekommende <span style=\"color: #ffde00;\"><strong><a style=\"color: #ffde00;\" href=\"https:\/\/weather-radar-live.com\/da\/lyn-radar\/\" target=\"_blank\" rel=\"noopener noreferrer\">lynnedslag<\/a><\/strong><\/span>, og retningen af stormfronten.<\/span><\/p>\n<p><span style=\"font-weight: 400;\">P\u00e5 denne m\u00e5de kan du p\u00e5 et tidligt tidspunkt erkende, om du vil blive ramt af en forest\u00e5ende storm og beskytte dig i tide. Ekstreme vejrsituationer forekommer ogs\u00e5 mere og mere hyppigt i den amerikanske region. Disse <span style=\"color: #f59800;\"><strong><a style=\"color: #f59800;\" href=\"https:\/\/weather-radar-live.com\/da\/tornado-radar\/\" target=\"_blank\" rel=\"noopener noreferrer\">ekstreme vejrforhold<\/a><\/strong><\/span> kan v\u00e6re meget farlige for dig og andre. Derfor f\u00f8lger den aktuelle stormprognose nu:<\/span><\/p><div id=\"weath-2594185250\" class=\"weath-inhalt_2 weath-entity-placement\" style=\"margin-top: 15px;margin-right: 25px;margin-bottom: 35px;margin-left: 25px;\"><script async src=\"\/\/pagead2.googlesyndication.com\/pagead\/js\/adsbygoogle.js?client=ca-pub-8960936133935804\" crossorigin=\"anonymous\"><\/script><ins class=\"adsbygoogle\" style=\"display:block;\" data-ad-client=\"ca-pub-8960936133935804\" \ndata-ad-slot=\"1963584050\" \ndata-ad-format=\"auto\"><\/ins>\n<script> \n(adsbygoogle = window.adsbygoogle || []).push({}); \n<\/script>\n<\/div>\n\n\n<iframe loading=\"lazy\" width=\"1300\" height=\"600\" src=\"https:\/\/embed.windy.com\/embed2.html?lat=56.164&amp;lon=10.602&amp;detailLat=56.550&amp;detailLon=14.140&amp;width=1300&amp;height=600&amp;zoom=7&amp;level=surface&amp;overlay=capAlerts&amp;product=capAlerts&amp;menu=&amp;message=true&amp;marker=&amp;calendar=now&amp;pressure=&amp;type=map&amp;location=coordinates&amp;detail=&amp;metricWind=default&amp;metricTemp=default&amp;radarRange=-1\" frameborder=\"0\"><\/iframe>\n\n\n\n<p class=\"has-text-align-center\"><sup>Storm varsler vises efter sv\u00e6rhedsgrad med en gul, orange eller r\u00f8d farve.<\/sup><\/p>\n\n\n<h2 style=\"text-align: center;\"><span style=\"color: #f59800;\"><b>Hvor er der risiko for voldsomt vejr? &#8211; S\u00e5dan l\u00e6ser du storm radaren:<\/b><\/span><\/h2>\n<p style=\"text-align: left;\"><span style=\"font-weight: 400;\"><img loading=\"lazy\" decoding=\"async\" class=\"alignright wp-image-78\" src=\"https:\/\/weather-radar-live.com\/wp-content\/uploads\/2021\/02\/Storm-radar-explanation-300x213.png\" alt=\"storm radar forklaring\" width=\"175\" height=\"124\" srcset=\"https:\/\/weather-radar-live.com\/wp-content\/uploads\/2021\/02\/Storm-radar-explanation-300x213.png 300w, https:\/\/weather-radar-live.com\/wp-content\/uploads\/2021\/02\/Storm-radar-explanation.png 600w\" sizes=\"auto, (max-width: 175px) 100vw, 175px\" \/><a href=\"https:\/\/da.wikipedia.org\/wiki\/Storm\" target=\"_blank\" rel=\"noopener\"><strong>Stormens<\/strong><\/a> intensitet vises p\u00e5 kortet med forskellige farver p\u00e5 baggrund af de aktuelle advarsler om uvejr. P\u00e5 vores stormkort er de aktuelle omr\u00e5der med uvejr med farvekoder angivet. Farvespektret sp\u00e6nder fra gul (svag advarsel om alvorligt vejr eller forudg\u00e5ende advarsel om alvorligt vejr) til m\u00f8rker\u00f8dt (meget kraftigt alvorligt vejr). Der b\u00f8r derfor udvises forsigtighed i m\u00f8rker\u00f8de omr\u00e5der. Hvis du ikke kan se nogen farve p\u00e5 kortet, skal du normalt ikke forvente voldsomt vejr.<\/span><\/p>\n<p style=\"text-align: left;\"><span style=\"font-weight: 400;\"><span style=\"font-size: inherit; background-color: initial;\"><img loading=\"lazy\" decoding=\"async\" class=\"alignleft wp-image-139\" src=\"https:\/\/da-oben.de\/wp-content\/uploads\/2019\/08\/cursor-e1567148434800.png\" alt=\"storm radar mark\u00f8r\" width=\"80\" height=\"80\"><\/span><\/span><\/p>\n<p style=\"text-align: left;\"><span style=\"font-weight: 400;\"><span style=\"font-size: inherit; background-color: initial;\">Klik p\u00e5 cursorsymbolet p\u00e5 kortet for at spore stormens tidsforl\u00f8b i stormradaren. P\u00e5 den m\u00e5de kan du se pr\u00e6cis, hvordan stormen har <\/span><span style=\"font-size: inherit; background-color: initial;\">bev\u00e6get sig i de sidste par timer, og om du befinder dig i retningen af stormens bane.<\/span><\/span><\/p>\n<p><\/p>\n<h2 style=\"text-align: center;\"><span style=\"color: #f59800;\"><b>Storm i aften? &#8211; Sov roligt fra nu af!<\/b><\/span><\/h2>\n<p><span style=\"font-weight: 400;\">Du har helt sikkert allerede oplevet en lignende situation: Du g\u00e5r i seng om aftenen og kan n\u00e6sten ikke tro dine egne \u00f8jne den n\u00e6ste morgen. Et uvejr har raset i l\u00f8bet af natten og har efterladt et spor af \u00f8del\u00e6ggelse i din have eller p\u00e5 din altan. P\u00e5 grund af din dybe s\u00f8vn har du dog ikke bem\u00e6rket noget af dette. Takket v\u00e6re vores websted er s\u00e5danne ubehagelige overraskelser nu ikke l\u00e6ngere et problem.<\/span><\/p>\n<div id=\"weath-2335606938\" style=\"margin-top: 15px;margin-right: auto;margin-bottom: 35px;margin-left: auto;text-align: center;\"><script async src=\"\/\/pagead2.googlesyndication.com\/pagead\/js\/adsbygoogle.js?client=ca-pub-8960936133935804\" crossorigin=\"anonymous\"><\/script><ins class=\"adsbygoogle\" style=\"display:block;\" data-ad-client=\"ca-pub-8960936133935804\" \ndata-ad-slot=\"1963584050\" \ndata-ad-format=\"auto\"><\/ins>\n<script> \n(adsbygoogle = window.adsbygoogle || []).push({}); \n<\/script>\n<\/div>\n<h2 style=\"text-align: center;\"><span style=\"color: #f59800;\"><b>Hvor truer stormene? &#8211; S\u00e5dan l\u00e6ser du stormkortet og fortolker stormprognosen:<\/b><\/span><\/h2>\n<p><span style=\"font-weight: 400;\">Stormradaren informerer dig om truende voldsomt vejr i dit omr\u00e5de op til 48 timer i forvejen. Disse advarsler (markeret med gult) signalerer en \u00f8get risiko for voldsomt vejr, men stormens intensitet og udbredelse kan endnu ikke forudsiges n\u00f8jagtigt. F\u00f8rst n\u00e5r et omr\u00e5de bliver orange, r\u00f8dt eller lilla (violet), er der akut risiko for voldsomt vejr. I dette tilf\u00e6lde er det n\u00f8dvendigt at handle: Find straks et sikkert ly og bring dine ejendele, der befinder sig udenfor, i sikkerhed. P\u00e5 denne m\u00e5de vil du fra nu af ikke blive slemt overrasket af en storm om natten.<\/span><\/p>\n<p><span style=\"font-weight: 400;\">I \u00f8vrigt: Hvis du vil have en detaljeret oversigt over de forskellige regioner, skal du blot klikke p\u00e5 kortene fra centret for uvejr. Du vil s\u00e5 straks blive omdirigeret til hjemmesiden for centret for uvejr. For prognoser om <span style=\"color: #000000;\">skyd\u00e6kke og nedb\u00f8r<\/span> skal du blot bruge vores <span style=\"color: #919191;\"><strong>kort over skyd\u00e6kke<\/strong><\/span> og <span style=\"color: #1950fe;\"><strong><a style=\"color: #1950fe;\" href=\"https:\/\/weather-radar-live.com\/da\/regnradar\/\">regnradar<\/a><\/strong><\/span>.<\/span><\/p>\n<div id=\"weath-658507371\" style=\"margin-top: 15px;margin-right: auto;margin-bottom: 40px;margin-left: auto;text-align: center;\"><script async src=\"\/\/pagead2.googlesyndication.com\/pagead\/js\/adsbygoogle.js?client=ca-pub-8960936133935804\" crossorigin=\"anonymous\"><\/script><ins class=\"adsbygoogle\" style=\"display:block;\" data-ad-client=\"ca-pub-8960936133935804\" \ndata-ad-slot=\"6172817020\" \ndata-ad-format=\"auto\"><\/ins>\n<script> \n(adsbygoogle = window.adsbygoogle || []).push({}); \n<\/script>\n<\/div>\n<h2 style=\"text-align: center;\"><span style=\"color: #f59800;\"><b>Vind radar &#8211; Det er ikke kun voldsomt vejr, der kan v\u00e6re farligt!<\/b><\/span><\/h2>\n\n\n<p>Ud over et uvejr kan st\u00e6rk <strong><a href=\"https:\/\/winddenmark.dk\/tal-fakta\/fakta-om-vind-danmark\" target=\"_blank\" rel=\"noreferrer noopener\">vind<\/a><\/strong> eller et stormlav uden annonceret nedb\u00f8r hurtigt blive en fare for dig og dine omgivelser. For at v\u00e6re forberedt p\u00e5 en forest\u00e5ende storm fra nu af, tilbyder vi dig et overblik over de aktuelle vindstyrker og vindretninger med vores stormradar.<\/p>\n\n\n\n<iframe loading=\"lazy\" width=\"1300\" height=\"600\" src=\"https:\/\/embed.windy.com\/embed2.html?lat=56.164&amp;lon=10.602&amp;detailLat=56.550&amp;detailLon=14.140&amp;width=1300&amp;height=600&amp;zoom=7&amp;level=surface&amp;overlay=wind&amp;product=ecmwf&amp;menu=&amp;message=true&amp;marker=&amp;calendar=now&amp;pressure=&amp;type=map&amp;location=coordinates&amp;detail=&amp;metricWind=default&amp;metricTemp=default&amp;radarRange=-1\" frameborder=\"0\"><\/iframe>\n\n\n<h2>&nbsp;<\/h2>\n<h2 style=\"text-align: center;\"><span style=\"color: #f59800;\"><b>Hvor vil det bl\u00e6se? &#8211; S\u00e5dan kan du afl\u00e6se en vindradar:<\/b><\/span><\/h2>\n<p><span style=\"font-weight: 400;\">P\u00e5 stormkortet vises vindstyrken i km\/t og vindretningen ved hj\u00e6lp af dynamiske hvide tr\u00e6klinjer. L\u00e6ngden og hastigheden af disse tr\u00e6klinjer angiver vindstyrken. Du kan ogs\u00e5 afl\u00e6se vindstyrken ved hj\u00e6lp af kortets farvel\u00e6gning: Mens bl\u00e5-gr\u00f8nne farvede omr\u00e5der d\u00e6kker hastigheder p\u00e5 op til 35 km\/t, angiver r\u00f8d-lilla farvede omr\u00e5der <a href=\"https:\/\/weather-radar-live.com\/da\/tornado-radar\/\"><strong><span style=\"color: #f59800;\">h\u00f8je vindhastigheder<\/span><\/strong><\/a> (40 km\/h og derover). P\u00e5 denne m\u00e5de giver vores stormradar dig til enhver tid et overblik over de aktuelle vindhastigheder i forskellige regioner.<\/span><\/p>","protected":false},"excerpt":{"rendered":"<p>Storm radar &#8211; din aktuelle og p\u00e5lidelige prognose for uvejr Med vores storm radar kan du hurtigt se, om du kan forvente voldsomt vejr i din region. Uanset om det er i Danmark eller i andre lande i verden: Med vores stormprognose og stormkort f\u00e5r du oplysninger om stormstyrke (m\u00e5lt af regnintensitet), st\u00f8rrelsen, antallet af &#8230; <a title=\"Storm radar\" class=\"read-more\" href=\"https:\/\/weather-radar-live.com\/da\/storm-radar\/\" aria-label=\"Read more about Storm radar\">L\u00e6s mere <\/a><\/p>\n","protected":false},"author":1,"featured_media":2751,"parent":0,"menu_order":0,"comment_status":"closed","ping_status":"closed","template":"","meta":{"footnotes":""},"class_list":["post-1718","page","type-page","status-publish","has-post-thumbnail"],"yoast_head":"<!-- This site is optimized with the Yoast SEO plugin v27.5 - https:\/\/yoast.com\/product\/yoast-seo-wordpress\/ -->\n<title>Storm \u26a1 Stormradar og vindradar LIVE: Hvor er stormene?<\/title>\n<meta name=\"description\" content=\"Stormradar | Vindradar LIVE: Find ud af, om du er ber\u00f8rt af en storm \u2714\ufe0f aktuelt stormkort + stormprognose! \u26a1\" \/>\n<meta name=\"robots\" content=\"index, follow, max-snippet:-1, max-image-preview:large, max-video-preview:-1\" \/>\n<link rel=\"canonical\" href=\"https:\/\/weather-radar-live.com\/da\/storm-radar\/\" \/>\n<meta property=\"og:locale\" content=\"da_DK\" \/>\n<meta property=\"og:type\" content=\"article\" \/>\n<meta property=\"og:title\" content=\"Storm \u26a1 Stormradar og vindradar LIVE: Hvor er stormene?\" \/>\n<meta property=\"og:description\" content=\"Stormradar | Vindradar LIVE: Find ud af, om du er ber\u00f8rt af en storm \u2714\ufe0f aktuelt stormkort + stormprognose! \u26a1\" \/>\n<meta property=\"og:url\" content=\"https:\/\/weather-radar-live.com\/da\/storm-radar\/\" \/>\n<meta property=\"og:site_name\" content=\"weather-radar-live.com\" \/>\n<meta property=\"article:modified_time\" content=\"2022-02-10T12:28:44+00:00\" \/>\n<meta property=\"og:image\" content=\"https:\/\/weather-radar-live.com\/wp-content\/uploads\/2021\/02\/Storm-radar.jpg\" \/>\n\t<meta property=\"og:image:width\" content=\"1897\" \/>\n\t<meta property=\"og:image:height\" content=\"458\" \/>\n\t<meta property=\"og:image:type\" content=\"image\/jpeg\" \/>\n<meta name=\"twitter:card\" content=\"summary_large_image\" \/>\n<meta name=\"twitter:label1\" content=\"Estimeret l\u00e6setid\" \/>\n\t<meta name=\"twitter:data1\" content=\"4 minutter\" \/>\n<script type=\"application\/ld+json\" class=\"yoast-schema-graph\">{\"@context\":\"https:\\\/\\\/schema.org\",\"@graph\":[{\"@type\":\"WebPage\",\"@id\":\"https:\\\/\\\/weather-radar-live.com\\\/da\\\/storm-radar\\\/\",\"url\":\"https:\\\/\\\/weather-radar-live.com\\\/da\\\/storm-radar\\\/\",\"name\":\"Storm \u26a1 Stormradar og vindradar LIVE: Hvor er stormene?\",\"isPartOf\":{\"@id\":\"https:\\\/\\\/weather-radar-live.com\\\/#website\"},\"primaryImageOfPage\":{\"@id\":\"https:\\\/\\\/weather-radar-live.com\\\/da\\\/storm-radar\\\/#primaryimage\"},\"image\":{\"@id\":\"https:\\\/\\\/weather-radar-live.com\\\/da\\\/storm-radar\\\/#primaryimage\"},\"thumbnailUrl\":\"https:\\\/\\\/weather-radar-live.com\\\/wp-content\\\/uploads\\\/2021\\\/02\\\/Storm-radar.jpg\",\"datePublished\":\"2021-11-17T08:13:31+00:00\",\"dateModified\":\"2022-02-10T12:28:44+00:00\",\"description\":\"Stormradar | Vindradar LIVE: Find ud af, om du er ber\u00f8rt af en storm \u2714\ufe0f aktuelt stormkort + stormprognose! \u26a1\",\"breadcrumb\":{\"@id\":\"https:\\\/\\\/weather-radar-live.com\\\/da\\\/storm-radar\\\/#breadcrumb\"},\"inLanguage\":\"da-DK\",\"potentialAction\":[{\"@type\":\"ReadAction\",\"target\":[\"https:\\\/\\\/weather-radar-live.com\\\/da\\\/storm-radar\\\/\"]}]},{\"@type\":\"ImageObject\",\"inLanguage\":\"da-DK\",\"@id\":\"https:\\\/\\\/weather-radar-live.com\\\/da\\\/storm-radar\\\/#primaryimage\",\"url\":\"https:\\\/\\\/weather-radar-live.com\\\/wp-content\\\/uploads\\\/2021\\\/02\\\/Storm-radar.jpg\",\"contentUrl\":\"https:\\\/\\\/weather-radar-live.com\\\/wp-content\\\/uploads\\\/2021\\\/02\\\/Storm-radar.jpg\",\"width\":1897,\"height\":458},{\"@type\":\"BreadcrumbList\",\"@id\":\"https:\\\/\\\/weather-radar-live.com\\\/da\\\/storm-radar\\\/#breadcrumb\",\"itemListElement\":[{\"@type\":\"ListItem\",\"position\":1,\"name\":\"Weather Radar Live\",\"item\":\"https:\\\/\\\/weather-radar-live.com\\\/da\\\/\"},{\"@type\":\"ListItem\",\"position\":2,\"name\":\"Storm radar\"}]},{\"@type\":\"WebSite\",\"@id\":\"https:\\\/\\\/weather-radar-live.com\\\/#website\",\"url\":\"https:\\\/\\\/weather-radar-live.com\\\/\",\"name\":\"weather-radar-live.com\",\"description\":\"Your weather and sky radar.\",\"publisher\":{\"@id\":\"https:\\\/\\\/weather-radar-live.com\\\/#organization\"},\"potentialAction\":[{\"@type\":\"SearchAction\",\"target\":{\"@type\":\"EntryPoint\",\"urlTemplate\":\"https:\\\/\\\/weather-radar-live.com\\\/?s={search_term_string}\"},\"query-input\":{\"@type\":\"PropertyValueSpecification\",\"valueRequired\":true,\"valueName\":\"search_term_string\"}}],\"inLanguage\":\"da-DK\"},{\"@type\":\"Organization\",\"@id\":\"https:\\\/\\\/weather-radar-live.com\\\/#organization\",\"name\":\"weather-radar-live.com\",\"url\":\"https:\\\/\\\/weather-radar-live.com\\\/\",\"logo\":{\"@type\":\"ImageObject\",\"inLanguage\":\"da-DK\",\"@id\":\"https:\\\/\\\/weather-radar-live.com\\\/#\\\/schema\\\/logo\\\/image\\\/\",\"url\":\"https:\\\/\\\/weather-radar-live.com\\\/wp-content\\\/uploads\\\/2022\\\/03\\\/cropped-WRL2503.png\",\"contentUrl\":\"https:\\\/\\\/weather-radar-live.com\\\/wp-content\\\/uploads\\\/2022\\\/03\\\/cropped-WRL2503.png\",\"width\":1920,\"height\":555,\"caption\":\"weather-radar-live.com\"},\"image\":{\"@id\":\"https:\\\/\\\/weather-radar-live.com\\\/#\\\/schema\\\/logo\\\/image\\\/\"}}]}<\/script>\n<!-- \/ Yoast SEO plugin. -->","yoast_head_json":{"title":"Storm \u26a1 Stormradar og vindradar LIVE: Hvor er stormene?","description":"Stormradar | Vindradar LIVE: Find ud af, om du er ber\u00f8rt af en storm \u2714\ufe0f aktuelt stormkort + stormprognose! \u26a1","robots":{"index":"index","follow":"follow","max-snippet":"max-snippet:-1","max-image-preview":"max-image-preview:large","max-video-preview":"max-video-preview:-1"},"canonical":"https:\/\/weather-radar-live.com\/da\/storm-radar\/","og_locale":"da_DK","og_type":"article","og_title":"Storm \u26a1 Stormradar og vindradar LIVE: Hvor er stormene?","og_description":"Stormradar | Vindradar LIVE: Find ud af, om du er ber\u00f8rt af en storm \u2714\ufe0f aktuelt stormkort + stormprognose! \u26a1","og_url":"https:\/\/weather-radar-live.com\/da\/storm-radar\/","og_site_name":"weather-radar-live.com","article_modified_time":"2022-02-10T12:28:44+00:00","og_image":[{"width":1897,"height":458,"url":"https:\/\/weather-radar-live.com\/wp-content\/uploads\/2021\/02\/Storm-radar.jpg","type":"image\/jpeg"}],"twitter_card":"summary_large_image","twitter_misc":{"Estimeret l\u00e6setid":"4 minutter"},"schema":{"@context":"https:\/\/schema.org","@graph":[{"@type":"WebPage","@id":"https:\/\/weather-radar-live.com\/da\/storm-radar\/","url":"https:\/\/weather-radar-live.com\/da\/storm-radar\/","name":"Storm \u26a1 Stormradar og vindradar LIVE: Hvor er stormene?","isPartOf":{"@id":"https:\/\/weather-radar-live.com\/#website"},"primaryImageOfPage":{"@id":"https:\/\/weather-radar-live.com\/da\/storm-radar\/#primaryimage"},"image":{"@id":"https:\/\/weather-radar-live.com\/da\/storm-radar\/#primaryimage"},"thumbnailUrl":"https:\/\/weather-radar-live.com\/wp-content\/uploads\/2021\/02\/Storm-radar.jpg","datePublished":"2021-11-17T08:13:31+00:00","dateModified":"2022-02-10T12:28:44+00:00","description":"Stormradar | Vindradar LIVE: Find ud af, om du er ber\u00f8rt af en storm \u2714\ufe0f aktuelt stormkort + stormprognose! \u26a1","breadcrumb":{"@id":"https:\/\/weather-radar-live.com\/da\/storm-radar\/#breadcrumb"},"inLanguage":"da-DK","potentialAction":[{"@type":"ReadAction","target":["https:\/\/weather-radar-live.com\/da\/storm-radar\/"]}]},{"@type":"ImageObject","inLanguage":"da-DK","@id":"https:\/\/weather-radar-live.com\/da\/storm-radar\/#primaryimage","url":"https:\/\/weather-radar-live.com\/wp-content\/uploads\/2021\/02\/Storm-radar.jpg","contentUrl":"https:\/\/weather-radar-live.com\/wp-content\/uploads\/2021\/02\/Storm-radar.jpg","width":1897,"height":458},{"@type":"BreadcrumbList","@id":"https:\/\/weather-radar-live.com\/da\/storm-radar\/#breadcrumb","itemListElement":[{"@type":"ListItem","position":1,"name":"Weather Radar Live","item":"https:\/\/weather-radar-live.com\/da\/"},{"@type":"ListItem","position":2,"name":"Storm radar"}]},{"@type":"WebSite","@id":"https:\/\/weather-radar-live.com\/#website","url":"https:\/\/weather-radar-live.com\/","name":"weather-radar-live.com","description":"Your weather and sky radar.","publisher":{"@id":"https:\/\/weather-radar-live.com\/#organization"},"potentialAction":[{"@type":"SearchAction","target":{"@type":"EntryPoint","urlTemplate":"https:\/\/weather-radar-live.com\/?s={search_term_string}"},"query-input":{"@type":"PropertyValueSpecification","valueRequired":true,"valueName":"search_term_string"}}],"inLanguage":"da-DK"},{"@type":"Organization","@id":"https:\/\/weather-radar-live.com\/#organization","name":"weather-radar-live.com","url":"https:\/\/weather-radar-live.com\/","logo":{"@type":"ImageObject","inLanguage":"da-DK","@id":"https:\/\/weather-radar-live.com\/#\/schema\/logo\/image\/","url":"https:\/\/weather-radar-live.com\/wp-content\/uploads\/2022\/03\/cropped-WRL2503.png","contentUrl":"https:\/\/weather-radar-live.com\/wp-content\/uploads\/2022\/03\/cropped-WRL2503.png","width":1920,"height":555,"caption":"weather-radar-live.com"},"image":{"@id":"https:\/\/weather-radar-live.com\/#\/schema\/logo\/image\/"}}]}},"_links":{"self":[{"href":"https:\/\/weather-radar-live.com\/da\/wp-json\/wp\/v2\/pages\/1718","targetHints":{"allow":["GET"]}}],"collection":[{"href":"https:\/\/weather-radar-live.com\/da\/wp-json\/wp\/v2\/pages"}],"about":[{"href":"https:\/\/weather-radar-live.com\/da\/wp-json\/wp\/v2\/types\/page"}],"author":[{"embeddable":true,"href":"https:\/\/weather-radar-live.com\/da\/wp-json\/wp\/v2\/users\/1"}],"replies":[{"embeddable":true,"href":"https:\/\/weather-radar-live.com\/da\/wp-json\/wp\/v2\/comments?post=1718"}],"version-history":[{"count":11,"href":"https:\/\/weather-radar-live.com\/da\/wp-json\/wp\/v2\/pages\/1718\/revisions"}],"predecessor-version":[{"id":3124,"href":"https:\/\/weather-radar-live.com\/da\/wp-json\/wp\/v2\/pages\/1718\/revisions\/3124"}],"wp:featuredmedia":[{"embeddable":true,"href":"https:\/\/weather-radar-live.com\/da\/wp-json\/wp\/v2\/media\/2751"}],"wp:attachment":[{"href":"https:\/\/weather-radar-live.com\/da\/wp-json\/wp\/v2\/media?parent=1718"}],"curies":[{"name":"wp","href":"https:\/\/api.w.org\/{rel}","templated":true}]}}